{"id":1059096,"date":"2026-04-17T09:08:47","date_gmt":"2026-04-17T07:08:47","guid":{"rendered":"https:\/\/stilanddesign.se\/?post_type=product&#038;p=1059096"},"modified":"2026-04-19T09:50:50","modified_gmt":"2026-04-19T07:50:50","slug":"%f0%9f%91%96-jeans-fran-toxik-raka-ben-trendiga-fickor-%e2%9c%a8","status":"publish","type":"product","link":"https:\/\/stilanddesign.se\/en\/product\/%f0%9f%91%96-jeans-fran-toxik-raka-ben-trendiga-fickor-%e2%9c%a8\/","title":{"rendered":"\ud83d\udc56 Jeans from Toxik \u2013 straight legs &amp; trendy pockets \u2728"},"content":{"rendered":"<p data-start=\"92\" data-end=\"148\">\ud83d\udc56 <strong data-start=\"95\" data-end=\"144\">Jeans from Toxik \u2013 straight legs &amp; trendy pockets<\/strong> \u2728<\/p>\n<p data-start=\"150\" data-end=\"367\">Stylish and comfortable jeans from <strong data-start=\"182\" data-end=\"197\">Toxic Paris<\/strong> with <strong data-start=\"202\" data-end=\"214\">straight legs<\/strong> which gives a modern and timeless silhouette \ud83d\udc99<br data-start=\"255\" data-end=\"258\" \/>Designed with <strong data-start=\"272\" data-end=\"294\">trendy back pockets<\/strong> and a stylish fit that works just as well for everyday wear as for parties \ud83d\udc4c<\/p>\n<p data-start=\"369\" data-end=\"484\">\u2728 Classic jeans look<br data-start=\"389\" data-end=\"392\" \/>\u2728 Straight legs \u2013 always right<br data-start=\"416\" data-end=\"419\" \/>\u2728 Stylish, trendy back pockets<br data-start=\"448\" data-end=\"451\" \/>\u2728 Comfortable fit with good stretch<\/p>\n<p data-start=\"486\" data-end=\"570\">Perfect to style with knitwear \ud83e\uddf6, blouse \ud83d\udc5a or jacket for a more dressed-up look \ud83d\udcab<\/p>\n<p data-start=\"572\" data-end=\"684\">\ud83d\udccf <strong data-start=\"575\" data-end=\"589\">Sizes:<\/strong> S\u2013L (or as labeled)<br data-start=\"617\" data-end=\"620\" \/>\ud83e\uddf5 <strong data-start=\"623\" data-end=\"636\">Material:<\/strong> Stretch denim<br data-start=\"654\" data-end=\"657\" \/>\ud83d\udc56 <strong data-start=\"660\" data-end=\"670\">Make:<\/strong> Toxic Paris<\/p>\n<p data-start=\"686\" data-end=\"715\" data-is-last-node=\"\" data-is-only-node=\"\">A must-have in your wardrobe! \ud83d\ude0d\ud83d\udecd\ufe0f<\/p>","protected":false},"excerpt":{"rendered":"<p data-start=\"92\" data-end=\"148\">\ud83d\udc56 <strong data-start=\"95\" data-end=\"144\">Jeans from Toxik \u2013 straight legs &amp; trendy pockets<\/strong> \u2728<\/p>\n<p data-start=\"150\" data-end=\"367\">Stylish and comfortable jeans from <strong data-start=\"182\" data-end=\"197\">Toxic Paris<\/strong> with <strong data-start=\"202\" data-end=\"214\">straight legs<\/strong> which gives a modern and timeless silhouette \ud83d\udc99<br data-start=\"255\" data-end=\"258\" \/>Designed with <strong data-start=\"272\" data-end=\"294\">trendy back pockets<\/strong> and a stylish fit that works just as well for everyday wear as for parties \ud83d\udc4c<\/p>\n<p data-start=\"369\" data-end=\"484\">\u2728 Classic jeans look<br data-start=\"389\" data-end=\"392\" \/>\u2728 Straight legs \u2013 always right<br data-start=\"416\" data-end=\"419\" \/>\u2728 Stylish, trendy back pockets<br data-start=\"448\" data-end=\"451\" \/>\u2728 Comfortable fit with good stretch<\/p>\n<p data-start=\"486\" data-end=\"570\">Perfect to style with knitwear \ud83e\uddf6, blouse \ud83d\udc5a or jacket for a more dressed-up look \ud83d\udcab<\/p>\n<p data-start=\"572\" data-end=\"684\">\ud83d\udccf <strong data-start=\"575\" data-end=\"589\">Sizes:<\/strong> S\u2013L (or as labeled)<br data-start=\"617\" data-end=\"620\" \/>\ud83e\uddf5 <strong data-start=\"623\" data-end=\"636\">Material:<\/strong> Stretch denim<br data-start=\"654\" data-end=\"657\" \/>\ud83d\udc56 <strong data-start=\"660\" data-end=\"670\">Make:<\/strong> Toxic Paris<\/p>\n<p data-start=\"686\" data-end=\"715\" data-is-last-node=\"\" data-is-only-node=\"\">A must-have in your wardrobe! \ud83d\ude0d\ud83d\udecd\ufe0f<\/p>","protected":false},"featured_media":1059103,"comment_status":"closed","ping_status":"closed","template":"","meta":[],"product_brand":[],"product_cat":[209],"product_tag":[],"class_list":{"0":"post-1059096","1":"product","2":"type-product","3":"status-publish","4":"has-post-thumbnail","6":"product_cat-reaprodukter","8":"first","9":"instock","10":"sale","11":"taxable","12":"shipping-taxable","13":"purchasable","14":"product-type-variable"},"yoast_head":"<!-- This site is optimized with the Yoast SEO Premium plugin v27.4 (Yoast SEO v27.4) - https:\/\/yoast.com\/product\/yoast-seo-premium-wordpress\/ -->\n<title>\ud83d\udc56 Jeans fr\u00e5n Toxik \u2013 raka ben &amp; trendiga fickor \u2728 - Stil &amp; Design<\/title>\n<meta name=\"robots\" content=\"index, follow, max-snippet:-1, max-image-preview:large, max-video-preview:-1\" \/>\n<link rel=\"canonical\" href=\"https:\/\/stilanddesign.se\/en\/product\/\ud83d\udc56-jeans-fran-toxik-raka-ben-trendiga-fickor-\u2728\/\" \/>\n<meta property=\"og:locale\" content=\"en_US\" \/>\n<meta property=\"og:type\" content=\"article\" \/>\n<meta property=\"og:title\" content=\"\ud83d\udc56 Jeans fr\u00e5n Toxik \u2013 raka ben &amp; trendiga fickor \u2728\" \/>\n<meta property=\"og:description\" content=\"\ud83d\udc56 Jeans fr\u00e5n Toxik \u2013 raka ben &amp; trendiga fickor \u2728 Stilrena och bekv\u00e4ma jeans fr\u00e5n Toxik Paris med raka ben som ger en modern och tidl\u00f6s silhuett \ud83d\udc99Designade med trendiga bakfickor och en snygg passform som funkar lika bra till vardag som till fest \ud83d\udc4c \u2728 Klassisk jeanslook\u2728 Raka ben \u2013 alltid r\u00e4tt\u2728 Snygga, trendiga fickor bak\u2728 Sk\u00f6n passform med bra stretch Perfekta att styla med stickat \ud83e\uddf6, blus \ud83d\udc5a eller kavaj f\u00f6r en mer uppkl\u00e4dd look \ud83d\udcab \ud83d\udccf Storlekar: S\u2013L (eller enligt m\u00e4rkning)\ud83e\uddf5 Material: Denim med stretch\ud83d\udc56 M\u00e4rke: Toxik Paris Ett m\u00e5ste i garderoben! \ud83d\ude0d\ud83d\udecd\ufe0f\" \/>\n<meta property=\"og:url\" content=\"https:\/\/stilanddesign.se\/en\/product\/\ud83d\udc56-jeans-fran-toxik-raka-ben-trendiga-fickor-\u2728\/\" \/>\n<meta property=\"og:site_name\" content=\"Stil &amp; Design\" \/>\n<meta property=\"article:modified_time\" content=\"2026-04-19T07:50:50+00:00\" \/>\n<meta property=\"og:image\" content=\"https:\/\/stilanddesign.se\/wp-content\/uploads\/2025\/12\/IMG_2554-scaled.jpeg\" \/>\n\t<meta property=\"og:image:width\" content=\"1541\" \/>\n\t<meta property=\"og:image:height\" content=\"2560\" \/>\n\t<meta property=\"og:image:type\" content=\"image\/jpeg\" \/>\n<meta name=\"twitter:card\" content=\"summary_large_image\" \/>\n<meta name=\"twitter:label1\" content=\"Est. reading time\" \/>\n\t<meta name=\"twitter:data1\" content=\"1 minute\" \/>\n<script type=\"application\/ld+json\" class=\"yoast-schema-graph\">{\"@context\":\"https:\\\/\\\/schema.org\",\"@graph\":[{\"@type\":\"WebPage\",\"@id\":\"https:\\\/\\\/stilanddesign.se\\\/produkt\\\/%f0%9f%91%96-jeans-fran-toxik-raka-ben-trendiga-fickor-%e2%9c%a8\\\/\",\"url\":\"https:\\\/\\\/stilanddesign.se\\\/produkt\\\/%f0%9f%91%96-jeans-fran-toxik-raka-ben-trendiga-fickor-%e2%9c%a8\\\/\",\"name\":\"\ud83d\udc56 Jeans fr\u00e5n Toxik \u2013 raka ben & trendiga fickor \u2728 - Stil &amp; Design\",\"isPartOf\":{\"@id\":\"https:\\\/\\\/stilanddesign.se\\\/#website\"},\"primaryImageOfPage\":{\"@id\":\"https:\\\/\\\/stilanddesign.se\\\/produkt\\\/%f0%9f%91%96-jeans-fran-toxik-raka-ben-trendiga-fickor-%e2%9c%a8\\\/#primaryimage\"},\"image\":{\"@id\":\"https:\\\/\\\/stilanddesign.se\\\/produkt\\\/%f0%9f%91%96-jeans-fran-toxik-raka-ben-trendiga-fickor-%e2%9c%a8\\\/#primaryimage\"},\"thumbnailUrl\":\"https:\\\/\\\/stilanddesign.se\\\/wp-content\\\/uploads\\\/2025\\\/12\\\/IMG_2554-scaled.jpeg\",\"datePublished\":\"2026-04-17T07:08:47+00:00\",\"dateModified\":\"2026-04-19T07:50:50+00:00\",\"breadcrumb\":{\"@id\":\"https:\\\/\\\/stilanddesign.se\\\/produkt\\\/%f0%9f%91%96-jeans-fran-toxik-raka-ben-trendiga-fickor-%e2%9c%a8\\\/#breadcrumb\"},\"inLanguage\":\"en-US\",\"potentialAction\":[{\"@type\":\"ReadAction\",\"target\":[\"https:\\\/\\\/stilanddesign.se\\\/produkt\\\/%f0%9f%91%96-jeans-fran-toxik-raka-ben-trendiga-fickor-%e2%9c%a8\\\/\"]}]},{\"@type\":\"ImageObject\",\"inLanguage\":\"en-US\",\"@id\":\"https:\\\/\\\/stilanddesign.se\\\/produkt\\\/%f0%9f%91%96-jeans-fran-toxik-raka-ben-trendiga-fickor-%e2%9c%a8\\\/#primaryimage\",\"url\":\"https:\\\/\\\/stilanddesign.se\\\/wp-content\\\/uploads\\\/2025\\\/12\\\/IMG_2554-scaled.jpeg\",\"contentUrl\":\"https:\\\/\\\/stilanddesign.se\\\/wp-content\\\/uploads\\\/2025\\\/12\\\/IMG_2554-scaled.jpeg\",\"width\":1541,\"height\":2560},{\"@type\":\"BreadcrumbList\",\"@id\":\"https:\\\/\\\/stilanddesign.se\\\/produkt\\\/%f0%9f%91%96-jeans-fran-toxik-raka-ben-trendiga-fickor-%e2%9c%a8\\\/#breadcrumb\",\"itemListElement\":[{\"@type\":\"ListItem\",\"position\":1,\"name\":\"Hem\",\"item\":\"https:\\\/\\\/stilanddesign.se\\\/\"},{\"@type\":\"ListItem\",\"position\":2,\"name\":\"Butiken\",\"item\":\"https:\\\/\\\/stilanddesign.se\\\/butiken\\\/\"},{\"@type\":\"ListItem\",\"position\":3,\"name\":\"\ud83d\udc56 Jeans fr\u00e5n Toxik \u2013 raka ben &#038; trendiga fickor \u2728\"}]},{\"@type\":\"WebSite\",\"@id\":\"https:\\\/\\\/stilanddesign.se\\\/#website\",\"url\":\"https:\\\/\\\/stilanddesign.se\\\/\",\"name\":\"Stil &amp; Design\",\"description\":\"F\u00f6r oss som \u00e4lskar mode!\",\"publisher\":{\"@id\":\"https:\\\/\\\/stilanddesign.se\\\/#organization\"},\"potentialAction\":[{\"@type\":\"SearchAction\",\"target\":{\"@type\":\"EntryPoint\",\"urlTemplate\":\"https:\\\/\\\/stilanddesign.se\\\/?s={search_term_string}\"},\"query-input\":{\"@type\":\"PropertyValueSpecification\",\"valueRequired\":true,\"valueName\":\"search_term_string\"}}],\"inLanguage\":\"en-US\"},{\"@type\":\"Organization\",\"@id\":\"https:\\\/\\\/stilanddesign.se\\\/#organization\",\"name\":\"Stil &amp; Design\",\"url\":\"https:\\\/\\\/stilanddesign.se\\\/\",\"logo\":{\"@type\":\"ImageObject\",\"inLanguage\":\"en-US\",\"@id\":\"https:\\\/\\\/stilanddesign.se\\\/#\\\/schema\\\/logo\\\/image\\\/\",\"url\":\"https:\\\/\\\/stilanddesign.se\\\/wp-content\\\/uploads\\\/2023\\\/12\\\/output-onlinepngtools-e1727784413220.png\",\"contentUrl\":\"https:\\\/\\\/stilanddesign.se\\\/wp-content\\\/uploads\\\/2023\\\/12\\\/output-onlinepngtools-e1727784413220.png\",\"width\":519,\"height\":135,\"caption\":\"Stil &amp; Design\"},\"image\":{\"@id\":\"https:\\\/\\\/stilanddesign.se\\\/#\\\/schema\\\/logo\\\/image\\\/\"}}]}<\/script>\n<!-- \/ Yoast SEO Premium plugin. -->","yoast_head_json":{"title":"\ud83d\udc56 Jeans fr\u00e5n Toxik \u2013 raka ben & trendiga fickor \u2728 - Stil &amp; Design","robots":{"index":"index","follow":"follow","max-snippet":"max-snippet:-1","max-image-preview":"max-image-preview:large","max-video-preview":"max-video-preview:-1"},"canonical":"https:\/\/stilanddesign.se\/en\/product\/\ud83d\udc56-jeans-fran-toxik-raka-ben-trendiga-fickor-\u2728\/","og_locale":"en_US","og_type":"article","og_title":"\ud83d\udc56 Jeans fr\u00e5n Toxik \u2013 raka ben & trendiga fickor \u2728","og_description":"\ud83d\udc56 Jeans fr\u00e5n Toxik \u2013 raka ben &amp; trendiga fickor \u2728 Stilrena och bekv\u00e4ma jeans fr\u00e5n Toxik Paris med raka ben som ger en modern och tidl\u00f6s silhuett \ud83d\udc99Designade med trendiga bakfickor och en snygg passform som funkar lika bra till vardag som till fest \ud83d\udc4c \u2728 Klassisk jeanslook\u2728 Raka ben \u2013 alltid r\u00e4tt\u2728 Snygga, trendiga fickor bak\u2728 Sk\u00f6n passform med bra stretch Perfekta att styla med stickat \ud83e\uddf6, blus \ud83d\udc5a eller kavaj f\u00f6r en mer uppkl\u00e4dd look \ud83d\udcab \ud83d\udccf Storlekar: S\u2013L (eller enligt m\u00e4rkning)\ud83e\uddf5 Material: Denim med stretch\ud83d\udc56 M\u00e4rke: Toxik Paris Ett m\u00e5ste i garderoben! \ud83d\ude0d\ud83d\udecd\ufe0f","og_url":"https:\/\/stilanddesign.se\/en\/product\/\ud83d\udc56-jeans-fran-toxik-raka-ben-trendiga-fickor-\u2728\/","og_site_name":"Stil &amp; Design","article_modified_time":"2026-04-19T07:50:50+00:00","og_image":[{"width":1541,"height":2560,"url":"https:\/\/stilanddesign.se\/wp-content\/uploads\/2025\/12\/IMG_2554-scaled.jpeg","type":"image\/jpeg"}],"twitter_card":"summary_large_image","twitter_misc":{"Est. reading time":"1 minute"},"schema":{"@context":"https:\/\/schema.org","@graph":[{"@type":"WebPage","@id":"https:\/\/stilanddesign.se\/produkt\/%f0%9f%91%96-jeans-fran-toxik-raka-ben-trendiga-fickor-%e2%9c%a8\/","url":"https:\/\/stilanddesign.se\/produkt\/%f0%9f%91%96-jeans-fran-toxik-raka-ben-trendiga-fickor-%e2%9c%a8\/","name":"\ud83d\udc56 Jeans fr\u00e5n Toxik \u2013 raka ben & trendiga fickor \u2728 - Stil &amp; Design","isPartOf":{"@id":"https:\/\/stilanddesign.se\/#website"},"primaryImageOfPage":{"@id":"https:\/\/stilanddesign.se\/produkt\/%f0%9f%91%96-jeans-fran-toxik-raka-ben-trendiga-fickor-%e2%9c%a8\/#primaryimage"},"image":{"@id":"https:\/\/stilanddesign.se\/produkt\/%f0%9f%91%96-jeans-fran-toxik-raka-ben-trendiga-fickor-%e2%9c%a8\/#primaryimage"},"thumbnailUrl":"https:\/\/stilanddesign.se\/wp-content\/uploads\/2025\/12\/IMG_2554-scaled.jpeg","datePublished":"2026-04-17T07:08:47+00:00","dateModified":"2026-04-19T07:50:50+00:00","breadcrumb":{"@id":"https:\/\/stilanddesign.se\/produkt\/%f0%9f%91%96-jeans-fran-toxik-raka-ben-trendiga-fickor-%e2%9c%a8\/#breadcrumb"},"inLanguage":"en-US","potentialAction":[{"@type":"ReadAction","target":["https:\/\/stilanddesign.se\/produkt\/%f0%9f%91%96-jeans-fran-toxik-raka-ben-trendiga-fickor-%e2%9c%a8\/"]}]},{"@type":"ImageObject","inLanguage":"en-US","@id":"https:\/\/stilanddesign.se\/produkt\/%f0%9f%91%96-jeans-fran-toxik-raka-ben-trendiga-fickor-%e2%9c%a8\/#primaryimage","url":"https:\/\/stilanddesign.se\/wp-content\/uploads\/2025\/12\/IMG_2554-scaled.jpeg","contentUrl":"https:\/\/stilanddesign.se\/wp-content\/uploads\/2025\/12\/IMG_2554-scaled.jpeg","width":1541,"height":2560},{"@type":"BreadcrumbList","@id":"https:\/\/stilanddesign.se\/produkt\/%f0%9f%91%96-jeans-fran-toxik-raka-ben-trendiga-fickor-%e2%9c%a8\/#breadcrumb","itemListElement":[{"@type":"ListItem","position":1,"name":"Hem","item":"https:\/\/stilanddesign.se\/"},{"@type":"ListItem","position":2,"name":"Butiken","item":"https:\/\/stilanddesign.se\/butiken\/"},{"@type":"ListItem","position":3,"name":"\ud83d\udc56 Jeans fr\u00e5n Toxik \u2013 raka ben &#038; trendiga fickor \u2728"}]},{"@type":"WebSite","@id":"https:\/\/stilanddesign.se\/#website","url":"https:\/\/stilanddesign.se\/","name":"Style &amp; Design","description":"For those of us who love fashion!","publisher":{"@id":"https:\/\/stilanddesign.se\/#organization"},"potentialAction":[{"@type":"SearchAction","target":{"@type":"EntryPoint","urlTemplate":"https:\/\/stilanddesign.se\/?s={search_term_string}"},"query-input":{"@type":"PropertyValueSpecification","valueRequired":true,"valueName":"search_term_string"}}],"inLanguage":"en-US"},{"@type":"Organization","@id":"https:\/\/stilanddesign.se\/#organization","name":"Style &amp; Design","url":"https:\/\/stilanddesign.se\/","logo":{"@type":"ImageObject","inLanguage":"en-US","@id":"https:\/\/stilanddesign.se\/#\/schema\/logo\/image\/","url":"https:\/\/stilanddesign.se\/wp-content\/uploads\/2023\/12\/output-onlinepngtools-e1727784413220.png","contentUrl":"https:\/\/stilanddesign.se\/wp-content\/uploads\/2023\/12\/output-onlinepngtools-e1727784413220.png","width":519,"height":135,"caption":"Stil &amp; Design"},"image":{"@id":"https:\/\/stilanddesign.se\/#\/schema\/logo\/image\/"}}]}},"_links":{"self":[{"href":"https:\/\/stilanddesign.se\/en\/wp-json\/wp\/v2\/product\/1059096","targetHints":{"allow":["GET"]}}],"collection":[{"href":"https:\/\/stilanddesign.se\/en\/wp-json\/wp\/v2\/product"}],"about":[{"href":"https:\/\/stilanddesign.se\/en\/wp-json\/wp\/v2\/types\/product"}],"replies":[{"embeddable":true,"href":"https:\/\/stilanddesign.se\/en\/wp-json\/wp\/v2\/comments?post=1059096"}],"wp:featuredmedia":[{"embeddable":true,"href":"https:\/\/stilanddesign.se\/en\/wp-json\/wp\/v2\/media\/1059103"}],"wp:attachment":[{"href":"https:\/\/stilanddesign.se\/en\/wp-json\/wp\/v2\/media?parent=1059096"}],"wp:term":[{"taxonomy":"product_brand","embeddable":true,"href":"https:\/\/stilanddesign.se\/en\/wp-json\/wp\/v2\/product_brand?post=1059096"},{"taxonomy":"product_cat","embeddable":true,"href":"https:\/\/stilanddesign.se\/en\/wp-json\/wp\/v2\/product_cat?post=1059096"},{"taxonomy":"product_tag","embeddable":true,"href":"https:\/\/stilanddesign.se\/en\/wp-json\/wp\/v2\/product_tag?post=1059096"}],"curies":[{"name":"wp","href":"https:\/\/api.w.org\/{rel}","templated":true}]}}