{"id":1059015,"date":"2025-12-19T08:30:31","date_gmt":"2025-12-19T07:30:31","guid":{"rendered":"https:\/\/stilanddesign.se\/?post_type=product&#038;p=1059015"},"modified":"2026-04-01T15:51:31","modified_gmt":"2026-04-01T13:51:31","slug":"%f0%9f%96%a4%f0%9f%a4%8e-eleganta-handskar-med-feminina-detaljer-%f0%9f%a4%8e%f0%9f%96%a4","status":"publish","type":"product","link":"https:\/\/stilanddesign.se\/en\/product\/%f0%9f%96%a4%f0%9f%a4%8e-eleganta-handskar-med-feminina-detaljer-%f0%9f%a4%8e%f0%9f%96%a4\/","title":{"rendered":"\ud83d\udda4\ud83e\udd0e Elegant gloves with feminine details \ud83e\udd0e\ud83d\udda4"},"content":{"rendered":"<p data-start=\"75\" data-end=\"130\">\ud83d\udda4\ud83e\udd0e <strong data-start=\"80\" data-end=\"123\">Elegant gloves with feminine details<\/strong> \ud83e\udd0e\ud83d\udda4<\/p>\n<p data-start=\"132\" data-end=\"388\">Stylish and warming gloves that will put the finishing touch on your fall and winter look \u2744\ufe0f\u2728<br data-start=\"223\" data-end=\"226\" \/>These gloves have a <strong data-start=\"248\" data-end=\"275\">soft, suede-like surface<\/strong> and one <strong data-start=\"283\" data-end=\"316\">beautiful bow with lace detail<\/strong> on the wrist \u2013 a perfect combination of classic and romantic \ud83d\udc95<\/p>\n<p data-start=\"390\" data-end=\"584\">Available in <strong data-start=\"398\" data-end=\"414\">timeless black<\/strong> \ud83d\udda4 and <strong data-start=\"422\" data-end=\"435\">warm brown<\/strong> \ud83e\udd0e \u2013 colors that are just as suitable for everyday life as for parties.<br data-start=\"494\" data-end=\"497\" \/>Perfect to wear with a coat, jacket or poncho for a chic and well-thought-out outfit \ud83c\udf1f<\/p>\n<p data-start=\"586\" data-end=\"714\">\ud83e\udde4 Soft &amp; comfortable<br data-start=\"604\" data-end=\"607\" \/>\ud83c\udf80 Stylish bow and lace detail<br data-start=\"639\" data-end=\"642\" \/>\ud83d\udda4\ud83e\udd0e Available in black and brown<br data-start=\"670\" data-end=\"673\" \/>\u2728 Elegant design that lifts the whole look<\/p>\n<p data-start=\"716\" data-end=\"799\" data-is-last-node=\"\" data-is-only-node=\"\">A must-have in your wardrobe when the cold weather creeps in \u2013 both practical and super stylish! \ud83d\udcab<\/p>","protected":false},"excerpt":{"rendered":"<p data-start=\"75\" data-end=\"130\">\ud83d\udda4\ud83e\udd0e <strong data-start=\"80\" data-end=\"123\">Elegant gloves with feminine details<\/strong> \ud83e\udd0e\ud83d\udda4<\/p>\n<p data-start=\"132\" data-end=\"388\">Stylish and warming gloves that will put the finishing touch on your fall and winter look \u2744\ufe0f\u2728<br data-start=\"223\" data-end=\"226\" \/>These gloves have a <strong data-start=\"248\" data-end=\"275\">soft, suede-like surface<\/strong> and one <strong data-start=\"283\" data-end=\"316\">beautiful bow with lace detail<\/strong> on the wrist \u2013 a perfect combination of classic and romantic \ud83d\udc95<\/p>\n<p data-start=\"390\" data-end=\"584\">Available in <strong data-start=\"398\" data-end=\"414\">timeless black<\/strong> \ud83d\udda4 and <strong data-start=\"422\" data-end=\"435\">warm brown<\/strong> \ud83e\udd0e \u2013 colors that are just as suitable for everyday life as for parties.<br data-start=\"494\" data-end=\"497\" \/>Perfect to wear with a coat, jacket or poncho for a chic and well-thought-out outfit \ud83c\udf1f<\/p>\n<p data-start=\"586\" data-end=\"714\">\ud83e\udde4 Soft &amp; comfortable<br data-start=\"604\" data-end=\"607\" \/>\ud83c\udf80 Stylish bow and lace detail<br data-start=\"639\" data-end=\"642\" \/>\ud83d\udda4\ud83e\udd0e Available in black and brown<br data-start=\"670\" data-end=\"673\" \/>\u2728 Elegant design that lifts the whole look<\/p>\n<p data-start=\"716\" data-end=\"799\" data-is-last-node=\"\" data-is-only-node=\"\">A must-have in your wardrobe when the cold weather creeps in \u2013 both practical and super stylish! \ud83d\udcab<\/p>","protected":false},"featured_media":1059018,"comment_status":"closed","ping_status":"closed","template":"","meta":[],"product_brand":[],"product_cat":[233],"product_tag":[],"class_list":{"0":"post-1059015","1":"product","2":"type-product","3":"status-publish","4":"has-post-thumbnail","6":"product_cat-vantar-accessoarer","8":"first","9":"instock","10":"taxable","11":"shipping-taxable","12":"purchasable","13":"product-type-variable"},"yoast_head":"<!-- This site is optimized with the Yoast SEO Premium plugin v27.4 (Yoast SEO v27.4) - https:\/\/yoast.com\/product\/yoast-seo-premium-wordpress\/ -->\n<title>\ud83d\udda4\ud83e\udd0e Eleganta handskar med feminina detaljer \ud83e\udd0e\ud83d\udda4 - Stil &amp; Design<\/title>\n<meta name=\"robots\" content=\"index, follow, max-snippet:-1, max-image-preview:large, max-video-preview:-1\" \/>\n<link rel=\"canonical\" href=\"https:\/\/stilanddesign.se\/en\/product\/\ud83d\udda4\ud83e\udd0e-eleganta-handskar-med-feminina-detaljer-\ud83e\udd0e\ud83d\udda4\/\" \/>\n<meta property=\"og:locale\" content=\"en_US\" \/>\n<meta property=\"og:type\" content=\"article\" \/>\n<meta property=\"og:title\" content=\"\ud83d\udda4\ud83e\udd0e Eleganta handskar med feminina detaljer \ud83e\udd0e\ud83d\udda4\" \/>\n<meta property=\"og:description\" content=\"\ud83d\udda4\ud83e\udd0e Eleganta handskar med feminina detaljer \ud83e\udd0e\ud83d\udda4 Stilrena och v\u00e4rmande handskar som s\u00e4tter pricken \u00f6ver i:et p\u00e5 din h\u00f6st- och vinterlook \u2744\ufe0f\u2728Dessa handskar har en mjuk, mockaliknande yta och en vacker rosett med spetsdetalj vid handleden \u2013 en perfekt kombination av klassiskt och romantiskt \ud83d\udc95 Finns i tidl\u00f6s svart \ud83d\udda4 och varm brun \ud83e\udd0e \u2013 f\u00e4rger som passar lika bra till vardag som till fest.Perfekta att b\u00e4ra till kappa, jacka eller poncho f\u00f6r en chic och genomt\u00e4nkt outfit \ud83c\udf1f \ud83e\udde4 Mjuka &amp; bekv\u00e4ma\ud83c\udf80 Snygg rosett- och spetsdetalj\ud83d\udda4\ud83e\udd0e Finns i svart och brunt\u2728 Elegant design som lyfter hela looken Ett m\u00e5ste i garderoben n\u00e4r kylan smyger sig p\u00e5 \u2013 b\u00e5de praktiska och supersnygga! \ud83d\udcab\" \/>\n<meta property=\"og:url\" content=\"https:\/\/stilanddesign.se\/en\/product\/\ud83d\udda4\ud83e\udd0e-eleganta-handskar-med-feminina-detaljer-\ud83e\udd0e\ud83d\udda4\/\" \/>\n<meta property=\"og:site_name\" content=\"Stil &amp; Design\" \/>\n<meta property=\"article:modified_time\" content=\"2026-04-01T13:51:31+00:00\" \/>\n<meta property=\"og:image\" content=\"https:\/\/stilanddesign.se\/wp-content\/uploads\/2025\/12\/IMG_2538-scaled.jpeg\" \/>\n\t<meta property=\"og:image:width\" content=\"1961\" \/>\n\t<meta property=\"og:image:height\" content=\"2560\" \/>\n\t<meta property=\"og:image:type\" content=\"image\/jpeg\" \/>\n<meta name=\"twitter:card\" content=\"summary_large_image\" \/>\n<meta name=\"twitter:label1\" content=\"Est. reading time\" \/>\n\t<meta name=\"twitter:data1\" content=\"1 minute\" \/>\n<script type=\"application\/ld+json\" class=\"yoast-schema-graph\">{\"@context\":\"https:\\\/\\\/schema.org\",\"@graph\":[{\"@type\":\"WebPage\",\"@id\":\"https:\\\/\\\/stilanddesign.se\\\/produkt\\\/%f0%9f%96%a4%f0%9f%a4%8e-eleganta-handskar-med-feminina-detaljer-%f0%9f%a4%8e%f0%9f%96%a4\\\/\",\"url\":\"https:\\\/\\\/stilanddesign.se\\\/produkt\\\/%f0%9f%96%a4%f0%9f%a4%8e-eleganta-handskar-med-feminina-detaljer-%f0%9f%a4%8e%f0%9f%96%a4\\\/\",\"name\":\"\ud83d\udda4\ud83e\udd0e Eleganta handskar med feminina detaljer \ud83e\udd0e\ud83d\udda4 - Stil &amp; Design\",\"isPartOf\":{\"@id\":\"https:\\\/\\\/stilanddesign.se\\\/#website\"},\"primaryImageOfPage\":{\"@id\":\"https:\\\/\\\/stilanddesign.se\\\/produkt\\\/%f0%9f%96%a4%f0%9f%a4%8e-eleganta-handskar-med-feminina-detaljer-%f0%9f%a4%8e%f0%9f%96%a4\\\/#primaryimage\"},\"image\":{\"@id\":\"https:\\\/\\\/stilanddesign.se\\\/produkt\\\/%f0%9f%96%a4%f0%9f%a4%8e-eleganta-handskar-med-feminina-detaljer-%f0%9f%a4%8e%f0%9f%96%a4\\\/#primaryimage\"},\"thumbnailUrl\":\"https:\\\/\\\/stilanddesign.se\\\/wp-content\\\/uploads\\\/2025\\\/12\\\/IMG_2538-scaled.jpeg\",\"datePublished\":\"2025-12-19T07:30:31+00:00\",\"dateModified\":\"2026-04-01T13:51:31+00:00\",\"breadcrumb\":{\"@id\":\"https:\\\/\\\/stilanddesign.se\\\/produkt\\\/%f0%9f%96%a4%f0%9f%a4%8e-eleganta-handskar-med-feminina-detaljer-%f0%9f%a4%8e%f0%9f%96%a4\\\/#breadcrumb\"},\"inLanguage\":\"en-US\",\"potentialAction\":[{\"@type\":\"ReadAction\",\"target\":[\"https:\\\/\\\/stilanddesign.se\\\/produkt\\\/%f0%9f%96%a4%f0%9f%a4%8e-eleganta-handskar-med-feminina-detaljer-%f0%9f%a4%8e%f0%9f%96%a4\\\/\"]}]},{\"@type\":\"ImageObject\",\"inLanguage\":\"en-US\",\"@id\":\"https:\\\/\\\/stilanddesign.se\\\/produkt\\\/%f0%9f%96%a4%f0%9f%a4%8e-eleganta-handskar-med-feminina-detaljer-%f0%9f%a4%8e%f0%9f%96%a4\\\/#primaryimage\",\"url\":\"https:\\\/\\\/stilanddesign.se\\\/wp-content\\\/uploads\\\/2025\\\/12\\\/IMG_2538-scaled.jpeg\",\"contentUrl\":\"https:\\\/\\\/stilanddesign.se\\\/wp-content\\\/uploads\\\/2025\\\/12\\\/IMG_2538-scaled.jpeg\",\"width\":1961,\"height\":2560},{\"@type\":\"BreadcrumbList\",\"@id\":\"https:\\\/\\\/stilanddesign.se\\\/produkt\\\/%f0%9f%96%a4%f0%9f%a4%8e-eleganta-handskar-med-feminina-detaljer-%f0%9f%a4%8e%f0%9f%96%a4\\\/#breadcrumb\",\"itemListElement\":[{\"@type\":\"ListItem\",\"position\":1,\"name\":\"Hem\",\"item\":\"https:\\\/\\\/stilanddesign.se\\\/\"},{\"@type\":\"ListItem\",\"position\":2,\"name\":\"Butiken\",\"item\":\"https:\\\/\\\/stilanddesign.se\\\/butiken\\\/\"},{\"@type\":\"ListItem\",\"position\":3,\"name\":\"\ud83d\udda4\ud83e\udd0e Eleganta handskar med feminina detaljer \ud83e\udd0e\ud83d\udda4\"}]},{\"@type\":\"WebSite\",\"@id\":\"https:\\\/\\\/stilanddesign.se\\\/#website\",\"url\":\"https:\\\/\\\/stilanddesign.se\\\/\",\"name\":\"Stil &amp; Design\",\"description\":\"F\u00f6r oss som \u00e4lskar mode!\",\"publisher\":{\"@id\":\"https:\\\/\\\/stilanddesign.se\\\/#organization\"},\"potentialAction\":[{\"@type\":\"SearchAction\",\"target\":{\"@type\":\"EntryPoint\",\"urlTemplate\":\"https:\\\/\\\/stilanddesign.se\\\/?s={search_term_string}\"},\"query-input\":{\"@type\":\"PropertyValueSpecification\",\"valueRequired\":true,\"valueName\":\"search_term_string\"}}],\"inLanguage\":\"en-US\"},{\"@type\":\"Organization\",\"@id\":\"https:\\\/\\\/stilanddesign.se\\\/#organization\",\"name\":\"Stil &amp; Design\",\"url\":\"https:\\\/\\\/stilanddesign.se\\\/\",\"logo\":{\"@type\":\"ImageObject\",\"inLanguage\":\"en-US\",\"@id\":\"https:\\\/\\\/stilanddesign.se\\\/#\\\/schema\\\/logo\\\/image\\\/\",\"url\":\"https:\\\/\\\/stilanddesign.se\\\/wp-content\\\/uploads\\\/2023\\\/12\\\/output-onlinepngtools-e1727784413220.png\",\"contentUrl\":\"https:\\\/\\\/stilanddesign.se\\\/wp-content\\\/uploads\\\/2023\\\/12\\\/output-onlinepngtools-e1727784413220.png\",\"width\":519,\"height\":135,\"caption\":\"Stil &amp; Design\"},\"image\":{\"@id\":\"https:\\\/\\\/stilanddesign.se\\\/#\\\/schema\\\/logo\\\/image\\\/\"}}]}<\/script>\n<!-- \/ Yoast SEO Premium plugin. -->","yoast_head_json":{"title":"\ud83d\udda4\ud83e\udd0e Eleganta handskar med feminina detaljer \ud83e\udd0e\ud83d\udda4 - Stil &amp; Design","robots":{"index":"index","follow":"follow","max-snippet":"max-snippet:-1","max-image-preview":"max-image-preview:large","max-video-preview":"max-video-preview:-1"},"canonical":"https:\/\/stilanddesign.se\/en\/product\/\ud83d\udda4\ud83e\udd0e-eleganta-handskar-med-feminina-detaljer-\ud83e\udd0e\ud83d\udda4\/","og_locale":"en_US","og_type":"article","og_title":"\ud83d\udda4\ud83e\udd0e Eleganta handskar med feminina detaljer \ud83e\udd0e\ud83d\udda4","og_description":"\ud83d\udda4\ud83e\udd0e Eleganta handskar med feminina detaljer \ud83e\udd0e\ud83d\udda4 Stilrena och v\u00e4rmande handskar som s\u00e4tter pricken \u00f6ver i:et p\u00e5 din h\u00f6st- och vinterlook \u2744\ufe0f\u2728Dessa handskar har en mjuk, mockaliknande yta och en vacker rosett med spetsdetalj vid handleden \u2013 en perfekt kombination av klassiskt och romantiskt \ud83d\udc95 Finns i tidl\u00f6s svart \ud83d\udda4 och varm brun \ud83e\udd0e \u2013 f\u00e4rger som passar lika bra till vardag som till fest.Perfekta att b\u00e4ra till kappa, jacka eller poncho f\u00f6r en chic och genomt\u00e4nkt outfit \ud83c\udf1f \ud83e\udde4 Mjuka &amp; bekv\u00e4ma\ud83c\udf80 Snygg rosett- och spetsdetalj\ud83d\udda4\ud83e\udd0e Finns i svart och brunt\u2728 Elegant design som lyfter hela looken Ett m\u00e5ste i garderoben n\u00e4r kylan smyger sig p\u00e5 \u2013 b\u00e5de praktiska och supersnygga! \ud83d\udcab","og_url":"https:\/\/stilanddesign.se\/en\/product\/\ud83d\udda4\ud83e\udd0e-eleganta-handskar-med-feminina-detaljer-\ud83e\udd0e\ud83d\udda4\/","og_site_name":"Stil &amp; Design","article_modified_time":"2026-04-01T13:51:31+00:00","og_image":[{"width":1961,"height":2560,"url":"https:\/\/stilanddesign.se\/wp-content\/uploads\/2025\/12\/IMG_2538-scaled.jpeg","type":"image\/jpeg"}],"twitter_card":"summary_large_image","twitter_misc":{"Est. reading time":"1 minute"},"schema":{"@context":"https:\/\/schema.org","@graph":[{"@type":"WebPage","@id":"https:\/\/stilanddesign.se\/produkt\/%f0%9f%96%a4%f0%9f%a4%8e-eleganta-handskar-med-feminina-detaljer-%f0%9f%a4%8e%f0%9f%96%a4\/","url":"https:\/\/stilanddesign.se\/produkt\/%f0%9f%96%a4%f0%9f%a4%8e-eleganta-handskar-med-feminina-detaljer-%f0%9f%a4%8e%f0%9f%96%a4\/","name":"\ud83d\udda4\ud83e\udd0e Eleganta handskar med feminina detaljer \ud83e\udd0e\ud83d\udda4 - Stil &amp; Design","isPartOf":{"@id":"https:\/\/stilanddesign.se\/#website"},"primaryImageOfPage":{"@id":"https:\/\/stilanddesign.se\/produkt\/%f0%9f%96%a4%f0%9f%a4%8e-eleganta-handskar-med-feminina-detaljer-%f0%9f%a4%8e%f0%9f%96%a4\/#primaryimage"},"image":{"@id":"https:\/\/stilanddesign.se\/produkt\/%f0%9f%96%a4%f0%9f%a4%8e-eleganta-handskar-med-feminina-detaljer-%f0%9f%a4%8e%f0%9f%96%a4\/#primaryimage"},"thumbnailUrl":"https:\/\/stilanddesign.se\/wp-content\/uploads\/2025\/12\/IMG_2538-scaled.jpeg","datePublished":"2025-12-19T07:30:31+00:00","dateModified":"2026-04-01T13:51:31+00:00","breadcrumb":{"@id":"https:\/\/stilanddesign.se\/produkt\/%f0%9f%96%a4%f0%9f%a4%8e-eleganta-handskar-med-feminina-detaljer-%f0%9f%a4%8e%f0%9f%96%a4\/#breadcrumb"},"inLanguage":"en-US","potentialAction":[{"@type":"ReadAction","target":["https:\/\/stilanddesign.se\/produkt\/%f0%9f%96%a4%f0%9f%a4%8e-eleganta-handskar-med-feminina-detaljer-%f0%9f%a4%8e%f0%9f%96%a4\/"]}]},{"@type":"ImageObject","inLanguage":"en-US","@id":"https:\/\/stilanddesign.se\/produkt\/%f0%9f%96%a4%f0%9f%a4%8e-eleganta-handskar-med-feminina-detaljer-%f0%9f%a4%8e%f0%9f%96%a4\/#primaryimage","url":"https:\/\/stilanddesign.se\/wp-content\/uploads\/2025\/12\/IMG_2538-scaled.jpeg","contentUrl":"https:\/\/stilanddesign.se\/wp-content\/uploads\/2025\/12\/IMG_2538-scaled.jpeg","width":1961,"height":2560},{"@type":"BreadcrumbList","@id":"https:\/\/stilanddesign.se\/produkt\/%f0%9f%96%a4%f0%9f%a4%8e-eleganta-handskar-med-feminina-detaljer-%f0%9f%a4%8e%f0%9f%96%a4\/#breadcrumb","itemListElement":[{"@type":"ListItem","position":1,"name":"Hem","item":"https:\/\/stilanddesign.se\/"},{"@type":"ListItem","position":2,"name":"Butiken","item":"https:\/\/stilanddesign.se\/butiken\/"},{"@type":"ListItem","position":3,"name":"\ud83d\udda4\ud83e\udd0e Eleganta handskar med feminina detaljer \ud83e\udd0e\ud83d\udda4"}]},{"@type":"WebSite","@id":"https:\/\/stilanddesign.se\/#website","url":"https:\/\/stilanddesign.se\/","name":"Style &amp; Design","description":"For those of us who love fashion!","publisher":{"@id":"https:\/\/stilanddesign.se\/#organization"},"potentialAction":[{"@type":"SearchAction","target":{"@type":"EntryPoint","urlTemplate":"https:\/\/stilanddesign.se\/?s={search_term_string}"},"query-input":{"@type":"PropertyValueSpecification","valueRequired":true,"valueName":"search_term_string"}}],"inLanguage":"en-US"},{"@type":"Organization","@id":"https:\/\/stilanddesign.se\/#organization","name":"Style &amp; Design","url":"https:\/\/stilanddesign.se\/","logo":{"@type":"ImageObject","inLanguage":"en-US","@id":"https:\/\/stilanddesign.se\/#\/schema\/logo\/image\/","url":"https:\/\/stilanddesign.se\/wp-content\/uploads\/2023\/12\/output-onlinepngtools-e1727784413220.png","contentUrl":"https:\/\/stilanddesign.se\/wp-content\/uploads\/2023\/12\/output-onlinepngtools-e1727784413220.png","width":519,"height":135,"caption":"Stil &amp; Design"},"image":{"@id":"https:\/\/stilanddesign.se\/#\/schema\/logo\/image\/"}}]}},"_links":{"self":[{"href":"https:\/\/stilanddesign.se\/en\/wp-json\/wp\/v2\/product\/1059015","targetHints":{"allow":["GET"]}}],"collection":[{"href":"https:\/\/stilanddesign.se\/en\/wp-json\/wp\/v2\/product"}],"about":[{"href":"https:\/\/stilanddesign.se\/en\/wp-json\/wp\/v2\/types\/product"}],"replies":[{"embeddable":true,"href":"https:\/\/stilanddesign.se\/en\/wp-json\/wp\/v2\/comments?post=1059015"}],"wp:featuredmedia":[{"embeddable":true,"href":"https:\/\/stilanddesign.se\/en\/wp-json\/wp\/v2\/media\/1059018"}],"wp:attachment":[{"href":"https:\/\/stilanddesign.se\/en\/wp-json\/wp\/v2\/media?parent=1059015"}],"wp:term":[{"taxonomy":"product_brand","embeddable":true,"href":"https:\/\/stilanddesign.se\/en\/wp-json\/wp\/v2\/product_brand?post=1059015"},{"taxonomy":"product_cat","embeddable":true,"href":"https:\/\/stilanddesign.se\/en\/wp-json\/wp\/v2\/product_cat?post=1059015"},{"taxonomy":"product_tag","embeddable":true,"href":"https:\/\/stilanddesign.se\/en\/wp-json\/wp\/v2\/product_tag?post=1059015"}],"curies":[{"name":"wp","href":"https:\/\/api.w.org\/{rel}","templated":true}]}}