{"id":1058910,"date":"2025-12-18T14:08:39","date_gmt":"2025-12-18T13:08:39","guid":{"rendered":"https:\/\/stilanddesign.se\/?post_type=product&#038;p=1058910"},"modified":"2025-12-22T07:23:06","modified_gmt":"2025-12-22T06:23:06","slug":"%e2%9c%a8-cool-glittrig-tunika-fran-caramell-fashion-%e2%9c%a8","status":"publish","type":"product","link":"https:\/\/stilanddesign.se\/en\/product\/%e2%9c%a8-cool-glittrig-tunika-fran-caramell-fashion-%e2%9c%a8\/","title":{"rendered":"\u2728 Cool &amp; glittery tunic from Caramell Fashion \u2728"},"content":{"rendered":"<p data-start=\"0\" data-end=\"54\">\u2728 <strong data-start=\"2\" data-end=\"50\">Cool &amp; glittery tunic from Caramell Fashion<\/strong> \u2728<\/p>\n<p data-start=\"56\" data-end=\"241\">A real wardrobe favorite! \ud83d\udcab This stretchy tunic in a light glittery material gives just the right amount of party feeling \u2013 perfect for both everyday wear and for more fancy occasions \ud83d\udda4\u2764\ufe0f<\/p>\n<p data-start=\"243\" data-end=\"271\">\ud83d\udc57 <strong data-start=\"246\" data-end=\"269\">Details we love:<\/strong><\/p>\n<ul data-start=\"272\" data-end=\"486\">\n<li data-start=\"272\" data-end=\"320\">\n<p data-start=\"274\" data-end=\"320\">Soft and supple fabric with discreet glitter \u2728<\/p>\n<\/li>\n<li data-start=\"321\" data-end=\"366\">\n<p data-start=\"323\" data-end=\"366\">Stylish gather at the front that gives a nice drape<\/p>\n<\/li>\n<li data-start=\"367\" data-end=\"432\">\n<p data-start=\"369\" data-end=\"432\">Stretchy elastic at cuffs and hem for a comfortable fit<\/p>\n<\/li>\n<li data-start=\"433\" data-end=\"486\">\n<p data-start=\"435\" data-end=\"486\">Easy to style \u2013 looks just as good with pants as with a skirt \ud83d\udc56\ud83d\udc62<\/p>\n<\/li>\n<\/ul>\n<p data-start=\"488\" data-end=\"513\">\ud83d\udccf <strong data-start=\"491\" data-end=\"503\">Size:<\/strong> One size<\/p>\n<ul data-start=\"514\" data-end=\"589\">\n<li data-start=\"514\" data-end=\"559\">\n<p data-start=\"516\" data-end=\"559\">Armpit to armpit (circumference): approx. 136 cm<\/p>\n<\/li>\n<li data-start=\"560\" data-end=\"589\">\n<p data-start=\"562\" data-end=\"589\">Length from shoulder: approx. 63 cm<\/p>\n<\/li>\n<\/ul>\n<p data-start=\"591\" data-end=\"687\">\ud83e\uddf5 <strong data-start=\"594\" data-end=\"607\">Material:<\/strong> 100% polyester<br data-start=\"622\" data-end=\"625\" \/>\ud83e\uddfc <strong data-start=\"628\" data-end=\"641\">Washing instructions:<\/strong> 30 degrees<br data-start=\"651\" data-end=\"654\" \/>\ud83c\udff7\ufe0f <strong data-start=\"658\" data-end=\"668\">Make:<\/strong> Caramell Fashion<\/p>\n<p data-start=\"689\" data-end=\"785\" data-is-last-node=\"\" data-is-only-node=\"\">A comfortable, trendy and useful tunic with that little something extra \u2728 A must-have in this season&#039;s wardrobe! \ud83d\udc96<\/p>","protected":false},"excerpt":{"rendered":"<p data-start=\"0\" data-end=\"54\">\u2728 <strong data-start=\"2\" data-end=\"50\">Cool &amp; glittery tunic from Caramell Fashion<\/strong> \u2728<\/p>\n<p data-start=\"56\" data-end=\"241\">A real wardrobe favorite! \ud83d\udcab This stretchy tunic in a light glittery material gives just the right amount of party feeling \u2013 perfect for both everyday wear and for more fancy occasions \ud83d\udda4\u2764\ufe0f<\/p>\n<p data-start=\"243\" data-end=\"271\">\ud83d\udc57 <strong data-start=\"246\" data-end=\"269\">Details we love:<\/strong><\/p>\n<ul data-start=\"272\" data-end=\"486\">\n<li data-start=\"272\" data-end=\"320\">\n<p data-start=\"274\" data-end=\"320\">Soft and supple fabric with discreet glitter \u2728<\/p>\n<\/li>\n<li data-start=\"321\" data-end=\"366\">\n<p data-start=\"323\" data-end=\"366\">Stylish gather at the front that gives a nice drape<\/p>\n<\/li>\n<li data-start=\"367\" data-end=\"432\">\n<p data-start=\"369\" data-end=\"432\">Stretchy elastic at cuffs and hem for a comfortable fit<\/p>\n<\/li>\n<li data-start=\"433\" data-end=\"486\">\n<p data-start=\"435\" data-end=\"486\">Easy to style \u2013 looks just as good with pants as with a skirt \ud83d\udc56\ud83d\udc62<\/p>\n<\/li>\n<\/ul>\n<p data-start=\"488\" data-end=\"513\">\ud83d\udccf <strong data-start=\"491\" data-end=\"503\">Size:<\/strong> One size<\/p>\n<ul data-start=\"514\" data-end=\"589\">\n<li data-start=\"514\" data-end=\"559\">\n<p data-start=\"516\" data-end=\"559\">Armpit to armpit (circumference): approx. 136 cm<\/p>\n<\/li>\n<li data-start=\"560\" data-end=\"589\">\n<p data-start=\"562\" data-end=\"589\">Length from shoulder: approx. 63 cm<\/p>\n<\/li>\n<\/ul>\n<p data-start=\"591\" data-end=\"687\">\ud83e\uddf5 <strong data-start=\"594\" data-end=\"607\">Material:<\/strong> 100% polyester<br data-start=\"622\" data-end=\"625\" \/>\ud83e\uddfc <strong data-start=\"628\" data-end=\"641\">Washing instructions:<\/strong> 30 degrees<br data-start=\"651\" data-end=\"654\" \/>\ud83c\udff7\ufe0f <strong data-start=\"658\" data-end=\"668\">Make:<\/strong> Caramell Fashion<\/p>\n<p data-start=\"689\" data-end=\"785\" data-is-last-node=\"\" data-is-only-node=\"\">A comfortable, trendy and useful tunic with that little something extra \u2728 A must-have in this season&#039;s wardrobe! \ud83d\udc96<\/p>","protected":false},"featured_media":1058912,"comment_status":"closed","ping_status":"closed","template":"","meta":[],"product_brand":[],"product_cat":[225],"product_tag":[],"class_list":{"0":"post-1058910","1":"product","2":"type-product","3":"status-publish","4":"has-post-thumbnail","6":"product_cat-tunikor","8":"first","9":"outofstock","10":"taxable","11":"shipping-taxable","12":"product-type-variable"},"yoast_head":"<!-- This site is optimized with the Yoast SEO Premium plugin v27.4 (Yoast SEO v27.4) - https:\/\/yoast.com\/product\/yoast-seo-premium-wordpress\/ -->\n<title>\u2728 Cool &amp; glittrig tunika fr\u00e5n Caramell Fashion \u2728 - Stil &amp; Design<\/title>\n<meta name=\"robots\" content=\"index, follow, max-snippet:-1, max-image-preview:large, max-video-preview:-1\" \/>\n<link rel=\"canonical\" href=\"https:\/\/stilanddesign.se\/en\/product\/\u2728-cool-glittrig-tunika-fran-caramell-fashion-\u2728\/\" \/>\n<meta property=\"og:locale\" content=\"en_US\" \/>\n<meta property=\"og:type\" content=\"article\" \/>\n<meta property=\"og:title\" content=\"\u2728 Cool &amp; glittrig tunika fr\u00e5n Caramell Fashion \u2728\" \/>\n<meta property=\"og:description\" content=\"\u2728 Cool &amp; glittrig tunika fr\u00e5n Caramell Fashion \u2728 En riktig favorit i garderoben! \ud83d\udcab Denna stretchiga tunika i l\u00e4tt glittrigt material ger precis lagom mycket festk\u00e4nsla \u2013 perfekt b\u00e5de till vardag och till lite finare tillf\u00e4llen \ud83d\udda4\u2764\ufe0f \ud83d\udc57 Detaljer vi \u00e4lskar:     Mjukt och f\u00f6ljsamt tyg med diskret glitter \u2728    Snygg rynk framtill som ger ett fint fall    Stretchig res\u00e5r vid \u00e4rmslut och nederkant f\u00f6r bekv\u00e4m passform    L\u00e4tt att styla \u2013 lika fin till byxa som kjol \ud83d\udc56\ud83d\udc62   \ud83d\udccf Storlek: Onesize     Armh\u00e5la till armh\u00e5la (omkrets): ca 136 cm    L\u00e4ngd fr\u00e5n axel: ca 63 cm   \ud83e\uddf5 Material: 100% polyester\ud83e\uddfc Tv\u00e4ttr\u00e5d: 30 grader\ud83c\udff7\ufe0f M\u00e4rke: Caramell Fashion En bekv\u00e4m, trendig och anv\u00e4ndbar tunika med det lilla extra \u2728 Ett m\u00e5ste i s\u00e4songens garderob! \ud83d\udc96\" \/>\n<meta property=\"og:url\" content=\"https:\/\/stilanddesign.se\/en\/product\/\u2728-cool-glittrig-tunika-fran-caramell-fashion-\u2728\/\" \/>\n<meta property=\"og:site_name\" content=\"Stil &amp; Design\" \/>\n<meta property=\"article:modified_time\" content=\"2025-12-22T06:23:06+00:00\" \/>\n<meta property=\"og:image\" content=\"https:\/\/stilanddesign.se\/wp-content\/uploads\/2025\/12\/IMG_2519-scaled.jpeg\" \/>\n\t<meta property=\"og:image:width\" content=\"1904\" \/>\n\t<meta property=\"og:image:height\" content=\"2560\" \/>\n\t<meta property=\"og:image:type\" content=\"image\/jpeg\" \/>\n<meta name=\"twitter:card\" content=\"summary_large_image\" \/>\n<meta name=\"twitter:label1\" content=\"Est. reading time\" \/>\n\t<meta name=\"twitter:data1\" content=\"1 minute\" \/>\n<script type=\"application\/ld+json\" class=\"yoast-schema-graph\">{\"@context\":\"https:\\\/\\\/schema.org\",\"@graph\":[{\"@type\":\"WebPage\",\"@id\":\"https:\\\/\\\/stilanddesign.se\\\/produkt\\\/%e2%9c%a8-cool-glittrig-tunika-fran-caramell-fashion-%e2%9c%a8\\\/\",\"url\":\"https:\\\/\\\/stilanddesign.se\\\/produkt\\\/%e2%9c%a8-cool-glittrig-tunika-fran-caramell-fashion-%e2%9c%a8\\\/\",\"name\":\"\u2728 Cool & glittrig tunika fr\u00e5n Caramell Fashion \u2728 - Stil &amp; Design\",\"isPartOf\":{\"@id\":\"https:\\\/\\\/stilanddesign.se\\\/#website\"},\"primaryImageOfPage\":{\"@id\":\"https:\\\/\\\/stilanddesign.se\\\/produkt\\\/%e2%9c%a8-cool-glittrig-tunika-fran-caramell-fashion-%e2%9c%a8\\\/#primaryimage\"},\"image\":{\"@id\":\"https:\\\/\\\/stilanddesign.se\\\/produkt\\\/%e2%9c%a8-cool-glittrig-tunika-fran-caramell-fashion-%e2%9c%a8\\\/#primaryimage\"},\"thumbnailUrl\":\"https:\\\/\\\/stilanddesign.se\\\/wp-content\\\/uploads\\\/2025\\\/12\\\/IMG_2519-scaled.jpeg\",\"datePublished\":\"2025-12-18T13:08:39+00:00\",\"dateModified\":\"2025-12-22T06:23:06+00:00\",\"breadcrumb\":{\"@id\":\"https:\\\/\\\/stilanddesign.se\\\/produkt\\\/%e2%9c%a8-cool-glittrig-tunika-fran-caramell-fashion-%e2%9c%a8\\\/#breadcrumb\"},\"inLanguage\":\"en-US\",\"potentialAction\":[{\"@type\":\"ReadAction\",\"target\":[\"https:\\\/\\\/stilanddesign.se\\\/produkt\\\/%e2%9c%a8-cool-glittrig-tunika-fran-caramell-fashion-%e2%9c%a8\\\/\"]}]},{\"@type\":\"ImageObject\",\"inLanguage\":\"en-US\",\"@id\":\"https:\\\/\\\/stilanddesign.se\\\/produkt\\\/%e2%9c%a8-cool-glittrig-tunika-fran-caramell-fashion-%e2%9c%a8\\\/#primaryimage\",\"url\":\"https:\\\/\\\/stilanddesign.se\\\/wp-content\\\/uploads\\\/2025\\\/12\\\/IMG_2519-scaled.jpeg\",\"contentUrl\":\"https:\\\/\\\/stilanddesign.se\\\/wp-content\\\/uploads\\\/2025\\\/12\\\/IMG_2519-scaled.jpeg\",\"width\":1904,\"height\":2560},{\"@type\":\"BreadcrumbList\",\"@id\":\"https:\\\/\\\/stilanddesign.se\\\/produkt\\\/%e2%9c%a8-cool-glittrig-tunika-fran-caramell-fashion-%e2%9c%a8\\\/#breadcrumb\",\"itemListElement\":[{\"@type\":\"ListItem\",\"position\":1,\"name\":\"Hem\",\"item\":\"https:\\\/\\\/stilanddesign.se\\\/\"},{\"@type\":\"ListItem\",\"position\":2,\"name\":\"Butiken\",\"item\":\"https:\\\/\\\/stilanddesign.se\\\/butiken\\\/\"},{\"@type\":\"ListItem\",\"position\":3,\"name\":\"\u2728 Cool &#038; glittrig tunika fr\u00e5n Caramell Fashion \u2728\"}]},{\"@type\":\"WebSite\",\"@id\":\"https:\\\/\\\/stilanddesign.se\\\/#website\",\"url\":\"https:\\\/\\\/stilanddesign.se\\\/\",\"name\":\"Stil &amp; Design\",\"description\":\"F\u00f6r oss som \u00e4lskar mode!\",\"publisher\":{\"@id\":\"https:\\\/\\\/stilanddesign.se\\\/#organization\"},\"potentialAction\":[{\"@type\":\"SearchAction\",\"target\":{\"@type\":\"EntryPoint\",\"urlTemplate\":\"https:\\\/\\\/stilanddesign.se\\\/?s={search_term_string}\"},\"query-input\":{\"@type\":\"PropertyValueSpecification\",\"valueRequired\":true,\"valueName\":\"search_term_string\"}}],\"inLanguage\":\"en-US\"},{\"@type\":\"Organization\",\"@id\":\"https:\\\/\\\/stilanddesign.se\\\/#organization\",\"name\":\"Stil &amp; Design\",\"url\":\"https:\\\/\\\/stilanddesign.se\\\/\",\"logo\":{\"@type\":\"ImageObject\",\"inLanguage\":\"en-US\",\"@id\":\"https:\\\/\\\/stilanddesign.se\\\/#\\\/schema\\\/logo\\\/image\\\/\",\"url\":\"https:\\\/\\\/stilanddesign.se\\\/wp-content\\\/uploads\\\/2023\\\/12\\\/output-onlinepngtools-e1727784413220.png\",\"contentUrl\":\"https:\\\/\\\/stilanddesign.se\\\/wp-content\\\/uploads\\\/2023\\\/12\\\/output-onlinepngtools-e1727784413220.png\",\"width\":519,\"height\":135,\"caption\":\"Stil &amp; Design\"},\"image\":{\"@id\":\"https:\\\/\\\/stilanddesign.se\\\/#\\\/schema\\\/logo\\\/image\\\/\"}}]}<\/script>\n<!-- \/ Yoast SEO Premium plugin. -->","yoast_head_json":{"title":"\u2728 Cool & glittrig tunika fr\u00e5n Caramell Fashion \u2728 - Stil &amp; Design","robots":{"index":"index","follow":"follow","max-snippet":"max-snippet:-1","max-image-preview":"max-image-preview:large","max-video-preview":"max-video-preview:-1"},"canonical":"https:\/\/stilanddesign.se\/en\/product\/\u2728-cool-glittrig-tunika-fran-caramell-fashion-\u2728\/","og_locale":"en_US","og_type":"article","og_title":"\u2728 Cool & glittrig tunika fr\u00e5n Caramell Fashion \u2728","og_description":"\u2728 Cool &amp; glittrig tunika fr\u00e5n Caramell Fashion \u2728 En riktig favorit i garderoben! \ud83d\udcab Denna stretchiga tunika i l\u00e4tt glittrigt material ger precis lagom mycket festk\u00e4nsla \u2013 perfekt b\u00e5de till vardag och till lite finare tillf\u00e4llen \ud83d\udda4\u2764\ufe0f \ud83d\udc57 Detaljer vi \u00e4lskar:     Mjukt och f\u00f6ljsamt tyg med diskret glitter \u2728    Snygg rynk framtill som ger ett fint fall    Stretchig res\u00e5r vid \u00e4rmslut och nederkant f\u00f6r bekv\u00e4m passform    L\u00e4tt att styla \u2013 lika fin till byxa som kjol \ud83d\udc56\ud83d\udc62   \ud83d\udccf Storlek: Onesize     Armh\u00e5la till armh\u00e5la (omkrets): ca 136 cm    L\u00e4ngd fr\u00e5n axel: ca 63 cm   \ud83e\uddf5 Material: 100% polyester\ud83e\uddfc Tv\u00e4ttr\u00e5d: 30 grader\ud83c\udff7\ufe0f M\u00e4rke: Caramell Fashion En bekv\u00e4m, trendig och anv\u00e4ndbar tunika med det lilla extra \u2728 Ett m\u00e5ste i s\u00e4songens garderob! \ud83d\udc96","og_url":"https:\/\/stilanddesign.se\/en\/product\/\u2728-cool-glittrig-tunika-fran-caramell-fashion-\u2728\/","og_site_name":"Stil &amp; Design","article_modified_time":"2025-12-22T06:23:06+00:00","og_image":[{"width":1904,"height":2560,"url":"https:\/\/stilanddesign.se\/wp-content\/uploads\/2025\/12\/IMG_2519-scaled.jpeg","type":"image\/jpeg"}],"twitter_card":"summary_large_image","twitter_misc":{"Est. reading time":"1 minute"},"schema":{"@context":"https:\/\/schema.org","@graph":[{"@type":"WebPage","@id":"https:\/\/stilanddesign.se\/produkt\/%e2%9c%a8-cool-glittrig-tunika-fran-caramell-fashion-%e2%9c%a8\/","url":"https:\/\/stilanddesign.se\/produkt\/%e2%9c%a8-cool-glittrig-tunika-fran-caramell-fashion-%e2%9c%a8\/","name":"\u2728 Cool & glittrig tunika fr\u00e5n Caramell Fashion \u2728 - Stil &amp; Design","isPartOf":{"@id":"https:\/\/stilanddesign.se\/#website"},"primaryImageOfPage":{"@id":"https:\/\/stilanddesign.se\/produkt\/%e2%9c%a8-cool-glittrig-tunika-fran-caramell-fashion-%e2%9c%a8\/#primaryimage"},"image":{"@id":"https:\/\/stilanddesign.se\/produkt\/%e2%9c%a8-cool-glittrig-tunika-fran-caramell-fashion-%e2%9c%a8\/#primaryimage"},"thumbnailUrl":"https:\/\/stilanddesign.se\/wp-content\/uploads\/2025\/12\/IMG_2519-scaled.jpeg","datePublished":"2025-12-18T13:08:39+00:00","dateModified":"2025-12-22T06:23:06+00:00","breadcrumb":{"@id":"https:\/\/stilanddesign.se\/produkt\/%e2%9c%a8-cool-glittrig-tunika-fran-caramell-fashion-%e2%9c%a8\/#breadcrumb"},"inLanguage":"en-US","potentialAction":[{"@type":"ReadAction","target":["https:\/\/stilanddesign.se\/produkt\/%e2%9c%a8-cool-glittrig-tunika-fran-caramell-fashion-%e2%9c%a8\/"]}]},{"@type":"ImageObject","inLanguage":"en-US","@id":"https:\/\/stilanddesign.se\/produkt\/%e2%9c%a8-cool-glittrig-tunika-fran-caramell-fashion-%e2%9c%a8\/#primaryimage","url":"https:\/\/stilanddesign.se\/wp-content\/uploads\/2025\/12\/IMG_2519-scaled.jpeg","contentUrl":"https:\/\/stilanddesign.se\/wp-content\/uploads\/2025\/12\/IMG_2519-scaled.jpeg","width":1904,"height":2560},{"@type":"BreadcrumbList","@id":"https:\/\/stilanddesign.se\/produkt\/%e2%9c%a8-cool-glittrig-tunika-fran-caramell-fashion-%e2%9c%a8\/#breadcrumb","itemListElement":[{"@type":"ListItem","position":1,"name":"Hem","item":"https:\/\/stilanddesign.se\/"},{"@type":"ListItem","position":2,"name":"Butiken","item":"https:\/\/stilanddesign.se\/butiken\/"},{"@type":"ListItem","position":3,"name":"\u2728 Cool &#038; glittrig tunika fr\u00e5n Caramell Fashion \u2728"}]},{"@type":"WebSite","@id":"https:\/\/stilanddesign.se\/#website","url":"https:\/\/stilanddesign.se\/","name":"Style &amp; Design","description":"For those of us who love fashion!","publisher":{"@id":"https:\/\/stilanddesign.se\/#organization"},"potentialAction":[{"@type":"SearchAction","target":{"@type":"EntryPoint","urlTemplate":"https:\/\/stilanddesign.se\/?s={search_term_string}"},"query-input":{"@type":"PropertyValueSpecification","valueRequired":true,"valueName":"search_term_string"}}],"inLanguage":"en-US"},{"@type":"Organization","@id":"https:\/\/stilanddesign.se\/#organization","name":"Style &amp; Design","url":"https:\/\/stilanddesign.se\/","logo":{"@type":"ImageObject","inLanguage":"en-US","@id":"https:\/\/stilanddesign.se\/#\/schema\/logo\/image\/","url":"https:\/\/stilanddesign.se\/wp-content\/uploads\/2023\/12\/output-onlinepngtools-e1727784413220.png","contentUrl":"https:\/\/stilanddesign.se\/wp-content\/uploads\/2023\/12\/output-onlinepngtools-e1727784413220.png","width":519,"height":135,"caption":"Stil &amp; Design"},"image":{"@id":"https:\/\/stilanddesign.se\/#\/schema\/logo\/image\/"}}]}},"_links":{"self":[{"href":"https:\/\/stilanddesign.se\/en\/wp-json\/wp\/v2\/product\/1058910","targetHints":{"allow":["GET"]}}],"collection":[{"href":"https:\/\/stilanddesign.se\/en\/wp-json\/wp\/v2\/product"}],"about":[{"href":"https:\/\/stilanddesign.se\/en\/wp-json\/wp\/v2\/types\/product"}],"replies":[{"embeddable":true,"href":"https:\/\/stilanddesign.se\/en\/wp-json\/wp\/v2\/comments?post=1058910"}],"wp:featuredmedia":[{"embeddable":true,"href":"https:\/\/stilanddesign.se\/en\/wp-json\/wp\/v2\/media\/1058912"}],"wp:attachment":[{"href":"https:\/\/stilanddesign.se\/en\/wp-json\/wp\/v2\/media?parent=1058910"}],"wp:term":[{"taxonomy":"product_brand","embeddable":true,"href":"https:\/\/stilanddesign.se\/en\/wp-json\/wp\/v2\/product_brand?post=1058910"},{"taxonomy":"product_cat","embeddable":true,"href":"https:\/\/stilanddesign.se\/en\/wp-json\/wp\/v2\/product_cat?post=1058910"},{"taxonomy":"product_tag","embeddable":true,"href":"https:\/\/stilanddesign.se\/en\/wp-json\/wp\/v2\/product_tag?post=1058910"}],"curies":[{"name":"wp","href":"https:\/\/api.w.org\/{rel}","templated":true}]}}