{"id":1058179,"date":"2026-04-09T11:15:35","date_gmt":"2026-04-09T09:15:35","guid":{"rendered":"https:\/\/stilanddesign.se\/?post_type=product&#038;p=1058179"},"modified":"2026-04-11T13:27:28","modified_gmt":"2026-04-11T11:27:28","slug":"stickad-topp-fran-marta-du-chateau-elegant-vardagslyx-%e2%9c%a8-2","status":"publish","type":"product","link":"https:\/\/stilanddesign.se\/en\/product\/stickad-topp-fran-marta-du-chateau-elegant-vardagslyx-%e2%9c%a8-2\/","title":{"rendered":"Knitted top from Marta du Ch\u00e2teau \u2013 elegant everyday luxury \u2728"},"content":{"rendered":"<p data-start=\"117\" data-end=\"178\"><strong data-start=\"117\" data-end=\"178\">Knitted top from Marta du Ch\u00e2teau \u2013 elegant everyday luxury \u2728<\/strong><\/p>\n<p data-start=\"180\" data-end=\"414\">A wonderfully beautiful <strong data-start=\"200\" data-end=\"227\">knitted top in one size<\/strong> from Marta du Ch\u00e2teau \u2013 as simple as it is stylish. It has an elegant boat neckline, shorter sleeves with wide rib and a straight, relaxed fit that is not tight but still feels dressed up.<\/p>\n<p data-start=\"416\" data-end=\"514\">Perfect for the office, dinner or just when you want to feel a little extra nice in everyday life \ud83d\udcab<\/p>\n<ul data-start=\"516\" data-end=\"746\">\n<li data-start=\"516\" data-end=\"543\">\n<p data-start=\"518\" data-end=\"543\">Soft and comfortable knitting<\/p>\n<\/li>\n<li data-start=\"544\" data-end=\"586\">\n<p data-start=\"546\" data-end=\"586\">Boat neckline that creates a feminine silhouette<\/p>\n<\/li>\n<li data-start=\"587\" data-end=\"632\">\n<p data-start=\"589\" data-end=\"632\">Short sleeves with wide rib for a stylish fit<\/p>\n<\/li>\n<li data-start=\"633\" data-end=\"696\">\n<p data-start=\"635\" data-end=\"696\">One size \u2013 slightly oversized, fits nicely on many body types<\/p>\n<\/li>\n<li data-start=\"697\" data-end=\"746\">\n<p data-start=\"699\" data-end=\"746\">Super nice with jeans, suit pants and skirts<\/p>\n<\/li>\n<\/ul>\n<p data-start=\"748\" data-end=\"812\"><strong data-start=\"748\" data-end=\"761\">Material:<\/strong> 52% viscose, 20% polyester, 18% polyamide, 10% wool<\/p>\n<p data-start=\"814\" data-end=\"918\" data-is-last-node=\"\" data-is-only-node=\"\">A real one <strong data-start=\"824\" data-end=\"843\">wardrobe hero<\/strong> that you can wear season after season \u2013 just vary the color and styling \ud83d\udc95<\/p>","protected":false},"excerpt":{"rendered":"<p data-start=\"117\" data-end=\"178\"><strong data-start=\"117\" data-end=\"178\">Knitted top from Marta du Ch\u00e2teau \u2013 elegant everyday luxury \u2728<\/strong><\/p>\n<p data-start=\"180\" data-end=\"414\">A wonderfully beautiful <strong data-start=\"200\" data-end=\"227\">knitted top in one size<\/strong> from Marta du Ch\u00e2teau \u2013 as simple as it is stylish. It has an elegant boat neckline, shorter sleeves with wide rib and a straight, relaxed fit that is not tight but still feels dressed up.<\/p>\n<p data-start=\"416\" data-end=\"514\">Perfect for the office, dinner or just when you want to feel a little extra nice in everyday life \ud83d\udcab<\/p>\n<ul data-start=\"516\" data-end=\"746\">\n<li data-start=\"516\" data-end=\"543\">\n<p data-start=\"518\" data-end=\"543\">Soft and comfortable knitting<\/p>\n<\/li>\n<li data-start=\"544\" data-end=\"586\">\n<p data-start=\"546\" data-end=\"586\">Boat neckline that creates a feminine silhouette<\/p>\n<\/li>\n<li data-start=\"587\" data-end=\"632\">\n<p data-start=\"589\" data-end=\"632\">Short sleeves with wide rib for a stylish fit<\/p>\n<\/li>\n<li data-start=\"633\" data-end=\"696\">\n<p data-start=\"635\" data-end=\"696\">One size \u2013 slightly oversized, fits nicely on many body types<\/p>\n<\/li>\n<li data-start=\"697\" data-end=\"746\">\n<p data-start=\"699\" data-end=\"746\">Super nice with jeans, suit pants and skirts<\/p>\n<\/li>\n<\/ul>\n<p data-start=\"748\" data-end=\"812\"><strong data-start=\"748\" data-end=\"761\">Material:<\/strong> 52% viscose, 20% polyester, 18% polyamide, 10% wool<\/p>\n<p data-start=\"814\" data-end=\"918\" data-is-last-node=\"\" data-is-only-node=\"\">A real one <strong data-start=\"824\" data-end=\"843\">wardrobe hero<\/strong> that you can wear season after season \u2013 just vary the color and styling \ud83d\udc95<\/p>","protected":false},"featured_media":1058154,"comment_status":"closed","ping_status":"closed","template":"","meta":[],"product_brand":[],"product_cat":[209],"product_tag":[],"class_list":{"0":"post-1058179","1":"product","2":"type-product","3":"status-publish","4":"has-post-thumbnail","6":"product_cat-reaprodukter","8":"first","9":"outofstock","10":"taxable","11":"shipping-taxable","12":"product-type-variable"},"yoast_head":"<!-- This site is optimized with the Yoast SEO Premium plugin v27.4 (Yoast SEO v27.5) - https:\/\/yoast.com\/product\/yoast-seo-premium-wordpress\/ -->\n<title>Stickad topp fr\u00e5n Marta du Ch\u00e2teau \u2013 elegant vardagslyx \u2728 - Stil &amp; Design<\/title>\n<meta name=\"robots\" content=\"index, follow, max-snippet:-1, max-image-preview:large, max-video-preview:-1\" \/>\n<link rel=\"canonical\" href=\"https:\/\/stilanddesign.se\/en\/product\/stickad-topp-fran-marta-du-chateau-elegant-vardagslyx-\u2728-2\/\" \/>\n<meta property=\"og:locale\" content=\"en_US\" \/>\n<meta property=\"og:type\" content=\"article\" \/>\n<meta property=\"og:title\" content=\"Stickad topp fr\u00e5n Marta du Ch\u00e2teau \u2013 elegant vardagslyx \u2728\" \/>\n<meta property=\"og:description\" content=\"Stickad topp fr\u00e5n Marta du Ch\u00e2teau \u2013 elegant vardagslyx \u2728 En fantastiskt sk\u00f6n stickad topp i one size fr\u00e5n Marta du Ch\u00e2teau \u2013 lika enkel som den \u00e4r stilfull. Den har en elegant b\u00e5tringning, kortare \u00e4rm med bred ribb och en rak, avslappnad passform som inte sitter \u00e5t men \u00e4nd\u00e5 k\u00e4nns kl\u00e4dd. Perfekt till b\u00e5de kontoret, middagen eller bara n\u00e4r du vill k\u00e4nna dig lite extra fin i vardagen \ud83d\udcab     Mjuk och sk\u00f6n stickning    B\u00e5tringning som ger en feminin siluett    Korta \u00e4rmar med bred ribb f\u00f6r snyggt fall    One size \u2013 l\u00e4tt oversized, sitter fint p\u00e5 m\u00e5nga kroppstyper    Superfin till b\u00e5de jeans, kostymbyxa och kjol   Material: 52% viskos, 20% polyester, 18% polyamid, 10% ull En riktig garderobshj\u00e4lte som du kan b\u00e4ra s\u00e4song efter s\u00e4song \u2013 bara att variera f\u00e4rg och styling \ud83d\udc95\" \/>\n<meta property=\"og:url\" content=\"https:\/\/stilanddesign.se\/en\/product\/stickad-topp-fran-marta-du-chateau-elegant-vardagslyx-\u2728-2\/\" \/>\n<meta property=\"og:site_name\" content=\"Stil &amp; Design\" \/>\n<meta property=\"article:modified_time\" content=\"2026-04-11T11:27:28+00:00\" \/>\n<meta property=\"og:image\" content=\"https:\/\/stilanddesign.se\/wp-content\/uploads\/2025\/12\/1024x1024-e3ff2a1e29e71d5efb184c2ceeb20028.jpg\" \/>\n\t<meta property=\"og:image:width\" content=\"1024\" \/>\n\t<meta property=\"og:image:height\" content=\"1024\" \/>\n\t<meta property=\"og:image:type\" content=\"image\/jpeg\" \/>\n<meta name=\"twitter:card\" content=\"summary_large_image\" \/>\n<meta name=\"twitter:label1\" content=\"Est. reading time\" \/>\n\t<meta name=\"twitter:data1\" content=\"1 minute\" \/>\n<script type=\"application\/ld+json\" class=\"yoast-schema-graph\">{\"@context\":\"https:\\\/\\\/schema.org\",\"@graph\":[{\"@type\":\"WebPage\",\"@id\":\"https:\\\/\\\/stilanddesign.se\\\/produkt\\\/stickad-topp-fran-marta-du-chateau-elegant-vardagslyx-%e2%9c%a8-2\\\/\",\"url\":\"https:\\\/\\\/stilanddesign.se\\\/produkt\\\/stickad-topp-fran-marta-du-chateau-elegant-vardagslyx-%e2%9c%a8-2\\\/\",\"name\":\"Stickad topp fr\u00e5n Marta du Ch\u00e2teau \u2013 elegant vardagslyx \u2728 - Stil &amp; Design\",\"isPartOf\":{\"@id\":\"https:\\\/\\\/stilanddesign.se\\\/#website\"},\"primaryImageOfPage\":{\"@id\":\"https:\\\/\\\/stilanddesign.se\\\/produkt\\\/stickad-topp-fran-marta-du-chateau-elegant-vardagslyx-%e2%9c%a8-2\\\/#primaryimage\"},\"image\":{\"@id\":\"https:\\\/\\\/stilanddesign.se\\\/produkt\\\/stickad-topp-fran-marta-du-chateau-elegant-vardagslyx-%e2%9c%a8-2\\\/#primaryimage\"},\"thumbnailUrl\":\"https:\\\/\\\/stilanddesign.se\\\/wp-content\\\/uploads\\\/2025\\\/12\\\/1024x1024-e3ff2a1e29e71d5efb184c2ceeb20028.jpg\",\"datePublished\":\"2026-04-09T09:15:35+00:00\",\"dateModified\":\"2026-04-11T11:27:28+00:00\",\"breadcrumb\":{\"@id\":\"https:\\\/\\\/stilanddesign.se\\\/produkt\\\/stickad-topp-fran-marta-du-chateau-elegant-vardagslyx-%e2%9c%a8-2\\\/#breadcrumb\"},\"inLanguage\":\"en-US\",\"potentialAction\":[{\"@type\":\"ReadAction\",\"target\":[\"https:\\\/\\\/stilanddesign.se\\\/produkt\\\/stickad-topp-fran-marta-du-chateau-elegant-vardagslyx-%e2%9c%a8-2\\\/\"]}]},{\"@type\":\"ImageObject\",\"inLanguage\":\"en-US\",\"@id\":\"https:\\\/\\\/stilanddesign.se\\\/produkt\\\/stickad-topp-fran-marta-du-chateau-elegant-vardagslyx-%e2%9c%a8-2\\\/#primaryimage\",\"url\":\"https:\\\/\\\/stilanddesign.se\\\/wp-content\\\/uploads\\\/2025\\\/12\\\/1024x1024-e3ff2a1e29e71d5efb184c2ceeb20028.jpg\",\"contentUrl\":\"https:\\\/\\\/stilanddesign.se\\\/wp-content\\\/uploads\\\/2025\\\/12\\\/1024x1024-e3ff2a1e29e71d5efb184c2ceeb20028.jpg\",\"width\":1024,\"height\":1024},{\"@type\":\"BreadcrumbList\",\"@id\":\"https:\\\/\\\/stilanddesign.se\\\/produkt\\\/stickad-topp-fran-marta-du-chateau-elegant-vardagslyx-%e2%9c%a8-2\\\/#breadcrumb\",\"itemListElement\":[{\"@type\":\"ListItem\",\"position\":1,\"name\":\"Hem\",\"item\":\"https:\\\/\\\/stilanddesign.se\\\/\"},{\"@type\":\"ListItem\",\"position\":2,\"name\":\"Butiken\",\"item\":\"https:\\\/\\\/stilanddesign.se\\\/butiken\\\/\"},{\"@type\":\"ListItem\",\"position\":3,\"name\":\"Stickad topp fr\u00e5n Marta du Ch\u00e2teau \u2013 elegant vardagslyx \u2728\"}]},{\"@type\":\"WebSite\",\"@id\":\"https:\\\/\\\/stilanddesign.se\\\/#website\",\"url\":\"https:\\\/\\\/stilanddesign.se\\\/\",\"name\":\"Stil &amp; Design\",\"description\":\"F\u00f6r oss som \u00e4lskar mode!\",\"publisher\":{\"@id\":\"https:\\\/\\\/stilanddesign.se\\\/#organization\"},\"potentialAction\":[{\"@type\":\"SearchAction\",\"target\":{\"@type\":\"EntryPoint\",\"urlTemplate\":\"https:\\\/\\\/stilanddesign.se\\\/?s={search_term_string}\"},\"query-input\":{\"@type\":\"PropertyValueSpecification\",\"valueRequired\":true,\"valueName\":\"search_term_string\"}}],\"inLanguage\":\"en-US\"},{\"@type\":\"Organization\",\"@id\":\"https:\\\/\\\/stilanddesign.se\\\/#organization\",\"name\":\"Stil &amp; Design\",\"url\":\"https:\\\/\\\/stilanddesign.se\\\/\",\"logo\":{\"@type\":\"ImageObject\",\"inLanguage\":\"en-US\",\"@id\":\"https:\\\/\\\/stilanddesign.se\\\/#\\\/schema\\\/logo\\\/image\\\/\",\"url\":\"https:\\\/\\\/stilanddesign.se\\\/wp-content\\\/uploads\\\/2023\\\/12\\\/output-onlinepngtools-e1727784413220.png\",\"contentUrl\":\"https:\\\/\\\/stilanddesign.se\\\/wp-content\\\/uploads\\\/2023\\\/12\\\/output-onlinepngtools-e1727784413220.png\",\"width\":519,\"height\":135,\"caption\":\"Stil &amp; Design\"},\"image\":{\"@id\":\"https:\\\/\\\/stilanddesign.se\\\/#\\\/schema\\\/logo\\\/image\\\/\"}}]}<\/script>\n<!-- \/ Yoast SEO Premium plugin. -->","yoast_head_json":{"title":"Stickad topp fr\u00e5n Marta du Ch\u00e2teau \u2013 elegant vardagslyx \u2728 - Stil &amp; Design","robots":{"index":"index","follow":"follow","max-snippet":"max-snippet:-1","max-image-preview":"max-image-preview:large","max-video-preview":"max-video-preview:-1"},"canonical":"https:\/\/stilanddesign.se\/en\/product\/stickad-topp-fran-marta-du-chateau-elegant-vardagslyx-\u2728-2\/","og_locale":"en_US","og_type":"article","og_title":"Stickad topp fr\u00e5n Marta du Ch\u00e2teau \u2013 elegant vardagslyx \u2728","og_description":"Stickad topp fr\u00e5n Marta du Ch\u00e2teau \u2013 elegant vardagslyx \u2728 En fantastiskt sk\u00f6n stickad topp i one size fr\u00e5n Marta du Ch\u00e2teau \u2013 lika enkel som den \u00e4r stilfull. Den har en elegant b\u00e5tringning, kortare \u00e4rm med bred ribb och en rak, avslappnad passform som inte sitter \u00e5t men \u00e4nd\u00e5 k\u00e4nns kl\u00e4dd. Perfekt till b\u00e5de kontoret, middagen eller bara n\u00e4r du vill k\u00e4nna dig lite extra fin i vardagen \ud83d\udcab     Mjuk och sk\u00f6n stickning    B\u00e5tringning som ger en feminin siluett    Korta \u00e4rmar med bred ribb f\u00f6r snyggt fall    One size \u2013 l\u00e4tt oversized, sitter fint p\u00e5 m\u00e5nga kroppstyper    Superfin till b\u00e5de jeans, kostymbyxa och kjol   Material: 52% viskos, 20% polyester, 18% polyamid, 10% ull En riktig garderobshj\u00e4lte som du kan b\u00e4ra s\u00e4song efter s\u00e4song \u2013 bara att variera f\u00e4rg och styling \ud83d\udc95","og_url":"https:\/\/stilanddesign.se\/en\/product\/stickad-topp-fran-marta-du-chateau-elegant-vardagslyx-\u2728-2\/","og_site_name":"Stil &amp; Design","article_modified_time":"2026-04-11T11:27:28+00:00","og_image":[{"width":1024,"height":1024,"url":"https:\/\/stilanddesign.se\/wp-content\/uploads\/2025\/12\/1024x1024-e3ff2a1e29e71d5efb184c2ceeb20028.jpg","type":"image\/jpeg"}],"twitter_card":"summary_large_image","twitter_misc":{"Est. reading time":"1 minute"},"schema":{"@context":"https:\/\/schema.org","@graph":[{"@type":"WebPage","@id":"https:\/\/stilanddesign.se\/produkt\/stickad-topp-fran-marta-du-chateau-elegant-vardagslyx-%e2%9c%a8-2\/","url":"https:\/\/stilanddesign.se\/produkt\/stickad-topp-fran-marta-du-chateau-elegant-vardagslyx-%e2%9c%a8-2\/","name":"Stickad topp fr\u00e5n Marta du Ch\u00e2teau \u2013 elegant vardagslyx \u2728 - Stil &amp; Design","isPartOf":{"@id":"https:\/\/stilanddesign.se\/#website"},"primaryImageOfPage":{"@id":"https:\/\/stilanddesign.se\/produkt\/stickad-topp-fran-marta-du-chateau-elegant-vardagslyx-%e2%9c%a8-2\/#primaryimage"},"image":{"@id":"https:\/\/stilanddesign.se\/produkt\/stickad-topp-fran-marta-du-chateau-elegant-vardagslyx-%e2%9c%a8-2\/#primaryimage"},"thumbnailUrl":"https:\/\/stilanddesign.se\/wp-content\/uploads\/2025\/12\/1024x1024-e3ff2a1e29e71d5efb184c2ceeb20028.jpg","datePublished":"2026-04-09T09:15:35+00:00","dateModified":"2026-04-11T11:27:28+00:00","breadcrumb":{"@id":"https:\/\/stilanddesign.se\/produkt\/stickad-topp-fran-marta-du-chateau-elegant-vardagslyx-%e2%9c%a8-2\/#breadcrumb"},"inLanguage":"en-US","potentialAction":[{"@type":"ReadAction","target":["https:\/\/stilanddesign.se\/produkt\/stickad-topp-fran-marta-du-chateau-elegant-vardagslyx-%e2%9c%a8-2\/"]}]},{"@type":"ImageObject","inLanguage":"en-US","@id":"https:\/\/stilanddesign.se\/produkt\/stickad-topp-fran-marta-du-chateau-elegant-vardagslyx-%e2%9c%a8-2\/#primaryimage","url":"https:\/\/stilanddesign.se\/wp-content\/uploads\/2025\/12\/1024x1024-e3ff2a1e29e71d5efb184c2ceeb20028.jpg","contentUrl":"https:\/\/stilanddesign.se\/wp-content\/uploads\/2025\/12\/1024x1024-e3ff2a1e29e71d5efb184c2ceeb20028.jpg","width":1024,"height":1024},{"@type":"BreadcrumbList","@id":"https:\/\/stilanddesign.se\/produkt\/stickad-topp-fran-marta-du-chateau-elegant-vardagslyx-%e2%9c%a8-2\/#breadcrumb","itemListElement":[{"@type":"ListItem","position":1,"name":"Hem","item":"https:\/\/stilanddesign.se\/"},{"@type":"ListItem","position":2,"name":"Butiken","item":"https:\/\/stilanddesign.se\/butiken\/"},{"@type":"ListItem","position":3,"name":"Stickad topp fr\u00e5n Marta du Ch\u00e2teau \u2013 elegant vardagslyx \u2728"}]},{"@type":"WebSite","@id":"https:\/\/stilanddesign.se\/#website","url":"https:\/\/stilanddesign.se\/","name":"Style &amp; Design","description":"For those of us who love fashion!","publisher":{"@id":"https:\/\/stilanddesign.se\/#organization"},"potentialAction":[{"@type":"SearchAction","target":{"@type":"EntryPoint","urlTemplate":"https:\/\/stilanddesign.se\/?s={search_term_string}"},"query-input":{"@type":"PropertyValueSpecification","valueRequired":true,"valueName":"search_term_string"}}],"inLanguage":"en-US"},{"@type":"Organization","@id":"https:\/\/stilanddesign.se\/#organization","name":"Style &amp; Design","url":"https:\/\/stilanddesign.se\/","logo":{"@type":"ImageObject","inLanguage":"en-US","@id":"https:\/\/stilanddesign.se\/#\/schema\/logo\/image\/","url":"https:\/\/stilanddesign.se\/wp-content\/uploads\/2023\/12\/output-onlinepngtools-e1727784413220.png","contentUrl":"https:\/\/stilanddesign.se\/wp-content\/uploads\/2023\/12\/output-onlinepngtools-e1727784413220.png","width":519,"height":135,"caption":"Stil &amp; Design"},"image":{"@id":"https:\/\/stilanddesign.se\/#\/schema\/logo\/image\/"}}]}},"_links":{"self":[{"href":"https:\/\/stilanddesign.se\/en\/wp-json\/wp\/v2\/product\/1058179","targetHints":{"allow":["GET"]}}],"collection":[{"href":"https:\/\/stilanddesign.se\/en\/wp-json\/wp\/v2\/product"}],"about":[{"href":"https:\/\/stilanddesign.se\/en\/wp-json\/wp\/v2\/types\/product"}],"replies":[{"embeddable":true,"href":"https:\/\/stilanddesign.se\/en\/wp-json\/wp\/v2\/comments?post=1058179"}],"wp:featuredmedia":[{"embeddable":true,"href":"https:\/\/stilanddesign.se\/en\/wp-json\/wp\/v2\/media\/1058154"}],"wp:attachment":[{"href":"https:\/\/stilanddesign.se\/en\/wp-json\/wp\/v2\/media?parent=1058179"}],"wp:term":[{"taxonomy":"product_brand","embeddable":true,"href":"https:\/\/stilanddesign.se\/en\/wp-json\/wp\/v2\/product_brand?post=1058179"},{"taxonomy":"product_cat","embeddable":true,"href":"https:\/\/stilanddesign.se\/en\/wp-json\/wp\/v2\/product_cat?post=1058179"},{"taxonomy":"product_tag","embeddable":true,"href":"https:\/\/stilanddesign.se\/en\/wp-json\/wp\/v2\/product_tag?post=1058179"}],"curies":[{"name":"wp","href":"https:\/\/api.w.org\/{rel}","templated":true}]}}