{"id":1058043,"date":"2026-01-20T13:23:19","date_gmt":"2026-01-20T12:23:19","guid":{"rendered":"https:\/\/stilanddesign.se\/?post_type=product&#038;p=1058043"},"modified":"2026-04-12T22:53:28","modified_gmt":"2026-04-12T20:53:28","slug":"%e2%9c%a8%f0%9f%92%9b-liten-detalj-maxad-elegans-%f0%9f%92%9b%e2%9c%a8","status":"publish","type":"product","link":"https:\/\/stilanddesign.se\/en\/product\/%e2%9c%a8%f0%9f%92%9b-liten-detalj-maxad-elegans-%f0%9f%92%9b%e2%9c%a8\/","title":{"rendered":"\u2728\ud83d\udc9b Small detail \u2013 MAXIMUM elegance! \ud83d\udc9b\u2728"},"content":{"rendered":"<p data-start=\"0\" data-end=\"43\">\u2728\ud83d\udc9b <strong data-start=\"4\" data-end=\"37\">Small detail \u2013 MAXIMUM elegance!<\/strong> \ud83d\udc9b\u2728<\/p>\n<p data-start=\"45\" data-end=\"123\"><strong data-start=\"45\" data-end=\"66\">Pins in gold double<\/strong> \u2013 the perfect combination of <strong data-start=\"99\" data-end=\"118\">style &amp; function<\/strong> \ud83c\udf1f<\/p>\n<p data-start=\"125\" data-end=\"279\">This luxurious gold double stick is a real <strong data-start=\"173\" data-end=\"197\">savior in the closet<\/strong> \u2013 as stylish as jewelry and a smart solution when the blouse wants to live its own life \ud83d\ude09<\/p>\n<p data-start=\"281\" data-end=\"306\">\ud83c\udf1f <strong data-start=\"284\" data-end=\"306\">Use it like this:<\/strong><\/p>\n<ul data-start=\"307\" data-end=\"438\">\n<li data-start=\"307\" data-end=\"336\">\n<p data-start=\"309\" data-end=\"336\">\ud83d\udc8d Like an elegant piece of jewelry<\/p>\n<\/li>\n<li data-start=\"337\" data-end=\"381\">\n<p data-start=\"339\" data-end=\"381\">\ud83d\udc5a To fasten a blouse that is slipping<\/p>\n<\/li>\n<li data-start=\"382\" data-end=\"438\">\n<p data-start=\"384\" data-end=\"438\">\ud83e\udde5 On a jacket, cardigan or scarf for an exclusive touch<\/p>\n<\/li>\n<\/ul>\n<p data-start=\"440\" data-end=\"529\">\u2728 <strong data-start=\"442\" data-end=\"451\">Paint:<\/strong> Gold double<br data-start=\"462\" data-end=\"465\" \/>\ud83c\udf81 Comes in a beautiful little bag - perfect as a gift<\/p>\n<p data-start=\"531\" data-end=\"579\">\u26a0\ufe0f <strong data-start=\"534\" data-end=\"542\">NOTE!<\/strong><br data-start=\"542\" data-end=\"545\" \/>NO exchange or return rights on these<\/p>\n<p data-start=\"581\" data-end=\"666\" data-is-last-node=\"\" data-is-only-node=\"\">A small accessory with <strong data-start=\"604\" data-end=\"623\">great WOW feeling<\/strong> \u2013 practical, chic &amp; completely irresistible \ud83d\udcab\ud83d\udc9b<\/p>\n<p>&nbsp;<\/p>\n<p>&nbsp;<\/p>","protected":false},"excerpt":{"rendered":"<p data-start=\"0\" data-end=\"43\">\u2728\ud83d\udc9b <strong data-start=\"4\" data-end=\"37\">Small detail \u2013 MAXIMUM elegance!<\/strong> \ud83d\udc9b\u2728<\/p>\n<p data-start=\"45\" data-end=\"123\"><strong data-start=\"45\" data-end=\"66\">Pins in gold double<\/strong> \u2013 the perfect combination of <strong data-start=\"99\" data-end=\"118\">style &amp; function<\/strong> \ud83c\udf1f<\/p>\n<p data-start=\"125\" data-end=\"279\">This luxurious gold double stick is a real <strong data-start=\"173\" data-end=\"197\">savior in the closet<\/strong> \u2013 as stylish as jewelry and a smart solution when the blouse wants to live its own life \ud83d\ude09<\/p>\n<p data-start=\"281\" data-end=\"306\">\ud83c\udf1f <strong data-start=\"284\" data-end=\"306\">Use it like this:<\/strong><\/p>\n<ul data-start=\"307\" data-end=\"438\">\n<li data-start=\"307\" data-end=\"336\">\n<p data-start=\"309\" data-end=\"336\">\ud83d\udc8d Like an elegant piece of jewelry<\/p>\n<\/li>\n<li data-start=\"337\" data-end=\"381\">\n<p data-start=\"339\" data-end=\"381\">\ud83d\udc5a To fasten a blouse that is slipping<\/p>\n<\/li>\n<li data-start=\"382\" data-end=\"438\">\n<p data-start=\"384\" data-end=\"438\">\ud83e\udde5 On a jacket, cardigan or scarf for an exclusive touch<\/p>\n<\/li>\n<\/ul>\n<p data-start=\"440\" data-end=\"529\">\u2728 <strong data-start=\"442\" data-end=\"451\">Paint:<\/strong> Gold double<br data-start=\"462\" data-end=\"465\" \/>\ud83c\udf81 Comes in a beautiful little bag - perfect as a gift<\/p>\n<p data-start=\"531\" data-end=\"579\">\u26a0\ufe0f <strong data-start=\"534\" data-end=\"542\">NOTE!<\/strong><br data-start=\"542\" data-end=\"545\" \/>NO exchange or return rights on these<\/p>\n<p data-start=\"581\" data-end=\"666\" data-is-last-node=\"\" data-is-only-node=\"\">A small accessory with <strong data-start=\"604\" data-end=\"623\">great WOW feeling<\/strong> \u2013 practical, chic &amp; completely irresistible \ud83d\udcab\ud83d\udc9b<\/p>\n<p>&nbsp;<\/p>\n<p>&nbsp;<\/p>\n<p>&nbsp;<\/p>","protected":false},"featured_media":1058004,"comment_status":"closed","ping_status":"closed","template":"","meta":[],"product_brand":[],"product_cat":[231],"product_tag":[],"class_list":{"0":"post-1058043","1":"product","2":"type-product","3":"status-publish","4":"has-post-thumbnail","6":"product_cat-smycken","8":"first","9":"instock","10":"taxable","11":"shipping-taxable","12":"purchasable","13":"product-type-variable"},"yoast_head":"<!-- This site is optimized with the Yoast SEO Premium plugin v27.1 (Yoast SEO v27.4) - https:\/\/yoast.com\/product\/yoast-seo-premium-wordpress\/ -->\n<title>\u2728\ud83d\udc9b Liten detalj \u2013 MAXAD elegans! \ud83d\udc9b\u2728 - Stil &amp; Design<\/title>\n<meta name=\"robots\" content=\"index, follow, max-snippet:-1, max-image-preview:large, max-video-preview:-1\" \/>\n<link rel=\"canonical\" href=\"https:\/\/stilanddesign.se\/en\/product\/\u2728\ud83d\udc9b-liten-detalj-maxad-elegans-\ud83d\udc9b\u2728\/\" \/>\n<meta property=\"og:locale\" content=\"en_US\" \/>\n<meta property=\"og:type\" content=\"article\" \/>\n<meta property=\"og:title\" content=\"\u2728\ud83d\udc9b Liten detalj \u2013 MAXAD elegans! \ud83d\udc9b\u2728\" \/>\n<meta property=\"og:description\" content=\"\u2728\ud83d\udc9b Liten detalj \u2013 MAXAD elegans! \ud83d\udc9b\u2728 Pins i gulddouble \u2013 den perfekta kombinationen av stil &amp; funktion \ud83c\udf1f Den h\u00e4r lyxiga pinnen i gulddouble \u00e4r en riktig r\u00e4ddare i garderoben \u2013 lika snygg som smycke som smart l\u00f6sning n\u00e4r blusen vill leva sitt eget liv \ud83d\ude09 \ud83c\udf1f Anv\u00e4nd den s\u00e5 h\u00e4r:     \ud83d\udc8d Som ett elegant smycke    \ud83d\udc5a F\u00f6r att f\u00e4sta ihop en blus som glipar    \ud83e\udde5 P\u00e5 kavaj, kofta eller scarf f\u00f6r en exklusiv touch   \u2728 F\u00e4rg: Gulddouble\ud83c\udf81 Levereras i en vacker liten p\u00e5se \u2013 perfekt \u00e4ven som present \u26a0\ufe0f OBS!EJ byte eller returr\u00e4tt p\u00e5 dessa En liten accessoar med stor WOW-k\u00e4nsla \u2013 praktisk, chic &amp; helt oemotst\u00e5ndlig \ud83d\udcab\ud83d\udc9b &nbsp;  &nbsp;  &nbsp;\" \/>\n<meta property=\"og:url\" content=\"https:\/\/stilanddesign.se\/en\/product\/\u2728\ud83d\udc9b-liten-detalj-maxad-elegans-\ud83d\udc9b\u2728\/\" \/>\n<meta property=\"og:site_name\" content=\"Stil &amp; Design\" \/>\n<meta property=\"article:modified_time\" content=\"2026-04-12T20:53:28+00:00\" \/>\n<meta property=\"og:image\" content=\"https:\/\/stilanddesign.se\/wp-content\/uploads\/2025\/12\/7767654544.jpeg\" \/>\n\t<meta property=\"og:image:width\" content=\"746\" \/>\n\t<meta property=\"og:image:height\" content=\"1138\" \/>\n\t<meta property=\"og:image:type\" content=\"image\/jpeg\" \/>\n<meta name=\"twitter:card\" content=\"summary_large_image\" \/>\n<meta name=\"twitter:label1\" content=\"Est. reading time\" \/>\n\t<meta name=\"twitter:data1\" content=\"1 minute\" \/>\n<script type=\"application\/ld+json\" class=\"yoast-schema-graph\">{\"@context\":\"https:\\\/\\\/schema.org\",\"@graph\":[{\"@type\":\"WebPage\",\"@id\":\"https:\\\/\\\/stilanddesign.se\\\/produkt\\\/%e2%9c%a8%f0%9f%92%9b-liten-detalj-maxad-elegans-%f0%9f%92%9b%e2%9c%a8\\\/\",\"url\":\"https:\\\/\\\/stilanddesign.se\\\/produkt\\\/%e2%9c%a8%f0%9f%92%9b-liten-detalj-maxad-elegans-%f0%9f%92%9b%e2%9c%a8\\\/\",\"name\":\"\u2728\ud83d\udc9b Liten detalj \u2013 MAXAD elegans! \ud83d\udc9b\u2728 - Stil &amp; Design\",\"isPartOf\":{\"@id\":\"https:\\\/\\\/stilanddesign.se\\\/#website\"},\"primaryImageOfPage\":{\"@id\":\"https:\\\/\\\/stilanddesign.se\\\/produkt\\\/%e2%9c%a8%f0%9f%92%9b-liten-detalj-maxad-elegans-%f0%9f%92%9b%e2%9c%a8\\\/#primaryimage\"},\"image\":{\"@id\":\"https:\\\/\\\/stilanddesign.se\\\/produkt\\\/%e2%9c%a8%f0%9f%92%9b-liten-detalj-maxad-elegans-%f0%9f%92%9b%e2%9c%a8\\\/#primaryimage\"},\"thumbnailUrl\":\"https:\\\/\\\/stilanddesign.se\\\/wp-content\\\/uploads\\\/2025\\\/12\\\/7767654544.jpeg\",\"datePublished\":\"2026-01-20T12:23:19+00:00\",\"dateModified\":\"2026-04-12T20:53:28+00:00\",\"breadcrumb\":{\"@id\":\"https:\\\/\\\/stilanddesign.se\\\/produkt\\\/%e2%9c%a8%f0%9f%92%9b-liten-detalj-maxad-elegans-%f0%9f%92%9b%e2%9c%a8\\\/#breadcrumb\"},\"inLanguage\":\"en-US\",\"potentialAction\":[{\"@type\":\"ReadAction\",\"target\":[\"https:\\\/\\\/stilanddesign.se\\\/produkt\\\/%e2%9c%a8%f0%9f%92%9b-liten-detalj-maxad-elegans-%f0%9f%92%9b%e2%9c%a8\\\/\"]}]},{\"@type\":\"ImageObject\",\"inLanguage\":\"en-US\",\"@id\":\"https:\\\/\\\/stilanddesign.se\\\/produkt\\\/%e2%9c%a8%f0%9f%92%9b-liten-detalj-maxad-elegans-%f0%9f%92%9b%e2%9c%a8\\\/#primaryimage\",\"url\":\"https:\\\/\\\/stilanddesign.se\\\/wp-content\\\/uploads\\\/2025\\\/12\\\/7767654544.jpeg\",\"contentUrl\":\"https:\\\/\\\/stilanddesign.se\\\/wp-content\\\/uploads\\\/2025\\\/12\\\/7767654544.jpeg\",\"width\":746,\"height\":1138,\"caption\":\"Screenshot\"},{\"@type\":\"BreadcrumbList\",\"@id\":\"https:\\\/\\\/stilanddesign.se\\\/produkt\\\/%e2%9c%a8%f0%9f%92%9b-liten-detalj-maxad-elegans-%f0%9f%92%9b%e2%9c%a8\\\/#breadcrumb\",\"itemListElement\":[{\"@type\":\"ListItem\",\"position\":1,\"name\":\"Hem\",\"item\":\"https:\\\/\\\/stilanddesign.se\\\/\"},{\"@type\":\"ListItem\",\"position\":2,\"name\":\"Butiken\",\"item\":\"https:\\\/\\\/stilanddesign.se\\\/butiken\\\/\"},{\"@type\":\"ListItem\",\"position\":3,\"name\":\"\u2728\ud83d\udc9b Liten detalj \u2013 MAXAD elegans! \ud83d\udc9b\u2728\"}]},{\"@type\":\"WebSite\",\"@id\":\"https:\\\/\\\/stilanddesign.se\\\/#website\",\"url\":\"https:\\\/\\\/stilanddesign.se\\\/\",\"name\":\"Stil &amp; Design\",\"description\":\"F\u00f6r oss som \u00e4lskar mode!\",\"publisher\":{\"@id\":\"https:\\\/\\\/stilanddesign.se\\\/#organization\"},\"potentialAction\":[{\"@type\":\"SearchAction\",\"target\":{\"@type\":\"EntryPoint\",\"urlTemplate\":\"https:\\\/\\\/stilanddesign.se\\\/?s={search_term_string}\"},\"query-input\":{\"@type\":\"PropertyValueSpecification\",\"valueRequired\":true,\"valueName\":\"search_term_string\"}}],\"inLanguage\":\"en-US\"},{\"@type\":\"Organization\",\"@id\":\"https:\\\/\\\/stilanddesign.se\\\/#organization\",\"name\":\"Stil &amp; Design\",\"url\":\"https:\\\/\\\/stilanddesign.se\\\/\",\"logo\":{\"@type\":\"ImageObject\",\"inLanguage\":\"en-US\",\"@id\":\"https:\\\/\\\/stilanddesign.se\\\/#\\\/schema\\\/logo\\\/image\\\/\",\"url\":\"https:\\\/\\\/stilanddesign.se\\\/wp-content\\\/uploads\\\/2023\\\/12\\\/output-onlinepngtools-e1727784413220.png\",\"contentUrl\":\"https:\\\/\\\/stilanddesign.se\\\/wp-content\\\/uploads\\\/2023\\\/12\\\/output-onlinepngtools-e1727784413220.png\",\"width\":519,\"height\":135,\"caption\":\"Stil &amp; Design\"},\"image\":{\"@id\":\"https:\\\/\\\/stilanddesign.se\\\/#\\\/schema\\\/logo\\\/image\\\/\"}}]}<\/script>\n<!-- \/ Yoast SEO Premium plugin. -->","yoast_head_json":{"title":"\u2728\ud83d\udc9b Liten detalj \u2013 MAXAD elegans! \ud83d\udc9b\u2728 - Stil &amp; Design","robots":{"index":"index","follow":"follow","max-snippet":"max-snippet:-1","max-image-preview":"max-image-preview:large","max-video-preview":"max-video-preview:-1"},"canonical":"https:\/\/stilanddesign.se\/en\/product\/\u2728\ud83d\udc9b-liten-detalj-maxad-elegans-\ud83d\udc9b\u2728\/","og_locale":"en_US","og_type":"article","og_title":"\u2728\ud83d\udc9b Liten detalj \u2013 MAXAD elegans! \ud83d\udc9b\u2728","og_description":"\u2728\ud83d\udc9b Liten detalj \u2013 MAXAD elegans! \ud83d\udc9b\u2728 Pins i gulddouble \u2013 den perfekta kombinationen av stil &amp; funktion \ud83c\udf1f Den h\u00e4r lyxiga pinnen i gulddouble \u00e4r en riktig r\u00e4ddare i garderoben \u2013 lika snygg som smycke som smart l\u00f6sning n\u00e4r blusen vill leva sitt eget liv \ud83d\ude09 \ud83c\udf1f Anv\u00e4nd den s\u00e5 h\u00e4r:     \ud83d\udc8d Som ett elegant smycke    \ud83d\udc5a F\u00f6r att f\u00e4sta ihop en blus som glipar    \ud83e\udde5 P\u00e5 kavaj, kofta eller scarf f\u00f6r en exklusiv touch   \u2728 F\u00e4rg: Gulddouble\ud83c\udf81 Levereras i en vacker liten p\u00e5se \u2013 perfekt \u00e4ven som present \u26a0\ufe0f OBS!EJ byte eller returr\u00e4tt p\u00e5 dessa En liten accessoar med stor WOW-k\u00e4nsla \u2013 praktisk, chic &amp; helt oemotst\u00e5ndlig \ud83d\udcab\ud83d\udc9b &nbsp;  &nbsp;  &nbsp;","og_url":"https:\/\/stilanddesign.se\/en\/product\/\u2728\ud83d\udc9b-liten-detalj-maxad-elegans-\ud83d\udc9b\u2728\/","og_site_name":"Stil &amp; Design","article_modified_time":"2026-04-12T20:53:28+00:00","og_image":[{"width":746,"height":1138,"url":"https:\/\/stilanddesign.se\/wp-content\/uploads\/2025\/12\/7767654544.jpeg","type":"image\/jpeg"}],"twitter_card":"summary_large_image","twitter_misc":{"Est. reading time":"1 minute"},"schema":{"@context":"https:\/\/schema.org","@graph":[{"@type":"WebPage","@id":"https:\/\/stilanddesign.se\/produkt\/%e2%9c%a8%f0%9f%92%9b-liten-detalj-maxad-elegans-%f0%9f%92%9b%e2%9c%a8\/","url":"https:\/\/stilanddesign.se\/produkt\/%e2%9c%a8%f0%9f%92%9b-liten-detalj-maxad-elegans-%f0%9f%92%9b%e2%9c%a8\/","name":"\u2728\ud83d\udc9b Liten detalj \u2013 MAXAD elegans! \ud83d\udc9b\u2728 - Stil &amp; Design","isPartOf":{"@id":"https:\/\/stilanddesign.se\/#website"},"primaryImageOfPage":{"@id":"https:\/\/stilanddesign.se\/produkt\/%e2%9c%a8%f0%9f%92%9b-liten-detalj-maxad-elegans-%f0%9f%92%9b%e2%9c%a8\/#primaryimage"},"image":{"@id":"https:\/\/stilanddesign.se\/produkt\/%e2%9c%a8%f0%9f%92%9b-liten-detalj-maxad-elegans-%f0%9f%92%9b%e2%9c%a8\/#primaryimage"},"thumbnailUrl":"https:\/\/stilanddesign.se\/wp-content\/uploads\/2025\/12\/7767654544.jpeg","datePublished":"2026-01-20T12:23:19+00:00","dateModified":"2026-04-12T20:53:28+00:00","breadcrumb":{"@id":"https:\/\/stilanddesign.se\/produkt\/%e2%9c%a8%f0%9f%92%9b-liten-detalj-maxad-elegans-%f0%9f%92%9b%e2%9c%a8\/#breadcrumb"},"inLanguage":"en-US","potentialAction":[{"@type":"ReadAction","target":["https:\/\/stilanddesign.se\/produkt\/%e2%9c%a8%f0%9f%92%9b-liten-detalj-maxad-elegans-%f0%9f%92%9b%e2%9c%a8\/"]}]},{"@type":"ImageObject","inLanguage":"en-US","@id":"https:\/\/stilanddesign.se\/produkt\/%e2%9c%a8%f0%9f%92%9b-liten-detalj-maxad-elegans-%f0%9f%92%9b%e2%9c%a8\/#primaryimage","url":"https:\/\/stilanddesign.se\/wp-content\/uploads\/2025\/12\/7767654544.jpeg","contentUrl":"https:\/\/stilanddesign.se\/wp-content\/uploads\/2025\/12\/7767654544.jpeg","width":746,"height":1138,"caption":"Screenshot"},{"@type":"BreadcrumbList","@id":"https:\/\/stilanddesign.se\/produkt\/%e2%9c%a8%f0%9f%92%9b-liten-detalj-maxad-elegans-%f0%9f%92%9b%e2%9c%a8\/#breadcrumb","itemListElement":[{"@type":"ListItem","position":1,"name":"Hem","item":"https:\/\/stilanddesign.se\/"},{"@type":"ListItem","position":2,"name":"Butiken","item":"https:\/\/stilanddesign.se\/butiken\/"},{"@type":"ListItem","position":3,"name":"\u2728\ud83d\udc9b Liten detalj \u2013 MAXAD elegans! \ud83d\udc9b\u2728"}]},{"@type":"WebSite","@id":"https:\/\/stilanddesign.se\/#website","url":"https:\/\/stilanddesign.se\/","name":"Style &amp; Design","description":"For those of us who love fashion!","publisher":{"@id":"https:\/\/stilanddesign.se\/#organization"},"potentialAction":[{"@type":"SearchAction","target":{"@type":"EntryPoint","urlTemplate":"https:\/\/stilanddesign.se\/?s={search_term_string}"},"query-input":{"@type":"PropertyValueSpecification","valueRequired":true,"valueName":"search_term_string"}}],"inLanguage":"en-US"},{"@type":"Organization","@id":"https:\/\/stilanddesign.se\/#organization","name":"Style &amp; Design","url":"https:\/\/stilanddesign.se\/","logo":{"@type":"ImageObject","inLanguage":"en-US","@id":"https:\/\/stilanddesign.se\/#\/schema\/logo\/image\/","url":"https:\/\/stilanddesign.se\/wp-content\/uploads\/2023\/12\/output-onlinepngtools-e1727784413220.png","contentUrl":"https:\/\/stilanddesign.se\/wp-content\/uploads\/2023\/12\/output-onlinepngtools-e1727784413220.png","width":519,"height":135,"caption":"Stil &amp; Design"},"image":{"@id":"https:\/\/stilanddesign.se\/#\/schema\/logo\/image\/"}}]}},"_links":{"self":[{"href":"https:\/\/stilanddesign.se\/en\/wp-json\/wp\/v2\/product\/1058043","targetHints":{"allow":["GET"]}}],"collection":[{"href":"https:\/\/stilanddesign.se\/en\/wp-json\/wp\/v2\/product"}],"about":[{"href":"https:\/\/stilanddesign.se\/en\/wp-json\/wp\/v2\/types\/product"}],"replies":[{"embeddable":true,"href":"https:\/\/stilanddesign.se\/en\/wp-json\/wp\/v2\/comments?post=1058043"}],"wp:featuredmedia":[{"embeddable":true,"href":"https:\/\/stilanddesign.se\/en\/wp-json\/wp\/v2\/media\/1058004"}],"wp:attachment":[{"href":"https:\/\/stilanddesign.se\/en\/wp-json\/wp\/v2\/media?parent=1058043"}],"wp:term":[{"taxonomy":"product_brand","embeddable":true,"href":"https:\/\/stilanddesign.se\/en\/wp-json\/wp\/v2\/product_brand?post=1058043"},{"taxonomy":"product_cat","embeddable":true,"href":"https:\/\/stilanddesign.se\/en\/wp-json\/wp\/v2\/product_cat?post=1058043"},{"taxonomy":"product_tag","embeddable":true,"href":"https:\/\/stilanddesign.se\/en\/wp-json\/wp\/v2\/product_tag?post=1058043"}],"curies":[{"name":"wp","href":"https:\/\/api.w.org\/{rel}","templated":true}]}}