{"id":1056050,"date":"2025-12-30T14:01:04","date_gmt":"2025-12-30T13:01:04","guid":{"rendered":"https:\/\/stilanddesign.se\/?post_type=product&#038;p=1056050"},"modified":"2026-01-12T14:03:28","modified_gmt":"2026-01-12T13:03:28","slug":"%f0%9f%8c%ab%ef%b8%8f-elegant-viskossjal-i-varma-kalla-toner-100-viskos","status":"publish","type":"product","link":"https:\/\/stilanddesign.se\/en\/product\/%f0%9f%8c%ab%ef%b8%8f-elegant-viskossjal-i-varma-kalla-toner-100-viskos\/","title":{"rendered":"\ud83c\udf2b\ufe0f Elegant viscose shawl in warm &amp; cool tones \u2013 100% viscose"},"content":{"rendered":"<h2 data-start=\"127\" data-end=\"188\">\ud83c\udf2b\ufe0f Elegant viscose shawl in warm &amp; cool tones \u2013 100% viscose<\/h2>\n<p data-start=\"190\" data-end=\"439\">Lift your outfit with this luxurious and supple viscose scarf - a perfect complement all year round!<br data-start=\"283\" data-end=\"286\" \/>The pattern offers soft, artistic brushstrokes in harmonious shades of <strong data-start=\"360\" data-end=\"386\">gray, beige. <\/strong>which makes the scarf both modern and easy to match. \ud83c\udfa8\ud83d\udcab<\/p>\n<p data-start=\"441\" data-end=\"629\">The silky viscose drapes beautifully and gives an exclusive feel without being too warm. Perfect both indoors and outdoors \u2013 over a jacket, dress or as an elegant detail for everyday style.<\/p>\n<h3 data-start=\"631\" data-end=\"646\">\u2728 Details:<\/h3>\n<ul data-start=\"647\" data-end=\"838\">\n<li data-start=\"647\" data-end=\"708\">\n<p data-start=\"649\" data-end=\"708\"><strong data-start=\"649\" data-end=\"664\">100% viscose<\/strong> \u2013 soft, supple and comfortable against the skin<\/p>\n<\/li>\n<li data-start=\"709\" data-end=\"758\">\n<p data-start=\"711\" data-end=\"758\">Available in <strong data-start=\"719\" data-end=\"736\">multiple color choices<\/strong>: Grey, Beige &amp; Black<\/p>\n<\/li>\n<li data-start=\"759\" data-end=\"790\">\n<p data-start=\"761\" data-end=\"790\">Trendy brushstroke pattern<\/p>\n<\/li>\n<li data-start=\"791\" data-end=\"838\">\n<p data-start=\"793\" data-end=\"838\">Easy to style, suitable for both everyday and party wear<\/p>\n<\/li>\n<\/ul>\n<p data-start=\"840\" data-end=\"929\" data-is-last-node=\"\" data-is-only-node=\"\">A scarf that instantly gives your look a lift \u2013 stylish, modern and incredibly useful! \ud83d\udda4\ud83e\udd0d\ud83e\udd0e<\/p>","protected":false},"excerpt":{"rendered":"<h2 data-start=\"127\" data-end=\"188\">\ud83c\udf2b\ufe0f Elegant viscose shawl in warm &amp; cool tones \u2013 100% viscose<\/h2>\n<p data-start=\"190\" data-end=\"439\">Lift your outfit with this luxurious and supple viscose scarf - a perfect complement all year round!<br data-start=\"283\" data-end=\"286\" \/>The pattern offers soft, artistic brushstrokes in harmonious shades of <strong data-start=\"360\" data-end=\"386\">gr\u00e5tt, beige<\/strong>, vilket g\u00f6r sjalen b\u00e5de modern och l\u00e4ttmatchad. \ud83c\udfa8\ud83d\udcab<\/p>\n<p data-start=\"441\" data-end=\"629\">The silky viscose drapes beautifully and gives an exclusive feel without being too warm. Perfect both indoors and outdoors \u2013 over a jacket, dress or as an elegant detail for everyday style.<\/p>\n<h3 data-start=\"631\" data-end=\"646\">\u2728 Details:<\/h3>\n<ul data-start=\"647\" data-end=\"838\">\n<li data-start=\"647\" data-end=\"708\">\n<p data-start=\"649\" data-end=\"708\"><strong data-start=\"649\" data-end=\"664\">100% viscose<\/strong> \u2013 soft, supple and comfortable against the skin<\/p>\n<\/li>\n<li data-start=\"709\" data-end=\"758\">\n<p data-start=\"711\" data-end=\"758\">Available in <strong data-start=\"719\" data-end=\"736\">multiple color choices<\/strong>: Grey, Beige &amp; Black<\/p>\n<\/li>\n<li data-start=\"759\" data-end=\"790\">\n<p data-start=\"761\" data-end=\"790\">Trendy brushstroke pattern<\/p>\n<\/li>\n<li data-start=\"791\" data-end=\"838\">\n<p data-start=\"793\" data-end=\"838\">Easy to style, suitable for both everyday and party wear<\/p>\n<\/li>\n<\/ul>\n<p data-start=\"840\" data-end=\"929\" data-is-last-node=\"\" data-is-only-node=\"\">A scarf that instantly gives your look a lift \u2013 stylish, modern and incredibly useful! \ud83d\udda4\ud83e\udd0d\ud83e\udd0e<\/p>","protected":false},"featured_media":1056055,"comment_status":"closed","ping_status":"closed","template":"","meta":[],"product_brand":[],"product_cat":[209],"product_tag":[],"class_list":{"0":"post-1056050","1":"product","2":"type-product","3":"status-publish","4":"has-post-thumbnail","6":"product_cat-reaprodukter","8":"first","9":"outofstock","10":"taxable","11":"shipping-taxable","12":"product-type-variable"},"yoast_head":"<!-- This site is optimized with the Yoast SEO Premium plugin v27.4 (Yoast SEO v27.5) - https:\/\/yoast.com\/product\/yoast-seo-premium-wordpress\/ -->\n<title>\ud83c\udf2b\ufe0f Elegant viskossjal i varma &amp; kalla toner \u2013 100% viskos - Stil &amp; Design<\/title>\n<meta name=\"robots\" content=\"index, follow, max-snippet:-1, max-image-preview:large, max-video-preview:-1\" \/>\n<link rel=\"canonical\" href=\"https:\/\/stilanddesign.se\/en\/product\/\ud83c\udf2b\ufe0f-elegant-viskossjal-i-varma-kalla-toner-100-viskos\/\" \/>\n<meta property=\"og:locale\" content=\"en_US\" \/>\n<meta property=\"og:type\" content=\"article\" \/>\n<meta property=\"og:title\" content=\"\ud83c\udf2b\ufe0f Elegant viskossjal i varma &amp; kalla toner \u2013 100% viskos\" \/>\n<meta property=\"og:description\" content=\"\ud83c\udf2b\ufe0f Elegant viskossjal i varma &amp; kalla toner \u2013 100% viskos Lyft din outfit med denna lyxiga och f\u00f6ljsamma viskossjal \u2013 ett perfekt komplement \u00e5ret runt!M\u00f6nstret bjuder p\u00e5 mjuka, konstn\u00e4rliga penseldrag i harmoniska nyanser av gr\u00e5tt, beige, vilket g\u00f6r sjalen b\u00e5de modern och l\u00e4ttmatchad. \ud83c\udfa8\ud83d\udcab Den silkeslena viskosen faller vackert och ger en exklusiv k\u00e4nsla utan att bli f\u00f6r varm. Perfekt b\u00e5de inne och ute \u2013 \u00f6ver jackan, kl\u00e4nningen eller som en elegant detalj till vardagsstilen.  \u2728 Detaljer:    100% viskos \u2013 mjukt, f\u00f6ljsamt och behagligt mot huden    Finns i flera f\u00e4rgval: Gr\u00e5, Beige &amp; Svart    Trendigt penseldragsm\u00f6nster    L\u00e4tt att styla, passar b\u00e5de vardag och fest   En sjal som genast ger din look ett lyft \u2013 stilren, modern och otroligt anv\u00e4ndbar! \ud83d\udda4\ud83e\udd0d\ud83e\udd0e\" \/>\n<meta property=\"og:url\" content=\"https:\/\/stilanddesign.se\/en\/product\/\ud83c\udf2b\ufe0f-elegant-viskossjal-i-varma-kalla-toner-100-viskos\/\" \/>\n<meta property=\"og:site_name\" content=\"Stil &amp; Design\" \/>\n<meta property=\"article:modified_time\" content=\"2026-01-12T13:03:28+00:00\" \/>\n<meta property=\"og:image\" content=\"https:\/\/stilanddesign.se\/wp-content\/uploads\/2025\/11\/thumbnail_IMG_1631.jpg\" \/>\n\t<meta property=\"og:image:width\" content=\"1440\" \/>\n\t<meta property=\"og:image:height\" content=\"1920\" \/>\n\t<meta property=\"og:image:type\" content=\"image\/jpeg\" \/>\n<meta name=\"twitter:card\" content=\"summary_large_image\" \/>\n<meta name=\"twitter:label1\" content=\"Est. reading time\" \/>\n\t<meta name=\"twitter:data1\" content=\"1 minute\" \/>\n<script type=\"application\/ld+json\" class=\"yoast-schema-graph\">{\"@context\":\"https:\\\/\\\/schema.org\",\"@graph\":[{\"@type\":\"WebPage\",\"@id\":\"https:\\\/\\\/stilanddesign.se\\\/produkt\\\/%f0%9f%8c%ab%ef%b8%8f-elegant-viskossjal-i-varma-kalla-toner-100-viskos\\\/\",\"url\":\"https:\\\/\\\/stilanddesign.se\\\/produkt\\\/%f0%9f%8c%ab%ef%b8%8f-elegant-viskossjal-i-varma-kalla-toner-100-viskos\\\/\",\"name\":\"\ud83c\udf2b\ufe0f Elegant viskossjal i varma & kalla toner \u2013 100% viskos - Stil &amp; Design\",\"isPartOf\":{\"@id\":\"https:\\\/\\\/stilanddesign.se\\\/#website\"},\"primaryImageOfPage\":{\"@id\":\"https:\\\/\\\/stilanddesign.se\\\/produkt\\\/%f0%9f%8c%ab%ef%b8%8f-elegant-viskossjal-i-varma-kalla-toner-100-viskos\\\/#primaryimage\"},\"image\":{\"@id\":\"https:\\\/\\\/stilanddesign.se\\\/produkt\\\/%f0%9f%8c%ab%ef%b8%8f-elegant-viskossjal-i-varma-kalla-toner-100-viskos\\\/#primaryimage\"},\"thumbnailUrl\":\"https:\\\/\\\/stilanddesign.se\\\/wp-content\\\/uploads\\\/2025\\\/11\\\/thumbnail_IMG_1631.jpg\",\"datePublished\":\"2025-12-30T13:01:04+00:00\",\"dateModified\":\"2026-01-12T13:03:28+00:00\",\"breadcrumb\":{\"@id\":\"https:\\\/\\\/stilanddesign.se\\\/produkt\\\/%f0%9f%8c%ab%ef%b8%8f-elegant-viskossjal-i-varma-kalla-toner-100-viskos\\\/#breadcrumb\"},\"inLanguage\":\"en-US\",\"potentialAction\":[{\"@type\":\"ReadAction\",\"target\":[\"https:\\\/\\\/stilanddesign.se\\\/produkt\\\/%f0%9f%8c%ab%ef%b8%8f-elegant-viskossjal-i-varma-kalla-toner-100-viskos\\\/\"]}]},{\"@type\":\"ImageObject\",\"inLanguage\":\"en-US\",\"@id\":\"https:\\\/\\\/stilanddesign.se\\\/produkt\\\/%f0%9f%8c%ab%ef%b8%8f-elegant-viskossjal-i-varma-kalla-toner-100-viskos\\\/#primaryimage\",\"url\":\"https:\\\/\\\/stilanddesign.se\\\/wp-content\\\/uploads\\\/2025\\\/11\\\/thumbnail_IMG_1631.jpg\",\"contentUrl\":\"https:\\\/\\\/stilanddesign.se\\\/wp-content\\\/uploads\\\/2025\\\/11\\\/thumbnail_IMG_1631.jpg\",\"width\":1440,\"height\":1920},{\"@type\":\"BreadcrumbList\",\"@id\":\"https:\\\/\\\/stilanddesign.se\\\/produkt\\\/%f0%9f%8c%ab%ef%b8%8f-elegant-viskossjal-i-varma-kalla-toner-100-viskos\\\/#breadcrumb\",\"itemListElement\":[{\"@type\":\"ListItem\",\"position\":1,\"name\":\"Hem\",\"item\":\"https:\\\/\\\/stilanddesign.se\\\/\"},{\"@type\":\"ListItem\",\"position\":2,\"name\":\"Butiken\",\"item\":\"https:\\\/\\\/stilanddesign.se\\\/butiken\\\/\"},{\"@type\":\"ListItem\",\"position\":3,\"name\":\"\ud83c\udf2b\ufe0f Elegant viskossjal i varma &#038; kalla toner \u2013 100% viskos\"}]},{\"@type\":\"WebSite\",\"@id\":\"https:\\\/\\\/stilanddesign.se\\\/#website\",\"url\":\"https:\\\/\\\/stilanddesign.se\\\/\",\"name\":\"Stil &amp; Design\",\"description\":\"F\u00f6r oss som \u00e4lskar mode!\",\"publisher\":{\"@id\":\"https:\\\/\\\/stilanddesign.se\\\/#organization\"},\"potentialAction\":[{\"@type\":\"SearchAction\",\"target\":{\"@type\":\"EntryPoint\",\"urlTemplate\":\"https:\\\/\\\/stilanddesign.se\\\/?s={search_term_string}\"},\"query-input\":{\"@type\":\"PropertyValueSpecification\",\"valueRequired\":true,\"valueName\":\"search_term_string\"}}],\"inLanguage\":\"en-US\"},{\"@type\":\"Organization\",\"@id\":\"https:\\\/\\\/stilanddesign.se\\\/#organization\",\"name\":\"Stil &amp; Design\",\"url\":\"https:\\\/\\\/stilanddesign.se\\\/\",\"logo\":{\"@type\":\"ImageObject\",\"inLanguage\":\"en-US\",\"@id\":\"https:\\\/\\\/stilanddesign.se\\\/#\\\/schema\\\/logo\\\/image\\\/\",\"url\":\"https:\\\/\\\/stilanddesign.se\\\/wp-content\\\/uploads\\\/2023\\\/12\\\/output-onlinepngtools-e1727784413220.png\",\"contentUrl\":\"https:\\\/\\\/stilanddesign.se\\\/wp-content\\\/uploads\\\/2023\\\/12\\\/output-onlinepngtools-e1727784413220.png\",\"width\":519,\"height\":135,\"caption\":\"Stil &amp; Design\"},\"image\":{\"@id\":\"https:\\\/\\\/stilanddesign.se\\\/#\\\/schema\\\/logo\\\/image\\\/\"}}]}<\/script>\n<!-- \/ Yoast SEO Premium plugin. -->","yoast_head_json":{"title":"\ud83c\udf2b\ufe0f Elegant viskossjal i varma & kalla toner \u2013 100% viskos - Stil &amp; Design","robots":{"index":"index","follow":"follow","max-snippet":"max-snippet:-1","max-image-preview":"max-image-preview:large","max-video-preview":"max-video-preview:-1"},"canonical":"https:\/\/stilanddesign.se\/en\/product\/\ud83c\udf2b\ufe0f-elegant-viskossjal-i-varma-kalla-toner-100-viskos\/","og_locale":"en_US","og_type":"article","og_title":"\ud83c\udf2b\ufe0f Elegant viskossjal i varma & kalla toner \u2013 100% viskos","og_description":"\ud83c\udf2b\ufe0f Elegant viskossjal i varma &amp; kalla toner \u2013 100% viskos Lyft din outfit med denna lyxiga och f\u00f6ljsamma viskossjal \u2013 ett perfekt komplement \u00e5ret runt!M\u00f6nstret bjuder p\u00e5 mjuka, konstn\u00e4rliga penseldrag i harmoniska nyanser av gr\u00e5tt, beige, vilket g\u00f6r sjalen b\u00e5de modern och l\u00e4ttmatchad. \ud83c\udfa8\ud83d\udcab Den silkeslena viskosen faller vackert och ger en exklusiv k\u00e4nsla utan att bli f\u00f6r varm. Perfekt b\u00e5de inne och ute \u2013 \u00f6ver jackan, kl\u00e4nningen eller som en elegant detalj till vardagsstilen.  \u2728 Detaljer:    100% viskos \u2013 mjukt, f\u00f6ljsamt och behagligt mot huden    Finns i flera f\u00e4rgval: Gr\u00e5, Beige &amp; Svart    Trendigt penseldragsm\u00f6nster    L\u00e4tt att styla, passar b\u00e5de vardag och fest   En sjal som genast ger din look ett lyft \u2013 stilren, modern och otroligt anv\u00e4ndbar! \ud83d\udda4\ud83e\udd0d\ud83e\udd0e","og_url":"https:\/\/stilanddesign.se\/en\/product\/\ud83c\udf2b\ufe0f-elegant-viskossjal-i-varma-kalla-toner-100-viskos\/","og_site_name":"Stil &amp; Design","article_modified_time":"2026-01-12T13:03:28+00:00","og_image":[{"width":1440,"height":1920,"url":"https:\/\/stilanddesign.se\/wp-content\/uploads\/2025\/11\/thumbnail_IMG_1631.jpg","type":"image\/jpeg"}],"twitter_card":"summary_large_image","twitter_misc":{"Est. reading time":"1 minute"},"schema":{"@context":"https:\/\/schema.org","@graph":[{"@type":"WebPage","@id":"https:\/\/stilanddesign.se\/produkt\/%f0%9f%8c%ab%ef%b8%8f-elegant-viskossjal-i-varma-kalla-toner-100-viskos\/","url":"https:\/\/stilanddesign.se\/produkt\/%f0%9f%8c%ab%ef%b8%8f-elegant-viskossjal-i-varma-kalla-toner-100-viskos\/","name":"\ud83c\udf2b\ufe0f Elegant viskossjal i varma & kalla toner \u2013 100% viskos - Stil &amp; Design","isPartOf":{"@id":"https:\/\/stilanddesign.se\/#website"},"primaryImageOfPage":{"@id":"https:\/\/stilanddesign.se\/produkt\/%f0%9f%8c%ab%ef%b8%8f-elegant-viskossjal-i-varma-kalla-toner-100-viskos\/#primaryimage"},"image":{"@id":"https:\/\/stilanddesign.se\/produkt\/%f0%9f%8c%ab%ef%b8%8f-elegant-viskossjal-i-varma-kalla-toner-100-viskos\/#primaryimage"},"thumbnailUrl":"https:\/\/stilanddesign.se\/wp-content\/uploads\/2025\/11\/thumbnail_IMG_1631.jpg","datePublished":"2025-12-30T13:01:04+00:00","dateModified":"2026-01-12T13:03:28+00:00","breadcrumb":{"@id":"https:\/\/stilanddesign.se\/produkt\/%f0%9f%8c%ab%ef%b8%8f-elegant-viskossjal-i-varma-kalla-toner-100-viskos\/#breadcrumb"},"inLanguage":"en-US","potentialAction":[{"@type":"ReadAction","target":["https:\/\/stilanddesign.se\/produkt\/%f0%9f%8c%ab%ef%b8%8f-elegant-viskossjal-i-varma-kalla-toner-100-viskos\/"]}]},{"@type":"ImageObject","inLanguage":"en-US","@id":"https:\/\/stilanddesign.se\/produkt\/%f0%9f%8c%ab%ef%b8%8f-elegant-viskossjal-i-varma-kalla-toner-100-viskos\/#primaryimage","url":"https:\/\/stilanddesign.se\/wp-content\/uploads\/2025\/11\/thumbnail_IMG_1631.jpg","contentUrl":"https:\/\/stilanddesign.se\/wp-content\/uploads\/2025\/11\/thumbnail_IMG_1631.jpg","width":1440,"height":1920},{"@type":"BreadcrumbList","@id":"https:\/\/stilanddesign.se\/produkt\/%f0%9f%8c%ab%ef%b8%8f-elegant-viskossjal-i-varma-kalla-toner-100-viskos\/#breadcrumb","itemListElement":[{"@type":"ListItem","position":1,"name":"Hem","item":"https:\/\/stilanddesign.se\/"},{"@type":"ListItem","position":2,"name":"Butiken","item":"https:\/\/stilanddesign.se\/butiken\/"},{"@type":"ListItem","position":3,"name":"\ud83c\udf2b\ufe0f Elegant viskossjal i varma &#038; kalla toner \u2013 100% viskos"}]},{"@type":"WebSite","@id":"https:\/\/stilanddesign.se\/#website","url":"https:\/\/stilanddesign.se\/","name":"Style &amp; Design","description":"For those of us who love fashion!","publisher":{"@id":"https:\/\/stilanddesign.se\/#organization"},"potentialAction":[{"@type":"SearchAction","target":{"@type":"EntryPoint","urlTemplate":"https:\/\/stilanddesign.se\/?s={search_term_string}"},"query-input":{"@type":"PropertyValueSpecification","valueRequired":true,"valueName":"search_term_string"}}],"inLanguage":"en-US"},{"@type":"Organization","@id":"https:\/\/stilanddesign.se\/#organization","name":"Style &amp; Design","url":"https:\/\/stilanddesign.se\/","logo":{"@type":"ImageObject","inLanguage":"en-US","@id":"https:\/\/stilanddesign.se\/#\/schema\/logo\/image\/","url":"https:\/\/stilanddesign.se\/wp-content\/uploads\/2023\/12\/output-onlinepngtools-e1727784413220.png","contentUrl":"https:\/\/stilanddesign.se\/wp-content\/uploads\/2023\/12\/output-onlinepngtools-e1727784413220.png","width":519,"height":135,"caption":"Stil &amp; Design"},"image":{"@id":"https:\/\/stilanddesign.se\/#\/schema\/logo\/image\/"}}]}},"_links":{"self":[{"href":"https:\/\/stilanddesign.se\/en\/wp-json\/wp\/v2\/product\/1056050","targetHints":{"allow":["GET"]}}],"collection":[{"href":"https:\/\/stilanddesign.se\/en\/wp-json\/wp\/v2\/product"}],"about":[{"href":"https:\/\/stilanddesign.se\/en\/wp-json\/wp\/v2\/types\/product"}],"replies":[{"embeddable":true,"href":"https:\/\/stilanddesign.se\/en\/wp-json\/wp\/v2\/comments?post=1056050"}],"wp:featuredmedia":[{"embeddable":true,"href":"https:\/\/stilanddesign.se\/en\/wp-json\/wp\/v2\/media\/1056055"}],"wp:attachment":[{"href":"https:\/\/stilanddesign.se\/en\/wp-json\/wp\/v2\/media?parent=1056050"}],"wp:term":[{"taxonomy":"product_brand","embeddable":true,"href":"https:\/\/stilanddesign.se\/en\/wp-json\/wp\/v2\/product_brand?post=1056050"},{"taxonomy":"product_cat","embeddable":true,"href":"https:\/\/stilanddesign.se\/en\/wp-json\/wp\/v2\/product_cat?post=1056050"},{"taxonomy":"product_tag","embeddable":true,"href":"https:\/\/stilanddesign.se\/en\/wp-json\/wp\/v2\/product_tag?post=1056050"}],"curies":[{"name":"wp","href":"https:\/\/api.w.org\/{rel}","templated":true}]}}