{"id":1054562,"date":"2025-11-13T11:18:17","date_gmt":"2025-11-13T10:18:17","guid":{"rendered":"https:\/\/stilanddesign.se\/?post_type=product&#038;p=1054562"},"modified":"2026-04-02T14:55:38","modified_gmt":"2026-04-02T12:55:38","slug":"stelt-armband-i-guldfarg-med-snappknappning","status":"publish","type":"product","link":"https:\/\/stilanddesign.se\/en\/product\/stelt-armband-i-guldfarg-med-snappknappning\/","title":{"rendered":"Rigid gold-tone bracelet with snap closure"},"content":{"rendered":"<div class=\"overflow-x-auto relative\" dir=\"auto\">\n<div><\/div>\n<\/div>\n<div class=\"overflow-x-auto relative\" dir=\"auto\">\n<div>Beautiful gold-tone bracelet with snap closure<\/div>\n<div>It is a little wavy in shape<\/div>\n<div>Cadmium and nickel free<\/div>\n<\/div>\n<div><\/div>\n<div>NOTE!!! No exchange or return rights on the bracelet<\/div>\n<div class=\"overflow-x-auto relative\" dir=\"auto\">\n<p>&nbsp;<\/p>\n<p>&nbsp;<\/p>\n<\/div>","protected":false},"excerpt":{"rendered":"<div class=\"overflow-x-auto relative\" dir=\"auto\">\n<div>Beautiful gold-tone bracelet with snap closure<\/div>\n<div>It is a little wavy in shape<\/div>\n<div>Cadmium and nickel free<\/div>\n<\/div>\n<div><\/div>\n<div>NOTE!!! No exchange or return rights on the bracelet<\/div>\n<div class=\"overflow-x-auto relative\" dir=\"auto\">\n<div>\n<div class=\"overflow-x-auto relative\" dir=\"auto\"><\/div>\n<\/div>\n<\/div>\n<div class=\"overflow-x-auto relative\" dir=\"auto\">\n<p>&nbsp;<\/p>\n<\/div>","protected":false},"featured_media":1054545,"comment_status":"closed","ping_status":"closed","template":"","meta":[],"product_brand":[],"product_cat":[206,231],"product_tag":[],"class_list":{"0":"post-1054562","1":"product","2":"type-product","3":"status-publish","4":"has-post-thumbnail","6":"product_cat-accessoarer","7":"product_cat-smycken","9":"first","10":"instock","11":"taxable","12":"shipping-taxable","13":"purchasable","14":"product-type-variable"},"yoast_head":"<!-- This site is optimized with the Yoast SEO Premium plugin v27.4 (Yoast SEO v27.4) - https:\/\/yoast.com\/product\/yoast-seo-premium-wordpress\/ -->\n<title>Stelt armband i guldf\u00e4rg med sn\u00e4ppkn\u00e4ppning - Stil &amp; Design<\/title>\n<meta name=\"robots\" content=\"index, follow, max-snippet:-1, max-image-preview:large, max-video-preview:-1\" \/>\n<link rel=\"canonical\" href=\"https:\/\/stilanddesign.se\/en\/product\/stelt-armband-i-guldfarg-med-snappknappning\/\" \/>\n<meta property=\"og:locale\" content=\"en_US\" \/>\n<meta property=\"og:type\" content=\"article\" \/>\n<meta property=\"og:title\" content=\"Stelt armband i guldf\u00e4rg med sn\u00e4ppkn\u00e4ppning\" \/>\n<meta property=\"og:description\" content=\"Fint armband i guldf\u00e4rg med sn\u00e4ppkn\u00e4ppning Det \u00e4r lite v\u00e5gigt i formen Kadium och nickelfritt   OBS!!!\u00a0 Ej byte eller returr\u00e4tt p\u00e5 armbandet        &nbsp;\" \/>\n<meta property=\"og:url\" content=\"https:\/\/stilanddesign.se\/en\/product\/stelt-armband-i-guldfarg-med-snappknappning\/\" \/>\n<meta property=\"og:site_name\" content=\"Stil &amp; Design\" \/>\n<meta property=\"article:modified_time\" content=\"2026-04-02T12:55:38+00:00\" \/>\n<meta property=\"og:image\" content=\"https:\/\/stilanddesign.se\/wp-content\/uploads\/2025\/11\/61334131222111111-rotated.jpg\" \/>\n\t<meta property=\"og:image:width\" content=\"480\" \/>\n\t<meta property=\"og:image:height\" content=\"640\" \/>\n\t<meta property=\"og:image:type\" content=\"image\/jpeg\" \/>\n<meta name=\"twitter:card\" content=\"summary_large_image\" \/>\n<meta name=\"twitter:label1\" content=\"Est. reading time\" \/>\n\t<meta name=\"twitter:data1\" content=\"1 minute\" \/>\n<script type=\"application\/ld+json\" class=\"yoast-schema-graph\">{\"@context\":\"https:\\\/\\\/schema.org\",\"@graph\":[{\"@type\":\"WebPage\",\"@id\":\"https:\\\/\\\/stilanddesign.se\\\/produkt\\\/stelt-armband-i-guldfarg-med-snappknappning\\\/\",\"url\":\"https:\\\/\\\/stilanddesign.se\\\/produkt\\\/stelt-armband-i-guldfarg-med-snappknappning\\\/\",\"name\":\"Stelt armband i guldf\u00e4rg med sn\u00e4ppkn\u00e4ppning - Stil &amp; Design\",\"isPartOf\":{\"@id\":\"https:\\\/\\\/stilanddesign.se\\\/#website\"},\"primaryImageOfPage\":{\"@id\":\"https:\\\/\\\/stilanddesign.se\\\/produkt\\\/stelt-armband-i-guldfarg-med-snappknappning\\\/#primaryimage\"},\"image\":{\"@id\":\"https:\\\/\\\/stilanddesign.se\\\/produkt\\\/stelt-armband-i-guldfarg-med-snappknappning\\\/#primaryimage\"},\"thumbnailUrl\":\"https:\\\/\\\/stilanddesign.se\\\/wp-content\\\/uploads\\\/2025\\\/11\\\/61334131222111111-rotated.jpg\",\"datePublished\":\"2025-11-13T10:18:17+00:00\",\"dateModified\":\"2026-04-02T12:55:38+00:00\",\"breadcrumb\":{\"@id\":\"https:\\\/\\\/stilanddesign.se\\\/produkt\\\/stelt-armband-i-guldfarg-med-snappknappning\\\/#breadcrumb\"},\"inLanguage\":\"en-US\",\"potentialAction\":[{\"@type\":\"ReadAction\",\"target\":[\"https:\\\/\\\/stilanddesign.se\\\/produkt\\\/stelt-armband-i-guldfarg-med-snappknappning\\\/\"]}]},{\"@type\":\"ImageObject\",\"inLanguage\":\"en-US\",\"@id\":\"https:\\\/\\\/stilanddesign.se\\\/produkt\\\/stelt-armband-i-guldfarg-med-snappknappning\\\/#primaryimage\",\"url\":\"https:\\\/\\\/stilanddesign.se\\\/wp-content\\\/uploads\\\/2025\\\/11\\\/61334131222111111-rotated.jpg\",\"contentUrl\":\"https:\\\/\\\/stilanddesign.se\\\/wp-content\\\/uploads\\\/2025\\\/11\\\/61334131222111111-rotated.jpg\",\"width\":480,\"height\":640,\"caption\":\"Stelt armband i guldf\u00e4rg med sn\u00e4ppkn\u00e4ppning\"},{\"@type\":\"BreadcrumbList\",\"@id\":\"https:\\\/\\\/stilanddesign.se\\\/produkt\\\/stelt-armband-i-guldfarg-med-snappknappning\\\/#breadcrumb\",\"itemListElement\":[{\"@type\":\"ListItem\",\"position\":1,\"name\":\"Hem\",\"item\":\"https:\\\/\\\/stilanddesign.se\\\/\"},{\"@type\":\"ListItem\",\"position\":2,\"name\":\"Butiken\",\"item\":\"https:\\\/\\\/stilanddesign.se\\\/butiken\\\/\"},{\"@type\":\"ListItem\",\"position\":3,\"name\":\"Stelt armband i guldf\u00e4rg med sn\u00e4ppkn\u00e4ppning\"}]},{\"@type\":\"WebSite\",\"@id\":\"https:\\\/\\\/stilanddesign.se\\\/#website\",\"url\":\"https:\\\/\\\/stilanddesign.se\\\/\",\"name\":\"Stil &amp; Design\",\"description\":\"F\u00f6r oss som \u00e4lskar mode!\",\"publisher\":{\"@id\":\"https:\\\/\\\/stilanddesign.se\\\/#organization\"},\"potentialAction\":[{\"@type\":\"SearchAction\",\"target\":{\"@type\":\"EntryPoint\",\"urlTemplate\":\"https:\\\/\\\/stilanddesign.se\\\/?s={search_term_string}\"},\"query-input\":{\"@type\":\"PropertyValueSpecification\",\"valueRequired\":true,\"valueName\":\"search_term_string\"}}],\"inLanguage\":\"en-US\"},{\"@type\":\"Organization\",\"@id\":\"https:\\\/\\\/stilanddesign.se\\\/#organization\",\"name\":\"Stil &amp; Design\",\"url\":\"https:\\\/\\\/stilanddesign.se\\\/\",\"logo\":{\"@type\":\"ImageObject\",\"inLanguage\":\"en-US\",\"@id\":\"https:\\\/\\\/stilanddesign.se\\\/#\\\/schema\\\/logo\\\/image\\\/\",\"url\":\"https:\\\/\\\/stilanddesign.se\\\/wp-content\\\/uploads\\\/2023\\\/12\\\/output-onlinepngtools-e1727784413220.png\",\"contentUrl\":\"https:\\\/\\\/stilanddesign.se\\\/wp-content\\\/uploads\\\/2023\\\/12\\\/output-onlinepngtools-e1727784413220.png\",\"width\":519,\"height\":135,\"caption\":\"Stil &amp; Design\"},\"image\":{\"@id\":\"https:\\\/\\\/stilanddesign.se\\\/#\\\/schema\\\/logo\\\/image\\\/\"}}]}<\/script>\n<!-- \/ Yoast SEO Premium plugin. -->","yoast_head_json":{"title":"Stelt armband i guldf\u00e4rg med sn\u00e4ppkn\u00e4ppning - Stil &amp; Design","robots":{"index":"index","follow":"follow","max-snippet":"max-snippet:-1","max-image-preview":"max-image-preview:large","max-video-preview":"max-video-preview:-1"},"canonical":"https:\/\/stilanddesign.se\/en\/product\/stelt-armband-i-guldfarg-med-snappknappning\/","og_locale":"en_US","og_type":"article","og_title":"Stelt armband i guldf\u00e4rg med sn\u00e4ppkn\u00e4ppning","og_description":"Fint armband i guldf\u00e4rg med sn\u00e4ppkn\u00e4ppning Det \u00e4r lite v\u00e5gigt i formen Kadium och nickelfritt   OBS!!!\u00a0 Ej byte eller returr\u00e4tt p\u00e5 armbandet        &nbsp;","og_url":"https:\/\/stilanddesign.se\/en\/product\/stelt-armband-i-guldfarg-med-snappknappning\/","og_site_name":"Stil &amp; Design","article_modified_time":"2026-04-02T12:55:38+00:00","og_image":[{"width":480,"height":640,"url":"https:\/\/stilanddesign.se\/wp-content\/uploads\/2025\/11\/61334131222111111-rotated.jpg","type":"image\/jpeg"}],"twitter_card":"summary_large_image","twitter_misc":{"Est. reading time":"1 minute"},"schema":{"@context":"https:\/\/schema.org","@graph":[{"@type":"WebPage","@id":"https:\/\/stilanddesign.se\/produkt\/stelt-armband-i-guldfarg-med-snappknappning\/","url":"https:\/\/stilanddesign.se\/produkt\/stelt-armband-i-guldfarg-med-snappknappning\/","name":"Stelt armband i guldf\u00e4rg med sn\u00e4ppkn\u00e4ppning - Stil &amp; Design","isPartOf":{"@id":"https:\/\/stilanddesign.se\/#website"},"primaryImageOfPage":{"@id":"https:\/\/stilanddesign.se\/produkt\/stelt-armband-i-guldfarg-med-snappknappning\/#primaryimage"},"image":{"@id":"https:\/\/stilanddesign.se\/produkt\/stelt-armband-i-guldfarg-med-snappknappning\/#primaryimage"},"thumbnailUrl":"https:\/\/stilanddesign.se\/wp-content\/uploads\/2025\/11\/61334131222111111-rotated.jpg","datePublished":"2025-11-13T10:18:17+00:00","dateModified":"2026-04-02T12:55:38+00:00","breadcrumb":{"@id":"https:\/\/stilanddesign.se\/produkt\/stelt-armband-i-guldfarg-med-snappknappning\/#breadcrumb"},"inLanguage":"en-US","potentialAction":[{"@type":"ReadAction","target":["https:\/\/stilanddesign.se\/produkt\/stelt-armband-i-guldfarg-med-snappknappning\/"]}]},{"@type":"ImageObject","inLanguage":"en-US","@id":"https:\/\/stilanddesign.se\/produkt\/stelt-armband-i-guldfarg-med-snappknappning\/#primaryimage","url":"https:\/\/stilanddesign.se\/wp-content\/uploads\/2025\/11\/61334131222111111-rotated.jpg","contentUrl":"https:\/\/stilanddesign.se\/wp-content\/uploads\/2025\/11\/61334131222111111-rotated.jpg","width":480,"height":640,"caption":"Stelt armband i guldf\u00e4rg med sn\u00e4ppkn\u00e4ppning"},{"@type":"BreadcrumbList","@id":"https:\/\/stilanddesign.se\/produkt\/stelt-armband-i-guldfarg-med-snappknappning\/#breadcrumb","itemListElement":[{"@type":"ListItem","position":1,"name":"Hem","item":"https:\/\/stilanddesign.se\/"},{"@type":"ListItem","position":2,"name":"Butiken","item":"https:\/\/stilanddesign.se\/butiken\/"},{"@type":"ListItem","position":3,"name":"Stelt armband i guldf\u00e4rg med sn\u00e4ppkn\u00e4ppning"}]},{"@type":"WebSite","@id":"https:\/\/stilanddesign.se\/#website","url":"https:\/\/stilanddesign.se\/","name":"Style &amp; Design","description":"For those of us who love fashion!","publisher":{"@id":"https:\/\/stilanddesign.se\/#organization"},"potentialAction":[{"@type":"SearchAction","target":{"@type":"EntryPoint","urlTemplate":"https:\/\/stilanddesign.se\/?s={search_term_string}"},"query-input":{"@type":"PropertyValueSpecification","valueRequired":true,"valueName":"search_term_string"}}],"inLanguage":"en-US"},{"@type":"Organization","@id":"https:\/\/stilanddesign.se\/#organization","name":"Style &amp; Design","url":"https:\/\/stilanddesign.se\/","logo":{"@type":"ImageObject","inLanguage":"en-US","@id":"https:\/\/stilanddesign.se\/#\/schema\/logo\/image\/","url":"https:\/\/stilanddesign.se\/wp-content\/uploads\/2023\/12\/output-onlinepngtools-e1727784413220.png","contentUrl":"https:\/\/stilanddesign.se\/wp-content\/uploads\/2023\/12\/output-onlinepngtools-e1727784413220.png","width":519,"height":135,"caption":"Stil &amp; Design"},"image":{"@id":"https:\/\/stilanddesign.se\/#\/schema\/logo\/image\/"}}]}},"_links":{"self":[{"href":"https:\/\/stilanddesign.se\/en\/wp-json\/wp\/v2\/product\/1054562","targetHints":{"allow":["GET"]}}],"collection":[{"href":"https:\/\/stilanddesign.se\/en\/wp-json\/wp\/v2\/product"}],"about":[{"href":"https:\/\/stilanddesign.se\/en\/wp-json\/wp\/v2\/types\/product"}],"replies":[{"embeddable":true,"href":"https:\/\/stilanddesign.se\/en\/wp-json\/wp\/v2\/comments?post=1054562"}],"wp:featuredmedia":[{"embeddable":true,"href":"https:\/\/stilanddesign.se\/en\/wp-json\/wp\/v2\/media\/1054545"}],"wp:attachment":[{"href":"https:\/\/stilanddesign.se\/en\/wp-json\/wp\/v2\/media?parent=1054562"}],"wp:term":[{"taxonomy":"product_brand","embeddable":true,"href":"https:\/\/stilanddesign.se\/en\/wp-json\/wp\/v2\/product_brand?post=1054562"},{"taxonomy":"product_cat","embeddable":true,"href":"https:\/\/stilanddesign.se\/en\/wp-json\/wp\/v2\/product_cat?post=1054562"},{"taxonomy":"product_tag","embeddable":true,"href":"https:\/\/stilanddesign.se\/en\/wp-json\/wp\/v2\/product_tag?post=1054562"}],"curies":[{"name":"wp","href":"https:\/\/api.w.org\/{rel}","templated":true}]}}