{"id":1052537,"date":"2026-04-15T14:01:07","date_gmt":"2026-04-15T12:01:07","guid":{"rendered":"https:\/\/stilanddesign.se\/?post_type=product&#038;p=1052537"},"modified":"2026-04-19T12:01:06","modified_gmt":"2026-04-19T10:01:06","slug":"snygga-jeans-i-mork-tvatt-den-perfekta-passformen-%f0%9f%91%96%e2%9c%a8","status":"publish","type":"product","link":"https:\/\/stilanddesign.se\/en\/product\/snygga-jeans-i-mork-tvatt-den-perfekta-passformen-%f0%9f%91%96%e2%9c%a8\/","title":{"rendered":"Stylish Jeans in Dark Wash \u2013 The Perfect Fit! \ud83d\udc56\u2728"},"content":{"rendered":"<div class=\"overflow-x-auto relative\" dir=\"auto\">\n<div>\n<h3>Stylish Jeans in Dark Wash \u2013 The Perfect Fit! \ud83d\udc56\u2728<\/h3>\n<\/div>\n<\/div>\n<div class=\"overflow-x-auto relative\" dir=\"auto\">\n<div>\n<p>Give your style a boost with these classic jeans in a dark wash! With a timeless design and a great fit, they are a must-have in every wardrobe.<\/p>\n<\/div>\n<\/div>\n<div class=\"overflow-x-auto relative\" dir=\"auto\">\n<div>\n<p><strong>Features:<\/strong><\/p>\n<ul>\n<li><strong>Material:<\/strong> 70% cotton, 28% polyester and 2% elastane \u2013 for optimal comfort and freedom of movement.<\/li>\n<li><strong>Design:<\/strong> Classic 5-pocket model that combines style and functionality.<\/li>\n<li><strong>Washing instructions:<\/strong> Easy to care for \u2013 washable at 30 degrees.<\/li>\n<\/ul>\n<\/div>\n<\/div>\n<div class=\"overflow-x-auto relative\" dir=\"auto\">\n<div>\n<p><strong>Styling tips:<\/strong><\/p>\n<ul>\n<li><strong>Casual Elegance:<\/strong> Wear with a t-shirt and sneakers for a casual yet stylish look.<\/li>\n<li><strong>Classic Chic:<\/strong> Combine with a blouse and heels for an elegant work outfit.<\/li>\n<li><strong>Layering:<\/strong> Perfect to match with a jacket or cardigan for a stylish layering effect.<\/li>\n<\/ul>\n<\/div>\n<\/div>\n<div class=\"overflow-x-auto relative\" dir=\"auto\">\n<div>\n<p>These jeans are the perfect base for all your outfits \u2013 a classic that is always in fashion! \ud83d\udda4\ud83c\udf1f<\/p>\n<\/div>\n<\/div>","protected":false},"excerpt":{"rendered":"<div class=\"overflow-x-auto relative\" dir=\"auto\">\n<div>\n<h3>Stylish Jeans in Dark Wash \u2013 The Perfect Fit! \ud83d\udc56\u2728<\/h3>\n<\/div>\n<\/div>\n<div class=\"overflow-x-auto relative\" dir=\"auto\">\n<div>\n<p>Give your style a boost with these classic jeans in a dark wash! With a timeless design and a great fit, they are a must-have in every wardrobe.<\/p>\n<\/div>\n<\/div>\n<div class=\"overflow-x-auto relative\" dir=\"auto\">\n<div>\n<p><strong>Features:<\/strong><\/p>\n<ul>\n<li><strong>Material:<\/strong> 70% cotton, 28% polyester and 2% elastane \u2013 for optimal comfort and freedom of movement.<\/li>\n<li><strong>Design:<\/strong> Classic 5-pocket model that combines style and functionality.<\/li>\n<li><strong>Washing instructions:<\/strong> Easy to care for \u2013 washable at 30 degrees.<\/li>\n<\/ul>\n<\/div>\n<\/div>\n<div class=\"overflow-x-auto relative\" dir=\"auto\">\n<div>\n<p><strong>Styling tips:<\/strong><\/p>\n<ul>\n<li><strong>Casual Elegance:<\/strong> Wear with a t-shirt and sneakers for a casual yet stylish look.<\/li>\n<li><strong>Classic Chic:<\/strong> Combine with a blouse and heels for an elegant work outfit.<\/li>\n<li><strong>Layering:<\/strong> Perfect to match with a jacket or cardigan for a stylish layering effect.<\/li>\n<\/ul>\n<\/div>\n<\/div>\n<div class=\"overflow-x-auto relative\" dir=\"auto\">\n<div>\n<p>These jeans are the perfect base for all your outfits \u2013 a classic that is always in fashion! \ud83d\udda4\ud83c\udf1f<\/p>\n<\/div>\n<\/div>","protected":false},"featured_media":1052547,"comment_status":"closed","ping_status":"closed","template":"","meta":[],"product_brand":[],"product_cat":[209],"product_tag":[],"class_list":{"0":"post-1052537","1":"product","2":"type-product","3":"status-publish","4":"has-post-thumbnail","6":"product_cat-reaprodukter","8":"first","9":"instock","10":"sale","11":"taxable","12":"shipping-taxable","13":"purchasable","14":"product-type-variable"},"yoast_head":"<!-- This site is optimized with the Yoast SEO Premium plugin v27.4 (Yoast SEO v27.5) - https:\/\/yoast.com\/product\/yoast-seo-premium-wordpress\/ -->\n<title>Snygga Jeans i M\u00f6rk Tv\u00e4tt \u2013 Den Perfekta Passformen! \ud83d\udc56\u2728 - Stil &amp; Design<\/title>\n<meta name=\"robots\" content=\"index, follow, max-snippet:-1, max-image-preview:large, max-video-preview:-1\" \/>\n<link rel=\"canonical\" href=\"https:\/\/stilanddesign.se\/en\/product\/snygga-jeans-i-mork-tvatt-den-perfekta-passformen-\ud83d\udc56\u2728\/\" \/>\n<meta property=\"og:locale\" content=\"en_US\" \/>\n<meta property=\"og:type\" content=\"article\" \/>\n<meta property=\"og:title\" content=\"Snygga Jeans i M\u00f6rk Tv\u00e4tt \u2013 Den Perfekta Passformen! \ud83d\udc56\u2728\" \/>\n<meta property=\"og:description\" content=\"Snygga Jeans i M\u00f6rk Tv\u00e4tt \u2013 Den Perfekta Passformen! \ud83d\udc56\u2728      Ge din stil ett lyft med dessa klassiska jeans i m\u00f6rk tv\u00e4tt! Med en tidl\u00f6s design och en fantastisk passform \u00e4r de ett m\u00e5ste i varje garderob.       Egenskaper:   Material: 70% bomull, 28% polyester och 2% elastan \u2013 f\u00f6r optimal komfort och r\u00f6relsefrihet.  Design: Klassisk 5-ficksmodell som kombinerar stil och funktionalitet.  Tv\u00e4ttr\u00e5d: L\u00e4tt att sk\u00f6ta \u2013 tv\u00e4ttas i 30 grader.       Stylingtips:   Casual Elegance: B\u00e4r med en t-shirt och sneakers f\u00f6r en avslappnad men stilfull look.  Klassisk Chic: Kombinera med en blus och klackar f\u00f6r en elegant arbetsoutfit.  Layering: Perfekta att matcha med en kavaj eller cardigan f\u00f6r en snygg lager-p\u00e5-lager-effekt.       Dessa jeans \u00e4r den perfekta basen f\u00f6r alla dina outfits \u2013 en klassiker som alltid \u00e4r p\u00e5 modet! \ud83d\udda4\ud83c\udf1f\" \/>\n<meta property=\"og:url\" content=\"https:\/\/stilanddesign.se\/en\/product\/snygga-jeans-i-mork-tvatt-den-perfekta-passformen-\ud83d\udc56\u2728\/\" \/>\n<meta property=\"og:site_name\" content=\"Stil &amp; Design\" \/>\n<meta property=\"article:modified_time\" content=\"2026-04-19T10:01:06+00:00\" \/>\n<meta property=\"og:image\" content=\"https:\/\/stilanddesign.se\/wp-content\/uploads\/2025\/10\/thumbnail_image0-2.jpg\" \/>\n\t<meta property=\"og:image:width\" content=\"768\" \/>\n\t<meta property=\"og:image:height\" content=\"1024\" \/>\n\t<meta property=\"og:image:type\" content=\"image\/jpeg\" \/>\n<meta name=\"twitter:card\" content=\"summary_large_image\" \/>\n<meta name=\"twitter:label1\" content=\"Est. reading time\" \/>\n\t<meta name=\"twitter:data1\" content=\"1 minute\" \/>\n<script type=\"application\/ld+json\" class=\"yoast-schema-graph\">{\"@context\":\"https:\\\/\\\/schema.org\",\"@graph\":[{\"@type\":\"WebPage\",\"@id\":\"https:\\\/\\\/stilanddesign.se\\\/produkt\\\/snygga-jeans-i-mork-tvatt-den-perfekta-passformen-%f0%9f%91%96%e2%9c%a8\\\/\",\"url\":\"https:\\\/\\\/stilanddesign.se\\\/produkt\\\/snygga-jeans-i-mork-tvatt-den-perfekta-passformen-%f0%9f%91%96%e2%9c%a8\\\/\",\"name\":\"Snygga Jeans i M\u00f6rk Tv\u00e4tt \u2013 Den Perfekta Passformen! \ud83d\udc56\u2728 - Stil &amp; Design\",\"isPartOf\":{\"@id\":\"https:\\\/\\\/stilanddesign.se\\\/#website\"},\"primaryImageOfPage\":{\"@id\":\"https:\\\/\\\/stilanddesign.se\\\/produkt\\\/snygga-jeans-i-mork-tvatt-den-perfekta-passformen-%f0%9f%91%96%e2%9c%a8\\\/#primaryimage\"},\"image\":{\"@id\":\"https:\\\/\\\/stilanddesign.se\\\/produkt\\\/snygga-jeans-i-mork-tvatt-den-perfekta-passformen-%f0%9f%91%96%e2%9c%a8\\\/#primaryimage\"},\"thumbnailUrl\":\"https:\\\/\\\/stilanddesign.se\\\/wp-content\\\/uploads\\\/2025\\\/10\\\/thumbnail_image0-2.jpg\",\"datePublished\":\"2026-04-15T12:01:07+00:00\",\"dateModified\":\"2026-04-19T10:01:06+00:00\",\"breadcrumb\":{\"@id\":\"https:\\\/\\\/stilanddesign.se\\\/produkt\\\/snygga-jeans-i-mork-tvatt-den-perfekta-passformen-%f0%9f%91%96%e2%9c%a8\\\/#breadcrumb\"},\"inLanguage\":\"en-US\",\"potentialAction\":[{\"@type\":\"ReadAction\",\"target\":[\"https:\\\/\\\/stilanddesign.se\\\/produkt\\\/snygga-jeans-i-mork-tvatt-den-perfekta-passformen-%f0%9f%91%96%e2%9c%a8\\\/\"]}]},{\"@type\":\"ImageObject\",\"inLanguage\":\"en-US\",\"@id\":\"https:\\\/\\\/stilanddesign.se\\\/produkt\\\/snygga-jeans-i-mork-tvatt-den-perfekta-passformen-%f0%9f%91%96%e2%9c%a8\\\/#primaryimage\",\"url\":\"https:\\\/\\\/stilanddesign.se\\\/wp-content\\\/uploads\\\/2025\\\/10\\\/thumbnail_image0-2.jpg\",\"contentUrl\":\"https:\\\/\\\/stilanddesign.se\\\/wp-content\\\/uploads\\\/2025\\\/10\\\/thumbnail_image0-2.jpg\",\"width\":768,\"height\":1024},{\"@type\":\"BreadcrumbList\",\"@id\":\"https:\\\/\\\/stilanddesign.se\\\/produkt\\\/snygga-jeans-i-mork-tvatt-den-perfekta-passformen-%f0%9f%91%96%e2%9c%a8\\\/#breadcrumb\",\"itemListElement\":[{\"@type\":\"ListItem\",\"position\":1,\"name\":\"Hem\",\"item\":\"https:\\\/\\\/stilanddesign.se\\\/\"},{\"@type\":\"ListItem\",\"position\":2,\"name\":\"Butiken\",\"item\":\"https:\\\/\\\/stilanddesign.se\\\/butiken\\\/\"},{\"@type\":\"ListItem\",\"position\":3,\"name\":\"Snygga Jeans i M\u00f6rk Tv\u00e4tt \u2013 Den Perfekta Passformen! \ud83d\udc56\u2728\"}]},{\"@type\":\"WebSite\",\"@id\":\"https:\\\/\\\/stilanddesign.se\\\/#website\",\"url\":\"https:\\\/\\\/stilanddesign.se\\\/\",\"name\":\"Stil &amp; Design\",\"description\":\"F\u00f6r oss som \u00e4lskar mode!\",\"publisher\":{\"@id\":\"https:\\\/\\\/stilanddesign.se\\\/#organization\"},\"potentialAction\":[{\"@type\":\"SearchAction\",\"target\":{\"@type\":\"EntryPoint\",\"urlTemplate\":\"https:\\\/\\\/stilanddesign.se\\\/?s={search_term_string}\"},\"query-input\":{\"@type\":\"PropertyValueSpecification\",\"valueRequired\":true,\"valueName\":\"search_term_string\"}}],\"inLanguage\":\"en-US\"},{\"@type\":\"Organization\",\"@id\":\"https:\\\/\\\/stilanddesign.se\\\/#organization\",\"name\":\"Stil &amp; Design\",\"url\":\"https:\\\/\\\/stilanddesign.se\\\/\",\"logo\":{\"@type\":\"ImageObject\",\"inLanguage\":\"en-US\",\"@id\":\"https:\\\/\\\/stilanddesign.se\\\/#\\\/schema\\\/logo\\\/image\\\/\",\"url\":\"https:\\\/\\\/stilanddesign.se\\\/wp-content\\\/uploads\\\/2023\\\/12\\\/output-onlinepngtools-e1727784413220.png\",\"contentUrl\":\"https:\\\/\\\/stilanddesign.se\\\/wp-content\\\/uploads\\\/2023\\\/12\\\/output-onlinepngtools-e1727784413220.png\",\"width\":519,\"height\":135,\"caption\":\"Stil &amp; Design\"},\"image\":{\"@id\":\"https:\\\/\\\/stilanddesign.se\\\/#\\\/schema\\\/logo\\\/image\\\/\"}}]}<\/script>\n<!-- \/ Yoast SEO Premium plugin. -->","yoast_head_json":{"title":"Snygga Jeans i M\u00f6rk Tv\u00e4tt \u2013 Den Perfekta Passformen! \ud83d\udc56\u2728 - Stil &amp; Design","robots":{"index":"index","follow":"follow","max-snippet":"max-snippet:-1","max-image-preview":"max-image-preview:large","max-video-preview":"max-video-preview:-1"},"canonical":"https:\/\/stilanddesign.se\/en\/product\/snygga-jeans-i-mork-tvatt-den-perfekta-passformen-\ud83d\udc56\u2728\/","og_locale":"en_US","og_type":"article","og_title":"Snygga Jeans i M\u00f6rk Tv\u00e4tt \u2013 Den Perfekta Passformen! \ud83d\udc56\u2728","og_description":"Snygga Jeans i M\u00f6rk Tv\u00e4tt \u2013 Den Perfekta Passformen! \ud83d\udc56\u2728      Ge din stil ett lyft med dessa klassiska jeans i m\u00f6rk tv\u00e4tt! Med en tidl\u00f6s design och en fantastisk passform \u00e4r de ett m\u00e5ste i varje garderob.       Egenskaper:   Material: 70% bomull, 28% polyester och 2% elastan \u2013 f\u00f6r optimal komfort och r\u00f6relsefrihet.  Design: Klassisk 5-ficksmodell som kombinerar stil och funktionalitet.  Tv\u00e4ttr\u00e5d: L\u00e4tt att sk\u00f6ta \u2013 tv\u00e4ttas i 30 grader.       Stylingtips:   Casual Elegance: B\u00e4r med en t-shirt och sneakers f\u00f6r en avslappnad men stilfull look.  Klassisk Chic: Kombinera med en blus och klackar f\u00f6r en elegant arbetsoutfit.  Layering: Perfekta att matcha med en kavaj eller cardigan f\u00f6r en snygg lager-p\u00e5-lager-effekt.       Dessa jeans \u00e4r den perfekta basen f\u00f6r alla dina outfits \u2013 en klassiker som alltid \u00e4r p\u00e5 modet! \ud83d\udda4\ud83c\udf1f","og_url":"https:\/\/stilanddesign.se\/en\/product\/snygga-jeans-i-mork-tvatt-den-perfekta-passformen-\ud83d\udc56\u2728\/","og_site_name":"Stil &amp; Design","article_modified_time":"2026-04-19T10:01:06+00:00","og_image":[{"width":768,"height":1024,"url":"https:\/\/stilanddesign.se\/wp-content\/uploads\/2025\/10\/thumbnail_image0-2.jpg","type":"image\/jpeg"}],"twitter_card":"summary_large_image","twitter_misc":{"Est. reading time":"1 minute"},"schema":{"@context":"https:\/\/schema.org","@graph":[{"@type":"WebPage","@id":"https:\/\/stilanddesign.se\/produkt\/snygga-jeans-i-mork-tvatt-den-perfekta-passformen-%f0%9f%91%96%e2%9c%a8\/","url":"https:\/\/stilanddesign.se\/produkt\/snygga-jeans-i-mork-tvatt-den-perfekta-passformen-%f0%9f%91%96%e2%9c%a8\/","name":"Snygga Jeans i M\u00f6rk Tv\u00e4tt \u2013 Den Perfekta Passformen! \ud83d\udc56\u2728 - Stil &amp; Design","isPartOf":{"@id":"https:\/\/stilanddesign.se\/#website"},"primaryImageOfPage":{"@id":"https:\/\/stilanddesign.se\/produkt\/snygga-jeans-i-mork-tvatt-den-perfekta-passformen-%f0%9f%91%96%e2%9c%a8\/#primaryimage"},"image":{"@id":"https:\/\/stilanddesign.se\/produkt\/snygga-jeans-i-mork-tvatt-den-perfekta-passformen-%f0%9f%91%96%e2%9c%a8\/#primaryimage"},"thumbnailUrl":"https:\/\/stilanddesign.se\/wp-content\/uploads\/2025\/10\/thumbnail_image0-2.jpg","datePublished":"2026-04-15T12:01:07+00:00","dateModified":"2026-04-19T10:01:06+00:00","breadcrumb":{"@id":"https:\/\/stilanddesign.se\/produkt\/snygga-jeans-i-mork-tvatt-den-perfekta-passformen-%f0%9f%91%96%e2%9c%a8\/#breadcrumb"},"inLanguage":"en-US","potentialAction":[{"@type":"ReadAction","target":["https:\/\/stilanddesign.se\/produkt\/snygga-jeans-i-mork-tvatt-den-perfekta-passformen-%f0%9f%91%96%e2%9c%a8\/"]}]},{"@type":"ImageObject","inLanguage":"en-US","@id":"https:\/\/stilanddesign.se\/produkt\/snygga-jeans-i-mork-tvatt-den-perfekta-passformen-%f0%9f%91%96%e2%9c%a8\/#primaryimage","url":"https:\/\/stilanddesign.se\/wp-content\/uploads\/2025\/10\/thumbnail_image0-2.jpg","contentUrl":"https:\/\/stilanddesign.se\/wp-content\/uploads\/2025\/10\/thumbnail_image0-2.jpg","width":768,"height":1024},{"@type":"BreadcrumbList","@id":"https:\/\/stilanddesign.se\/produkt\/snygga-jeans-i-mork-tvatt-den-perfekta-passformen-%f0%9f%91%96%e2%9c%a8\/#breadcrumb","itemListElement":[{"@type":"ListItem","position":1,"name":"Hem","item":"https:\/\/stilanddesign.se\/"},{"@type":"ListItem","position":2,"name":"Butiken","item":"https:\/\/stilanddesign.se\/butiken\/"},{"@type":"ListItem","position":3,"name":"Snygga Jeans i M\u00f6rk Tv\u00e4tt \u2013 Den Perfekta Passformen! \ud83d\udc56\u2728"}]},{"@type":"WebSite","@id":"https:\/\/stilanddesign.se\/#website","url":"https:\/\/stilanddesign.se\/","name":"Style &amp; Design","description":"For those of us who love fashion!","publisher":{"@id":"https:\/\/stilanddesign.se\/#organization"},"potentialAction":[{"@type":"SearchAction","target":{"@type":"EntryPoint","urlTemplate":"https:\/\/stilanddesign.se\/?s={search_term_string}"},"query-input":{"@type":"PropertyValueSpecification","valueRequired":true,"valueName":"search_term_string"}}],"inLanguage":"en-US"},{"@type":"Organization","@id":"https:\/\/stilanddesign.se\/#organization","name":"Style &amp; Design","url":"https:\/\/stilanddesign.se\/","logo":{"@type":"ImageObject","inLanguage":"en-US","@id":"https:\/\/stilanddesign.se\/#\/schema\/logo\/image\/","url":"https:\/\/stilanddesign.se\/wp-content\/uploads\/2023\/12\/output-onlinepngtools-e1727784413220.png","contentUrl":"https:\/\/stilanddesign.se\/wp-content\/uploads\/2023\/12\/output-onlinepngtools-e1727784413220.png","width":519,"height":135,"caption":"Stil &amp; Design"},"image":{"@id":"https:\/\/stilanddesign.se\/#\/schema\/logo\/image\/"}}]}},"_links":{"self":[{"href":"https:\/\/stilanddesign.se\/en\/wp-json\/wp\/v2\/product\/1052537","targetHints":{"allow":["GET"]}}],"collection":[{"href":"https:\/\/stilanddesign.se\/en\/wp-json\/wp\/v2\/product"}],"about":[{"href":"https:\/\/stilanddesign.se\/en\/wp-json\/wp\/v2\/types\/product"}],"replies":[{"embeddable":true,"href":"https:\/\/stilanddesign.se\/en\/wp-json\/wp\/v2\/comments?post=1052537"}],"wp:featuredmedia":[{"embeddable":true,"href":"https:\/\/stilanddesign.se\/en\/wp-json\/wp\/v2\/media\/1052547"}],"wp:attachment":[{"href":"https:\/\/stilanddesign.se\/en\/wp-json\/wp\/v2\/media?parent=1052537"}],"wp:term":[{"taxonomy":"product_brand","embeddable":true,"href":"https:\/\/stilanddesign.se\/en\/wp-json\/wp\/v2\/product_brand?post=1052537"},{"taxonomy":"product_cat","embeddable":true,"href":"https:\/\/stilanddesign.se\/en\/wp-json\/wp\/v2\/product_cat?post=1052537"},{"taxonomy":"product_tag","embeddable":true,"href":"https:\/\/stilanddesign.se\/en\/wp-json\/wp\/v2\/product_tag?post=1052537"}],"curies":[{"name":"wp","href":"https:\/\/api.w.org\/{rel}","templated":true}]}}