{"id":1052531,"date":"2025-11-25T08:47:17","date_gmt":"2025-11-25T07:47:17","guid":{"rendered":"https:\/\/stilanddesign.se\/?post_type=product&#038;p=1052531"},"modified":"2025-11-26T11:03:38","modified_gmt":"2025-11-26T10:03:38","slug":"snygga-byxor-fran-chica-london-for-en-bekvam-och-trendig-look-%f0%9f%8d%82","status":"publish","type":"product","link":"https:\/\/stilanddesign.se\/en\/product\/snygga-byxor-fran-chica-london-for-en-bekvam-och-trendig-look-%f0%9f%8d%82\/","title":{"rendered":"Stylish Pants from Chica London \u2013 For a Comfortable and Trendy Look! \ud83c\udf42"},"content":{"rendered":"<div class=\"overflow-x-auto relative\" dir=\"auto\">\n<div>\n<h3>Stylish Pants from Chica London \u2013 For a Comfortable and Trendy Look! \ud83c\udf42<\/h3>\n<\/div>\n<\/div>\n<div class=\"overflow-x-auto relative\" dir=\"auto\">\n<div>\n<p>Upgrade your style with these amazing pants from Chica London! With their light and airy design, they are perfect for both everyday wear and parties.<\/p>\n<\/div>\n<\/div>\n<div class=\"overflow-x-auto relative\" dir=\"auto\">\n<div>\n<p><strong>Features:<\/strong><\/p>\n<ul>\n<li><strong>Material:<\/strong> 100% polyester \u2013 comfortable and easy to care for.<\/li>\n<li><strong>Design:<\/strong> Elastic waist for maximum comfort and straight legs for an elegant silhouette.<\/li>\n<li><strong>Size:<\/strong> One size, which makes them versatile and easy to match with different garments.<\/li>\n<li><strong>Washing instructions:<\/strong> Easy to wash at 30 degrees.<\/li>\n<\/ul>\n<\/div>\n<\/div>\n<div class=\"overflow-x-auto relative\" dir=\"auto\">\n<div>\n<p><strong>Styling tips:<\/strong><\/p>\n<ul>\n<li><strong>Chic Combos:<\/strong> Wear with a floral blouse or a simple t-shirt for a casual yet stylish look.<\/li>\n<li><strong>Layering:<\/strong> Perfect to match with a blazer or cardigan for an elegant outfit.<\/li>\n<li><strong>Accessories:<\/strong> Complete with jewelry or a stylish scarf to put your own touch on the style.<\/li>\n<\/ul>\n<\/div>\n<\/div>\n<div class=\"overflow-x-auto relative\" dir=\"auto\">\n<div>\n<p>These pants are a perfect combination of style and comfort \u2013 a must-have in your wardrobe! \ud83d\udda4\u2728<\/p>\n<\/div>\n<\/div>","protected":false},"excerpt":{"rendered":"<div class=\"overflow-x-auto relative\" dir=\"auto\">\n<div>\n<h3>Stylish Pants from Chica London \u2013 For a Comfortable and Trendy Look! \ud83c\udf42<\/h3>\n<\/div>\n<\/div>\n<div class=\"overflow-x-auto relative\" dir=\"auto\">\n<div>\n<p>Upgrade your style with these amazing pants from Chica London! With their light and airy design, they are perfect for both everyday wear and parties.<\/p>\n<\/div>\n<\/div>\n<div class=\"overflow-x-auto relative\" dir=\"auto\">\n<div>\n<p><strong>Features:<\/strong><\/p>\n<ul>\n<li><strong>Material:<\/strong> 100% polyester \u2013 comfortable and easy to care for.<\/li>\n<li><strong>Design:<\/strong> Elastic waist for maximum comfort and straight legs for an elegant silhouette.<\/li>\n<li><strong>Size:<\/strong> One size, which makes them versatile and easy to match with different garments.<\/li>\n<li><strong>Washing instructions:<\/strong> Easy to wash at 30 degrees.<\/li>\n<\/ul>\n<\/div>\n<\/div>\n<div class=\"overflow-x-auto relative\" dir=\"auto\">\n<div>\n<p><strong>Styling tips:<\/strong><\/p>\n<ul>\n<li><strong>Chic Combos:<\/strong> Wear with a floral blouse or a simple t-shirt for a casual yet stylish look.<\/li>\n<li><strong>Layering:<\/strong> Perfect to match with a blazer or cardigan for an elegant outfit.<\/li>\n<li><strong>Accessories:<\/strong> Complete with jewelry or a stylish scarf to put your own touch on the style.<\/li>\n<\/ul>\n<\/div>\n<\/div>\n<div class=\"overflow-x-auto relative\" dir=\"auto\">\n<div>\n<p>These pants are a perfect combination of style and comfort \u2013 a must-have in your wardrobe! \ud83d\udda4\u2728<\/p>\n<\/div>\n<\/div>","protected":false},"featured_media":1052534,"comment_status":"closed","ping_status":"closed","template":"","meta":[],"product_brand":[],"product_cat":[209],"product_tag":[],"class_list":{"0":"post-1052531","1":"product","2":"type-product","3":"status-publish","4":"has-post-thumbnail","6":"product_cat-reaprodukter","8":"first","9":"outofstock","10":"taxable","11":"shipping-taxable","12":"product-type-variable"},"yoast_head":"<!-- This site is optimized with the Yoast SEO Premium plugin v27.4 (Yoast SEO v27.5) - https:\/\/yoast.com\/product\/yoast-seo-premium-wordpress\/ -->\n<title>Snygga Byxor fr\u00e5n Chica London \u2013 F\u00f6r En Bekv\u00e4m och Trendig Look! \ud83c\udf42 - Stil &amp; Design<\/title>\n<meta name=\"robots\" content=\"index, follow, max-snippet:-1, max-image-preview:large, max-video-preview:-1\" \/>\n<link rel=\"canonical\" href=\"https:\/\/stilanddesign.se\/en\/product\/snygga-byxor-fran-chica-london-for-en-bekvam-och-trendig-look-\ud83c\udf42\/\" \/>\n<meta property=\"og:locale\" content=\"en_US\" \/>\n<meta property=\"og:type\" content=\"article\" \/>\n<meta property=\"og:title\" content=\"Snygga Byxor fr\u00e5n Chica London \u2013 F\u00f6r En Bekv\u00e4m och Trendig Look! \ud83c\udf42\" \/>\n<meta property=\"og:description\" content=\"Snygga Byxor fr\u00e5n Chica London \u2013 F\u00f6r En Bekv\u00e4m och Trendig Look! \ud83c\udf42      Uppgradera din stil med dessa fantastiska byxor fr\u00e5n Chica London! Med sin l\u00e4tta och luftiga design \u00e4r de perfekta f\u00f6r b\u00e5de vardag och fest.       Egenskaper:   Material: 100% polyester \u2013 sk\u00f6na och l\u00e4ttsk\u00f6tta.  Design: Res\u00e5r i midjan f\u00f6r maximal komfort och raka ben som ger en elegant silhuett.  Storlek: Onesize, vilket g\u00f6r dem m\u00e5ngsidiga och l\u00e4tta att matcha med olika plagg.  Tv\u00e4ttr\u00e5d: L\u00e4tt att tv\u00e4tta i 30 grader.       Stylingtips:   Chic Kombos: B\u00e4r med en blommig blus eller en enkel t-shirt f\u00f6r en avslappnad men stilfull look.  Layering: Perfekta att matcha med en kavaj eller cardigan f\u00f6r en elegant outfit.  Accessoarer: Komplettera med smycken eller en snygg scarf f\u00f6r att s\u00e4tta din egen pr\u00e4gel p\u00e5 stilen.       Dessa byxor \u00e4r en perfekt kombination av stil och komfort \u2013 ett m\u00e5ste i din garderob! \ud83d\udda4\u2728\" \/>\n<meta property=\"og:url\" content=\"https:\/\/stilanddesign.se\/en\/product\/snygga-byxor-fran-chica-london-for-en-bekvam-och-trendig-look-\ud83c\udf42\/\" \/>\n<meta property=\"og:site_name\" content=\"Stil &amp; Design\" \/>\n<meta property=\"article:modified_time\" content=\"2025-11-26T10:03:38+00:00\" \/>\n<meta property=\"og:image\" content=\"https:\/\/stilanddesign.se\/wp-content\/uploads\/2025\/10\/IMG_0305-1-scaled.jpeg\" \/>\n\t<meta property=\"og:image:width\" content=\"1920\" \/>\n\t<meta property=\"og:image:height\" content=\"2560\" \/>\n\t<meta property=\"og:image:type\" content=\"image\/jpeg\" \/>\n<meta name=\"twitter:card\" content=\"summary_large_image\" \/>\n<meta name=\"twitter:label1\" content=\"Est. reading time\" \/>\n\t<meta name=\"twitter:data1\" content=\"1 minute\" \/>\n<script type=\"application\/ld+json\" class=\"yoast-schema-graph\">{\"@context\":\"https:\\\/\\\/schema.org\",\"@graph\":[{\"@type\":\"WebPage\",\"@id\":\"https:\\\/\\\/stilanddesign.se\\\/produkt\\\/snygga-byxor-fran-chica-london-for-en-bekvam-och-trendig-look-%f0%9f%8d%82\\\/\",\"url\":\"https:\\\/\\\/stilanddesign.se\\\/produkt\\\/snygga-byxor-fran-chica-london-for-en-bekvam-och-trendig-look-%f0%9f%8d%82\\\/\",\"name\":\"Snygga Byxor fr\u00e5n Chica London \u2013 F\u00f6r En Bekv\u00e4m och Trendig Look! \ud83c\udf42 - Stil &amp; Design\",\"isPartOf\":{\"@id\":\"https:\\\/\\\/stilanddesign.se\\\/#website\"},\"primaryImageOfPage\":{\"@id\":\"https:\\\/\\\/stilanddesign.se\\\/produkt\\\/snygga-byxor-fran-chica-london-for-en-bekvam-och-trendig-look-%f0%9f%8d%82\\\/#primaryimage\"},\"image\":{\"@id\":\"https:\\\/\\\/stilanddesign.se\\\/produkt\\\/snygga-byxor-fran-chica-london-for-en-bekvam-och-trendig-look-%f0%9f%8d%82\\\/#primaryimage\"},\"thumbnailUrl\":\"https:\\\/\\\/stilanddesign.se\\\/wp-content\\\/uploads\\\/2025\\\/10\\\/IMG_0305-1-scaled.jpeg\",\"datePublished\":\"2025-11-25T07:47:17+00:00\",\"dateModified\":\"2025-11-26T10:03:38+00:00\",\"breadcrumb\":{\"@id\":\"https:\\\/\\\/stilanddesign.se\\\/produkt\\\/snygga-byxor-fran-chica-london-for-en-bekvam-och-trendig-look-%f0%9f%8d%82\\\/#breadcrumb\"},\"inLanguage\":\"en-US\",\"potentialAction\":[{\"@type\":\"ReadAction\",\"target\":[\"https:\\\/\\\/stilanddesign.se\\\/produkt\\\/snygga-byxor-fran-chica-london-for-en-bekvam-och-trendig-look-%f0%9f%8d%82\\\/\"]}]},{\"@type\":\"ImageObject\",\"inLanguage\":\"en-US\",\"@id\":\"https:\\\/\\\/stilanddesign.se\\\/produkt\\\/snygga-byxor-fran-chica-london-for-en-bekvam-och-trendig-look-%f0%9f%8d%82\\\/#primaryimage\",\"url\":\"https:\\\/\\\/stilanddesign.se\\\/wp-content\\\/uploads\\\/2025\\\/10\\\/IMG_0305-1-scaled.jpeg\",\"contentUrl\":\"https:\\\/\\\/stilanddesign.se\\\/wp-content\\\/uploads\\\/2025\\\/10\\\/IMG_0305-1-scaled.jpeg\",\"width\":1920,\"height\":2560},{\"@type\":\"BreadcrumbList\",\"@id\":\"https:\\\/\\\/stilanddesign.se\\\/produkt\\\/snygga-byxor-fran-chica-london-for-en-bekvam-och-trendig-look-%f0%9f%8d%82\\\/#breadcrumb\",\"itemListElement\":[{\"@type\":\"ListItem\",\"position\":1,\"name\":\"Hem\",\"item\":\"https:\\\/\\\/stilanddesign.se\\\/\"},{\"@type\":\"ListItem\",\"position\":2,\"name\":\"Butiken\",\"item\":\"https:\\\/\\\/stilanddesign.se\\\/butiken\\\/\"},{\"@type\":\"ListItem\",\"position\":3,\"name\":\"Snygga Byxor fr\u00e5n Chica London \u2013 F\u00f6r En Bekv\u00e4m och Trendig Look! \ud83c\udf42\"}]},{\"@type\":\"WebSite\",\"@id\":\"https:\\\/\\\/stilanddesign.se\\\/#website\",\"url\":\"https:\\\/\\\/stilanddesign.se\\\/\",\"name\":\"Stil &amp; Design\",\"description\":\"F\u00f6r oss som \u00e4lskar mode!\",\"publisher\":{\"@id\":\"https:\\\/\\\/stilanddesign.se\\\/#organization\"},\"potentialAction\":[{\"@type\":\"SearchAction\",\"target\":{\"@type\":\"EntryPoint\",\"urlTemplate\":\"https:\\\/\\\/stilanddesign.se\\\/?s={search_term_string}\"},\"query-input\":{\"@type\":\"PropertyValueSpecification\",\"valueRequired\":true,\"valueName\":\"search_term_string\"}}],\"inLanguage\":\"en-US\"},{\"@type\":\"Organization\",\"@id\":\"https:\\\/\\\/stilanddesign.se\\\/#organization\",\"name\":\"Stil &amp; Design\",\"url\":\"https:\\\/\\\/stilanddesign.se\\\/\",\"logo\":{\"@type\":\"ImageObject\",\"inLanguage\":\"en-US\",\"@id\":\"https:\\\/\\\/stilanddesign.se\\\/#\\\/schema\\\/logo\\\/image\\\/\",\"url\":\"https:\\\/\\\/stilanddesign.se\\\/wp-content\\\/uploads\\\/2023\\\/12\\\/output-onlinepngtools-e1727784413220.png\",\"contentUrl\":\"https:\\\/\\\/stilanddesign.se\\\/wp-content\\\/uploads\\\/2023\\\/12\\\/output-onlinepngtools-e1727784413220.png\",\"width\":519,\"height\":135,\"caption\":\"Stil &amp; Design\"},\"image\":{\"@id\":\"https:\\\/\\\/stilanddesign.se\\\/#\\\/schema\\\/logo\\\/image\\\/\"}}]}<\/script>\n<!-- \/ Yoast SEO Premium plugin. -->","yoast_head_json":{"title":"Snygga Byxor fr\u00e5n Chica London \u2013 F\u00f6r En Bekv\u00e4m och Trendig Look! \ud83c\udf42 - Stil &amp; Design","robots":{"index":"index","follow":"follow","max-snippet":"max-snippet:-1","max-image-preview":"max-image-preview:large","max-video-preview":"max-video-preview:-1"},"canonical":"https:\/\/stilanddesign.se\/en\/product\/snygga-byxor-fran-chica-london-for-en-bekvam-och-trendig-look-\ud83c\udf42\/","og_locale":"en_US","og_type":"article","og_title":"Snygga Byxor fr\u00e5n Chica London \u2013 F\u00f6r En Bekv\u00e4m och Trendig Look! \ud83c\udf42","og_description":"Snygga Byxor fr\u00e5n Chica London \u2013 F\u00f6r En Bekv\u00e4m och Trendig Look! \ud83c\udf42      Uppgradera din stil med dessa fantastiska byxor fr\u00e5n Chica London! Med sin l\u00e4tta och luftiga design \u00e4r de perfekta f\u00f6r b\u00e5de vardag och fest.       Egenskaper:   Material: 100% polyester \u2013 sk\u00f6na och l\u00e4ttsk\u00f6tta.  Design: Res\u00e5r i midjan f\u00f6r maximal komfort och raka ben som ger en elegant silhuett.  Storlek: Onesize, vilket g\u00f6r dem m\u00e5ngsidiga och l\u00e4tta att matcha med olika plagg.  Tv\u00e4ttr\u00e5d: L\u00e4tt att tv\u00e4tta i 30 grader.       Stylingtips:   Chic Kombos: B\u00e4r med en blommig blus eller en enkel t-shirt f\u00f6r en avslappnad men stilfull look.  Layering: Perfekta att matcha med en kavaj eller cardigan f\u00f6r en elegant outfit.  Accessoarer: Komplettera med smycken eller en snygg scarf f\u00f6r att s\u00e4tta din egen pr\u00e4gel p\u00e5 stilen.       Dessa byxor \u00e4r en perfekt kombination av stil och komfort \u2013 ett m\u00e5ste i din garderob! \ud83d\udda4\u2728","og_url":"https:\/\/stilanddesign.se\/en\/product\/snygga-byxor-fran-chica-london-for-en-bekvam-och-trendig-look-\ud83c\udf42\/","og_site_name":"Stil &amp; Design","article_modified_time":"2025-11-26T10:03:38+00:00","og_image":[{"width":1920,"height":2560,"url":"https:\/\/stilanddesign.se\/wp-content\/uploads\/2025\/10\/IMG_0305-1-scaled.jpeg","type":"image\/jpeg"}],"twitter_card":"summary_large_image","twitter_misc":{"Est. reading time":"1 minute"},"schema":{"@context":"https:\/\/schema.org","@graph":[{"@type":"WebPage","@id":"https:\/\/stilanddesign.se\/produkt\/snygga-byxor-fran-chica-london-for-en-bekvam-och-trendig-look-%f0%9f%8d%82\/","url":"https:\/\/stilanddesign.se\/produkt\/snygga-byxor-fran-chica-london-for-en-bekvam-och-trendig-look-%f0%9f%8d%82\/","name":"Snygga Byxor fr\u00e5n Chica London \u2013 F\u00f6r En Bekv\u00e4m och Trendig Look! \ud83c\udf42 - Stil &amp; Design","isPartOf":{"@id":"https:\/\/stilanddesign.se\/#website"},"primaryImageOfPage":{"@id":"https:\/\/stilanddesign.se\/produkt\/snygga-byxor-fran-chica-london-for-en-bekvam-och-trendig-look-%f0%9f%8d%82\/#primaryimage"},"image":{"@id":"https:\/\/stilanddesign.se\/produkt\/snygga-byxor-fran-chica-london-for-en-bekvam-och-trendig-look-%f0%9f%8d%82\/#primaryimage"},"thumbnailUrl":"https:\/\/stilanddesign.se\/wp-content\/uploads\/2025\/10\/IMG_0305-1-scaled.jpeg","datePublished":"2025-11-25T07:47:17+00:00","dateModified":"2025-11-26T10:03:38+00:00","breadcrumb":{"@id":"https:\/\/stilanddesign.se\/produkt\/snygga-byxor-fran-chica-london-for-en-bekvam-och-trendig-look-%f0%9f%8d%82\/#breadcrumb"},"inLanguage":"en-US","potentialAction":[{"@type":"ReadAction","target":["https:\/\/stilanddesign.se\/produkt\/snygga-byxor-fran-chica-london-for-en-bekvam-och-trendig-look-%f0%9f%8d%82\/"]}]},{"@type":"ImageObject","inLanguage":"en-US","@id":"https:\/\/stilanddesign.se\/produkt\/snygga-byxor-fran-chica-london-for-en-bekvam-och-trendig-look-%f0%9f%8d%82\/#primaryimage","url":"https:\/\/stilanddesign.se\/wp-content\/uploads\/2025\/10\/IMG_0305-1-scaled.jpeg","contentUrl":"https:\/\/stilanddesign.se\/wp-content\/uploads\/2025\/10\/IMG_0305-1-scaled.jpeg","width":1920,"height":2560},{"@type":"BreadcrumbList","@id":"https:\/\/stilanddesign.se\/produkt\/snygga-byxor-fran-chica-london-for-en-bekvam-och-trendig-look-%f0%9f%8d%82\/#breadcrumb","itemListElement":[{"@type":"ListItem","position":1,"name":"Hem","item":"https:\/\/stilanddesign.se\/"},{"@type":"ListItem","position":2,"name":"Butiken","item":"https:\/\/stilanddesign.se\/butiken\/"},{"@type":"ListItem","position":3,"name":"Snygga Byxor fr\u00e5n Chica London \u2013 F\u00f6r En Bekv\u00e4m och Trendig Look! \ud83c\udf42"}]},{"@type":"WebSite","@id":"https:\/\/stilanddesign.se\/#website","url":"https:\/\/stilanddesign.se\/","name":"Style &amp; Design","description":"For those of us who love fashion!","publisher":{"@id":"https:\/\/stilanddesign.se\/#organization"},"potentialAction":[{"@type":"SearchAction","target":{"@type":"EntryPoint","urlTemplate":"https:\/\/stilanddesign.se\/?s={search_term_string}"},"query-input":{"@type":"PropertyValueSpecification","valueRequired":true,"valueName":"search_term_string"}}],"inLanguage":"en-US"},{"@type":"Organization","@id":"https:\/\/stilanddesign.se\/#organization","name":"Style &amp; Design","url":"https:\/\/stilanddesign.se\/","logo":{"@type":"ImageObject","inLanguage":"en-US","@id":"https:\/\/stilanddesign.se\/#\/schema\/logo\/image\/","url":"https:\/\/stilanddesign.se\/wp-content\/uploads\/2023\/12\/output-onlinepngtools-e1727784413220.png","contentUrl":"https:\/\/stilanddesign.se\/wp-content\/uploads\/2023\/12\/output-onlinepngtools-e1727784413220.png","width":519,"height":135,"caption":"Stil &amp; Design"},"image":{"@id":"https:\/\/stilanddesign.se\/#\/schema\/logo\/image\/"}}]}},"_links":{"self":[{"href":"https:\/\/stilanddesign.se\/en\/wp-json\/wp\/v2\/product\/1052531","targetHints":{"allow":["GET"]}}],"collection":[{"href":"https:\/\/stilanddesign.se\/en\/wp-json\/wp\/v2\/product"}],"about":[{"href":"https:\/\/stilanddesign.se\/en\/wp-json\/wp\/v2\/types\/product"}],"replies":[{"embeddable":true,"href":"https:\/\/stilanddesign.se\/en\/wp-json\/wp\/v2\/comments?post=1052531"}],"wp:featuredmedia":[{"embeddable":true,"href":"https:\/\/stilanddesign.se\/en\/wp-json\/wp\/v2\/media\/1052534"}],"wp:attachment":[{"href":"https:\/\/stilanddesign.se\/en\/wp-json\/wp\/v2\/media?parent=1052531"}],"wp:term":[{"taxonomy":"product_brand","embeddable":true,"href":"https:\/\/stilanddesign.se\/en\/wp-json\/wp\/v2\/product_brand?post=1052531"},{"taxonomy":"product_cat","embeddable":true,"href":"https:\/\/stilanddesign.se\/en\/wp-json\/wp\/v2\/product_cat?post=1052531"},{"taxonomy":"product_tag","embeddable":true,"href":"https:\/\/stilanddesign.se\/en\/wp-json\/wp\/v2\/product_tag?post=1052531"}],"curies":[{"name":"wp","href":"https:\/\/api.w.org\/{rel}","templated":true}]}}