{"id":1050658,"date":"2026-03-27T13:59:45","date_gmt":"2026-03-27T12:59:45","guid":{"rendered":"https:\/\/stilanddesign.se\/?post_type=product&#038;p=1050658"},"modified":"2026-04-15T14:44:12","modified_gmt":"2026-04-15T12:44:12","slug":"%f0%9f%92%99-marinblatt-spetslinne-feminin-stilren-favorit-%e2%9c%a8","status":"publish","type":"product","link":"https:\/\/stilanddesign.se\/en\/product\/%f0%9f%92%99-marinblatt-spetslinne-feminin-stilren-favorit-%e2%9c%a8\/","title":{"rendered":"\ud83d\udc99 Navy blue lace top \u2013 feminine &amp; stylish favorite \u2728"},"content":{"rendered":"<div class=\"overflow-x-auto relative\" dir=\"auto\">\n<div><\/div>\n<\/div>\n<div class=\"overflow-x-auto relative\" dir=\"auto\">\n<p data-start=\"0\" data-end=\"60\">\ud83d\udc99 <strong data-start=\"3\" data-end=\"56\">Navy blue lace top \u2013 feminine &amp; stylish favorite<\/strong> \u2728<\/p>\n<p data-start=\"62\" data-end=\"238\">\ud83c\udf3f Soft and supple quality<br data-start=\"90\" data-end=\"93\" \/>\ud83d\udcab Lace around neck &amp; armhole<br data-start=\"121\" data-end=\"124\" \/>\u2728 Wide lace edge at the bottom \u2013 nice detail<br data-start=\"161\" data-end=\"164\" \/>\ud83d\udc5a Perfect as a base layer or under a jacket<br data-start=\"205\" data-end=\"208\" \/>\ud83d\udc4c Easy to match with everything<\/p>\n<p data-start=\"240\" data-end=\"275\">\ud83d\udccf One size - fits approx. size 34-44<\/p>\n<p data-start=\"277\" data-end=\"314\">\ud83e\uddf5 Material: 95% viscose, 5% elastane<\/p>\n<p data-start=\"316\" data-end=\"405\" data-is-last-node=\"\" data-is-only-node=\"\">\ud83d\udc56 <strong data-start=\"319\" data-end=\"335\">Styling tips:<\/strong> Wear under a blazer or cardigan for an elegant layered look \ud83d\udc95<\/p>\n<\/div>","protected":false},"excerpt":{"rendered":"<p data-start=\"0\" data-end=\"60\">\ud83d\udc99 <strong data-start=\"3\" data-end=\"56\">Navy blue lace top \u2013 feminine &amp; stylish favorite<\/strong> \u2728<\/p>\n<p data-start=\"62\" data-end=\"238\">\ud83c\udf3f Soft and supple quality<br data-start=\"90\" data-end=\"93\" \/>\ud83d\udcab Lace around neck &amp; armhole<br data-start=\"121\" data-end=\"124\" \/>\u2728 Wide lace edge at the bottom \u2013 nice detail<br data-start=\"161\" data-end=\"164\" \/>\ud83d\udc5a Perfect as a base layer or under a jacket<br data-start=\"205\" data-end=\"208\" \/>\ud83d\udc4c Easy to match with everything<\/p>\n<p data-start=\"240\" data-end=\"275\">\ud83d\udccf One size - fits approx. size 34-44<\/p>\n<p data-start=\"277\" data-end=\"314\">\ud83e\uddf5 Material: 95% viscose, 5% elastane<\/p>\n<p data-start=\"316\" data-end=\"405\" data-is-last-node=\"\" data-is-only-node=\"\">\ud83d\udc56 <strong data-start=\"319\" data-end=\"335\">Styling tips:<\/strong> Wear under a blazer or cardigan for an elegant layered look \ud83d\udc95<\/p>","protected":false},"featured_media":1050645,"comment_status":"closed","ping_status":"closed","template":"","meta":[],"product_brand":[],"product_cat":[205],"product_tag":[],"class_list":{"0":"post-1050658","1":"product","2":"type-product","3":"status-publish","4":"has-post-thumbnail","6":"product_cat-linne","8":"first","9":"instock","10":"taxable","11":"shipping-taxable","12":"purchasable","13":"product-type-variable"},"yoast_head":"<!-- This site is optimized with the Yoast SEO Premium plugin v27.1 (Yoast SEO v27.4) - https:\/\/yoast.com\/product\/yoast-seo-premium-wordpress\/ -->\n<title>\ud83d\udc99 Marinbl\u00e5tt spetslinne \u2013 feminin &amp; stilren favorit \u2728 - Stil &amp; Design<\/title>\n<meta name=\"robots\" content=\"index, follow, max-snippet:-1, max-image-preview:large, max-video-preview:-1\" \/>\n<link rel=\"canonical\" href=\"https:\/\/stilanddesign.se\/en\/product\/\ud83d\udc99-marinblatt-spetslinne-feminin-stilren-favorit-\u2728\/\" \/>\n<meta property=\"og:locale\" content=\"en_US\" \/>\n<meta property=\"og:type\" content=\"article\" \/>\n<meta property=\"og:title\" content=\"\ud83d\udc99 Marinbl\u00e5tt spetslinne \u2013 feminin &amp; stilren favorit \u2728\" \/>\n<meta property=\"og:description\" content=\"\ud83d\udc99 Marinbl\u00e5tt spetslinne \u2013 feminin &amp; stilren favorit \u2728 \ud83c\udf3f Mjuk och f\u00f6ljsam kvalitet\ud83d\udcab Spets runt hals &amp; \u00e4rmh\u00e5la\u2728 Bred spetskant nertill \u2013 fin detalj\ud83d\udc5a Perfekt som basplagg eller under kavaj\ud83d\udc4c L\u00e4tt att matcha till allt \ud83d\udccf One size \u2013 passar ca stl 34\u201344 \ud83e\uddf5 Material: 95% viskos, 5% elastan \ud83d\udc56 Stylingtips: B\u00e4r under en blazer eller kofta f\u00f6r en elegant lager-p\u00e5-lager look \ud83d\udc95\" \/>\n<meta property=\"og:url\" content=\"https:\/\/stilanddesign.se\/en\/product\/\ud83d\udc99-marinblatt-spetslinne-feminin-stilren-favorit-\u2728\/\" \/>\n<meta property=\"og:site_name\" content=\"Stil &amp; Design\" \/>\n<meta property=\"article:modified_time\" content=\"2026-04-15T12:44:12+00:00\" \/>\n<meta property=\"og:image\" content=\"https:\/\/stilanddesign.se\/wp-content\/uploads\/2025\/10\/890909987777-rotated.jpg\" \/>\n\t<meta property=\"og:image:width\" content=\"480\" \/>\n\t<meta property=\"og:image:height\" content=\"640\" \/>\n\t<meta property=\"og:image:type\" content=\"image\/jpeg\" \/>\n<meta name=\"twitter:card\" content=\"summary_large_image\" \/>\n<meta name=\"twitter:label1\" content=\"Est. reading time\" \/>\n\t<meta name=\"twitter:data1\" content=\"1 minute\" \/>\n<script type=\"application\/ld+json\" class=\"yoast-schema-graph\">{\"@context\":\"https:\\\/\\\/schema.org\",\"@graph\":[{\"@type\":\"WebPage\",\"@id\":\"https:\\\/\\\/stilanddesign.se\\\/produkt\\\/%f0%9f%92%99-marinblatt-spetslinne-feminin-stilren-favorit-%e2%9c%a8\\\/\",\"url\":\"https:\\\/\\\/stilanddesign.se\\\/produkt\\\/%f0%9f%92%99-marinblatt-spetslinne-feminin-stilren-favorit-%e2%9c%a8\\\/\",\"name\":\"\ud83d\udc99 Marinbl\u00e5tt spetslinne \u2013 feminin & stilren favorit \u2728 - Stil &amp; Design\",\"isPartOf\":{\"@id\":\"https:\\\/\\\/stilanddesign.se\\\/#website\"},\"primaryImageOfPage\":{\"@id\":\"https:\\\/\\\/stilanddesign.se\\\/produkt\\\/%f0%9f%92%99-marinblatt-spetslinne-feminin-stilren-favorit-%e2%9c%a8\\\/#primaryimage\"},\"image\":{\"@id\":\"https:\\\/\\\/stilanddesign.se\\\/produkt\\\/%f0%9f%92%99-marinblatt-spetslinne-feminin-stilren-favorit-%e2%9c%a8\\\/#primaryimage\"},\"thumbnailUrl\":\"https:\\\/\\\/stilanddesign.se\\\/wp-content\\\/uploads\\\/2025\\\/10\\\/890909987777-rotated.jpg\",\"datePublished\":\"2026-03-27T12:59:45+00:00\",\"dateModified\":\"2026-04-15T12:44:12+00:00\",\"breadcrumb\":{\"@id\":\"https:\\\/\\\/stilanddesign.se\\\/produkt\\\/%f0%9f%92%99-marinblatt-spetslinne-feminin-stilren-favorit-%e2%9c%a8\\\/#breadcrumb\"},\"inLanguage\":\"en-US\",\"potentialAction\":[{\"@type\":\"ReadAction\",\"target\":[\"https:\\\/\\\/stilanddesign.se\\\/produkt\\\/%f0%9f%92%99-marinblatt-spetslinne-feminin-stilren-favorit-%e2%9c%a8\\\/\"]}]},{\"@type\":\"ImageObject\",\"inLanguage\":\"en-US\",\"@id\":\"https:\\\/\\\/stilanddesign.se\\\/produkt\\\/%f0%9f%92%99-marinblatt-spetslinne-feminin-stilren-favorit-%e2%9c%a8\\\/#primaryimage\",\"url\":\"https:\\\/\\\/stilanddesign.se\\\/wp-content\\\/uploads\\\/2025\\\/10\\\/890909987777-rotated.jpg\",\"contentUrl\":\"https:\\\/\\\/stilanddesign.se\\\/wp-content\\\/uploads\\\/2025\\\/10\\\/890909987777-rotated.jpg\",\"width\":480,\"height\":640,\"caption\":\"Marinbl\u00e5tt linne med spets\"},{\"@type\":\"BreadcrumbList\",\"@id\":\"https:\\\/\\\/stilanddesign.se\\\/produkt\\\/%f0%9f%92%99-marinblatt-spetslinne-feminin-stilren-favorit-%e2%9c%a8\\\/#breadcrumb\",\"itemListElement\":[{\"@type\":\"ListItem\",\"position\":1,\"name\":\"Hem\",\"item\":\"https:\\\/\\\/stilanddesign.se\\\/\"},{\"@type\":\"ListItem\",\"position\":2,\"name\":\"Butiken\",\"item\":\"https:\\\/\\\/stilanddesign.se\\\/butiken\\\/\"},{\"@type\":\"ListItem\",\"position\":3,\"name\":\"\ud83d\udc99 Marinbl\u00e5tt spetslinne \u2013 feminin &#038; stilren favorit \u2728\"}]},{\"@type\":\"WebSite\",\"@id\":\"https:\\\/\\\/stilanddesign.se\\\/#website\",\"url\":\"https:\\\/\\\/stilanddesign.se\\\/\",\"name\":\"Stil &amp; Design\",\"description\":\"F\u00f6r oss som \u00e4lskar mode!\",\"publisher\":{\"@id\":\"https:\\\/\\\/stilanddesign.se\\\/#organization\"},\"potentialAction\":[{\"@type\":\"SearchAction\",\"target\":{\"@type\":\"EntryPoint\",\"urlTemplate\":\"https:\\\/\\\/stilanddesign.se\\\/?s={search_term_string}\"},\"query-input\":{\"@type\":\"PropertyValueSpecification\",\"valueRequired\":true,\"valueName\":\"search_term_string\"}}],\"inLanguage\":\"en-US\"},{\"@type\":\"Organization\",\"@id\":\"https:\\\/\\\/stilanddesign.se\\\/#organization\",\"name\":\"Stil &amp; Design\",\"url\":\"https:\\\/\\\/stilanddesign.se\\\/\",\"logo\":{\"@type\":\"ImageObject\",\"inLanguage\":\"en-US\",\"@id\":\"https:\\\/\\\/stilanddesign.se\\\/#\\\/schema\\\/logo\\\/image\\\/\",\"url\":\"https:\\\/\\\/stilanddesign.se\\\/wp-content\\\/uploads\\\/2023\\\/12\\\/output-onlinepngtools-e1727784413220.png\",\"contentUrl\":\"https:\\\/\\\/stilanddesign.se\\\/wp-content\\\/uploads\\\/2023\\\/12\\\/output-onlinepngtools-e1727784413220.png\",\"width\":519,\"height\":135,\"caption\":\"Stil &amp; Design\"},\"image\":{\"@id\":\"https:\\\/\\\/stilanddesign.se\\\/#\\\/schema\\\/logo\\\/image\\\/\"}}]}<\/script>\n<!-- \/ Yoast SEO Premium plugin. -->","yoast_head_json":{"title":"\ud83d\udc99 Marinbl\u00e5tt spetslinne \u2013 feminin & stilren favorit \u2728 - Stil &amp; Design","robots":{"index":"index","follow":"follow","max-snippet":"max-snippet:-1","max-image-preview":"max-image-preview:large","max-video-preview":"max-video-preview:-1"},"canonical":"https:\/\/stilanddesign.se\/en\/product\/\ud83d\udc99-marinblatt-spetslinne-feminin-stilren-favorit-\u2728\/","og_locale":"en_US","og_type":"article","og_title":"\ud83d\udc99 Marinbl\u00e5tt spetslinne \u2013 feminin & stilren favorit \u2728","og_description":"\ud83d\udc99 Marinbl\u00e5tt spetslinne \u2013 feminin &amp; stilren favorit \u2728 \ud83c\udf3f Mjuk och f\u00f6ljsam kvalitet\ud83d\udcab Spets runt hals &amp; \u00e4rmh\u00e5la\u2728 Bred spetskant nertill \u2013 fin detalj\ud83d\udc5a Perfekt som basplagg eller under kavaj\ud83d\udc4c L\u00e4tt att matcha till allt \ud83d\udccf One size \u2013 passar ca stl 34\u201344 \ud83e\uddf5 Material: 95% viskos, 5% elastan \ud83d\udc56 Stylingtips: B\u00e4r under en blazer eller kofta f\u00f6r en elegant lager-p\u00e5-lager look \ud83d\udc95","og_url":"https:\/\/stilanddesign.se\/en\/product\/\ud83d\udc99-marinblatt-spetslinne-feminin-stilren-favorit-\u2728\/","og_site_name":"Stil &amp; Design","article_modified_time":"2026-04-15T12:44:12+00:00","og_image":[{"width":480,"height":640,"url":"https:\/\/stilanddesign.se\/wp-content\/uploads\/2025\/10\/890909987777-rotated.jpg","type":"image\/jpeg"}],"twitter_card":"summary_large_image","twitter_misc":{"Est. reading time":"1 minute"},"schema":{"@context":"https:\/\/schema.org","@graph":[{"@type":"WebPage","@id":"https:\/\/stilanddesign.se\/produkt\/%f0%9f%92%99-marinblatt-spetslinne-feminin-stilren-favorit-%e2%9c%a8\/","url":"https:\/\/stilanddesign.se\/produkt\/%f0%9f%92%99-marinblatt-spetslinne-feminin-stilren-favorit-%e2%9c%a8\/","name":"\ud83d\udc99 Marinbl\u00e5tt spetslinne \u2013 feminin & stilren favorit \u2728 - Stil &amp; Design","isPartOf":{"@id":"https:\/\/stilanddesign.se\/#website"},"primaryImageOfPage":{"@id":"https:\/\/stilanddesign.se\/produkt\/%f0%9f%92%99-marinblatt-spetslinne-feminin-stilren-favorit-%e2%9c%a8\/#primaryimage"},"image":{"@id":"https:\/\/stilanddesign.se\/produkt\/%f0%9f%92%99-marinblatt-spetslinne-feminin-stilren-favorit-%e2%9c%a8\/#primaryimage"},"thumbnailUrl":"https:\/\/stilanddesign.se\/wp-content\/uploads\/2025\/10\/890909987777-rotated.jpg","datePublished":"2026-03-27T12:59:45+00:00","dateModified":"2026-04-15T12:44:12+00:00","breadcrumb":{"@id":"https:\/\/stilanddesign.se\/produkt\/%f0%9f%92%99-marinblatt-spetslinne-feminin-stilren-favorit-%e2%9c%a8\/#breadcrumb"},"inLanguage":"en-US","potentialAction":[{"@type":"ReadAction","target":["https:\/\/stilanddesign.se\/produkt\/%f0%9f%92%99-marinblatt-spetslinne-feminin-stilren-favorit-%e2%9c%a8\/"]}]},{"@type":"ImageObject","inLanguage":"en-US","@id":"https:\/\/stilanddesign.se\/produkt\/%f0%9f%92%99-marinblatt-spetslinne-feminin-stilren-favorit-%e2%9c%a8\/#primaryimage","url":"https:\/\/stilanddesign.se\/wp-content\/uploads\/2025\/10\/890909987777-rotated.jpg","contentUrl":"https:\/\/stilanddesign.se\/wp-content\/uploads\/2025\/10\/890909987777-rotated.jpg","width":480,"height":640,"caption":"Marinbl\u00e5tt linne med spets"},{"@type":"BreadcrumbList","@id":"https:\/\/stilanddesign.se\/produkt\/%f0%9f%92%99-marinblatt-spetslinne-feminin-stilren-favorit-%e2%9c%a8\/#breadcrumb","itemListElement":[{"@type":"ListItem","position":1,"name":"Hem","item":"https:\/\/stilanddesign.se\/"},{"@type":"ListItem","position":2,"name":"Butiken","item":"https:\/\/stilanddesign.se\/butiken\/"},{"@type":"ListItem","position":3,"name":"\ud83d\udc99 Marinbl\u00e5tt spetslinne \u2013 feminin &#038; stilren favorit \u2728"}]},{"@type":"WebSite","@id":"https:\/\/stilanddesign.se\/#website","url":"https:\/\/stilanddesign.se\/","name":"Style &amp; Design","description":"For those of us who love fashion!","publisher":{"@id":"https:\/\/stilanddesign.se\/#organization"},"potentialAction":[{"@type":"SearchAction","target":{"@type":"EntryPoint","urlTemplate":"https:\/\/stilanddesign.se\/?s={search_term_string}"},"query-input":{"@type":"PropertyValueSpecification","valueRequired":true,"valueName":"search_term_string"}}],"inLanguage":"en-US"},{"@type":"Organization","@id":"https:\/\/stilanddesign.se\/#organization","name":"Style &amp; Design","url":"https:\/\/stilanddesign.se\/","logo":{"@type":"ImageObject","inLanguage":"en-US","@id":"https:\/\/stilanddesign.se\/#\/schema\/logo\/image\/","url":"https:\/\/stilanddesign.se\/wp-content\/uploads\/2023\/12\/output-onlinepngtools-e1727784413220.png","contentUrl":"https:\/\/stilanddesign.se\/wp-content\/uploads\/2023\/12\/output-onlinepngtools-e1727784413220.png","width":519,"height":135,"caption":"Stil &amp; Design"},"image":{"@id":"https:\/\/stilanddesign.se\/#\/schema\/logo\/image\/"}}]}},"_links":{"self":[{"href":"https:\/\/stilanddesign.se\/en\/wp-json\/wp\/v2\/product\/1050658","targetHints":{"allow":["GET"]}}],"collection":[{"href":"https:\/\/stilanddesign.se\/en\/wp-json\/wp\/v2\/product"}],"about":[{"href":"https:\/\/stilanddesign.se\/en\/wp-json\/wp\/v2\/types\/product"}],"replies":[{"embeddable":true,"href":"https:\/\/stilanddesign.se\/en\/wp-json\/wp\/v2\/comments?post=1050658"}],"wp:featuredmedia":[{"embeddable":true,"href":"https:\/\/stilanddesign.se\/en\/wp-json\/wp\/v2\/media\/1050645"}],"wp:attachment":[{"href":"https:\/\/stilanddesign.se\/en\/wp-json\/wp\/v2\/media?parent=1050658"}],"wp:term":[{"taxonomy":"product_brand","embeddable":true,"href":"https:\/\/stilanddesign.se\/en\/wp-json\/wp\/v2\/product_brand?post=1050658"},{"taxonomy":"product_cat","embeddable":true,"href":"https:\/\/stilanddesign.se\/en\/wp-json\/wp\/v2\/product_cat?post=1050658"},{"taxonomy":"product_tag","embeddable":true,"href":"https:\/\/stilanddesign.se\/en\/wp-json\/wp\/v2\/product_tag?post=1050658"}],"curies":[{"name":"wp","href":"https:\/\/api.w.org\/{rel}","templated":true}]}}