{"id":1050508,"date":"2026-02-04T08:50:25","date_gmt":"2026-02-04T07:50:25","guid":{"rendered":"https:\/\/stilanddesign.se\/?post_type=product&#038;p=1050508"},"modified":"2026-03-31T08:03:39","modified_gmt":"2026-03-31T06:03:39","slug":"hall-dig-varm-och-stilfull-med-caramelle-fashion-mossor-%f0%9f%8d%81","status":"publish","type":"product","link":"https:\/\/stilanddesign.se\/en\/product\/hall-dig-varm-och-stilfull-med-caramelle-fashion-mossor-%f0%9f%8d%81\/","title":{"rendered":"Stay warm and stylish with Caramelle Fashion Beanies! \ud83c\udf41"},"content":{"rendered":"<div class=\"overflow-x-auto relative\" dir=\"auto\">\n<div>\n<h3>Stay warm and stylish with Caramelle Fashion Beanies! \ud83c\udf41<\/h3>\n<\/div>\n<\/div>\n<div class=\"overflow-x-auto relative\" dir=\"auto\">\n<div>\n<p>These stylish and modern hats are perfect for the cold days of autumn! With a lovely mix of materials, you get both comfort and style.<\/p>\n<\/div>\n<\/div>\n<div class=\"overflow-x-auto relative\" dir=\"auto\">\n<div>\n<p><strong>Colors:<\/strong><\/p>\n<ul>\n<li>Brown<\/li>\n<li>Beige<\/li>\n<li>Black<\/li>\n<\/ul>\n<\/div>\n<\/div>\n<div class=\"overflow-x-auto relative\" dir=\"auto\">\n<div>\n<p><strong>Material:<\/strong> 40% acrylic, 30% angora, 30% wool \u2013 for a soft and warming feel. \ud83e\udd0e<\/p>\n<\/div>\n<\/div>\n<div class=\"overflow-x-auto relative\" dir=\"auto\">\n<div>\n<p><strong>Fine details:<\/strong> Each hat is adorned with a cute heart-shaped button, which adds a unique touch to your outfit.<\/p>\n<\/div>\n<\/div>\n<div class=\"overflow-x-auto relative\" dir=\"auto\">\n<div>\n<p>Perfect to style with everything from winter jackets to casual outfits. Don&#039;t miss the chance to get these must-have accessories!<\/p>\n<\/div>\n<\/div>\n<div class=\"overflow-x-auto relative\" dir=\"auto\">\n<div>\n<p><strong>Order now and get ready for fall in style!<\/strong><\/p>\n<\/div>\n<\/div>","protected":false},"excerpt":{"rendered":"<div class=\"overflow-x-auto relative\" dir=\"auto\">\n<div>\n<h3>Stay warm and stylish with Caramelle Fashion Beanies! \ud83c\udf41<\/h3>\n<\/div>\n<\/div>\n<div class=\"overflow-x-auto relative\" dir=\"auto\">\n<div>\n<p>These stylish and modern hats are perfect for the cold days of autumn! With a lovely mix of materials, you get both comfort and style.<\/p>\n<\/div>\n<\/div>\n<div class=\"overflow-x-auto relative\" dir=\"auto\">\n<div>\n<p><strong>Colors:<\/strong><\/p>\n<ul>\n<li>Brown<\/li>\n<li>Beige<\/li>\n<li>Black<\/li>\n<\/ul>\n<\/div>\n<\/div>\n<div class=\"overflow-x-auto relative\" dir=\"auto\">\n<div>\n<p><strong>Material:<\/strong> 40% acrylic, 30% angora, 30% wool \u2013 for a soft and warming feel. \ud83e\udd0e<\/p>\n<\/div>\n<\/div>\n<div class=\"overflow-x-auto relative\" dir=\"auto\">\n<div>\n<p><strong>Fine details:<\/strong> Each hat is adorned with a cute heart-shaped button, which adds a unique touch to your outfit.<\/p>\n<\/div>\n<\/div>\n<div class=\"overflow-x-auto relative\" dir=\"auto\">\n<div>\n<p>Perfect to style with everything from winter jackets to casual outfits. Don&#039;t miss the chance to get these must-have accessories!<\/p>\n<\/div>\n<\/div>\n<div class=\"overflow-x-auto relative\" dir=\"auto\">\n<div>\n<p><strong>Order now and get ready for fall in style!<\/strong><\/p>\n<\/div>\n<\/div>","protected":false},"featured_media":1050520,"comment_status":"closed","ping_status":"closed","template":"","meta":[],"product_brand":[],"product_cat":[209],"product_tag":[],"class_list":{"0":"post-1050508","1":"product","2":"type-product","3":"status-publish","4":"has-post-thumbnail","6":"product_cat-reaprodukter","8":"first","9":"instock","10":"sale","11":"taxable","12":"shipping-taxable","13":"purchasable","14":"product-type-variable"},"yoast_head":"<!-- This site is optimized with the Yoast SEO Premium plugin v27.4 (Yoast SEO v27.4) - https:\/\/yoast.com\/product\/yoast-seo-premium-wordpress\/ -->\n<title>H\u00e5ll dig varm och stilfull med Caramelle Fashion M\u00f6ssor! \ud83c\udf41 - Stil &amp; Design<\/title>\n<meta name=\"robots\" content=\"index, follow, max-snippet:-1, max-image-preview:large, max-video-preview:-1\" \/>\n<link rel=\"canonical\" href=\"https:\/\/stilanddesign.se\/en\/product\/hall-dig-varm-och-stilfull-med-caramelle-fashion-mossor-\ud83c\udf41\/\" \/>\n<meta property=\"og:locale\" content=\"en_US\" \/>\n<meta property=\"og:type\" content=\"article\" \/>\n<meta property=\"og:title\" content=\"H\u00e5ll dig varm och stilfull med Caramelle Fashion M\u00f6ssor! \ud83c\udf41\" \/>\n<meta property=\"og:description\" content=\"H\u00e5ll dig varm och stilfull med Caramelle Fashion M\u00f6ssor! \ud83c\udf41      Dessa snygga och moderna m\u00f6ssor \u00e4r perfekta f\u00f6r h\u00f6stens kalla dagar! Med en h\u00e4rlig blandning av material f\u00e5r du b\u00e5de komfort och stil.       F\u00e4rger:   Brun  Beige  Svart       Material: 40% akryl, 30% angora, 30% ull \u2013 f\u00f6r en mjuk och v\u00e4rmande k\u00e4nsla. \ud83e\udd0e       Fina detaljer: Varje m\u00f6ssa pryds av en s\u00f6t hj\u00e4rtformad knapp, vilket ger en unik touch till din outfit.       Perfekt att styla med allt fr\u00e5n vinterjackor till casual outfits. Missa inte chansen att skaffa dessa must-have accessoarer!       Best\u00e4ll nu och g\u00f6r dig redo f\u00f6r h\u00f6sten med stil!\" \/>\n<meta property=\"og:url\" content=\"https:\/\/stilanddesign.se\/en\/product\/hall-dig-varm-och-stilfull-med-caramelle-fashion-mossor-\ud83c\udf41\/\" \/>\n<meta property=\"og:site_name\" content=\"Stil &amp; Design\" \/>\n<meta property=\"article:modified_time\" content=\"2026-03-31T06:03:39+00:00\" \/>\n<meta property=\"og:image\" content=\"https:\/\/stilanddesign.se\/wp-content\/uploads\/2025\/10\/thumbnail_image2.jpg\" \/>\n\t<meta property=\"og:image:width\" content=\"846\" \/>\n\t<meta property=\"og:image:height\" content=\"1024\" \/>\n\t<meta property=\"og:image:type\" content=\"image\/jpeg\" \/>\n<meta name=\"twitter:card\" content=\"summary_large_image\" \/>\n<meta name=\"twitter:label1\" content=\"Est. reading time\" \/>\n\t<meta name=\"twitter:data1\" content=\"1 minute\" \/>\n<script type=\"application\/ld+json\" class=\"yoast-schema-graph\">{\"@context\":\"https:\\\/\\\/schema.org\",\"@graph\":[{\"@type\":\"WebPage\",\"@id\":\"https:\\\/\\\/stilanddesign.se\\\/produkt\\\/hall-dig-varm-och-stilfull-med-caramelle-fashion-mossor-%f0%9f%8d%81\\\/\",\"url\":\"https:\\\/\\\/stilanddesign.se\\\/produkt\\\/hall-dig-varm-och-stilfull-med-caramelle-fashion-mossor-%f0%9f%8d%81\\\/\",\"name\":\"H\u00e5ll dig varm och stilfull med Caramelle Fashion M\u00f6ssor! \ud83c\udf41 - Stil &amp; Design\",\"isPartOf\":{\"@id\":\"https:\\\/\\\/stilanddesign.se\\\/#website\"},\"primaryImageOfPage\":{\"@id\":\"https:\\\/\\\/stilanddesign.se\\\/produkt\\\/hall-dig-varm-och-stilfull-med-caramelle-fashion-mossor-%f0%9f%8d%81\\\/#primaryimage\"},\"image\":{\"@id\":\"https:\\\/\\\/stilanddesign.se\\\/produkt\\\/hall-dig-varm-och-stilfull-med-caramelle-fashion-mossor-%f0%9f%8d%81\\\/#primaryimage\"},\"thumbnailUrl\":\"https:\\\/\\\/stilanddesign.se\\\/wp-content\\\/uploads\\\/2025\\\/10\\\/thumbnail_image2.jpg\",\"datePublished\":\"2026-02-04T07:50:25+00:00\",\"dateModified\":\"2026-03-31T06:03:39+00:00\",\"breadcrumb\":{\"@id\":\"https:\\\/\\\/stilanddesign.se\\\/produkt\\\/hall-dig-varm-och-stilfull-med-caramelle-fashion-mossor-%f0%9f%8d%81\\\/#breadcrumb\"},\"inLanguage\":\"en-US\",\"potentialAction\":[{\"@type\":\"ReadAction\",\"target\":[\"https:\\\/\\\/stilanddesign.se\\\/produkt\\\/hall-dig-varm-och-stilfull-med-caramelle-fashion-mossor-%f0%9f%8d%81\\\/\"]}]},{\"@type\":\"ImageObject\",\"inLanguage\":\"en-US\",\"@id\":\"https:\\\/\\\/stilanddesign.se\\\/produkt\\\/hall-dig-varm-och-stilfull-med-caramelle-fashion-mossor-%f0%9f%8d%81\\\/#primaryimage\",\"url\":\"https:\\\/\\\/stilanddesign.se\\\/wp-content\\\/uploads\\\/2025\\\/10\\\/thumbnail_image2.jpg\",\"contentUrl\":\"https:\\\/\\\/stilanddesign.se\\\/wp-content\\\/uploads\\\/2025\\\/10\\\/thumbnail_image2.jpg\",\"width\":846,\"height\":1024},{\"@type\":\"BreadcrumbList\",\"@id\":\"https:\\\/\\\/stilanddesign.se\\\/produkt\\\/hall-dig-varm-och-stilfull-med-caramelle-fashion-mossor-%f0%9f%8d%81\\\/#breadcrumb\",\"itemListElement\":[{\"@type\":\"ListItem\",\"position\":1,\"name\":\"Hem\",\"item\":\"https:\\\/\\\/stilanddesign.se\\\/\"},{\"@type\":\"ListItem\",\"position\":2,\"name\":\"Butiken\",\"item\":\"https:\\\/\\\/stilanddesign.se\\\/butiken\\\/\"},{\"@type\":\"ListItem\",\"position\":3,\"name\":\"H\u00e5ll dig varm och stilfull med Caramelle Fashion M\u00f6ssor! \ud83c\udf41\"}]},{\"@type\":\"WebSite\",\"@id\":\"https:\\\/\\\/stilanddesign.se\\\/#website\",\"url\":\"https:\\\/\\\/stilanddesign.se\\\/\",\"name\":\"Stil &amp; Design\",\"description\":\"F\u00f6r oss som \u00e4lskar mode!\",\"publisher\":{\"@id\":\"https:\\\/\\\/stilanddesign.se\\\/#organization\"},\"potentialAction\":[{\"@type\":\"SearchAction\",\"target\":{\"@type\":\"EntryPoint\",\"urlTemplate\":\"https:\\\/\\\/stilanddesign.se\\\/?s={search_term_string}\"},\"query-input\":{\"@type\":\"PropertyValueSpecification\",\"valueRequired\":true,\"valueName\":\"search_term_string\"}}],\"inLanguage\":\"en-US\"},{\"@type\":\"Organization\",\"@id\":\"https:\\\/\\\/stilanddesign.se\\\/#organization\",\"name\":\"Stil &amp; Design\",\"url\":\"https:\\\/\\\/stilanddesign.se\\\/\",\"logo\":{\"@type\":\"ImageObject\",\"inLanguage\":\"en-US\",\"@id\":\"https:\\\/\\\/stilanddesign.se\\\/#\\\/schema\\\/logo\\\/image\\\/\",\"url\":\"https:\\\/\\\/stilanddesign.se\\\/wp-content\\\/uploads\\\/2023\\\/12\\\/output-onlinepngtools-e1727784413220.png\",\"contentUrl\":\"https:\\\/\\\/stilanddesign.se\\\/wp-content\\\/uploads\\\/2023\\\/12\\\/output-onlinepngtools-e1727784413220.png\",\"width\":519,\"height\":135,\"caption\":\"Stil &amp; Design\"},\"image\":{\"@id\":\"https:\\\/\\\/stilanddesign.se\\\/#\\\/schema\\\/logo\\\/image\\\/\"}}]}<\/script>\n<!-- \/ Yoast SEO Premium plugin. -->","yoast_head_json":{"title":"H\u00e5ll dig varm och stilfull med Caramelle Fashion M\u00f6ssor! \ud83c\udf41 - Stil &amp; Design","robots":{"index":"index","follow":"follow","max-snippet":"max-snippet:-1","max-image-preview":"max-image-preview:large","max-video-preview":"max-video-preview:-1"},"canonical":"https:\/\/stilanddesign.se\/en\/product\/hall-dig-varm-och-stilfull-med-caramelle-fashion-mossor-\ud83c\udf41\/","og_locale":"en_US","og_type":"article","og_title":"H\u00e5ll dig varm och stilfull med Caramelle Fashion M\u00f6ssor! \ud83c\udf41","og_description":"H\u00e5ll dig varm och stilfull med Caramelle Fashion M\u00f6ssor! \ud83c\udf41      Dessa snygga och moderna m\u00f6ssor \u00e4r perfekta f\u00f6r h\u00f6stens kalla dagar! Med en h\u00e4rlig blandning av material f\u00e5r du b\u00e5de komfort och stil.       F\u00e4rger:   Brun  Beige  Svart       Material: 40% akryl, 30% angora, 30% ull \u2013 f\u00f6r en mjuk och v\u00e4rmande k\u00e4nsla. \ud83e\udd0e       Fina detaljer: Varje m\u00f6ssa pryds av en s\u00f6t hj\u00e4rtformad knapp, vilket ger en unik touch till din outfit.       Perfekt att styla med allt fr\u00e5n vinterjackor till casual outfits. Missa inte chansen att skaffa dessa must-have accessoarer!       Best\u00e4ll nu och g\u00f6r dig redo f\u00f6r h\u00f6sten med stil!","og_url":"https:\/\/stilanddesign.se\/en\/product\/hall-dig-varm-och-stilfull-med-caramelle-fashion-mossor-\ud83c\udf41\/","og_site_name":"Stil &amp; Design","article_modified_time":"2026-03-31T06:03:39+00:00","og_image":[{"width":846,"height":1024,"url":"https:\/\/stilanddesign.se\/wp-content\/uploads\/2025\/10\/thumbnail_image2.jpg","type":"image\/jpeg"}],"twitter_card":"summary_large_image","twitter_misc":{"Est. reading time":"1 minute"},"schema":{"@context":"https:\/\/schema.org","@graph":[{"@type":"WebPage","@id":"https:\/\/stilanddesign.se\/produkt\/hall-dig-varm-och-stilfull-med-caramelle-fashion-mossor-%f0%9f%8d%81\/","url":"https:\/\/stilanddesign.se\/produkt\/hall-dig-varm-och-stilfull-med-caramelle-fashion-mossor-%f0%9f%8d%81\/","name":"H\u00e5ll dig varm och stilfull med Caramelle Fashion M\u00f6ssor! \ud83c\udf41 - Stil &amp; Design","isPartOf":{"@id":"https:\/\/stilanddesign.se\/#website"},"primaryImageOfPage":{"@id":"https:\/\/stilanddesign.se\/produkt\/hall-dig-varm-och-stilfull-med-caramelle-fashion-mossor-%f0%9f%8d%81\/#primaryimage"},"image":{"@id":"https:\/\/stilanddesign.se\/produkt\/hall-dig-varm-och-stilfull-med-caramelle-fashion-mossor-%f0%9f%8d%81\/#primaryimage"},"thumbnailUrl":"https:\/\/stilanddesign.se\/wp-content\/uploads\/2025\/10\/thumbnail_image2.jpg","datePublished":"2026-02-04T07:50:25+00:00","dateModified":"2026-03-31T06:03:39+00:00","breadcrumb":{"@id":"https:\/\/stilanddesign.se\/produkt\/hall-dig-varm-och-stilfull-med-caramelle-fashion-mossor-%f0%9f%8d%81\/#breadcrumb"},"inLanguage":"en-US","potentialAction":[{"@type":"ReadAction","target":["https:\/\/stilanddesign.se\/produkt\/hall-dig-varm-och-stilfull-med-caramelle-fashion-mossor-%f0%9f%8d%81\/"]}]},{"@type":"ImageObject","inLanguage":"en-US","@id":"https:\/\/stilanddesign.se\/produkt\/hall-dig-varm-och-stilfull-med-caramelle-fashion-mossor-%f0%9f%8d%81\/#primaryimage","url":"https:\/\/stilanddesign.se\/wp-content\/uploads\/2025\/10\/thumbnail_image2.jpg","contentUrl":"https:\/\/stilanddesign.se\/wp-content\/uploads\/2025\/10\/thumbnail_image2.jpg","width":846,"height":1024},{"@type":"BreadcrumbList","@id":"https:\/\/stilanddesign.se\/produkt\/hall-dig-varm-och-stilfull-med-caramelle-fashion-mossor-%f0%9f%8d%81\/#breadcrumb","itemListElement":[{"@type":"ListItem","position":1,"name":"Hem","item":"https:\/\/stilanddesign.se\/"},{"@type":"ListItem","position":2,"name":"Butiken","item":"https:\/\/stilanddesign.se\/butiken\/"},{"@type":"ListItem","position":3,"name":"H\u00e5ll dig varm och stilfull med Caramelle Fashion M\u00f6ssor! \ud83c\udf41"}]},{"@type":"WebSite","@id":"https:\/\/stilanddesign.se\/#website","url":"https:\/\/stilanddesign.se\/","name":"Style &amp; Design","description":"For those of us who love fashion!","publisher":{"@id":"https:\/\/stilanddesign.se\/#organization"},"potentialAction":[{"@type":"SearchAction","target":{"@type":"EntryPoint","urlTemplate":"https:\/\/stilanddesign.se\/?s={search_term_string}"},"query-input":{"@type":"PropertyValueSpecification","valueRequired":true,"valueName":"search_term_string"}}],"inLanguage":"en-US"},{"@type":"Organization","@id":"https:\/\/stilanddesign.se\/#organization","name":"Style &amp; Design","url":"https:\/\/stilanddesign.se\/","logo":{"@type":"ImageObject","inLanguage":"en-US","@id":"https:\/\/stilanddesign.se\/#\/schema\/logo\/image\/","url":"https:\/\/stilanddesign.se\/wp-content\/uploads\/2023\/12\/output-onlinepngtools-e1727784413220.png","contentUrl":"https:\/\/stilanddesign.se\/wp-content\/uploads\/2023\/12\/output-onlinepngtools-e1727784413220.png","width":519,"height":135,"caption":"Stil &amp; Design"},"image":{"@id":"https:\/\/stilanddesign.se\/#\/schema\/logo\/image\/"}}]}},"_links":{"self":[{"href":"https:\/\/stilanddesign.se\/en\/wp-json\/wp\/v2\/product\/1050508","targetHints":{"allow":["GET"]}}],"collection":[{"href":"https:\/\/stilanddesign.se\/en\/wp-json\/wp\/v2\/product"}],"about":[{"href":"https:\/\/stilanddesign.se\/en\/wp-json\/wp\/v2\/types\/product"}],"replies":[{"embeddable":true,"href":"https:\/\/stilanddesign.se\/en\/wp-json\/wp\/v2\/comments?post=1050508"}],"wp:featuredmedia":[{"embeddable":true,"href":"https:\/\/stilanddesign.se\/en\/wp-json\/wp\/v2\/media\/1050520"}],"wp:attachment":[{"href":"https:\/\/stilanddesign.se\/en\/wp-json\/wp\/v2\/media?parent=1050508"}],"wp:term":[{"taxonomy":"product_brand","embeddable":true,"href":"https:\/\/stilanddesign.se\/en\/wp-json\/wp\/v2\/product_brand?post=1050508"},{"taxonomy":"product_cat","embeddable":true,"href":"https:\/\/stilanddesign.se\/en\/wp-json\/wp\/v2\/product_cat?post=1050508"},{"taxonomy":"product_tag","embeddable":true,"href":"https:\/\/stilanddesign.se\/en\/wp-json\/wp\/v2\/product_tag?post=1050508"}],"curies":[{"name":"wp","href":"https:\/\/api.w.org\/{rel}","templated":true}]}}