{"id":1049988,"date":"2025-11-14T10:28:49","date_gmt":"2025-11-14T09:28:49","guid":{"rendered":"https:\/\/stilanddesign.se\/?post_type=product&#038;p=1049988"},"modified":"2025-11-14T10:34:22","modified_gmt":"2025-11-14T09:34:22","slug":"chokladbrun-finstickad-troja-med-hjartan-i-cremefarg","status":"publish","type":"product","link":"https:\/\/stilanddesign.se\/en\/product\/chokladbrun-finstickad-troja-med-hjartan-i-cremefarg\/","title":{"rendered":"Chocolate brown fine knit sweater with cream hearts"},"content":{"rendered":"<div class=\"overflow-x-auto relative\" dir=\"auto\">\n<div><\/div>\n<\/div>\n<div class=\"overflow-x-auto relative\" dir=\"auto\">\n<div><\/div>\n<\/div>\n<p>Finstickad tr\u00f6ja i chokladbrunt med hj\u00e4rtan<\/p>\n<p>Tr\u00f6jan har rundad hals<\/p>\n<p>Long sleeve<\/p>\n<p>Har fastsydda hj\u00e4rtan i creme framtill<\/p>\n<p>one size, fits approx. size 34-40<\/p>\n<p>Material: 50% poyamide 35% viscose 10% ull 5% Elastan<\/p>\n<p>&nbsp;<\/p>","protected":false},"excerpt":{"rendered":"<p>Finstickad tr\u00f6ja i chokladbrunt med hj\u00e4rtan<\/p>\n<p>Tr\u00f6jan har rundad hals<\/p>\n<p>Long sleeve<\/p>\n<p>Har fastsydda hj\u00e4rtan i creme framtill<\/p>\n<p>one size, fits approx. size 34-40<\/p>\n<p>Material: 50% poyamide 35% viscose 10% ull 5% Elastan<\/p>\n<p>&nbsp;<\/p>","protected":false},"featured_media":1049987,"comment_status":"closed","ping_status":"closed","template":"","meta":[],"product_brand":[],"product_cat":[223],"product_tag":[],"class_list":{"0":"post-1049988","1":"product","2":"type-product","3":"status-publish","4":"has-post-thumbnail","6":"product_cat-stickade-trojor","8":"first","9":"outofstock","10":"taxable","11":"shipping-taxable","12":"product-type-variable"},"yoast_head":"<!-- This site is optimized with the Yoast SEO Premium plugin v27.4 (Yoast SEO v27.5) - https:\/\/yoast.com\/product\/yoast-seo-premium-wordpress\/ -->\n<title>Chokladbrun finstickad tr\u00f6ja med hj\u00e4rtan i cremef\u00e4rg - Stil &amp; Design<\/title>\n<meta name=\"robots\" content=\"index, follow, max-snippet:-1, max-image-preview:large, max-video-preview:-1\" \/>\n<link rel=\"canonical\" href=\"https:\/\/stilanddesign.se\/en\/product\/chokladbrun-finstickad-troja-med-hjartan-i-cremefarg\/\" \/>\n<meta property=\"og:locale\" content=\"en_US\" \/>\n<meta property=\"og:type\" content=\"article\" \/>\n<meta property=\"og:title\" content=\"Chokladbrun finstickad tr\u00f6ja med hj\u00e4rtan i cremef\u00e4rg\" \/>\n<meta property=\"og:description\" content=\"Finstickad tr\u00f6ja i chokladbrunt med hj\u00e4rtan  Tr\u00f6jan har rundad hals  L\u00e5ng \u00e4rm  Har fastsydda hj\u00e4rtan i creme framtill  one size,passar ca stl 34-40  Material: 50% poyamide 35% viscose 10% ull 5% Elastan  &nbsp;\" \/>\n<meta property=\"og:url\" content=\"https:\/\/stilanddesign.se\/en\/product\/chokladbrun-finstickad-troja-med-hjartan-i-cremefarg\/\" \/>\n<meta property=\"og:site_name\" content=\"Stil &amp; Design\" \/>\n<meta property=\"article:modified_time\" content=\"2025-11-14T09:34:22+00:00\" \/>\n<meta property=\"og:image\" content=\"https:\/\/stilanddesign.se\/wp-content\/uploads\/2025\/09\/6676767675555555555555555.jpg\" \/>\n\t<meta property=\"og:image:width\" content=\"446\" \/>\n\t<meta property=\"og:image:height\" content=\"640\" \/>\n\t<meta property=\"og:image:type\" content=\"image\/jpeg\" \/>\n<meta name=\"twitter:card\" content=\"summary_large_image\" \/>\n<meta name=\"twitter:label1\" content=\"Est. reading time\" \/>\n\t<meta name=\"twitter:data1\" content=\"1 minute\" \/>\n<script type=\"application\/ld+json\" class=\"yoast-schema-graph\">{\"@context\":\"https:\\\/\\\/schema.org\",\"@graph\":[{\"@type\":\"WebPage\",\"@id\":\"https:\\\/\\\/stilanddesign.se\\\/produkt\\\/chokladbrun-finstickad-troja-med-hjartan-i-cremefarg\\\/\",\"url\":\"https:\\\/\\\/stilanddesign.se\\\/produkt\\\/chokladbrun-finstickad-troja-med-hjartan-i-cremefarg\\\/\",\"name\":\"Chokladbrun finstickad tr\u00f6ja med hj\u00e4rtan i cremef\u00e4rg - Stil &amp; Design\",\"isPartOf\":{\"@id\":\"https:\\\/\\\/stilanddesign.se\\\/#website\"},\"primaryImageOfPage\":{\"@id\":\"https:\\\/\\\/stilanddesign.se\\\/produkt\\\/chokladbrun-finstickad-troja-med-hjartan-i-cremefarg\\\/#primaryimage\"},\"image\":{\"@id\":\"https:\\\/\\\/stilanddesign.se\\\/produkt\\\/chokladbrun-finstickad-troja-med-hjartan-i-cremefarg\\\/#primaryimage\"},\"thumbnailUrl\":\"https:\\\/\\\/stilanddesign.se\\\/wp-content\\\/uploads\\\/2025\\\/09\\\/6676767675555555555555555.jpg\",\"datePublished\":\"2025-11-14T09:28:49+00:00\",\"dateModified\":\"2025-11-14T09:34:22+00:00\",\"breadcrumb\":{\"@id\":\"https:\\\/\\\/stilanddesign.se\\\/produkt\\\/chokladbrun-finstickad-troja-med-hjartan-i-cremefarg\\\/#breadcrumb\"},\"inLanguage\":\"en-US\",\"potentialAction\":[{\"@type\":\"ReadAction\",\"target\":[\"https:\\\/\\\/stilanddesign.se\\\/produkt\\\/chokladbrun-finstickad-troja-med-hjartan-i-cremefarg\\\/\"]}]},{\"@type\":\"ImageObject\",\"inLanguage\":\"en-US\",\"@id\":\"https:\\\/\\\/stilanddesign.se\\\/produkt\\\/chokladbrun-finstickad-troja-med-hjartan-i-cremefarg\\\/#primaryimage\",\"url\":\"https:\\\/\\\/stilanddesign.se\\\/wp-content\\\/uploads\\\/2025\\\/09\\\/6676767675555555555555555.jpg\",\"contentUrl\":\"https:\\\/\\\/stilanddesign.se\\\/wp-content\\\/uploads\\\/2025\\\/09\\\/6676767675555555555555555.jpg\",\"width\":446,\"height\":640,\"caption\":\"Chokladbrun finstickad tr\u00f6ja\"},{\"@type\":\"BreadcrumbList\",\"@id\":\"https:\\\/\\\/stilanddesign.se\\\/produkt\\\/chokladbrun-finstickad-troja-med-hjartan-i-cremefarg\\\/#breadcrumb\",\"itemListElement\":[{\"@type\":\"ListItem\",\"position\":1,\"name\":\"Hem\",\"item\":\"https:\\\/\\\/stilanddesign.se\\\/\"},{\"@type\":\"ListItem\",\"position\":2,\"name\":\"Butiken\",\"item\":\"https:\\\/\\\/stilanddesign.se\\\/butiken\\\/\"},{\"@type\":\"ListItem\",\"position\":3,\"name\":\"Chokladbrun finstickad tr\u00f6ja med hj\u00e4rtan i cremef\u00e4rg\"}]},{\"@type\":\"WebSite\",\"@id\":\"https:\\\/\\\/stilanddesign.se\\\/#website\",\"url\":\"https:\\\/\\\/stilanddesign.se\\\/\",\"name\":\"Stil &amp; Design\",\"description\":\"F\u00f6r oss som \u00e4lskar mode!\",\"publisher\":{\"@id\":\"https:\\\/\\\/stilanddesign.se\\\/#organization\"},\"potentialAction\":[{\"@type\":\"SearchAction\",\"target\":{\"@type\":\"EntryPoint\",\"urlTemplate\":\"https:\\\/\\\/stilanddesign.se\\\/?s={search_term_string}\"},\"query-input\":{\"@type\":\"PropertyValueSpecification\",\"valueRequired\":true,\"valueName\":\"search_term_string\"}}],\"inLanguage\":\"en-US\"},{\"@type\":\"Organization\",\"@id\":\"https:\\\/\\\/stilanddesign.se\\\/#organization\",\"name\":\"Stil &amp; Design\",\"url\":\"https:\\\/\\\/stilanddesign.se\\\/\",\"logo\":{\"@type\":\"ImageObject\",\"inLanguage\":\"en-US\",\"@id\":\"https:\\\/\\\/stilanddesign.se\\\/#\\\/schema\\\/logo\\\/image\\\/\",\"url\":\"https:\\\/\\\/stilanddesign.se\\\/wp-content\\\/uploads\\\/2023\\\/12\\\/output-onlinepngtools-e1727784413220.png\",\"contentUrl\":\"https:\\\/\\\/stilanddesign.se\\\/wp-content\\\/uploads\\\/2023\\\/12\\\/output-onlinepngtools-e1727784413220.png\",\"width\":519,\"height\":135,\"caption\":\"Stil &amp; Design\"},\"image\":{\"@id\":\"https:\\\/\\\/stilanddesign.se\\\/#\\\/schema\\\/logo\\\/image\\\/\"}}]}<\/script>\n<!-- \/ Yoast SEO Premium plugin. -->","yoast_head_json":{"title":"Chokladbrun finstickad tr\u00f6ja med hj\u00e4rtan i cremef\u00e4rg - Stil &amp; Design","robots":{"index":"index","follow":"follow","max-snippet":"max-snippet:-1","max-image-preview":"max-image-preview:large","max-video-preview":"max-video-preview:-1"},"canonical":"https:\/\/stilanddesign.se\/en\/product\/chokladbrun-finstickad-troja-med-hjartan-i-cremefarg\/","og_locale":"en_US","og_type":"article","og_title":"Chokladbrun finstickad tr\u00f6ja med hj\u00e4rtan i cremef\u00e4rg","og_description":"Finstickad tr\u00f6ja i chokladbrunt med hj\u00e4rtan  Tr\u00f6jan har rundad hals  L\u00e5ng \u00e4rm  Har fastsydda hj\u00e4rtan i creme framtill  one size,passar ca stl 34-40  Material: 50% poyamide 35% viscose 10% ull 5% Elastan  &nbsp;","og_url":"https:\/\/stilanddesign.se\/en\/product\/chokladbrun-finstickad-troja-med-hjartan-i-cremefarg\/","og_site_name":"Stil &amp; Design","article_modified_time":"2025-11-14T09:34:22+00:00","og_image":[{"width":446,"height":640,"url":"https:\/\/stilanddesign.se\/wp-content\/uploads\/2025\/09\/6676767675555555555555555.jpg","type":"image\/jpeg"}],"twitter_card":"summary_large_image","twitter_misc":{"Est. reading time":"1 minute"},"schema":{"@context":"https:\/\/schema.org","@graph":[{"@type":"WebPage","@id":"https:\/\/stilanddesign.se\/produkt\/chokladbrun-finstickad-troja-med-hjartan-i-cremefarg\/","url":"https:\/\/stilanddesign.se\/produkt\/chokladbrun-finstickad-troja-med-hjartan-i-cremefarg\/","name":"Chokladbrun finstickad tr\u00f6ja med hj\u00e4rtan i cremef\u00e4rg - Stil &amp; Design","isPartOf":{"@id":"https:\/\/stilanddesign.se\/#website"},"primaryImageOfPage":{"@id":"https:\/\/stilanddesign.se\/produkt\/chokladbrun-finstickad-troja-med-hjartan-i-cremefarg\/#primaryimage"},"image":{"@id":"https:\/\/stilanddesign.se\/produkt\/chokladbrun-finstickad-troja-med-hjartan-i-cremefarg\/#primaryimage"},"thumbnailUrl":"https:\/\/stilanddesign.se\/wp-content\/uploads\/2025\/09\/6676767675555555555555555.jpg","datePublished":"2025-11-14T09:28:49+00:00","dateModified":"2025-11-14T09:34:22+00:00","breadcrumb":{"@id":"https:\/\/stilanddesign.se\/produkt\/chokladbrun-finstickad-troja-med-hjartan-i-cremefarg\/#breadcrumb"},"inLanguage":"en-US","potentialAction":[{"@type":"ReadAction","target":["https:\/\/stilanddesign.se\/produkt\/chokladbrun-finstickad-troja-med-hjartan-i-cremefarg\/"]}]},{"@type":"ImageObject","inLanguage":"en-US","@id":"https:\/\/stilanddesign.se\/produkt\/chokladbrun-finstickad-troja-med-hjartan-i-cremefarg\/#primaryimage","url":"https:\/\/stilanddesign.se\/wp-content\/uploads\/2025\/09\/6676767675555555555555555.jpg","contentUrl":"https:\/\/stilanddesign.se\/wp-content\/uploads\/2025\/09\/6676767675555555555555555.jpg","width":446,"height":640,"caption":"Chokladbrun finstickad tr\u00f6ja"},{"@type":"BreadcrumbList","@id":"https:\/\/stilanddesign.se\/produkt\/chokladbrun-finstickad-troja-med-hjartan-i-cremefarg\/#breadcrumb","itemListElement":[{"@type":"ListItem","position":1,"name":"Hem","item":"https:\/\/stilanddesign.se\/"},{"@type":"ListItem","position":2,"name":"Butiken","item":"https:\/\/stilanddesign.se\/butiken\/"},{"@type":"ListItem","position":3,"name":"Chokladbrun finstickad tr\u00f6ja med hj\u00e4rtan i cremef\u00e4rg"}]},{"@type":"WebSite","@id":"https:\/\/stilanddesign.se\/#website","url":"https:\/\/stilanddesign.se\/","name":"Style &amp; Design","description":"For those of us who love fashion!","publisher":{"@id":"https:\/\/stilanddesign.se\/#organization"},"potentialAction":[{"@type":"SearchAction","target":{"@type":"EntryPoint","urlTemplate":"https:\/\/stilanddesign.se\/?s={search_term_string}"},"query-input":{"@type":"PropertyValueSpecification","valueRequired":true,"valueName":"search_term_string"}}],"inLanguage":"en-US"},{"@type":"Organization","@id":"https:\/\/stilanddesign.se\/#organization","name":"Style &amp; Design","url":"https:\/\/stilanddesign.se\/","logo":{"@type":"ImageObject","inLanguage":"en-US","@id":"https:\/\/stilanddesign.se\/#\/schema\/logo\/image\/","url":"https:\/\/stilanddesign.se\/wp-content\/uploads\/2023\/12\/output-onlinepngtools-e1727784413220.png","contentUrl":"https:\/\/stilanddesign.se\/wp-content\/uploads\/2023\/12\/output-onlinepngtools-e1727784413220.png","width":519,"height":135,"caption":"Stil &amp; Design"},"image":{"@id":"https:\/\/stilanddesign.se\/#\/schema\/logo\/image\/"}}]}},"_links":{"self":[{"href":"https:\/\/stilanddesign.se\/en\/wp-json\/wp\/v2\/product\/1049988","targetHints":{"allow":["GET"]}}],"collection":[{"href":"https:\/\/stilanddesign.se\/en\/wp-json\/wp\/v2\/product"}],"about":[{"href":"https:\/\/stilanddesign.se\/en\/wp-json\/wp\/v2\/types\/product"}],"replies":[{"embeddable":true,"href":"https:\/\/stilanddesign.se\/en\/wp-json\/wp\/v2\/comments?post=1049988"}],"wp:featuredmedia":[{"embeddable":true,"href":"https:\/\/stilanddesign.se\/en\/wp-json\/wp\/v2\/media\/1049987"}],"wp:attachment":[{"href":"https:\/\/stilanddesign.se\/en\/wp-json\/wp\/v2\/media?parent=1049988"}],"wp:term":[{"taxonomy":"product_brand","embeddable":true,"href":"https:\/\/stilanddesign.se\/en\/wp-json\/wp\/v2\/product_brand?post=1049988"},{"taxonomy":"product_cat","embeddable":true,"href":"https:\/\/stilanddesign.se\/en\/wp-json\/wp\/v2\/product_cat?post=1049988"},{"taxonomy":"product_tag","embeddable":true,"href":"https:\/\/stilanddesign.se\/en\/wp-json\/wp\/v2\/product_tag?post=1049988"}],"curies":[{"name":"wp","href":"https:\/\/api.w.org\/{rel}","templated":true}]}}