{"id":1049404,"date":"2025-09-27T12:11:22","date_gmt":"2025-09-27T10:11:22","guid":{"rendered":"https:\/\/stilanddesign.se\/?post_type=product&#038;p=1049404"},"modified":"2025-10-15T09:09:50","modified_gmt":"2025-10-15T07:09:50","slug":"sot-klanning-i-90-viskos-fran-marta-du-chateau-2","status":"publish","type":"product","link":"https:\/\/stilanddesign.se\/en\/product\/sot-klanning-i-90-viskos-fran-marta-du-chateau-2\/","title":{"rendered":"Cute Dress in 90% Viscose from Marta Du Ch\u00e2teau"},"content":{"rendered":"<div class=\"overflow-x-auto relative\" dir=\"auto\">\n<div>\n<h3>Cute Dress in 90% Viscose from Marta Du Ch\u00e2teau<\/h3>\n<\/div>\n<\/div>\n<div class=\"overflow-x-auto relative\" dir=\"auto\">\n<div>\n<p><strong>Fill your wardrobe with this charming dress from Marta Du Ch\u00e2teau! With an airy and roomy fit, it is perfect for both casual and festive occasions.<\/strong><\/p>\n<\/div>\n<\/div>\n<div class=\"overflow-x-auto relative\" dir=\"auto\">\n<div>\n<hr \/>\n<\/div>\n<\/div>\n<div class=\"overflow-x-auto relative\" dir=\"auto\">\n<div>\n<p><strong>Features:<\/strong><\/p>\n<ul>\n<li><strong>V-neck:<\/strong> The dress has a stylish V-neckline that highlights your neckline and gives an elegant feel.<\/li>\n<li><strong>Elastic sleeves:<\/strong> The elastic sleeves give the dress a nice detail and make it comfortable to wear.<\/li>\n<li><strong>Material:<\/strong> Made from 90% viscose and 10% nylon, which gives a soft and supple feel.<\/li>\n<\/ul>\n<\/div>\n<\/div>\n<div class=\"overflow-x-auto relative\" dir=\"auto\">\n<div>\n<p><strong>Sizes:<\/strong><\/p>\n<ul>\n<li><strong>S\/M:<\/strong> Chest: 128 cm, Length: 117 cm<\/li>\n<li><strong>L\/XL:<\/strong> Chest: 130 cm, Length: 119 cm<\/li>\n<\/ul>\n<\/div>\n<\/div>\n<div class=\"overflow-x-auto relative\" dir=\"auto\">\n<div>\n<hr \/>\n<\/div>\n<\/div>\n<div class=\"overflow-x-auto relative\" dir=\"auto\">\n<div>\n<p><strong>Styling tips:<\/strong><\/p>\n<ul>\n<li><strong>Chic with sandals:<\/strong> Combine the dress with elegant sandals for a summery look.<\/li>\n<li><strong>Casual with sneakers:<\/strong> Wear it with sneakers for a casual and trendy style.<\/li>\n<\/ul>\n<\/div>\n<\/div>\n<div class=\"overflow-x-auto relative\" dir=\"auto\">\n<div>\n<hr \/>\n<\/div>\n<\/div>\n<div class=\"overflow-x-auto relative\" dir=\"auto\">\n<div>\n<p><strong>Make this dress a new favorite in your wardrobe \u2013 order now and enjoy style and comfort in one!<\/strong><\/p>\n<\/div>\n<\/div>","protected":false},"excerpt":{"rendered":"<div class=\"overflow-x-auto relative\" dir=\"auto\">\n<div>\n<h3>Cute Dress in 90% Viscose from Marta Du Ch\u00e2teau<\/h3>\n<\/div>\n<\/div>\n<div class=\"overflow-x-auto relative\" dir=\"auto\">\n<div>\n<p><strong>Fill your wardrobe with this charming dress from Marta Du Ch\u00e2teau! With an airy and roomy fit, it is perfect for both casual and festive occasions.<\/strong><\/p>\n<\/div>\n<\/div>\n<div class=\"overflow-x-auto relative\" dir=\"auto\">\n<div>\n<hr \/>\n<\/div>\n<\/div>\n<div class=\"overflow-x-auto relative\" dir=\"auto\">\n<div>\n<p><strong>Features:<\/strong><\/p>\n<ul>\n<li><strong>V-neck:<\/strong> The dress has a stylish V-neckline that highlights your neckline and gives an elegant feel.<\/li>\n<li><strong>Elastic sleeves:<\/strong> The elastic sleeves give the dress a nice detail and make it comfortable to wear.<\/li>\n<li><strong>Material:<\/strong> Made from 90% viscose and 10% nylon, which gives a soft and supple feel.<\/li>\n<\/ul>\n<\/div>\n<\/div>\n<div class=\"overflow-x-auto relative\" dir=\"auto\">\n<div>\n<p><strong>Sizes:<\/strong><\/p>\n<ul>\n<li><strong>S\/M:<\/strong> Chest: 128 cm, Length: 117 cm<\/li>\n<li><strong>L\/XL:<\/strong> Chest: 130 cm, Length: 119 cm<\/li>\n<\/ul>\n<\/div>\n<\/div>\n<div class=\"overflow-x-auto relative\" dir=\"auto\">\n<div>\n<hr \/>\n<\/div>\n<\/div>\n<div class=\"overflow-x-auto relative\" dir=\"auto\">\n<div>\n<p><strong>Styling tips:<\/strong><\/p>\n<ul>\n<li><strong>Chic with sandals:<\/strong> Combine the dress with elegant sandals for a summery look.<\/li>\n<li><strong>Casual with sneakers:<\/strong> Wear it with sneakers for a casual and trendy style.<\/li>\n<\/ul>\n<\/div>\n<\/div>\n<div class=\"overflow-x-auto relative\" dir=\"auto\">\n<div>\n<hr \/>\n<\/div>\n<\/div>\n<div class=\"overflow-x-auto relative\" dir=\"auto\">\n<div>\n<p><strong>Make this dress a new favorite in your wardrobe \u2013 order now and enjoy style and comfort in one!<\/strong><\/p>\n<\/div>\n<\/div>","protected":false},"featured_media":1049399,"comment_status":"closed","ping_status":"closed","template":"","meta":[],"product_brand":[],"product_cat":[209],"product_tag":[],"class_list":{"0":"post-1049404","1":"product","2":"type-product","3":"status-publish","4":"has-post-thumbnail","6":"product_cat-reaprodukter","8":"first","9":"outofstock","10":"taxable","11":"shipping-taxable","12":"product-type-variable"},"yoast_head":"<!-- This site is optimized with the Yoast SEO Premium plugin v27.4 (Yoast SEO v27.5) - https:\/\/yoast.com\/product\/yoast-seo-premium-wordpress\/ -->\n<title>S\u00f6t Kl\u00e4nning i 90% Viskos fr\u00e5n Marta Du Ch\u00e2teau - Stil &amp; Design<\/title>\n<meta name=\"robots\" content=\"index, follow, max-snippet:-1, max-image-preview:large, max-video-preview:-1\" \/>\n<link rel=\"canonical\" href=\"https:\/\/stilanddesign.se\/en\/product\/sot-klanning-i-90-viskos-fran-marta-du-chateau-2\/\" \/>\n<meta property=\"og:locale\" content=\"en_US\" \/>\n<meta property=\"og:type\" content=\"article\" \/>\n<meta property=\"og:title\" content=\"S\u00f6t Kl\u00e4nning i 90% Viskos fr\u00e5n Marta Du Ch\u00e2teau\" \/>\n<meta property=\"og:description\" content=\"S\u00f6t Kl\u00e4nning i 90% Viskos fr\u00e5n Marta Du Ch\u00e2teau      Fyll din garderob med denna charmiga kl\u00e4nning fr\u00e5n Marta Du Ch\u00e2teau! Med en luftig och rymlig passform \u00e4r den perfekt f\u00f6r b\u00e5de avslappnade och festliga tillf\u00e4llen.              Egenskaper:   V-utsk\u00e4rning: Kl\u00e4nningen har en stilren V-utsk\u00e4rning som framh\u00e4ver din halslinje och ger en elegant k\u00e4nsla.  Elastiska \u00e4rmar: De elastiska \u00e4rmarna ger kl\u00e4nningen en fin detalj och g\u00f6r den bekv\u00e4m att b\u00e4ra.  Material: Tillverkad av 90% viskos och 10% nylon, vilket ger en mjuk och f\u00f6ljsam k\u00e4nsla.       Storlekar:   S\/M: Br\u00f6st: 128 cm, L\u00e4ngd: 117 cm  L\/XL: Br\u00f6st: 130 cm, L\u00e4ngd: 119 cm              Stylingtips:   Chic med sandaler: Kombinera kl\u00e4nningen med eleganta sandaler f\u00f6r en somrig look.  Avslappnad med sneakers: B\u00e4r den med sneakers f\u00f6r en avslappnad och trendig stil.              G\u00f6r denna kl\u00e4nning till en ny favorit i din garderob \u2013 best\u00e4ll nu och njut av stil och komfort i ett!\" \/>\n<meta property=\"og:url\" content=\"https:\/\/stilanddesign.se\/en\/product\/sot-klanning-i-90-viskos-fran-marta-du-chateau-2\/\" \/>\n<meta property=\"og:site_name\" content=\"Stil &amp; Design\" \/>\n<meta property=\"article:modified_time\" content=\"2025-10-15T07:09:50+00:00\" \/>\n<meta property=\"og:image\" content=\"https:\/\/stilanddesign.se\/wp-content\/uploads\/2025\/09\/1024x1024-db4c5b6b298f69e29a8d05a10b27eb32-1.jpg\" \/>\n\t<meta property=\"og:image:width\" content=\"1024\" \/>\n\t<meta property=\"og:image:height\" content=\"1024\" \/>\n\t<meta property=\"og:image:type\" content=\"image\/jpeg\" \/>\n<meta name=\"twitter:card\" content=\"summary_large_image\" \/>\n<meta name=\"twitter:label1\" content=\"Est. reading time\" \/>\n\t<meta name=\"twitter:data1\" content=\"1 minute\" \/>\n<script type=\"application\/ld+json\" class=\"yoast-schema-graph\">{\"@context\":\"https:\\\/\\\/schema.org\",\"@graph\":[{\"@type\":\"WebPage\",\"@id\":\"https:\\\/\\\/stilanddesign.se\\\/produkt\\\/sot-klanning-i-90-viskos-fran-marta-du-chateau-2\\\/\",\"url\":\"https:\\\/\\\/stilanddesign.se\\\/produkt\\\/sot-klanning-i-90-viskos-fran-marta-du-chateau-2\\\/\",\"name\":\"S\u00f6t Kl\u00e4nning i 90% Viskos fr\u00e5n Marta Du Ch\u00e2teau - Stil &amp; Design\",\"isPartOf\":{\"@id\":\"https:\\\/\\\/stilanddesign.se\\\/#website\"},\"primaryImageOfPage\":{\"@id\":\"https:\\\/\\\/stilanddesign.se\\\/produkt\\\/sot-klanning-i-90-viskos-fran-marta-du-chateau-2\\\/#primaryimage\"},\"image\":{\"@id\":\"https:\\\/\\\/stilanddesign.se\\\/produkt\\\/sot-klanning-i-90-viskos-fran-marta-du-chateau-2\\\/#primaryimage\"},\"thumbnailUrl\":\"https:\\\/\\\/stilanddesign.se\\\/wp-content\\\/uploads\\\/2025\\\/09\\\/1024x1024-db4c5b6b298f69e29a8d05a10b27eb32-1.jpg\",\"datePublished\":\"2025-09-27T10:11:22+00:00\",\"dateModified\":\"2025-10-15T07:09:50+00:00\",\"breadcrumb\":{\"@id\":\"https:\\\/\\\/stilanddesign.se\\\/produkt\\\/sot-klanning-i-90-viskos-fran-marta-du-chateau-2\\\/#breadcrumb\"},\"inLanguage\":\"en-US\",\"potentialAction\":[{\"@type\":\"ReadAction\",\"target\":[\"https:\\\/\\\/stilanddesign.se\\\/produkt\\\/sot-klanning-i-90-viskos-fran-marta-du-chateau-2\\\/\"]}]},{\"@type\":\"ImageObject\",\"inLanguage\":\"en-US\",\"@id\":\"https:\\\/\\\/stilanddesign.se\\\/produkt\\\/sot-klanning-i-90-viskos-fran-marta-du-chateau-2\\\/#primaryimage\",\"url\":\"https:\\\/\\\/stilanddesign.se\\\/wp-content\\\/uploads\\\/2025\\\/09\\\/1024x1024-db4c5b6b298f69e29a8d05a10b27eb32-1.jpg\",\"contentUrl\":\"https:\\\/\\\/stilanddesign.se\\\/wp-content\\\/uploads\\\/2025\\\/09\\\/1024x1024-db4c5b6b298f69e29a8d05a10b27eb32-1.jpg\",\"width\":1024,\"height\":1024},{\"@type\":\"BreadcrumbList\",\"@id\":\"https:\\\/\\\/stilanddesign.se\\\/produkt\\\/sot-klanning-i-90-viskos-fran-marta-du-chateau-2\\\/#breadcrumb\",\"itemListElement\":[{\"@type\":\"ListItem\",\"position\":1,\"name\":\"Hem\",\"item\":\"https:\\\/\\\/stilanddesign.se\\\/\"},{\"@type\":\"ListItem\",\"position\":2,\"name\":\"Butiken\",\"item\":\"https:\\\/\\\/stilanddesign.se\\\/butiken\\\/\"},{\"@type\":\"ListItem\",\"position\":3,\"name\":\"S\u00f6t Kl\u00e4nning i 90% Viskos fr\u00e5n Marta Du Ch\u00e2teau\"}]},{\"@type\":\"WebSite\",\"@id\":\"https:\\\/\\\/stilanddesign.se\\\/#website\",\"url\":\"https:\\\/\\\/stilanddesign.se\\\/\",\"name\":\"Stil &amp; Design\",\"description\":\"F\u00f6r oss som \u00e4lskar mode!\",\"publisher\":{\"@id\":\"https:\\\/\\\/stilanddesign.se\\\/#organization\"},\"potentialAction\":[{\"@type\":\"SearchAction\",\"target\":{\"@type\":\"EntryPoint\",\"urlTemplate\":\"https:\\\/\\\/stilanddesign.se\\\/?s={search_term_string}\"},\"query-input\":{\"@type\":\"PropertyValueSpecification\",\"valueRequired\":true,\"valueName\":\"search_term_string\"}}],\"inLanguage\":\"en-US\"},{\"@type\":\"Organization\",\"@id\":\"https:\\\/\\\/stilanddesign.se\\\/#organization\",\"name\":\"Stil &amp; Design\",\"url\":\"https:\\\/\\\/stilanddesign.se\\\/\",\"logo\":{\"@type\":\"ImageObject\",\"inLanguage\":\"en-US\",\"@id\":\"https:\\\/\\\/stilanddesign.se\\\/#\\\/schema\\\/logo\\\/image\\\/\",\"url\":\"https:\\\/\\\/stilanddesign.se\\\/wp-content\\\/uploads\\\/2023\\\/12\\\/output-onlinepngtools-e1727784413220.png\",\"contentUrl\":\"https:\\\/\\\/stilanddesign.se\\\/wp-content\\\/uploads\\\/2023\\\/12\\\/output-onlinepngtools-e1727784413220.png\",\"width\":519,\"height\":135,\"caption\":\"Stil &amp; Design\"},\"image\":{\"@id\":\"https:\\\/\\\/stilanddesign.se\\\/#\\\/schema\\\/logo\\\/image\\\/\"}}]}<\/script>\n<!-- \/ Yoast SEO Premium plugin. -->","yoast_head_json":{"title":"S\u00f6t Kl\u00e4nning i 90% Viskos fr\u00e5n Marta Du Ch\u00e2teau - Stil &amp; Design","robots":{"index":"index","follow":"follow","max-snippet":"max-snippet:-1","max-image-preview":"max-image-preview:large","max-video-preview":"max-video-preview:-1"},"canonical":"https:\/\/stilanddesign.se\/en\/product\/sot-klanning-i-90-viskos-fran-marta-du-chateau-2\/","og_locale":"en_US","og_type":"article","og_title":"S\u00f6t Kl\u00e4nning i 90% Viskos fr\u00e5n Marta Du Ch\u00e2teau","og_description":"S\u00f6t Kl\u00e4nning i 90% Viskos fr\u00e5n Marta Du Ch\u00e2teau      Fyll din garderob med denna charmiga kl\u00e4nning fr\u00e5n Marta Du Ch\u00e2teau! Med en luftig och rymlig passform \u00e4r den perfekt f\u00f6r b\u00e5de avslappnade och festliga tillf\u00e4llen.              Egenskaper:   V-utsk\u00e4rning: Kl\u00e4nningen har en stilren V-utsk\u00e4rning som framh\u00e4ver din halslinje och ger en elegant k\u00e4nsla.  Elastiska \u00e4rmar: De elastiska \u00e4rmarna ger kl\u00e4nningen en fin detalj och g\u00f6r den bekv\u00e4m att b\u00e4ra.  Material: Tillverkad av 90% viskos och 10% nylon, vilket ger en mjuk och f\u00f6ljsam k\u00e4nsla.       Storlekar:   S\/M: Br\u00f6st: 128 cm, L\u00e4ngd: 117 cm  L\/XL: Br\u00f6st: 130 cm, L\u00e4ngd: 119 cm              Stylingtips:   Chic med sandaler: Kombinera kl\u00e4nningen med eleganta sandaler f\u00f6r en somrig look.  Avslappnad med sneakers: B\u00e4r den med sneakers f\u00f6r en avslappnad och trendig stil.              G\u00f6r denna kl\u00e4nning till en ny favorit i din garderob \u2013 best\u00e4ll nu och njut av stil och komfort i ett!","og_url":"https:\/\/stilanddesign.se\/en\/product\/sot-klanning-i-90-viskos-fran-marta-du-chateau-2\/","og_site_name":"Stil &amp; Design","article_modified_time":"2025-10-15T07:09:50+00:00","og_image":[{"width":1024,"height":1024,"url":"https:\/\/stilanddesign.se\/wp-content\/uploads\/2025\/09\/1024x1024-db4c5b6b298f69e29a8d05a10b27eb32-1.jpg","type":"image\/jpeg"}],"twitter_card":"summary_large_image","twitter_misc":{"Est. reading time":"1 minute"},"schema":{"@context":"https:\/\/schema.org","@graph":[{"@type":"WebPage","@id":"https:\/\/stilanddesign.se\/produkt\/sot-klanning-i-90-viskos-fran-marta-du-chateau-2\/","url":"https:\/\/stilanddesign.se\/produkt\/sot-klanning-i-90-viskos-fran-marta-du-chateau-2\/","name":"S\u00f6t Kl\u00e4nning i 90% Viskos fr\u00e5n Marta Du Ch\u00e2teau - Stil &amp; Design","isPartOf":{"@id":"https:\/\/stilanddesign.se\/#website"},"primaryImageOfPage":{"@id":"https:\/\/stilanddesign.se\/produkt\/sot-klanning-i-90-viskos-fran-marta-du-chateau-2\/#primaryimage"},"image":{"@id":"https:\/\/stilanddesign.se\/produkt\/sot-klanning-i-90-viskos-fran-marta-du-chateau-2\/#primaryimage"},"thumbnailUrl":"https:\/\/stilanddesign.se\/wp-content\/uploads\/2025\/09\/1024x1024-db4c5b6b298f69e29a8d05a10b27eb32-1.jpg","datePublished":"2025-09-27T10:11:22+00:00","dateModified":"2025-10-15T07:09:50+00:00","breadcrumb":{"@id":"https:\/\/stilanddesign.se\/produkt\/sot-klanning-i-90-viskos-fran-marta-du-chateau-2\/#breadcrumb"},"inLanguage":"en-US","potentialAction":[{"@type":"ReadAction","target":["https:\/\/stilanddesign.se\/produkt\/sot-klanning-i-90-viskos-fran-marta-du-chateau-2\/"]}]},{"@type":"ImageObject","inLanguage":"en-US","@id":"https:\/\/stilanddesign.se\/produkt\/sot-klanning-i-90-viskos-fran-marta-du-chateau-2\/#primaryimage","url":"https:\/\/stilanddesign.se\/wp-content\/uploads\/2025\/09\/1024x1024-db4c5b6b298f69e29a8d05a10b27eb32-1.jpg","contentUrl":"https:\/\/stilanddesign.se\/wp-content\/uploads\/2025\/09\/1024x1024-db4c5b6b298f69e29a8d05a10b27eb32-1.jpg","width":1024,"height":1024},{"@type":"BreadcrumbList","@id":"https:\/\/stilanddesign.se\/produkt\/sot-klanning-i-90-viskos-fran-marta-du-chateau-2\/#breadcrumb","itemListElement":[{"@type":"ListItem","position":1,"name":"Hem","item":"https:\/\/stilanddesign.se\/"},{"@type":"ListItem","position":2,"name":"Butiken","item":"https:\/\/stilanddesign.se\/butiken\/"},{"@type":"ListItem","position":3,"name":"S\u00f6t Kl\u00e4nning i 90% Viskos fr\u00e5n Marta Du Ch\u00e2teau"}]},{"@type":"WebSite","@id":"https:\/\/stilanddesign.se\/#website","url":"https:\/\/stilanddesign.se\/","name":"Style &amp; Design","description":"For those of us who love fashion!","publisher":{"@id":"https:\/\/stilanddesign.se\/#organization"},"potentialAction":[{"@type":"SearchAction","target":{"@type":"EntryPoint","urlTemplate":"https:\/\/stilanddesign.se\/?s={search_term_string}"},"query-input":{"@type":"PropertyValueSpecification","valueRequired":true,"valueName":"search_term_string"}}],"inLanguage":"en-US"},{"@type":"Organization","@id":"https:\/\/stilanddesign.se\/#organization","name":"Style &amp; Design","url":"https:\/\/stilanddesign.se\/","logo":{"@type":"ImageObject","inLanguage":"en-US","@id":"https:\/\/stilanddesign.se\/#\/schema\/logo\/image\/","url":"https:\/\/stilanddesign.se\/wp-content\/uploads\/2023\/12\/output-onlinepngtools-e1727784413220.png","contentUrl":"https:\/\/stilanddesign.se\/wp-content\/uploads\/2023\/12\/output-onlinepngtools-e1727784413220.png","width":519,"height":135,"caption":"Stil &amp; Design"},"image":{"@id":"https:\/\/stilanddesign.se\/#\/schema\/logo\/image\/"}}]}},"_links":{"self":[{"href":"https:\/\/stilanddesign.se\/en\/wp-json\/wp\/v2\/product\/1049404","targetHints":{"allow":["GET"]}}],"collection":[{"href":"https:\/\/stilanddesign.se\/en\/wp-json\/wp\/v2\/product"}],"about":[{"href":"https:\/\/stilanddesign.se\/en\/wp-json\/wp\/v2\/types\/product"}],"replies":[{"embeddable":true,"href":"https:\/\/stilanddesign.se\/en\/wp-json\/wp\/v2\/comments?post=1049404"}],"wp:featuredmedia":[{"embeddable":true,"href":"https:\/\/stilanddesign.se\/en\/wp-json\/wp\/v2\/media\/1049399"}],"wp:attachment":[{"href":"https:\/\/stilanddesign.se\/en\/wp-json\/wp\/v2\/media?parent=1049404"}],"wp:term":[{"taxonomy":"product_brand","embeddable":true,"href":"https:\/\/stilanddesign.se\/en\/wp-json\/wp\/v2\/product_brand?post=1049404"},{"taxonomy":"product_cat","embeddable":true,"href":"https:\/\/stilanddesign.se\/en\/wp-json\/wp\/v2\/product_cat?post=1049404"},{"taxonomy":"product_tag","embeddable":true,"href":"https:\/\/stilanddesign.se\/en\/wp-json\/wp\/v2\/product_tag?post=1049404"}],"curies":[{"name":"wp","href":"https:\/\/api.w.org\/{rel}","templated":true}]}}