{"id":1048848,"date":"2025-10-08T10:35:43","date_gmt":"2025-10-08T08:35:43","guid":{"rendered":"https:\/\/stilanddesign.se\/?post_type=product&#038;p=1048848"},"modified":"2025-10-27T14:15:45","modified_gmt":"2025-10-27T13:15:45","slug":"trendiga-mockastovlar-med-fransar","status":"publish","type":"product","link":"https:\/\/stilanddesign.se\/en\/product\/trendiga-mockastovlar-med-fransar\/","title":{"rendered":"Trendy Suede Boots with Fringes"},"content":{"rendered":"<div class=\"overflow-x-auto relative\" dir=\"auto\">\n<div>\n<h3>Trendy Suede Boots with Fringes<\/h3>\n<\/div>\n<\/div>\n<div class=\"overflow-x-auto relative\" dir=\"auto\">\n<div>\n<p><strong>Make a statement with our stunning suede boots \u2013 the perfect accessory to elevate your fall look!<\/strong><\/p>\n<\/div>\n<\/div>\n<div class=\"overflow-x-auto relative\" dir=\"auto\">\n<div>\n<hr \/>\n<\/div>\n<\/div>\n<div class=\"overflow-x-auto relative\" dir=\"auto\">\n<div>\n<p><strong>Features:<\/strong><\/p>\n<ul>\n<li><strong>Luxurious suede:<\/strong> Made of soft and durable suede that gives an elegant feel and fits perfectly with any outfit.<\/li>\n<li><strong>Stylish fringes:<\/strong> The trendy fringes on the side add a bohemian and unique touch that really makes these boots an eye-catcher.<\/li>\n<li><strong>Versatile size:<\/strong> Available in sizes 37-40, allowing you to find your perfect fit.<\/li>\n<\/ul>\n<\/div>\n<\/div>\n<div class=\"overflow-x-auto relative\" dir=\"auto\">\n<div>\n<hr \/>\n<\/div>\n<\/div>\n<div class=\"overflow-x-auto relative\" dir=\"auto\">\n<div>\n<p><strong>Styling tips:<\/strong><\/p>\n<ul>\n<li><strong>Chic with a dress:<\/strong> Combine the boots with a long dress for an elegant and bohemian look.<\/li>\n<li><strong>Casual with jeans:<\/strong> Wear them with skinny jeans and an oversized sweater for a cool and casual outfit.<\/li>\n<\/ul>\n<\/div>\n<\/div>\n<div class=\"overflow-x-auto relative\" dir=\"auto\">\n<div>\n<hr \/>\n<\/div>\n<\/div>\n<div class=\"overflow-x-auto relative\" dir=\"auto\">\n<div>\n<p><strong>Make these suede boots a new favorite in your wardrobe \u2013 order now and let your style shine with every step!<\/strong><\/p>\n<\/div>\n<\/div>","protected":false},"excerpt":{"rendered":"<div class=\"overflow-x-auto relative\" dir=\"auto\">\n<div>\n<h3>Trendy Suede Boots with Fringes<\/h3>\n<\/div>\n<\/div>\n<div class=\"overflow-x-auto relative\" dir=\"auto\">\n<div>\n<p><strong>Make a statement with our stunning suede boots \u2013 the perfect accessory to elevate your fall look!<\/strong><\/p>\n<\/div>\n<\/div>\n<div class=\"overflow-x-auto relative\" dir=\"auto\">\n<div>\n<hr \/>\n<\/div>\n<\/div>\n<div class=\"overflow-x-auto relative\" dir=\"auto\">\n<div>\n<p><strong>Features:<\/strong><\/p>\n<ul>\n<li><strong>Luxurious suede:<\/strong> Made of soft and durable suede that gives an elegant feel and fits perfectly with any outfit.<\/li>\n<li><strong>Stylish fringes:<\/strong> The trendy fringes on the side add a bohemian and unique touch that really makes these boots an eye-catcher.<\/li>\n<li><strong>Versatile size:<\/strong> Available in sizes 37-40, allowing you to find your perfect fit.<\/li>\n<\/ul>\n<\/div>\n<\/div>\n<div class=\"overflow-x-auto relative\" dir=\"auto\">\n<div>\n<hr \/>\n<\/div>\n<\/div>\n<div class=\"overflow-x-auto relative\" dir=\"auto\">\n<div>\n<p><strong>Styling tips:<\/strong><\/p>\n<ul>\n<li><strong>Chic with a dress:<\/strong> Combine the boots with a long dress for an elegant and bohemian look.<\/li>\n<li><strong>Casual with jeans:<\/strong> Wear them with skinny jeans and an oversized sweater for a cool and casual outfit.<\/li>\n<\/ul>\n<\/div>\n<\/div>\n<div class=\"overflow-x-auto relative\" dir=\"auto\">\n<div>\n<hr \/>\n<\/div>\n<\/div>\n<div class=\"overflow-x-auto relative\" dir=\"auto\">\n<div>\n<p><strong>Make these suede boots a new favorite in your wardrobe \u2013 order now and let your style shine with every step!<\/strong><\/p>\n<\/div>\n<\/div>","protected":false},"featured_media":1048860,"comment_status":"closed","ping_status":"closed","template":"","meta":[],"product_brand":[],"product_cat":[206,210],"product_tag":[],"class_list":{"0":"post-1048848","1":"product","2":"type-product","3":"status-publish","4":"has-post-thumbnail","6":"product_cat-accessoarer","7":"product_cat-skor-stovlar","9":"first","10":"outofstock","11":"taxable","12":"shipping-taxable","13":"product-type-variable"},"yoast_head":"<!-- This site is optimized with the Yoast SEO Premium plugin v27.1 (Yoast SEO v27.4) - https:\/\/yoast.com\/product\/yoast-seo-premium-wordpress\/ -->\n<title>Trendiga Mockast\u00f6vlar med Fransar - Stil &amp; Design<\/title>\n<meta name=\"robots\" content=\"index, follow, max-snippet:-1, max-image-preview:large, max-video-preview:-1\" \/>\n<link rel=\"canonical\" href=\"https:\/\/stilanddesign.se\/en\/product\/trendiga-mockastovlar-med-fransar\/\" \/>\n<meta property=\"og:locale\" content=\"en_US\" \/>\n<meta property=\"og:type\" content=\"article\" \/>\n<meta property=\"og:title\" content=\"Trendiga Mockast\u00f6vlar med Fransar\" \/>\n<meta property=\"og:description\" content=\"Trendiga Mockast\u00f6vlar med Fransar      G\u00f6r ett statement med v\u00e5ra fantastiska mockast\u00f6vlar \u2013 den perfekta accessoaren f\u00f6r att lyfta din h\u00f6stlook!              Egenskaper:   Lyxig mocka: Tillverkade av mjuk och h\u00e5llbar mocka som ger en elegant k\u00e4nsla och passar perfekt till alla outfit.  Stilfulla fransar: De trendiga fransarna p\u00e5 sidan ger en bohemisk och unik touch som verkligen g\u00f6r dessa st\u00f6vlar till en blickf\u00e5ngare.  M\u00e5ngsidig storlek: Finns i storlekarna 37-40, vilket g\u00f6r att du kan hitta din perfekta passform.              Stylingtips:   Chic med kl\u00e4nning: Kombinera st\u00f6vlarna med en l\u00e5ng kl\u00e4nning f\u00f6r en elegant och bohemisk look.  Avslappnad med jeans: B\u00e4r dem med skinny jeans och en oversized tr\u00f6ja f\u00f6r en cool och avslappnad outfit.              G\u00f6r dessa mockast\u00f6vlar till en ny favorit i din garderob \u2013 best\u00e4ll nu och l\u00e5t din stil str\u00e5la med varje steg!\" \/>\n<meta property=\"og:url\" content=\"https:\/\/stilanddesign.se\/en\/product\/trendiga-mockastovlar-med-fransar\/\" \/>\n<meta property=\"og:site_name\" content=\"Stil &amp; Design\" \/>\n<meta property=\"article:modified_time\" content=\"2025-10-27T13:15:45+00:00\" \/>\n<meta property=\"og:image\" content=\"https:\/\/stilanddesign.se\/wp-content\/uploads\/2025\/09\/IMG_9380-scaled.jpg\" \/>\n\t<meta property=\"og:image:width\" content=\"1920\" \/>\n\t<meta property=\"og:image:height\" content=\"2560\" \/>\n\t<meta property=\"og:image:type\" content=\"image\/jpeg\" \/>\n<meta name=\"twitter:card\" content=\"summary_large_image\" \/>\n<meta name=\"twitter:label1\" content=\"Est. reading time\" \/>\n\t<meta name=\"twitter:data1\" content=\"1 minute\" \/>\n<script type=\"application\/ld+json\" class=\"yoast-schema-graph\">{\"@context\":\"https:\\\/\\\/schema.org\",\"@graph\":[{\"@type\":\"WebPage\",\"@id\":\"https:\\\/\\\/stilanddesign.se\\\/produkt\\\/trendiga-mockastovlar-med-fransar\\\/\",\"url\":\"https:\\\/\\\/stilanddesign.se\\\/produkt\\\/trendiga-mockastovlar-med-fransar\\\/\",\"name\":\"Trendiga Mockast\u00f6vlar med Fransar - Stil &amp; Design\",\"isPartOf\":{\"@id\":\"https:\\\/\\\/stilanddesign.se\\\/#website\"},\"primaryImageOfPage\":{\"@id\":\"https:\\\/\\\/stilanddesign.se\\\/produkt\\\/trendiga-mockastovlar-med-fransar\\\/#primaryimage\"},\"image\":{\"@id\":\"https:\\\/\\\/stilanddesign.se\\\/produkt\\\/trendiga-mockastovlar-med-fransar\\\/#primaryimage\"},\"thumbnailUrl\":\"https:\\\/\\\/stilanddesign.se\\\/wp-content\\\/uploads\\\/2025\\\/09\\\/IMG_9380-scaled.jpg\",\"datePublished\":\"2025-10-08T08:35:43+00:00\",\"dateModified\":\"2025-10-27T13:15:45+00:00\",\"breadcrumb\":{\"@id\":\"https:\\\/\\\/stilanddesign.se\\\/produkt\\\/trendiga-mockastovlar-med-fransar\\\/#breadcrumb\"},\"inLanguage\":\"en-US\",\"potentialAction\":[{\"@type\":\"ReadAction\",\"target\":[\"https:\\\/\\\/stilanddesign.se\\\/produkt\\\/trendiga-mockastovlar-med-fransar\\\/\"]}]},{\"@type\":\"ImageObject\",\"inLanguage\":\"en-US\",\"@id\":\"https:\\\/\\\/stilanddesign.se\\\/produkt\\\/trendiga-mockastovlar-med-fransar\\\/#primaryimage\",\"url\":\"https:\\\/\\\/stilanddesign.se\\\/wp-content\\\/uploads\\\/2025\\\/09\\\/IMG_9380-scaled.jpg\",\"contentUrl\":\"https:\\\/\\\/stilanddesign.se\\\/wp-content\\\/uploads\\\/2025\\\/09\\\/IMG_9380-scaled.jpg\",\"width\":1920,\"height\":2560},{\"@type\":\"BreadcrumbList\",\"@id\":\"https:\\\/\\\/stilanddesign.se\\\/produkt\\\/trendiga-mockastovlar-med-fransar\\\/#breadcrumb\",\"itemListElement\":[{\"@type\":\"ListItem\",\"position\":1,\"name\":\"Hem\",\"item\":\"https:\\\/\\\/stilanddesign.se\\\/\"},{\"@type\":\"ListItem\",\"position\":2,\"name\":\"Butiken\",\"item\":\"https:\\\/\\\/stilanddesign.se\\\/butiken\\\/\"},{\"@type\":\"ListItem\",\"position\":3,\"name\":\"Trendiga Mockast\u00f6vlar med Fransar\"}]},{\"@type\":\"WebSite\",\"@id\":\"https:\\\/\\\/stilanddesign.se\\\/#website\",\"url\":\"https:\\\/\\\/stilanddesign.se\\\/\",\"name\":\"Stil &amp; Design\",\"description\":\"F\u00f6r oss som \u00e4lskar mode!\",\"publisher\":{\"@id\":\"https:\\\/\\\/stilanddesign.se\\\/#organization\"},\"potentialAction\":[{\"@type\":\"SearchAction\",\"target\":{\"@type\":\"EntryPoint\",\"urlTemplate\":\"https:\\\/\\\/stilanddesign.se\\\/?s={search_term_string}\"},\"query-input\":{\"@type\":\"PropertyValueSpecification\",\"valueRequired\":true,\"valueName\":\"search_term_string\"}}],\"inLanguage\":\"en-US\"},{\"@type\":\"Organization\",\"@id\":\"https:\\\/\\\/stilanddesign.se\\\/#organization\",\"name\":\"Stil &amp; Design\",\"url\":\"https:\\\/\\\/stilanddesign.se\\\/\",\"logo\":{\"@type\":\"ImageObject\",\"inLanguage\":\"en-US\",\"@id\":\"https:\\\/\\\/stilanddesign.se\\\/#\\\/schema\\\/logo\\\/image\\\/\",\"url\":\"https:\\\/\\\/stilanddesign.se\\\/wp-content\\\/uploads\\\/2023\\\/12\\\/output-onlinepngtools-e1727784413220.png\",\"contentUrl\":\"https:\\\/\\\/stilanddesign.se\\\/wp-content\\\/uploads\\\/2023\\\/12\\\/output-onlinepngtools-e1727784413220.png\",\"width\":519,\"height\":135,\"caption\":\"Stil &amp; Design\"},\"image\":{\"@id\":\"https:\\\/\\\/stilanddesign.se\\\/#\\\/schema\\\/logo\\\/image\\\/\"}}]}<\/script>\n<!-- \/ Yoast SEO Premium plugin. -->","yoast_head_json":{"title":"Trendiga Mockast\u00f6vlar med Fransar - Stil &amp; Design","robots":{"index":"index","follow":"follow","max-snippet":"max-snippet:-1","max-image-preview":"max-image-preview:large","max-video-preview":"max-video-preview:-1"},"canonical":"https:\/\/stilanddesign.se\/en\/product\/trendiga-mockastovlar-med-fransar\/","og_locale":"en_US","og_type":"article","og_title":"Trendiga Mockast\u00f6vlar med Fransar","og_description":"Trendiga Mockast\u00f6vlar med Fransar      G\u00f6r ett statement med v\u00e5ra fantastiska mockast\u00f6vlar \u2013 den perfekta accessoaren f\u00f6r att lyfta din h\u00f6stlook!              Egenskaper:   Lyxig mocka: Tillverkade av mjuk och h\u00e5llbar mocka som ger en elegant k\u00e4nsla och passar perfekt till alla outfit.  Stilfulla fransar: De trendiga fransarna p\u00e5 sidan ger en bohemisk och unik touch som verkligen g\u00f6r dessa st\u00f6vlar till en blickf\u00e5ngare.  M\u00e5ngsidig storlek: Finns i storlekarna 37-40, vilket g\u00f6r att du kan hitta din perfekta passform.              Stylingtips:   Chic med kl\u00e4nning: Kombinera st\u00f6vlarna med en l\u00e5ng kl\u00e4nning f\u00f6r en elegant och bohemisk look.  Avslappnad med jeans: B\u00e4r dem med skinny jeans och en oversized tr\u00f6ja f\u00f6r en cool och avslappnad outfit.              G\u00f6r dessa mockast\u00f6vlar till en ny favorit i din garderob \u2013 best\u00e4ll nu och l\u00e5t din stil str\u00e5la med varje steg!","og_url":"https:\/\/stilanddesign.se\/en\/product\/trendiga-mockastovlar-med-fransar\/","og_site_name":"Stil &amp; Design","article_modified_time":"2025-10-27T13:15:45+00:00","og_image":[{"width":1920,"height":2560,"url":"https:\/\/stilanddesign.se\/wp-content\/uploads\/2025\/09\/IMG_9380-scaled.jpg","type":"image\/jpeg"}],"twitter_card":"summary_large_image","twitter_misc":{"Est. reading time":"1 minute"},"schema":{"@context":"https:\/\/schema.org","@graph":[{"@type":"WebPage","@id":"https:\/\/stilanddesign.se\/produkt\/trendiga-mockastovlar-med-fransar\/","url":"https:\/\/stilanddesign.se\/produkt\/trendiga-mockastovlar-med-fransar\/","name":"Trendiga Mockast\u00f6vlar med Fransar - Stil &amp; Design","isPartOf":{"@id":"https:\/\/stilanddesign.se\/#website"},"primaryImageOfPage":{"@id":"https:\/\/stilanddesign.se\/produkt\/trendiga-mockastovlar-med-fransar\/#primaryimage"},"image":{"@id":"https:\/\/stilanddesign.se\/produkt\/trendiga-mockastovlar-med-fransar\/#primaryimage"},"thumbnailUrl":"https:\/\/stilanddesign.se\/wp-content\/uploads\/2025\/09\/IMG_9380-scaled.jpg","datePublished":"2025-10-08T08:35:43+00:00","dateModified":"2025-10-27T13:15:45+00:00","breadcrumb":{"@id":"https:\/\/stilanddesign.se\/produkt\/trendiga-mockastovlar-med-fransar\/#breadcrumb"},"inLanguage":"en-US","potentialAction":[{"@type":"ReadAction","target":["https:\/\/stilanddesign.se\/produkt\/trendiga-mockastovlar-med-fransar\/"]}]},{"@type":"ImageObject","inLanguage":"en-US","@id":"https:\/\/stilanddesign.se\/produkt\/trendiga-mockastovlar-med-fransar\/#primaryimage","url":"https:\/\/stilanddesign.se\/wp-content\/uploads\/2025\/09\/IMG_9380-scaled.jpg","contentUrl":"https:\/\/stilanddesign.se\/wp-content\/uploads\/2025\/09\/IMG_9380-scaled.jpg","width":1920,"height":2560},{"@type":"BreadcrumbList","@id":"https:\/\/stilanddesign.se\/produkt\/trendiga-mockastovlar-med-fransar\/#breadcrumb","itemListElement":[{"@type":"ListItem","position":1,"name":"Hem","item":"https:\/\/stilanddesign.se\/"},{"@type":"ListItem","position":2,"name":"Butiken","item":"https:\/\/stilanddesign.se\/butiken\/"},{"@type":"ListItem","position":3,"name":"Trendiga Mockast\u00f6vlar med Fransar"}]},{"@type":"WebSite","@id":"https:\/\/stilanddesign.se\/#website","url":"https:\/\/stilanddesign.se\/","name":"Style &amp; Design","description":"For those of us who love fashion!","publisher":{"@id":"https:\/\/stilanddesign.se\/#organization"},"potentialAction":[{"@type":"SearchAction","target":{"@type":"EntryPoint","urlTemplate":"https:\/\/stilanddesign.se\/?s={search_term_string}"},"query-input":{"@type":"PropertyValueSpecification","valueRequired":true,"valueName":"search_term_string"}}],"inLanguage":"en-US"},{"@type":"Organization","@id":"https:\/\/stilanddesign.se\/#organization","name":"Style &amp; Design","url":"https:\/\/stilanddesign.se\/","logo":{"@type":"ImageObject","inLanguage":"en-US","@id":"https:\/\/stilanddesign.se\/#\/schema\/logo\/image\/","url":"https:\/\/stilanddesign.se\/wp-content\/uploads\/2023\/12\/output-onlinepngtools-e1727784413220.png","contentUrl":"https:\/\/stilanddesign.se\/wp-content\/uploads\/2023\/12\/output-onlinepngtools-e1727784413220.png","width":519,"height":135,"caption":"Stil &amp; Design"},"image":{"@id":"https:\/\/stilanddesign.se\/#\/schema\/logo\/image\/"}}]}},"_links":{"self":[{"href":"https:\/\/stilanddesign.se\/en\/wp-json\/wp\/v2\/product\/1048848","targetHints":{"allow":["GET"]}}],"collection":[{"href":"https:\/\/stilanddesign.se\/en\/wp-json\/wp\/v2\/product"}],"about":[{"href":"https:\/\/stilanddesign.se\/en\/wp-json\/wp\/v2\/types\/product"}],"replies":[{"embeddable":true,"href":"https:\/\/stilanddesign.se\/en\/wp-json\/wp\/v2\/comments?post=1048848"}],"wp:featuredmedia":[{"embeddable":true,"href":"https:\/\/stilanddesign.se\/en\/wp-json\/wp\/v2\/media\/1048860"}],"wp:attachment":[{"href":"https:\/\/stilanddesign.se\/en\/wp-json\/wp\/v2\/media?parent=1048848"}],"wp:term":[{"taxonomy":"product_brand","embeddable":true,"href":"https:\/\/stilanddesign.se\/en\/wp-json\/wp\/v2\/product_brand?post=1048848"},{"taxonomy":"product_cat","embeddable":true,"href":"https:\/\/stilanddesign.se\/en\/wp-json\/wp\/v2\/product_cat?post=1048848"},{"taxonomy":"product_tag","embeddable":true,"href":"https:\/\/stilanddesign.se\/en\/wp-json\/wp\/v2\/product_tag?post=1048848"}],"curies":[{"name":"wp","href":"https:\/\/api.w.org\/{rel}","templated":true}]}}