{"id":1048726,"date":"2025-09-18T13:07:16","date_gmt":"2025-09-18T11:07:16","guid":{"rendered":"https:\/\/stilanddesign.se\/?post_type=product&#038;p=1048726"},"modified":"2026-03-01T20:19:27","modified_gmt":"2026-03-01T19:19:27","slug":"kort-halsband-i-guld-med-en-liten-blomma","status":"publish","type":"product","link":"https:\/\/stilanddesign.se\/en\/product\/kort-halsband-i-guld-med-en-liten-blomma\/","title":{"rendered":"Short gold necklace with a small flower"},"content":{"rendered":"<p>Kort halsband med stel lite gr\u00f6vre kedja<\/p>\n<p>Har ett smycke i form av en blomma med en liten p\u00e4rla<\/p>\n<p>Nickel och kadiumfritt<\/p>\n<p>OBS!! Ej byte eller returr\u00e4tt p\u00e5 halsbandet<\/p>\n<p>&nbsp;<\/p>\n<p>&nbsp;<\/p>","protected":false},"excerpt":{"rendered":"<p>Kort halsband med stel lite gr\u00f6vre kedja<\/p>\n<p>Har ett smycke i form av en blomma med en liten p\u00e4rla<\/p>\n<p>Nickel och kadiumfritt<\/p>\n<p>OBS!! Ej byte eller returr\u00e4tt p\u00e5 halsbandet<\/p>\n<p>&nbsp;<\/p>\n<p>&nbsp;<\/p>\n<p>&nbsp;<\/p>\n<p>&nbsp;<\/p>","protected":false},"featured_media":1048723,"comment_status":"closed","ping_status":"closed","template":"","meta":[],"product_brand":[],"product_cat":[231],"product_tag":[],"class_list":{"0":"post-1048726","1":"product","2":"type-product","3":"status-publish","4":"has-post-thumbnail","6":"product_cat-smycken","8":"first","9":"instock","10":"taxable","11":"shipping-taxable","12":"purchasable","13":"product-type-variable"},"yoast_head":"<!-- This site is optimized with the Yoast SEO Premium plugin v27.1 (Yoast SEO v27.4) - https:\/\/yoast.com\/product\/yoast-seo-premium-wordpress\/ -->\n<title>Kort halsband i guld med en liten blomma - Stil &amp; Design<\/title>\n<meta name=\"robots\" content=\"index, follow, max-snippet:-1, max-image-preview:large, max-video-preview:-1\" \/>\n<link rel=\"canonical\" href=\"https:\/\/stilanddesign.se\/en\/product\/kort-halsband-i-guld-med-en-liten-blomma\/\" \/>\n<meta property=\"og:locale\" content=\"en_US\" \/>\n<meta property=\"og:type\" content=\"article\" \/>\n<meta property=\"og:title\" content=\"Kort halsband i guld med en liten blomma\" \/>\n<meta property=\"og:description\" content=\"Kort halsband med stel lite gr\u00f6vre kedja  Har ett smycke i form av en blomma med en liten p\u00e4rla  Nickel och kadiumfritt  OBS!! Ej byte eller returr\u00e4tt p\u00e5 halsbandet  &nbsp;  &nbsp;  &nbsp;  &nbsp;\" \/>\n<meta property=\"og:url\" content=\"https:\/\/stilanddesign.se\/en\/product\/kort-halsband-i-guld-med-en-liten-blomma\/\" \/>\n<meta property=\"og:site_name\" content=\"Stil &amp; Design\" \/>\n<meta property=\"article:modified_time\" content=\"2026-03-01T19:19:27+00:00\" \/>\n<meta name=\"twitter:card\" content=\"summary_large_image\" \/>\n<meta name=\"twitter:label1\" content=\"Est. reading time\" \/>\n\t<meta name=\"twitter:data1\" content=\"1 minute\" \/>\n<script type=\"application\/ld+json\" class=\"yoast-schema-graph\">{\"@context\":\"https:\\\/\\\/schema.org\",\"@graph\":[{\"@type\":\"WebPage\",\"@id\":\"https:\\\/\\\/stilanddesign.se\\\/produkt\\\/kort-halsband-i-guld-med-en-liten-blomma\\\/\",\"url\":\"https:\\\/\\\/stilanddesign.se\\\/produkt\\\/kort-halsband-i-guld-med-en-liten-blomma\\\/\",\"name\":\"Kort halsband i guld med en liten blomma - Stil &amp; Design\",\"isPartOf\":{\"@id\":\"https:\\\/\\\/stilanddesign.se\\\/#website\"},\"primaryImageOfPage\":{\"@id\":\"https:\\\/\\\/stilanddesign.se\\\/produkt\\\/kort-halsband-i-guld-med-en-liten-blomma\\\/#primaryimage\"},\"image\":{\"@id\":\"https:\\\/\\\/stilanddesign.se\\\/produkt\\\/kort-halsband-i-guld-med-en-liten-blomma\\\/#primaryimage\"},\"thumbnailUrl\":\"https:\\\/\\\/stilanddesign.se\\\/wp-content\\\/uploads\\\/2025\\\/09\\\/43432121111111111.avif\",\"datePublished\":\"2025-09-18T11:07:16+00:00\",\"dateModified\":\"2026-03-01T19:19:27+00:00\",\"breadcrumb\":{\"@id\":\"https:\\\/\\\/stilanddesign.se\\\/produkt\\\/kort-halsband-i-guld-med-en-liten-blomma\\\/#breadcrumb\"},\"inLanguage\":\"en-US\",\"potentialAction\":[{\"@type\":\"ReadAction\",\"target\":[\"https:\\\/\\\/stilanddesign.se\\\/produkt\\\/kort-halsband-i-guld-med-en-liten-blomma\\\/\"]}]},{\"@type\":\"ImageObject\",\"inLanguage\":\"en-US\",\"@id\":\"https:\\\/\\\/stilanddesign.se\\\/produkt\\\/kort-halsband-i-guld-med-en-liten-blomma\\\/#primaryimage\",\"url\":\"https:\\\/\\\/stilanddesign.se\\\/wp-content\\\/uploads\\\/2025\\\/09\\\/43432121111111111.avif\",\"contentUrl\":\"https:\\\/\\\/stilanddesign.se\\\/wp-content\\\/uploads\\\/2025\\\/09\\\/43432121111111111.avif\",\"width\":1440,\"height\":1440,\"caption\":\"Kort halsband i guld med en liten blomma\"},{\"@type\":\"BreadcrumbList\",\"@id\":\"https:\\\/\\\/stilanddesign.se\\\/produkt\\\/kort-halsband-i-guld-med-en-liten-blomma\\\/#breadcrumb\",\"itemListElement\":[{\"@type\":\"ListItem\",\"position\":1,\"name\":\"Hem\",\"item\":\"https:\\\/\\\/stilanddesign.se\\\/\"},{\"@type\":\"ListItem\",\"position\":2,\"name\":\"Butiken\",\"item\":\"https:\\\/\\\/stilanddesign.se\\\/butiken\\\/\"},{\"@type\":\"ListItem\",\"position\":3,\"name\":\"Kort halsband i guld med en liten blomma\"}]},{\"@type\":\"WebSite\",\"@id\":\"https:\\\/\\\/stilanddesign.se\\\/#website\",\"url\":\"https:\\\/\\\/stilanddesign.se\\\/\",\"name\":\"Stil &amp; Design\",\"description\":\"F\u00f6r oss som \u00e4lskar mode!\",\"publisher\":{\"@id\":\"https:\\\/\\\/stilanddesign.se\\\/#organization\"},\"potentialAction\":[{\"@type\":\"SearchAction\",\"target\":{\"@type\":\"EntryPoint\",\"urlTemplate\":\"https:\\\/\\\/stilanddesign.se\\\/?s={search_term_string}\"},\"query-input\":{\"@type\":\"PropertyValueSpecification\",\"valueRequired\":true,\"valueName\":\"search_term_string\"}}],\"inLanguage\":\"en-US\"},{\"@type\":\"Organization\",\"@id\":\"https:\\\/\\\/stilanddesign.se\\\/#organization\",\"name\":\"Stil &amp; Design\",\"url\":\"https:\\\/\\\/stilanddesign.se\\\/\",\"logo\":{\"@type\":\"ImageObject\",\"inLanguage\":\"en-US\",\"@id\":\"https:\\\/\\\/stilanddesign.se\\\/#\\\/schema\\\/logo\\\/image\\\/\",\"url\":\"https:\\\/\\\/stilanddesign.se\\\/wp-content\\\/uploads\\\/2023\\\/12\\\/output-onlinepngtools-e1727784413220.png\",\"contentUrl\":\"https:\\\/\\\/stilanddesign.se\\\/wp-content\\\/uploads\\\/2023\\\/12\\\/output-onlinepngtools-e1727784413220.png\",\"width\":519,\"height\":135,\"caption\":\"Stil &amp; Design\"},\"image\":{\"@id\":\"https:\\\/\\\/stilanddesign.se\\\/#\\\/schema\\\/logo\\\/image\\\/\"}}]}<\/script>\n<!-- \/ Yoast SEO Premium plugin. -->","yoast_head_json":{"title":"Kort halsband i guld med en liten blomma - Stil &amp; Design","robots":{"index":"index","follow":"follow","max-snippet":"max-snippet:-1","max-image-preview":"max-image-preview:large","max-video-preview":"max-video-preview:-1"},"canonical":"https:\/\/stilanddesign.se\/en\/product\/kort-halsband-i-guld-med-en-liten-blomma\/","og_locale":"en_US","og_type":"article","og_title":"Kort halsband i guld med en liten blomma","og_description":"Kort halsband med stel lite gr\u00f6vre kedja  Har ett smycke i form av en blomma med en liten p\u00e4rla  Nickel och kadiumfritt  OBS!! Ej byte eller returr\u00e4tt p\u00e5 halsbandet  &nbsp;  &nbsp;  &nbsp;  &nbsp;","og_url":"https:\/\/stilanddesign.se\/en\/product\/kort-halsband-i-guld-med-en-liten-blomma\/","og_site_name":"Stil &amp; Design","article_modified_time":"2026-03-01T19:19:27+00:00","twitter_card":"summary_large_image","twitter_misc":{"Est. reading time":"1 minute"},"schema":{"@context":"https:\/\/schema.org","@graph":[{"@type":"WebPage","@id":"https:\/\/stilanddesign.se\/produkt\/kort-halsband-i-guld-med-en-liten-blomma\/","url":"https:\/\/stilanddesign.se\/produkt\/kort-halsband-i-guld-med-en-liten-blomma\/","name":"Kort halsband i guld med en liten blomma - Stil &amp; Design","isPartOf":{"@id":"https:\/\/stilanddesign.se\/#website"},"primaryImageOfPage":{"@id":"https:\/\/stilanddesign.se\/produkt\/kort-halsband-i-guld-med-en-liten-blomma\/#primaryimage"},"image":{"@id":"https:\/\/stilanddesign.se\/produkt\/kort-halsband-i-guld-med-en-liten-blomma\/#primaryimage"},"thumbnailUrl":"https:\/\/stilanddesign.se\/wp-content\/uploads\/2025\/09\/43432121111111111.avif","datePublished":"2025-09-18T11:07:16+00:00","dateModified":"2026-03-01T19:19:27+00:00","breadcrumb":{"@id":"https:\/\/stilanddesign.se\/produkt\/kort-halsband-i-guld-med-en-liten-blomma\/#breadcrumb"},"inLanguage":"en-US","potentialAction":[{"@type":"ReadAction","target":["https:\/\/stilanddesign.se\/produkt\/kort-halsband-i-guld-med-en-liten-blomma\/"]}]},{"@type":"ImageObject","inLanguage":"en-US","@id":"https:\/\/stilanddesign.se\/produkt\/kort-halsband-i-guld-med-en-liten-blomma\/#primaryimage","url":"https:\/\/stilanddesign.se\/wp-content\/uploads\/2025\/09\/43432121111111111.avif","contentUrl":"https:\/\/stilanddesign.se\/wp-content\/uploads\/2025\/09\/43432121111111111.avif","width":1440,"height":1440,"caption":"Kort halsband i guld med en liten blomma"},{"@type":"BreadcrumbList","@id":"https:\/\/stilanddesign.se\/produkt\/kort-halsband-i-guld-med-en-liten-blomma\/#breadcrumb","itemListElement":[{"@type":"ListItem","position":1,"name":"Hem","item":"https:\/\/stilanddesign.se\/"},{"@type":"ListItem","position":2,"name":"Butiken","item":"https:\/\/stilanddesign.se\/butiken\/"},{"@type":"ListItem","position":3,"name":"Kort halsband i guld med en liten blomma"}]},{"@type":"WebSite","@id":"https:\/\/stilanddesign.se\/#website","url":"https:\/\/stilanddesign.se\/","name":"Style &amp; Design","description":"For those of us who love fashion!","publisher":{"@id":"https:\/\/stilanddesign.se\/#organization"},"potentialAction":[{"@type":"SearchAction","target":{"@type":"EntryPoint","urlTemplate":"https:\/\/stilanddesign.se\/?s={search_term_string}"},"query-input":{"@type":"PropertyValueSpecification","valueRequired":true,"valueName":"search_term_string"}}],"inLanguage":"en-US"},{"@type":"Organization","@id":"https:\/\/stilanddesign.se\/#organization","name":"Style &amp; Design","url":"https:\/\/stilanddesign.se\/","logo":{"@type":"ImageObject","inLanguage":"en-US","@id":"https:\/\/stilanddesign.se\/#\/schema\/logo\/image\/","url":"https:\/\/stilanddesign.se\/wp-content\/uploads\/2023\/12\/output-onlinepngtools-e1727784413220.png","contentUrl":"https:\/\/stilanddesign.se\/wp-content\/uploads\/2023\/12\/output-onlinepngtools-e1727784413220.png","width":519,"height":135,"caption":"Stil &amp; Design"},"image":{"@id":"https:\/\/stilanddesign.se\/#\/schema\/logo\/image\/"}}]}},"_links":{"self":[{"href":"https:\/\/stilanddesign.se\/en\/wp-json\/wp\/v2\/product\/1048726","targetHints":{"allow":["GET"]}}],"collection":[{"href":"https:\/\/stilanddesign.se\/en\/wp-json\/wp\/v2\/product"}],"about":[{"href":"https:\/\/stilanddesign.se\/en\/wp-json\/wp\/v2\/types\/product"}],"replies":[{"embeddable":true,"href":"https:\/\/stilanddesign.se\/en\/wp-json\/wp\/v2\/comments?post=1048726"}],"wp:featuredmedia":[{"embeddable":true,"href":"https:\/\/stilanddesign.se\/en\/wp-json\/wp\/v2\/media\/1048723"}],"wp:attachment":[{"href":"https:\/\/stilanddesign.se\/en\/wp-json\/wp\/v2\/media?parent=1048726"}],"wp:term":[{"taxonomy":"product_brand","embeddable":true,"href":"https:\/\/stilanddesign.se\/en\/wp-json\/wp\/v2\/product_brand?post=1048726"},{"taxonomy":"product_cat","embeddable":true,"href":"https:\/\/stilanddesign.se\/en\/wp-json\/wp\/v2\/product_cat?post=1048726"},{"taxonomy":"product_tag","embeddable":true,"href":"https:\/\/stilanddesign.se\/en\/wp-json\/wp\/v2\/product_tag?post=1048726"}],"curies":[{"name":"wp","href":"https:\/\/api.w.org\/{rel}","templated":true}]}}