{"id":1048310,"date":"2026-04-14T13:28:53","date_gmt":"2026-04-14T11:28:53","guid":{"rendered":"https:\/\/stilanddesign.se\/?post_type=product&#038;p=1048310"},"modified":"2026-04-30T12:06:31","modified_gmt":"2026-04-30T10:06:31","slug":"fin-svart-topp-med-spets","status":"publish","type":"product","link":"https:\/\/stilanddesign.se\/en\/product\/fin-svart-topp-med-spets\/","title":{"rendered":"\ud83d\udda4 Elegant black top with lace details \ud83d\udda4"},"content":{"rendered":"<p data-start=\"0\" data-end=\"48\">\ud83d\udda4 <strong data-start=\"3\" data-end=\"43\">Elegant black top with lace details<\/strong> \ud83d\udda4<\/p>\n<p data-start=\"50\" data-end=\"167\">A timeless and feminine top that combines soft comfort with beautiful lace details - perfect for both everyday wear and parties \u2728<\/p>\n<p data-start=\"169\" data-end=\"418\">\u2714 Flattering <strong data-start=\"182\" data-end=\"216\">V-neckline with decorative lace<\/strong><br data-start=\"216\" data-end=\"219\" \/>\u2714 Long sleeves with lace trim at cuffs<br data-start=\"253\" data-end=\"256\" \/>\u2714 Lace detail also around the bottom edge for an elegant finish<br data-start=\"313\" data-end=\"316\" data-is-only-node=\"\" \/>\u2714 <strong data-start=\"318\" data-end=\"330\">One size<\/strong>, roomy fit \u2013 fits approx. <strong data-start=\"360\" data-end=\"373\">size 34\u201344<\/strong><br data-start=\"373\" data-end=\"376\" \/>\u2714 Soft, supple quality that fits nicely<\/p>\n<p data-start=\"420\" data-end=\"461\"><strong data-start=\"420\" data-end=\"433\">Material:<\/strong><br data-start=\"433\" data-end=\"436\" \/>95% viscose, 5% elastane<\/p>\n<p data-start=\"463\" data-end=\"558\" data-is-last-node=\"\" data-is-only-node=\"\">A stylish base with that little something extra \u2013 just as nice with jeans as with a skirt or dress pants \ud83e\udd0d<\/p>\n<p>&nbsp;<\/p>\n<p>&nbsp;<\/p>\n<p>&nbsp;<\/p>","protected":false},"excerpt":{"rendered":"<p data-start=\"0\" data-end=\"48\">\ud83d\udda4 <strong data-start=\"3\" data-end=\"43\">Elegant black top with lace details<\/strong> \ud83d\udda4<\/p>\n<p data-start=\"50\" data-end=\"167\">A timeless and feminine top that combines soft comfort with beautiful lace details - perfect for both everyday wear and parties \u2728<\/p>\n<p data-start=\"169\" data-end=\"418\">\u2714 Flattering <strong data-start=\"182\" data-end=\"216\">V-neckline with decorative lace<\/strong><br data-start=\"216\" data-end=\"219\" \/>\u2714 Long sleeves with lace trim at cuffs<br data-start=\"253\" data-end=\"256\" \/>\u2714 Lace detail also around the bottom edge for an elegant finish<br data-start=\"313\" data-end=\"316\" data-is-only-node=\"\" \/>\u2714 <strong data-start=\"318\" data-end=\"330\">One size<\/strong>, roomy fit \u2013 fits approx. <strong data-start=\"360\" data-end=\"373\">size 34\u201344<\/strong><br data-start=\"373\" data-end=\"376\" \/>\u2714 Soft, supple quality that fits nicely<\/p>\n<p data-start=\"420\" data-end=\"461\"><strong data-start=\"420\" data-end=\"433\">Material:<\/strong><br data-start=\"433\" data-end=\"436\" \/>95% viscose, 5% elastane<\/p>\n<p data-start=\"463\" data-end=\"558\" data-is-last-node=\"\" data-is-only-node=\"\">A stylish base with that little something extra \u2013 just as nice with jeans as with a skirt or dress pants \ud83e\udd0d<\/p>","protected":false},"featured_media":1065383,"comment_status":"closed","ping_status":"closed","template":"","meta":[],"product_brand":[],"product_cat":[211,222],"product_tag":[],"class_list":{"0":"post-1048310","1":"product","2":"type-product","3":"status-publish","4":"has-post-thumbnail","6":"product_cat-blusar","7":"product_cat-toppar-tischor","9":"first","10":"instock","11":"taxable","12":"shipping-taxable","13":"purchasable","14":"product-type-variable"},"yoast_head":"<!-- This site is optimized with the Yoast SEO Premium plugin v27.4 (Yoast SEO v27.5) - https:\/\/yoast.com\/product\/yoast-seo-premium-wordpress\/ -->\n<title>\ud83d\udda4 Elegant svart topp med spetsdetaljer \ud83d\udda4 - Stil &amp; Design<\/title>\n<meta name=\"robots\" content=\"index, follow, max-snippet:-1, max-image-preview:large, max-video-preview:-1\" \/>\n<link rel=\"canonical\" href=\"https:\/\/stilanddesign.se\/en\/product\/fin-svart-topp-med-spets\/\" \/>\n<meta property=\"og:locale\" content=\"en_US\" \/>\n<meta property=\"og:type\" content=\"article\" \/>\n<meta property=\"og:title\" content=\"\ud83d\udda4 Elegant svart topp med spetsdetaljer \ud83d\udda4\" \/>\n<meta property=\"og:description\" content=\"\ud83d\udda4 Elegant svart topp med spetsdetaljer \ud83d\udda4 En tidl\u00f6s och feminin topp som kombinerar mjuk komfort med vackra spetsinslag \u2013 perfekt b\u00e5de till vardag och fest \u2728 \u2714 Smickrande V-ringning med dekorativ spets\u2714 L\u00e5ng \u00e4rm med spetskant i \u00e4rmslut\u2714 Spetsdetalj \u00e4ven runt nederkanten f\u00f6r en elegant finish\u2714 One size, rymlig passform \u2013 passar ca stl 34\u201344\u2714 Mjuk, f\u00f6ljsam kvalitet som faller fint Material:95% viscose, 5% elastan En stilfull bas med det lilla extra \u2013 lika fin till jeans som till kjol eller dressade byxor \ud83e\udd0d\" \/>\n<meta property=\"og:url\" content=\"https:\/\/stilanddesign.se\/en\/product\/fin-svart-topp-med-spets\/\" \/>\n<meta property=\"og:site_name\" content=\"Stil &amp; Design\" \/>\n<meta property=\"article:modified_time\" content=\"2026-04-30T10:06:31+00:00\" \/>\n<meta property=\"og:image\" content=\"https:\/\/stilanddesign.se\/wp-content\/uploads\/2026\/02\/1321.png\" \/>\n\t<meta property=\"og:image:width\" content=\"427\" \/>\n\t<meta property=\"og:image:height\" content=\"640\" \/>\n\t<meta property=\"og:image:type\" content=\"image\/png\" \/>\n<meta name=\"twitter:card\" content=\"summary_large_image\" \/>\n<meta name=\"twitter:label1\" content=\"Est. reading time\" \/>\n\t<meta name=\"twitter:data1\" content=\"1 minute\" \/>\n<script type=\"application\/ld+json\" class=\"yoast-schema-graph\">{\"@context\":\"https:\\\/\\\/schema.org\",\"@graph\":[{\"@type\":\"WebPage\",\"@id\":\"https:\\\/\\\/stilanddesign.se\\\/produkt\\\/fin-svart-topp-med-spets\\\/\",\"url\":\"https:\\\/\\\/stilanddesign.se\\\/produkt\\\/fin-svart-topp-med-spets\\\/\",\"name\":\"\ud83d\udda4 Elegant svart topp med spetsdetaljer \ud83d\udda4 - Stil &amp; Design\",\"isPartOf\":{\"@id\":\"https:\\\/\\\/stilanddesign.se\\\/#website\"},\"primaryImageOfPage\":{\"@id\":\"https:\\\/\\\/stilanddesign.se\\\/produkt\\\/fin-svart-topp-med-spets\\\/#primaryimage\"},\"image\":{\"@id\":\"https:\\\/\\\/stilanddesign.se\\\/produkt\\\/fin-svart-topp-med-spets\\\/#primaryimage\"},\"thumbnailUrl\":\"https:\\\/\\\/stilanddesign.se\\\/wp-content\\\/uploads\\\/2026\\\/02\\\/1321.png\",\"datePublished\":\"2026-04-14T11:28:53+00:00\",\"dateModified\":\"2026-04-30T10:06:31+00:00\",\"breadcrumb\":{\"@id\":\"https:\\\/\\\/stilanddesign.se\\\/produkt\\\/fin-svart-topp-med-spets\\\/#breadcrumb\"},\"inLanguage\":\"en-US\",\"potentialAction\":[{\"@type\":\"ReadAction\",\"target\":[\"https:\\\/\\\/stilanddesign.se\\\/produkt\\\/fin-svart-topp-med-spets\\\/\"]}]},{\"@type\":\"ImageObject\",\"inLanguage\":\"en-US\",\"@id\":\"https:\\\/\\\/stilanddesign.se\\\/produkt\\\/fin-svart-topp-med-spets\\\/#primaryimage\",\"url\":\"https:\\\/\\\/stilanddesign.se\\\/wp-content\\\/uploads\\\/2026\\\/02\\\/1321.png\",\"contentUrl\":\"https:\\\/\\\/stilanddesign.se\\\/wp-content\\\/uploads\\\/2026\\\/02\\\/1321.png\",\"width\":427,\"height\":640,\"caption\":\"Svart spetstopp\"},{\"@type\":\"BreadcrumbList\",\"@id\":\"https:\\\/\\\/stilanddesign.se\\\/produkt\\\/fin-svart-topp-med-spets\\\/#breadcrumb\",\"itemListElement\":[{\"@type\":\"ListItem\",\"position\":1,\"name\":\"Hem\",\"item\":\"https:\\\/\\\/stilanddesign.se\\\/\"},{\"@type\":\"ListItem\",\"position\":2,\"name\":\"Butiken\",\"item\":\"https:\\\/\\\/stilanddesign.se\\\/butiken\\\/\"},{\"@type\":\"ListItem\",\"position\":3,\"name\":\"\ud83d\udda4 Elegant svart topp med spetsdetaljer \ud83d\udda4\"}]},{\"@type\":\"WebSite\",\"@id\":\"https:\\\/\\\/stilanddesign.se\\\/#website\",\"url\":\"https:\\\/\\\/stilanddesign.se\\\/\",\"name\":\"Stil &amp; Design\",\"description\":\"F\u00f6r oss som \u00e4lskar mode!\",\"publisher\":{\"@id\":\"https:\\\/\\\/stilanddesign.se\\\/#organization\"},\"potentialAction\":[{\"@type\":\"SearchAction\",\"target\":{\"@type\":\"EntryPoint\",\"urlTemplate\":\"https:\\\/\\\/stilanddesign.se\\\/?s={search_term_string}\"},\"query-input\":{\"@type\":\"PropertyValueSpecification\",\"valueRequired\":true,\"valueName\":\"search_term_string\"}}],\"inLanguage\":\"en-US\"},{\"@type\":\"Organization\",\"@id\":\"https:\\\/\\\/stilanddesign.se\\\/#organization\",\"name\":\"Stil &amp; Design\",\"url\":\"https:\\\/\\\/stilanddesign.se\\\/\",\"logo\":{\"@type\":\"ImageObject\",\"inLanguage\":\"en-US\",\"@id\":\"https:\\\/\\\/stilanddesign.se\\\/#\\\/schema\\\/logo\\\/image\\\/\",\"url\":\"https:\\\/\\\/stilanddesign.se\\\/wp-content\\\/uploads\\\/2023\\\/12\\\/output-onlinepngtools-e1727784413220.png\",\"contentUrl\":\"https:\\\/\\\/stilanddesign.se\\\/wp-content\\\/uploads\\\/2023\\\/12\\\/output-onlinepngtools-e1727784413220.png\",\"width\":519,\"height\":135,\"caption\":\"Stil &amp; Design\"},\"image\":{\"@id\":\"https:\\\/\\\/stilanddesign.se\\\/#\\\/schema\\\/logo\\\/image\\\/\"}}]}<\/script>\n<!-- \/ Yoast SEO Premium plugin. -->","yoast_head_json":{"title":"\ud83d\udda4 Elegant svart topp med spetsdetaljer \ud83d\udda4 - Stil &amp; Design","robots":{"index":"index","follow":"follow","max-snippet":"max-snippet:-1","max-image-preview":"max-image-preview:large","max-video-preview":"max-video-preview:-1"},"canonical":"https:\/\/stilanddesign.se\/en\/product\/fin-svart-topp-med-spets\/","og_locale":"en_US","og_type":"article","og_title":"\ud83d\udda4 Elegant svart topp med spetsdetaljer \ud83d\udda4","og_description":"\ud83d\udda4 Elegant svart topp med spetsdetaljer \ud83d\udda4 En tidl\u00f6s och feminin topp som kombinerar mjuk komfort med vackra spetsinslag \u2013 perfekt b\u00e5de till vardag och fest \u2728 \u2714 Smickrande V-ringning med dekorativ spets\u2714 L\u00e5ng \u00e4rm med spetskant i \u00e4rmslut\u2714 Spetsdetalj \u00e4ven runt nederkanten f\u00f6r en elegant finish\u2714 One size, rymlig passform \u2013 passar ca stl 34\u201344\u2714 Mjuk, f\u00f6ljsam kvalitet som faller fint Material:95% viscose, 5% elastan En stilfull bas med det lilla extra \u2013 lika fin till jeans som till kjol eller dressade byxor \ud83e\udd0d","og_url":"https:\/\/stilanddesign.se\/en\/product\/fin-svart-topp-med-spets\/","og_site_name":"Stil &amp; Design","article_modified_time":"2026-04-30T10:06:31+00:00","og_image":[{"width":427,"height":640,"url":"https:\/\/stilanddesign.se\/wp-content\/uploads\/2026\/02\/1321.png","type":"image\/png"}],"twitter_card":"summary_large_image","twitter_misc":{"Est. reading time":"1 minute"},"schema":{"@context":"https:\/\/schema.org","@graph":[{"@type":"WebPage","@id":"https:\/\/stilanddesign.se\/produkt\/fin-svart-topp-med-spets\/","url":"https:\/\/stilanddesign.se\/produkt\/fin-svart-topp-med-spets\/","name":"\ud83d\udda4 Elegant svart topp med spetsdetaljer \ud83d\udda4 - Stil &amp; Design","isPartOf":{"@id":"https:\/\/stilanddesign.se\/#website"},"primaryImageOfPage":{"@id":"https:\/\/stilanddesign.se\/produkt\/fin-svart-topp-med-spets\/#primaryimage"},"image":{"@id":"https:\/\/stilanddesign.se\/produkt\/fin-svart-topp-med-spets\/#primaryimage"},"thumbnailUrl":"https:\/\/stilanddesign.se\/wp-content\/uploads\/2026\/02\/1321.png","datePublished":"2026-04-14T11:28:53+00:00","dateModified":"2026-04-30T10:06:31+00:00","breadcrumb":{"@id":"https:\/\/stilanddesign.se\/produkt\/fin-svart-topp-med-spets\/#breadcrumb"},"inLanguage":"en-US","potentialAction":[{"@type":"ReadAction","target":["https:\/\/stilanddesign.se\/produkt\/fin-svart-topp-med-spets\/"]}]},{"@type":"ImageObject","inLanguage":"en-US","@id":"https:\/\/stilanddesign.se\/produkt\/fin-svart-topp-med-spets\/#primaryimage","url":"https:\/\/stilanddesign.se\/wp-content\/uploads\/2026\/02\/1321.png","contentUrl":"https:\/\/stilanddesign.se\/wp-content\/uploads\/2026\/02\/1321.png","width":427,"height":640,"caption":"Svart spetstopp"},{"@type":"BreadcrumbList","@id":"https:\/\/stilanddesign.se\/produkt\/fin-svart-topp-med-spets\/#breadcrumb","itemListElement":[{"@type":"ListItem","position":1,"name":"Hem","item":"https:\/\/stilanddesign.se\/"},{"@type":"ListItem","position":2,"name":"Butiken","item":"https:\/\/stilanddesign.se\/butiken\/"},{"@type":"ListItem","position":3,"name":"\ud83d\udda4 Elegant svart topp med spetsdetaljer \ud83d\udda4"}]},{"@type":"WebSite","@id":"https:\/\/stilanddesign.se\/#website","url":"https:\/\/stilanddesign.se\/","name":"Style &amp; Design","description":"For those of us who love fashion!","publisher":{"@id":"https:\/\/stilanddesign.se\/#organization"},"potentialAction":[{"@type":"SearchAction","target":{"@type":"EntryPoint","urlTemplate":"https:\/\/stilanddesign.se\/?s={search_term_string}"},"query-input":{"@type":"PropertyValueSpecification","valueRequired":true,"valueName":"search_term_string"}}],"inLanguage":"en-US"},{"@type":"Organization","@id":"https:\/\/stilanddesign.se\/#organization","name":"Style &amp; Design","url":"https:\/\/stilanddesign.se\/","logo":{"@type":"ImageObject","inLanguage":"en-US","@id":"https:\/\/stilanddesign.se\/#\/schema\/logo\/image\/","url":"https:\/\/stilanddesign.se\/wp-content\/uploads\/2023\/12\/output-onlinepngtools-e1727784413220.png","contentUrl":"https:\/\/stilanddesign.se\/wp-content\/uploads\/2023\/12\/output-onlinepngtools-e1727784413220.png","width":519,"height":135,"caption":"Stil &amp; Design"},"image":{"@id":"https:\/\/stilanddesign.se\/#\/schema\/logo\/image\/"}}]}},"_links":{"self":[{"href":"https:\/\/stilanddesign.se\/en\/wp-json\/wp\/v2\/product\/1048310","targetHints":{"allow":["GET"]}}],"collection":[{"href":"https:\/\/stilanddesign.se\/en\/wp-json\/wp\/v2\/product"}],"about":[{"href":"https:\/\/stilanddesign.se\/en\/wp-json\/wp\/v2\/types\/product"}],"replies":[{"embeddable":true,"href":"https:\/\/stilanddesign.se\/en\/wp-json\/wp\/v2\/comments?post=1048310"}],"wp:featuredmedia":[{"embeddable":true,"href":"https:\/\/stilanddesign.se\/en\/wp-json\/wp\/v2\/media\/1065383"}],"wp:attachment":[{"href":"https:\/\/stilanddesign.se\/en\/wp-json\/wp\/v2\/media?parent=1048310"}],"wp:term":[{"taxonomy":"product_brand","embeddable":true,"href":"https:\/\/stilanddesign.se\/en\/wp-json\/wp\/v2\/product_brand?post=1048310"},{"taxonomy":"product_cat","embeddable":true,"href":"https:\/\/stilanddesign.se\/en\/wp-json\/wp\/v2\/product_cat?post=1048310"},{"taxonomy":"product_tag","embeddable":true,"href":"https:\/\/stilanddesign.se\/en\/wp-json\/wp\/v2\/product_tag?post=1048310"}],"curies":[{"name":"wp","href":"https:\/\/api.w.org\/{rel}","templated":true}]}}