{"id":1047978,"date":"2026-01-21T10:17:15","date_gmt":"2026-01-21T09:17:15","guid":{"rendered":"https:\/\/stilanddesign.se\/?post_type=product&#038;p=1047978"},"modified":"2026-02-25T11:43:12","modified_gmt":"2026-02-25T10:43:12","slug":"mjuk-harlig-troja-i-chokladbrunt-med-tryck-framtill","status":"publish","type":"product","link":"https:\/\/stilanddesign.se\/en\/product\/mjuk-harlig-troja-i-chokladbrunt-med-tryck-framtill\/","title":{"rendered":"\ud83e\udd0e Soft &amp; Stylish Sweater in Chocolate Brown \u2013 with Statement Print \ud83e\udd0e"},"content":{"rendered":"<p data-start=\"0\" data-end=\"67\">\ud83e\udd0e <strong data-start=\"3\" data-end=\"64\">Soft &amp; Stylish Sweater in Chocolate Brown \u2013 with Statement Print<\/strong> \ud83e\udd0e<\/p>\n<p data-start=\"69\" data-end=\"236\">A casually elegant sweater that combines comfort with a sense of trend. The chocolate brown shade gives a warm, exclusive impression while the print on the front sets the attitude \u2728<\/p>\n<p data-start=\"238\" data-end=\"441\"><strong data-start=\"238\" data-end=\"261\">Details we like:<\/strong><br data-start=\"261\" data-end=\"264\" \/>\u2022 Soft, supple material with a slight sheen<br data-start=\"305\" data-end=\"308\" \/>\u2022 Stylish print on the front: <strong data-start=\"335\" data-end=\"343\">CIAO<\/strong><br data-start=\"343\" data-end=\"346\" \/>\u2022 Slightly shorter in front \u2013 gives a modern fit<br data-start=\"393\" data-end=\"396\" \/>\u2022 Long sleeves for a casual yet stylish look<\/p>\n<p data-start=\"443\" data-end=\"500\"><strong data-start=\"443\" data-end=\"456\">Material:<\/strong><br data-start=\"456\" data-end=\"459\" \/>50% Polyester \u2022 45% Viscose \u2022 5% Elastane<\/p>\n<p data-start=\"502\" data-end=\"527\"><strong data-start=\"502\" data-end=\"515\">Washing instructions:<\/strong><br data-start=\"515\" data-end=\"518\" \/>30 degrees<\/p>\n<p data-start=\"529\" data-end=\"650\" data-is-last-node=\"\" data-is-only-node=\"\">Perfect with jeans, suit pants or a skirt - a sweater that feels just as right for everyday wear as it does for a dressed-up casual style \ud83e\udd0e\u2728<\/p>","protected":false},"excerpt":{"rendered":"<p data-start=\"0\" data-end=\"67\">\ud83e\udd0e <strong data-start=\"3\" data-end=\"64\">Soft &amp; Stylish Sweater in Chocolate Brown \u2013 with Statement Print<\/strong> \ud83e\udd0e<\/p>\n<p data-start=\"69\" data-end=\"236\">A casually elegant sweater that combines comfort with a sense of trend. The chocolate brown shade gives a warm, exclusive impression while the print on the front sets the attitude \u2728<\/p>\n<p data-start=\"238\" data-end=\"441\"><strong data-start=\"238\" data-end=\"261\">Details we like:<\/strong><br data-start=\"261\" data-end=\"264\" \/>\u2022 Soft, supple material with a slight sheen<br data-start=\"305\" data-end=\"308\" \/>\u2022 Stylish print on the front: <strong data-start=\"335\" data-end=\"343\">CIAO<\/strong><br data-start=\"343\" data-end=\"346\" \/>\u2022 Slightly shorter in front \u2013 gives a modern fit<br data-start=\"393\" data-end=\"396\" \/>\u2022 Long sleeves for a casual yet stylish look<\/p>\n<p data-start=\"443\" data-end=\"500\"><strong data-start=\"443\" data-end=\"456\">Material:<\/strong><br data-start=\"456\" data-end=\"459\" \/>50% Polyester \u2022 45% Viscose \u2022 5% Elastane<\/p>\n<p data-start=\"502\" data-end=\"527\"><strong data-start=\"502\" data-end=\"515\">Washing instructions:<\/strong><br data-start=\"515\" data-end=\"518\" \/>30 degrees<\/p>\n<p data-start=\"529\" data-end=\"650\" data-is-last-node=\"\" data-is-only-node=\"\">Perfect with jeans, suit pants or a skirt - a sweater that feels just as right for everyday wear as it does for a dressed-up casual style \ud83e\udd0e\u2728<\/p>","protected":false},"featured_media":1060298,"comment_status":"closed","ping_status":"closed","template":"","meta":[],"product_brand":[],"product_cat":[209],"product_tag":[],"class_list":{"0":"post-1047978","1":"product","2":"type-product","3":"status-publish","4":"has-post-thumbnail","6":"product_cat-reaprodukter","8":"first","9":"outofstock","10":"taxable","11":"shipping-taxable","12":"product-type-variable"},"yoast_head":"<!-- This site is optimized with the Yoast SEO Premium plugin v27.1 (Yoast SEO v27.4) - https:\/\/yoast.com\/product\/yoast-seo-premium-wordpress\/ -->\n<title>\ud83e\udd0e Mjuk &amp; Stilren Tr\u00f6ja i Chokladbrunt \u2013 med Statement-tryck \ud83e\udd0e - Stil &amp; Design<\/title>\n<meta name=\"robots\" content=\"index, follow, max-snippet:-1, max-image-preview:large, max-video-preview:-1\" \/>\n<link rel=\"canonical\" href=\"https:\/\/stilanddesign.se\/en\/product\/mjuk-harlig-troja-i-chokladbrunt-med-tryck-framtill\/\" \/>\n<meta property=\"og:locale\" content=\"en_US\" \/>\n<meta property=\"og:type\" content=\"article\" \/>\n<meta property=\"og:title\" content=\"\ud83e\udd0e Mjuk &amp; Stilren Tr\u00f6ja i Chokladbrunt \u2013 med Statement-tryck \ud83e\udd0e\" \/>\n<meta property=\"og:description\" content=\"\ud83e\udd0e Mjuk &amp; Stilren Tr\u00f6ja i Chokladbrunt \u2013 med Statement-tryck \ud83e\udd0e En avslappnat elegant tr\u00f6ja som kombinerar komfort med trendk\u00e4nsla. Den chokladbruna nyansen ger ett varmt, exklusivt intryck medan trycket framtill s\u00e4tter attityden \u2728 Detaljer vi gillar:\u2022 Mjukt, f\u00f6ljsamt material med l\u00e4tt glans\u2022 Stilrent tryck framtill: CIAO\u2022 N\u00e5got kortare framtill \u2013 ger ett modernt fall\u2022 L\u00e5ng \u00e4rm f\u00f6r en avslappnad men snygg look Material:50% Polyester \u2022 45% Viskos \u2022 5% Elastan Tv\u00e4ttr\u00e5d:30 grader Perfekt till jeans, kostymbyxa eller kjol \u2013 en tr\u00f6ja som k\u00e4nns lika r\u00e4tt till vardag som till en uppkl\u00e4dd casual stil \ud83e\udd0e\u2728\" \/>\n<meta property=\"og:url\" content=\"https:\/\/stilanddesign.se\/en\/product\/mjuk-harlig-troja-i-chokladbrunt-med-tryck-framtill\/\" \/>\n<meta property=\"og:site_name\" content=\"Stil &amp; Design\" \/>\n<meta property=\"article:modified_time\" content=\"2026-02-25T10:43:12+00:00\" \/>\n<meta property=\"og:image\" content=\"https:\/\/stilanddesign.se\/wp-content\/uploads\/2026\/01\/141413211.png\" \/>\n\t<meta property=\"og:image:width\" content=\"427\" \/>\n\t<meta property=\"og:image:height\" content=\"640\" \/>\n\t<meta property=\"og:image:type\" content=\"image\/png\" \/>\n<meta name=\"twitter:card\" content=\"summary_large_image\" \/>\n<meta name=\"twitter:label1\" content=\"Est. reading time\" \/>\n\t<meta name=\"twitter:data1\" content=\"1 minute\" \/>\n<script type=\"application\/ld+json\" class=\"yoast-schema-graph\">{\"@context\":\"https:\\\/\\\/schema.org\",\"@graph\":[{\"@type\":\"WebPage\",\"@id\":\"https:\\\/\\\/stilanddesign.se\\\/produkt\\\/mjuk-harlig-troja-i-chokladbrunt-med-tryck-framtill\\\/\",\"url\":\"https:\\\/\\\/stilanddesign.se\\\/produkt\\\/mjuk-harlig-troja-i-chokladbrunt-med-tryck-framtill\\\/\",\"name\":\"\ud83e\udd0e Mjuk & Stilren Tr\u00f6ja i Chokladbrunt \u2013 med Statement-tryck \ud83e\udd0e - Stil &amp; Design\",\"isPartOf\":{\"@id\":\"https:\\\/\\\/stilanddesign.se\\\/#website\"},\"primaryImageOfPage\":{\"@id\":\"https:\\\/\\\/stilanddesign.se\\\/produkt\\\/mjuk-harlig-troja-i-chokladbrunt-med-tryck-framtill\\\/#primaryimage\"},\"image\":{\"@id\":\"https:\\\/\\\/stilanddesign.se\\\/produkt\\\/mjuk-harlig-troja-i-chokladbrunt-med-tryck-framtill\\\/#primaryimage\"},\"thumbnailUrl\":\"https:\\\/\\\/stilanddesign.se\\\/wp-content\\\/uploads\\\/2026\\\/01\\\/141413211.png\",\"datePublished\":\"2026-01-21T09:17:15+00:00\",\"dateModified\":\"2026-02-25T10:43:12+00:00\",\"breadcrumb\":{\"@id\":\"https:\\\/\\\/stilanddesign.se\\\/produkt\\\/mjuk-harlig-troja-i-chokladbrunt-med-tryck-framtill\\\/#breadcrumb\"},\"inLanguage\":\"en-US\",\"potentialAction\":[{\"@type\":\"ReadAction\",\"target\":[\"https:\\\/\\\/stilanddesign.se\\\/produkt\\\/mjuk-harlig-troja-i-chokladbrunt-med-tryck-framtill\\\/\"]}]},{\"@type\":\"ImageObject\",\"inLanguage\":\"en-US\",\"@id\":\"https:\\\/\\\/stilanddesign.se\\\/produkt\\\/mjuk-harlig-troja-i-chokladbrunt-med-tryck-framtill\\\/#primaryimage\",\"url\":\"https:\\\/\\\/stilanddesign.se\\\/wp-content\\\/uploads\\\/2026\\\/01\\\/141413211.png\",\"contentUrl\":\"https:\\\/\\\/stilanddesign.se\\\/wp-content\\\/uploads\\\/2026\\\/01\\\/141413211.png\",\"width\":427,\"height\":640,\"caption\":\"Mjuk h\u00e4rlig tr\u00f6ja med tryck\"},{\"@type\":\"BreadcrumbList\",\"@id\":\"https:\\\/\\\/stilanddesign.se\\\/produkt\\\/mjuk-harlig-troja-i-chokladbrunt-med-tryck-framtill\\\/#breadcrumb\",\"itemListElement\":[{\"@type\":\"ListItem\",\"position\":1,\"name\":\"Hem\",\"item\":\"https:\\\/\\\/stilanddesign.se\\\/\"},{\"@type\":\"ListItem\",\"position\":2,\"name\":\"Butiken\",\"item\":\"https:\\\/\\\/stilanddesign.se\\\/butiken\\\/\"},{\"@type\":\"ListItem\",\"position\":3,\"name\":\"\ud83e\udd0e Mjuk &#038; Stilren Tr\u00f6ja i Chokladbrunt \u2013 med Statement-tryck \ud83e\udd0e\"}]},{\"@type\":\"WebSite\",\"@id\":\"https:\\\/\\\/stilanddesign.se\\\/#website\",\"url\":\"https:\\\/\\\/stilanddesign.se\\\/\",\"name\":\"Stil &amp; Design\",\"description\":\"F\u00f6r oss som \u00e4lskar mode!\",\"publisher\":{\"@id\":\"https:\\\/\\\/stilanddesign.se\\\/#organization\"},\"potentialAction\":[{\"@type\":\"SearchAction\",\"target\":{\"@type\":\"EntryPoint\",\"urlTemplate\":\"https:\\\/\\\/stilanddesign.se\\\/?s={search_term_string}\"},\"query-input\":{\"@type\":\"PropertyValueSpecification\",\"valueRequired\":true,\"valueName\":\"search_term_string\"}}],\"inLanguage\":\"en-US\"},{\"@type\":\"Organization\",\"@id\":\"https:\\\/\\\/stilanddesign.se\\\/#organization\",\"name\":\"Stil &amp; Design\",\"url\":\"https:\\\/\\\/stilanddesign.se\\\/\",\"logo\":{\"@type\":\"ImageObject\",\"inLanguage\":\"en-US\",\"@id\":\"https:\\\/\\\/stilanddesign.se\\\/#\\\/schema\\\/logo\\\/image\\\/\",\"url\":\"https:\\\/\\\/stilanddesign.se\\\/wp-content\\\/uploads\\\/2023\\\/12\\\/output-onlinepngtools-e1727784413220.png\",\"contentUrl\":\"https:\\\/\\\/stilanddesign.se\\\/wp-content\\\/uploads\\\/2023\\\/12\\\/output-onlinepngtools-e1727784413220.png\",\"width\":519,\"height\":135,\"caption\":\"Stil &amp; Design\"},\"image\":{\"@id\":\"https:\\\/\\\/stilanddesign.se\\\/#\\\/schema\\\/logo\\\/image\\\/\"}}]}<\/script>\n<!-- \/ Yoast SEO Premium plugin. -->","yoast_head_json":{"title":"\ud83e\udd0e Mjuk & Stilren Tr\u00f6ja i Chokladbrunt \u2013 med Statement-tryck \ud83e\udd0e - Stil &amp; Design","robots":{"index":"index","follow":"follow","max-snippet":"max-snippet:-1","max-image-preview":"max-image-preview:large","max-video-preview":"max-video-preview:-1"},"canonical":"https:\/\/stilanddesign.se\/en\/product\/mjuk-harlig-troja-i-chokladbrunt-med-tryck-framtill\/","og_locale":"en_US","og_type":"article","og_title":"\ud83e\udd0e Mjuk & Stilren Tr\u00f6ja i Chokladbrunt \u2013 med Statement-tryck \ud83e\udd0e","og_description":"\ud83e\udd0e Mjuk &amp; Stilren Tr\u00f6ja i Chokladbrunt \u2013 med Statement-tryck \ud83e\udd0e En avslappnat elegant tr\u00f6ja som kombinerar komfort med trendk\u00e4nsla. Den chokladbruna nyansen ger ett varmt, exklusivt intryck medan trycket framtill s\u00e4tter attityden \u2728 Detaljer vi gillar:\u2022 Mjukt, f\u00f6ljsamt material med l\u00e4tt glans\u2022 Stilrent tryck framtill: CIAO\u2022 N\u00e5got kortare framtill \u2013 ger ett modernt fall\u2022 L\u00e5ng \u00e4rm f\u00f6r en avslappnad men snygg look Material:50% Polyester \u2022 45% Viskos \u2022 5% Elastan Tv\u00e4ttr\u00e5d:30 grader Perfekt till jeans, kostymbyxa eller kjol \u2013 en tr\u00f6ja som k\u00e4nns lika r\u00e4tt till vardag som till en uppkl\u00e4dd casual stil \ud83e\udd0e\u2728","og_url":"https:\/\/stilanddesign.se\/en\/product\/mjuk-harlig-troja-i-chokladbrunt-med-tryck-framtill\/","og_site_name":"Stil &amp; Design","article_modified_time":"2026-02-25T10:43:12+00:00","og_image":[{"width":427,"height":640,"url":"https:\/\/stilanddesign.se\/wp-content\/uploads\/2026\/01\/141413211.png","type":"image\/png"}],"twitter_card":"summary_large_image","twitter_misc":{"Est. reading time":"1 minute"},"schema":{"@context":"https:\/\/schema.org","@graph":[{"@type":"WebPage","@id":"https:\/\/stilanddesign.se\/produkt\/mjuk-harlig-troja-i-chokladbrunt-med-tryck-framtill\/","url":"https:\/\/stilanddesign.se\/produkt\/mjuk-harlig-troja-i-chokladbrunt-med-tryck-framtill\/","name":"\ud83e\udd0e Mjuk & Stilren Tr\u00f6ja i Chokladbrunt \u2013 med Statement-tryck \ud83e\udd0e - Stil &amp; Design","isPartOf":{"@id":"https:\/\/stilanddesign.se\/#website"},"primaryImageOfPage":{"@id":"https:\/\/stilanddesign.se\/produkt\/mjuk-harlig-troja-i-chokladbrunt-med-tryck-framtill\/#primaryimage"},"image":{"@id":"https:\/\/stilanddesign.se\/produkt\/mjuk-harlig-troja-i-chokladbrunt-med-tryck-framtill\/#primaryimage"},"thumbnailUrl":"https:\/\/stilanddesign.se\/wp-content\/uploads\/2026\/01\/141413211.png","datePublished":"2026-01-21T09:17:15+00:00","dateModified":"2026-02-25T10:43:12+00:00","breadcrumb":{"@id":"https:\/\/stilanddesign.se\/produkt\/mjuk-harlig-troja-i-chokladbrunt-med-tryck-framtill\/#breadcrumb"},"inLanguage":"en-US","potentialAction":[{"@type":"ReadAction","target":["https:\/\/stilanddesign.se\/produkt\/mjuk-harlig-troja-i-chokladbrunt-med-tryck-framtill\/"]}]},{"@type":"ImageObject","inLanguage":"en-US","@id":"https:\/\/stilanddesign.se\/produkt\/mjuk-harlig-troja-i-chokladbrunt-med-tryck-framtill\/#primaryimage","url":"https:\/\/stilanddesign.se\/wp-content\/uploads\/2026\/01\/141413211.png","contentUrl":"https:\/\/stilanddesign.se\/wp-content\/uploads\/2026\/01\/141413211.png","width":427,"height":640,"caption":"Mjuk h\u00e4rlig tr\u00f6ja med tryck"},{"@type":"BreadcrumbList","@id":"https:\/\/stilanddesign.se\/produkt\/mjuk-harlig-troja-i-chokladbrunt-med-tryck-framtill\/#breadcrumb","itemListElement":[{"@type":"ListItem","position":1,"name":"Hem","item":"https:\/\/stilanddesign.se\/"},{"@type":"ListItem","position":2,"name":"Butiken","item":"https:\/\/stilanddesign.se\/butiken\/"},{"@type":"ListItem","position":3,"name":"\ud83e\udd0e Mjuk &#038; Stilren Tr\u00f6ja i Chokladbrunt \u2013 med Statement-tryck \ud83e\udd0e"}]},{"@type":"WebSite","@id":"https:\/\/stilanddesign.se\/#website","url":"https:\/\/stilanddesign.se\/","name":"Style &amp; Design","description":"For those of us who love fashion!","publisher":{"@id":"https:\/\/stilanddesign.se\/#organization"},"potentialAction":[{"@type":"SearchAction","target":{"@type":"EntryPoint","urlTemplate":"https:\/\/stilanddesign.se\/?s={search_term_string}"},"query-input":{"@type":"PropertyValueSpecification","valueRequired":true,"valueName":"search_term_string"}}],"inLanguage":"en-US"},{"@type":"Organization","@id":"https:\/\/stilanddesign.se\/#organization","name":"Style &amp; Design","url":"https:\/\/stilanddesign.se\/","logo":{"@type":"ImageObject","inLanguage":"en-US","@id":"https:\/\/stilanddesign.se\/#\/schema\/logo\/image\/","url":"https:\/\/stilanddesign.se\/wp-content\/uploads\/2023\/12\/output-onlinepngtools-e1727784413220.png","contentUrl":"https:\/\/stilanddesign.se\/wp-content\/uploads\/2023\/12\/output-onlinepngtools-e1727784413220.png","width":519,"height":135,"caption":"Stil &amp; Design"},"image":{"@id":"https:\/\/stilanddesign.se\/#\/schema\/logo\/image\/"}}]}},"_links":{"self":[{"href":"https:\/\/stilanddesign.se\/en\/wp-json\/wp\/v2\/product\/1047978","targetHints":{"allow":["GET"]}}],"collection":[{"href":"https:\/\/stilanddesign.se\/en\/wp-json\/wp\/v2\/product"}],"about":[{"href":"https:\/\/stilanddesign.se\/en\/wp-json\/wp\/v2\/types\/product"}],"replies":[{"embeddable":true,"href":"https:\/\/stilanddesign.se\/en\/wp-json\/wp\/v2\/comments?post=1047978"}],"wp:featuredmedia":[{"embeddable":true,"href":"https:\/\/stilanddesign.se\/en\/wp-json\/wp\/v2\/media\/1060298"}],"wp:attachment":[{"href":"https:\/\/stilanddesign.se\/en\/wp-json\/wp\/v2\/media?parent=1047978"}],"wp:term":[{"taxonomy":"product_brand","embeddable":true,"href":"https:\/\/stilanddesign.se\/en\/wp-json\/wp\/v2\/product_brand?post=1047978"},{"taxonomy":"product_cat","embeddable":true,"href":"https:\/\/stilanddesign.se\/en\/wp-json\/wp\/v2\/product_cat?post=1047978"},{"taxonomy":"product_tag","embeddable":true,"href":"https:\/\/stilanddesign.se\/en\/wp-json\/wp\/v2\/product_tag?post=1047978"}],"curies":[{"name":"wp","href":"https:\/\/api.w.org\/{rel}","templated":true}]}}