{"id":1047914,"date":"2025-10-07T16:43:03","date_gmt":"2025-10-07T14:43:03","guid":{"rendered":"https:\/\/stilanddesign.se\/?post_type=product&#038;p=1047914"},"modified":"2025-11-03T12:48:50","modified_gmt":"2025-11-03T11:48:50","slug":"harlig-skir-blus-i-monstrad-vinrod-och-svart","status":"publish","type":"product","link":"https:\/\/stilanddesign.se\/en\/product\/harlig-skir-blus-i-monstrad-vinrod-och-svart\/","title":{"rendered":"Lovely sheer blouse in patterned burgundy and black"},"content":{"rendered":"<h1 class=\"alt-font\">Lovely sheer blouse in patterned burgundy and black<\/h1>\n<p>Har skjortkrage och kn\u00e4pps med knappar framtill,kn\u00e4ppningen b\u00f6rjar en bit ner fr\u00e5n halsen<\/p>\n<p>Blusen har en smock uppe en bit \u00f6ver br\u00f6stet<\/p>\n<p>L\u00e5ng \u00e4rm med en tunn res\u00e5rmudd i \u00e4rmslut<\/p>\n<p><strong>Material: 100% polyester<\/strong><\/p>\n<p>Washing instructions: 30 degrees<\/p>\n<p>&nbsp;<\/p>","protected":false},"excerpt":{"rendered":"<h1 class=\"alt-font\">Lovely sheer blouse in patterned burgundy and black<\/h1>\n<p>Har skjortkrage och kn\u00e4pps med knappar framtill,kn\u00e4ppningen b\u00f6rjar en bit ner fr\u00e5n halsen<\/p>\n<p>Blusen har en smock uppe en bit \u00f6ver br\u00f6stet<\/p>\n<p>L\u00e5ng \u00e4rm med en tunn res\u00e5rmudd i \u00e4rmslut<\/p>\n<p><strong>Material: 100% polyester<\/strong><\/p>\n<p>Washing instructions: 30 degrees<\/p>","protected":false},"featured_media":1047913,"comment_status":"closed","ping_status":"closed","template":"","meta":[],"product_brand":[],"product_cat":[211],"product_tag":[],"class_list":{"0":"post-1047914","1":"product","2":"type-product","3":"status-publish","4":"has-post-thumbnail","6":"product_cat-blusar","8":"first","9":"outofstock","10":"taxable","11":"shipping-taxable","12":"product-type-variable"},"yoast_head":"<!-- This site is optimized with the Yoast SEO Premium plugin v27.1 (Yoast SEO v27.4) - https:\/\/yoast.com\/product\/yoast-seo-premium-wordpress\/ -->\n<title>H\u00e4rlig skir blus i m\u00f6nstrad vinr\u00f6d och svart - Stil &amp; Design<\/title>\n<meta name=\"robots\" content=\"index, follow, max-snippet:-1, max-image-preview:large, max-video-preview:-1\" \/>\n<link rel=\"canonical\" href=\"https:\/\/stilanddesign.se\/en\/product\/harlig-skir-blus-i-monstrad-vinrod-och-svart\/\" \/>\n<meta property=\"og:locale\" content=\"en_US\" \/>\n<meta property=\"og:type\" content=\"article\" \/>\n<meta property=\"og:title\" content=\"H\u00e4rlig skir blus i m\u00f6nstrad vinr\u00f6d och svart\" \/>\n<meta property=\"og:description\" content=\"H\u00e4rlig skir blus i m\u00f6nstrad vinr\u00f6d och svart Har skjortkrage och kn\u00e4pps med knappar framtill,kn\u00e4ppningen b\u00f6rjar en bit ner fr\u00e5n halsen  Blusen har en smock uppe en bit \u00f6ver br\u00f6stet  L\u00e5ng \u00e4rm med en tunn res\u00e5rmudd i \u00e4rmslut  Material: 100% polyester  Tv\u00e4ttr\u00e5d: 30 grader\" \/>\n<meta property=\"og:url\" content=\"https:\/\/stilanddesign.se\/en\/product\/harlig-skir-blus-i-monstrad-vinrod-och-svart\/\" \/>\n<meta property=\"og:site_name\" content=\"Stil &amp; Design\" \/>\n<meta property=\"article:modified_time\" content=\"2025-11-03T11:48:50+00:00\" \/>\n<meta property=\"og:image\" content=\"https:\/\/stilanddesign.se\/wp-content\/uploads\/2025\/09\/6676767565444444444444444444444.jpg\" \/>\n\t<meta property=\"og:image:width\" content=\"402\" \/>\n\t<meta property=\"og:image:height\" content=\"640\" \/>\n\t<meta property=\"og:image:type\" content=\"image\/jpeg\" \/>\n<meta name=\"twitter:card\" content=\"summary_large_image\" \/>\n<meta name=\"twitter:label1\" content=\"Est. reading time\" \/>\n\t<meta name=\"twitter:data1\" content=\"1 minute\" \/>\n<script type=\"application\/ld+json\" class=\"yoast-schema-graph\">{\"@context\":\"https:\\\/\\\/schema.org\",\"@graph\":[{\"@type\":\"WebPage\",\"@id\":\"https:\\\/\\\/stilanddesign.se\\\/produkt\\\/harlig-skir-blus-i-monstrad-vinrod-och-svart\\\/\",\"url\":\"https:\\\/\\\/stilanddesign.se\\\/produkt\\\/harlig-skir-blus-i-monstrad-vinrod-och-svart\\\/\",\"name\":\"H\u00e4rlig skir blus i m\u00f6nstrad vinr\u00f6d och svart - Stil &amp; Design\",\"isPartOf\":{\"@id\":\"https:\\\/\\\/stilanddesign.se\\\/#website\"},\"primaryImageOfPage\":{\"@id\":\"https:\\\/\\\/stilanddesign.se\\\/produkt\\\/harlig-skir-blus-i-monstrad-vinrod-och-svart\\\/#primaryimage\"},\"image\":{\"@id\":\"https:\\\/\\\/stilanddesign.se\\\/produkt\\\/harlig-skir-blus-i-monstrad-vinrod-och-svart\\\/#primaryimage\"},\"thumbnailUrl\":\"https:\\\/\\\/stilanddesign.se\\\/wp-content\\\/uploads\\\/2025\\\/09\\\/6676767565444444444444444444444.jpg\",\"datePublished\":\"2025-10-07T14:43:03+00:00\",\"dateModified\":\"2025-11-03T11:48:50+00:00\",\"breadcrumb\":{\"@id\":\"https:\\\/\\\/stilanddesign.se\\\/produkt\\\/harlig-skir-blus-i-monstrad-vinrod-och-svart\\\/#breadcrumb\"},\"inLanguage\":\"en-US\",\"potentialAction\":[{\"@type\":\"ReadAction\",\"target\":[\"https:\\\/\\\/stilanddesign.se\\\/produkt\\\/harlig-skir-blus-i-monstrad-vinrod-och-svart\\\/\"]}]},{\"@type\":\"ImageObject\",\"inLanguage\":\"en-US\",\"@id\":\"https:\\\/\\\/stilanddesign.se\\\/produkt\\\/harlig-skir-blus-i-monstrad-vinrod-och-svart\\\/#primaryimage\",\"url\":\"https:\\\/\\\/stilanddesign.se\\\/wp-content\\\/uploads\\\/2025\\\/09\\\/6676767565444444444444444444444.jpg\",\"contentUrl\":\"https:\\\/\\\/stilanddesign.se\\\/wp-content\\\/uploads\\\/2025\\\/09\\\/6676767565444444444444444444444.jpg\",\"width\":402,\"height\":640,\"caption\":\"H\u00e4rlig skir blus i m\u00f6nstrad vinr\u00f6d\\\/svart\"},{\"@type\":\"BreadcrumbList\",\"@id\":\"https:\\\/\\\/stilanddesign.se\\\/produkt\\\/harlig-skir-blus-i-monstrad-vinrod-och-svart\\\/#breadcrumb\",\"itemListElement\":[{\"@type\":\"ListItem\",\"position\":1,\"name\":\"Hem\",\"item\":\"https:\\\/\\\/stilanddesign.se\\\/\"},{\"@type\":\"ListItem\",\"position\":2,\"name\":\"Butiken\",\"item\":\"https:\\\/\\\/stilanddesign.se\\\/butiken\\\/\"},{\"@type\":\"ListItem\",\"position\":3,\"name\":\"H\u00e4rlig skir blus i m\u00f6nstrad vinr\u00f6d och svart\"}]},{\"@type\":\"WebSite\",\"@id\":\"https:\\\/\\\/stilanddesign.se\\\/#website\",\"url\":\"https:\\\/\\\/stilanddesign.se\\\/\",\"name\":\"Stil &amp; Design\",\"description\":\"F\u00f6r oss som \u00e4lskar mode!\",\"publisher\":{\"@id\":\"https:\\\/\\\/stilanddesign.se\\\/#organization\"},\"potentialAction\":[{\"@type\":\"SearchAction\",\"target\":{\"@type\":\"EntryPoint\",\"urlTemplate\":\"https:\\\/\\\/stilanddesign.se\\\/?s={search_term_string}\"},\"query-input\":{\"@type\":\"PropertyValueSpecification\",\"valueRequired\":true,\"valueName\":\"search_term_string\"}}],\"inLanguage\":\"en-US\"},{\"@type\":\"Organization\",\"@id\":\"https:\\\/\\\/stilanddesign.se\\\/#organization\",\"name\":\"Stil &amp; Design\",\"url\":\"https:\\\/\\\/stilanddesign.se\\\/\",\"logo\":{\"@type\":\"ImageObject\",\"inLanguage\":\"en-US\",\"@id\":\"https:\\\/\\\/stilanddesign.se\\\/#\\\/schema\\\/logo\\\/image\\\/\",\"url\":\"https:\\\/\\\/stilanddesign.se\\\/wp-content\\\/uploads\\\/2023\\\/12\\\/output-onlinepngtools-e1727784413220.png\",\"contentUrl\":\"https:\\\/\\\/stilanddesign.se\\\/wp-content\\\/uploads\\\/2023\\\/12\\\/output-onlinepngtools-e1727784413220.png\",\"width\":519,\"height\":135,\"caption\":\"Stil &amp; Design\"},\"image\":{\"@id\":\"https:\\\/\\\/stilanddesign.se\\\/#\\\/schema\\\/logo\\\/image\\\/\"}}]}<\/script>\n<!-- \/ Yoast SEO Premium plugin. -->","yoast_head_json":{"title":"H\u00e4rlig skir blus i m\u00f6nstrad vinr\u00f6d och svart - Stil &amp; Design","robots":{"index":"index","follow":"follow","max-snippet":"max-snippet:-1","max-image-preview":"max-image-preview:large","max-video-preview":"max-video-preview:-1"},"canonical":"https:\/\/stilanddesign.se\/en\/product\/harlig-skir-blus-i-monstrad-vinrod-och-svart\/","og_locale":"en_US","og_type":"article","og_title":"H\u00e4rlig skir blus i m\u00f6nstrad vinr\u00f6d och svart","og_description":"H\u00e4rlig skir blus i m\u00f6nstrad vinr\u00f6d och svart Har skjortkrage och kn\u00e4pps med knappar framtill,kn\u00e4ppningen b\u00f6rjar en bit ner fr\u00e5n halsen  Blusen har en smock uppe en bit \u00f6ver br\u00f6stet  L\u00e5ng \u00e4rm med en tunn res\u00e5rmudd i \u00e4rmslut  Material: 100% polyester  Tv\u00e4ttr\u00e5d: 30 grader","og_url":"https:\/\/stilanddesign.se\/en\/product\/harlig-skir-blus-i-monstrad-vinrod-och-svart\/","og_site_name":"Stil &amp; Design","article_modified_time":"2025-11-03T11:48:50+00:00","og_image":[{"width":402,"height":640,"url":"https:\/\/stilanddesign.se\/wp-content\/uploads\/2025\/09\/6676767565444444444444444444444.jpg","type":"image\/jpeg"}],"twitter_card":"summary_large_image","twitter_misc":{"Est. reading time":"1 minute"},"schema":{"@context":"https:\/\/schema.org","@graph":[{"@type":"WebPage","@id":"https:\/\/stilanddesign.se\/produkt\/harlig-skir-blus-i-monstrad-vinrod-och-svart\/","url":"https:\/\/stilanddesign.se\/produkt\/harlig-skir-blus-i-monstrad-vinrod-och-svart\/","name":"H\u00e4rlig skir blus i m\u00f6nstrad vinr\u00f6d och svart - Stil &amp; Design","isPartOf":{"@id":"https:\/\/stilanddesign.se\/#website"},"primaryImageOfPage":{"@id":"https:\/\/stilanddesign.se\/produkt\/harlig-skir-blus-i-monstrad-vinrod-och-svart\/#primaryimage"},"image":{"@id":"https:\/\/stilanddesign.se\/produkt\/harlig-skir-blus-i-monstrad-vinrod-och-svart\/#primaryimage"},"thumbnailUrl":"https:\/\/stilanddesign.se\/wp-content\/uploads\/2025\/09\/6676767565444444444444444444444.jpg","datePublished":"2025-10-07T14:43:03+00:00","dateModified":"2025-11-03T11:48:50+00:00","breadcrumb":{"@id":"https:\/\/stilanddesign.se\/produkt\/harlig-skir-blus-i-monstrad-vinrod-och-svart\/#breadcrumb"},"inLanguage":"en-US","potentialAction":[{"@type":"ReadAction","target":["https:\/\/stilanddesign.se\/produkt\/harlig-skir-blus-i-monstrad-vinrod-och-svart\/"]}]},{"@type":"ImageObject","inLanguage":"en-US","@id":"https:\/\/stilanddesign.se\/produkt\/harlig-skir-blus-i-monstrad-vinrod-och-svart\/#primaryimage","url":"https:\/\/stilanddesign.se\/wp-content\/uploads\/2025\/09\/6676767565444444444444444444444.jpg","contentUrl":"https:\/\/stilanddesign.se\/wp-content\/uploads\/2025\/09\/6676767565444444444444444444444.jpg","width":402,"height":640,"caption":"H\u00e4rlig skir blus i m\u00f6nstrad vinr\u00f6d\/svart"},{"@type":"BreadcrumbList","@id":"https:\/\/stilanddesign.se\/produkt\/harlig-skir-blus-i-monstrad-vinrod-och-svart\/#breadcrumb","itemListElement":[{"@type":"ListItem","position":1,"name":"Hem","item":"https:\/\/stilanddesign.se\/"},{"@type":"ListItem","position":2,"name":"Butiken","item":"https:\/\/stilanddesign.se\/butiken\/"},{"@type":"ListItem","position":3,"name":"H\u00e4rlig skir blus i m\u00f6nstrad vinr\u00f6d och svart"}]},{"@type":"WebSite","@id":"https:\/\/stilanddesign.se\/#website","url":"https:\/\/stilanddesign.se\/","name":"Style &amp; Design","description":"For those of us who love fashion!","publisher":{"@id":"https:\/\/stilanddesign.se\/#organization"},"potentialAction":[{"@type":"SearchAction","target":{"@type":"EntryPoint","urlTemplate":"https:\/\/stilanddesign.se\/?s={search_term_string}"},"query-input":{"@type":"PropertyValueSpecification","valueRequired":true,"valueName":"search_term_string"}}],"inLanguage":"en-US"},{"@type":"Organization","@id":"https:\/\/stilanddesign.se\/#organization","name":"Style &amp; Design","url":"https:\/\/stilanddesign.se\/","logo":{"@type":"ImageObject","inLanguage":"en-US","@id":"https:\/\/stilanddesign.se\/#\/schema\/logo\/image\/","url":"https:\/\/stilanddesign.se\/wp-content\/uploads\/2023\/12\/output-onlinepngtools-e1727784413220.png","contentUrl":"https:\/\/stilanddesign.se\/wp-content\/uploads\/2023\/12\/output-onlinepngtools-e1727784413220.png","width":519,"height":135,"caption":"Stil &amp; Design"},"image":{"@id":"https:\/\/stilanddesign.se\/#\/schema\/logo\/image\/"}}]}},"_links":{"self":[{"href":"https:\/\/stilanddesign.se\/en\/wp-json\/wp\/v2\/product\/1047914","targetHints":{"allow":["GET"]}}],"collection":[{"href":"https:\/\/stilanddesign.se\/en\/wp-json\/wp\/v2\/product"}],"about":[{"href":"https:\/\/stilanddesign.se\/en\/wp-json\/wp\/v2\/types\/product"}],"replies":[{"embeddable":true,"href":"https:\/\/stilanddesign.se\/en\/wp-json\/wp\/v2\/comments?post=1047914"}],"wp:featuredmedia":[{"embeddable":true,"href":"https:\/\/stilanddesign.se\/en\/wp-json\/wp\/v2\/media\/1047913"}],"wp:attachment":[{"href":"https:\/\/stilanddesign.se\/en\/wp-json\/wp\/v2\/media?parent=1047914"}],"wp:term":[{"taxonomy":"product_brand","embeddable":true,"href":"https:\/\/stilanddesign.se\/en\/wp-json\/wp\/v2\/product_brand?post=1047914"},{"taxonomy":"product_cat","embeddable":true,"href":"https:\/\/stilanddesign.se\/en\/wp-json\/wp\/v2\/product_cat?post=1047914"},{"taxonomy":"product_tag","embeddable":true,"href":"https:\/\/stilanddesign.se\/en\/wp-json\/wp\/v2\/product_tag?post=1047914"}],"curies":[{"name":"wp","href":"https:\/\/api.w.org\/{rel}","templated":true}]}}