{"id":1047895,"date":"2025-12-08T11:41:58","date_gmt":"2025-12-08T10:41:58","guid":{"rendered":"https:\/\/stilanddesign.se\/?post_type=product&#038;p=1047895"},"modified":"2026-02-24T11:21:26","modified_gmt":"2026-02-24T10:21:26","slug":"gliterring-med-bling-i-stal-och-brons","status":"publish","type":"product","link":"https:\/\/stilanddesign.se\/en\/product\/gliterring-med-bling-i-stal-och-brons\/","title":{"rendered":"Glitter ring with bling in steel and bronze"},"content":{"rendered":"<p>Glitter ring with bling in steel and bronze<\/p>\n<p>&nbsp;<\/p>\n<table class=\"variations\" role=\"presentation\" cellspacing=\"0\">\n<tbody>\n<tr>\n<th class=\"label\"><label for=\"pa_color\">Paint<\/label><\/th>\n<td class=\"value\">\n<div class=\"product-buttons pa_color\">\n<div class=\"color-dot\"><\/div>\n<p><button class=\"color-btn out-of-stock chosen\" type=\"button\" value=\"silver\">bronze<\/button><\/p>\n<div class=\"color-dot\"><\/div>\n<div class=\"color-dot\"><\/div>\n<\/div>\n<\/td>\n<\/tr>\n<tr>\n<th class=\"label\"><label for=\"pa_material\">Material<\/label><\/th>\n<td class=\"value\">\n<div class=\"product-buttons pa_material\"><button class=\"out-of-stock chosen\" type=\"button\" value=\"stal\">Steel<\/button><\/div>\n<\/td>\n<\/tr>\n<tr>\n<th class=\"label\"><label for=\"pa_storlek\">Size<\/label><\/th>\n<td class=\"value\">\n<div class=\"product-buttons pa_storlek\"><button class=\"out-of-stock chosen\" type=\"button\" value=\"onesize\">One size<\/button><\/div>\n<\/td>\n<\/tr>\n<\/tbody>\n<\/table>\n<p>Flexible ring size<\/p>\n<p>OBS! ej byte,returr\u00e4tt p\u00e5 ringen<\/p>","protected":false},"excerpt":{"rendered":"<p>Glitter ring with bling in steel and bronze<\/p>\n<p>&nbsp;<\/p>\n<table class=\"variations\" role=\"presentation\" cellspacing=\"0\">\n<tbody>\n<tr>\n<th class=\"label\"><label for=\"pa_color\">Paint<\/label><\/th>\n<td class=\"value\">\n<div class=\"product-buttons pa_color\">\n<div class=\"color-dot\"><\/div>\n<p><button class=\"color-btn out-of-stock chosen\" type=\"button\" value=\"silver\">bronze<\/button><\/p>\n<div class=\"color-dot\"><\/div>\n<div class=\"color-dot\"><\/div>\n<\/div>\n<\/td>\n<\/tr>\n<tr>\n<th class=\"label\"><label for=\"pa_material\">Material<\/label><\/th>\n<td class=\"value\">\n<div class=\"product-buttons pa_material\"><button class=\"out-of-stock chosen\" type=\"button\" value=\"stal\">Steel<\/button><\/div>\n<\/td>\n<\/tr>\n<tr>\n<th class=\"label\"><label for=\"pa_storlek\">Size<\/label><\/th>\n<td class=\"value\">\n<div class=\"product-buttons pa_storlek\"><button class=\"out-of-stock chosen\" type=\"button\" value=\"onesize\">One size<\/button><\/div>\n<\/td>\n<\/tr>\n<\/tbody>\n<\/table>\n<p>Flexible ring size<\/p>\n<p>OBS! ej byte,returr\u00e4tt p\u00e5 ringen<\/p>","protected":false},"featured_media":1047716,"comment_status":"closed","ping_status":"closed","template":"","meta":[],"product_brand":[],"product_cat":[206,231],"product_tag":[],"class_list":{"0":"post-1047895","1":"product","2":"type-product","3":"status-publish","4":"has-post-thumbnail","6":"product_cat-accessoarer","7":"product_cat-smycken","9":"first","10":"outofstock","11":"taxable","12":"shipping-taxable","13":"product-type-variable"},"yoast_head":"<!-- This site is optimized with the Yoast SEO Premium plugin v27.1 (Yoast SEO v27.4) - https:\/\/yoast.com\/product\/yoast-seo-premium-wordpress\/ -->\n<title>Gliterring med bling i st\u00e5l och brons - Stil &amp; Design<\/title>\n<meta name=\"robots\" content=\"index, follow, max-snippet:-1, max-image-preview:large, max-video-preview:-1\" \/>\n<link rel=\"canonical\" href=\"https:\/\/stilanddesign.se\/en\/product\/gliterring-med-bling-i-stal-och-brons\/\" \/>\n<meta property=\"og:locale\" content=\"en_US\" \/>\n<meta property=\"og:type\" content=\"article\" \/>\n<meta property=\"og:title\" content=\"Gliterring med bling i st\u00e5l och brons\" \/>\n<meta property=\"og:description\" content=\"Glitterring med bling i st\u00e5l och brons  &nbsp;    F\u00e4rg    brons      Material  St\u00e5l   Storlek  Onesize    Flexibelt ringm\u00e5tt  OBS! ej byte,returr\u00e4tt p\u00e5 ringen\" \/>\n<meta property=\"og:url\" content=\"https:\/\/stilanddesign.se\/en\/product\/gliterring-med-bling-i-stal-och-brons\/\" \/>\n<meta property=\"og:site_name\" content=\"Stil &amp; Design\" \/>\n<meta property=\"article:modified_time\" content=\"2026-02-24T10:21:26+00:00\" \/>\n<meta property=\"og:image\" content=\"https:\/\/stilanddesign.se\/wp-content\/uploads\/2025\/09\/4-6.jpg\" \/>\n\t<meta property=\"og:image:width\" content=\"458\" \/>\n\t<meta property=\"og:image:height\" content=\"640\" \/>\n\t<meta property=\"og:image:type\" content=\"image\/jpeg\" \/>\n<meta name=\"twitter:card\" content=\"summary_large_image\" \/>\n<meta name=\"twitter:label1\" content=\"Est. reading time\" \/>\n\t<meta name=\"twitter:data1\" content=\"1 minute\" \/>\n<script type=\"application\/ld+json\" class=\"yoast-schema-graph\">{\"@context\":\"https:\\\/\\\/schema.org\",\"@graph\":[{\"@type\":\"WebPage\",\"@id\":\"https:\\\/\\\/stilanddesign.se\\\/produkt\\\/gliterring-med-bling-i-stal-och-brons\\\/\",\"url\":\"https:\\\/\\\/stilanddesign.se\\\/produkt\\\/gliterring-med-bling-i-stal-och-brons\\\/\",\"name\":\"Gliterring med bling i st\u00e5l och brons - Stil &amp; Design\",\"isPartOf\":{\"@id\":\"https:\\\/\\\/stilanddesign.se\\\/#website\"},\"primaryImageOfPage\":{\"@id\":\"https:\\\/\\\/stilanddesign.se\\\/produkt\\\/gliterring-med-bling-i-stal-och-brons\\\/#primaryimage\"},\"image\":{\"@id\":\"https:\\\/\\\/stilanddesign.se\\\/produkt\\\/gliterring-med-bling-i-stal-och-brons\\\/#primaryimage\"},\"thumbnailUrl\":\"https:\\\/\\\/stilanddesign.se\\\/wp-content\\\/uploads\\\/2025\\\/09\\\/4-6.jpg\",\"datePublished\":\"2025-12-08T10:41:58+00:00\",\"dateModified\":\"2026-02-24T10:21:26+00:00\",\"breadcrumb\":{\"@id\":\"https:\\\/\\\/stilanddesign.se\\\/produkt\\\/gliterring-med-bling-i-stal-och-brons\\\/#breadcrumb\"},\"inLanguage\":\"en-US\",\"potentialAction\":[{\"@type\":\"ReadAction\",\"target\":[\"https:\\\/\\\/stilanddesign.se\\\/produkt\\\/gliterring-med-bling-i-stal-och-brons\\\/\"]}]},{\"@type\":\"ImageObject\",\"inLanguage\":\"en-US\",\"@id\":\"https:\\\/\\\/stilanddesign.se\\\/produkt\\\/gliterring-med-bling-i-stal-och-brons\\\/#primaryimage\",\"url\":\"https:\\\/\\\/stilanddesign.se\\\/wp-content\\\/uploads\\\/2025\\\/09\\\/4-6.jpg\",\"contentUrl\":\"https:\\\/\\\/stilanddesign.se\\\/wp-content\\\/uploads\\\/2025\\\/09\\\/4-6.jpg\",\"width\":458,\"height\":640,\"caption\":\"Glitterring med bling i st\u00e5l och brons\"},{\"@type\":\"BreadcrumbList\",\"@id\":\"https:\\\/\\\/stilanddesign.se\\\/produkt\\\/gliterring-med-bling-i-stal-och-brons\\\/#breadcrumb\",\"itemListElement\":[{\"@type\":\"ListItem\",\"position\":1,\"name\":\"Hem\",\"item\":\"https:\\\/\\\/stilanddesign.se\\\/\"},{\"@type\":\"ListItem\",\"position\":2,\"name\":\"Butiken\",\"item\":\"https:\\\/\\\/stilanddesign.se\\\/butiken\\\/\"},{\"@type\":\"ListItem\",\"position\":3,\"name\":\"Gliterring med bling i st\u00e5l och brons\"}]},{\"@type\":\"WebSite\",\"@id\":\"https:\\\/\\\/stilanddesign.se\\\/#website\",\"url\":\"https:\\\/\\\/stilanddesign.se\\\/\",\"name\":\"Stil &amp; Design\",\"description\":\"F\u00f6r oss som \u00e4lskar mode!\",\"publisher\":{\"@id\":\"https:\\\/\\\/stilanddesign.se\\\/#organization\"},\"potentialAction\":[{\"@type\":\"SearchAction\",\"target\":{\"@type\":\"EntryPoint\",\"urlTemplate\":\"https:\\\/\\\/stilanddesign.se\\\/?s={search_term_string}\"},\"query-input\":{\"@type\":\"PropertyValueSpecification\",\"valueRequired\":true,\"valueName\":\"search_term_string\"}}],\"inLanguage\":\"en-US\"},{\"@type\":\"Organization\",\"@id\":\"https:\\\/\\\/stilanddesign.se\\\/#organization\",\"name\":\"Stil &amp; Design\",\"url\":\"https:\\\/\\\/stilanddesign.se\\\/\",\"logo\":{\"@type\":\"ImageObject\",\"inLanguage\":\"en-US\",\"@id\":\"https:\\\/\\\/stilanddesign.se\\\/#\\\/schema\\\/logo\\\/image\\\/\",\"url\":\"https:\\\/\\\/stilanddesign.se\\\/wp-content\\\/uploads\\\/2023\\\/12\\\/output-onlinepngtools-e1727784413220.png\",\"contentUrl\":\"https:\\\/\\\/stilanddesign.se\\\/wp-content\\\/uploads\\\/2023\\\/12\\\/output-onlinepngtools-e1727784413220.png\",\"width\":519,\"height\":135,\"caption\":\"Stil &amp; Design\"},\"image\":{\"@id\":\"https:\\\/\\\/stilanddesign.se\\\/#\\\/schema\\\/logo\\\/image\\\/\"}}]}<\/script>\n<!-- \/ Yoast SEO Premium plugin. -->","yoast_head_json":{"title":"Gliterring med bling i st\u00e5l och brons - Stil &amp; Design","robots":{"index":"index","follow":"follow","max-snippet":"max-snippet:-1","max-image-preview":"max-image-preview:large","max-video-preview":"max-video-preview:-1"},"canonical":"https:\/\/stilanddesign.se\/en\/product\/gliterring-med-bling-i-stal-och-brons\/","og_locale":"en_US","og_type":"article","og_title":"Gliterring med bling i st\u00e5l och brons","og_description":"Glitterring med bling i st\u00e5l och brons  &nbsp;    F\u00e4rg    brons      Material  St\u00e5l   Storlek  Onesize    Flexibelt ringm\u00e5tt  OBS! ej byte,returr\u00e4tt p\u00e5 ringen","og_url":"https:\/\/stilanddesign.se\/en\/product\/gliterring-med-bling-i-stal-och-brons\/","og_site_name":"Stil &amp; Design","article_modified_time":"2026-02-24T10:21:26+00:00","og_image":[{"width":458,"height":640,"url":"https:\/\/stilanddesign.se\/wp-content\/uploads\/2025\/09\/4-6.jpg","type":"image\/jpeg"}],"twitter_card":"summary_large_image","twitter_misc":{"Est. reading time":"1 minute"},"schema":{"@context":"https:\/\/schema.org","@graph":[{"@type":"WebPage","@id":"https:\/\/stilanddesign.se\/produkt\/gliterring-med-bling-i-stal-och-brons\/","url":"https:\/\/stilanddesign.se\/produkt\/gliterring-med-bling-i-stal-och-brons\/","name":"Gliterring med bling i st\u00e5l och brons - Stil &amp; Design","isPartOf":{"@id":"https:\/\/stilanddesign.se\/#website"},"primaryImageOfPage":{"@id":"https:\/\/stilanddesign.se\/produkt\/gliterring-med-bling-i-stal-och-brons\/#primaryimage"},"image":{"@id":"https:\/\/stilanddesign.se\/produkt\/gliterring-med-bling-i-stal-och-brons\/#primaryimage"},"thumbnailUrl":"https:\/\/stilanddesign.se\/wp-content\/uploads\/2025\/09\/4-6.jpg","datePublished":"2025-12-08T10:41:58+00:00","dateModified":"2026-02-24T10:21:26+00:00","breadcrumb":{"@id":"https:\/\/stilanddesign.se\/produkt\/gliterring-med-bling-i-stal-och-brons\/#breadcrumb"},"inLanguage":"en-US","potentialAction":[{"@type":"ReadAction","target":["https:\/\/stilanddesign.se\/produkt\/gliterring-med-bling-i-stal-och-brons\/"]}]},{"@type":"ImageObject","inLanguage":"en-US","@id":"https:\/\/stilanddesign.se\/produkt\/gliterring-med-bling-i-stal-och-brons\/#primaryimage","url":"https:\/\/stilanddesign.se\/wp-content\/uploads\/2025\/09\/4-6.jpg","contentUrl":"https:\/\/stilanddesign.se\/wp-content\/uploads\/2025\/09\/4-6.jpg","width":458,"height":640,"caption":"Glitterring med bling i st\u00e5l och brons"},{"@type":"BreadcrumbList","@id":"https:\/\/stilanddesign.se\/produkt\/gliterring-med-bling-i-stal-och-brons\/#breadcrumb","itemListElement":[{"@type":"ListItem","position":1,"name":"Hem","item":"https:\/\/stilanddesign.se\/"},{"@type":"ListItem","position":2,"name":"Butiken","item":"https:\/\/stilanddesign.se\/butiken\/"},{"@type":"ListItem","position":3,"name":"Gliterring med bling i st\u00e5l och brons"}]},{"@type":"WebSite","@id":"https:\/\/stilanddesign.se\/#website","url":"https:\/\/stilanddesign.se\/","name":"Style &amp; Design","description":"For those of us who love fashion!","publisher":{"@id":"https:\/\/stilanddesign.se\/#organization"},"potentialAction":[{"@type":"SearchAction","target":{"@type":"EntryPoint","urlTemplate":"https:\/\/stilanddesign.se\/?s={search_term_string}"},"query-input":{"@type":"PropertyValueSpecification","valueRequired":true,"valueName":"search_term_string"}}],"inLanguage":"en-US"},{"@type":"Organization","@id":"https:\/\/stilanddesign.se\/#organization","name":"Style &amp; Design","url":"https:\/\/stilanddesign.se\/","logo":{"@type":"ImageObject","inLanguage":"en-US","@id":"https:\/\/stilanddesign.se\/#\/schema\/logo\/image\/","url":"https:\/\/stilanddesign.se\/wp-content\/uploads\/2023\/12\/output-onlinepngtools-e1727784413220.png","contentUrl":"https:\/\/stilanddesign.se\/wp-content\/uploads\/2023\/12\/output-onlinepngtools-e1727784413220.png","width":519,"height":135,"caption":"Stil &amp; Design"},"image":{"@id":"https:\/\/stilanddesign.se\/#\/schema\/logo\/image\/"}}]}},"_links":{"self":[{"href":"https:\/\/stilanddesign.se\/en\/wp-json\/wp\/v2\/product\/1047895","targetHints":{"allow":["GET"]}}],"collection":[{"href":"https:\/\/stilanddesign.se\/en\/wp-json\/wp\/v2\/product"}],"about":[{"href":"https:\/\/stilanddesign.se\/en\/wp-json\/wp\/v2\/types\/product"}],"replies":[{"embeddable":true,"href":"https:\/\/stilanddesign.se\/en\/wp-json\/wp\/v2\/comments?post=1047895"}],"wp:featuredmedia":[{"embeddable":true,"href":"https:\/\/stilanddesign.se\/en\/wp-json\/wp\/v2\/media\/1047716"}],"wp:attachment":[{"href":"https:\/\/stilanddesign.se\/en\/wp-json\/wp\/v2\/media?parent=1047895"}],"wp:term":[{"taxonomy":"product_brand","embeddable":true,"href":"https:\/\/stilanddesign.se\/en\/wp-json\/wp\/v2\/product_brand?post=1047895"},{"taxonomy":"product_cat","embeddable":true,"href":"https:\/\/stilanddesign.se\/en\/wp-json\/wp\/v2\/product_cat?post=1047895"},{"taxonomy":"product_tag","embeddable":true,"href":"https:\/\/stilanddesign.se\/en\/wp-json\/wp\/v2\/product_tag?post=1047895"}],"curies":[{"name":"wp","href":"https:\/\/api.w.org\/{rel}","templated":true}]}}