{"id":1047589,"date":"2025-12-30T09:48:39","date_gmt":"2025-12-30T08:48:39","guid":{"rendered":"https:\/\/stilanddesign.se\/?post_type=product&#038;p=1047589"},"modified":"2026-04-23T14:37:31","modified_gmt":"2026-04-23T12:37:31","slug":"kjol-i-klockad-passform-med-grafiskt-monster","status":"publish","type":"product","link":"https:\/\/stilanddesign.se\/en\/product\/kjol-i-klockad-passform-med-grafiskt-monster\/","title":{"rendered":"Bell-shaped skirt with graphic pattern"},"content":{"rendered":"<p>Kjol i klockad passform med ett vacket grafiskt m\u00f6nster i svart och sand, med lyxiga inslag av guld. Bred (dold) res\u00e5r i midjan och helt gjord i mjuk och f\u00f6ljsam poly silk.<\/p>\n<p>Giovanna Kjol och tillh\u00f6rande blus \u00e4r ett m\u00e5ste i h\u00f6sten garderob! Kjolen \u00e4r gjord i ett vacket grafiskt m\u00f6nster i svart och sand, med lyxiga inslag av guld. Feminin modell med l\u00e4tt klockad passform d\u00e5 tyget \u00e4r lagt p\u00e5 skr\u00e5, tillsammans med en bred (dold) res\u00e5r i midjan. Mjuk och f\u00f6ljsam poly silk.<\/p>\n<ul>\n<li>Quality \u2013 100% luxurious polyester silk with gold foil details.<\/li>\n<li>Measures \u2013 90 cm from waist in size M<\/li>\n<li>The model is 170 cm and wears size S.<\/li>\n<\/ul>","protected":false},"excerpt":{"rendered":"<p>Kjol i klockad passform med ett vacket grafiskt m\u00f6nster i svart och sand, med lyxiga inslag av guld. Bred (dold) res\u00e5r i midjan och helt gjord i mjuk och f\u00f6ljsam poly silk.<\/p>\n<p>Giovanna Kjol och tillh\u00f6rande blus \u00e4r ett m\u00e5ste i h\u00f6sten garderob! Kjolen \u00e4r gjord i ett vacket grafiskt m\u00f6nster i svart och sand, med lyxiga inslag av guld. Feminin modell med l\u00e4tt klockad passform d\u00e5 tyget \u00e4r lagt p\u00e5 skr\u00e5, tillsammans med en bred (dold) res\u00e5r i midjan. Mjuk och f\u00f6ljsam poly silk.<\/p>\n<ul>\n<li>Quality \u2013 100% luxurious polyester silk with gold foil details.<\/li>\n<li>Measures \u2013 90 cm from waist in size M<\/li>\n<li>The model is 170 cm and wears size S.<\/li>\n<\/ul>","protected":false},"featured_media":1047583,"comment_status":"closed","ping_status":"closed","template":"","meta":[],"product_brand":[],"product_cat":[221],"product_tag":[],"class_list":{"0":"post-1047589","1":"product","2":"type-product","3":"status-publish","4":"has-post-thumbnail","6":"product_cat-kjolar","8":"first","9":"instock","10":"taxable","11":"shipping-taxable","12":"purchasable","13":"product-type-variable"},"yoast_head":"<!-- This site is optimized with the Yoast SEO Premium plugin v27.4 (Yoast SEO v27.5) - https:\/\/yoast.com\/product\/yoast-seo-premium-wordpress\/ -->\n<title>Kjol i klockad passform med grafiskt m\u00f6nster - Stil &amp; Design<\/title>\n<meta name=\"robots\" content=\"index, follow, max-snippet:-1, max-image-preview:large, max-video-preview:-1\" \/>\n<link rel=\"canonical\" href=\"https:\/\/stilanddesign.se\/en\/product\/kjol-i-klockad-passform-med-grafiskt-monster\/\" \/>\n<meta property=\"og:locale\" content=\"en_US\" \/>\n<meta property=\"og:type\" content=\"article\" \/>\n<meta property=\"og:title\" content=\"Kjol i klockad passform med grafiskt m\u00f6nster\" \/>\n<meta property=\"og:description\" content=\"Kjol i klockad passform med ett vacket grafiskt m\u00f6nster i svart och sand, med lyxiga inslag av guld. Bred (dold) res\u00e5r i midjan och helt gjord i mjuk och f\u00f6ljsam poly silk.  Giovanna Kjol och tillh\u00f6rande blus \u00e4r ett m\u00e5ste i h\u00f6sten garderob! Kjolen \u00e4r gjord i ett vacket grafiskt m\u00f6nster i svart och sand, med lyxiga inslag av guld. Feminin modell med l\u00e4tt klockad passform d\u00e5 tyget \u00e4r lagt p\u00e5 skr\u00e5, tillsammans med en bred (dold) res\u00e5r i midjan. Mjuk och f\u00f6ljsam poly silk.   Kvalit\u00e9 \u2013 100% lyxig polyester silk med detaljer i guldfolie.  M\u00e4ter \u2013 90 cm fr\u00e5n midjan i storlek M  Modellen \u00e4r 170 cm och b\u00e4r storlek S.\" \/>\n<meta property=\"og:url\" content=\"https:\/\/stilanddesign.se\/en\/product\/kjol-i-klockad-passform-med-grafiskt-monster\/\" \/>\n<meta property=\"og:site_name\" content=\"Stil &amp; Design\" \/>\n<meta property=\"article:modified_time\" content=\"2026-04-23T12:37:31+00:00\" \/>\n<meta property=\"og:image\" content=\"https:\/\/stilanddesign.se\/wp-content\/uploads\/2025\/09\/1-3.jpg\" \/>\n\t<meta property=\"og:image:width\" content=\"900\" \/>\n\t<meta property=\"og:image:height\" content=\"1350\" \/>\n\t<meta property=\"og:image:type\" content=\"image\/jpeg\" \/>\n<meta name=\"twitter:card\" content=\"summary_large_image\" \/>\n<meta name=\"twitter:label1\" content=\"Est. reading time\" \/>\n\t<meta name=\"twitter:data1\" content=\"1 minute\" \/>\n<script type=\"application\/ld+json\" class=\"yoast-schema-graph\">{\"@context\":\"https:\\\/\\\/schema.org\",\"@graph\":[{\"@type\":\"WebPage\",\"@id\":\"https:\\\/\\\/stilanddesign.se\\\/produkt\\\/kjol-i-klockad-passform-med-grafiskt-monster\\\/\",\"url\":\"https:\\\/\\\/stilanddesign.se\\\/produkt\\\/kjol-i-klockad-passform-med-grafiskt-monster\\\/\",\"name\":\"Kjol i klockad passform med grafiskt m\u00f6nster - Stil &amp; Design\",\"isPartOf\":{\"@id\":\"https:\\\/\\\/stilanddesign.se\\\/#website\"},\"primaryImageOfPage\":{\"@id\":\"https:\\\/\\\/stilanddesign.se\\\/produkt\\\/kjol-i-klockad-passform-med-grafiskt-monster\\\/#primaryimage\"},\"image\":{\"@id\":\"https:\\\/\\\/stilanddesign.se\\\/produkt\\\/kjol-i-klockad-passform-med-grafiskt-monster\\\/#primaryimage\"},\"thumbnailUrl\":\"https:\\\/\\\/stilanddesign.se\\\/wp-content\\\/uploads\\\/2025\\\/09\\\/1-3.jpg\",\"datePublished\":\"2025-12-30T08:48:39+00:00\",\"dateModified\":\"2026-04-23T12:37:31+00:00\",\"breadcrumb\":{\"@id\":\"https:\\\/\\\/stilanddesign.se\\\/produkt\\\/kjol-i-klockad-passform-med-grafiskt-monster\\\/#breadcrumb\"},\"inLanguage\":\"en-US\",\"potentialAction\":[{\"@type\":\"ReadAction\",\"target\":[\"https:\\\/\\\/stilanddesign.se\\\/produkt\\\/kjol-i-klockad-passform-med-grafiskt-monster\\\/\"]}]},{\"@type\":\"ImageObject\",\"inLanguage\":\"en-US\",\"@id\":\"https:\\\/\\\/stilanddesign.se\\\/produkt\\\/kjol-i-klockad-passform-med-grafiskt-monster\\\/#primaryimage\",\"url\":\"https:\\\/\\\/stilanddesign.se\\\/wp-content\\\/uploads\\\/2025\\\/09\\\/1-3.jpg\",\"contentUrl\":\"https:\\\/\\\/stilanddesign.se\\\/wp-content\\\/uploads\\\/2025\\\/09\\\/1-3.jpg\",\"width\":900,\"height\":1350,\"caption\":\"Kjol i klockad passform i grafiskt m\u00f6nster\"},{\"@type\":\"BreadcrumbList\",\"@id\":\"https:\\\/\\\/stilanddesign.se\\\/produkt\\\/kjol-i-klockad-passform-med-grafiskt-monster\\\/#breadcrumb\",\"itemListElement\":[{\"@type\":\"ListItem\",\"position\":1,\"name\":\"Hem\",\"item\":\"https:\\\/\\\/stilanddesign.se\\\/\"},{\"@type\":\"ListItem\",\"position\":2,\"name\":\"Butiken\",\"item\":\"https:\\\/\\\/stilanddesign.se\\\/butiken\\\/\"},{\"@type\":\"ListItem\",\"position\":3,\"name\":\"Kjol i klockad passform med grafiskt m\u00f6nster\"}]},{\"@type\":\"WebSite\",\"@id\":\"https:\\\/\\\/stilanddesign.se\\\/#website\",\"url\":\"https:\\\/\\\/stilanddesign.se\\\/\",\"name\":\"Stil &amp; Design\",\"description\":\"F\u00f6r oss som \u00e4lskar mode!\",\"publisher\":{\"@id\":\"https:\\\/\\\/stilanddesign.se\\\/#organization\"},\"potentialAction\":[{\"@type\":\"SearchAction\",\"target\":{\"@type\":\"EntryPoint\",\"urlTemplate\":\"https:\\\/\\\/stilanddesign.se\\\/?s={search_term_string}\"},\"query-input\":{\"@type\":\"PropertyValueSpecification\",\"valueRequired\":true,\"valueName\":\"search_term_string\"}}],\"inLanguage\":\"en-US\"},{\"@type\":\"Organization\",\"@id\":\"https:\\\/\\\/stilanddesign.se\\\/#organization\",\"name\":\"Stil &amp; Design\",\"url\":\"https:\\\/\\\/stilanddesign.se\\\/\",\"logo\":{\"@type\":\"ImageObject\",\"inLanguage\":\"en-US\",\"@id\":\"https:\\\/\\\/stilanddesign.se\\\/#\\\/schema\\\/logo\\\/image\\\/\",\"url\":\"https:\\\/\\\/stilanddesign.se\\\/wp-content\\\/uploads\\\/2023\\\/12\\\/output-onlinepngtools-e1727784413220.png\",\"contentUrl\":\"https:\\\/\\\/stilanddesign.se\\\/wp-content\\\/uploads\\\/2023\\\/12\\\/output-onlinepngtools-e1727784413220.png\",\"width\":519,\"height\":135,\"caption\":\"Stil &amp; Design\"},\"image\":{\"@id\":\"https:\\\/\\\/stilanddesign.se\\\/#\\\/schema\\\/logo\\\/image\\\/\"}}]}<\/script>\n<!-- \/ Yoast SEO Premium plugin. -->","yoast_head_json":{"title":"Kjol i klockad passform med grafiskt m\u00f6nster - Stil &amp; Design","robots":{"index":"index","follow":"follow","max-snippet":"max-snippet:-1","max-image-preview":"max-image-preview:large","max-video-preview":"max-video-preview:-1"},"canonical":"https:\/\/stilanddesign.se\/en\/product\/kjol-i-klockad-passform-med-grafiskt-monster\/","og_locale":"en_US","og_type":"article","og_title":"Kjol i klockad passform med grafiskt m\u00f6nster","og_description":"Kjol i klockad passform med ett vacket grafiskt m\u00f6nster i svart och sand, med lyxiga inslag av guld. Bred (dold) res\u00e5r i midjan och helt gjord i mjuk och f\u00f6ljsam poly silk.  Giovanna Kjol och tillh\u00f6rande blus \u00e4r ett m\u00e5ste i h\u00f6sten garderob! Kjolen \u00e4r gjord i ett vacket grafiskt m\u00f6nster i svart och sand, med lyxiga inslag av guld. Feminin modell med l\u00e4tt klockad passform d\u00e5 tyget \u00e4r lagt p\u00e5 skr\u00e5, tillsammans med en bred (dold) res\u00e5r i midjan. Mjuk och f\u00f6ljsam poly silk.   Kvalit\u00e9 \u2013 100% lyxig polyester silk med detaljer i guldfolie.  M\u00e4ter \u2013 90 cm fr\u00e5n midjan i storlek M  Modellen \u00e4r 170 cm och b\u00e4r storlek S.","og_url":"https:\/\/stilanddesign.se\/en\/product\/kjol-i-klockad-passform-med-grafiskt-monster\/","og_site_name":"Stil &amp; Design","article_modified_time":"2026-04-23T12:37:31+00:00","og_image":[{"width":900,"height":1350,"url":"https:\/\/stilanddesign.se\/wp-content\/uploads\/2025\/09\/1-3.jpg","type":"image\/jpeg"}],"twitter_card":"summary_large_image","twitter_misc":{"Est. reading time":"1 minute"},"schema":{"@context":"https:\/\/schema.org","@graph":[{"@type":"WebPage","@id":"https:\/\/stilanddesign.se\/produkt\/kjol-i-klockad-passform-med-grafiskt-monster\/","url":"https:\/\/stilanddesign.se\/produkt\/kjol-i-klockad-passform-med-grafiskt-monster\/","name":"Kjol i klockad passform med grafiskt m\u00f6nster - Stil &amp; Design","isPartOf":{"@id":"https:\/\/stilanddesign.se\/#website"},"primaryImageOfPage":{"@id":"https:\/\/stilanddesign.se\/produkt\/kjol-i-klockad-passform-med-grafiskt-monster\/#primaryimage"},"image":{"@id":"https:\/\/stilanddesign.se\/produkt\/kjol-i-klockad-passform-med-grafiskt-monster\/#primaryimage"},"thumbnailUrl":"https:\/\/stilanddesign.se\/wp-content\/uploads\/2025\/09\/1-3.jpg","datePublished":"2025-12-30T08:48:39+00:00","dateModified":"2026-04-23T12:37:31+00:00","breadcrumb":{"@id":"https:\/\/stilanddesign.se\/produkt\/kjol-i-klockad-passform-med-grafiskt-monster\/#breadcrumb"},"inLanguage":"en-US","potentialAction":[{"@type":"ReadAction","target":["https:\/\/stilanddesign.se\/produkt\/kjol-i-klockad-passform-med-grafiskt-monster\/"]}]},{"@type":"ImageObject","inLanguage":"en-US","@id":"https:\/\/stilanddesign.se\/produkt\/kjol-i-klockad-passform-med-grafiskt-monster\/#primaryimage","url":"https:\/\/stilanddesign.se\/wp-content\/uploads\/2025\/09\/1-3.jpg","contentUrl":"https:\/\/stilanddesign.se\/wp-content\/uploads\/2025\/09\/1-3.jpg","width":900,"height":1350,"caption":"Kjol i klockad passform i grafiskt m\u00f6nster"},{"@type":"BreadcrumbList","@id":"https:\/\/stilanddesign.se\/produkt\/kjol-i-klockad-passform-med-grafiskt-monster\/#breadcrumb","itemListElement":[{"@type":"ListItem","position":1,"name":"Hem","item":"https:\/\/stilanddesign.se\/"},{"@type":"ListItem","position":2,"name":"Butiken","item":"https:\/\/stilanddesign.se\/butiken\/"},{"@type":"ListItem","position":3,"name":"Kjol i klockad passform med grafiskt m\u00f6nster"}]},{"@type":"WebSite","@id":"https:\/\/stilanddesign.se\/#website","url":"https:\/\/stilanddesign.se\/","name":"Style &amp; Design","description":"For those of us who love fashion!","publisher":{"@id":"https:\/\/stilanddesign.se\/#organization"},"potentialAction":[{"@type":"SearchAction","target":{"@type":"EntryPoint","urlTemplate":"https:\/\/stilanddesign.se\/?s={search_term_string}"},"query-input":{"@type":"PropertyValueSpecification","valueRequired":true,"valueName":"search_term_string"}}],"inLanguage":"en-US"},{"@type":"Organization","@id":"https:\/\/stilanddesign.se\/#organization","name":"Style &amp; Design","url":"https:\/\/stilanddesign.se\/","logo":{"@type":"ImageObject","inLanguage":"en-US","@id":"https:\/\/stilanddesign.se\/#\/schema\/logo\/image\/","url":"https:\/\/stilanddesign.se\/wp-content\/uploads\/2023\/12\/output-onlinepngtools-e1727784413220.png","contentUrl":"https:\/\/stilanddesign.se\/wp-content\/uploads\/2023\/12\/output-onlinepngtools-e1727784413220.png","width":519,"height":135,"caption":"Stil &amp; Design"},"image":{"@id":"https:\/\/stilanddesign.se\/#\/schema\/logo\/image\/"}}]}},"_links":{"self":[{"href":"https:\/\/stilanddesign.se\/en\/wp-json\/wp\/v2\/product\/1047589","targetHints":{"allow":["GET"]}}],"collection":[{"href":"https:\/\/stilanddesign.se\/en\/wp-json\/wp\/v2\/product"}],"about":[{"href":"https:\/\/stilanddesign.se\/en\/wp-json\/wp\/v2\/types\/product"}],"replies":[{"embeddable":true,"href":"https:\/\/stilanddesign.se\/en\/wp-json\/wp\/v2\/comments?post=1047589"}],"wp:featuredmedia":[{"embeddable":true,"href":"https:\/\/stilanddesign.se\/en\/wp-json\/wp\/v2\/media\/1047583"}],"wp:attachment":[{"href":"https:\/\/stilanddesign.se\/en\/wp-json\/wp\/v2\/media?parent=1047589"}],"wp:term":[{"taxonomy":"product_brand","embeddable":true,"href":"https:\/\/stilanddesign.se\/en\/wp-json\/wp\/v2\/product_brand?post=1047589"},{"taxonomy":"product_cat","embeddable":true,"href":"https:\/\/stilanddesign.se\/en\/wp-json\/wp\/v2\/product_cat?post=1047589"},{"taxonomy":"product_tag","embeddable":true,"href":"https:\/\/stilanddesign.se\/en\/wp-json\/wp\/v2\/product_tag?post=1047589"}],"curies":[{"name":"wp","href":"https:\/\/api.w.org\/{rel}","templated":true}]}}