{"id":1047572,"date":"2025-12-30T09:46:44","date_gmt":"2025-12-30T08:46:44","guid":{"rendered":"https:\/\/stilanddesign.se\/?post_type=product&#038;p=1047572"},"modified":"2026-04-23T14:37:28","modified_gmt":"2026-04-23T12:37:28","slug":"omlottblus-med-vida-trumpetarmar","status":"publish","type":"product","link":"https:\/\/stilanddesign.se\/en\/product\/omlottblus-med-vida-trumpetarmar\/","title":{"rendered":"Wrap blouse with wide trumpet sleeves"},"content":{"rendered":"<p>Omlottblus med vida trumpet\u00e4rmar, helt gjord i lyxig polysilk kvalit\u00e9. Grafiskt m\u00f6nster i svart och sand med inslag av guld. \u00c4ven snygg att b\u00e4ra \u00f6ppen.<\/p>\n<p>Giovanna Blus Jacka och tillh\u00f6rand kjol andas LYX! Blusen \u00e4r gjord i ett vacket grafiskt m\u00f6nster i svart och sand, med lyxiga inslag av guld. Blusen \u00e4r en omlott modell men g\u00e5r lika snyggt att b\u00e4ra \u00f6ppen. Tillsammans med de vida trumpet\u00e4rmarna s\u00e5 blir denna blus helt perfekt i h\u00f6st, b\u00e5de till kjol och byxor. Mjuk och f\u00f6ljsam poly silk.<\/p>\n<ul>\n<li>Quality \u2013 100% luxurious polyester silk with gold foil details.<\/li>\n<li>Measures \u2013 52 cm from the shoulder in size M.<\/li>\n<li>The model is 170 cm and wears size S.<\/li>\n<\/ul>","protected":false},"excerpt":{"rendered":"<p>Omlottblus med vida trumpet\u00e4rmar, helt gjord i lyxig polysilk kvalit\u00e9. Grafiskt m\u00f6nster i svart och sand med inslag av guld. \u00c4ven snygg att b\u00e4ra \u00f6ppen.<\/p>\n<p>Giovanna Blus Jacka och tillh\u00f6rand kjol andas LYX! Blusen \u00e4r gjord i ett vacket grafiskt m\u00f6nster i svart och sand, med lyxiga inslag av guld. Blusen \u00e4r en omlott modell men g\u00e5r lika snyggt att b\u00e4ra \u00f6ppen. Tillsammans med de vida trumpet\u00e4rmarna s\u00e5 blir denna blus helt perfekt i h\u00f6st, b\u00e5de till kjol och byxor. Mjuk och f\u00f6ljsam poly silk.<\/p>\n<ul>\n<li>Quality \u2013 100% luxurious polyester silk with gold foil details.<\/li>\n<li>Measures \u2013 52 cm from the shoulder in size M.<\/li>\n<li>The model is 170 cm and wears size S.<\/li>\n<\/ul>","protected":false},"featured_media":1051663,"comment_status":"closed","ping_status":"closed","template":"","meta":[],"product_brand":[],"product_cat":[211],"product_tag":[],"class_list":{"0":"post-1047572","1":"product","2":"type-product","3":"status-publish","4":"has-post-thumbnail","6":"product_cat-blusar","8":"first","9":"instock","10":"taxable","11":"shipping-taxable","12":"purchasable","13":"product-type-variable"},"yoast_head":"<!-- This site is optimized with the Yoast SEO Premium plugin v27.4 (Yoast SEO v27.4) - https:\/\/yoast.com\/product\/yoast-seo-premium-wordpress\/ -->\n<title>Omlottblus med vida trumpet\u00e4rmar - Stil &amp; Design<\/title>\n<meta name=\"robots\" content=\"index, follow, max-snippet:-1, max-image-preview:large, max-video-preview:-1\" \/>\n<link rel=\"canonical\" href=\"https:\/\/stilanddesign.se\/en\/product\/omlottblus-med-vida-trumpetarmar\/\" \/>\n<meta property=\"og:locale\" content=\"en_US\" \/>\n<meta property=\"og:type\" content=\"article\" \/>\n<meta property=\"og:title\" content=\"Omlottblus med vida trumpet\u00e4rmar\" \/>\n<meta property=\"og:description\" content=\"Omlottblus med vida trumpet\u00e4rmar, helt gjord i lyxig polysilk kvalit\u00e9. Grafiskt m\u00f6nster i svart och sand med inslag av guld. \u00c4ven snygg att b\u00e4ra \u00f6ppen.  Giovanna Blus Jacka och tillh\u00f6rand kjol andas LYX! Blusen \u00e4r gjord i ett vacket grafiskt m\u00f6nster i svart och sand, med lyxiga inslag av guld. Blusen \u00e4r en omlott modell men g\u00e5r lika snyggt att b\u00e4ra \u00f6ppen. Tillsammans med de vida trumpet\u00e4rmarna s\u00e5 blir denna blus helt perfekt i h\u00f6st, b\u00e5de till kjol och byxor. Mjuk och f\u00f6ljsam poly silk.   Kvalit\u00e9 \u2013 100% lyxig polyester silk med detaljer i guldfolie.  M\u00e4ter \u2013 52 cm fr\u00e5n axeln i storlek M.  Modellen \u00e4r 170 cm och b\u00e4r storlek S.\" \/>\n<meta property=\"og:url\" content=\"https:\/\/stilanddesign.se\/en\/product\/omlottblus-med-vida-trumpetarmar\/\" \/>\n<meta property=\"og:site_name\" content=\"Stil &amp; Design\" \/>\n<meta property=\"article:modified_time\" content=\"2026-04-23T12:37:28+00:00\" \/>\n<meta property=\"og:image\" content=\"https:\/\/stilanddesign.se\/wp-content\/uploads\/2025\/10\/IMG_0593.jpeg\" \/>\n\t<meta property=\"og:image:width\" content=\"1536\" \/>\n\t<meta property=\"og:image:height\" content=\"2048\" \/>\n\t<meta property=\"og:image:type\" content=\"image\/jpeg\" \/>\n<meta name=\"twitter:card\" content=\"summary_large_image\" \/>\n<meta name=\"twitter:label1\" content=\"Est. reading time\" \/>\n\t<meta name=\"twitter:data1\" content=\"1 minute\" \/>\n<script type=\"application\/ld+json\" class=\"yoast-schema-graph\">{\"@context\":\"https:\\\/\\\/schema.org\",\"@graph\":[{\"@type\":\"WebPage\",\"@id\":\"https:\\\/\\\/stilanddesign.se\\\/produkt\\\/omlottblus-med-vida-trumpetarmar\\\/\",\"url\":\"https:\\\/\\\/stilanddesign.se\\\/produkt\\\/omlottblus-med-vida-trumpetarmar\\\/\",\"name\":\"Omlottblus med vida trumpet\u00e4rmar - Stil &amp; Design\",\"isPartOf\":{\"@id\":\"https:\\\/\\\/stilanddesign.se\\\/#website\"},\"primaryImageOfPage\":{\"@id\":\"https:\\\/\\\/stilanddesign.se\\\/produkt\\\/omlottblus-med-vida-trumpetarmar\\\/#primaryimage\"},\"image\":{\"@id\":\"https:\\\/\\\/stilanddesign.se\\\/produkt\\\/omlottblus-med-vida-trumpetarmar\\\/#primaryimage\"},\"thumbnailUrl\":\"https:\\\/\\\/stilanddesign.se\\\/wp-content\\\/uploads\\\/2025\\\/10\\\/IMG_0593.jpeg\",\"datePublished\":\"2025-12-30T08:46:44+00:00\",\"dateModified\":\"2026-04-23T12:37:28+00:00\",\"breadcrumb\":{\"@id\":\"https:\\\/\\\/stilanddesign.se\\\/produkt\\\/omlottblus-med-vida-trumpetarmar\\\/#breadcrumb\"},\"inLanguage\":\"en-US\",\"potentialAction\":[{\"@type\":\"ReadAction\",\"target\":[\"https:\\\/\\\/stilanddesign.se\\\/produkt\\\/omlottblus-med-vida-trumpetarmar\\\/\"]}]},{\"@type\":\"ImageObject\",\"inLanguage\":\"en-US\",\"@id\":\"https:\\\/\\\/stilanddesign.se\\\/produkt\\\/omlottblus-med-vida-trumpetarmar\\\/#primaryimage\",\"url\":\"https:\\\/\\\/stilanddesign.se\\\/wp-content\\\/uploads\\\/2025\\\/10\\\/IMG_0593.jpeg\",\"contentUrl\":\"https:\\\/\\\/stilanddesign.se\\\/wp-content\\\/uploads\\\/2025\\\/10\\\/IMG_0593.jpeg\",\"width\":1536,\"height\":2048,\"caption\":\"omlottblus med vida trumpet\u00e4rmar\"},{\"@type\":\"BreadcrumbList\",\"@id\":\"https:\\\/\\\/stilanddesign.se\\\/produkt\\\/omlottblus-med-vida-trumpetarmar\\\/#breadcrumb\",\"itemListElement\":[{\"@type\":\"ListItem\",\"position\":1,\"name\":\"Hem\",\"item\":\"https:\\\/\\\/stilanddesign.se\\\/\"},{\"@type\":\"ListItem\",\"position\":2,\"name\":\"Butiken\",\"item\":\"https:\\\/\\\/stilanddesign.se\\\/butiken\\\/\"},{\"@type\":\"ListItem\",\"position\":3,\"name\":\"Omlottblus med vida trumpet\u00e4rmar\"}]},{\"@type\":\"WebSite\",\"@id\":\"https:\\\/\\\/stilanddesign.se\\\/#website\",\"url\":\"https:\\\/\\\/stilanddesign.se\\\/\",\"name\":\"Stil &amp; Design\",\"description\":\"F\u00f6r oss som \u00e4lskar mode!\",\"publisher\":{\"@id\":\"https:\\\/\\\/stilanddesign.se\\\/#organization\"},\"potentialAction\":[{\"@type\":\"SearchAction\",\"target\":{\"@type\":\"EntryPoint\",\"urlTemplate\":\"https:\\\/\\\/stilanddesign.se\\\/?s={search_term_string}\"},\"query-input\":{\"@type\":\"PropertyValueSpecification\",\"valueRequired\":true,\"valueName\":\"search_term_string\"}}],\"inLanguage\":\"en-US\"},{\"@type\":\"Organization\",\"@id\":\"https:\\\/\\\/stilanddesign.se\\\/#organization\",\"name\":\"Stil &amp; Design\",\"url\":\"https:\\\/\\\/stilanddesign.se\\\/\",\"logo\":{\"@type\":\"ImageObject\",\"inLanguage\":\"en-US\",\"@id\":\"https:\\\/\\\/stilanddesign.se\\\/#\\\/schema\\\/logo\\\/image\\\/\",\"url\":\"https:\\\/\\\/stilanddesign.se\\\/wp-content\\\/uploads\\\/2023\\\/12\\\/output-onlinepngtools-e1727784413220.png\",\"contentUrl\":\"https:\\\/\\\/stilanddesign.se\\\/wp-content\\\/uploads\\\/2023\\\/12\\\/output-onlinepngtools-e1727784413220.png\",\"width\":519,\"height\":135,\"caption\":\"Stil &amp; Design\"},\"image\":{\"@id\":\"https:\\\/\\\/stilanddesign.se\\\/#\\\/schema\\\/logo\\\/image\\\/\"}}]}<\/script>\n<!-- \/ Yoast SEO Premium plugin. -->","yoast_head_json":{"title":"Omlottblus med vida trumpet\u00e4rmar - Stil &amp; Design","robots":{"index":"index","follow":"follow","max-snippet":"max-snippet:-1","max-image-preview":"max-image-preview:large","max-video-preview":"max-video-preview:-1"},"canonical":"https:\/\/stilanddesign.se\/en\/product\/omlottblus-med-vida-trumpetarmar\/","og_locale":"en_US","og_type":"article","og_title":"Omlottblus med vida trumpet\u00e4rmar","og_description":"Omlottblus med vida trumpet\u00e4rmar, helt gjord i lyxig polysilk kvalit\u00e9. Grafiskt m\u00f6nster i svart och sand med inslag av guld. \u00c4ven snygg att b\u00e4ra \u00f6ppen.  Giovanna Blus Jacka och tillh\u00f6rand kjol andas LYX! Blusen \u00e4r gjord i ett vacket grafiskt m\u00f6nster i svart och sand, med lyxiga inslag av guld. Blusen \u00e4r en omlott modell men g\u00e5r lika snyggt att b\u00e4ra \u00f6ppen. Tillsammans med de vida trumpet\u00e4rmarna s\u00e5 blir denna blus helt perfekt i h\u00f6st, b\u00e5de till kjol och byxor. Mjuk och f\u00f6ljsam poly silk.   Kvalit\u00e9 \u2013 100% lyxig polyester silk med detaljer i guldfolie.  M\u00e4ter \u2013 52 cm fr\u00e5n axeln i storlek M.  Modellen \u00e4r 170 cm och b\u00e4r storlek S.","og_url":"https:\/\/stilanddesign.se\/en\/product\/omlottblus-med-vida-trumpetarmar\/","og_site_name":"Stil &amp; Design","article_modified_time":"2026-04-23T12:37:28+00:00","og_image":[{"width":1536,"height":2048,"url":"https:\/\/stilanddesign.se\/wp-content\/uploads\/2025\/10\/IMG_0593.jpeg","type":"image\/jpeg"}],"twitter_card":"summary_large_image","twitter_misc":{"Est. reading time":"1 minute"},"schema":{"@context":"https:\/\/schema.org","@graph":[{"@type":"WebPage","@id":"https:\/\/stilanddesign.se\/produkt\/omlottblus-med-vida-trumpetarmar\/","url":"https:\/\/stilanddesign.se\/produkt\/omlottblus-med-vida-trumpetarmar\/","name":"Omlottblus med vida trumpet\u00e4rmar - Stil &amp; Design","isPartOf":{"@id":"https:\/\/stilanddesign.se\/#website"},"primaryImageOfPage":{"@id":"https:\/\/stilanddesign.se\/produkt\/omlottblus-med-vida-trumpetarmar\/#primaryimage"},"image":{"@id":"https:\/\/stilanddesign.se\/produkt\/omlottblus-med-vida-trumpetarmar\/#primaryimage"},"thumbnailUrl":"https:\/\/stilanddesign.se\/wp-content\/uploads\/2025\/10\/IMG_0593.jpeg","datePublished":"2025-12-30T08:46:44+00:00","dateModified":"2026-04-23T12:37:28+00:00","breadcrumb":{"@id":"https:\/\/stilanddesign.se\/produkt\/omlottblus-med-vida-trumpetarmar\/#breadcrumb"},"inLanguage":"en-US","potentialAction":[{"@type":"ReadAction","target":["https:\/\/stilanddesign.se\/produkt\/omlottblus-med-vida-trumpetarmar\/"]}]},{"@type":"ImageObject","inLanguage":"en-US","@id":"https:\/\/stilanddesign.se\/produkt\/omlottblus-med-vida-trumpetarmar\/#primaryimage","url":"https:\/\/stilanddesign.se\/wp-content\/uploads\/2025\/10\/IMG_0593.jpeg","contentUrl":"https:\/\/stilanddesign.se\/wp-content\/uploads\/2025\/10\/IMG_0593.jpeg","width":1536,"height":2048,"caption":"omlottblus med vida trumpet\u00e4rmar"},{"@type":"BreadcrumbList","@id":"https:\/\/stilanddesign.se\/produkt\/omlottblus-med-vida-trumpetarmar\/#breadcrumb","itemListElement":[{"@type":"ListItem","position":1,"name":"Hem","item":"https:\/\/stilanddesign.se\/"},{"@type":"ListItem","position":2,"name":"Butiken","item":"https:\/\/stilanddesign.se\/butiken\/"},{"@type":"ListItem","position":3,"name":"Omlottblus med vida trumpet\u00e4rmar"}]},{"@type":"WebSite","@id":"https:\/\/stilanddesign.se\/#website","url":"https:\/\/stilanddesign.se\/","name":"Style &amp; Design","description":"For those of us who love fashion!","publisher":{"@id":"https:\/\/stilanddesign.se\/#organization"},"potentialAction":[{"@type":"SearchAction","target":{"@type":"EntryPoint","urlTemplate":"https:\/\/stilanddesign.se\/?s={search_term_string}"},"query-input":{"@type":"PropertyValueSpecification","valueRequired":true,"valueName":"search_term_string"}}],"inLanguage":"en-US"},{"@type":"Organization","@id":"https:\/\/stilanddesign.se\/#organization","name":"Style &amp; Design","url":"https:\/\/stilanddesign.se\/","logo":{"@type":"ImageObject","inLanguage":"en-US","@id":"https:\/\/stilanddesign.se\/#\/schema\/logo\/image\/","url":"https:\/\/stilanddesign.se\/wp-content\/uploads\/2023\/12\/output-onlinepngtools-e1727784413220.png","contentUrl":"https:\/\/stilanddesign.se\/wp-content\/uploads\/2023\/12\/output-onlinepngtools-e1727784413220.png","width":519,"height":135,"caption":"Stil &amp; Design"},"image":{"@id":"https:\/\/stilanddesign.se\/#\/schema\/logo\/image\/"}}]}},"_links":{"self":[{"href":"https:\/\/stilanddesign.se\/en\/wp-json\/wp\/v2\/product\/1047572","targetHints":{"allow":["GET"]}}],"collection":[{"href":"https:\/\/stilanddesign.se\/en\/wp-json\/wp\/v2\/product"}],"about":[{"href":"https:\/\/stilanddesign.se\/en\/wp-json\/wp\/v2\/types\/product"}],"replies":[{"embeddable":true,"href":"https:\/\/stilanddesign.se\/en\/wp-json\/wp\/v2\/comments?post=1047572"}],"wp:featuredmedia":[{"embeddable":true,"href":"https:\/\/stilanddesign.se\/en\/wp-json\/wp\/v2\/media\/1051663"}],"wp:attachment":[{"href":"https:\/\/stilanddesign.se\/en\/wp-json\/wp\/v2\/media?parent=1047572"}],"wp:term":[{"taxonomy":"product_brand","embeddable":true,"href":"https:\/\/stilanddesign.se\/en\/wp-json\/wp\/v2\/product_brand?post=1047572"},{"taxonomy":"product_cat","embeddable":true,"href":"https:\/\/stilanddesign.se\/en\/wp-json\/wp\/v2\/product_cat?post=1047572"},{"taxonomy":"product_tag","embeddable":true,"href":"https:\/\/stilanddesign.se\/en\/wp-json\/wp\/v2\/product_tag?post=1047572"}],"curies":[{"name":"wp","href":"https:\/\/api.w.org\/{rel}","templated":true}]}}