{"id":1047460,"date":"2025-12-15T15:04:31","date_gmt":"2025-12-15T14:04:31","guid":{"rendered":"https:\/\/stilanddesign.se\/?post_type=product&#038;p=1047460"},"modified":"2025-12-19T11:18:23","modified_gmt":"2025-12-19T10:18:23","slug":"fint-halsband-i-svart-med-glasstenar-och-parlor","status":"publish","type":"product","link":"https:\/\/stilanddesign.se\/en\/product\/fint-halsband-i-svart-med-glasstenar-och-parlor\/","title":{"rendered":"Beautiful necklace in black with glass stones and pearls"},"content":{"rendered":"<h5><strong>Long necklace in glass stones and beads in black<\/strong><\/h5>\n<p>Halsbandet kan b\u00e4ras antingen l\u00e5ngt eller om man virar det till ett mindre s\u00e5 blir det dubbelt<\/p>\n<p>L\u00e4ngd: 60 cm<\/p>\n<p>OBS, ej byte, returr\u00e4tt p\u00e5 halsband<\/p>","protected":false},"excerpt":{"rendered":"<h5><strong>Long necklace in glass stones and beads in black<\/strong><\/h5>\n<p>Halsbandet kan b\u00e4ras antingen l\u00e5ngt eller om man virar det till ett mindre s\u00e5 blir det dubbelt<\/p>\n<p>L\u00e4ngd: 60 cm<\/p>\n<p>OBS ej byte, returr\u00e4tt p\u00e5 halsband<\/p>\n<p>&nbsp;<\/p>","protected":false},"featured_media":1047458,"comment_status":"closed","ping_status":"closed","template":"","meta":[],"product_brand":[],"product_cat":[231],"product_tag":[],"class_list":{"0":"post-1047460","1":"product","2":"type-product","3":"status-publish","4":"has-post-thumbnail","6":"product_cat-smycken","8":"first","9":"instock","10":"taxable","11":"shipping-taxable","12":"purchasable","13":"product-type-variable"},"yoast_head":"<!-- This site is optimized with the Yoast SEO Premium plugin v27.1 (Yoast SEO v27.4) - https:\/\/yoast.com\/product\/yoast-seo-premium-wordpress\/ -->\n<title>Fint halsband i svart med glasstenar och p\u00e4rlor - Stil &amp; Design<\/title>\n<meta name=\"robots\" content=\"index, follow, max-snippet:-1, max-image-preview:large, max-video-preview:-1\" \/>\n<link rel=\"canonical\" href=\"https:\/\/stilanddesign.se\/en\/product\/fint-halsband-i-svart-med-glasstenar-och-parlor\/\" \/>\n<meta property=\"og:locale\" content=\"en_US\" \/>\n<meta property=\"og:type\" content=\"article\" \/>\n<meta property=\"og:title\" content=\"Fint halsband i svart med glasstenar och p\u00e4rlor\" \/>\n<meta property=\"og:description\" content=\"L\u00e5ngt halsband i glastenar och p\u00e4rlor i svart Halsbandet kan b\u00e4ras antingen l\u00e5ngt eller om man virar det till ett mindre s\u00e5 blir det dubbelt  L\u00e4ngd: 60 cm  OBS ej byte, returr\u00e4tt p\u00e5 halsband  &nbsp;\" \/>\n<meta property=\"og:url\" content=\"https:\/\/stilanddesign.se\/en\/product\/fint-halsband-i-svart-med-glasstenar-och-parlor\/\" \/>\n<meta property=\"og:site_name\" content=\"Stil &amp; Design\" \/>\n<meta property=\"article:modified_time\" content=\"2025-12-19T10:18:23+00:00\" \/>\n<meta property=\"og:image\" content=\"https:\/\/stilanddesign.se\/wp-content\/uploads\/2025\/09\/6767898878766666666666.jpg\" \/>\n\t<meta property=\"og:image:width\" content=\"480\" \/>\n\t<meta property=\"og:image:height\" content=\"640\" \/>\n\t<meta property=\"og:image:type\" content=\"image\/jpeg\" \/>\n<meta name=\"twitter:card\" content=\"summary_large_image\" \/>\n<meta name=\"twitter:label1\" content=\"Est. reading time\" \/>\n\t<meta name=\"twitter:data1\" content=\"1 minute\" \/>\n<script type=\"application\/ld+json\" class=\"yoast-schema-graph\">{\"@context\":\"https:\\\/\\\/schema.org\",\"@graph\":[{\"@type\":\"WebPage\",\"@id\":\"https:\\\/\\\/stilanddesign.se\\\/produkt\\\/fint-halsband-i-svart-med-glasstenar-och-parlor\\\/\",\"url\":\"https:\\\/\\\/stilanddesign.se\\\/produkt\\\/fint-halsband-i-svart-med-glasstenar-och-parlor\\\/\",\"name\":\"Fint halsband i svart med glasstenar och p\u00e4rlor - Stil &amp; Design\",\"isPartOf\":{\"@id\":\"https:\\\/\\\/stilanddesign.se\\\/#website\"},\"primaryImageOfPage\":{\"@id\":\"https:\\\/\\\/stilanddesign.se\\\/produkt\\\/fint-halsband-i-svart-med-glasstenar-och-parlor\\\/#primaryimage\"},\"image\":{\"@id\":\"https:\\\/\\\/stilanddesign.se\\\/produkt\\\/fint-halsband-i-svart-med-glasstenar-och-parlor\\\/#primaryimage\"},\"thumbnailUrl\":\"https:\\\/\\\/stilanddesign.se\\\/wp-content\\\/uploads\\\/2025\\\/09\\\/6767898878766666666666.jpg\",\"datePublished\":\"2025-12-15T14:04:31+00:00\",\"dateModified\":\"2025-12-19T10:18:23+00:00\",\"breadcrumb\":{\"@id\":\"https:\\\/\\\/stilanddesign.se\\\/produkt\\\/fint-halsband-i-svart-med-glasstenar-och-parlor\\\/#breadcrumb\"},\"inLanguage\":\"en-US\",\"potentialAction\":[{\"@type\":\"ReadAction\",\"target\":[\"https:\\\/\\\/stilanddesign.se\\\/produkt\\\/fint-halsband-i-svart-med-glasstenar-och-parlor\\\/\"]}]},{\"@type\":\"ImageObject\",\"inLanguage\":\"en-US\",\"@id\":\"https:\\\/\\\/stilanddesign.se\\\/produkt\\\/fint-halsband-i-svart-med-glasstenar-och-parlor\\\/#primaryimage\",\"url\":\"https:\\\/\\\/stilanddesign.se\\\/wp-content\\\/uploads\\\/2025\\\/09\\\/6767898878766666666666.jpg\",\"contentUrl\":\"https:\\\/\\\/stilanddesign.se\\\/wp-content\\\/uploads\\\/2025\\\/09\\\/6767898878766666666666.jpg\",\"width\":480,\"height\":640},{\"@type\":\"BreadcrumbList\",\"@id\":\"https:\\\/\\\/stilanddesign.se\\\/produkt\\\/fint-halsband-i-svart-med-glasstenar-och-parlor\\\/#breadcrumb\",\"itemListElement\":[{\"@type\":\"ListItem\",\"position\":1,\"name\":\"Hem\",\"item\":\"https:\\\/\\\/stilanddesign.se\\\/\"},{\"@type\":\"ListItem\",\"position\":2,\"name\":\"Butiken\",\"item\":\"https:\\\/\\\/stilanddesign.se\\\/butiken\\\/\"},{\"@type\":\"ListItem\",\"position\":3,\"name\":\"Fint halsband i svart med glasstenar och p\u00e4rlor\"}]},{\"@type\":\"WebSite\",\"@id\":\"https:\\\/\\\/stilanddesign.se\\\/#website\",\"url\":\"https:\\\/\\\/stilanddesign.se\\\/\",\"name\":\"Stil &amp; Design\",\"description\":\"F\u00f6r oss som \u00e4lskar mode!\",\"publisher\":{\"@id\":\"https:\\\/\\\/stilanddesign.se\\\/#organization\"},\"potentialAction\":[{\"@type\":\"SearchAction\",\"target\":{\"@type\":\"EntryPoint\",\"urlTemplate\":\"https:\\\/\\\/stilanddesign.se\\\/?s={search_term_string}\"},\"query-input\":{\"@type\":\"PropertyValueSpecification\",\"valueRequired\":true,\"valueName\":\"search_term_string\"}}],\"inLanguage\":\"en-US\"},{\"@type\":\"Organization\",\"@id\":\"https:\\\/\\\/stilanddesign.se\\\/#organization\",\"name\":\"Stil &amp; Design\",\"url\":\"https:\\\/\\\/stilanddesign.se\\\/\",\"logo\":{\"@type\":\"ImageObject\",\"inLanguage\":\"en-US\",\"@id\":\"https:\\\/\\\/stilanddesign.se\\\/#\\\/schema\\\/logo\\\/image\\\/\",\"url\":\"https:\\\/\\\/stilanddesign.se\\\/wp-content\\\/uploads\\\/2023\\\/12\\\/output-onlinepngtools-e1727784413220.png\",\"contentUrl\":\"https:\\\/\\\/stilanddesign.se\\\/wp-content\\\/uploads\\\/2023\\\/12\\\/output-onlinepngtools-e1727784413220.png\",\"width\":519,\"height\":135,\"caption\":\"Stil &amp; Design\"},\"image\":{\"@id\":\"https:\\\/\\\/stilanddesign.se\\\/#\\\/schema\\\/logo\\\/image\\\/\"}}]}<\/script>\n<!-- \/ Yoast SEO Premium plugin. -->","yoast_head_json":{"title":"Fint halsband i svart med glasstenar och p\u00e4rlor - Stil &amp; Design","robots":{"index":"index","follow":"follow","max-snippet":"max-snippet:-1","max-image-preview":"max-image-preview:large","max-video-preview":"max-video-preview:-1"},"canonical":"https:\/\/stilanddesign.se\/en\/product\/fint-halsband-i-svart-med-glasstenar-och-parlor\/","og_locale":"en_US","og_type":"article","og_title":"Fint halsband i svart med glasstenar och p\u00e4rlor","og_description":"L\u00e5ngt halsband i glastenar och p\u00e4rlor i svart Halsbandet kan b\u00e4ras antingen l\u00e5ngt eller om man virar det till ett mindre s\u00e5 blir det dubbelt  L\u00e4ngd: 60 cm  OBS ej byte, returr\u00e4tt p\u00e5 halsband  &nbsp;","og_url":"https:\/\/stilanddesign.se\/en\/product\/fint-halsband-i-svart-med-glasstenar-och-parlor\/","og_site_name":"Stil &amp; Design","article_modified_time":"2025-12-19T10:18:23+00:00","og_image":[{"width":480,"height":640,"url":"https:\/\/stilanddesign.se\/wp-content\/uploads\/2025\/09\/6767898878766666666666.jpg","type":"image\/jpeg"}],"twitter_card":"summary_large_image","twitter_misc":{"Est. reading time":"1 minute"},"schema":{"@context":"https:\/\/schema.org","@graph":[{"@type":"WebPage","@id":"https:\/\/stilanddesign.se\/produkt\/fint-halsband-i-svart-med-glasstenar-och-parlor\/","url":"https:\/\/stilanddesign.se\/produkt\/fint-halsband-i-svart-med-glasstenar-och-parlor\/","name":"Fint halsband i svart med glasstenar och p\u00e4rlor - Stil &amp; Design","isPartOf":{"@id":"https:\/\/stilanddesign.se\/#website"},"primaryImageOfPage":{"@id":"https:\/\/stilanddesign.se\/produkt\/fint-halsband-i-svart-med-glasstenar-och-parlor\/#primaryimage"},"image":{"@id":"https:\/\/stilanddesign.se\/produkt\/fint-halsband-i-svart-med-glasstenar-och-parlor\/#primaryimage"},"thumbnailUrl":"https:\/\/stilanddesign.se\/wp-content\/uploads\/2025\/09\/6767898878766666666666.jpg","datePublished":"2025-12-15T14:04:31+00:00","dateModified":"2025-12-19T10:18:23+00:00","breadcrumb":{"@id":"https:\/\/stilanddesign.se\/produkt\/fint-halsband-i-svart-med-glasstenar-och-parlor\/#breadcrumb"},"inLanguage":"en-US","potentialAction":[{"@type":"ReadAction","target":["https:\/\/stilanddesign.se\/produkt\/fint-halsband-i-svart-med-glasstenar-och-parlor\/"]}]},{"@type":"ImageObject","inLanguage":"en-US","@id":"https:\/\/stilanddesign.se\/produkt\/fint-halsband-i-svart-med-glasstenar-och-parlor\/#primaryimage","url":"https:\/\/stilanddesign.se\/wp-content\/uploads\/2025\/09\/6767898878766666666666.jpg","contentUrl":"https:\/\/stilanddesign.se\/wp-content\/uploads\/2025\/09\/6767898878766666666666.jpg","width":480,"height":640},{"@type":"BreadcrumbList","@id":"https:\/\/stilanddesign.se\/produkt\/fint-halsband-i-svart-med-glasstenar-och-parlor\/#breadcrumb","itemListElement":[{"@type":"ListItem","position":1,"name":"Hem","item":"https:\/\/stilanddesign.se\/"},{"@type":"ListItem","position":2,"name":"Butiken","item":"https:\/\/stilanddesign.se\/butiken\/"},{"@type":"ListItem","position":3,"name":"Fint halsband i svart med glasstenar och p\u00e4rlor"}]},{"@type":"WebSite","@id":"https:\/\/stilanddesign.se\/#website","url":"https:\/\/stilanddesign.se\/","name":"Style &amp; Design","description":"For those of us who love fashion!","publisher":{"@id":"https:\/\/stilanddesign.se\/#organization"},"potentialAction":[{"@type":"SearchAction","target":{"@type":"EntryPoint","urlTemplate":"https:\/\/stilanddesign.se\/?s={search_term_string}"},"query-input":{"@type":"PropertyValueSpecification","valueRequired":true,"valueName":"search_term_string"}}],"inLanguage":"en-US"},{"@type":"Organization","@id":"https:\/\/stilanddesign.se\/#organization","name":"Style &amp; Design","url":"https:\/\/stilanddesign.se\/","logo":{"@type":"ImageObject","inLanguage":"en-US","@id":"https:\/\/stilanddesign.se\/#\/schema\/logo\/image\/","url":"https:\/\/stilanddesign.se\/wp-content\/uploads\/2023\/12\/output-onlinepngtools-e1727784413220.png","contentUrl":"https:\/\/stilanddesign.se\/wp-content\/uploads\/2023\/12\/output-onlinepngtools-e1727784413220.png","width":519,"height":135,"caption":"Stil &amp; Design"},"image":{"@id":"https:\/\/stilanddesign.se\/#\/schema\/logo\/image\/"}}]}},"_links":{"self":[{"href":"https:\/\/stilanddesign.se\/en\/wp-json\/wp\/v2\/product\/1047460","targetHints":{"allow":["GET"]}}],"collection":[{"href":"https:\/\/stilanddesign.se\/en\/wp-json\/wp\/v2\/product"}],"about":[{"href":"https:\/\/stilanddesign.se\/en\/wp-json\/wp\/v2\/types\/product"}],"replies":[{"embeddable":true,"href":"https:\/\/stilanddesign.se\/en\/wp-json\/wp\/v2\/comments?post=1047460"}],"wp:featuredmedia":[{"embeddable":true,"href":"https:\/\/stilanddesign.se\/en\/wp-json\/wp\/v2\/media\/1047458"}],"wp:attachment":[{"href":"https:\/\/stilanddesign.se\/en\/wp-json\/wp\/v2\/media?parent=1047460"}],"wp:term":[{"taxonomy":"product_brand","embeddable":true,"href":"https:\/\/stilanddesign.se\/en\/wp-json\/wp\/v2\/product_brand?post=1047460"},{"taxonomy":"product_cat","embeddable":true,"href":"https:\/\/stilanddesign.se\/en\/wp-json\/wp\/v2\/product_cat?post=1047460"},{"taxonomy":"product_tag","embeddable":true,"href":"https:\/\/stilanddesign.se\/en\/wp-json\/wp\/v2\/product_tag?post=1047460"}],"curies":[{"name":"wp","href":"https:\/\/api.w.org\/{rel}","templated":true}]}}