{"id":1045748,"date":"2025-11-04T17:07:23","date_gmt":"2025-11-04T16:07:23","guid":{"rendered":"https:\/\/stilanddesign.se\/?post_type=product&#038;p=1045748"},"modified":"2025-11-11T10:34:04","modified_gmt":"2025-11-11T09:34:04","slug":"trendiga-chokladbruna-byxor","status":"publish","type":"product","link":"https:\/\/stilanddesign.se\/en\/product\/trendiga-chokladbruna-byxor\/","title":{"rendered":"Trendy chocolate brown pants"},"content":{"rendered":"<div class=\"overflow-x-auto relative\" dir=\"auto\">\n<div>\n<h3>Trendy Chocolate Brown Pants<\/h3>\n<\/div>\n<\/div>\n<div class=\"overflow-x-auto relative\" dir=\"auto\">\n<div>\n<p><strong>Find your style with our versatile chocolate brown pants!<\/strong><\/p>\n<\/div>\n<\/div>\n<div class=\"overflow-x-auto relative\" dir=\"auto\">\n<div>\n<hr \/>\n<\/div>\n<\/div>\n<div class=\"overflow-x-auto relative\" dir=\"auto\">\n<div>\n<p><strong>Features:<\/strong><\/p>\n<ul>\n<li><strong>Comfort in focus:<\/strong> Made of soft and stretchy material for optimal freedom of movement.<\/li>\n<li><strong>Adjust your fit:<\/strong> The elastic waist with drawstring allows you to adjust the pants exactly how you want.<\/li>\n<li><strong>Minimalist design:<\/strong> The timeless black color makes them easy to match with everything in your wardrobe.<\/li>\n<\/ul>\n<\/div>\n<\/div>\n<div class=\"overflow-x-auto relative\" dir=\"auto\">\n<div>\n<hr \/>\n<\/div>\n<\/div>\n<div class=\"overflow-x-auto relative\" dir=\"auto\">\n<div>\n<p><strong>Styling tips:<\/strong><\/p>\n<ul>\n<li><strong>Sporty look:<\/strong> Combine with a t-shirt and sneakers for a casual style.<\/li>\n<li><strong>Chic and comfortable:<\/strong> Wear with an oversized hoodie and heels for a trendy outfit.<\/li>\n<\/ul>\n<\/div>\n<\/div>\n<div class=\"overflow-x-auto relative\" dir=\"auto\">\n<div>\n<hr \/>\n<\/div>\n<\/div>\n<div class=\"overflow-x-auto relative\" dir=\"auto\">\n<div>\n<p><strong>Make these pants a part of your daily style \u2013 perfect for both home use and outdoor activities!<\/strong><\/p>\n<\/div>\n<\/div>\n<div class=\"overflow-x-auto relative\" dir=\"auto\">\n<div>\n<p>\ud83d\udc49 <strong>Order now and experience the perfect combination of style and comfort!<\/strong><\/p>\n<ul class=\"nolist attributes\">\n<li class=\"material\"><span class=\"lbl\">Material:<\/span>\u00a0<span class=\"value\">50%Polyester, 40%Viscose, 10%Elastane<\/span><\/li>\n<li>Washing instructions 30g<\/li>\n<\/ul>\n<p>&nbsp;<\/p>\n<\/div>\n<\/div>","protected":false},"excerpt":{"rendered":"<div class=\"overflow-x-auto relative\" dir=\"auto\">\n<div>\n<h3>Trendiga Chokladbruna byxor<\/h3>\n<\/div>\n<\/div>\n<div class=\"overflow-x-auto relative\" dir=\"auto\">\n<div>\n<p><strong>Find your style with our versatile chocolate brown pants!<\/strong><\/p>\n<\/div>\n<\/div>\n<div class=\"overflow-x-auto relative\" dir=\"auto\">\n<div>\n<hr \/>\n<\/div>\n<\/div>\n<div class=\"overflow-x-auto relative\" dir=\"auto\">\n<div>\n<p><strong>Features:<\/strong><\/p>\n<ul>\n<li><strong>Comfort in focus:<\/strong> Made of soft and stretchy material for optimal freedom of movement.<\/li>\n<li><strong>Adjust your fit:<\/strong> The elastic waist with drawstring allows you to adjust the pants exactly how you want.<\/li>\n<li><strong>Minimalist design:<\/strong> The timeless black color makes them easy to match with everything in your wardrobe.<\/li>\n<\/ul>\n<\/div>\n<\/div>\n<div class=\"overflow-x-auto relative\" dir=\"auto\">\n<div>\n<hr \/>\n<\/div>\n<\/div>\n<div class=\"overflow-x-auto relative\" dir=\"auto\">\n<div>\n<p><strong>Styling tips:<\/strong><\/p>\n<ul>\n<li><strong>Sporty look:<\/strong> Combine with a t-shirt and sneakers for a casual style.<\/li>\n<li><strong>Chic and comfortable:<\/strong> Wear with an oversized hoodie and heels for a trendy outfit.<\/li>\n<\/ul>\n<\/div>\n<\/div>\n<div class=\"overflow-x-auto relative\" dir=\"auto\">\n<div>\n<hr \/>\n<\/div>\n<\/div>\n<div class=\"overflow-x-auto relative\" dir=\"auto\">\n<div>\n<p><strong>Make these pants a part of your daily style \u2013 perfect for both home use and outdoor activities!<\/strong><\/p>\n<\/div>\n<\/div>\n<div class=\"overflow-x-auto relative\" dir=\"auto\">\n<div>\n<p>\ud83d\udc49 <strong>Order now and experience the perfect combination of style and comfort!<\/strong><\/p>\n<ul class=\"nolist attributes\">\n<li class=\"material\"><span class=\"lbl\">Material:<\/span>\u00a0<span class=\"value\">50%Polyester, 40%Viscose, 10%Elastane<\/span><\/li>\n<li>Washing instructions 30g<\/li>\n<\/ul>\n<\/div>\n<\/div>","protected":false},"featured_media":1045745,"comment_status":"closed","ping_status":"closed","template":"","meta":[],"product_brand":[],"product_cat":[209],"product_tag":[],"class_list":{"0":"post-1045748","1":"product","2":"type-product","3":"status-publish","4":"has-post-thumbnail","6":"product_cat-reaprodukter","8":"first","9":"outofstock","10":"taxable","11":"shipping-taxable","12":"product-type-variable"},"yoast_head":"<!-- This site is optimized with the Yoast SEO Premium plugin v27.1 (Yoast SEO v27.4) - https:\/\/yoast.com\/product\/yoast-seo-premium-wordpress\/ -->\n<title>Trendiga chokladbruna byxor - Stil &amp; Design<\/title>\n<meta name=\"robots\" content=\"index, follow, max-snippet:-1, max-image-preview:large, max-video-preview:-1\" \/>\n<link rel=\"canonical\" href=\"https:\/\/stilanddesign.se\/en\/product\/trendiga-chokladbruna-byxor\/\" \/>\n<meta property=\"og:locale\" content=\"en_US\" \/>\n<meta property=\"og:type\" content=\"article\" \/>\n<meta property=\"og:title\" content=\"Trendiga chokladbruna byxor\" \/>\n<meta property=\"og:description\" content=\"Trendiga Chokladbruna byxor      Hitta din stil med v\u00e5ra m\u00e5ngsidiga chokladbruna byxor!              Egenskaper:   Komfort i fokus: Tillverkade av mjukt och stretchigt material f\u00f6r optimal r\u00f6relsefrihet.  Justera din passform: Den elastiska midjan med dragsko g\u00f6r att du kan anpassa byxorna precis som du vill.  Minimalistisk design: Den tidl\u00f6sa svarta f\u00e4rgen g\u00f6r dem l\u00e4tta att matcha med allt i din garderob.              Stylingtips:   Sportig look: Kombinera med en t-shirt och sneakers f\u00f6r en avslappnad stil.  Chic och bekv\u00e4m: B\u00e4r med en oversized hoodie och klackar f\u00f6r en trendig outfit.              G\u00f6r dessa byxor till en del av din dagliga stil \u2013 perfekt f\u00f6r b\u00e5de hemmabruk och utomhusaktiviteter!       \ud83d\udc49 Best\u00e4ll nu och upplev den perfekta kombinationen av stil och komfort!   Material:\u00a050%Polyester,40%Viskose,10%Elastan  Tv\u00e4ttr\u00e5d 30g\" \/>\n<meta property=\"og:url\" content=\"https:\/\/stilanddesign.se\/en\/product\/trendiga-chokladbruna-byxor\/\" \/>\n<meta property=\"og:site_name\" content=\"Stil &amp; Design\" \/>\n<meta property=\"article:modified_time\" content=\"2025-11-11T09:34:04+00:00\" \/>\n<meta property=\"og:image\" content=\"https:\/\/stilanddesign.se\/wp-content\/uploads\/2025\/08\/232344.jpeg\" \/>\n\t<meta property=\"og:image:width\" content=\"886\" \/>\n\t<meta property=\"og:image:height\" content=\"1604\" \/>\n\t<meta property=\"og:image:type\" content=\"image\/jpeg\" \/>\n<meta name=\"twitter:card\" content=\"summary_large_image\" \/>\n<meta name=\"twitter:label1\" content=\"Est. reading time\" \/>\n\t<meta name=\"twitter:data1\" content=\"1 minute\" \/>\n<script type=\"application\/ld+json\" class=\"yoast-schema-graph\">{\"@context\":\"https:\\\/\\\/schema.org\",\"@graph\":[{\"@type\":\"WebPage\",\"@id\":\"https:\\\/\\\/stilanddesign.se\\\/produkt\\\/trendiga-chokladbruna-byxor\\\/\",\"url\":\"https:\\\/\\\/stilanddesign.se\\\/produkt\\\/trendiga-chokladbruna-byxor\\\/\",\"name\":\"Trendiga chokladbruna byxor - Stil &amp; Design\",\"isPartOf\":{\"@id\":\"https:\\\/\\\/stilanddesign.se\\\/#website\"},\"primaryImageOfPage\":{\"@id\":\"https:\\\/\\\/stilanddesign.se\\\/produkt\\\/trendiga-chokladbruna-byxor\\\/#primaryimage\"},\"image\":{\"@id\":\"https:\\\/\\\/stilanddesign.se\\\/produkt\\\/trendiga-chokladbruna-byxor\\\/#primaryimage\"},\"thumbnailUrl\":\"https:\\\/\\\/stilanddesign.se\\\/wp-content\\\/uploads\\\/2025\\\/08\\\/232344.jpeg\",\"datePublished\":\"2025-11-04T16:07:23+00:00\",\"dateModified\":\"2025-11-11T09:34:04+00:00\",\"breadcrumb\":{\"@id\":\"https:\\\/\\\/stilanddesign.se\\\/produkt\\\/trendiga-chokladbruna-byxor\\\/#breadcrumb\"},\"inLanguage\":\"en-US\",\"potentialAction\":[{\"@type\":\"ReadAction\",\"target\":[\"https:\\\/\\\/stilanddesign.se\\\/produkt\\\/trendiga-chokladbruna-byxor\\\/\"]}]},{\"@type\":\"ImageObject\",\"inLanguage\":\"en-US\",\"@id\":\"https:\\\/\\\/stilanddesign.se\\\/produkt\\\/trendiga-chokladbruna-byxor\\\/#primaryimage\",\"url\":\"https:\\\/\\\/stilanddesign.se\\\/wp-content\\\/uploads\\\/2025\\\/08\\\/232344.jpeg\",\"contentUrl\":\"https:\\\/\\\/stilanddesign.se\\\/wp-content\\\/uploads\\\/2025\\\/08\\\/232344.jpeg\",\"width\":886,\"height\":1604,\"caption\":\"Screenshot\"},{\"@type\":\"BreadcrumbList\",\"@id\":\"https:\\\/\\\/stilanddesign.se\\\/produkt\\\/trendiga-chokladbruna-byxor\\\/#breadcrumb\",\"itemListElement\":[{\"@type\":\"ListItem\",\"position\":1,\"name\":\"Hem\",\"item\":\"https:\\\/\\\/stilanddesign.se\\\/\"},{\"@type\":\"ListItem\",\"position\":2,\"name\":\"Butiken\",\"item\":\"https:\\\/\\\/stilanddesign.se\\\/butiken\\\/\"},{\"@type\":\"ListItem\",\"position\":3,\"name\":\"Trendiga chokladbruna byxor\"}]},{\"@type\":\"WebSite\",\"@id\":\"https:\\\/\\\/stilanddesign.se\\\/#website\",\"url\":\"https:\\\/\\\/stilanddesign.se\\\/\",\"name\":\"Stil &amp; Design\",\"description\":\"F\u00f6r oss som \u00e4lskar mode!\",\"publisher\":{\"@id\":\"https:\\\/\\\/stilanddesign.se\\\/#organization\"},\"potentialAction\":[{\"@type\":\"SearchAction\",\"target\":{\"@type\":\"EntryPoint\",\"urlTemplate\":\"https:\\\/\\\/stilanddesign.se\\\/?s={search_term_string}\"},\"query-input\":{\"@type\":\"PropertyValueSpecification\",\"valueRequired\":true,\"valueName\":\"search_term_string\"}}],\"inLanguage\":\"en-US\"},{\"@type\":\"Organization\",\"@id\":\"https:\\\/\\\/stilanddesign.se\\\/#organization\",\"name\":\"Stil &amp; Design\",\"url\":\"https:\\\/\\\/stilanddesign.se\\\/\",\"logo\":{\"@type\":\"ImageObject\",\"inLanguage\":\"en-US\",\"@id\":\"https:\\\/\\\/stilanddesign.se\\\/#\\\/schema\\\/logo\\\/image\\\/\",\"url\":\"https:\\\/\\\/stilanddesign.se\\\/wp-content\\\/uploads\\\/2023\\\/12\\\/output-onlinepngtools-e1727784413220.png\",\"contentUrl\":\"https:\\\/\\\/stilanddesign.se\\\/wp-content\\\/uploads\\\/2023\\\/12\\\/output-onlinepngtools-e1727784413220.png\",\"width\":519,\"height\":135,\"caption\":\"Stil &amp; Design\"},\"image\":{\"@id\":\"https:\\\/\\\/stilanddesign.se\\\/#\\\/schema\\\/logo\\\/image\\\/\"}}]}<\/script>\n<!-- \/ Yoast SEO Premium plugin. -->","yoast_head_json":{"title":"Trendiga chokladbruna byxor - Stil &amp; Design","robots":{"index":"index","follow":"follow","max-snippet":"max-snippet:-1","max-image-preview":"max-image-preview:large","max-video-preview":"max-video-preview:-1"},"canonical":"https:\/\/stilanddesign.se\/en\/product\/trendiga-chokladbruna-byxor\/","og_locale":"en_US","og_type":"article","og_title":"Trendiga chokladbruna byxor","og_description":"Trendiga Chokladbruna byxor      Hitta din stil med v\u00e5ra m\u00e5ngsidiga chokladbruna byxor!              Egenskaper:   Komfort i fokus: Tillverkade av mjukt och stretchigt material f\u00f6r optimal r\u00f6relsefrihet.  Justera din passform: Den elastiska midjan med dragsko g\u00f6r att du kan anpassa byxorna precis som du vill.  Minimalistisk design: Den tidl\u00f6sa svarta f\u00e4rgen g\u00f6r dem l\u00e4tta att matcha med allt i din garderob.              Stylingtips:   Sportig look: Kombinera med en t-shirt och sneakers f\u00f6r en avslappnad stil.  Chic och bekv\u00e4m: B\u00e4r med en oversized hoodie och klackar f\u00f6r en trendig outfit.              G\u00f6r dessa byxor till en del av din dagliga stil \u2013 perfekt f\u00f6r b\u00e5de hemmabruk och utomhusaktiviteter!       \ud83d\udc49 Best\u00e4ll nu och upplev den perfekta kombinationen av stil och komfort!   Material:\u00a050%Polyester,40%Viskose,10%Elastan  Tv\u00e4ttr\u00e5d 30g","og_url":"https:\/\/stilanddesign.se\/en\/product\/trendiga-chokladbruna-byxor\/","og_site_name":"Stil &amp; Design","article_modified_time":"2025-11-11T09:34:04+00:00","og_image":[{"width":886,"height":1604,"url":"https:\/\/stilanddesign.se\/wp-content\/uploads\/2025\/08\/232344.jpeg","type":"image\/jpeg"}],"twitter_card":"summary_large_image","twitter_misc":{"Est. reading time":"1 minute"},"schema":{"@context":"https:\/\/schema.org","@graph":[{"@type":"WebPage","@id":"https:\/\/stilanddesign.se\/produkt\/trendiga-chokladbruna-byxor\/","url":"https:\/\/stilanddesign.se\/produkt\/trendiga-chokladbruna-byxor\/","name":"Trendiga chokladbruna byxor - Stil &amp; Design","isPartOf":{"@id":"https:\/\/stilanddesign.se\/#website"},"primaryImageOfPage":{"@id":"https:\/\/stilanddesign.se\/produkt\/trendiga-chokladbruna-byxor\/#primaryimage"},"image":{"@id":"https:\/\/stilanddesign.se\/produkt\/trendiga-chokladbruna-byxor\/#primaryimage"},"thumbnailUrl":"https:\/\/stilanddesign.se\/wp-content\/uploads\/2025\/08\/232344.jpeg","datePublished":"2025-11-04T16:07:23+00:00","dateModified":"2025-11-11T09:34:04+00:00","breadcrumb":{"@id":"https:\/\/stilanddesign.se\/produkt\/trendiga-chokladbruna-byxor\/#breadcrumb"},"inLanguage":"en-US","potentialAction":[{"@type":"ReadAction","target":["https:\/\/stilanddesign.se\/produkt\/trendiga-chokladbruna-byxor\/"]}]},{"@type":"ImageObject","inLanguage":"en-US","@id":"https:\/\/stilanddesign.se\/produkt\/trendiga-chokladbruna-byxor\/#primaryimage","url":"https:\/\/stilanddesign.se\/wp-content\/uploads\/2025\/08\/232344.jpeg","contentUrl":"https:\/\/stilanddesign.se\/wp-content\/uploads\/2025\/08\/232344.jpeg","width":886,"height":1604,"caption":"Screenshot"},{"@type":"BreadcrumbList","@id":"https:\/\/stilanddesign.se\/produkt\/trendiga-chokladbruna-byxor\/#breadcrumb","itemListElement":[{"@type":"ListItem","position":1,"name":"Hem","item":"https:\/\/stilanddesign.se\/"},{"@type":"ListItem","position":2,"name":"Butiken","item":"https:\/\/stilanddesign.se\/butiken\/"},{"@type":"ListItem","position":3,"name":"Trendiga chokladbruna byxor"}]},{"@type":"WebSite","@id":"https:\/\/stilanddesign.se\/#website","url":"https:\/\/stilanddesign.se\/","name":"Style &amp; Design","description":"For those of us who love fashion!","publisher":{"@id":"https:\/\/stilanddesign.se\/#organization"},"potentialAction":[{"@type":"SearchAction","target":{"@type":"EntryPoint","urlTemplate":"https:\/\/stilanddesign.se\/?s={search_term_string}"},"query-input":{"@type":"PropertyValueSpecification","valueRequired":true,"valueName":"search_term_string"}}],"inLanguage":"en-US"},{"@type":"Organization","@id":"https:\/\/stilanddesign.se\/#organization","name":"Style &amp; Design","url":"https:\/\/stilanddesign.se\/","logo":{"@type":"ImageObject","inLanguage":"en-US","@id":"https:\/\/stilanddesign.se\/#\/schema\/logo\/image\/","url":"https:\/\/stilanddesign.se\/wp-content\/uploads\/2023\/12\/output-onlinepngtools-e1727784413220.png","contentUrl":"https:\/\/stilanddesign.se\/wp-content\/uploads\/2023\/12\/output-onlinepngtools-e1727784413220.png","width":519,"height":135,"caption":"Stil &amp; Design"},"image":{"@id":"https:\/\/stilanddesign.se\/#\/schema\/logo\/image\/"}}]}},"_links":{"self":[{"href":"https:\/\/stilanddesign.se\/en\/wp-json\/wp\/v2\/product\/1045748","targetHints":{"allow":["GET"]}}],"collection":[{"href":"https:\/\/stilanddesign.se\/en\/wp-json\/wp\/v2\/product"}],"about":[{"href":"https:\/\/stilanddesign.se\/en\/wp-json\/wp\/v2\/types\/product"}],"replies":[{"embeddable":true,"href":"https:\/\/stilanddesign.se\/en\/wp-json\/wp\/v2\/comments?post=1045748"}],"wp:featuredmedia":[{"embeddable":true,"href":"https:\/\/stilanddesign.se\/en\/wp-json\/wp\/v2\/media\/1045745"}],"wp:attachment":[{"href":"https:\/\/stilanddesign.se\/en\/wp-json\/wp\/v2\/media?parent=1045748"}],"wp:term":[{"taxonomy":"product_brand","embeddable":true,"href":"https:\/\/stilanddesign.se\/en\/wp-json\/wp\/v2\/product_brand?post=1045748"},{"taxonomy":"product_cat","embeddable":true,"href":"https:\/\/stilanddesign.se\/en\/wp-json\/wp\/v2\/product_cat?post=1045748"},{"taxonomy":"product_tag","embeddable":true,"href":"https:\/\/stilanddesign.se\/en\/wp-json\/wp\/v2\/product_tag?post=1045748"}],"curies":[{"name":"wp","href":"https:\/\/api.w.org\/{rel}","templated":true}]}}