{"id":1045244,"date":"2025-11-19T09:44:53","date_gmt":"2025-11-19T08:44:53","guid":{"rendered":"https:\/\/stilanddesign.se\/?post_type=product&#038;p=1045244"},"modified":"2025-11-19T10:44:26","modified_gmt":"2025-11-19T09:44:26","slug":"harligt-mjukstickat-set-med-kjol-och-troja-i-svart-med-guldknappar","status":"publish","type":"product","link":"https:\/\/stilanddesign.se\/en\/product\/harligt-mjukstickat-set-med-kjol-och-troja-i-svart-med-guldknappar\/","title":{"rendered":"Lovely soft knitted set with skirt and sweater in black with gold buttons"},"content":{"rendered":"<h4 class=\"alt-font\">This is sold as a set with skirt and sweater.<\/h4>\n<h4 class=\"alt-font\">Sweater:<\/h4>\n<p>It has a rounded neck.<\/p>\n<p>3\/4 l\u00e5ng \u00e4rm(g\u00e5r ca till armb\u00e5gen) och har guldknappar p\u00e5 ena \u00e4rmen<\/p>\n<p>Mjukt h\u00e4rligt material<\/p>\n<p>Kjolen:<\/p>\n<p>den har en bred res\u00e5r i midjan<\/p>\n<p>\u00e4r lite A-linjeformad<\/p>\n<p>har guldknappar framtill och bra tyngd i tyget som g\u00f6r att den faller snyggt<\/p>\n<p>Material: 55% polyamide 45% viscose<\/p>\n<p>&nbsp;<\/p>\n<p>&nbsp;<\/p>\n<p>&nbsp;<\/p>\n<p>&nbsp;<\/p>","protected":false},"excerpt":{"rendered":"<h4 class=\"alt-font\">This is sold as a set with skirt and sweater.<\/h4>\n<h4 class=\"alt-font\">Sweater:<\/h4>\n<p>It has a rounded neck.<\/p>\n<p>3\/4 l\u00e5ng \u00e4rm(g\u00e5r ca till armb\u00e5gen) och har guldknappar p\u00e5 ena \u00e4rmen<\/p>\n<p>Mjukt h\u00e4rligt material<\/p>\n<p>Kjolen:<\/p>\n<p>den har en bred res\u00e5r i midjan<\/p>\n<p>\u00e4r lite A-linjeformad<\/p>\n<p>har guldknappar framtill och bra tyngd i tyget som g\u00f6r att den faller snyggt<\/p>\n<p>Material: 55% polyamide 45% viscose<\/p>","protected":false},"featured_media":1045242,"comment_status":"closed","ping_status":"closed","template":"","meta":[],"product_brand":[],"product_cat":[209],"product_tag":[],"class_list":{"0":"post-1045244","1":"product","2":"type-product","3":"status-publish","4":"has-post-thumbnail","6":"product_cat-reaprodukter","8":"first","9":"outofstock","10":"taxable","11":"shipping-taxable","12":"product-type-variable"},"yoast_head":"<!-- This site is optimized with the Yoast SEO Premium plugin v27.4 (Yoast SEO v27.5) - https:\/\/yoast.com\/product\/yoast-seo-premium-wordpress\/ -->\n<title>H\u00e4rligt mjukstickat set med kjol och tr\u00f6ja i svart med guldknappar - Stil &amp; Design<\/title>\n<meta name=\"robots\" content=\"index, follow, max-snippet:-1, max-image-preview:large, max-video-preview:-1\" \/>\n<link rel=\"canonical\" href=\"https:\/\/stilanddesign.se\/en\/product\/harligt-mjukstickat-set-med-kjol-och-troja-i-svart-med-guldknappar\/\" \/>\n<meta property=\"og:locale\" content=\"en_US\" \/>\n<meta property=\"og:type\" content=\"article\" \/>\n<meta property=\"og:title\" content=\"H\u00e4rligt mjukstickat set med kjol och tr\u00f6ja i svart med guldknappar\" \/>\n<meta property=\"og:description\" content=\"Detta s\u00e4ljs som ett set med kjol och tr\u00f6ja Tr\u00f6ja: Den har rundad hals  3\/4 l\u00e5ng \u00e4rm(g\u00e5r ca till armb\u00e5gen) och har guldknappar p\u00e5 ena \u00e4rmen  Mjukt h\u00e4rligt material  Kjolen:  den har en bred res\u00e5r i midjan  \u00e4r lite A-linjeformad  har guldknappar framtill och bra tyngd i tyget som g\u00f6r att den faller snyggt  Material: 55% polyamide 45% viscose\" \/>\n<meta property=\"og:url\" content=\"https:\/\/stilanddesign.se\/en\/product\/harligt-mjukstickat-set-med-kjol-och-troja-i-svart-med-guldknappar\/\" \/>\n<meta property=\"og:site_name\" content=\"Stil &amp; Design\" \/>\n<meta property=\"article:modified_time\" content=\"2025-11-19T09:44:26+00:00\" \/>\n<meta property=\"og:image\" content=\"https:\/\/stilanddesign.se\/wp-content\/uploads\/2025\/08\/676765654544444444444444.jpg\" \/>\n\t<meta property=\"og:image:width\" content=\"382\" \/>\n\t<meta property=\"og:image:height\" content=\"640\" \/>\n\t<meta property=\"og:image:type\" content=\"image\/jpeg\" \/>\n<meta name=\"twitter:card\" content=\"summary_large_image\" \/>\n<meta name=\"twitter:label1\" content=\"Est. reading time\" \/>\n\t<meta name=\"twitter:data1\" content=\"1 minute\" \/>\n<script type=\"application\/ld+json\" class=\"yoast-schema-graph\">{\"@context\":\"https:\\\/\\\/schema.org\",\"@graph\":[{\"@type\":\"WebPage\",\"@id\":\"https:\\\/\\\/stilanddesign.se\\\/produkt\\\/harligt-mjukstickat-set-med-kjol-och-troja-i-svart-med-guldknappar\\\/\",\"url\":\"https:\\\/\\\/stilanddesign.se\\\/produkt\\\/harligt-mjukstickat-set-med-kjol-och-troja-i-svart-med-guldknappar\\\/\",\"name\":\"H\u00e4rligt mjukstickat set med kjol och tr\u00f6ja i svart med guldknappar - Stil &amp; Design\",\"isPartOf\":{\"@id\":\"https:\\\/\\\/stilanddesign.se\\\/#website\"},\"primaryImageOfPage\":{\"@id\":\"https:\\\/\\\/stilanddesign.se\\\/produkt\\\/harligt-mjukstickat-set-med-kjol-och-troja-i-svart-med-guldknappar\\\/#primaryimage\"},\"image\":{\"@id\":\"https:\\\/\\\/stilanddesign.se\\\/produkt\\\/harligt-mjukstickat-set-med-kjol-och-troja-i-svart-med-guldknappar\\\/#primaryimage\"},\"thumbnailUrl\":\"https:\\\/\\\/stilanddesign.se\\\/wp-content\\\/uploads\\\/2025\\\/08\\\/676765654544444444444444.jpg\",\"datePublished\":\"2025-11-19T08:44:53+00:00\",\"dateModified\":\"2025-11-19T09:44:26+00:00\",\"breadcrumb\":{\"@id\":\"https:\\\/\\\/stilanddesign.se\\\/produkt\\\/harligt-mjukstickat-set-med-kjol-och-troja-i-svart-med-guldknappar\\\/#breadcrumb\"},\"inLanguage\":\"en-US\",\"potentialAction\":[{\"@type\":\"ReadAction\",\"target\":[\"https:\\\/\\\/stilanddesign.se\\\/produkt\\\/harligt-mjukstickat-set-med-kjol-och-troja-i-svart-med-guldknappar\\\/\"]}]},{\"@type\":\"ImageObject\",\"inLanguage\":\"en-US\",\"@id\":\"https:\\\/\\\/stilanddesign.se\\\/produkt\\\/harligt-mjukstickat-set-med-kjol-och-troja-i-svart-med-guldknappar\\\/#primaryimage\",\"url\":\"https:\\\/\\\/stilanddesign.se\\\/wp-content\\\/uploads\\\/2025\\\/08\\\/676765654544444444444444.jpg\",\"contentUrl\":\"https:\\\/\\\/stilanddesign.se\\\/wp-content\\\/uploads\\\/2025\\\/08\\\/676765654544444444444444.jpg\",\"width\":382,\"height\":640,\"caption\":\"Set med kjol,och tr\u00f6ja i svart\"},{\"@type\":\"BreadcrumbList\",\"@id\":\"https:\\\/\\\/stilanddesign.se\\\/produkt\\\/harligt-mjukstickat-set-med-kjol-och-troja-i-svart-med-guldknappar\\\/#breadcrumb\",\"itemListElement\":[{\"@type\":\"ListItem\",\"position\":1,\"name\":\"Hem\",\"item\":\"https:\\\/\\\/stilanddesign.se\\\/\"},{\"@type\":\"ListItem\",\"position\":2,\"name\":\"Butiken\",\"item\":\"https:\\\/\\\/stilanddesign.se\\\/butiken\\\/\"},{\"@type\":\"ListItem\",\"position\":3,\"name\":\"H\u00e4rligt mjukstickat set med kjol och tr\u00f6ja i svart med guldknappar\"}]},{\"@type\":\"WebSite\",\"@id\":\"https:\\\/\\\/stilanddesign.se\\\/#website\",\"url\":\"https:\\\/\\\/stilanddesign.se\\\/\",\"name\":\"Stil &amp; Design\",\"description\":\"F\u00f6r oss som \u00e4lskar mode!\",\"publisher\":{\"@id\":\"https:\\\/\\\/stilanddesign.se\\\/#organization\"},\"potentialAction\":[{\"@type\":\"SearchAction\",\"target\":{\"@type\":\"EntryPoint\",\"urlTemplate\":\"https:\\\/\\\/stilanddesign.se\\\/?s={search_term_string}\"},\"query-input\":{\"@type\":\"PropertyValueSpecification\",\"valueRequired\":true,\"valueName\":\"search_term_string\"}}],\"inLanguage\":\"en-US\"},{\"@type\":\"Organization\",\"@id\":\"https:\\\/\\\/stilanddesign.se\\\/#organization\",\"name\":\"Stil &amp; Design\",\"url\":\"https:\\\/\\\/stilanddesign.se\\\/\",\"logo\":{\"@type\":\"ImageObject\",\"inLanguage\":\"en-US\",\"@id\":\"https:\\\/\\\/stilanddesign.se\\\/#\\\/schema\\\/logo\\\/image\\\/\",\"url\":\"https:\\\/\\\/stilanddesign.se\\\/wp-content\\\/uploads\\\/2023\\\/12\\\/output-onlinepngtools-e1727784413220.png\",\"contentUrl\":\"https:\\\/\\\/stilanddesign.se\\\/wp-content\\\/uploads\\\/2023\\\/12\\\/output-onlinepngtools-e1727784413220.png\",\"width\":519,\"height\":135,\"caption\":\"Stil &amp; Design\"},\"image\":{\"@id\":\"https:\\\/\\\/stilanddesign.se\\\/#\\\/schema\\\/logo\\\/image\\\/\"}}]}<\/script>\n<!-- \/ Yoast SEO Premium plugin. -->","yoast_head_json":{"title":"H\u00e4rligt mjukstickat set med kjol och tr\u00f6ja i svart med guldknappar - Stil &amp; Design","robots":{"index":"index","follow":"follow","max-snippet":"max-snippet:-1","max-image-preview":"max-image-preview:large","max-video-preview":"max-video-preview:-1"},"canonical":"https:\/\/stilanddesign.se\/en\/product\/harligt-mjukstickat-set-med-kjol-och-troja-i-svart-med-guldknappar\/","og_locale":"en_US","og_type":"article","og_title":"H\u00e4rligt mjukstickat set med kjol och tr\u00f6ja i svart med guldknappar","og_description":"Detta s\u00e4ljs som ett set med kjol och tr\u00f6ja Tr\u00f6ja: Den har rundad hals  3\/4 l\u00e5ng \u00e4rm(g\u00e5r ca till armb\u00e5gen) och har guldknappar p\u00e5 ena \u00e4rmen  Mjukt h\u00e4rligt material  Kjolen:  den har en bred res\u00e5r i midjan  \u00e4r lite A-linjeformad  har guldknappar framtill och bra tyngd i tyget som g\u00f6r att den faller snyggt  Material: 55% polyamide 45% viscose","og_url":"https:\/\/stilanddesign.se\/en\/product\/harligt-mjukstickat-set-med-kjol-och-troja-i-svart-med-guldknappar\/","og_site_name":"Stil &amp; Design","article_modified_time":"2025-11-19T09:44:26+00:00","og_image":[{"width":382,"height":640,"url":"https:\/\/stilanddesign.se\/wp-content\/uploads\/2025\/08\/676765654544444444444444.jpg","type":"image\/jpeg"}],"twitter_card":"summary_large_image","twitter_misc":{"Est. reading time":"1 minute"},"schema":{"@context":"https:\/\/schema.org","@graph":[{"@type":"WebPage","@id":"https:\/\/stilanddesign.se\/produkt\/harligt-mjukstickat-set-med-kjol-och-troja-i-svart-med-guldknappar\/","url":"https:\/\/stilanddesign.se\/produkt\/harligt-mjukstickat-set-med-kjol-och-troja-i-svart-med-guldknappar\/","name":"H\u00e4rligt mjukstickat set med kjol och tr\u00f6ja i svart med guldknappar - Stil &amp; Design","isPartOf":{"@id":"https:\/\/stilanddesign.se\/#website"},"primaryImageOfPage":{"@id":"https:\/\/stilanddesign.se\/produkt\/harligt-mjukstickat-set-med-kjol-och-troja-i-svart-med-guldknappar\/#primaryimage"},"image":{"@id":"https:\/\/stilanddesign.se\/produkt\/harligt-mjukstickat-set-med-kjol-och-troja-i-svart-med-guldknappar\/#primaryimage"},"thumbnailUrl":"https:\/\/stilanddesign.se\/wp-content\/uploads\/2025\/08\/676765654544444444444444.jpg","datePublished":"2025-11-19T08:44:53+00:00","dateModified":"2025-11-19T09:44:26+00:00","breadcrumb":{"@id":"https:\/\/stilanddesign.se\/produkt\/harligt-mjukstickat-set-med-kjol-och-troja-i-svart-med-guldknappar\/#breadcrumb"},"inLanguage":"en-US","potentialAction":[{"@type":"ReadAction","target":["https:\/\/stilanddesign.se\/produkt\/harligt-mjukstickat-set-med-kjol-och-troja-i-svart-med-guldknappar\/"]}]},{"@type":"ImageObject","inLanguage":"en-US","@id":"https:\/\/stilanddesign.se\/produkt\/harligt-mjukstickat-set-med-kjol-och-troja-i-svart-med-guldknappar\/#primaryimage","url":"https:\/\/stilanddesign.se\/wp-content\/uploads\/2025\/08\/676765654544444444444444.jpg","contentUrl":"https:\/\/stilanddesign.se\/wp-content\/uploads\/2025\/08\/676765654544444444444444.jpg","width":382,"height":640,"caption":"Set med kjol,och tr\u00f6ja i svart"},{"@type":"BreadcrumbList","@id":"https:\/\/stilanddesign.se\/produkt\/harligt-mjukstickat-set-med-kjol-och-troja-i-svart-med-guldknappar\/#breadcrumb","itemListElement":[{"@type":"ListItem","position":1,"name":"Hem","item":"https:\/\/stilanddesign.se\/"},{"@type":"ListItem","position":2,"name":"Butiken","item":"https:\/\/stilanddesign.se\/butiken\/"},{"@type":"ListItem","position":3,"name":"H\u00e4rligt mjukstickat set med kjol och tr\u00f6ja i svart med guldknappar"}]},{"@type":"WebSite","@id":"https:\/\/stilanddesign.se\/#website","url":"https:\/\/stilanddesign.se\/","name":"Style &amp; Design","description":"For those of us who love fashion!","publisher":{"@id":"https:\/\/stilanddesign.se\/#organization"},"potentialAction":[{"@type":"SearchAction","target":{"@type":"EntryPoint","urlTemplate":"https:\/\/stilanddesign.se\/?s={search_term_string}"},"query-input":{"@type":"PropertyValueSpecification","valueRequired":true,"valueName":"search_term_string"}}],"inLanguage":"en-US"},{"@type":"Organization","@id":"https:\/\/stilanddesign.se\/#organization","name":"Style &amp; Design","url":"https:\/\/stilanddesign.se\/","logo":{"@type":"ImageObject","inLanguage":"en-US","@id":"https:\/\/stilanddesign.se\/#\/schema\/logo\/image\/","url":"https:\/\/stilanddesign.se\/wp-content\/uploads\/2023\/12\/output-onlinepngtools-e1727784413220.png","contentUrl":"https:\/\/stilanddesign.se\/wp-content\/uploads\/2023\/12\/output-onlinepngtools-e1727784413220.png","width":519,"height":135,"caption":"Stil &amp; Design"},"image":{"@id":"https:\/\/stilanddesign.se\/#\/schema\/logo\/image\/"}}]}},"_links":{"self":[{"href":"https:\/\/stilanddesign.se\/en\/wp-json\/wp\/v2\/product\/1045244","targetHints":{"allow":["GET"]}}],"collection":[{"href":"https:\/\/stilanddesign.se\/en\/wp-json\/wp\/v2\/product"}],"about":[{"href":"https:\/\/stilanddesign.se\/en\/wp-json\/wp\/v2\/types\/product"}],"replies":[{"embeddable":true,"href":"https:\/\/stilanddesign.se\/en\/wp-json\/wp\/v2\/comments?post=1045244"}],"wp:featuredmedia":[{"embeddable":true,"href":"https:\/\/stilanddesign.se\/en\/wp-json\/wp\/v2\/media\/1045242"}],"wp:attachment":[{"href":"https:\/\/stilanddesign.se\/en\/wp-json\/wp\/v2\/media?parent=1045244"}],"wp:term":[{"taxonomy":"product_brand","embeddable":true,"href":"https:\/\/stilanddesign.se\/en\/wp-json\/wp\/v2\/product_brand?post=1045244"},{"taxonomy":"product_cat","embeddable":true,"href":"https:\/\/stilanddesign.se\/en\/wp-json\/wp\/v2\/product_cat?post=1045244"},{"taxonomy":"product_tag","embeddable":true,"href":"https:\/\/stilanddesign.se\/en\/wp-json\/wp\/v2\/product_tag?post=1045244"}],"curies":[{"name":"wp","href":"https:\/\/api.w.org\/{rel}","templated":true}]}}