{"id":1044976,"date":"2025-08-19T16:52:10","date_gmt":"2025-08-19T14:52:10","guid":{"rendered":"https:\/\/stilanddesign.se\/?post_type=product&#038;p=1044976"},"modified":"2025-11-07T11:23:24","modified_gmt":"2025-11-07T10:23:24","slug":"glitterring-med-knut-i-stal-i-svart","status":"publish","type":"product","link":"https:\/\/stilanddesign.se\/en\/product\/glitterring-med-knut-i-stal-i-svart\/","title":{"rendered":"Glitter ring with knot in steel in black"},"content":{"rendered":"<p>Glitter ring with steel knot<\/p>\n<p>&nbsp;<\/p>\n<table class=\"variations\" role=\"presentation\" cellspacing=\"0\">\n<tbody>\n<tr>\n<th class=\"label\"><label for=\"pa_color\">Paint<\/label><\/th>\n<td class=\"value\">\n<div class=\"product-buttons pa_color\">\n<p style=\"text-align: center;\"><span style=\"color: #000000; font-family: Arial;\"><span style=\"font-size: 13.3333px; background-color: #f0f0f0;\">Black<\/span><\/span><\/p>\n<div class=\"color-dot\"><\/div>\n<div class=\"color-dot\"><\/div>\n<\/div>\n<\/td>\n<\/tr>\n<tr>\n<th class=\"label\"><label for=\"pa_material\">Material<\/label><\/th>\n<td class=\"value\">\n<div class=\"product-buttons pa_material\"><button class=\"out-of-stock chosen\" type=\"button\" value=\"stal\">Steel<\/button><\/div>\n<\/td>\n<\/tr>\n<tr>\n<th class=\"label\"><label for=\"pa_storlek\">Size<\/label><\/th>\n<td class=\"value\">\n<div class=\"product-buttons pa_storlek\"><button class=\"out-of-stock chosen\" type=\"button\" value=\"onesize\">One size<\/button><\/div>\n<\/td>\n<\/tr>\n<\/tbody>\n<\/table>\n<p>Flexible ring size<\/p>","protected":false},"excerpt":{"rendered":"<p>Glitter ring with steel knot<\/p>\n<p>&nbsp;<\/p>\n<table class=\"variations\" role=\"presentation\" cellspacing=\"0\">\n<tbody>\n<tr>\n<th class=\"label\"><label for=\"pa_color\">Paint<\/label><\/th>\n<td class=\"value\">\n<div class=\"product-buttons pa_color\">\n<div class=\"color-dot\"><\/div>\n<p><button class=\"color-btn out-of-stock chosen\" type=\"button\" value=\"silver\">black<\/button><\/p>\n<div class=\"color-dot\"><\/div>\n<div class=\"color-dot\"><\/div>\n<\/div>\n<\/td>\n<\/tr>\n<tr>\n<th class=\"label\"><label for=\"pa_material\">Material<\/label><\/th>\n<td class=\"value\">\n<div class=\"product-buttons pa_material\"><button class=\"out-of-stock chosen\" type=\"button\" value=\"stal\">Steel<\/button><\/div>\n<\/td>\n<\/tr>\n<tr>\n<th class=\"label\"><label for=\"pa_storlek\">Size<\/label><\/th>\n<td class=\"value\">\n<div class=\"product-buttons pa_storlek\"><button class=\"out-of-stock chosen\" type=\"button\" value=\"onesize\">One size<\/button><\/div>\n<\/td>\n<\/tr>\n<\/tbody>\n<\/table>\n<p>Flexible ring size<\/p>","protected":false},"featured_media":1044968,"comment_status":"closed","ping_status":"closed","template":"","meta":[],"product_brand":[],"product_cat":[206,231],"product_tag":[],"class_list":{"0":"post-1044976","1":"product","2":"type-product","3":"status-publish","4":"has-post-thumbnail","6":"product_cat-accessoarer","7":"product_cat-smycken","9":"first","10":"outofstock","11":"taxable","12":"shipping-taxable","13":"product-type-variable"},"yoast_head":"<!-- This site is optimized with the Yoast SEO Premium plugin v27.1 (Yoast SEO v27.4) - https:\/\/yoast.com\/product\/yoast-seo-premium-wordpress\/ -->\n<title>Glitterring med knut i st\u00e5l i svart - Stil &amp; Design<\/title>\n<meta name=\"robots\" content=\"index, follow, max-snippet:-1, max-image-preview:large, max-video-preview:-1\" \/>\n<link rel=\"canonical\" href=\"https:\/\/stilanddesign.se\/en\/product\/glitterring-med-knut-i-stal-i-svart\/\" \/>\n<meta property=\"og:locale\" content=\"en_US\" \/>\n<meta property=\"og:type\" content=\"article\" \/>\n<meta property=\"og:title\" content=\"Glitterring med knut i st\u00e5l i svart\" \/>\n<meta property=\"og:description\" content=\"Glitterring med knut i st\u00e5l  &nbsp;    F\u00e4rg    svart      Material  St\u00e5l   Storlek  Onesize    Flexibelt ringm\u00e5tt\" \/>\n<meta property=\"og:url\" content=\"https:\/\/stilanddesign.se\/en\/product\/glitterring-med-knut-i-stal-i-svart\/\" \/>\n<meta property=\"og:site_name\" content=\"Stil &amp; Design\" \/>\n<meta property=\"article:modified_time\" content=\"2025-11-07T10:23:24+00:00\" \/>\n<meta property=\"og:image\" content=\"https:\/\/stilanddesign.se\/wp-content\/uploads\/2025\/08\/32321211111111111111111.webp\" \/>\n\t<meta property=\"og:image:width\" content=\"1920\" \/>\n\t<meta property=\"og:image:height\" content=\"2560\" \/>\n\t<meta property=\"og:image:type\" content=\"image\/webp\" \/>\n<meta name=\"twitter:card\" content=\"summary_large_image\" \/>\n<meta name=\"twitter:label1\" content=\"Est. reading time\" \/>\n\t<meta name=\"twitter:data1\" content=\"1 minute\" \/>\n<script type=\"application\/ld+json\" class=\"yoast-schema-graph\">{\"@context\":\"https:\\\/\\\/schema.org\",\"@graph\":[{\"@type\":\"WebPage\",\"@id\":\"https:\\\/\\\/stilanddesign.se\\\/produkt\\\/glitterring-med-knut-i-stal-i-svart\\\/\",\"url\":\"https:\\\/\\\/stilanddesign.se\\\/produkt\\\/glitterring-med-knut-i-stal-i-svart\\\/\",\"name\":\"Glitterring med knut i st\u00e5l i svart - Stil &amp; Design\",\"isPartOf\":{\"@id\":\"https:\\\/\\\/stilanddesign.se\\\/#website\"},\"primaryImageOfPage\":{\"@id\":\"https:\\\/\\\/stilanddesign.se\\\/produkt\\\/glitterring-med-knut-i-stal-i-svart\\\/#primaryimage\"},\"image\":{\"@id\":\"https:\\\/\\\/stilanddesign.se\\\/produkt\\\/glitterring-med-knut-i-stal-i-svart\\\/#primaryimage\"},\"thumbnailUrl\":\"https:\\\/\\\/stilanddesign.se\\\/wp-content\\\/uploads\\\/2025\\\/08\\\/32321211111111111111111.webp\",\"datePublished\":\"2025-08-19T14:52:10+00:00\",\"dateModified\":\"2025-11-07T10:23:24+00:00\",\"breadcrumb\":{\"@id\":\"https:\\\/\\\/stilanddesign.se\\\/produkt\\\/glitterring-med-knut-i-stal-i-svart\\\/#breadcrumb\"},\"inLanguage\":\"en-US\",\"potentialAction\":[{\"@type\":\"ReadAction\",\"target\":[\"https:\\\/\\\/stilanddesign.se\\\/produkt\\\/glitterring-med-knut-i-stal-i-svart\\\/\"]}]},{\"@type\":\"ImageObject\",\"inLanguage\":\"en-US\",\"@id\":\"https:\\\/\\\/stilanddesign.se\\\/produkt\\\/glitterring-med-knut-i-stal-i-svart\\\/#primaryimage\",\"url\":\"https:\\\/\\\/stilanddesign.se\\\/wp-content\\\/uploads\\\/2025\\\/08\\\/32321211111111111111111.webp\",\"contentUrl\":\"https:\\\/\\\/stilanddesign.se\\\/wp-content\\\/uploads\\\/2025\\\/08\\\/32321211111111111111111.webp\",\"width\":1920,\"height\":2560},{\"@type\":\"BreadcrumbList\",\"@id\":\"https:\\\/\\\/stilanddesign.se\\\/produkt\\\/glitterring-med-knut-i-stal-i-svart\\\/#breadcrumb\",\"itemListElement\":[{\"@type\":\"ListItem\",\"position\":1,\"name\":\"Hem\",\"item\":\"https:\\\/\\\/stilanddesign.se\\\/\"},{\"@type\":\"ListItem\",\"position\":2,\"name\":\"Butiken\",\"item\":\"https:\\\/\\\/stilanddesign.se\\\/butiken\\\/\"},{\"@type\":\"ListItem\",\"position\":3,\"name\":\"Glitterring med knut i st\u00e5l i svart\"}]},{\"@type\":\"WebSite\",\"@id\":\"https:\\\/\\\/stilanddesign.se\\\/#website\",\"url\":\"https:\\\/\\\/stilanddesign.se\\\/\",\"name\":\"Stil &amp; Design\",\"description\":\"F\u00f6r oss som \u00e4lskar mode!\",\"publisher\":{\"@id\":\"https:\\\/\\\/stilanddesign.se\\\/#organization\"},\"potentialAction\":[{\"@type\":\"SearchAction\",\"target\":{\"@type\":\"EntryPoint\",\"urlTemplate\":\"https:\\\/\\\/stilanddesign.se\\\/?s={search_term_string}\"},\"query-input\":{\"@type\":\"PropertyValueSpecification\",\"valueRequired\":true,\"valueName\":\"search_term_string\"}}],\"inLanguage\":\"en-US\"},{\"@type\":\"Organization\",\"@id\":\"https:\\\/\\\/stilanddesign.se\\\/#organization\",\"name\":\"Stil &amp; Design\",\"url\":\"https:\\\/\\\/stilanddesign.se\\\/\",\"logo\":{\"@type\":\"ImageObject\",\"inLanguage\":\"en-US\",\"@id\":\"https:\\\/\\\/stilanddesign.se\\\/#\\\/schema\\\/logo\\\/image\\\/\",\"url\":\"https:\\\/\\\/stilanddesign.se\\\/wp-content\\\/uploads\\\/2023\\\/12\\\/output-onlinepngtools-e1727784413220.png\",\"contentUrl\":\"https:\\\/\\\/stilanddesign.se\\\/wp-content\\\/uploads\\\/2023\\\/12\\\/output-onlinepngtools-e1727784413220.png\",\"width\":519,\"height\":135,\"caption\":\"Stil &amp; Design\"},\"image\":{\"@id\":\"https:\\\/\\\/stilanddesign.se\\\/#\\\/schema\\\/logo\\\/image\\\/\"}}]}<\/script>\n<!-- \/ Yoast SEO Premium plugin. -->","yoast_head_json":{"title":"Glitterring med knut i st\u00e5l i svart - Stil &amp; Design","robots":{"index":"index","follow":"follow","max-snippet":"max-snippet:-1","max-image-preview":"max-image-preview:large","max-video-preview":"max-video-preview:-1"},"canonical":"https:\/\/stilanddesign.se\/en\/product\/glitterring-med-knut-i-stal-i-svart\/","og_locale":"en_US","og_type":"article","og_title":"Glitterring med knut i st\u00e5l i svart","og_description":"Glitterring med knut i st\u00e5l  &nbsp;    F\u00e4rg    svart      Material  St\u00e5l   Storlek  Onesize    Flexibelt ringm\u00e5tt","og_url":"https:\/\/stilanddesign.se\/en\/product\/glitterring-med-knut-i-stal-i-svart\/","og_site_name":"Stil &amp; Design","article_modified_time":"2025-11-07T10:23:24+00:00","og_image":[{"width":1920,"height":2560,"url":"https:\/\/stilanddesign.se\/wp-content\/uploads\/2025\/08\/32321211111111111111111.webp","type":"image\/webp"}],"twitter_card":"summary_large_image","twitter_misc":{"Est. reading time":"1 minute"},"schema":{"@context":"https:\/\/schema.org","@graph":[{"@type":"WebPage","@id":"https:\/\/stilanddesign.se\/produkt\/glitterring-med-knut-i-stal-i-svart\/","url":"https:\/\/stilanddesign.se\/produkt\/glitterring-med-knut-i-stal-i-svart\/","name":"Glitterring med knut i st\u00e5l i svart - Stil &amp; Design","isPartOf":{"@id":"https:\/\/stilanddesign.se\/#website"},"primaryImageOfPage":{"@id":"https:\/\/stilanddesign.se\/produkt\/glitterring-med-knut-i-stal-i-svart\/#primaryimage"},"image":{"@id":"https:\/\/stilanddesign.se\/produkt\/glitterring-med-knut-i-stal-i-svart\/#primaryimage"},"thumbnailUrl":"https:\/\/stilanddesign.se\/wp-content\/uploads\/2025\/08\/32321211111111111111111.webp","datePublished":"2025-08-19T14:52:10+00:00","dateModified":"2025-11-07T10:23:24+00:00","breadcrumb":{"@id":"https:\/\/stilanddesign.se\/produkt\/glitterring-med-knut-i-stal-i-svart\/#breadcrumb"},"inLanguage":"en-US","potentialAction":[{"@type":"ReadAction","target":["https:\/\/stilanddesign.se\/produkt\/glitterring-med-knut-i-stal-i-svart\/"]}]},{"@type":"ImageObject","inLanguage":"en-US","@id":"https:\/\/stilanddesign.se\/produkt\/glitterring-med-knut-i-stal-i-svart\/#primaryimage","url":"https:\/\/stilanddesign.se\/wp-content\/uploads\/2025\/08\/32321211111111111111111.webp","contentUrl":"https:\/\/stilanddesign.se\/wp-content\/uploads\/2025\/08\/32321211111111111111111.webp","width":1920,"height":2560},{"@type":"BreadcrumbList","@id":"https:\/\/stilanddesign.se\/produkt\/glitterring-med-knut-i-stal-i-svart\/#breadcrumb","itemListElement":[{"@type":"ListItem","position":1,"name":"Hem","item":"https:\/\/stilanddesign.se\/"},{"@type":"ListItem","position":2,"name":"Butiken","item":"https:\/\/stilanddesign.se\/butiken\/"},{"@type":"ListItem","position":3,"name":"Glitterring med knut i st\u00e5l i svart"}]},{"@type":"WebSite","@id":"https:\/\/stilanddesign.se\/#website","url":"https:\/\/stilanddesign.se\/","name":"Style &amp; Design","description":"For those of us who love fashion!","publisher":{"@id":"https:\/\/stilanddesign.se\/#organization"},"potentialAction":[{"@type":"SearchAction","target":{"@type":"EntryPoint","urlTemplate":"https:\/\/stilanddesign.se\/?s={search_term_string}"},"query-input":{"@type":"PropertyValueSpecification","valueRequired":true,"valueName":"search_term_string"}}],"inLanguage":"en-US"},{"@type":"Organization","@id":"https:\/\/stilanddesign.se\/#organization","name":"Style &amp; Design","url":"https:\/\/stilanddesign.se\/","logo":{"@type":"ImageObject","inLanguage":"en-US","@id":"https:\/\/stilanddesign.se\/#\/schema\/logo\/image\/","url":"https:\/\/stilanddesign.se\/wp-content\/uploads\/2023\/12\/output-onlinepngtools-e1727784413220.png","contentUrl":"https:\/\/stilanddesign.se\/wp-content\/uploads\/2023\/12\/output-onlinepngtools-e1727784413220.png","width":519,"height":135,"caption":"Stil &amp; Design"},"image":{"@id":"https:\/\/stilanddesign.se\/#\/schema\/logo\/image\/"}}]}},"_links":{"self":[{"href":"https:\/\/stilanddesign.se\/en\/wp-json\/wp\/v2\/product\/1044976","targetHints":{"allow":["GET"]}}],"collection":[{"href":"https:\/\/stilanddesign.se\/en\/wp-json\/wp\/v2\/product"}],"about":[{"href":"https:\/\/stilanddesign.se\/en\/wp-json\/wp\/v2\/types\/product"}],"replies":[{"embeddable":true,"href":"https:\/\/stilanddesign.se\/en\/wp-json\/wp\/v2\/comments?post=1044976"}],"wp:featuredmedia":[{"embeddable":true,"href":"https:\/\/stilanddesign.se\/en\/wp-json\/wp\/v2\/media\/1044968"}],"wp:attachment":[{"href":"https:\/\/stilanddesign.se\/en\/wp-json\/wp\/v2\/media?parent=1044976"}],"wp:term":[{"taxonomy":"product_brand","embeddable":true,"href":"https:\/\/stilanddesign.se\/en\/wp-json\/wp\/v2\/product_brand?post=1044976"},{"taxonomy":"product_cat","embeddable":true,"href":"https:\/\/stilanddesign.se\/en\/wp-json\/wp\/v2\/product_cat?post=1044976"},{"taxonomy":"product_tag","embeddable":true,"href":"https:\/\/stilanddesign.se\/en\/wp-json\/wp\/v2\/product_tag?post=1044976"}],"curies":[{"name":"wp","href":"https:\/\/api.w.org\/{rel}","templated":true}]}}