{"id":1043792,"date":"2025-10-07T11:42:18","date_gmt":"2025-10-07T09:42:18","guid":{"rendered":"https:\/\/stilanddesign.se\/?post_type=product&#038;p=1043792"},"modified":"2025-10-08T13:02:19","modified_gmt":"2025-10-08T11:02:19","slug":"paislymonstrad-helknappt-blus-med-v-ringning-2","status":"publish","type":"product","link":"https:\/\/stilanddesign.se\/en\/product\/paislymonstrad-helknappt-blus-med-v-ringning-2\/","title":{"rendered":"Paisley patterned full-breasted blouse with V-neckline"},"content":{"rendered":"<h3><em><strong>Paisley patterned full-button blouse with V-neckline.<\/strong><\/em><\/h3>\n<p>Puff\u00e4rm med res\u00e5r.<\/p>\n<p>&#8221;Uppgradera din garderob med v\u00e5r paisleym\u00f6nstrade helkn\u00e4ppta blus! Den stiliga V-ringningen och de trendiga puff\u00e4rmarna med res\u00e5r ger en perfekt balans mellan elegans och komfort. Den unika paisleym\u00f6nstringen g\u00f6r att du verkligen kan sticka ut, oavsett om du kl\u00e4r upp dig f\u00f6r en fest eller vill ha en chic look till vardags. B\u00e4r den tillsammans med byxor eller en kjol f\u00f6r en full\u00e4ndad outfit.<\/p>\n<table class=\"woocommerce-product-attributes shop_attributes\">\n<tbody>\n<tr class=\"woocommerce-product-attributes-item woocommerce-product-attributes-item--attribute_pa_farg\">\n<th class=\"woocommerce-product-attributes-item__label\">Paint<\/th>\n<td class=\"woocommerce-product-attributes-item__value\">Army<\/td>\n<\/tr>\n<tr class=\"woocommerce-product-attributes-item woocommerce-product-attributes-item--attribute_pa_material\">\n<th class=\"woocommerce-product-attributes-item__label\">Material<\/th>\n<td class=\"woocommerce-product-attributes-item__value\">100% viscose<\/td>\n<\/tr>\n<\/tbody>\n<\/table>","protected":false},"excerpt":{"rendered":"<h3><em><strong>Paisley patterned full-button blouse with V-neckline.<\/strong><\/em><\/h3>\n<p>Puff\u00e4rm med res\u00e5r.<\/p>\n<p>&#8221;Uppgradera din garderob med v\u00e5r paisleym\u00f6nstrade helkn\u00e4ppta blus! Den stiliga V-ringningen och de trendiga puff\u00e4rmarna med res\u00e5r ger en perfekt balans mellan elegans och komfort. Den unika paisleym\u00f6nstringen g\u00f6r att du verkligen kan sticka ut, oavsett om du kl\u00e4r upp dig f\u00f6r en fest eller vill ha en chic look till vardags. B\u00e4r den tillsammans med byxor eller en kjol f\u00f6r en full\u00e4ndad outfit.<\/p>\n<table class=\"woocommerce-product-attributes shop_attributes\">\n<tbody>\n<tr class=\"woocommerce-product-attributes-item woocommerce-product-attributes-item--attribute_pa_farg\">\n<th class=\"woocommerce-product-attributes-item__label\">Paint<\/th>\n<td class=\"woocommerce-product-attributes-item__value\">Army<\/td>\n<\/tr>\n<tr class=\"woocommerce-product-attributes-item woocommerce-product-attributes-item--attribute_pa_material\">\n<th class=\"woocommerce-product-attributes-item__label\">Material<\/th>\n<td class=\"woocommerce-product-attributes-item__value\">100% viscose<\/td>\n<\/tr>\n<\/tbody>\n<\/table>\n<p>&nbsp;<\/p>","protected":false},"featured_media":1043797,"comment_status":"closed","ping_status":"closed","template":"","meta":[],"product_brand":[],"product_cat":[209],"product_tag":[],"class_list":{"0":"post-1043792","1":"product","2":"type-product","3":"status-publish","4":"has-post-thumbnail","6":"product_cat-reaprodukter","8":"first","9":"outofstock","10":"taxable","11":"shipping-taxable","12":"product-type-variable"},"yoast_head":"<!-- This site is optimized with the Yoast SEO Premium plugin v27.4 (Yoast SEO v27.5) - https:\/\/yoast.com\/product\/yoast-seo-premium-wordpress\/ -->\n<title>Paislym\u00f6nstrad helkn\u00e4ppt blus med V- ringning - Stil &amp; Design<\/title>\n<meta name=\"robots\" content=\"index, follow, max-snippet:-1, max-image-preview:large, max-video-preview:-1\" \/>\n<link rel=\"canonical\" href=\"https:\/\/stilanddesign.se\/en\/product\/paislymonstrad-helknappt-blus-med-v-ringning-2\/\" \/>\n<meta property=\"og:locale\" content=\"en_US\" \/>\n<meta property=\"og:type\" content=\"article\" \/>\n<meta property=\"og:title\" content=\"Paislym\u00f6nstrad helkn\u00e4ppt blus med V- ringning\" \/>\n<meta property=\"og:description\" content=\"Paislym\u00f6nstrad helkn\u00e4ppt blus med V- ringning. Puff\u00e4rm med res\u00e5r.  &quot;Uppgradera din garderob med v\u00e5r paisleym\u00f6nstrade helkn\u00e4ppta blus! Den stiliga V-ringningen och de trendiga puff\u00e4rmarna med res\u00e5r ger en perfekt balans mellan elegans och komfort. Den unika paisleym\u00f6nstringen g\u00f6r att du verkligen kan sticka ut, oavsett om du kl\u00e4r upp dig f\u00f6r en fest eller vill ha en chic look till vardags. B\u00e4r den tillsammans med byxor eller en kjol f\u00f6r en full\u00e4ndad outfit.    F\u00e4rg Army   Material 100% viscose    &nbsp;\" \/>\n<meta property=\"og:url\" content=\"https:\/\/stilanddesign.se\/en\/product\/paislymonstrad-helknappt-blus-med-v-ringning-2\/\" \/>\n<meta property=\"og:site_name\" content=\"Stil &amp; Design\" \/>\n<meta property=\"article:modified_time\" content=\"2025-10-08T11:02:19+00:00\" \/>\n<meta property=\"og:image\" content=\"https:\/\/stilanddesign.se\/wp-content\/uploads\/2025\/08\/image00088-1440x1920-1.jpeg\" \/>\n\t<meta property=\"og:image:width\" content=\"1440\" \/>\n\t<meta property=\"og:image:height\" content=\"1920\" \/>\n\t<meta property=\"og:image:type\" content=\"image\/jpeg\" \/>\n<meta name=\"twitter:card\" content=\"summary_large_image\" \/>\n<meta name=\"twitter:label1\" content=\"Est. reading time\" \/>\n\t<meta name=\"twitter:data1\" content=\"1 minute\" \/>\n<script type=\"application\/ld+json\" class=\"yoast-schema-graph\">{\"@context\":\"https:\\\/\\\/schema.org\",\"@graph\":[{\"@type\":\"WebPage\",\"@id\":\"https:\\\/\\\/stilanddesign.se\\\/produkt\\\/paislymonstrad-helknappt-blus-med-v-ringning-2\\\/\",\"url\":\"https:\\\/\\\/stilanddesign.se\\\/produkt\\\/paislymonstrad-helknappt-blus-med-v-ringning-2\\\/\",\"name\":\"Paislym\u00f6nstrad helkn\u00e4ppt blus med V- ringning - Stil &amp; Design\",\"isPartOf\":{\"@id\":\"https:\\\/\\\/stilanddesign.se\\\/#website\"},\"primaryImageOfPage\":{\"@id\":\"https:\\\/\\\/stilanddesign.se\\\/produkt\\\/paislymonstrad-helknappt-blus-med-v-ringning-2\\\/#primaryimage\"},\"image\":{\"@id\":\"https:\\\/\\\/stilanddesign.se\\\/produkt\\\/paislymonstrad-helknappt-blus-med-v-ringning-2\\\/#primaryimage\"},\"thumbnailUrl\":\"https:\\\/\\\/stilanddesign.se\\\/wp-content\\\/uploads\\\/2025\\\/08\\\/image00088-1440x1920-1.jpeg\",\"datePublished\":\"2025-10-07T09:42:18+00:00\",\"dateModified\":\"2025-10-08T11:02:19+00:00\",\"breadcrumb\":{\"@id\":\"https:\\\/\\\/stilanddesign.se\\\/produkt\\\/paislymonstrad-helknappt-blus-med-v-ringning-2\\\/#breadcrumb\"},\"inLanguage\":\"en-US\",\"potentialAction\":[{\"@type\":\"ReadAction\",\"target\":[\"https:\\\/\\\/stilanddesign.se\\\/produkt\\\/paislymonstrad-helknappt-blus-med-v-ringning-2\\\/\"]}]},{\"@type\":\"ImageObject\",\"inLanguage\":\"en-US\",\"@id\":\"https:\\\/\\\/stilanddesign.se\\\/produkt\\\/paislymonstrad-helknappt-blus-med-v-ringning-2\\\/#primaryimage\",\"url\":\"https:\\\/\\\/stilanddesign.se\\\/wp-content\\\/uploads\\\/2025\\\/08\\\/image00088-1440x1920-1.jpeg\",\"contentUrl\":\"https:\\\/\\\/stilanddesign.se\\\/wp-content\\\/uploads\\\/2025\\\/08\\\/image00088-1440x1920-1.jpeg\",\"width\":1440,\"height\":1920},{\"@type\":\"BreadcrumbList\",\"@id\":\"https:\\\/\\\/stilanddesign.se\\\/produkt\\\/paislymonstrad-helknappt-blus-med-v-ringning-2\\\/#breadcrumb\",\"itemListElement\":[{\"@type\":\"ListItem\",\"position\":1,\"name\":\"Hem\",\"item\":\"https:\\\/\\\/stilanddesign.se\\\/\"},{\"@type\":\"ListItem\",\"position\":2,\"name\":\"Butiken\",\"item\":\"https:\\\/\\\/stilanddesign.se\\\/butiken\\\/\"},{\"@type\":\"ListItem\",\"position\":3,\"name\":\"Paislym\u00f6nstrad helkn\u00e4ppt blus med V- ringning\"}]},{\"@type\":\"WebSite\",\"@id\":\"https:\\\/\\\/stilanddesign.se\\\/#website\",\"url\":\"https:\\\/\\\/stilanddesign.se\\\/\",\"name\":\"Stil &amp; Design\",\"description\":\"F\u00f6r oss som \u00e4lskar mode!\",\"publisher\":{\"@id\":\"https:\\\/\\\/stilanddesign.se\\\/#organization\"},\"potentialAction\":[{\"@type\":\"SearchAction\",\"target\":{\"@type\":\"EntryPoint\",\"urlTemplate\":\"https:\\\/\\\/stilanddesign.se\\\/?s={search_term_string}\"},\"query-input\":{\"@type\":\"PropertyValueSpecification\",\"valueRequired\":true,\"valueName\":\"search_term_string\"}}],\"inLanguage\":\"en-US\"},{\"@type\":\"Organization\",\"@id\":\"https:\\\/\\\/stilanddesign.se\\\/#organization\",\"name\":\"Stil &amp; Design\",\"url\":\"https:\\\/\\\/stilanddesign.se\\\/\",\"logo\":{\"@type\":\"ImageObject\",\"inLanguage\":\"en-US\",\"@id\":\"https:\\\/\\\/stilanddesign.se\\\/#\\\/schema\\\/logo\\\/image\\\/\",\"url\":\"https:\\\/\\\/stilanddesign.se\\\/wp-content\\\/uploads\\\/2023\\\/12\\\/output-onlinepngtools-e1727784413220.png\",\"contentUrl\":\"https:\\\/\\\/stilanddesign.se\\\/wp-content\\\/uploads\\\/2023\\\/12\\\/output-onlinepngtools-e1727784413220.png\",\"width\":519,\"height\":135,\"caption\":\"Stil &amp; Design\"},\"image\":{\"@id\":\"https:\\\/\\\/stilanddesign.se\\\/#\\\/schema\\\/logo\\\/image\\\/\"}}]}<\/script>\n<!-- \/ Yoast SEO Premium plugin. -->","yoast_head_json":{"title":"Paislym\u00f6nstrad helkn\u00e4ppt blus med V- ringning - Stil &amp; Design","robots":{"index":"index","follow":"follow","max-snippet":"max-snippet:-1","max-image-preview":"max-image-preview:large","max-video-preview":"max-video-preview:-1"},"canonical":"https:\/\/stilanddesign.se\/en\/product\/paislymonstrad-helknappt-blus-med-v-ringning-2\/","og_locale":"en_US","og_type":"article","og_title":"Paislym\u00f6nstrad helkn\u00e4ppt blus med V- ringning","og_description":"Paislym\u00f6nstrad helkn\u00e4ppt blus med V- ringning. Puff\u00e4rm med res\u00e5r.  \"Uppgradera din garderob med v\u00e5r paisleym\u00f6nstrade helkn\u00e4ppta blus! Den stiliga V-ringningen och de trendiga puff\u00e4rmarna med res\u00e5r ger en perfekt balans mellan elegans och komfort. Den unika paisleym\u00f6nstringen g\u00f6r att du verkligen kan sticka ut, oavsett om du kl\u00e4r upp dig f\u00f6r en fest eller vill ha en chic look till vardags. B\u00e4r den tillsammans med byxor eller en kjol f\u00f6r en full\u00e4ndad outfit.    F\u00e4rg Army   Material 100% viscose    &nbsp;","og_url":"https:\/\/stilanddesign.se\/en\/product\/paislymonstrad-helknappt-blus-med-v-ringning-2\/","og_site_name":"Stil &amp; Design","article_modified_time":"2025-10-08T11:02:19+00:00","og_image":[{"width":1440,"height":1920,"url":"https:\/\/stilanddesign.se\/wp-content\/uploads\/2025\/08\/image00088-1440x1920-1.jpeg","type":"image\/jpeg"}],"twitter_card":"summary_large_image","twitter_misc":{"Est. reading time":"1 minute"},"schema":{"@context":"https:\/\/schema.org","@graph":[{"@type":"WebPage","@id":"https:\/\/stilanddesign.se\/produkt\/paislymonstrad-helknappt-blus-med-v-ringning-2\/","url":"https:\/\/stilanddesign.se\/produkt\/paislymonstrad-helknappt-blus-med-v-ringning-2\/","name":"Paislym\u00f6nstrad helkn\u00e4ppt blus med V- ringning - Stil &amp; Design","isPartOf":{"@id":"https:\/\/stilanddesign.se\/#website"},"primaryImageOfPage":{"@id":"https:\/\/stilanddesign.se\/produkt\/paislymonstrad-helknappt-blus-med-v-ringning-2\/#primaryimage"},"image":{"@id":"https:\/\/stilanddesign.se\/produkt\/paislymonstrad-helknappt-blus-med-v-ringning-2\/#primaryimage"},"thumbnailUrl":"https:\/\/stilanddesign.se\/wp-content\/uploads\/2025\/08\/image00088-1440x1920-1.jpeg","datePublished":"2025-10-07T09:42:18+00:00","dateModified":"2025-10-08T11:02:19+00:00","breadcrumb":{"@id":"https:\/\/stilanddesign.se\/produkt\/paislymonstrad-helknappt-blus-med-v-ringning-2\/#breadcrumb"},"inLanguage":"en-US","potentialAction":[{"@type":"ReadAction","target":["https:\/\/stilanddesign.se\/produkt\/paislymonstrad-helknappt-blus-med-v-ringning-2\/"]}]},{"@type":"ImageObject","inLanguage":"en-US","@id":"https:\/\/stilanddesign.se\/produkt\/paislymonstrad-helknappt-blus-med-v-ringning-2\/#primaryimage","url":"https:\/\/stilanddesign.se\/wp-content\/uploads\/2025\/08\/image00088-1440x1920-1.jpeg","contentUrl":"https:\/\/stilanddesign.se\/wp-content\/uploads\/2025\/08\/image00088-1440x1920-1.jpeg","width":1440,"height":1920},{"@type":"BreadcrumbList","@id":"https:\/\/stilanddesign.se\/produkt\/paislymonstrad-helknappt-blus-med-v-ringning-2\/#breadcrumb","itemListElement":[{"@type":"ListItem","position":1,"name":"Hem","item":"https:\/\/stilanddesign.se\/"},{"@type":"ListItem","position":2,"name":"Butiken","item":"https:\/\/stilanddesign.se\/butiken\/"},{"@type":"ListItem","position":3,"name":"Paislym\u00f6nstrad helkn\u00e4ppt blus med V- ringning"}]},{"@type":"WebSite","@id":"https:\/\/stilanddesign.se\/#website","url":"https:\/\/stilanddesign.se\/","name":"Style &amp; Design","description":"For those of us who love fashion!","publisher":{"@id":"https:\/\/stilanddesign.se\/#organization"},"potentialAction":[{"@type":"SearchAction","target":{"@type":"EntryPoint","urlTemplate":"https:\/\/stilanddesign.se\/?s={search_term_string}"},"query-input":{"@type":"PropertyValueSpecification","valueRequired":true,"valueName":"search_term_string"}}],"inLanguage":"en-US"},{"@type":"Organization","@id":"https:\/\/stilanddesign.se\/#organization","name":"Style &amp; Design","url":"https:\/\/stilanddesign.se\/","logo":{"@type":"ImageObject","inLanguage":"en-US","@id":"https:\/\/stilanddesign.se\/#\/schema\/logo\/image\/","url":"https:\/\/stilanddesign.se\/wp-content\/uploads\/2023\/12\/output-onlinepngtools-e1727784413220.png","contentUrl":"https:\/\/stilanddesign.se\/wp-content\/uploads\/2023\/12\/output-onlinepngtools-e1727784413220.png","width":519,"height":135,"caption":"Stil &amp; Design"},"image":{"@id":"https:\/\/stilanddesign.se\/#\/schema\/logo\/image\/"}}]}},"_links":{"self":[{"href":"https:\/\/stilanddesign.se\/en\/wp-json\/wp\/v2\/product\/1043792","targetHints":{"allow":["GET"]}}],"collection":[{"href":"https:\/\/stilanddesign.se\/en\/wp-json\/wp\/v2\/product"}],"about":[{"href":"https:\/\/stilanddesign.se\/en\/wp-json\/wp\/v2\/types\/product"}],"replies":[{"embeddable":true,"href":"https:\/\/stilanddesign.se\/en\/wp-json\/wp\/v2\/comments?post=1043792"}],"wp:featuredmedia":[{"embeddable":true,"href":"https:\/\/stilanddesign.se\/en\/wp-json\/wp\/v2\/media\/1043797"}],"wp:attachment":[{"href":"https:\/\/stilanddesign.se\/en\/wp-json\/wp\/v2\/media?parent=1043792"}],"wp:term":[{"taxonomy":"product_brand","embeddable":true,"href":"https:\/\/stilanddesign.se\/en\/wp-json\/wp\/v2\/product_brand?post=1043792"},{"taxonomy":"product_cat","embeddable":true,"href":"https:\/\/stilanddesign.se\/en\/wp-json\/wp\/v2\/product_cat?post=1043792"},{"taxonomy":"product_tag","embeddable":true,"href":"https:\/\/stilanddesign.se\/en\/wp-json\/wp\/v2\/product_tag?post=1043792"}],"curies":[{"name":"wp","href":"https:\/\/api.w.org\/{rel}","templated":true}]}}