{"id":1043115,"date":"2025-08-28T11:31:17","date_gmt":"2025-08-28T09:31:17","guid":{"rendered":"https:\/\/stilanddesign.se\/?post_type=product&#038;p=1043115"},"modified":"2025-09-18T14:41:13","modified_gmt":"2025-09-18T12:41:13","slug":"mysiga-trojor-fran-zabaione-3","status":"publish","type":"product","link":"https:\/\/stilanddesign.se\/en\/product\/mysiga-trojor-fran-zabaione-3\/","title":{"rendered":"Cozy sweaters from Zabaione"},"content":{"rendered":"<div class=\"overflow-x-auto relative\" dir=\"auto\">\n<div>\n<p><strong>Cozy sweaters from Zabaione<\/strong><\/p>\n<\/div>\n<\/div>\n<div class=\"overflow-x-auto relative\" dir=\"auto\">\n<p>Elevate your comfort with these gorgeous sweaters in two beautiful shades \u2013 beige &amp; taupe. With a soft and fluffy texture, these crew neck sweaters are perfect for cold days. The stylish contrast pattern at the neckline and sleeves adds a modern touch that will keep you looking chic at all times<\/p>\n<ul class=\"nolist attributes\">\n<li class=\"material\"><span class=\"lbl\">Material:\u00a0<\/span><span class=\"value\">50% polyacrylic, 30% nylon, 10% mohair, 10% wool<\/span><\/li>\n<li>Washing instructions 30g<\/li>\n<\/ul>\n<div class=\"variants\">\n<p id=\"color-title\" data-color=\"taupe\">\n<\/div>\n<\/div>","protected":false},"excerpt":{"rendered":"<div class=\"overflow-x-auto relative\" dir=\"auto\">\n<div class=\"overflow-x-auto relative\" dir=\"auto\">\n<div class=\"overflow-x-auto relative\" dir=\"auto\">\n<div>\n<p><strong>Cozy sweaters from Zabaione<\/strong><\/p>\n<\/div>\n<\/div>\n<div class=\"overflow-x-auto relative\" dir=\"auto\">\n<p>Elevate your comfort with these gorgeous sweaters in two beautiful shades \u2013 beige &amp; taupe. With a soft and fluffy texture, these crew neck sweaters are perfect for cold days. The stylish contrast pattern at the neckline and sleeves adds a modern touch that will keep you looking chic at all times<\/p>\n<ul class=\"nolist attributes\">\n<li class=\"material\"><span class=\"lbl\">Material:\u00a0<\/span><span class=\"value\">50% polyacrylic, 30% nylon, 10% mohair, 10% wool<\/span><\/li>\n<li>Washing instructions 30g<\/li>\n<\/ul>\n<\/div>\n<\/div>\n<\/div>","protected":false},"featured_media":1043128,"comment_status":"closed","ping_status":"closed","template":"","meta":[],"product_brand":[],"product_cat":[209],"product_tag":[],"class_list":{"0":"post-1043115","1":"product","2":"type-product","3":"status-publish","4":"has-post-thumbnail","6":"product_cat-reaprodukter","8":"first","9":"outofstock","10":"taxable","11":"shipping-taxable","12":"product-type-variable"},"yoast_head":"<!-- This site is optimized with the Yoast SEO Premium plugin v27.4 (Yoast SEO v27.5) - https:\/\/yoast.com\/product\/yoast-seo-premium-wordpress\/ -->\n<title>Mysiga tr\u00f6jor fr\u00e5n Zabaione - Stil &amp; Design<\/title>\n<meta name=\"robots\" content=\"index, follow, max-snippet:-1, max-image-preview:large, max-video-preview:-1\" \/>\n<link rel=\"canonical\" href=\"https:\/\/stilanddesign.se\/en\/product\/mysiga-trojor-fran-zabaione-3\/\" \/>\n<meta property=\"og:locale\" content=\"en_US\" \/>\n<meta property=\"og:type\" content=\"article\" \/>\n<meta property=\"og:title\" content=\"Mysiga tr\u00f6jor fr\u00e5n Zabaione\" \/>\n<meta property=\"og:description\" content=\"Mysiga tr\u00f6jor fr\u00e5n Zabaione      H\u00f6j din komfort med dessa underbara tr\u00f6jor i tv\u00e5 vackra nyanser \u2013 beige &amp; taupe. Med en mjuk och fluffig struktur \u00e4r dessa rundhalsade tr\u00f6jor perfekta f\u00f6r kalla dagar. Det stiliga kontrastm\u00f6nstret vid halsringningen och \u00e4rmarna ger en modern touch som g\u00f6r att du alltid ser chic ut   Material:\u00a050% polyakryl, 30% nylon, 10% mohair, 10% ull  Tv\u00e4ttr\u00e5d 30g\" \/>\n<meta property=\"og:url\" content=\"https:\/\/stilanddesign.se\/en\/product\/mysiga-trojor-fran-zabaione-3\/\" \/>\n<meta property=\"og:site_name\" content=\"Stil &amp; Design\" \/>\n<meta property=\"article:modified_time\" content=\"2025-09-18T12:41:13+00:00\" \/>\n<meta property=\"og:image\" content=\"https:\/\/stilanddesign.se\/wp-content\/uploads\/2025\/08\/4067218725916_1.jpg\" \/>\n\t<meta property=\"og:image:width\" content=\"889\" \/>\n\t<meta property=\"og:image:height\" content=\"1280\" \/>\n\t<meta property=\"og:image:type\" content=\"image\/jpeg\" \/>\n<meta name=\"twitter:card\" content=\"summary_large_image\" \/>\n<meta name=\"twitter:label1\" content=\"Est. reading time\" \/>\n\t<meta name=\"twitter:data1\" content=\"1 minute\" \/>\n<script type=\"application\/ld+json\" class=\"yoast-schema-graph\">{\"@context\":\"https:\\\/\\\/schema.org\",\"@graph\":[{\"@type\":\"WebPage\",\"@id\":\"https:\\\/\\\/stilanddesign.se\\\/produkt\\\/mysiga-trojor-fran-zabaione-3\\\/\",\"url\":\"https:\\\/\\\/stilanddesign.se\\\/produkt\\\/mysiga-trojor-fran-zabaione-3\\\/\",\"name\":\"Mysiga tr\u00f6jor fr\u00e5n Zabaione - Stil &amp; Design\",\"isPartOf\":{\"@id\":\"https:\\\/\\\/stilanddesign.se\\\/#website\"},\"primaryImageOfPage\":{\"@id\":\"https:\\\/\\\/stilanddesign.se\\\/produkt\\\/mysiga-trojor-fran-zabaione-3\\\/#primaryimage\"},\"image\":{\"@id\":\"https:\\\/\\\/stilanddesign.se\\\/produkt\\\/mysiga-trojor-fran-zabaione-3\\\/#primaryimage\"},\"thumbnailUrl\":\"https:\\\/\\\/stilanddesign.se\\\/wp-content\\\/uploads\\\/2025\\\/08\\\/4067218725916_1.jpg\",\"datePublished\":\"2025-08-28T09:31:17+00:00\",\"dateModified\":\"2025-09-18T12:41:13+00:00\",\"breadcrumb\":{\"@id\":\"https:\\\/\\\/stilanddesign.se\\\/produkt\\\/mysiga-trojor-fran-zabaione-3\\\/#breadcrumb\"},\"inLanguage\":\"en-US\",\"potentialAction\":[{\"@type\":\"ReadAction\",\"target\":[\"https:\\\/\\\/stilanddesign.se\\\/produkt\\\/mysiga-trojor-fran-zabaione-3\\\/\"]}]},{\"@type\":\"ImageObject\",\"inLanguage\":\"en-US\",\"@id\":\"https:\\\/\\\/stilanddesign.se\\\/produkt\\\/mysiga-trojor-fran-zabaione-3\\\/#primaryimage\",\"url\":\"https:\\\/\\\/stilanddesign.se\\\/wp-content\\\/uploads\\\/2025\\\/08\\\/4067218725916_1.jpg\",\"contentUrl\":\"https:\\\/\\\/stilanddesign.se\\\/wp-content\\\/uploads\\\/2025\\\/08\\\/4067218725916_1.jpg\",\"width\":889,\"height\":1280},{\"@type\":\"BreadcrumbList\",\"@id\":\"https:\\\/\\\/stilanddesign.se\\\/produkt\\\/mysiga-trojor-fran-zabaione-3\\\/#breadcrumb\",\"itemListElement\":[{\"@type\":\"ListItem\",\"position\":1,\"name\":\"Hem\",\"item\":\"https:\\\/\\\/stilanddesign.se\\\/\"},{\"@type\":\"ListItem\",\"position\":2,\"name\":\"Butiken\",\"item\":\"https:\\\/\\\/stilanddesign.se\\\/butiken\\\/\"},{\"@type\":\"ListItem\",\"position\":3,\"name\":\"Mysiga tr\u00f6jor fr\u00e5n Zabaione\"}]},{\"@type\":\"WebSite\",\"@id\":\"https:\\\/\\\/stilanddesign.se\\\/#website\",\"url\":\"https:\\\/\\\/stilanddesign.se\\\/\",\"name\":\"Stil &amp; Design\",\"description\":\"F\u00f6r oss som \u00e4lskar mode!\",\"publisher\":{\"@id\":\"https:\\\/\\\/stilanddesign.se\\\/#organization\"},\"potentialAction\":[{\"@type\":\"SearchAction\",\"target\":{\"@type\":\"EntryPoint\",\"urlTemplate\":\"https:\\\/\\\/stilanddesign.se\\\/?s={search_term_string}\"},\"query-input\":{\"@type\":\"PropertyValueSpecification\",\"valueRequired\":true,\"valueName\":\"search_term_string\"}}],\"inLanguage\":\"en-US\"},{\"@type\":\"Organization\",\"@id\":\"https:\\\/\\\/stilanddesign.se\\\/#organization\",\"name\":\"Stil &amp; Design\",\"url\":\"https:\\\/\\\/stilanddesign.se\\\/\",\"logo\":{\"@type\":\"ImageObject\",\"inLanguage\":\"en-US\",\"@id\":\"https:\\\/\\\/stilanddesign.se\\\/#\\\/schema\\\/logo\\\/image\\\/\",\"url\":\"https:\\\/\\\/stilanddesign.se\\\/wp-content\\\/uploads\\\/2023\\\/12\\\/output-onlinepngtools-e1727784413220.png\",\"contentUrl\":\"https:\\\/\\\/stilanddesign.se\\\/wp-content\\\/uploads\\\/2023\\\/12\\\/output-onlinepngtools-e1727784413220.png\",\"width\":519,\"height\":135,\"caption\":\"Stil &amp; Design\"},\"image\":{\"@id\":\"https:\\\/\\\/stilanddesign.se\\\/#\\\/schema\\\/logo\\\/image\\\/\"}}]}<\/script>\n<!-- \/ Yoast SEO Premium plugin. -->","yoast_head_json":{"title":"Mysiga tr\u00f6jor fr\u00e5n Zabaione - Stil &amp; Design","robots":{"index":"index","follow":"follow","max-snippet":"max-snippet:-1","max-image-preview":"max-image-preview:large","max-video-preview":"max-video-preview:-1"},"canonical":"https:\/\/stilanddesign.se\/en\/product\/mysiga-trojor-fran-zabaione-3\/","og_locale":"en_US","og_type":"article","og_title":"Mysiga tr\u00f6jor fr\u00e5n Zabaione","og_description":"Mysiga tr\u00f6jor fr\u00e5n Zabaione      H\u00f6j din komfort med dessa underbara tr\u00f6jor i tv\u00e5 vackra nyanser \u2013 beige &amp; taupe. Med en mjuk och fluffig struktur \u00e4r dessa rundhalsade tr\u00f6jor perfekta f\u00f6r kalla dagar. Det stiliga kontrastm\u00f6nstret vid halsringningen och \u00e4rmarna ger en modern touch som g\u00f6r att du alltid ser chic ut   Material:\u00a050% polyakryl, 30% nylon, 10% mohair, 10% ull  Tv\u00e4ttr\u00e5d 30g","og_url":"https:\/\/stilanddesign.se\/en\/product\/mysiga-trojor-fran-zabaione-3\/","og_site_name":"Stil &amp; Design","article_modified_time":"2025-09-18T12:41:13+00:00","og_image":[{"width":889,"height":1280,"url":"https:\/\/stilanddesign.se\/wp-content\/uploads\/2025\/08\/4067218725916_1.jpg","type":"image\/jpeg"}],"twitter_card":"summary_large_image","twitter_misc":{"Est. reading time":"1 minute"},"schema":{"@context":"https:\/\/schema.org","@graph":[{"@type":"WebPage","@id":"https:\/\/stilanddesign.se\/produkt\/mysiga-trojor-fran-zabaione-3\/","url":"https:\/\/stilanddesign.se\/produkt\/mysiga-trojor-fran-zabaione-3\/","name":"Mysiga tr\u00f6jor fr\u00e5n Zabaione - Stil &amp; Design","isPartOf":{"@id":"https:\/\/stilanddesign.se\/#website"},"primaryImageOfPage":{"@id":"https:\/\/stilanddesign.se\/produkt\/mysiga-trojor-fran-zabaione-3\/#primaryimage"},"image":{"@id":"https:\/\/stilanddesign.se\/produkt\/mysiga-trojor-fran-zabaione-3\/#primaryimage"},"thumbnailUrl":"https:\/\/stilanddesign.se\/wp-content\/uploads\/2025\/08\/4067218725916_1.jpg","datePublished":"2025-08-28T09:31:17+00:00","dateModified":"2025-09-18T12:41:13+00:00","breadcrumb":{"@id":"https:\/\/stilanddesign.se\/produkt\/mysiga-trojor-fran-zabaione-3\/#breadcrumb"},"inLanguage":"en-US","potentialAction":[{"@type":"ReadAction","target":["https:\/\/stilanddesign.se\/produkt\/mysiga-trojor-fran-zabaione-3\/"]}]},{"@type":"ImageObject","inLanguage":"en-US","@id":"https:\/\/stilanddesign.se\/produkt\/mysiga-trojor-fran-zabaione-3\/#primaryimage","url":"https:\/\/stilanddesign.se\/wp-content\/uploads\/2025\/08\/4067218725916_1.jpg","contentUrl":"https:\/\/stilanddesign.se\/wp-content\/uploads\/2025\/08\/4067218725916_1.jpg","width":889,"height":1280},{"@type":"BreadcrumbList","@id":"https:\/\/stilanddesign.se\/produkt\/mysiga-trojor-fran-zabaione-3\/#breadcrumb","itemListElement":[{"@type":"ListItem","position":1,"name":"Hem","item":"https:\/\/stilanddesign.se\/"},{"@type":"ListItem","position":2,"name":"Butiken","item":"https:\/\/stilanddesign.se\/butiken\/"},{"@type":"ListItem","position":3,"name":"Mysiga tr\u00f6jor fr\u00e5n Zabaione"}]},{"@type":"WebSite","@id":"https:\/\/stilanddesign.se\/#website","url":"https:\/\/stilanddesign.se\/","name":"Style &amp; Design","description":"For those of us who love fashion!","publisher":{"@id":"https:\/\/stilanddesign.se\/#organization"},"potentialAction":[{"@type":"SearchAction","target":{"@type":"EntryPoint","urlTemplate":"https:\/\/stilanddesign.se\/?s={search_term_string}"},"query-input":{"@type":"PropertyValueSpecification","valueRequired":true,"valueName":"search_term_string"}}],"inLanguage":"en-US"},{"@type":"Organization","@id":"https:\/\/stilanddesign.se\/#organization","name":"Style &amp; Design","url":"https:\/\/stilanddesign.se\/","logo":{"@type":"ImageObject","inLanguage":"en-US","@id":"https:\/\/stilanddesign.se\/#\/schema\/logo\/image\/","url":"https:\/\/stilanddesign.se\/wp-content\/uploads\/2023\/12\/output-onlinepngtools-e1727784413220.png","contentUrl":"https:\/\/stilanddesign.se\/wp-content\/uploads\/2023\/12\/output-onlinepngtools-e1727784413220.png","width":519,"height":135,"caption":"Stil &amp; Design"},"image":{"@id":"https:\/\/stilanddesign.se\/#\/schema\/logo\/image\/"}}]}},"_links":{"self":[{"href":"https:\/\/stilanddesign.se\/en\/wp-json\/wp\/v2\/product\/1043115","targetHints":{"allow":["GET"]}}],"collection":[{"href":"https:\/\/stilanddesign.se\/en\/wp-json\/wp\/v2\/product"}],"about":[{"href":"https:\/\/stilanddesign.se\/en\/wp-json\/wp\/v2\/types\/product"}],"replies":[{"embeddable":true,"href":"https:\/\/stilanddesign.se\/en\/wp-json\/wp\/v2\/comments?post=1043115"}],"wp:featuredmedia":[{"embeddable":true,"href":"https:\/\/stilanddesign.se\/en\/wp-json\/wp\/v2\/media\/1043128"}],"wp:attachment":[{"href":"https:\/\/stilanddesign.se\/en\/wp-json\/wp\/v2\/media?parent=1043115"}],"wp:term":[{"taxonomy":"product_brand","embeddable":true,"href":"https:\/\/stilanddesign.se\/en\/wp-json\/wp\/v2\/product_brand?post=1043115"},{"taxonomy":"product_cat","embeddable":true,"href":"https:\/\/stilanddesign.se\/en\/wp-json\/wp\/v2\/product_cat?post=1043115"},{"taxonomy":"product_tag","embeddable":true,"href":"https:\/\/stilanddesign.se\/en\/wp-json\/wp\/v2\/product_tag?post=1043115"}],"curies":[{"name":"wp","href":"https:\/\/api.w.org\/{rel}","templated":true}]}}