{"id":1043008,"date":"2025-09-24T17:52:17","date_gmt":"2025-09-24T15:52:17","guid":{"rendered":"https:\/\/stilanddesign.se\/?post_type=product&#038;p=1043008"},"modified":"2025-09-30T11:01:39","modified_gmt":"2025-09-30T09:01:39","slug":"elegant-blus-fran-zabaione","status":"publish","type":"product","link":"https:\/\/stilanddesign.se\/en\/product\/elegant-blus-fran-zabaione\/","title":{"rendered":"Elegant blouse from Zabaione"},"content":{"rendered":"<div class=\"overflow-x-auto relative\" dir=\"auto\">\n<div>\n<p><strong>Elegant blouse from Zabaione<\/strong><\/p>\n<\/div>\n<\/div>\n<div class=\"overflow-x-auto relative\" dir=\"auto\">\n<div>\n<p>Experience timeless style with this elegant blouse in a fresh shade. With a beautiful V-neckline and pleated sleeves, you get a sophisticated look that is perfect for both the office and festive occasions. The light and airy design makes it comfortable to wear all day. Combine with jeans for a casual style or with a skirt for a more formal look.<\/p>\n<ul class=\"nolist attributes\">\n<li class=\"material\"><span class=\"lbl\">Material:<\/span>\u00a0<span class=\"value\">100% Polyester<\/span><\/li>\n<li>Washing instructions 30g<\/li>\n<\/ul>\n<\/div>\n<\/div>","protected":false},"excerpt":{"rendered":"<div class=\"overflow-x-auto relative\" dir=\"auto\">\n<div>\n<p><strong>Elegant blouse from Zabaione<\/strong><\/p>\n<\/div>\n<\/div>\n<div class=\"overflow-x-auto relative\" dir=\"auto\">\n<div>\n<p>Experience timeless style with this elegant blouse in a fresh shade. With a beautiful V-neckline and pleated sleeves, you get a sophisticated look that is perfect for both the office and festive occasions. The light and airy design makes it comfortable to wear all day. Combine with jeans for a casual style or with a skirt for a more formal look.<\/p>\n<ul class=\"nolist attributes\">\n<li class=\"material\"><span class=\"lbl\">Material:<\/span>\u00a0<span class=\"value\">100% Polyester<\/span><\/li>\n<li>Washing instructions 30g<\/li>\n<\/ul>\n<\/div>\n<\/div>","protected":false},"featured_media":1043000,"comment_status":"closed","ping_status":"closed","template":"","meta":[],"product_brand":[],"product_cat":[209],"product_tag":[],"class_list":{"0":"post-1043008","1":"product","2":"type-product","3":"status-publish","4":"has-post-thumbnail","6":"product_cat-reaprodukter","8":"first","9":"outofstock","10":"taxable","11":"shipping-taxable","12":"product-type-variable"},"yoast_head":"<!-- This site is optimized with the Yoast SEO Premium plugin v27.4 (Yoast SEO v27.5) - https:\/\/yoast.com\/product\/yoast-seo-premium-wordpress\/ -->\n<title>Elegant blus fr\u00e5n Zabaione - Stil &amp; Design<\/title>\n<meta name=\"robots\" content=\"index, follow, max-snippet:-1, max-image-preview:large, max-video-preview:-1\" \/>\n<link rel=\"canonical\" href=\"https:\/\/stilanddesign.se\/en\/product\/elegant-blus-fran-zabaione\/\" \/>\n<meta property=\"og:locale\" content=\"en_US\" \/>\n<meta property=\"og:type\" content=\"article\" \/>\n<meta property=\"og:title\" content=\"Elegant blus fr\u00e5n Zabaione\" \/>\n<meta property=\"og:description\" content=\"Elegant blus fr\u00e5n Zabaione       Upplev tidl\u00f6s stil med denna eleganta blus i en fr\u00e4sch nyans. Med en vacker V-ringning och plisserade \u00e4rmar f\u00e5r du en sofistikerad look som passar perfekt f\u00f6r b\u00e5de kontoret och festliga tillf\u00e4llen. Den l\u00e4tta och luftiga designen g\u00f6r den behaglig att b\u00e4ra hela dagen. Kombinera med jeans f\u00f6r en avslappnad stil eller med en kjol f\u00f6r en mer formell look.   Material:\u00a0100% Polyester  Tv\u00e4ttr\u00e5d 30g\" \/>\n<meta property=\"og:url\" content=\"https:\/\/stilanddesign.se\/en\/product\/elegant-blus-fran-zabaione\/\" \/>\n<meta property=\"og:site_name\" content=\"Stil &amp; Design\" \/>\n<meta property=\"article:modified_time\" content=\"2025-09-30T09:01:39+00:00\" \/>\n<meta property=\"og:image\" content=\"https:\/\/stilanddesign.se\/wp-content\/uploads\/2025\/08\/4068696767559_1.jpg\" \/>\n\t<meta property=\"og:image:width\" content=\"889\" \/>\n\t<meta property=\"og:image:height\" content=\"1280\" \/>\n\t<meta property=\"og:image:type\" content=\"image\/jpeg\" \/>\n<meta name=\"twitter:card\" content=\"summary_large_image\" \/>\n<meta name=\"twitter:label1\" content=\"Est. reading time\" \/>\n\t<meta name=\"twitter:data1\" content=\"1 minute\" \/>\n<script type=\"application\/ld+json\" class=\"yoast-schema-graph\">{\"@context\":\"https:\\\/\\\/schema.org\",\"@graph\":[{\"@type\":\"WebPage\",\"@id\":\"https:\\\/\\\/stilanddesign.se\\\/produkt\\\/elegant-blus-fran-zabaione\\\/\",\"url\":\"https:\\\/\\\/stilanddesign.se\\\/produkt\\\/elegant-blus-fran-zabaione\\\/\",\"name\":\"Elegant blus fr\u00e5n Zabaione - Stil &amp; Design\",\"isPartOf\":{\"@id\":\"https:\\\/\\\/stilanddesign.se\\\/#website\"},\"primaryImageOfPage\":{\"@id\":\"https:\\\/\\\/stilanddesign.se\\\/produkt\\\/elegant-blus-fran-zabaione\\\/#primaryimage\"},\"image\":{\"@id\":\"https:\\\/\\\/stilanddesign.se\\\/produkt\\\/elegant-blus-fran-zabaione\\\/#primaryimage\"},\"thumbnailUrl\":\"https:\\\/\\\/stilanddesign.se\\\/wp-content\\\/uploads\\\/2025\\\/08\\\/4068696767559_1.jpg\",\"datePublished\":\"2025-09-24T15:52:17+00:00\",\"dateModified\":\"2025-09-30T09:01:39+00:00\",\"breadcrumb\":{\"@id\":\"https:\\\/\\\/stilanddesign.se\\\/produkt\\\/elegant-blus-fran-zabaione\\\/#breadcrumb\"},\"inLanguage\":\"en-US\",\"potentialAction\":[{\"@type\":\"ReadAction\",\"target\":[\"https:\\\/\\\/stilanddesign.se\\\/produkt\\\/elegant-blus-fran-zabaione\\\/\"]}]},{\"@type\":\"ImageObject\",\"inLanguage\":\"en-US\",\"@id\":\"https:\\\/\\\/stilanddesign.se\\\/produkt\\\/elegant-blus-fran-zabaione\\\/#primaryimage\",\"url\":\"https:\\\/\\\/stilanddesign.se\\\/wp-content\\\/uploads\\\/2025\\\/08\\\/4068696767559_1.jpg\",\"contentUrl\":\"https:\\\/\\\/stilanddesign.se\\\/wp-content\\\/uploads\\\/2025\\\/08\\\/4068696767559_1.jpg\",\"width\":889,\"height\":1280},{\"@type\":\"BreadcrumbList\",\"@id\":\"https:\\\/\\\/stilanddesign.se\\\/produkt\\\/elegant-blus-fran-zabaione\\\/#breadcrumb\",\"itemListElement\":[{\"@type\":\"ListItem\",\"position\":1,\"name\":\"Hem\",\"item\":\"https:\\\/\\\/stilanddesign.se\\\/\"},{\"@type\":\"ListItem\",\"position\":2,\"name\":\"Butiken\",\"item\":\"https:\\\/\\\/stilanddesign.se\\\/butiken\\\/\"},{\"@type\":\"ListItem\",\"position\":3,\"name\":\"Elegant blus fr\u00e5n Zabaione\"}]},{\"@type\":\"WebSite\",\"@id\":\"https:\\\/\\\/stilanddesign.se\\\/#website\",\"url\":\"https:\\\/\\\/stilanddesign.se\\\/\",\"name\":\"Stil &amp; Design\",\"description\":\"F\u00f6r oss som \u00e4lskar mode!\",\"publisher\":{\"@id\":\"https:\\\/\\\/stilanddesign.se\\\/#organization\"},\"potentialAction\":[{\"@type\":\"SearchAction\",\"target\":{\"@type\":\"EntryPoint\",\"urlTemplate\":\"https:\\\/\\\/stilanddesign.se\\\/?s={search_term_string}\"},\"query-input\":{\"@type\":\"PropertyValueSpecification\",\"valueRequired\":true,\"valueName\":\"search_term_string\"}}],\"inLanguage\":\"en-US\"},{\"@type\":\"Organization\",\"@id\":\"https:\\\/\\\/stilanddesign.se\\\/#organization\",\"name\":\"Stil &amp; Design\",\"url\":\"https:\\\/\\\/stilanddesign.se\\\/\",\"logo\":{\"@type\":\"ImageObject\",\"inLanguage\":\"en-US\",\"@id\":\"https:\\\/\\\/stilanddesign.se\\\/#\\\/schema\\\/logo\\\/image\\\/\",\"url\":\"https:\\\/\\\/stilanddesign.se\\\/wp-content\\\/uploads\\\/2023\\\/12\\\/output-onlinepngtools-e1727784413220.png\",\"contentUrl\":\"https:\\\/\\\/stilanddesign.se\\\/wp-content\\\/uploads\\\/2023\\\/12\\\/output-onlinepngtools-e1727784413220.png\",\"width\":519,\"height\":135,\"caption\":\"Stil &amp; Design\"},\"image\":{\"@id\":\"https:\\\/\\\/stilanddesign.se\\\/#\\\/schema\\\/logo\\\/image\\\/\"}}]}<\/script>\n<!-- \/ Yoast SEO Premium plugin. -->","yoast_head_json":{"title":"Elegant blus fr\u00e5n Zabaione - Stil &amp; Design","robots":{"index":"index","follow":"follow","max-snippet":"max-snippet:-1","max-image-preview":"max-image-preview:large","max-video-preview":"max-video-preview:-1"},"canonical":"https:\/\/stilanddesign.se\/en\/product\/elegant-blus-fran-zabaione\/","og_locale":"en_US","og_type":"article","og_title":"Elegant blus fr\u00e5n Zabaione","og_description":"Elegant blus fr\u00e5n Zabaione       Upplev tidl\u00f6s stil med denna eleganta blus i en fr\u00e4sch nyans. Med en vacker V-ringning och plisserade \u00e4rmar f\u00e5r du en sofistikerad look som passar perfekt f\u00f6r b\u00e5de kontoret och festliga tillf\u00e4llen. Den l\u00e4tta och luftiga designen g\u00f6r den behaglig att b\u00e4ra hela dagen. Kombinera med jeans f\u00f6r en avslappnad stil eller med en kjol f\u00f6r en mer formell look.   Material:\u00a0100% Polyester  Tv\u00e4ttr\u00e5d 30g","og_url":"https:\/\/stilanddesign.se\/en\/product\/elegant-blus-fran-zabaione\/","og_site_name":"Stil &amp; Design","article_modified_time":"2025-09-30T09:01:39+00:00","og_image":[{"width":889,"height":1280,"url":"https:\/\/stilanddesign.se\/wp-content\/uploads\/2025\/08\/4068696767559_1.jpg","type":"image\/jpeg"}],"twitter_card":"summary_large_image","twitter_misc":{"Est. reading time":"1 minute"},"schema":{"@context":"https:\/\/schema.org","@graph":[{"@type":"WebPage","@id":"https:\/\/stilanddesign.se\/produkt\/elegant-blus-fran-zabaione\/","url":"https:\/\/stilanddesign.se\/produkt\/elegant-blus-fran-zabaione\/","name":"Elegant blus fr\u00e5n Zabaione - Stil &amp; Design","isPartOf":{"@id":"https:\/\/stilanddesign.se\/#website"},"primaryImageOfPage":{"@id":"https:\/\/stilanddesign.se\/produkt\/elegant-blus-fran-zabaione\/#primaryimage"},"image":{"@id":"https:\/\/stilanddesign.se\/produkt\/elegant-blus-fran-zabaione\/#primaryimage"},"thumbnailUrl":"https:\/\/stilanddesign.se\/wp-content\/uploads\/2025\/08\/4068696767559_1.jpg","datePublished":"2025-09-24T15:52:17+00:00","dateModified":"2025-09-30T09:01:39+00:00","breadcrumb":{"@id":"https:\/\/stilanddesign.se\/produkt\/elegant-blus-fran-zabaione\/#breadcrumb"},"inLanguage":"en-US","potentialAction":[{"@type":"ReadAction","target":["https:\/\/stilanddesign.se\/produkt\/elegant-blus-fran-zabaione\/"]}]},{"@type":"ImageObject","inLanguage":"en-US","@id":"https:\/\/stilanddesign.se\/produkt\/elegant-blus-fran-zabaione\/#primaryimage","url":"https:\/\/stilanddesign.se\/wp-content\/uploads\/2025\/08\/4068696767559_1.jpg","contentUrl":"https:\/\/stilanddesign.se\/wp-content\/uploads\/2025\/08\/4068696767559_1.jpg","width":889,"height":1280},{"@type":"BreadcrumbList","@id":"https:\/\/stilanddesign.se\/produkt\/elegant-blus-fran-zabaione\/#breadcrumb","itemListElement":[{"@type":"ListItem","position":1,"name":"Hem","item":"https:\/\/stilanddesign.se\/"},{"@type":"ListItem","position":2,"name":"Butiken","item":"https:\/\/stilanddesign.se\/butiken\/"},{"@type":"ListItem","position":3,"name":"Elegant blus fr\u00e5n Zabaione"}]},{"@type":"WebSite","@id":"https:\/\/stilanddesign.se\/#website","url":"https:\/\/stilanddesign.se\/","name":"Style &amp; Design","description":"For those of us who love fashion!","publisher":{"@id":"https:\/\/stilanddesign.se\/#organization"},"potentialAction":[{"@type":"SearchAction","target":{"@type":"EntryPoint","urlTemplate":"https:\/\/stilanddesign.se\/?s={search_term_string}"},"query-input":{"@type":"PropertyValueSpecification","valueRequired":true,"valueName":"search_term_string"}}],"inLanguage":"en-US"},{"@type":"Organization","@id":"https:\/\/stilanddesign.se\/#organization","name":"Style &amp; Design","url":"https:\/\/stilanddesign.se\/","logo":{"@type":"ImageObject","inLanguage":"en-US","@id":"https:\/\/stilanddesign.se\/#\/schema\/logo\/image\/","url":"https:\/\/stilanddesign.se\/wp-content\/uploads\/2023\/12\/output-onlinepngtools-e1727784413220.png","contentUrl":"https:\/\/stilanddesign.se\/wp-content\/uploads\/2023\/12\/output-onlinepngtools-e1727784413220.png","width":519,"height":135,"caption":"Stil &amp; Design"},"image":{"@id":"https:\/\/stilanddesign.se\/#\/schema\/logo\/image\/"}}]}},"_links":{"self":[{"href":"https:\/\/stilanddesign.se\/en\/wp-json\/wp\/v2\/product\/1043008","targetHints":{"allow":["GET"]}}],"collection":[{"href":"https:\/\/stilanddesign.se\/en\/wp-json\/wp\/v2\/product"}],"about":[{"href":"https:\/\/stilanddesign.se\/en\/wp-json\/wp\/v2\/types\/product"}],"replies":[{"embeddable":true,"href":"https:\/\/stilanddesign.se\/en\/wp-json\/wp\/v2\/comments?post=1043008"}],"wp:featuredmedia":[{"embeddable":true,"href":"https:\/\/stilanddesign.se\/en\/wp-json\/wp\/v2\/media\/1043000"}],"wp:attachment":[{"href":"https:\/\/stilanddesign.se\/en\/wp-json\/wp\/v2\/media?parent=1043008"}],"wp:term":[{"taxonomy":"product_brand","embeddable":true,"href":"https:\/\/stilanddesign.se\/en\/wp-json\/wp\/v2\/product_brand?post=1043008"},{"taxonomy":"product_cat","embeddable":true,"href":"https:\/\/stilanddesign.se\/en\/wp-json\/wp\/v2\/product_cat?post=1043008"},{"taxonomy":"product_tag","embeddable":true,"href":"https:\/\/stilanddesign.se\/en\/wp-json\/wp\/v2\/product_tag?post=1043008"}],"curies":[{"name":"wp","href":"https:\/\/api.w.org\/{rel}","templated":true}]}}