{"id":1042782,"date":"2025-09-11T11:43:04","date_gmt":"2025-09-11T09:43:04","guid":{"rendered":"https:\/\/stilanddesign.se\/?post_type=product&#038;p=1042782"},"modified":"2025-09-13T17:45:21","modified_gmt":"2025-09-13T15:45:21","slug":"eleganta-byxor-fran-zabaione","status":"publish","type":"product","link":"https:\/\/stilanddesign.se\/en\/product\/eleganta-byxor-fran-zabaione\/","title":{"rendered":"Elegant trousers from Zabaione!"},"content":{"rendered":"<h3><em><strong>Elegant trousers from Zabaione!<\/strong><\/em><\/h3>\n<p>Give your style an upgrade with these elegant trousers from Zabaione! With a trendy silhouette and an included belt, they offer both comfort and style. The timeless black color makes them versatile, perfect for both everyday and party wear. Combine with a stylish top for a complete look. Let these trousers become your new favorite in your wardrobe!<\/p>\n<ul class=\"nolist attributes\">\n<li class=\"material\"><span class=\"lbl\">Material:\u00a0<\/span><span class=\"value\">78% Polyester, 19% Viscose, 3% Elastane<\/span><\/li>\n<li>Washing instructions 30g<\/li>\n<\/ul>","protected":false},"excerpt":{"rendered":"<h3><em><strong>Elegant trousers from Zabaione!<\/strong><\/em><\/h3>\n<p>Give your style an upgrade with these elegant trousers from Zabaione! With a trendy silhouette and an included belt, they offer both comfort and style. The timeless black color makes them versatile, perfect for both everyday and party wear. Combine with a stylish top for a complete look. Let these trousers become your new favorite in your wardrobe!<\/p>\n<ul class=\"nolist attributes\">\n<li class=\"material\"><span class=\"lbl\">Material:\u00a0<\/span><span class=\"value\">78% Polyester, 19% Viscose, 3% Elastane<\/span><\/li>\n<li>Washing instructions 30g<\/li>\n<\/ul>","protected":false},"featured_media":1042797,"comment_status":"closed","ping_status":"closed","template":"","meta":[],"product_brand":[],"product_cat":[209],"product_tag":[],"class_list":{"0":"post-1042782","1":"product","2":"type-product","3":"status-publish","4":"has-post-thumbnail","6":"product_cat-reaprodukter","8":"first","9":"outofstock","10":"taxable","11":"shipping-taxable","12":"product-type-variable"},"yoast_head":"<!-- This site is optimized with the Yoast SEO Premium plugin v27.1 (Yoast SEO v27.4) - https:\/\/yoast.com\/product\/yoast-seo-premium-wordpress\/ -->\n<title>Eleganta byxor fr\u00e5n Zabaione! - Stil &amp; Design<\/title>\n<meta name=\"robots\" content=\"index, follow, max-snippet:-1, max-image-preview:large, max-video-preview:-1\" \/>\n<link rel=\"canonical\" href=\"https:\/\/stilanddesign.se\/en\/product\/eleganta-byxor-fran-zabaione\/\" \/>\n<meta property=\"og:locale\" content=\"en_US\" \/>\n<meta property=\"og:type\" content=\"article\" \/>\n<meta property=\"og:title\" content=\"Eleganta byxor fr\u00e5n Zabaione!\" \/>\n<meta property=\"og:description\" content=\"Eleganta byxor fr\u00e5n Zabaione! Ge din stil en uppgradering med dessa eleganta byxor fr\u00e5n Zabaione! Med en trendy silhuett och ett medf\u00f6ljande b\u00e4lte erbjuder de b\u00e5de komfort och stil. Den tidl\u00f6sa svarta f\u00e4rgen g\u00f6r dem m\u00e5ngsidiga, perfekta f\u00f6r b\u00e5de vardag och fest. Kombinera med en snygg topp f\u00f6r en komplett look. L\u00e5t dessa byxor bli din nya favorit i garderoben!   Material:\u00a078% Polyester, 19% Viskos, 3% Elastan  Tv\u00e4ttr\u00e5d 30g\" \/>\n<meta property=\"og:url\" content=\"https:\/\/stilanddesign.se\/en\/product\/eleganta-byxor-fran-zabaione\/\" \/>\n<meta property=\"og:site_name\" content=\"Stil &amp; Design\" \/>\n<meta property=\"article:modified_time\" content=\"2025-09-13T15:45:21+00:00\" \/>\n<meta property=\"og:image\" content=\"https:\/\/stilanddesign.se\/wp-content\/uploads\/2025\/08\/4068696376782_1.jpg\" \/>\n\t<meta property=\"og:image:width\" content=\"889\" \/>\n\t<meta property=\"og:image:height\" content=\"1280\" \/>\n\t<meta property=\"og:image:type\" content=\"image\/jpeg\" \/>\n<meta name=\"twitter:card\" content=\"summary_large_image\" \/>\n<meta name=\"twitter:label1\" content=\"Est. reading time\" \/>\n\t<meta name=\"twitter:data1\" content=\"1 minute\" \/>\n<script type=\"application\/ld+json\" class=\"yoast-schema-graph\">{\"@context\":\"https:\\\/\\\/schema.org\",\"@graph\":[{\"@type\":\"WebPage\",\"@id\":\"https:\\\/\\\/stilanddesign.se\\\/produkt\\\/eleganta-byxor-fran-zabaione\\\/\",\"url\":\"https:\\\/\\\/stilanddesign.se\\\/produkt\\\/eleganta-byxor-fran-zabaione\\\/\",\"name\":\"Eleganta byxor fr\u00e5n Zabaione! - Stil &amp; Design\",\"isPartOf\":{\"@id\":\"https:\\\/\\\/stilanddesign.se\\\/#website\"},\"primaryImageOfPage\":{\"@id\":\"https:\\\/\\\/stilanddesign.se\\\/produkt\\\/eleganta-byxor-fran-zabaione\\\/#primaryimage\"},\"image\":{\"@id\":\"https:\\\/\\\/stilanddesign.se\\\/produkt\\\/eleganta-byxor-fran-zabaione\\\/#primaryimage\"},\"thumbnailUrl\":\"https:\\\/\\\/stilanddesign.se\\\/wp-content\\\/uploads\\\/2025\\\/08\\\/4068696376782_1.jpg\",\"datePublished\":\"2025-09-11T09:43:04+00:00\",\"dateModified\":\"2025-09-13T15:45:21+00:00\",\"breadcrumb\":{\"@id\":\"https:\\\/\\\/stilanddesign.se\\\/produkt\\\/eleganta-byxor-fran-zabaione\\\/#breadcrumb\"},\"inLanguage\":\"en-US\",\"potentialAction\":[{\"@type\":\"ReadAction\",\"target\":[\"https:\\\/\\\/stilanddesign.se\\\/produkt\\\/eleganta-byxor-fran-zabaione\\\/\"]}]},{\"@type\":\"ImageObject\",\"inLanguage\":\"en-US\",\"@id\":\"https:\\\/\\\/stilanddesign.se\\\/produkt\\\/eleganta-byxor-fran-zabaione\\\/#primaryimage\",\"url\":\"https:\\\/\\\/stilanddesign.se\\\/wp-content\\\/uploads\\\/2025\\\/08\\\/4068696376782_1.jpg\",\"contentUrl\":\"https:\\\/\\\/stilanddesign.se\\\/wp-content\\\/uploads\\\/2025\\\/08\\\/4068696376782_1.jpg\",\"width\":889,\"height\":1280},{\"@type\":\"BreadcrumbList\",\"@id\":\"https:\\\/\\\/stilanddesign.se\\\/produkt\\\/eleganta-byxor-fran-zabaione\\\/#breadcrumb\",\"itemListElement\":[{\"@type\":\"ListItem\",\"position\":1,\"name\":\"Hem\",\"item\":\"https:\\\/\\\/stilanddesign.se\\\/\"},{\"@type\":\"ListItem\",\"position\":2,\"name\":\"Butiken\",\"item\":\"https:\\\/\\\/stilanddesign.se\\\/butiken\\\/\"},{\"@type\":\"ListItem\",\"position\":3,\"name\":\"Eleganta byxor fr\u00e5n Zabaione!\"}]},{\"@type\":\"WebSite\",\"@id\":\"https:\\\/\\\/stilanddesign.se\\\/#website\",\"url\":\"https:\\\/\\\/stilanddesign.se\\\/\",\"name\":\"Stil &amp; Design\",\"description\":\"F\u00f6r oss som \u00e4lskar mode!\",\"publisher\":{\"@id\":\"https:\\\/\\\/stilanddesign.se\\\/#organization\"},\"potentialAction\":[{\"@type\":\"SearchAction\",\"target\":{\"@type\":\"EntryPoint\",\"urlTemplate\":\"https:\\\/\\\/stilanddesign.se\\\/?s={search_term_string}\"},\"query-input\":{\"@type\":\"PropertyValueSpecification\",\"valueRequired\":true,\"valueName\":\"search_term_string\"}}],\"inLanguage\":\"en-US\"},{\"@type\":\"Organization\",\"@id\":\"https:\\\/\\\/stilanddesign.se\\\/#organization\",\"name\":\"Stil &amp; Design\",\"url\":\"https:\\\/\\\/stilanddesign.se\\\/\",\"logo\":{\"@type\":\"ImageObject\",\"inLanguage\":\"en-US\",\"@id\":\"https:\\\/\\\/stilanddesign.se\\\/#\\\/schema\\\/logo\\\/image\\\/\",\"url\":\"https:\\\/\\\/stilanddesign.se\\\/wp-content\\\/uploads\\\/2023\\\/12\\\/output-onlinepngtools-e1727784413220.png\",\"contentUrl\":\"https:\\\/\\\/stilanddesign.se\\\/wp-content\\\/uploads\\\/2023\\\/12\\\/output-onlinepngtools-e1727784413220.png\",\"width\":519,\"height\":135,\"caption\":\"Stil &amp; Design\"},\"image\":{\"@id\":\"https:\\\/\\\/stilanddesign.se\\\/#\\\/schema\\\/logo\\\/image\\\/\"}}]}<\/script>\n<!-- \/ Yoast SEO Premium plugin. -->","yoast_head_json":{"title":"Eleganta byxor fr\u00e5n Zabaione! - Stil &amp; Design","robots":{"index":"index","follow":"follow","max-snippet":"max-snippet:-1","max-image-preview":"max-image-preview:large","max-video-preview":"max-video-preview:-1"},"canonical":"https:\/\/stilanddesign.se\/en\/product\/eleganta-byxor-fran-zabaione\/","og_locale":"en_US","og_type":"article","og_title":"Eleganta byxor fr\u00e5n Zabaione!","og_description":"Eleganta byxor fr\u00e5n Zabaione! Ge din stil en uppgradering med dessa eleganta byxor fr\u00e5n Zabaione! Med en trendy silhuett och ett medf\u00f6ljande b\u00e4lte erbjuder de b\u00e5de komfort och stil. Den tidl\u00f6sa svarta f\u00e4rgen g\u00f6r dem m\u00e5ngsidiga, perfekta f\u00f6r b\u00e5de vardag och fest. Kombinera med en snygg topp f\u00f6r en komplett look. L\u00e5t dessa byxor bli din nya favorit i garderoben!   Material:\u00a078% Polyester, 19% Viskos, 3% Elastan  Tv\u00e4ttr\u00e5d 30g","og_url":"https:\/\/stilanddesign.se\/en\/product\/eleganta-byxor-fran-zabaione\/","og_site_name":"Stil &amp; Design","article_modified_time":"2025-09-13T15:45:21+00:00","og_image":[{"width":889,"height":1280,"url":"https:\/\/stilanddesign.se\/wp-content\/uploads\/2025\/08\/4068696376782_1.jpg","type":"image\/jpeg"}],"twitter_card":"summary_large_image","twitter_misc":{"Est. reading time":"1 minute"},"schema":{"@context":"https:\/\/schema.org","@graph":[{"@type":"WebPage","@id":"https:\/\/stilanddesign.se\/produkt\/eleganta-byxor-fran-zabaione\/","url":"https:\/\/stilanddesign.se\/produkt\/eleganta-byxor-fran-zabaione\/","name":"Eleganta byxor fr\u00e5n Zabaione! - Stil &amp; Design","isPartOf":{"@id":"https:\/\/stilanddesign.se\/#website"},"primaryImageOfPage":{"@id":"https:\/\/stilanddesign.se\/produkt\/eleganta-byxor-fran-zabaione\/#primaryimage"},"image":{"@id":"https:\/\/stilanddesign.se\/produkt\/eleganta-byxor-fran-zabaione\/#primaryimage"},"thumbnailUrl":"https:\/\/stilanddesign.se\/wp-content\/uploads\/2025\/08\/4068696376782_1.jpg","datePublished":"2025-09-11T09:43:04+00:00","dateModified":"2025-09-13T15:45:21+00:00","breadcrumb":{"@id":"https:\/\/stilanddesign.se\/produkt\/eleganta-byxor-fran-zabaione\/#breadcrumb"},"inLanguage":"en-US","potentialAction":[{"@type":"ReadAction","target":["https:\/\/stilanddesign.se\/produkt\/eleganta-byxor-fran-zabaione\/"]}]},{"@type":"ImageObject","inLanguage":"en-US","@id":"https:\/\/stilanddesign.se\/produkt\/eleganta-byxor-fran-zabaione\/#primaryimage","url":"https:\/\/stilanddesign.se\/wp-content\/uploads\/2025\/08\/4068696376782_1.jpg","contentUrl":"https:\/\/stilanddesign.se\/wp-content\/uploads\/2025\/08\/4068696376782_1.jpg","width":889,"height":1280},{"@type":"BreadcrumbList","@id":"https:\/\/stilanddesign.se\/produkt\/eleganta-byxor-fran-zabaione\/#breadcrumb","itemListElement":[{"@type":"ListItem","position":1,"name":"Hem","item":"https:\/\/stilanddesign.se\/"},{"@type":"ListItem","position":2,"name":"Butiken","item":"https:\/\/stilanddesign.se\/butiken\/"},{"@type":"ListItem","position":3,"name":"Eleganta byxor fr\u00e5n Zabaione!"}]},{"@type":"WebSite","@id":"https:\/\/stilanddesign.se\/#website","url":"https:\/\/stilanddesign.se\/","name":"Style &amp; Design","description":"For those of us who love fashion!","publisher":{"@id":"https:\/\/stilanddesign.se\/#organization"},"potentialAction":[{"@type":"SearchAction","target":{"@type":"EntryPoint","urlTemplate":"https:\/\/stilanddesign.se\/?s={search_term_string}"},"query-input":{"@type":"PropertyValueSpecification","valueRequired":true,"valueName":"search_term_string"}}],"inLanguage":"en-US"},{"@type":"Organization","@id":"https:\/\/stilanddesign.se\/#organization","name":"Style &amp; Design","url":"https:\/\/stilanddesign.se\/","logo":{"@type":"ImageObject","inLanguage":"en-US","@id":"https:\/\/stilanddesign.se\/#\/schema\/logo\/image\/","url":"https:\/\/stilanddesign.se\/wp-content\/uploads\/2023\/12\/output-onlinepngtools-e1727784413220.png","contentUrl":"https:\/\/stilanddesign.se\/wp-content\/uploads\/2023\/12\/output-onlinepngtools-e1727784413220.png","width":519,"height":135,"caption":"Stil &amp; Design"},"image":{"@id":"https:\/\/stilanddesign.se\/#\/schema\/logo\/image\/"}}]}},"_links":{"self":[{"href":"https:\/\/stilanddesign.se\/en\/wp-json\/wp\/v2\/product\/1042782","targetHints":{"allow":["GET"]}}],"collection":[{"href":"https:\/\/stilanddesign.se\/en\/wp-json\/wp\/v2\/product"}],"about":[{"href":"https:\/\/stilanddesign.se\/en\/wp-json\/wp\/v2\/types\/product"}],"replies":[{"embeddable":true,"href":"https:\/\/stilanddesign.se\/en\/wp-json\/wp\/v2\/comments?post=1042782"}],"wp:featuredmedia":[{"embeddable":true,"href":"https:\/\/stilanddesign.se\/en\/wp-json\/wp\/v2\/media\/1042797"}],"wp:attachment":[{"href":"https:\/\/stilanddesign.se\/en\/wp-json\/wp\/v2\/media?parent=1042782"}],"wp:term":[{"taxonomy":"product_brand","embeddable":true,"href":"https:\/\/stilanddesign.se\/en\/wp-json\/wp\/v2\/product_brand?post=1042782"},{"taxonomy":"product_cat","embeddable":true,"href":"https:\/\/stilanddesign.se\/en\/wp-json\/wp\/v2\/product_cat?post=1042782"},{"taxonomy":"product_tag","embeddable":true,"href":"https:\/\/stilanddesign.se\/en\/wp-json\/wp\/v2\/product_tag?post=1042782"}],"curies":[{"name":"wp","href":"https:\/\/api.w.org\/{rel}","templated":true}]}}