{"id":1042702,"date":"2025-11-21T09:49:43","date_gmt":"2025-11-21T08:49:43","guid":{"rendered":"https:\/\/stilanddesign.se\/?post_type=product&#038;p=1042702"},"modified":"2025-11-21T20:35:01","modified_gmt":"2025-11-21T19:35:01","slug":"mjuka-och-harliga-byxor-fran-zabaione-2","status":"publish","type":"product","link":"https:\/\/stilanddesign.se\/en\/product\/mjuka-och-harliga-byxor-fran-zabaione-2\/","title":{"rendered":"Soft and lovely pants from Zabaione!"},"content":{"rendered":"<h3><em><strong>Soft and lovely pants from Zabaione!<\/strong><\/em><\/h3>\n<p>Discover soft and lovely trousers from Zabaione! With an elasticated waist and a stylish belt included, they offer both comfort and style. Perfect for any occasion \u2013 dress up or down as you please. Make these trousers your new favourite!<\/p>\n<ul class=\"nolist attributes\">\n<li class=\"material\"><span class=\"lbl\">Material:\u00a0<\/span><span class=\"value\">65% viscose, 30% nylon, 5% elastane<\/span><\/li>\n<li>Washing instructions 30g<\/li>\n<\/ul>","protected":false},"excerpt":{"rendered":"<h3><em><strong>Soft and lovely pants from Zabaione!<\/strong><\/em><\/h3>\n<p>Discover soft and lovely trousers from Zabaione! With an elasticated waist and a stylish belt included, they offer both comfort and style. Perfect for any occasion \u2013 dress up or down as you please. Make these trousers your new favourite!<\/p>\n<ul class=\"nolist attributes\">\n<li class=\"material\"><span class=\"lbl\">Material:\u00a0<\/span><span class=\"value\">65% viscose, 30% nylon, 5% elastane<\/span><\/li>\n<li>Washing instructions 30g<\/li>\n<\/ul>","protected":false},"featured_media":1042701,"comment_status":"closed","ping_status":"closed","template":"","meta":[],"product_brand":[],"product_cat":[209],"product_tag":[],"class_list":{"0":"post-1042702","1":"product","2":"type-product","3":"status-publish","4":"has-post-thumbnail","6":"product_cat-reaprodukter","8":"first","9":"outofstock","10":"taxable","11":"shipping-taxable","12":"product-type-variable"},"yoast_head":"<!-- This site is optimized with the Yoast SEO Premium plugin v27.4 (Yoast SEO v27.5) - https:\/\/yoast.com\/product\/yoast-seo-premium-wordpress\/ -->\n<title>Mjuka och h\u00e4rliga byxor fr\u00e5n Zabaione! - Stil &amp; Design<\/title>\n<meta name=\"robots\" content=\"index, follow, max-snippet:-1, max-image-preview:large, max-video-preview:-1\" \/>\n<link rel=\"canonical\" href=\"https:\/\/stilanddesign.se\/en\/product\/mjuka-och-harliga-byxor-fran-zabaione-2\/\" \/>\n<meta property=\"og:locale\" content=\"en_US\" \/>\n<meta property=\"og:type\" content=\"article\" \/>\n<meta property=\"og:title\" content=\"Mjuka och h\u00e4rliga byxor fr\u00e5n Zabaione!\" \/>\n<meta property=\"og:description\" content=\"Mjuka och h\u00e4rliga byxor fr\u00e5n Zabaione! Uppt\u00e4ck mjuka och h\u00e4rliga byxor fr\u00e5n Zabaione! Med res\u00e5r i midjan och ett stiligt medf\u00f6ljande b\u00e4lte erbjuder de b\u00e5de komfort och stil. Perfekta f\u00f6r alla tillf\u00e4llen \u2013 kl\u00e4 upp eller ner som du vill. G\u00f6r dessa byxor till din nya favorit!   Material:\u00a065% viskos, 30% nylon, 5% elastan  Tv\u00e4ttr\u00e5d 30g\" \/>\n<meta property=\"og:url\" content=\"https:\/\/stilanddesign.se\/en\/product\/mjuka-och-harliga-byxor-fran-zabaione-2\/\" \/>\n<meta property=\"og:site_name\" content=\"Stil &amp; Design\" \/>\n<meta property=\"article:modified_time\" content=\"2025-11-21T19:35:01+00:00\" \/>\n<meta property=\"og:image\" content=\"https:\/\/stilanddesign.se\/wp-content\/uploads\/2025\/08\/4068696769751_1.jpg\" \/>\n\t<meta property=\"og:image:width\" content=\"889\" \/>\n\t<meta property=\"og:image:height\" content=\"1280\" \/>\n\t<meta property=\"og:image:type\" content=\"image\/jpeg\" \/>\n<meta name=\"twitter:card\" content=\"summary_large_image\" \/>\n<meta name=\"twitter:label1\" content=\"Est. reading time\" \/>\n\t<meta name=\"twitter:data1\" content=\"1 minute\" \/>\n<script type=\"application\/ld+json\" class=\"yoast-schema-graph\">{\"@context\":\"https:\\\/\\\/schema.org\",\"@graph\":[{\"@type\":\"WebPage\",\"@id\":\"https:\\\/\\\/stilanddesign.se\\\/produkt\\\/mjuka-och-harliga-byxor-fran-zabaione-2\\\/\",\"url\":\"https:\\\/\\\/stilanddesign.se\\\/produkt\\\/mjuka-och-harliga-byxor-fran-zabaione-2\\\/\",\"name\":\"Mjuka och h\u00e4rliga byxor fr\u00e5n Zabaione! - Stil &amp; Design\",\"isPartOf\":{\"@id\":\"https:\\\/\\\/stilanddesign.se\\\/#website\"},\"primaryImageOfPage\":{\"@id\":\"https:\\\/\\\/stilanddesign.se\\\/produkt\\\/mjuka-och-harliga-byxor-fran-zabaione-2\\\/#primaryimage\"},\"image\":{\"@id\":\"https:\\\/\\\/stilanddesign.se\\\/produkt\\\/mjuka-och-harliga-byxor-fran-zabaione-2\\\/#primaryimage\"},\"thumbnailUrl\":\"https:\\\/\\\/stilanddesign.se\\\/wp-content\\\/uploads\\\/2025\\\/08\\\/4068696769751_1.jpg\",\"datePublished\":\"2025-11-21T08:49:43+00:00\",\"dateModified\":\"2025-11-21T19:35:01+00:00\",\"breadcrumb\":{\"@id\":\"https:\\\/\\\/stilanddesign.se\\\/produkt\\\/mjuka-och-harliga-byxor-fran-zabaione-2\\\/#breadcrumb\"},\"inLanguage\":\"en-US\",\"potentialAction\":[{\"@type\":\"ReadAction\",\"target\":[\"https:\\\/\\\/stilanddesign.se\\\/produkt\\\/mjuka-och-harliga-byxor-fran-zabaione-2\\\/\"]}]},{\"@type\":\"ImageObject\",\"inLanguage\":\"en-US\",\"@id\":\"https:\\\/\\\/stilanddesign.se\\\/produkt\\\/mjuka-och-harliga-byxor-fran-zabaione-2\\\/#primaryimage\",\"url\":\"https:\\\/\\\/stilanddesign.se\\\/wp-content\\\/uploads\\\/2025\\\/08\\\/4068696769751_1.jpg\",\"contentUrl\":\"https:\\\/\\\/stilanddesign.se\\\/wp-content\\\/uploads\\\/2025\\\/08\\\/4068696769751_1.jpg\",\"width\":889,\"height\":1280},{\"@type\":\"BreadcrumbList\",\"@id\":\"https:\\\/\\\/stilanddesign.se\\\/produkt\\\/mjuka-och-harliga-byxor-fran-zabaione-2\\\/#breadcrumb\",\"itemListElement\":[{\"@type\":\"ListItem\",\"position\":1,\"name\":\"Hem\",\"item\":\"https:\\\/\\\/stilanddesign.se\\\/\"},{\"@type\":\"ListItem\",\"position\":2,\"name\":\"Butiken\",\"item\":\"https:\\\/\\\/stilanddesign.se\\\/butiken\\\/\"},{\"@type\":\"ListItem\",\"position\":3,\"name\":\"Mjuka och h\u00e4rliga byxor fr\u00e5n Zabaione!\"}]},{\"@type\":\"WebSite\",\"@id\":\"https:\\\/\\\/stilanddesign.se\\\/#website\",\"url\":\"https:\\\/\\\/stilanddesign.se\\\/\",\"name\":\"Stil &amp; Design\",\"description\":\"F\u00f6r oss som \u00e4lskar mode!\",\"publisher\":{\"@id\":\"https:\\\/\\\/stilanddesign.se\\\/#organization\"},\"potentialAction\":[{\"@type\":\"SearchAction\",\"target\":{\"@type\":\"EntryPoint\",\"urlTemplate\":\"https:\\\/\\\/stilanddesign.se\\\/?s={search_term_string}\"},\"query-input\":{\"@type\":\"PropertyValueSpecification\",\"valueRequired\":true,\"valueName\":\"search_term_string\"}}],\"inLanguage\":\"en-US\"},{\"@type\":\"Organization\",\"@id\":\"https:\\\/\\\/stilanddesign.se\\\/#organization\",\"name\":\"Stil &amp; Design\",\"url\":\"https:\\\/\\\/stilanddesign.se\\\/\",\"logo\":{\"@type\":\"ImageObject\",\"inLanguage\":\"en-US\",\"@id\":\"https:\\\/\\\/stilanddesign.se\\\/#\\\/schema\\\/logo\\\/image\\\/\",\"url\":\"https:\\\/\\\/stilanddesign.se\\\/wp-content\\\/uploads\\\/2023\\\/12\\\/output-onlinepngtools-e1727784413220.png\",\"contentUrl\":\"https:\\\/\\\/stilanddesign.se\\\/wp-content\\\/uploads\\\/2023\\\/12\\\/output-onlinepngtools-e1727784413220.png\",\"width\":519,\"height\":135,\"caption\":\"Stil &amp; Design\"},\"image\":{\"@id\":\"https:\\\/\\\/stilanddesign.se\\\/#\\\/schema\\\/logo\\\/image\\\/\"}}]}<\/script>\n<!-- \/ Yoast SEO Premium plugin. -->","yoast_head_json":{"title":"Mjuka och h\u00e4rliga byxor fr\u00e5n Zabaione! - Stil &amp; Design","robots":{"index":"index","follow":"follow","max-snippet":"max-snippet:-1","max-image-preview":"max-image-preview:large","max-video-preview":"max-video-preview:-1"},"canonical":"https:\/\/stilanddesign.se\/en\/product\/mjuka-och-harliga-byxor-fran-zabaione-2\/","og_locale":"en_US","og_type":"article","og_title":"Mjuka och h\u00e4rliga byxor fr\u00e5n Zabaione!","og_description":"Mjuka och h\u00e4rliga byxor fr\u00e5n Zabaione! Uppt\u00e4ck mjuka och h\u00e4rliga byxor fr\u00e5n Zabaione! Med res\u00e5r i midjan och ett stiligt medf\u00f6ljande b\u00e4lte erbjuder de b\u00e5de komfort och stil. Perfekta f\u00f6r alla tillf\u00e4llen \u2013 kl\u00e4 upp eller ner som du vill. G\u00f6r dessa byxor till din nya favorit!   Material:\u00a065% viskos, 30% nylon, 5% elastan  Tv\u00e4ttr\u00e5d 30g","og_url":"https:\/\/stilanddesign.se\/en\/product\/mjuka-och-harliga-byxor-fran-zabaione-2\/","og_site_name":"Stil &amp; Design","article_modified_time":"2025-11-21T19:35:01+00:00","og_image":[{"width":889,"height":1280,"url":"https:\/\/stilanddesign.se\/wp-content\/uploads\/2025\/08\/4068696769751_1.jpg","type":"image\/jpeg"}],"twitter_card":"summary_large_image","twitter_misc":{"Est. reading time":"1 minute"},"schema":{"@context":"https:\/\/schema.org","@graph":[{"@type":"WebPage","@id":"https:\/\/stilanddesign.se\/produkt\/mjuka-och-harliga-byxor-fran-zabaione-2\/","url":"https:\/\/stilanddesign.se\/produkt\/mjuka-och-harliga-byxor-fran-zabaione-2\/","name":"Mjuka och h\u00e4rliga byxor fr\u00e5n Zabaione! - Stil &amp; Design","isPartOf":{"@id":"https:\/\/stilanddesign.se\/#website"},"primaryImageOfPage":{"@id":"https:\/\/stilanddesign.se\/produkt\/mjuka-och-harliga-byxor-fran-zabaione-2\/#primaryimage"},"image":{"@id":"https:\/\/stilanddesign.se\/produkt\/mjuka-och-harliga-byxor-fran-zabaione-2\/#primaryimage"},"thumbnailUrl":"https:\/\/stilanddesign.se\/wp-content\/uploads\/2025\/08\/4068696769751_1.jpg","datePublished":"2025-11-21T08:49:43+00:00","dateModified":"2025-11-21T19:35:01+00:00","breadcrumb":{"@id":"https:\/\/stilanddesign.se\/produkt\/mjuka-och-harliga-byxor-fran-zabaione-2\/#breadcrumb"},"inLanguage":"en-US","potentialAction":[{"@type":"ReadAction","target":["https:\/\/stilanddesign.se\/produkt\/mjuka-och-harliga-byxor-fran-zabaione-2\/"]}]},{"@type":"ImageObject","inLanguage":"en-US","@id":"https:\/\/stilanddesign.se\/produkt\/mjuka-och-harliga-byxor-fran-zabaione-2\/#primaryimage","url":"https:\/\/stilanddesign.se\/wp-content\/uploads\/2025\/08\/4068696769751_1.jpg","contentUrl":"https:\/\/stilanddesign.se\/wp-content\/uploads\/2025\/08\/4068696769751_1.jpg","width":889,"height":1280},{"@type":"BreadcrumbList","@id":"https:\/\/stilanddesign.se\/produkt\/mjuka-och-harliga-byxor-fran-zabaione-2\/#breadcrumb","itemListElement":[{"@type":"ListItem","position":1,"name":"Hem","item":"https:\/\/stilanddesign.se\/"},{"@type":"ListItem","position":2,"name":"Butiken","item":"https:\/\/stilanddesign.se\/butiken\/"},{"@type":"ListItem","position":3,"name":"Mjuka och h\u00e4rliga byxor fr\u00e5n Zabaione!"}]},{"@type":"WebSite","@id":"https:\/\/stilanddesign.se\/#website","url":"https:\/\/stilanddesign.se\/","name":"Style &amp; Design","description":"For those of us who love fashion!","publisher":{"@id":"https:\/\/stilanddesign.se\/#organization"},"potentialAction":[{"@type":"SearchAction","target":{"@type":"EntryPoint","urlTemplate":"https:\/\/stilanddesign.se\/?s={search_term_string}"},"query-input":{"@type":"PropertyValueSpecification","valueRequired":true,"valueName":"search_term_string"}}],"inLanguage":"en-US"},{"@type":"Organization","@id":"https:\/\/stilanddesign.se\/#organization","name":"Style &amp; Design","url":"https:\/\/stilanddesign.se\/","logo":{"@type":"ImageObject","inLanguage":"en-US","@id":"https:\/\/stilanddesign.se\/#\/schema\/logo\/image\/","url":"https:\/\/stilanddesign.se\/wp-content\/uploads\/2023\/12\/output-onlinepngtools-e1727784413220.png","contentUrl":"https:\/\/stilanddesign.se\/wp-content\/uploads\/2023\/12\/output-onlinepngtools-e1727784413220.png","width":519,"height":135,"caption":"Stil &amp; Design"},"image":{"@id":"https:\/\/stilanddesign.se\/#\/schema\/logo\/image\/"}}]}},"_links":{"self":[{"href":"https:\/\/stilanddesign.se\/en\/wp-json\/wp\/v2\/product\/1042702","targetHints":{"allow":["GET"]}}],"collection":[{"href":"https:\/\/stilanddesign.se\/en\/wp-json\/wp\/v2\/product"}],"about":[{"href":"https:\/\/stilanddesign.se\/en\/wp-json\/wp\/v2\/types\/product"}],"replies":[{"embeddable":true,"href":"https:\/\/stilanddesign.se\/en\/wp-json\/wp\/v2\/comments?post=1042702"}],"wp:featuredmedia":[{"embeddable":true,"href":"https:\/\/stilanddesign.se\/en\/wp-json\/wp\/v2\/media\/1042701"}],"wp:attachment":[{"href":"https:\/\/stilanddesign.se\/en\/wp-json\/wp\/v2\/media?parent=1042702"}],"wp:term":[{"taxonomy":"product_brand","embeddable":true,"href":"https:\/\/stilanddesign.se\/en\/wp-json\/wp\/v2\/product_brand?post=1042702"},{"taxonomy":"product_cat","embeddable":true,"href":"https:\/\/stilanddesign.se\/en\/wp-json\/wp\/v2\/product_cat?post=1042702"},{"taxonomy":"product_tag","embeddable":true,"href":"https:\/\/stilanddesign.se\/en\/wp-json\/wp\/v2\/product_tag?post=1042702"}],"curies":[{"name":"wp","href":"https:\/\/api.w.org\/{rel}","templated":true}]}}