{"id":1042503,"date":"2025-08-06T13:47:34","date_gmt":"2025-08-06T11:47:34","guid":{"rendered":"https:\/\/stilanddesign.se\/?post_type=product&#038;p=1042503"},"modified":"2025-09-29T16:57:39","modified_gmt":"2025-09-29T14:57:39","slug":"fin-mjukstickad-troja-i-vinrott-med-blomapplikationer","status":"publish","type":"product","link":"https:\/\/stilanddesign.se\/en\/product\/fin-mjukstickad-troja-i-vinrott-med-blomapplikationer\/","title":{"rendered":"Nice soft knitted sweater in burgundy with floral appliqu\u00e9s"},"content":{"rendered":"<h4 class=\"alt-font\">Nice soft knitted sweater in burgundy with floral appliqu\u00e9s<\/h4>\n<h4 class=\"alt-font\">It has floral appliqu\u00e9s on the front and a bit of flare on the sleeve in black.<\/h4>\n<h4 class=\"alt-font\">Rounded neck<\/h4>\n<p>L\u00e5ng \u00e4rm med en liten mudd i \u00e4rmslut<\/p>\n<p>Normal in size<\/p>\n<p>Material: 5o% viscose 28% polyester 22% nylon<\/p>\n<p>Washing instructions: 40 degrees<\/p>\n<p>&nbsp;<\/p>","protected":false},"excerpt":{"rendered":"<h4 class=\"alt-font\">Nice soft knitted sweater in burgundy with floral appliqu\u00e9s<\/h4>\n<h4 class=\"alt-font\">It has floral appliqu\u00e9s on the front and a bit of flare on the sleeve in black.<\/h4>\n<h4 class=\"alt-font\">Rounded neck<\/h4>\n<p>L\u00e5ng \u00e4rm med en liten mudd i \u00e4rmslut<\/p>\n<p>Normal in size<\/p>\n<p>Material: 5o% viscose 28% polyester 22% nylon<\/p>\n<p>Washing instructions: 40 degrees<\/p>","protected":false},"featured_media":1042719,"comment_status":"closed","ping_status":"closed","template":"","meta":[],"product_brand":[],"product_cat":[223],"product_tag":[],"class_list":{"0":"post-1042503","1":"product","2":"type-product","3":"status-publish","4":"has-post-thumbnail","6":"product_cat-stickade-trojor","8":"first","9":"outofstock","10":"taxable","11":"shipping-taxable","12":"product-type-variable"},"yoast_head":"<!-- This site is optimized with the Yoast SEO Premium plugin v27.4 (Yoast SEO v27.5) - https:\/\/yoast.com\/product\/yoast-seo-premium-wordpress\/ -->\n<title>Fin mjukstickad tr\u00f6ja i vinr\u00f6tt med blomapplikationer - Stil &amp; Design<\/title>\n<meta name=\"robots\" content=\"index, follow, max-snippet:-1, max-image-preview:large, max-video-preview:-1\" \/>\n<link rel=\"canonical\" href=\"https:\/\/stilanddesign.se\/en\/product\/fin-mjukstickad-troja-i-vinrott-med-blomapplikationer\/\" \/>\n<meta property=\"og:locale\" content=\"en_US\" \/>\n<meta property=\"og:type\" content=\"article\" \/>\n<meta property=\"og:title\" content=\"Fin mjukstickad tr\u00f6ja i vinr\u00f6tt med blomapplikationer\" \/>\n<meta property=\"og:description\" content=\"Fin mjukstickad tr\u00f6ja i vinr\u00f6tt med blomapplikationer Den har blomapplikationer framtill och en bit ut p\u00e5 \u00e4rmen i svart Rundad hals L\u00e5ng \u00e4rm med en liten mudd i \u00e4rmslut  Normal i storlek  Material: 5o% viscose 28% polyester 22% nylon  Tv\u00e4ttr\u00e5d: 40 grader\" \/>\n<meta property=\"og:url\" content=\"https:\/\/stilanddesign.se\/en\/product\/fin-mjukstickad-troja-i-vinrott-med-blomapplikationer\/\" \/>\n<meta property=\"og:site_name\" content=\"Stil &amp; Design\" \/>\n<meta property=\"article:modified_time\" content=\"2025-09-29T14:57:39+00:00\" \/>\n<meta property=\"og:image\" content=\"https:\/\/stilanddesign.se\/wp-content\/uploads\/2025\/08\/76767777999.jpg\" \/>\n\t<meta property=\"og:image:width\" content=\"480\" \/>\n\t<meta property=\"og:image:height\" content=\"640\" \/>\n\t<meta property=\"og:image:type\" content=\"image\/jpeg\" \/>\n<meta name=\"twitter:card\" content=\"summary_large_image\" \/>\n<meta name=\"twitter:label1\" content=\"Est. reading time\" \/>\n\t<meta name=\"twitter:data1\" content=\"1 minute\" \/>\n<script type=\"application\/ld+json\" class=\"yoast-schema-graph\">{\"@context\":\"https:\\\/\\\/schema.org\",\"@graph\":[{\"@type\":\"WebPage\",\"@id\":\"https:\\\/\\\/stilanddesign.se\\\/produkt\\\/fin-mjukstickad-troja-i-vinrott-med-blomapplikationer\\\/\",\"url\":\"https:\\\/\\\/stilanddesign.se\\\/produkt\\\/fin-mjukstickad-troja-i-vinrott-med-blomapplikationer\\\/\",\"name\":\"Fin mjukstickad tr\u00f6ja i vinr\u00f6tt med blomapplikationer - Stil &amp; Design\",\"isPartOf\":{\"@id\":\"https:\\\/\\\/stilanddesign.se\\\/#website\"},\"primaryImageOfPage\":{\"@id\":\"https:\\\/\\\/stilanddesign.se\\\/produkt\\\/fin-mjukstickad-troja-i-vinrott-med-blomapplikationer\\\/#primaryimage\"},\"image\":{\"@id\":\"https:\\\/\\\/stilanddesign.se\\\/produkt\\\/fin-mjukstickad-troja-i-vinrott-med-blomapplikationer\\\/#primaryimage\"},\"thumbnailUrl\":\"https:\\\/\\\/stilanddesign.se\\\/wp-content\\\/uploads\\\/2025\\\/08\\\/76767777999.jpg\",\"datePublished\":\"2025-08-06T11:47:34+00:00\",\"dateModified\":\"2025-09-29T14:57:39+00:00\",\"breadcrumb\":{\"@id\":\"https:\\\/\\\/stilanddesign.se\\\/produkt\\\/fin-mjukstickad-troja-i-vinrott-med-blomapplikationer\\\/#breadcrumb\"},\"inLanguage\":\"en-US\",\"potentialAction\":[{\"@type\":\"ReadAction\",\"target\":[\"https:\\\/\\\/stilanddesign.se\\\/produkt\\\/fin-mjukstickad-troja-i-vinrott-med-blomapplikationer\\\/\"]}]},{\"@type\":\"ImageObject\",\"inLanguage\":\"en-US\",\"@id\":\"https:\\\/\\\/stilanddesign.se\\\/produkt\\\/fin-mjukstickad-troja-i-vinrott-med-blomapplikationer\\\/#primaryimage\",\"url\":\"https:\\\/\\\/stilanddesign.se\\\/wp-content\\\/uploads\\\/2025\\\/08\\\/76767777999.jpg\",\"contentUrl\":\"https:\\\/\\\/stilanddesign.se\\\/wp-content\\\/uploads\\\/2025\\\/08\\\/76767777999.jpg\",\"width\":480,\"height\":640},{\"@type\":\"BreadcrumbList\",\"@id\":\"https:\\\/\\\/stilanddesign.se\\\/produkt\\\/fin-mjukstickad-troja-i-vinrott-med-blomapplikationer\\\/#breadcrumb\",\"itemListElement\":[{\"@type\":\"ListItem\",\"position\":1,\"name\":\"Hem\",\"item\":\"https:\\\/\\\/stilanddesign.se\\\/\"},{\"@type\":\"ListItem\",\"position\":2,\"name\":\"Butiken\",\"item\":\"https:\\\/\\\/stilanddesign.se\\\/butiken\\\/\"},{\"@type\":\"ListItem\",\"position\":3,\"name\":\"Fin mjukstickad tr\u00f6ja i vinr\u00f6tt med blomapplikationer\"}]},{\"@type\":\"WebSite\",\"@id\":\"https:\\\/\\\/stilanddesign.se\\\/#website\",\"url\":\"https:\\\/\\\/stilanddesign.se\\\/\",\"name\":\"Stil &amp; Design\",\"description\":\"F\u00f6r oss som \u00e4lskar mode!\",\"publisher\":{\"@id\":\"https:\\\/\\\/stilanddesign.se\\\/#organization\"},\"potentialAction\":[{\"@type\":\"SearchAction\",\"target\":{\"@type\":\"EntryPoint\",\"urlTemplate\":\"https:\\\/\\\/stilanddesign.se\\\/?s={search_term_string}\"},\"query-input\":{\"@type\":\"PropertyValueSpecification\",\"valueRequired\":true,\"valueName\":\"search_term_string\"}}],\"inLanguage\":\"en-US\"},{\"@type\":\"Organization\",\"@id\":\"https:\\\/\\\/stilanddesign.se\\\/#organization\",\"name\":\"Stil &amp; Design\",\"url\":\"https:\\\/\\\/stilanddesign.se\\\/\",\"logo\":{\"@type\":\"ImageObject\",\"inLanguage\":\"en-US\",\"@id\":\"https:\\\/\\\/stilanddesign.se\\\/#\\\/schema\\\/logo\\\/image\\\/\",\"url\":\"https:\\\/\\\/stilanddesign.se\\\/wp-content\\\/uploads\\\/2023\\\/12\\\/output-onlinepngtools-e1727784413220.png\",\"contentUrl\":\"https:\\\/\\\/stilanddesign.se\\\/wp-content\\\/uploads\\\/2023\\\/12\\\/output-onlinepngtools-e1727784413220.png\",\"width\":519,\"height\":135,\"caption\":\"Stil &amp; Design\"},\"image\":{\"@id\":\"https:\\\/\\\/stilanddesign.se\\\/#\\\/schema\\\/logo\\\/image\\\/\"}}]}<\/script>\n<!-- \/ Yoast SEO Premium plugin. -->","yoast_head_json":{"title":"Fin mjukstickad tr\u00f6ja i vinr\u00f6tt med blomapplikationer - Stil &amp; Design","robots":{"index":"index","follow":"follow","max-snippet":"max-snippet:-1","max-image-preview":"max-image-preview:large","max-video-preview":"max-video-preview:-1"},"canonical":"https:\/\/stilanddesign.se\/en\/product\/fin-mjukstickad-troja-i-vinrott-med-blomapplikationer\/","og_locale":"en_US","og_type":"article","og_title":"Fin mjukstickad tr\u00f6ja i vinr\u00f6tt med blomapplikationer","og_description":"Fin mjukstickad tr\u00f6ja i vinr\u00f6tt med blomapplikationer Den har blomapplikationer framtill och en bit ut p\u00e5 \u00e4rmen i svart Rundad hals L\u00e5ng \u00e4rm med en liten mudd i \u00e4rmslut  Normal i storlek  Material: 5o% viscose 28% polyester 22% nylon  Tv\u00e4ttr\u00e5d: 40 grader","og_url":"https:\/\/stilanddesign.se\/en\/product\/fin-mjukstickad-troja-i-vinrott-med-blomapplikationer\/","og_site_name":"Stil &amp; Design","article_modified_time":"2025-09-29T14:57:39+00:00","og_image":[{"width":480,"height":640,"url":"https:\/\/stilanddesign.se\/wp-content\/uploads\/2025\/08\/76767777999.jpg","type":"image\/jpeg"}],"twitter_card":"summary_large_image","twitter_misc":{"Est. reading time":"1 minute"},"schema":{"@context":"https:\/\/schema.org","@graph":[{"@type":"WebPage","@id":"https:\/\/stilanddesign.se\/produkt\/fin-mjukstickad-troja-i-vinrott-med-blomapplikationer\/","url":"https:\/\/stilanddesign.se\/produkt\/fin-mjukstickad-troja-i-vinrott-med-blomapplikationer\/","name":"Fin mjukstickad tr\u00f6ja i vinr\u00f6tt med blomapplikationer - Stil &amp; Design","isPartOf":{"@id":"https:\/\/stilanddesign.se\/#website"},"primaryImageOfPage":{"@id":"https:\/\/stilanddesign.se\/produkt\/fin-mjukstickad-troja-i-vinrott-med-blomapplikationer\/#primaryimage"},"image":{"@id":"https:\/\/stilanddesign.se\/produkt\/fin-mjukstickad-troja-i-vinrott-med-blomapplikationer\/#primaryimage"},"thumbnailUrl":"https:\/\/stilanddesign.se\/wp-content\/uploads\/2025\/08\/76767777999.jpg","datePublished":"2025-08-06T11:47:34+00:00","dateModified":"2025-09-29T14:57:39+00:00","breadcrumb":{"@id":"https:\/\/stilanddesign.se\/produkt\/fin-mjukstickad-troja-i-vinrott-med-blomapplikationer\/#breadcrumb"},"inLanguage":"en-US","potentialAction":[{"@type":"ReadAction","target":["https:\/\/stilanddesign.se\/produkt\/fin-mjukstickad-troja-i-vinrott-med-blomapplikationer\/"]}]},{"@type":"ImageObject","inLanguage":"en-US","@id":"https:\/\/stilanddesign.se\/produkt\/fin-mjukstickad-troja-i-vinrott-med-blomapplikationer\/#primaryimage","url":"https:\/\/stilanddesign.se\/wp-content\/uploads\/2025\/08\/76767777999.jpg","contentUrl":"https:\/\/stilanddesign.se\/wp-content\/uploads\/2025\/08\/76767777999.jpg","width":480,"height":640},{"@type":"BreadcrumbList","@id":"https:\/\/stilanddesign.se\/produkt\/fin-mjukstickad-troja-i-vinrott-med-blomapplikationer\/#breadcrumb","itemListElement":[{"@type":"ListItem","position":1,"name":"Hem","item":"https:\/\/stilanddesign.se\/"},{"@type":"ListItem","position":2,"name":"Butiken","item":"https:\/\/stilanddesign.se\/butiken\/"},{"@type":"ListItem","position":3,"name":"Fin mjukstickad tr\u00f6ja i vinr\u00f6tt med blomapplikationer"}]},{"@type":"WebSite","@id":"https:\/\/stilanddesign.se\/#website","url":"https:\/\/stilanddesign.se\/","name":"Style &amp; Design","description":"For those of us who love fashion!","publisher":{"@id":"https:\/\/stilanddesign.se\/#organization"},"potentialAction":[{"@type":"SearchAction","target":{"@type":"EntryPoint","urlTemplate":"https:\/\/stilanddesign.se\/?s={search_term_string}"},"query-input":{"@type":"PropertyValueSpecification","valueRequired":true,"valueName":"search_term_string"}}],"inLanguage":"en-US"},{"@type":"Organization","@id":"https:\/\/stilanddesign.se\/#organization","name":"Style &amp; Design","url":"https:\/\/stilanddesign.se\/","logo":{"@type":"ImageObject","inLanguage":"en-US","@id":"https:\/\/stilanddesign.se\/#\/schema\/logo\/image\/","url":"https:\/\/stilanddesign.se\/wp-content\/uploads\/2023\/12\/output-onlinepngtools-e1727784413220.png","contentUrl":"https:\/\/stilanddesign.se\/wp-content\/uploads\/2023\/12\/output-onlinepngtools-e1727784413220.png","width":519,"height":135,"caption":"Stil &amp; Design"},"image":{"@id":"https:\/\/stilanddesign.se\/#\/schema\/logo\/image\/"}}]}},"_links":{"self":[{"href":"https:\/\/stilanddesign.se\/en\/wp-json\/wp\/v2\/product\/1042503","targetHints":{"allow":["GET"]}}],"collection":[{"href":"https:\/\/stilanddesign.se\/en\/wp-json\/wp\/v2\/product"}],"about":[{"href":"https:\/\/stilanddesign.se\/en\/wp-json\/wp\/v2\/types\/product"}],"replies":[{"embeddable":true,"href":"https:\/\/stilanddesign.se\/en\/wp-json\/wp\/v2\/comments?post=1042503"}],"wp:featuredmedia":[{"embeddable":true,"href":"https:\/\/stilanddesign.se\/en\/wp-json\/wp\/v2\/media\/1042719"}],"wp:attachment":[{"href":"https:\/\/stilanddesign.se\/en\/wp-json\/wp\/v2\/media?parent=1042503"}],"wp:term":[{"taxonomy":"product_brand","embeddable":true,"href":"https:\/\/stilanddesign.se\/en\/wp-json\/wp\/v2\/product_brand?post=1042503"},{"taxonomy":"product_cat","embeddable":true,"href":"https:\/\/stilanddesign.se\/en\/wp-json\/wp\/v2\/product_cat?post=1042503"},{"taxonomy":"product_tag","embeddable":true,"href":"https:\/\/stilanddesign.se\/en\/wp-json\/wp\/v2\/product_tag?post=1042503"}],"curies":[{"name":"wp","href":"https:\/\/api.w.org\/{rel}","templated":true}]}}