{"id":1042195,"date":"2025-08-04T09:36:20","date_gmt":"2025-08-04T07:36:20","guid":{"rendered":"https:\/\/stilanddesign.se\/?post_type=product&#038;p=1042195"},"modified":"2025-09-13T11:06:14","modified_gmt":"2025-09-13T09:06:14","slug":"harlig-sweatshirtklanning-i-fango-med-tryck-framtill","status":"publish","type":"product","link":"https:\/\/stilanddesign.se\/en\/product\/harlig-sweatshirtklanning-i-fango-med-tryck-framtill\/","title":{"rendered":"Lovely sweatshirt dress in fango with print on the front"},"content":{"rendered":"<h3><em>Sweatshirt dress from Martha Du Chateu in fango with print on the front<\/em><\/h3>\n<p>Trycket \u00e4r\u00a0 sm\u00e5 hj\u00e4rtan i olika f\u00e4rger<\/p>\n<p>Den \u00e4r i mjukt h\u00e4rligt material<\/p>\n<p>Rounded neck<\/p>\n<p>L\u00e5ng \u00e4rm med en mudd i \u00e4rmslut<\/p>\n<p>Kl\u00e4nningen har fickor p\u00e5 sidan<\/p>\n<p>L\u00e4ngd fr\u00e5n axel och ner \u00e4r: 90 cm<\/p>\n<p>Material: 50% polyester 45% viscose 5% Elastan<\/p>\n<p>Washing instructions: 30 degrees<\/p>","protected":false},"excerpt":{"rendered":"<h3><em>Sweatshirt dress from Martha Du Chateu in fango with print on the front<\/em><\/h3>\n<p>Trycket \u00e4r\u00a0 sm\u00e5 hj\u00e4rtan i olika f\u00e4rger<\/p>\n<p>Den \u00e4r i mjukt h\u00e4rligt material<\/p>\n<p>Rounded neck<\/p>\n<p>L\u00e5ng \u00e4rm med en mudd i \u00e4rmslut<\/p>\n<p>Kl\u00e4nningen har fickor p\u00e5 sidan<\/p>\n<p>L\u00e4ngd fr\u00e5n axel och ner \u00e4r: 90 cm<\/p>\n<p>Material: 50% polyester 45% viscose 5% Elastan<\/p>\n<p>Washing instructions: 30 degrees<\/p>","protected":false},"featured_media":1041814,"comment_status":"closed","ping_status":"closed","template":"","meta":[],"product_brand":[],"product_cat":[209],"product_tag":[],"class_list":{"0":"post-1042195","1":"product","2":"type-product","3":"status-publish","4":"has-post-thumbnail","6":"product_cat-reaprodukter","8":"first","9":"outofstock","10":"taxable","11":"shipping-taxable","12":"product-type-variable"},"yoast_head":"<!-- This site is optimized with the Yoast SEO Premium plugin v27.4 (Yoast SEO v27.5) - https:\/\/yoast.com\/product\/yoast-seo-premium-wordpress\/ -->\n<title>H\u00e4rlig sweatshirtkl\u00e4nning i fango med tryck framtill - Stil &amp; Design<\/title>\n<meta name=\"robots\" content=\"index, follow, max-snippet:-1, max-image-preview:large, max-video-preview:-1\" \/>\n<link rel=\"canonical\" href=\"https:\/\/stilanddesign.se\/en\/product\/harlig-sweatshirtklanning-i-fango-med-tryck-framtill\/\" \/>\n<meta property=\"og:locale\" content=\"en_US\" \/>\n<meta property=\"og:type\" content=\"article\" \/>\n<meta property=\"og:title\" content=\"H\u00e4rlig sweatshirtkl\u00e4nning i fango med tryck framtill\" \/>\n<meta property=\"og:description\" content=\"Sweatshirtkl\u00e4ning fr,Martha Du Chateu i fango med tryck framtill Trycket \u00e4r\u00a0 sm\u00e5 hj\u00e4rtan i olika f\u00e4rger  Den \u00e4r i mjukt h\u00e4rligt material  Rundad hals  L\u00e5ng \u00e4rm med en mudd i \u00e4rmslut  Kl\u00e4nningen har fickor p\u00e5 sidan  L\u00e4ngd fr\u00e5n axel och ner \u00e4r: 90 cm  Material: 50% polyester 45% viscose 5% Elastan  Tv\u00e4ttr\u00e5d: 30 grader\" \/>\n<meta property=\"og:url\" content=\"https:\/\/stilanddesign.se\/en\/product\/harlig-sweatshirtklanning-i-fango-med-tryck-framtill\/\" \/>\n<meta property=\"og:site_name\" content=\"Stil &amp; Design\" \/>\n<meta property=\"article:modified_time\" content=\"2025-09-13T09:06:14+00:00\" \/>\n<meta property=\"og:image\" content=\"https:\/\/stilanddesign.se\/wp-content\/uploads\/2025\/07\/7676565555555555-1.jpg\" \/>\n\t<meta property=\"og:image:width\" content=\"1024\" \/>\n\t<meta property=\"og:image:height\" content=\"1024\" \/>\n\t<meta property=\"og:image:type\" content=\"image\/jpeg\" \/>\n<meta name=\"twitter:card\" content=\"summary_large_image\" \/>\n<meta name=\"twitter:label1\" content=\"Est. reading time\" \/>\n\t<meta name=\"twitter:data1\" content=\"1 minute\" \/>\n<script type=\"application\/ld+json\" class=\"yoast-schema-graph\">{\"@context\":\"https:\\\/\\\/schema.org\",\"@graph\":[{\"@type\":\"WebPage\",\"@id\":\"https:\\\/\\\/stilanddesign.se\\\/produkt\\\/harlig-sweatshirtklanning-i-fango-med-tryck-framtill\\\/\",\"url\":\"https:\\\/\\\/stilanddesign.se\\\/produkt\\\/harlig-sweatshirtklanning-i-fango-med-tryck-framtill\\\/\",\"name\":\"H\u00e4rlig sweatshirtkl\u00e4nning i fango med tryck framtill - Stil &amp; Design\",\"isPartOf\":{\"@id\":\"https:\\\/\\\/stilanddesign.se\\\/#website\"},\"primaryImageOfPage\":{\"@id\":\"https:\\\/\\\/stilanddesign.se\\\/produkt\\\/harlig-sweatshirtklanning-i-fango-med-tryck-framtill\\\/#primaryimage\"},\"image\":{\"@id\":\"https:\\\/\\\/stilanddesign.se\\\/produkt\\\/harlig-sweatshirtklanning-i-fango-med-tryck-framtill\\\/#primaryimage\"},\"thumbnailUrl\":\"https:\\\/\\\/stilanddesign.se\\\/wp-content\\\/uploads\\\/2025\\\/07\\\/7676565555555555-1.jpg\",\"datePublished\":\"2025-08-04T07:36:20+00:00\",\"dateModified\":\"2025-09-13T09:06:14+00:00\",\"breadcrumb\":{\"@id\":\"https:\\\/\\\/stilanddesign.se\\\/produkt\\\/harlig-sweatshirtklanning-i-fango-med-tryck-framtill\\\/#breadcrumb\"},\"inLanguage\":\"en-US\",\"potentialAction\":[{\"@type\":\"ReadAction\",\"target\":[\"https:\\\/\\\/stilanddesign.se\\\/produkt\\\/harlig-sweatshirtklanning-i-fango-med-tryck-framtill\\\/\"]}]},{\"@type\":\"ImageObject\",\"inLanguage\":\"en-US\",\"@id\":\"https:\\\/\\\/stilanddesign.se\\\/produkt\\\/harlig-sweatshirtklanning-i-fango-med-tryck-framtill\\\/#primaryimage\",\"url\":\"https:\\\/\\\/stilanddesign.se\\\/wp-content\\\/uploads\\\/2025\\\/07\\\/7676565555555555-1.jpg\",\"contentUrl\":\"https:\\\/\\\/stilanddesign.se\\\/wp-content\\\/uploads\\\/2025\\\/07\\\/7676565555555555-1.jpg\",\"width\":1024,\"height\":1024,\"caption\":\"Sweatshirtkl\u00e4nning i fango\"},{\"@type\":\"BreadcrumbList\",\"@id\":\"https:\\\/\\\/stilanddesign.se\\\/produkt\\\/harlig-sweatshirtklanning-i-fango-med-tryck-framtill\\\/#breadcrumb\",\"itemListElement\":[{\"@type\":\"ListItem\",\"position\":1,\"name\":\"Hem\",\"item\":\"https:\\\/\\\/stilanddesign.se\\\/\"},{\"@type\":\"ListItem\",\"position\":2,\"name\":\"Butiken\",\"item\":\"https:\\\/\\\/stilanddesign.se\\\/butiken\\\/\"},{\"@type\":\"ListItem\",\"position\":3,\"name\":\"H\u00e4rlig sweatshirtkl\u00e4nning i fango med tryck framtill\"}]},{\"@type\":\"WebSite\",\"@id\":\"https:\\\/\\\/stilanddesign.se\\\/#website\",\"url\":\"https:\\\/\\\/stilanddesign.se\\\/\",\"name\":\"Stil &amp; Design\",\"description\":\"F\u00f6r oss som \u00e4lskar mode!\",\"publisher\":{\"@id\":\"https:\\\/\\\/stilanddesign.se\\\/#organization\"},\"potentialAction\":[{\"@type\":\"SearchAction\",\"target\":{\"@type\":\"EntryPoint\",\"urlTemplate\":\"https:\\\/\\\/stilanddesign.se\\\/?s={search_term_string}\"},\"query-input\":{\"@type\":\"PropertyValueSpecification\",\"valueRequired\":true,\"valueName\":\"search_term_string\"}}],\"inLanguage\":\"en-US\"},{\"@type\":\"Organization\",\"@id\":\"https:\\\/\\\/stilanddesign.se\\\/#organization\",\"name\":\"Stil &amp; Design\",\"url\":\"https:\\\/\\\/stilanddesign.se\\\/\",\"logo\":{\"@type\":\"ImageObject\",\"inLanguage\":\"en-US\",\"@id\":\"https:\\\/\\\/stilanddesign.se\\\/#\\\/schema\\\/logo\\\/image\\\/\",\"url\":\"https:\\\/\\\/stilanddesign.se\\\/wp-content\\\/uploads\\\/2023\\\/12\\\/output-onlinepngtools-e1727784413220.png\",\"contentUrl\":\"https:\\\/\\\/stilanddesign.se\\\/wp-content\\\/uploads\\\/2023\\\/12\\\/output-onlinepngtools-e1727784413220.png\",\"width\":519,\"height\":135,\"caption\":\"Stil &amp; Design\"},\"image\":{\"@id\":\"https:\\\/\\\/stilanddesign.se\\\/#\\\/schema\\\/logo\\\/image\\\/\"}}]}<\/script>\n<!-- \/ Yoast SEO Premium plugin. -->","yoast_head_json":{"title":"H\u00e4rlig sweatshirtkl\u00e4nning i fango med tryck framtill - Stil &amp; Design","robots":{"index":"index","follow":"follow","max-snippet":"max-snippet:-1","max-image-preview":"max-image-preview:large","max-video-preview":"max-video-preview:-1"},"canonical":"https:\/\/stilanddesign.se\/en\/product\/harlig-sweatshirtklanning-i-fango-med-tryck-framtill\/","og_locale":"en_US","og_type":"article","og_title":"H\u00e4rlig sweatshirtkl\u00e4nning i fango med tryck framtill","og_description":"Sweatshirtkl\u00e4ning fr,Martha Du Chateu i fango med tryck framtill Trycket \u00e4r\u00a0 sm\u00e5 hj\u00e4rtan i olika f\u00e4rger  Den \u00e4r i mjukt h\u00e4rligt material  Rundad hals  L\u00e5ng \u00e4rm med en mudd i \u00e4rmslut  Kl\u00e4nningen har fickor p\u00e5 sidan  L\u00e4ngd fr\u00e5n axel och ner \u00e4r: 90 cm  Material: 50% polyester 45% viscose 5% Elastan  Tv\u00e4ttr\u00e5d: 30 grader","og_url":"https:\/\/stilanddesign.se\/en\/product\/harlig-sweatshirtklanning-i-fango-med-tryck-framtill\/","og_site_name":"Stil &amp; Design","article_modified_time":"2025-09-13T09:06:14+00:00","og_image":[{"width":1024,"height":1024,"url":"https:\/\/stilanddesign.se\/wp-content\/uploads\/2025\/07\/7676565555555555-1.jpg","type":"image\/jpeg"}],"twitter_card":"summary_large_image","twitter_misc":{"Est. reading time":"1 minute"},"schema":{"@context":"https:\/\/schema.org","@graph":[{"@type":"WebPage","@id":"https:\/\/stilanddesign.se\/produkt\/harlig-sweatshirtklanning-i-fango-med-tryck-framtill\/","url":"https:\/\/stilanddesign.se\/produkt\/harlig-sweatshirtklanning-i-fango-med-tryck-framtill\/","name":"H\u00e4rlig sweatshirtkl\u00e4nning i fango med tryck framtill - Stil &amp; Design","isPartOf":{"@id":"https:\/\/stilanddesign.se\/#website"},"primaryImageOfPage":{"@id":"https:\/\/stilanddesign.se\/produkt\/harlig-sweatshirtklanning-i-fango-med-tryck-framtill\/#primaryimage"},"image":{"@id":"https:\/\/stilanddesign.se\/produkt\/harlig-sweatshirtklanning-i-fango-med-tryck-framtill\/#primaryimage"},"thumbnailUrl":"https:\/\/stilanddesign.se\/wp-content\/uploads\/2025\/07\/7676565555555555-1.jpg","datePublished":"2025-08-04T07:36:20+00:00","dateModified":"2025-09-13T09:06:14+00:00","breadcrumb":{"@id":"https:\/\/stilanddesign.se\/produkt\/harlig-sweatshirtklanning-i-fango-med-tryck-framtill\/#breadcrumb"},"inLanguage":"en-US","potentialAction":[{"@type":"ReadAction","target":["https:\/\/stilanddesign.se\/produkt\/harlig-sweatshirtklanning-i-fango-med-tryck-framtill\/"]}]},{"@type":"ImageObject","inLanguage":"en-US","@id":"https:\/\/stilanddesign.se\/produkt\/harlig-sweatshirtklanning-i-fango-med-tryck-framtill\/#primaryimage","url":"https:\/\/stilanddesign.se\/wp-content\/uploads\/2025\/07\/7676565555555555-1.jpg","contentUrl":"https:\/\/stilanddesign.se\/wp-content\/uploads\/2025\/07\/7676565555555555-1.jpg","width":1024,"height":1024,"caption":"Sweatshirtkl\u00e4nning i fango"},{"@type":"BreadcrumbList","@id":"https:\/\/stilanddesign.se\/produkt\/harlig-sweatshirtklanning-i-fango-med-tryck-framtill\/#breadcrumb","itemListElement":[{"@type":"ListItem","position":1,"name":"Hem","item":"https:\/\/stilanddesign.se\/"},{"@type":"ListItem","position":2,"name":"Butiken","item":"https:\/\/stilanddesign.se\/butiken\/"},{"@type":"ListItem","position":3,"name":"H\u00e4rlig sweatshirtkl\u00e4nning i fango med tryck framtill"}]},{"@type":"WebSite","@id":"https:\/\/stilanddesign.se\/#website","url":"https:\/\/stilanddesign.se\/","name":"Style &amp; Design","description":"For those of us who love fashion!","publisher":{"@id":"https:\/\/stilanddesign.se\/#organization"},"potentialAction":[{"@type":"SearchAction","target":{"@type":"EntryPoint","urlTemplate":"https:\/\/stilanddesign.se\/?s={search_term_string}"},"query-input":{"@type":"PropertyValueSpecification","valueRequired":true,"valueName":"search_term_string"}}],"inLanguage":"en-US"},{"@type":"Organization","@id":"https:\/\/stilanddesign.se\/#organization","name":"Style &amp; Design","url":"https:\/\/stilanddesign.se\/","logo":{"@type":"ImageObject","inLanguage":"en-US","@id":"https:\/\/stilanddesign.se\/#\/schema\/logo\/image\/","url":"https:\/\/stilanddesign.se\/wp-content\/uploads\/2023\/12\/output-onlinepngtools-e1727784413220.png","contentUrl":"https:\/\/stilanddesign.se\/wp-content\/uploads\/2023\/12\/output-onlinepngtools-e1727784413220.png","width":519,"height":135,"caption":"Stil &amp; Design"},"image":{"@id":"https:\/\/stilanddesign.se\/#\/schema\/logo\/image\/"}}]}},"_links":{"self":[{"href":"https:\/\/stilanddesign.se\/en\/wp-json\/wp\/v2\/product\/1042195","targetHints":{"allow":["GET"]}}],"collection":[{"href":"https:\/\/stilanddesign.se\/en\/wp-json\/wp\/v2\/product"}],"about":[{"href":"https:\/\/stilanddesign.se\/en\/wp-json\/wp\/v2\/types\/product"}],"replies":[{"embeddable":true,"href":"https:\/\/stilanddesign.se\/en\/wp-json\/wp\/v2\/comments?post=1042195"}],"wp:featuredmedia":[{"embeddable":true,"href":"https:\/\/stilanddesign.se\/en\/wp-json\/wp\/v2\/media\/1041814"}],"wp:attachment":[{"href":"https:\/\/stilanddesign.se\/en\/wp-json\/wp\/v2\/media?parent=1042195"}],"wp:term":[{"taxonomy":"product_brand","embeddable":true,"href":"https:\/\/stilanddesign.se\/en\/wp-json\/wp\/v2\/product_brand?post=1042195"},{"taxonomy":"product_cat","embeddable":true,"href":"https:\/\/stilanddesign.se\/en\/wp-json\/wp\/v2\/product_cat?post=1042195"},{"taxonomy":"product_tag","embeddable":true,"href":"https:\/\/stilanddesign.se\/en\/wp-json\/wp\/v2\/product_tag?post=1042195"}],"curies":[{"name":"wp","href":"https:\/\/api.w.org\/{rel}","templated":true}]}}