{"id":1042152,"date":"2025-10-06T16:55:59","date_gmt":"2025-10-06T14:55:59","guid":{"rendered":"https:\/\/stilanddesign.se\/?post_type=product&#038;p=1042152"},"modified":"2025-10-06T19:43:07","modified_gmt":"2025-10-06T17:43:07","slug":"harlig-mjuk-stickad-troja-som-lyfter-vilken-vardagslook-som-helst-4","status":"publish","type":"product","link":"https:\/\/stilanddesign.se\/en\/product\/harlig-mjuk-stickad-troja-som-lyfter-vilken-vardagslook-som-helst-4\/","title":{"rendered":"Lovely soft knitted sweater that will elevate any everyday look."},"content":{"rendered":"<h3><em>Lovely soft knitted sweater that will elevate any everyday look. <\/em><\/h3>\n<p>Modellen har rund halsringning, halvl\u00e5nga puff\u00e4rmar och avslutas med en finstickad volang vid \u00e4rmslutet \u2013 en s\u00f6t detalj som ger ett feminint intryck.<\/p>\n<p>Material: 51% viskos, 24% nylon, 25% PBT<\/p>\n<p>Size: One size, fits 36-44<\/p>\n<p>Bystm\u00e5tt: 50 cm<\/p>","protected":false},"excerpt":{"rendered":"<h3><em>Lovely soft knitted sweater that will elevate any everyday look. <\/em><\/h3>\n<p>Modellen har rund halsringning, halvl\u00e5nga puff\u00e4rmar och avslutas med en finstickad volang vid \u00e4rmslutet \u2013 en s\u00f6t detalj som ger ett feminint intryck.<\/p>\n<p>Material: 51% viskos, 24% nylon, 25% PBT<\/p>\n<p>Size: One size, fits 36-44<\/p>\n<p>Bystm\u00e5tt: 50 cm<\/p>","protected":false},"featured_media":1042134,"comment_status":"closed","ping_status":"closed","template":"","meta":[],"product_brand":[],"product_cat":[1601,223],"product_tag":[],"class_list":{"0":"post-1042152","1":"product","2":"type-product","3":"status-publish","4":"has-post-thumbnail","6":"product_cat-stickade-klader","7":"product_cat-stickade-trojor","9":"first","10":"outofstock","11":"taxable","12":"shipping-taxable","13":"product-type-variable"},"yoast_head":"<!-- This site is optimized with the Yoast SEO Premium plugin v27.4 (Yoast SEO v27.5) - https:\/\/yoast.com\/product\/yoast-seo-premium-wordpress\/ -->\n<title>H\u00e4rlig mjuk stickad tr\u00f6ja som lyfter vilken vardagslook som helst. - Stil &amp; Design<\/title>\n<meta name=\"robots\" content=\"index, follow, max-snippet:-1, max-image-preview:large, max-video-preview:-1\" \/>\n<link rel=\"canonical\" href=\"https:\/\/stilanddesign.se\/en\/product\/harlig-mjuk-stickad-troja-som-lyfter-vilken-vardagslook-som-helst-4\/\" \/>\n<meta property=\"og:locale\" content=\"en_US\" \/>\n<meta property=\"og:type\" content=\"article\" \/>\n<meta property=\"og:title\" content=\"H\u00e4rlig mjuk stickad tr\u00f6ja som lyfter vilken vardagslook som helst.\" \/>\n<meta property=\"og:description\" content=\"H\u00e4rlig mjuk stickad tr\u00f6ja som lyfter vilken vardagslook som helst.  Modellen har rund halsringning, halvl\u00e5nga puff\u00e4rmar och avslutas med en finstickad volang vid \u00e4rmslutet \u2013 en s\u00f6t detalj som ger ett feminint intryck.  Material: 51% viskos, 24% nylon, 25% PBT  Storlek: Onesize, passar 36-44  Bystm\u00e5tt: 50 cm\" \/>\n<meta property=\"og:url\" content=\"https:\/\/stilanddesign.se\/en\/product\/harlig-mjuk-stickad-troja-som-lyfter-vilken-vardagslook-som-helst-4\/\" \/>\n<meta property=\"og:site_name\" content=\"Stil &amp; Design\" \/>\n<meta property=\"article:modified_time\" content=\"2025-10-06T17:43:07+00:00\" \/>\n<meta property=\"og:image\" content=\"https:\/\/stilanddesign.se\/wp-content\/uploads\/2025\/08\/IMG_1429-kopia-scaled.jpg\" \/>\n\t<meta property=\"og:image:width\" content=\"1921\" \/>\n\t<meta property=\"og:image:height\" content=\"2560\" \/>\n\t<meta property=\"og:image:type\" content=\"image\/jpeg\" \/>\n<meta name=\"twitter:card\" content=\"summary_large_image\" \/>\n<meta name=\"twitter:label1\" content=\"Est. reading time\" \/>\n\t<meta name=\"twitter:data1\" content=\"1 minute\" \/>\n<script type=\"application\/ld+json\" class=\"yoast-schema-graph\">{\"@context\":\"https:\\\/\\\/schema.org\",\"@graph\":[{\"@type\":\"WebPage\",\"@id\":\"https:\\\/\\\/stilanddesign.se\\\/produkt\\\/harlig-mjuk-stickad-troja-som-lyfter-vilken-vardagslook-som-helst-4\\\/\",\"url\":\"https:\\\/\\\/stilanddesign.se\\\/produkt\\\/harlig-mjuk-stickad-troja-som-lyfter-vilken-vardagslook-som-helst-4\\\/\",\"name\":\"H\u00e4rlig mjuk stickad tr\u00f6ja som lyfter vilken vardagslook som helst. - Stil &amp; Design\",\"isPartOf\":{\"@id\":\"https:\\\/\\\/stilanddesign.se\\\/#website\"},\"primaryImageOfPage\":{\"@id\":\"https:\\\/\\\/stilanddesign.se\\\/produkt\\\/harlig-mjuk-stickad-troja-som-lyfter-vilken-vardagslook-som-helst-4\\\/#primaryimage\"},\"image\":{\"@id\":\"https:\\\/\\\/stilanddesign.se\\\/produkt\\\/harlig-mjuk-stickad-troja-som-lyfter-vilken-vardagslook-som-helst-4\\\/#primaryimage\"},\"thumbnailUrl\":\"https:\\\/\\\/stilanddesign.se\\\/wp-content\\\/uploads\\\/2025\\\/08\\\/IMG_1429-kopia-scaled.jpg\",\"datePublished\":\"2025-10-06T14:55:59+00:00\",\"dateModified\":\"2025-10-06T17:43:07+00:00\",\"breadcrumb\":{\"@id\":\"https:\\\/\\\/stilanddesign.se\\\/produkt\\\/harlig-mjuk-stickad-troja-som-lyfter-vilken-vardagslook-som-helst-4\\\/#breadcrumb\"},\"inLanguage\":\"en-US\",\"potentialAction\":[{\"@type\":\"ReadAction\",\"target\":[\"https:\\\/\\\/stilanddesign.se\\\/produkt\\\/harlig-mjuk-stickad-troja-som-lyfter-vilken-vardagslook-som-helst-4\\\/\"]}]},{\"@type\":\"ImageObject\",\"inLanguage\":\"en-US\",\"@id\":\"https:\\\/\\\/stilanddesign.se\\\/produkt\\\/harlig-mjuk-stickad-troja-som-lyfter-vilken-vardagslook-som-helst-4\\\/#primaryimage\",\"url\":\"https:\\\/\\\/stilanddesign.se\\\/wp-content\\\/uploads\\\/2025\\\/08\\\/IMG_1429-kopia-scaled.jpg\",\"contentUrl\":\"https:\\\/\\\/stilanddesign.se\\\/wp-content\\\/uploads\\\/2025\\\/08\\\/IMG_1429-kopia-scaled.jpg\",\"width\":1921,\"height\":2560},{\"@type\":\"BreadcrumbList\",\"@id\":\"https:\\\/\\\/stilanddesign.se\\\/produkt\\\/harlig-mjuk-stickad-troja-som-lyfter-vilken-vardagslook-som-helst-4\\\/#breadcrumb\",\"itemListElement\":[{\"@type\":\"ListItem\",\"position\":1,\"name\":\"Hem\",\"item\":\"https:\\\/\\\/stilanddesign.se\\\/\"},{\"@type\":\"ListItem\",\"position\":2,\"name\":\"Butiken\",\"item\":\"https:\\\/\\\/stilanddesign.se\\\/butiken\\\/\"},{\"@type\":\"ListItem\",\"position\":3,\"name\":\"H\u00e4rlig mjuk stickad tr\u00f6ja som lyfter vilken vardagslook som helst.\"}]},{\"@type\":\"WebSite\",\"@id\":\"https:\\\/\\\/stilanddesign.se\\\/#website\",\"url\":\"https:\\\/\\\/stilanddesign.se\\\/\",\"name\":\"Stil &amp; Design\",\"description\":\"F\u00f6r oss som \u00e4lskar mode!\",\"publisher\":{\"@id\":\"https:\\\/\\\/stilanddesign.se\\\/#organization\"},\"potentialAction\":[{\"@type\":\"SearchAction\",\"target\":{\"@type\":\"EntryPoint\",\"urlTemplate\":\"https:\\\/\\\/stilanddesign.se\\\/?s={search_term_string}\"},\"query-input\":{\"@type\":\"PropertyValueSpecification\",\"valueRequired\":true,\"valueName\":\"search_term_string\"}}],\"inLanguage\":\"en-US\"},{\"@type\":\"Organization\",\"@id\":\"https:\\\/\\\/stilanddesign.se\\\/#organization\",\"name\":\"Stil &amp; Design\",\"url\":\"https:\\\/\\\/stilanddesign.se\\\/\",\"logo\":{\"@type\":\"ImageObject\",\"inLanguage\":\"en-US\",\"@id\":\"https:\\\/\\\/stilanddesign.se\\\/#\\\/schema\\\/logo\\\/image\\\/\",\"url\":\"https:\\\/\\\/stilanddesign.se\\\/wp-content\\\/uploads\\\/2023\\\/12\\\/output-onlinepngtools-e1727784413220.png\",\"contentUrl\":\"https:\\\/\\\/stilanddesign.se\\\/wp-content\\\/uploads\\\/2023\\\/12\\\/output-onlinepngtools-e1727784413220.png\",\"width\":519,\"height\":135,\"caption\":\"Stil &amp; Design\"},\"image\":{\"@id\":\"https:\\\/\\\/stilanddesign.se\\\/#\\\/schema\\\/logo\\\/image\\\/\"}}]}<\/script>\n<!-- \/ Yoast SEO Premium plugin. -->","yoast_head_json":{"title":"H\u00e4rlig mjuk stickad tr\u00f6ja som lyfter vilken vardagslook som helst. - Stil &amp; Design","robots":{"index":"index","follow":"follow","max-snippet":"max-snippet:-1","max-image-preview":"max-image-preview:large","max-video-preview":"max-video-preview:-1"},"canonical":"https:\/\/stilanddesign.se\/en\/product\/harlig-mjuk-stickad-troja-som-lyfter-vilken-vardagslook-som-helst-4\/","og_locale":"en_US","og_type":"article","og_title":"H\u00e4rlig mjuk stickad tr\u00f6ja som lyfter vilken vardagslook som helst.","og_description":"H\u00e4rlig mjuk stickad tr\u00f6ja som lyfter vilken vardagslook som helst.  Modellen har rund halsringning, halvl\u00e5nga puff\u00e4rmar och avslutas med en finstickad volang vid \u00e4rmslutet \u2013 en s\u00f6t detalj som ger ett feminint intryck.  Material: 51% viskos, 24% nylon, 25% PBT  Storlek: Onesize, passar 36-44  Bystm\u00e5tt: 50 cm","og_url":"https:\/\/stilanddesign.se\/en\/product\/harlig-mjuk-stickad-troja-som-lyfter-vilken-vardagslook-som-helst-4\/","og_site_name":"Stil &amp; Design","article_modified_time":"2025-10-06T17:43:07+00:00","og_image":[{"width":1921,"height":2560,"url":"https:\/\/stilanddesign.se\/wp-content\/uploads\/2025\/08\/IMG_1429-kopia-scaled.jpg","type":"image\/jpeg"}],"twitter_card":"summary_large_image","twitter_misc":{"Est. reading time":"1 minute"},"schema":{"@context":"https:\/\/schema.org","@graph":[{"@type":"WebPage","@id":"https:\/\/stilanddesign.se\/produkt\/harlig-mjuk-stickad-troja-som-lyfter-vilken-vardagslook-som-helst-4\/","url":"https:\/\/stilanddesign.se\/produkt\/harlig-mjuk-stickad-troja-som-lyfter-vilken-vardagslook-som-helst-4\/","name":"H\u00e4rlig mjuk stickad tr\u00f6ja som lyfter vilken vardagslook som helst. - Stil &amp; Design","isPartOf":{"@id":"https:\/\/stilanddesign.se\/#website"},"primaryImageOfPage":{"@id":"https:\/\/stilanddesign.se\/produkt\/harlig-mjuk-stickad-troja-som-lyfter-vilken-vardagslook-som-helst-4\/#primaryimage"},"image":{"@id":"https:\/\/stilanddesign.se\/produkt\/harlig-mjuk-stickad-troja-som-lyfter-vilken-vardagslook-som-helst-4\/#primaryimage"},"thumbnailUrl":"https:\/\/stilanddesign.se\/wp-content\/uploads\/2025\/08\/IMG_1429-kopia-scaled.jpg","datePublished":"2025-10-06T14:55:59+00:00","dateModified":"2025-10-06T17:43:07+00:00","breadcrumb":{"@id":"https:\/\/stilanddesign.se\/produkt\/harlig-mjuk-stickad-troja-som-lyfter-vilken-vardagslook-som-helst-4\/#breadcrumb"},"inLanguage":"en-US","potentialAction":[{"@type":"ReadAction","target":["https:\/\/stilanddesign.se\/produkt\/harlig-mjuk-stickad-troja-som-lyfter-vilken-vardagslook-som-helst-4\/"]}]},{"@type":"ImageObject","inLanguage":"en-US","@id":"https:\/\/stilanddesign.se\/produkt\/harlig-mjuk-stickad-troja-som-lyfter-vilken-vardagslook-som-helst-4\/#primaryimage","url":"https:\/\/stilanddesign.se\/wp-content\/uploads\/2025\/08\/IMG_1429-kopia-scaled.jpg","contentUrl":"https:\/\/stilanddesign.se\/wp-content\/uploads\/2025\/08\/IMG_1429-kopia-scaled.jpg","width":1921,"height":2560},{"@type":"BreadcrumbList","@id":"https:\/\/stilanddesign.se\/produkt\/harlig-mjuk-stickad-troja-som-lyfter-vilken-vardagslook-som-helst-4\/#breadcrumb","itemListElement":[{"@type":"ListItem","position":1,"name":"Hem","item":"https:\/\/stilanddesign.se\/"},{"@type":"ListItem","position":2,"name":"Butiken","item":"https:\/\/stilanddesign.se\/butiken\/"},{"@type":"ListItem","position":3,"name":"H\u00e4rlig mjuk stickad tr\u00f6ja som lyfter vilken vardagslook som helst."}]},{"@type":"WebSite","@id":"https:\/\/stilanddesign.se\/#website","url":"https:\/\/stilanddesign.se\/","name":"Style &amp; Design","description":"For those of us who love fashion!","publisher":{"@id":"https:\/\/stilanddesign.se\/#organization"},"potentialAction":[{"@type":"SearchAction","target":{"@type":"EntryPoint","urlTemplate":"https:\/\/stilanddesign.se\/?s={search_term_string}"},"query-input":{"@type":"PropertyValueSpecification","valueRequired":true,"valueName":"search_term_string"}}],"inLanguage":"en-US"},{"@type":"Organization","@id":"https:\/\/stilanddesign.se\/#organization","name":"Style &amp; Design","url":"https:\/\/stilanddesign.se\/","logo":{"@type":"ImageObject","inLanguage":"en-US","@id":"https:\/\/stilanddesign.se\/#\/schema\/logo\/image\/","url":"https:\/\/stilanddesign.se\/wp-content\/uploads\/2023\/12\/output-onlinepngtools-e1727784413220.png","contentUrl":"https:\/\/stilanddesign.se\/wp-content\/uploads\/2023\/12\/output-onlinepngtools-e1727784413220.png","width":519,"height":135,"caption":"Stil &amp; Design"},"image":{"@id":"https:\/\/stilanddesign.se\/#\/schema\/logo\/image\/"}}]}},"_links":{"self":[{"href":"https:\/\/stilanddesign.se\/en\/wp-json\/wp\/v2\/product\/1042152","targetHints":{"allow":["GET"]}}],"collection":[{"href":"https:\/\/stilanddesign.se\/en\/wp-json\/wp\/v2\/product"}],"about":[{"href":"https:\/\/stilanddesign.se\/en\/wp-json\/wp\/v2\/types\/product"}],"replies":[{"embeddable":true,"href":"https:\/\/stilanddesign.se\/en\/wp-json\/wp\/v2\/comments?post=1042152"}],"wp:featuredmedia":[{"embeddable":true,"href":"https:\/\/stilanddesign.se\/en\/wp-json\/wp\/v2\/media\/1042134"}],"wp:attachment":[{"href":"https:\/\/stilanddesign.se\/en\/wp-json\/wp\/v2\/media?parent=1042152"}],"wp:term":[{"taxonomy":"product_brand","embeddable":true,"href":"https:\/\/stilanddesign.se\/en\/wp-json\/wp\/v2\/product_brand?post=1042152"},{"taxonomy":"product_cat","embeddable":true,"href":"https:\/\/stilanddesign.se\/en\/wp-json\/wp\/v2\/product_cat?post=1042152"},{"taxonomy":"product_tag","embeddable":true,"href":"https:\/\/stilanddesign.se\/en\/wp-json\/wp\/v2\/product_tag?post=1042152"}],"curies":[{"name":"wp","href":"https:\/\/api.w.org\/{rel}","templated":true}]}}