{"id":1041592,"date":"2025-09-25T12:09:27","date_gmt":"2025-09-25T10:09:27","guid":{"rendered":"https:\/\/stilanddesign.se\/?post_type=product&#038;p=1041592"},"modified":"2025-09-28T13:28:43","modified_gmt":"2025-09-28T11:28:43","slug":"svart-topp-med-spetsbrodyr-pa-armen-fr-martha-du-chateu","status":"publish","type":"product","link":"https:\/\/stilanddesign.se\/en\/product\/svart-topp-med-spetsbrodyr-pa-armen-fr-martha-du-chateu\/","title":{"rendered":"Black top with lace embroidery on the sleeve, Martha Du Chateu"},"content":{"rendered":"<p>Svart topp i bomull<\/p>\n<p>Har rundad hals med res\u00e5r runt om<\/p>\n<p>Kort \u00e4rm som har spetsbrodyr<\/p>\n<p>Normal in size<\/p>\n<p>Material: 100% cotton<\/p>\n<p>Washing instructions: 30 degrees<\/p>\n<p>&nbsp;<\/p>\n<p>&nbsp;<\/p>\n<p>&nbsp;<\/p>\n<p>&nbsp;<\/p>\n<p>&nbsp;<\/p>\n<p>&nbsp;<\/p>\n<p>&nbsp;<\/p>","protected":false},"excerpt":{"rendered":"<p>Svart topp i bomull<\/p>\n<p>Har rundad hals med res\u00e5r runt om<\/p>\n<p>Kort \u00e4rm som har spetsbrodyr<\/p>\n<p>Normal in size<\/p>\n<p>Material: 100% cotton<\/p>\n<p>Washing instructions: 30 degrees<\/p>","protected":false},"featured_media":1041587,"comment_status":"closed","ping_status":"closed","template":"","meta":[],"product_brand":[],"product_cat":[209],"product_tag":[],"class_list":{"0":"post-1041592","1":"product","2":"type-product","3":"status-publish","4":"has-post-thumbnail","6":"product_cat-reaprodukter","8":"first","9":"outofstock","10":"taxable","11":"shipping-taxable","12":"product-type-variable"},"yoast_head":"<!-- This site is optimized with the Yoast SEO Premium plugin v27.4 (Yoast SEO v27.4) - https:\/\/yoast.com\/product\/yoast-seo-premium-wordpress\/ -->\n<title>Svart topp med spetsbrodyr p\u00e5 \u00e4rmen fr, Martha Du Chateu - Stil &amp; Design<\/title>\n<meta name=\"description\" content=\"H\u00e4rliga bl\u00e5jeans med ljusa slitningar\" \/>\n<meta name=\"robots\" content=\"index, follow, max-snippet:-1, max-image-preview:large, max-video-preview:-1\" \/>\n<link rel=\"canonical\" href=\"https:\/\/stilanddesign.se\/en\/product\/svart-topp-med-spetsbrodyr-pa-armen-fr-martha-du-chateu\/\" \/>\n<meta property=\"og:locale\" content=\"en_US\" \/>\n<meta property=\"og:type\" content=\"article\" \/>\n<meta property=\"og:title\" content=\"Svart topp med spetsbrodyr p\u00e5 \u00e4rmen fr, Martha Du Chateu\" \/>\n<meta property=\"og:description\" content=\"H\u00e4rliga bl\u00e5jeans med ljusa slitningar\" \/>\n<meta property=\"og:url\" content=\"https:\/\/stilanddesign.se\/en\/product\/svart-topp-med-spetsbrodyr-pa-armen-fr-martha-du-chateu\/\" \/>\n<meta property=\"og:site_name\" content=\"Stil &amp; Design\" \/>\n<meta property=\"article:modified_time\" content=\"2025-09-28T11:28:43+00:00\" \/>\n<meta property=\"og:image\" content=\"https:\/\/stilanddesign.se\/wp-content\/uploads\/2025\/07\/78786766666.jpg\" \/>\n\t<meta property=\"og:image:width\" content=\"1000\" \/>\n\t<meta property=\"og:image:height\" content=\"1000\" \/>\n\t<meta property=\"og:image:type\" content=\"image\/jpeg\" \/>\n<meta name=\"twitter:card\" content=\"summary_large_image\" \/>\n<meta name=\"twitter:label1\" content=\"Est. reading time\" \/>\n\t<meta name=\"twitter:data1\" content=\"1 minute\" \/>\n<script type=\"application\/ld+json\" class=\"yoast-schema-graph\">{\"@context\":\"https:\\\/\\\/schema.org\",\"@graph\":[{\"@type\":\"WebPage\",\"@id\":\"https:\\\/\\\/stilanddesign.se\\\/produkt\\\/svart-topp-med-spetsbrodyr-pa-armen-fr-martha-du-chateu\\\/\",\"url\":\"https:\\\/\\\/stilanddesign.se\\\/produkt\\\/svart-topp-med-spetsbrodyr-pa-armen-fr-martha-du-chateu\\\/\",\"name\":\"Svart topp med spetsbrodyr p\u00e5 \u00e4rmen fr, Martha Du Chateu - Stil &amp; Design\",\"isPartOf\":{\"@id\":\"https:\\\/\\\/stilanddesign.se\\\/#website\"},\"primaryImageOfPage\":{\"@id\":\"https:\\\/\\\/stilanddesign.se\\\/produkt\\\/svart-topp-med-spetsbrodyr-pa-armen-fr-martha-du-chateu\\\/#primaryimage\"},\"image\":{\"@id\":\"https:\\\/\\\/stilanddesign.se\\\/produkt\\\/svart-topp-med-spetsbrodyr-pa-armen-fr-martha-du-chateu\\\/#primaryimage\"},\"thumbnailUrl\":\"https:\\\/\\\/stilanddesign.se\\\/wp-content\\\/uploads\\\/2025\\\/07\\\/78786766666.jpg\",\"datePublished\":\"2025-09-25T10:09:27+00:00\",\"dateModified\":\"2025-09-28T11:28:43+00:00\",\"description\":\"H\u00e4rliga bl\u00e5jeans med ljusa slitningar\",\"breadcrumb\":{\"@id\":\"https:\\\/\\\/stilanddesign.se\\\/produkt\\\/svart-topp-med-spetsbrodyr-pa-armen-fr-martha-du-chateu\\\/#breadcrumb\"},\"inLanguage\":\"en-US\",\"potentialAction\":[{\"@type\":\"ReadAction\",\"target\":[\"https:\\\/\\\/stilanddesign.se\\\/produkt\\\/svart-topp-med-spetsbrodyr-pa-armen-fr-martha-du-chateu\\\/\"]}]},{\"@type\":\"ImageObject\",\"inLanguage\":\"en-US\",\"@id\":\"https:\\\/\\\/stilanddesign.se\\\/produkt\\\/svart-topp-med-spetsbrodyr-pa-armen-fr-martha-du-chateu\\\/#primaryimage\",\"url\":\"https:\\\/\\\/stilanddesign.se\\\/wp-content\\\/uploads\\\/2025\\\/07\\\/78786766666.jpg\",\"contentUrl\":\"https:\\\/\\\/stilanddesign.se\\\/wp-content\\\/uploads\\\/2025\\\/07\\\/78786766666.jpg\",\"width\":1000,\"height\":1000,\"caption\":\"Svart blus med spets p\u00e5 \u00e4rmen\"},{\"@type\":\"BreadcrumbList\",\"@id\":\"https:\\\/\\\/stilanddesign.se\\\/produkt\\\/svart-topp-med-spetsbrodyr-pa-armen-fr-martha-du-chateu\\\/#breadcrumb\",\"itemListElement\":[{\"@type\":\"ListItem\",\"position\":1,\"name\":\"Hem\",\"item\":\"https:\\\/\\\/stilanddesign.se\\\/\"},{\"@type\":\"ListItem\",\"position\":2,\"name\":\"Butiken\",\"item\":\"https:\\\/\\\/stilanddesign.se\\\/butiken\\\/\"},{\"@type\":\"ListItem\",\"position\":3,\"name\":\"Svart topp med spetsbrodyr p\u00e5 \u00e4rmen fr, Martha Du Chateu\"}]},{\"@type\":\"WebSite\",\"@id\":\"https:\\\/\\\/stilanddesign.se\\\/#website\",\"url\":\"https:\\\/\\\/stilanddesign.se\\\/\",\"name\":\"Stil &amp; Design\",\"description\":\"F\u00f6r oss som \u00e4lskar mode!\",\"publisher\":{\"@id\":\"https:\\\/\\\/stilanddesign.se\\\/#organization\"},\"potentialAction\":[{\"@type\":\"SearchAction\",\"target\":{\"@type\":\"EntryPoint\",\"urlTemplate\":\"https:\\\/\\\/stilanddesign.se\\\/?s={search_term_string}\"},\"query-input\":{\"@type\":\"PropertyValueSpecification\",\"valueRequired\":true,\"valueName\":\"search_term_string\"}}],\"inLanguage\":\"en-US\"},{\"@type\":\"Organization\",\"@id\":\"https:\\\/\\\/stilanddesign.se\\\/#organization\",\"name\":\"Stil &amp; Design\",\"url\":\"https:\\\/\\\/stilanddesign.se\\\/\",\"logo\":{\"@type\":\"ImageObject\",\"inLanguage\":\"en-US\",\"@id\":\"https:\\\/\\\/stilanddesign.se\\\/#\\\/schema\\\/logo\\\/image\\\/\",\"url\":\"https:\\\/\\\/stilanddesign.se\\\/wp-content\\\/uploads\\\/2023\\\/12\\\/output-onlinepngtools-e1727784413220.png\",\"contentUrl\":\"https:\\\/\\\/stilanddesign.se\\\/wp-content\\\/uploads\\\/2023\\\/12\\\/output-onlinepngtools-e1727784413220.png\",\"width\":519,\"height\":135,\"caption\":\"Stil &amp; Design\"},\"image\":{\"@id\":\"https:\\\/\\\/stilanddesign.se\\\/#\\\/schema\\\/logo\\\/image\\\/\"}}]}<\/script>\n<!-- \/ Yoast SEO Premium plugin. -->","yoast_head_json":{"title":"Svart topp med spetsbrodyr p\u00e5 \u00e4rmen fr, Martha Du Chateu - Stil &amp; Design","description":"Lovely blue jeans with light abrasions","robots":{"index":"index","follow":"follow","max-snippet":"max-snippet:-1","max-image-preview":"max-image-preview:large","max-video-preview":"max-video-preview:-1"},"canonical":"https:\/\/stilanddesign.se\/en\/product\/svart-topp-med-spetsbrodyr-pa-armen-fr-martha-du-chateu\/","og_locale":"en_US","og_type":"article","og_title":"Svart topp med spetsbrodyr p\u00e5 \u00e4rmen fr, Martha Du Chateu","og_description":"H\u00e4rliga bl\u00e5jeans med ljusa slitningar","og_url":"https:\/\/stilanddesign.se\/en\/product\/svart-topp-med-spetsbrodyr-pa-armen-fr-martha-du-chateu\/","og_site_name":"Stil &amp; Design","article_modified_time":"2025-09-28T11:28:43+00:00","og_image":[{"width":1000,"height":1000,"url":"https:\/\/stilanddesign.se\/wp-content\/uploads\/2025\/07\/78786766666.jpg","type":"image\/jpeg"}],"twitter_card":"summary_large_image","twitter_misc":{"Est. reading time":"1 minute"},"schema":{"@context":"https:\/\/schema.org","@graph":[{"@type":"WebPage","@id":"https:\/\/stilanddesign.se\/produkt\/svart-topp-med-spetsbrodyr-pa-armen-fr-martha-du-chateu\/","url":"https:\/\/stilanddesign.se\/produkt\/svart-topp-med-spetsbrodyr-pa-armen-fr-martha-du-chateu\/","name":"Svart topp med spetsbrodyr p\u00e5 \u00e4rmen fr, Martha Du Chateu - Stil &amp; Design","isPartOf":{"@id":"https:\/\/stilanddesign.se\/#website"},"primaryImageOfPage":{"@id":"https:\/\/stilanddesign.se\/produkt\/svart-topp-med-spetsbrodyr-pa-armen-fr-martha-du-chateu\/#primaryimage"},"image":{"@id":"https:\/\/stilanddesign.se\/produkt\/svart-topp-med-spetsbrodyr-pa-armen-fr-martha-du-chateu\/#primaryimage"},"thumbnailUrl":"https:\/\/stilanddesign.se\/wp-content\/uploads\/2025\/07\/78786766666.jpg","datePublished":"2025-09-25T10:09:27+00:00","dateModified":"2025-09-28T11:28:43+00:00","description":"Lovely blue jeans with light abrasions","breadcrumb":{"@id":"https:\/\/stilanddesign.se\/produkt\/svart-topp-med-spetsbrodyr-pa-armen-fr-martha-du-chateu\/#breadcrumb"},"inLanguage":"en-US","potentialAction":[{"@type":"ReadAction","target":["https:\/\/stilanddesign.se\/produkt\/svart-topp-med-spetsbrodyr-pa-armen-fr-martha-du-chateu\/"]}]},{"@type":"ImageObject","inLanguage":"en-US","@id":"https:\/\/stilanddesign.se\/produkt\/svart-topp-med-spetsbrodyr-pa-armen-fr-martha-du-chateu\/#primaryimage","url":"https:\/\/stilanddesign.se\/wp-content\/uploads\/2025\/07\/78786766666.jpg","contentUrl":"https:\/\/stilanddesign.se\/wp-content\/uploads\/2025\/07\/78786766666.jpg","width":1000,"height":1000,"caption":"Svart blus med spets p\u00e5 \u00e4rmen"},{"@type":"BreadcrumbList","@id":"https:\/\/stilanddesign.se\/produkt\/svart-topp-med-spetsbrodyr-pa-armen-fr-martha-du-chateu\/#breadcrumb","itemListElement":[{"@type":"ListItem","position":1,"name":"Hem","item":"https:\/\/stilanddesign.se\/"},{"@type":"ListItem","position":2,"name":"Butiken","item":"https:\/\/stilanddesign.se\/butiken\/"},{"@type":"ListItem","position":3,"name":"Svart topp med spetsbrodyr p\u00e5 \u00e4rmen fr, Martha Du Chateu"}]},{"@type":"WebSite","@id":"https:\/\/stilanddesign.se\/#website","url":"https:\/\/stilanddesign.se\/","name":"Style &amp; Design","description":"For those of us who love fashion!","publisher":{"@id":"https:\/\/stilanddesign.se\/#organization"},"potentialAction":[{"@type":"SearchAction","target":{"@type":"EntryPoint","urlTemplate":"https:\/\/stilanddesign.se\/?s={search_term_string}"},"query-input":{"@type":"PropertyValueSpecification","valueRequired":true,"valueName":"search_term_string"}}],"inLanguage":"en-US"},{"@type":"Organization","@id":"https:\/\/stilanddesign.se\/#organization","name":"Style &amp; Design","url":"https:\/\/stilanddesign.se\/","logo":{"@type":"ImageObject","inLanguage":"en-US","@id":"https:\/\/stilanddesign.se\/#\/schema\/logo\/image\/","url":"https:\/\/stilanddesign.se\/wp-content\/uploads\/2023\/12\/output-onlinepngtools-e1727784413220.png","contentUrl":"https:\/\/stilanddesign.se\/wp-content\/uploads\/2023\/12\/output-onlinepngtools-e1727784413220.png","width":519,"height":135,"caption":"Stil &amp; Design"},"image":{"@id":"https:\/\/stilanddesign.se\/#\/schema\/logo\/image\/"}}]}},"_links":{"self":[{"href":"https:\/\/stilanddesign.se\/en\/wp-json\/wp\/v2\/product\/1041592","targetHints":{"allow":["GET"]}}],"collection":[{"href":"https:\/\/stilanddesign.se\/en\/wp-json\/wp\/v2\/product"}],"about":[{"href":"https:\/\/stilanddesign.se\/en\/wp-json\/wp\/v2\/types\/product"}],"replies":[{"embeddable":true,"href":"https:\/\/stilanddesign.se\/en\/wp-json\/wp\/v2\/comments?post=1041592"}],"wp:featuredmedia":[{"embeddable":true,"href":"https:\/\/stilanddesign.se\/en\/wp-json\/wp\/v2\/media\/1041587"}],"wp:attachment":[{"href":"https:\/\/stilanddesign.se\/en\/wp-json\/wp\/v2\/media?parent=1041592"}],"wp:term":[{"taxonomy":"product_brand","embeddable":true,"href":"https:\/\/stilanddesign.se\/en\/wp-json\/wp\/v2\/product_brand?post=1041592"},{"taxonomy":"product_cat","embeddable":true,"href":"https:\/\/stilanddesign.se\/en\/wp-json\/wp\/v2\/product_cat?post=1041592"},{"taxonomy":"product_tag","embeddable":true,"href":"https:\/\/stilanddesign.se\/en\/wp-json\/wp\/v2\/product_tag?post=1041592"}],"curies":[{"name":"wp","href":"https:\/\/api.w.org\/{rel}","templated":true}]}}