{"id":1040068,"date":"2026-04-29T13:15:49","date_gmt":"2026-04-29T11:15:49","guid":{"rendered":"https:\/\/stilanddesign.se\/?post_type=product&#038;p=1040068"},"modified":"2026-04-29T13:24:37","modified_gmt":"2026-04-29T11:24:37","slug":"%f0%9f%8c%bf-svart-viskosbyxa-fran-zabaione-sval-stilren-komfort-%e2%9c%a8","status":"publish","type":"product","link":"https:\/\/stilanddesign.se\/en\/product\/%f0%9f%8c%bf-svart-viskosbyxa-fran-zabaione-sval-stilren-komfort-%e2%9c%a8\/","title":{"rendered":"\ud83c\udf3f Black viscose trousers from Zabaione \u2013 cool &amp; stylish comfort \u2728"},"content":{"rendered":"<p data-start=\"0\" data-end=\"66\">\ud83c\udf3f <strong data-start=\"3\" data-end=\"62\">Black viscose trousers from Zabaione \u2013 cool &amp; stylish comfort<\/strong> \u2728<\/p>\n<p data-start=\"68\" data-end=\"301\">\ud83d\udda4 Lovely trousers in soft and airy viscose - perfect for warmer days<br data-start=\"135\" data-end=\"138\" \/>\ud83d\udcab Elastic and drawstring at the waist for a comfortable and flexible fit<br data-start=\"203\" data-end=\"206\" \/>\ud83d\udc56 Straight, slightly wider legs that give a nice and relaxed fit<br data-start=\"270\" data-end=\"273\" \/>\ud83d\udc4c Two practical side pockets<\/p>\n<p data-start=\"303\" data-end=\"325\">\ud83d\udccf Sizes: XS\u2013XXL<\/p>\n<p data-start=\"327\" data-end=\"373\">\ud83e\uddf5 Material: 100% viscose<br data-start=\"351\" data-end=\"354\" \/>\ud83e\udee7 Washing instructions: 30\u00b0C<\/p>\n<p data-start=\"375\" data-end=\"555\">\ud83d\udc5a <strong data-start=\"378\" data-end=\"394\">Styling tips:<\/strong> Match with a light blouse or top and sneakers for a casual everyday look \u2013 or dress it up with sandals and jewelry for a more summery and elegant feel \ud83d\udc95<\/p>\n<p data-start=\"557\" data-end=\"628\" data-is-last-node=\"\" data-is-only-node=\"\">\ud83d\udc96 A comfortable and stylish pair of pants that will quickly become a wardrobe favorite \ud83c\udf38\u2728<\/p>","protected":false},"excerpt":{"rendered":"<p data-start=\"0\" data-end=\"66\">\ud83c\udf3f <strong data-start=\"3\" data-end=\"62\">Black viscose trousers from Zabaione \u2013 cool &amp; stylish comfort<\/strong> \u2728<\/p>\n<p data-start=\"68\" data-end=\"301\">\ud83d\udda4 Lovely trousers in soft and airy viscose - perfect for warmer days<br data-start=\"135\" data-end=\"138\" \/>\ud83d\udcab Elastic and drawstring at the waist for a comfortable and flexible fit<br data-start=\"203\" data-end=\"206\" \/>\ud83d\udc56 Straight, slightly wider legs that give a nice and relaxed fit<br data-start=\"270\" data-end=\"273\" \/>\ud83d\udc4c Two practical side pockets<\/p>\n<p data-start=\"303\" data-end=\"325\">\ud83d\udccf Sizes: XS\u2013XXL<\/p>\n<p data-start=\"327\" data-end=\"373\">\ud83e\uddf5 Material: 100% viscose<br data-start=\"351\" data-end=\"354\" \/>\ud83e\udee7 Washing instructions: 30\u00b0C<\/p>\n<p data-start=\"375\" data-end=\"555\">\ud83d\udc5a <strong data-start=\"378\" data-end=\"394\">Styling tips:<\/strong> Match with a light blouse or top and sneakers for a casual everyday look \u2013 or dress it up with sandals and jewelry for a more summery and elegant feel \ud83d\udc95<\/p>\n<p data-start=\"557\" data-end=\"628\" data-is-last-node=\"\" data-is-only-node=\"\">\ud83d\udc96 A comfortable and stylish pair of pants that will quickly become a wardrobe favorite \ud83c\udf38\u2728<\/p>","protected":false},"featured_media":1075598,"comment_status":"closed","ping_status":"closed","template":"","meta":[],"product_brand":[],"product_cat":[203,217],"product_tag":[],"class_list":{"0":"post-1040068","1":"product","2":"type-product","3":"status-publish","4":"has-post-thumbnail","6":"product_cat-byxor","7":"product_cat-produktnyheter","9":"first","10":"instock","11":"taxable","12":"shipping-taxable","13":"purchasable","14":"product-type-variable"},"yoast_head":"<!-- This site is optimized with the Yoast SEO Premium plugin v27.4 (Yoast SEO v27.5) - https:\/\/yoast.com\/product\/yoast-seo-premium-wordpress\/ -->\n<title>\ud83c\udf3f Svart viskosbyxa fr\u00e5n Zabaione \u2013 sval &amp; stilren komfort \u2728 - Stil &amp; Design<\/title>\n<meta name=\"robots\" content=\"index, follow, max-snippet:-1, max-image-preview:large, max-video-preview:-1\" \/>\n<link rel=\"canonical\" href=\"https:\/\/stilanddesign.se\/en\/product\/\ud83c\udf3f-svart-viskosbyxa-fran-zabaione-sval-stilren-komfort-\u2728\/\" \/>\n<meta property=\"og:locale\" content=\"en_US\" \/>\n<meta property=\"og:type\" content=\"article\" \/>\n<meta property=\"og:title\" content=\"\ud83c\udf3f Svart viskosbyxa fr\u00e5n Zabaione \u2013 sval &amp; stilren komfort \u2728\" \/>\n<meta property=\"og:description\" content=\"\ud83c\udf3f Svart viskosbyxa fr\u00e5n Zabaione \u2013 sval &amp; stilren komfort \u2728 \ud83d\udda4 H\u00e4rlig byxa i mjuk och luftig viskos \u2013 perfekt f\u00f6r varmare dagar\ud83d\udcab Res\u00e5r och dragsko i midjan f\u00f6r en bekv\u00e4m och flexibel passform\ud83d\udc56 Raka, n\u00e5got vidare ben som ger ett snyggt och avslappnat fall\ud83d\udc4c Tv\u00e5 praktiska sidfickor \ud83d\udccf Storlekar: XS\u2013XXL \ud83e\uddf5 Material: 100% viskos\ud83e\udee7 Tv\u00e4ttr\u00e5d: 30\u00b0C \ud83d\udc5a Stylingtips: Matcha med en l\u00e4tt blus eller topp och sneakers f\u00f6r en avslappnad vardagslook \u2013 eller kl\u00e4 upp med sandaler och smycken f\u00f6r en mer somrig och elegant k\u00e4nsla \ud83d\udc95 \ud83d\udc96 En sk\u00f6n och stilren byxa som snabbt blir en favorit i garderoben \ud83c\udf38\u2728\" \/>\n<meta property=\"og:url\" content=\"https:\/\/stilanddesign.se\/en\/product\/\ud83c\udf3f-svart-viskosbyxa-fran-zabaione-sval-stilren-komfort-\u2728\/\" \/>\n<meta property=\"og:site_name\" content=\"Stil &amp; Design\" \/>\n<meta property=\"article:modified_time\" content=\"2026-04-29T11:24:37+00:00\" \/>\n<meta property=\"og:image\" content=\"https:\/\/stilanddesign.se\/wp-content\/uploads\/2026\/04\/b26c77a9-23d6-46cf-b634-3efd6585bb63-627x1024.png\" \/>\n\t<meta property=\"og:image:width\" content=\"627\" \/>\n\t<meta property=\"og:image:height\" content=\"1024\" \/>\n\t<meta property=\"og:image:type\" content=\"image\/png\" \/>\n<meta name=\"twitter:card\" content=\"summary_large_image\" \/>\n<meta name=\"twitter:label1\" content=\"Est. reading time\" \/>\n\t<meta name=\"twitter:data1\" content=\"1 minute\" \/>\n<script type=\"application\/ld+json\" class=\"yoast-schema-graph\">{\"@context\":\"https:\\\/\\\/schema.org\",\"@graph\":[{\"@type\":\"WebPage\",\"@id\":\"https:\\\/\\\/stilanddesign.se\\\/produkt\\\/%f0%9f%8c%bf-svart-viskosbyxa-fran-zabaione-sval-stilren-komfort-%e2%9c%a8\\\/\",\"url\":\"https:\\\/\\\/stilanddesign.se\\\/produkt\\\/%f0%9f%8c%bf-svart-viskosbyxa-fran-zabaione-sval-stilren-komfort-%e2%9c%a8\\\/\",\"name\":\"\ud83c\udf3f Svart viskosbyxa fr\u00e5n Zabaione \u2013 sval & stilren komfort \u2728 - Stil &amp; Design\",\"isPartOf\":{\"@id\":\"https:\\\/\\\/stilanddesign.se\\\/#website\"},\"primaryImageOfPage\":{\"@id\":\"https:\\\/\\\/stilanddesign.se\\\/produkt\\\/%f0%9f%8c%bf-svart-viskosbyxa-fran-zabaione-sval-stilren-komfort-%e2%9c%a8\\\/#primaryimage\"},\"image\":{\"@id\":\"https:\\\/\\\/stilanddesign.se\\\/produkt\\\/%f0%9f%8c%bf-svart-viskosbyxa-fran-zabaione-sval-stilren-komfort-%e2%9c%a8\\\/#primaryimage\"},\"thumbnailUrl\":\"https:\\\/\\\/stilanddesign.se\\\/wp-content\\\/uploads\\\/2026\\\/04\\\/b26c77a9-23d6-46cf-b634-3efd6585bb63.png\",\"datePublished\":\"2026-04-29T11:15:49+00:00\",\"dateModified\":\"2026-04-29T11:24:37+00:00\",\"breadcrumb\":{\"@id\":\"https:\\\/\\\/stilanddesign.se\\\/produkt\\\/%f0%9f%8c%bf-svart-viskosbyxa-fran-zabaione-sval-stilren-komfort-%e2%9c%a8\\\/#breadcrumb\"},\"inLanguage\":\"en-US\",\"potentialAction\":[{\"@type\":\"ReadAction\",\"target\":[\"https:\\\/\\\/stilanddesign.se\\\/produkt\\\/%f0%9f%8c%bf-svart-viskosbyxa-fran-zabaione-sval-stilren-komfort-%e2%9c%a8\\\/\"]}]},{\"@type\":\"ImageObject\",\"inLanguage\":\"en-US\",\"@id\":\"https:\\\/\\\/stilanddesign.se\\\/produkt\\\/%f0%9f%8c%bf-svart-viskosbyxa-fran-zabaione-sval-stilren-komfort-%e2%9c%a8\\\/#primaryimage\",\"url\":\"https:\\\/\\\/stilanddesign.se\\\/wp-content\\\/uploads\\\/2026\\\/04\\\/b26c77a9-23d6-46cf-b634-3efd6585bb63.png\",\"contentUrl\":\"https:\\\/\\\/stilanddesign.se\\\/wp-content\\\/uploads\\\/2026\\\/04\\\/b26c77a9-23d6-46cf-b634-3efd6585bb63.png\",\"width\":981,\"height\":1603},{\"@type\":\"BreadcrumbList\",\"@id\":\"https:\\\/\\\/stilanddesign.se\\\/produkt\\\/%f0%9f%8c%bf-svart-viskosbyxa-fran-zabaione-sval-stilren-komfort-%e2%9c%a8\\\/#breadcrumb\",\"itemListElement\":[{\"@type\":\"ListItem\",\"position\":1,\"name\":\"Hem\",\"item\":\"https:\\\/\\\/stilanddesign.se\\\/\"},{\"@type\":\"ListItem\",\"position\":2,\"name\":\"Butiken\",\"item\":\"https:\\\/\\\/stilanddesign.se\\\/butiken\\\/\"},{\"@type\":\"ListItem\",\"position\":3,\"name\":\"\ud83c\udf3f Svart viskosbyxa fr\u00e5n Zabaione \u2013 sval &#038; stilren komfort \u2728\"}]},{\"@type\":\"WebSite\",\"@id\":\"https:\\\/\\\/stilanddesign.se\\\/#website\",\"url\":\"https:\\\/\\\/stilanddesign.se\\\/\",\"name\":\"Stil &amp; Design\",\"description\":\"F\u00f6r oss som \u00e4lskar mode!\",\"publisher\":{\"@id\":\"https:\\\/\\\/stilanddesign.se\\\/#organization\"},\"potentialAction\":[{\"@type\":\"SearchAction\",\"target\":{\"@type\":\"EntryPoint\",\"urlTemplate\":\"https:\\\/\\\/stilanddesign.se\\\/?s={search_term_string}\"},\"query-input\":{\"@type\":\"PropertyValueSpecification\",\"valueRequired\":true,\"valueName\":\"search_term_string\"}}],\"inLanguage\":\"en-US\"},{\"@type\":\"Organization\",\"@id\":\"https:\\\/\\\/stilanddesign.se\\\/#organization\",\"name\":\"Stil &amp; Design\",\"url\":\"https:\\\/\\\/stilanddesign.se\\\/\",\"logo\":{\"@type\":\"ImageObject\",\"inLanguage\":\"en-US\",\"@id\":\"https:\\\/\\\/stilanddesign.se\\\/#\\\/schema\\\/logo\\\/image\\\/\",\"url\":\"https:\\\/\\\/stilanddesign.se\\\/wp-content\\\/uploads\\\/2023\\\/12\\\/output-onlinepngtools-e1727784413220.png\",\"contentUrl\":\"https:\\\/\\\/stilanddesign.se\\\/wp-content\\\/uploads\\\/2023\\\/12\\\/output-onlinepngtools-e1727784413220.png\",\"width\":519,\"height\":135,\"caption\":\"Stil &amp; Design\"},\"image\":{\"@id\":\"https:\\\/\\\/stilanddesign.se\\\/#\\\/schema\\\/logo\\\/image\\\/\"}}]}<\/script>\n<!-- \/ Yoast SEO Premium plugin. -->","yoast_head_json":{"title":"\ud83c\udf3f Svart viskosbyxa fr\u00e5n Zabaione \u2013 sval & stilren komfort \u2728 - Stil &amp; Design","robots":{"index":"index","follow":"follow","max-snippet":"max-snippet:-1","max-image-preview":"max-image-preview:large","max-video-preview":"max-video-preview:-1"},"canonical":"https:\/\/stilanddesign.se\/en\/product\/\ud83c\udf3f-svart-viskosbyxa-fran-zabaione-sval-stilren-komfort-\u2728\/","og_locale":"en_US","og_type":"article","og_title":"\ud83c\udf3f Svart viskosbyxa fr\u00e5n Zabaione \u2013 sval & stilren komfort \u2728","og_description":"\ud83c\udf3f Svart viskosbyxa fr\u00e5n Zabaione \u2013 sval &amp; stilren komfort \u2728 \ud83d\udda4 H\u00e4rlig byxa i mjuk och luftig viskos \u2013 perfekt f\u00f6r varmare dagar\ud83d\udcab Res\u00e5r och dragsko i midjan f\u00f6r en bekv\u00e4m och flexibel passform\ud83d\udc56 Raka, n\u00e5got vidare ben som ger ett snyggt och avslappnat fall\ud83d\udc4c Tv\u00e5 praktiska sidfickor \ud83d\udccf Storlekar: XS\u2013XXL \ud83e\uddf5 Material: 100% viskos\ud83e\udee7 Tv\u00e4ttr\u00e5d: 30\u00b0C \ud83d\udc5a Stylingtips: Matcha med en l\u00e4tt blus eller topp och sneakers f\u00f6r en avslappnad vardagslook \u2013 eller kl\u00e4 upp med sandaler och smycken f\u00f6r en mer somrig och elegant k\u00e4nsla \ud83d\udc95 \ud83d\udc96 En sk\u00f6n och stilren byxa som snabbt blir en favorit i garderoben \ud83c\udf38\u2728","og_url":"https:\/\/stilanddesign.se\/en\/product\/\ud83c\udf3f-svart-viskosbyxa-fran-zabaione-sval-stilren-komfort-\u2728\/","og_site_name":"Stil &amp; Design","article_modified_time":"2026-04-29T11:24:37+00:00","og_image":[{"width":627,"height":1024,"url":"https:\/\/stilanddesign.se\/wp-content\/uploads\/2026\/04\/b26c77a9-23d6-46cf-b634-3efd6585bb63-627x1024.png","type":"image\/png"}],"twitter_card":"summary_large_image","twitter_misc":{"Est. reading time":"1 minute"},"schema":{"@context":"https:\/\/schema.org","@graph":[{"@type":"WebPage","@id":"https:\/\/stilanddesign.se\/produkt\/%f0%9f%8c%bf-svart-viskosbyxa-fran-zabaione-sval-stilren-komfort-%e2%9c%a8\/","url":"https:\/\/stilanddesign.se\/produkt\/%f0%9f%8c%bf-svart-viskosbyxa-fran-zabaione-sval-stilren-komfort-%e2%9c%a8\/","name":"\ud83c\udf3f Svart viskosbyxa fr\u00e5n Zabaione \u2013 sval & stilren komfort \u2728 - Stil &amp; Design","isPartOf":{"@id":"https:\/\/stilanddesign.se\/#website"},"primaryImageOfPage":{"@id":"https:\/\/stilanddesign.se\/produkt\/%f0%9f%8c%bf-svart-viskosbyxa-fran-zabaione-sval-stilren-komfort-%e2%9c%a8\/#primaryimage"},"image":{"@id":"https:\/\/stilanddesign.se\/produkt\/%f0%9f%8c%bf-svart-viskosbyxa-fran-zabaione-sval-stilren-komfort-%e2%9c%a8\/#primaryimage"},"thumbnailUrl":"https:\/\/stilanddesign.se\/wp-content\/uploads\/2026\/04\/b26c77a9-23d6-46cf-b634-3efd6585bb63.png","datePublished":"2026-04-29T11:15:49+00:00","dateModified":"2026-04-29T11:24:37+00:00","breadcrumb":{"@id":"https:\/\/stilanddesign.se\/produkt\/%f0%9f%8c%bf-svart-viskosbyxa-fran-zabaione-sval-stilren-komfort-%e2%9c%a8\/#breadcrumb"},"inLanguage":"en-US","potentialAction":[{"@type":"ReadAction","target":["https:\/\/stilanddesign.se\/produkt\/%f0%9f%8c%bf-svart-viskosbyxa-fran-zabaione-sval-stilren-komfort-%e2%9c%a8\/"]}]},{"@type":"ImageObject","inLanguage":"en-US","@id":"https:\/\/stilanddesign.se\/produkt\/%f0%9f%8c%bf-svart-viskosbyxa-fran-zabaione-sval-stilren-komfort-%e2%9c%a8\/#primaryimage","url":"https:\/\/stilanddesign.se\/wp-content\/uploads\/2026\/04\/b26c77a9-23d6-46cf-b634-3efd6585bb63.png","contentUrl":"https:\/\/stilanddesign.se\/wp-content\/uploads\/2026\/04\/b26c77a9-23d6-46cf-b634-3efd6585bb63.png","width":981,"height":1603},{"@type":"BreadcrumbList","@id":"https:\/\/stilanddesign.se\/produkt\/%f0%9f%8c%bf-svart-viskosbyxa-fran-zabaione-sval-stilren-komfort-%e2%9c%a8\/#breadcrumb","itemListElement":[{"@type":"ListItem","position":1,"name":"Hem","item":"https:\/\/stilanddesign.se\/"},{"@type":"ListItem","position":2,"name":"Butiken","item":"https:\/\/stilanddesign.se\/butiken\/"},{"@type":"ListItem","position":3,"name":"\ud83c\udf3f Svart viskosbyxa fr\u00e5n Zabaione \u2013 sval &#038; stilren komfort \u2728"}]},{"@type":"WebSite","@id":"https:\/\/stilanddesign.se\/#website","url":"https:\/\/stilanddesign.se\/","name":"Style &amp; Design","description":"For those of us who love fashion!","publisher":{"@id":"https:\/\/stilanddesign.se\/#organization"},"potentialAction":[{"@type":"SearchAction","target":{"@type":"EntryPoint","urlTemplate":"https:\/\/stilanddesign.se\/?s={search_term_string}"},"query-input":{"@type":"PropertyValueSpecification","valueRequired":true,"valueName":"search_term_string"}}],"inLanguage":"en-US"},{"@type":"Organization","@id":"https:\/\/stilanddesign.se\/#organization","name":"Style &amp; Design","url":"https:\/\/stilanddesign.se\/","logo":{"@type":"ImageObject","inLanguage":"en-US","@id":"https:\/\/stilanddesign.se\/#\/schema\/logo\/image\/","url":"https:\/\/stilanddesign.se\/wp-content\/uploads\/2023\/12\/output-onlinepngtools-e1727784413220.png","contentUrl":"https:\/\/stilanddesign.se\/wp-content\/uploads\/2023\/12\/output-onlinepngtools-e1727784413220.png","width":519,"height":135,"caption":"Stil &amp; Design"},"image":{"@id":"https:\/\/stilanddesign.se\/#\/schema\/logo\/image\/"}}]}},"_links":{"self":[{"href":"https:\/\/stilanddesign.se\/en\/wp-json\/wp\/v2\/product\/1040068","targetHints":{"allow":["GET"]}}],"collection":[{"href":"https:\/\/stilanddesign.se\/en\/wp-json\/wp\/v2\/product"}],"about":[{"href":"https:\/\/stilanddesign.se\/en\/wp-json\/wp\/v2\/types\/product"}],"replies":[{"embeddable":true,"href":"https:\/\/stilanddesign.se\/en\/wp-json\/wp\/v2\/comments?post=1040068"}],"wp:featuredmedia":[{"embeddable":true,"href":"https:\/\/stilanddesign.se\/en\/wp-json\/wp\/v2\/media\/1075598"}],"wp:attachment":[{"href":"https:\/\/stilanddesign.se\/en\/wp-json\/wp\/v2\/media?parent=1040068"}],"wp:term":[{"taxonomy":"product_brand","embeddable":true,"href":"https:\/\/stilanddesign.se\/en\/wp-json\/wp\/v2\/product_brand?post=1040068"},{"taxonomy":"product_cat","embeddable":true,"href":"https:\/\/stilanddesign.se\/en\/wp-json\/wp\/v2\/product_cat?post=1040068"},{"taxonomy":"product_tag","embeddable":true,"href":"https:\/\/stilanddesign.se\/en\/wp-json\/wp\/v2\/product_tag?post=1040068"}],"curies":[{"name":"wp","href":"https:\/\/api.w.org\/{rel}","templated":true}]}}