{"id":1037591,"date":"2026-04-20T15:06:43","date_gmt":"2026-04-20T13:06:43","guid":{"rendered":"https:\/\/stilanddesign.se\/?post_type=product&#038;p=1037591"},"modified":"2026-04-20T15:06:37","modified_gmt":"2026-04-20T13:06:37","slug":"beiga-jeansshorts-med-vanliga-knappar","status":"publish","type":"product","link":"https:\/\/stilanddesign.se\/en\/product\/beiga-jeansshorts-med-vanliga-knappar\/","title":{"rendered":"Beige denim shorts with regular buttons"},"content":{"rendered":"<h1 class=\"alt-font\"><strong>Gorgeous denim shorts from Chica London with regular buttons<\/strong><\/h1>\n<p>&nbsp;<\/p>\n<p><strong>S\/36<\/strong><\/p>\n<p>Waist measurement: approx. 76 cm<\/p>\n<p>Inner leg length: approx. 17 cm.<\/p>\n<p>Waist height, (Waist to crotch): approx. 25 cm.<\/p>\n<p><strong>M\/38<\/strong><\/p>\n<p>Waist measurement: approx. 78 cm<\/p>\n<p>Inner leg length: approx. 17 cm.<\/p>\n<p>Waist height, (Waist to crotch): approx. 26 cm.<\/p>\n<p><strong>L\/40<\/strong><\/p>\n<p>Waist measurement: approx. 80 cm<\/p>\n<p>Inner leg length: approx. 18 cm.<\/p>\n<p>Waist height, (Waist to crotch): approx. 27 cm.<\/p>\n<p><strong>XL\/42<\/strong><\/p>\n<p>Waist measurement: approx. 86 cm<\/p>\n<p>Inner leg length: approx. 18 cm.<\/p>\n<p>Waist height, (Waist to crotch): approx. 27 cm.<\/p>\n<p><strong>XXL\/44<\/strong><\/p>\n<p>Waist measurement: approx. 88 cm<\/p>\n<p>Inner leg length: approx. 19 cm.<\/p>\n<p>Waist height, (Waist to crotch): approx. 27 cm.<\/p>\n<table class=\"t1054qxn\">\n<tbody>\n<tr>\n<th>Paint<\/th>\n<td>Beige<\/td>\n<\/tr>\n<tr>\n<th>Washing instructions<\/th>\n<td>30 degrees<\/td>\n<\/tr>\n<tr>\n<th>Stretchy<\/th>\n<td>\n<div>Yes<\/div>\n<\/td>\n<\/tr>\n<tr>\n<th>Material<\/th>\n<td>97% cotton 3% elastane<\/td>\n<\/tr>\n<\/tbody>\n<\/table>\n<p>&nbsp;<\/p>","protected":false},"excerpt":{"rendered":"<h1 class=\"alt-font\"><strong>Gorgeous denim shorts from Chica London with regular buttons<\/strong><\/h1>\n<p><strong>S\/36<\/strong><\/p>\n<p>Waist measurement: approx. 76 cm<\/p>\n<p>Inner leg length: approx. 17 cm.<\/p>\n<p>Waist height, (Waist to crotch): approx. 25 cm.<\/p>\n<p><strong>M\/38<\/strong><\/p>\n<p>Waist measurement: approx. 78 cm<\/p>\n<p>Inner leg length: approx. 17 cm.<\/p>\n<p>Waist height, (Waist to crotch): approx. 26 cm.<\/p>\n<p><strong>L\/40<\/strong><\/p>\n<p>Waist measurement: approx. 80 cm<\/p>\n<p>Inner leg length: approx. 18 cm.<\/p>\n<p>Waist height, (Waist to crotch): approx. 27 cm.<\/p>\n<p><strong>XL\/42<\/strong><\/p>\n<p>Waist measurement: approx. 86 cm<\/p>\n<p>Inner leg length: approx. 18 cm.<\/p>\n<p>Waist height, (Waist to crotch): approx. 27 cm.<\/p>\n<p><strong>XXL\/44<\/strong><\/p>\n<p>Waist measurement: approx. 88 cm<\/p>\n<p>Inner leg length: approx. 19 cm.<\/p>\n<p>Waist height, (Waist to crotch): approx. 27 cm.<\/p>\n<table class=\"t1054qxn\">\n<tbody>\n<tr>\n<th>Paint<\/th>\n<td>Beige<\/td>\n<\/tr>\n<tr>\n<th>Washing instructions<\/th>\n<td>30 degrees<\/td>\n<\/tr>\n<tr>\n<th>Stretchy<\/th>\n<td>\n<div>Yes<\/div>\n<\/td>\n<\/tr>\n<tr>\n<th>Material<\/th>\n<td>97% cotton 3% elastane<\/td>\n<\/tr>\n<\/tbody>\n<\/table>","protected":false},"featured_media":1037573,"comment_status":"closed","ping_status":"closed","template":"","meta":[],"product_brand":[],"product_cat":[217,229],"product_tag":[],"class_list":{"0":"post-1037591","1":"product","2":"type-product","3":"status-publish","4":"has-post-thumbnail","6":"product_cat-produktnyheter","7":"product_cat-shorts","9":"first","10":"instock","11":"taxable","12":"shipping-taxable","13":"purchasable","14":"product-type-variable"},"yoast_head":"<!-- This site is optimized with the Yoast SEO Premium plugin v27.4 (Yoast SEO v27.4) - https:\/\/yoast.com\/product\/yoast-seo-premium-wordpress\/ -->\n<title>Beiga jeansshorts med vanliga knappar - Stil &amp; Design<\/title>\n<meta name=\"robots\" content=\"index, follow, max-snippet:-1, max-image-preview:large, max-video-preview:-1\" \/>\n<link rel=\"canonical\" href=\"https:\/\/stilanddesign.se\/en\/product\/beiga-jeansshorts-med-vanliga-knappar\/\" \/>\n<meta property=\"og:locale\" content=\"en_US\" \/>\n<meta property=\"og:type\" content=\"article\" \/>\n<meta property=\"og:title\" content=\"Beiga jeansshorts med vanliga knappar\" \/>\n<meta property=\"og:description\" content=\"Underbara jeansshorts f Chica London med\u00a0 vanliga knappar S\/36  Midjem\u00e5tt: ca 76 cm  Beninnerl\u00e4ngd: ca 17 cm.  Midjeh\u00f6jd, (Midja till gren.): ca 25 cm.  M\/38  Midjem\u00e5tt: ca 78 cm  Beninnerl\u00e4ngd: ca 17 cm.  Midjeh\u00f6jd, (Midja till gren.): ca 26 cm.  L\/40  Midjem\u00e5tt: ca 80 cm  Beninnerl\u00e4ngd: ca 18 cm.  Midjeh\u00f6jd, (Midja till gren.): ca 27 cm.  XL\/42  Midjem\u00e5tt: ca 86 cm  Beninnerl\u00e4ngd: ca 18 cm.  Midjeh\u00f6jd, (Midja till gren.): ca 27 cm.  XXL\/44  Midjem\u00e5tt: ca 88 cm  Beninnerl\u00e4ngd: ca 19 cm.  Midjeh\u00f6jd, (Midja till gren.): ca 27 cm.    F\u00e4rg Beige   Tv\u00e4ttr\u00e5d 30 grader   Stretchig  Ja   Material 97% bomull 3% elastan\" \/>\n<meta property=\"og:url\" content=\"https:\/\/stilanddesign.se\/en\/product\/beiga-jeansshorts-med-vanliga-knappar\/\" \/>\n<meta property=\"og:site_name\" content=\"Stil &amp; Design\" \/>\n<meta property=\"og:image\" content=\"https:\/\/stilanddesign.se\/wp-content\/uploads\/2025\/05\/73.jpg\" \/>\n\t<meta property=\"og:image:width\" content=\"604\" \/>\n\t<meta property=\"og:image:height\" content=\"640\" \/>\n\t<meta property=\"og:image:type\" content=\"image\/jpeg\" \/>\n<meta name=\"twitter:card\" content=\"summary_large_image\" \/>\n<meta name=\"twitter:label1\" content=\"Est. reading time\" \/>\n\t<meta name=\"twitter:data1\" content=\"1 minute\" \/>\n<script type=\"application\/ld+json\" class=\"yoast-schema-graph\">{\"@context\":\"https:\\\/\\\/schema.org\",\"@graph\":[{\"@type\":\"WebPage\",\"@id\":\"https:\\\/\\\/stilanddesign.se\\\/produkt\\\/beiga-jeansshorts-med-vanliga-knappar\\\/\",\"url\":\"https:\\\/\\\/stilanddesign.se\\\/produkt\\\/beiga-jeansshorts-med-vanliga-knappar\\\/\",\"name\":\"Beiga jeansshorts med vanliga knappar - Stil &amp; Design\",\"isPartOf\":{\"@id\":\"https:\\\/\\\/stilanddesign.se\\\/#website\"},\"primaryImageOfPage\":{\"@id\":\"https:\\\/\\\/stilanddesign.se\\\/produkt\\\/beiga-jeansshorts-med-vanliga-knappar\\\/#primaryimage\"},\"image\":{\"@id\":\"https:\\\/\\\/stilanddesign.se\\\/produkt\\\/beiga-jeansshorts-med-vanliga-knappar\\\/#primaryimage\"},\"thumbnailUrl\":\"https:\\\/\\\/stilanddesign.se\\\/wp-content\\\/uploads\\\/2025\\\/05\\\/73.jpg\",\"datePublished\":\"2026-04-20T13:06:43+00:00\",\"breadcrumb\":{\"@id\":\"https:\\\/\\\/stilanddesign.se\\\/produkt\\\/beiga-jeansshorts-med-vanliga-knappar\\\/#breadcrumb\"},\"inLanguage\":\"en-US\",\"potentialAction\":[{\"@type\":\"ReadAction\",\"target\":[\"https:\\\/\\\/stilanddesign.se\\\/produkt\\\/beiga-jeansshorts-med-vanliga-knappar\\\/\"]}]},{\"@type\":\"ImageObject\",\"inLanguage\":\"en-US\",\"@id\":\"https:\\\/\\\/stilanddesign.se\\\/produkt\\\/beiga-jeansshorts-med-vanliga-knappar\\\/#primaryimage\",\"url\":\"https:\\\/\\\/stilanddesign.se\\\/wp-content\\\/uploads\\\/2025\\\/05\\\/73.jpg\",\"contentUrl\":\"https:\\\/\\\/stilanddesign.se\\\/wp-content\\\/uploads\\\/2025\\\/05\\\/73.jpg\",\"width\":604,\"height\":640,\"caption\":\"Beige shorts med vanliga knappar\"},{\"@type\":\"BreadcrumbList\",\"@id\":\"https:\\\/\\\/stilanddesign.se\\\/produkt\\\/beiga-jeansshorts-med-vanliga-knappar\\\/#breadcrumb\",\"itemListElement\":[{\"@type\":\"ListItem\",\"position\":1,\"name\":\"Hem\",\"item\":\"https:\\\/\\\/stilanddesign.se\\\/\"},{\"@type\":\"ListItem\",\"position\":2,\"name\":\"Butiken\",\"item\":\"https:\\\/\\\/stilanddesign.se\\\/butiken\\\/\"},{\"@type\":\"ListItem\",\"position\":3,\"name\":\"Beiga jeansshorts med vanliga knappar\"}]},{\"@type\":\"WebSite\",\"@id\":\"https:\\\/\\\/stilanddesign.se\\\/#website\",\"url\":\"https:\\\/\\\/stilanddesign.se\\\/\",\"name\":\"Stil &amp; Design\",\"description\":\"F\u00f6r oss som \u00e4lskar mode!\",\"publisher\":{\"@id\":\"https:\\\/\\\/stilanddesign.se\\\/#organization\"},\"potentialAction\":[{\"@type\":\"SearchAction\",\"target\":{\"@type\":\"EntryPoint\",\"urlTemplate\":\"https:\\\/\\\/stilanddesign.se\\\/?s={search_term_string}\"},\"query-input\":{\"@type\":\"PropertyValueSpecification\",\"valueRequired\":true,\"valueName\":\"search_term_string\"}}],\"inLanguage\":\"en-US\"},{\"@type\":\"Organization\",\"@id\":\"https:\\\/\\\/stilanddesign.se\\\/#organization\",\"name\":\"Stil &amp; Design\",\"url\":\"https:\\\/\\\/stilanddesign.se\\\/\",\"logo\":{\"@type\":\"ImageObject\",\"inLanguage\":\"en-US\",\"@id\":\"https:\\\/\\\/stilanddesign.se\\\/#\\\/schema\\\/logo\\\/image\\\/\",\"url\":\"https:\\\/\\\/stilanddesign.se\\\/wp-content\\\/uploads\\\/2023\\\/12\\\/output-onlinepngtools-e1727784413220.png\",\"contentUrl\":\"https:\\\/\\\/stilanddesign.se\\\/wp-content\\\/uploads\\\/2023\\\/12\\\/output-onlinepngtools-e1727784413220.png\",\"width\":519,\"height\":135,\"caption\":\"Stil &amp; Design\"},\"image\":{\"@id\":\"https:\\\/\\\/stilanddesign.se\\\/#\\\/schema\\\/logo\\\/image\\\/\"}}]}<\/script>\n<!-- \/ Yoast SEO Premium plugin. -->","yoast_head_json":{"title":"Beiga jeansshorts med vanliga knappar - Stil &amp; Design","robots":{"index":"index","follow":"follow","max-snippet":"max-snippet:-1","max-image-preview":"max-image-preview:large","max-video-preview":"max-video-preview:-1"},"canonical":"https:\/\/stilanddesign.se\/en\/product\/beiga-jeansshorts-med-vanliga-knappar\/","og_locale":"en_US","og_type":"article","og_title":"Beiga jeansshorts med vanliga knappar","og_description":"Underbara jeansshorts f Chica London med\u00a0 vanliga knappar S\/36  Midjem\u00e5tt: ca 76 cm  Beninnerl\u00e4ngd: ca 17 cm.  Midjeh\u00f6jd, (Midja till gren.): ca 25 cm.  M\/38  Midjem\u00e5tt: ca 78 cm  Beninnerl\u00e4ngd: ca 17 cm.  Midjeh\u00f6jd, (Midja till gren.): ca 26 cm.  L\/40  Midjem\u00e5tt: ca 80 cm  Beninnerl\u00e4ngd: ca 18 cm.  Midjeh\u00f6jd, (Midja till gren.): ca 27 cm.  XL\/42  Midjem\u00e5tt: ca 86 cm  Beninnerl\u00e4ngd: ca 18 cm.  Midjeh\u00f6jd, (Midja till gren.): ca 27 cm.  XXL\/44  Midjem\u00e5tt: ca 88 cm  Beninnerl\u00e4ngd: ca 19 cm.  Midjeh\u00f6jd, (Midja till gren.): ca 27 cm.    F\u00e4rg Beige   Tv\u00e4ttr\u00e5d 30 grader   Stretchig  Ja   Material 97% bomull 3% elastan","og_url":"https:\/\/stilanddesign.se\/en\/product\/beiga-jeansshorts-med-vanliga-knappar\/","og_site_name":"Stil &amp; Design","og_image":[{"width":604,"height":640,"url":"https:\/\/stilanddesign.se\/wp-content\/uploads\/2025\/05\/73.jpg","type":"image\/jpeg"}],"twitter_card":"summary_large_image","twitter_misc":{"Est. reading time":"1 minute"},"schema":{"@context":"https:\/\/schema.org","@graph":[{"@type":"WebPage","@id":"https:\/\/stilanddesign.se\/produkt\/beiga-jeansshorts-med-vanliga-knappar\/","url":"https:\/\/stilanddesign.se\/produkt\/beiga-jeansshorts-med-vanliga-knappar\/","name":"Beiga jeansshorts med vanliga knappar - Stil &amp; Design","isPartOf":{"@id":"https:\/\/stilanddesign.se\/#website"},"primaryImageOfPage":{"@id":"https:\/\/stilanddesign.se\/produkt\/beiga-jeansshorts-med-vanliga-knappar\/#primaryimage"},"image":{"@id":"https:\/\/stilanddesign.se\/produkt\/beiga-jeansshorts-med-vanliga-knappar\/#primaryimage"},"thumbnailUrl":"https:\/\/stilanddesign.se\/wp-content\/uploads\/2025\/05\/73.jpg","datePublished":"2026-04-20T13:06:43+00:00","breadcrumb":{"@id":"https:\/\/stilanddesign.se\/produkt\/beiga-jeansshorts-med-vanliga-knappar\/#breadcrumb"},"inLanguage":"en-US","potentialAction":[{"@type":"ReadAction","target":["https:\/\/stilanddesign.se\/produkt\/beiga-jeansshorts-med-vanliga-knappar\/"]}]},{"@type":"ImageObject","inLanguage":"en-US","@id":"https:\/\/stilanddesign.se\/produkt\/beiga-jeansshorts-med-vanliga-knappar\/#primaryimage","url":"https:\/\/stilanddesign.se\/wp-content\/uploads\/2025\/05\/73.jpg","contentUrl":"https:\/\/stilanddesign.se\/wp-content\/uploads\/2025\/05\/73.jpg","width":604,"height":640,"caption":"Beige shorts med vanliga knappar"},{"@type":"BreadcrumbList","@id":"https:\/\/stilanddesign.se\/produkt\/beiga-jeansshorts-med-vanliga-knappar\/#breadcrumb","itemListElement":[{"@type":"ListItem","position":1,"name":"Hem","item":"https:\/\/stilanddesign.se\/"},{"@type":"ListItem","position":2,"name":"Butiken","item":"https:\/\/stilanddesign.se\/butiken\/"},{"@type":"ListItem","position":3,"name":"Beiga jeansshorts med vanliga knappar"}]},{"@type":"WebSite","@id":"https:\/\/stilanddesign.se\/#website","url":"https:\/\/stilanddesign.se\/","name":"Style &amp; Design","description":"For those of us who love fashion!","publisher":{"@id":"https:\/\/stilanddesign.se\/#organization"},"potentialAction":[{"@type":"SearchAction","target":{"@type":"EntryPoint","urlTemplate":"https:\/\/stilanddesign.se\/?s={search_term_string}"},"query-input":{"@type":"PropertyValueSpecification","valueRequired":true,"valueName":"search_term_string"}}],"inLanguage":"en-US"},{"@type":"Organization","@id":"https:\/\/stilanddesign.se\/#organization","name":"Style &amp; Design","url":"https:\/\/stilanddesign.se\/","logo":{"@type":"ImageObject","inLanguage":"en-US","@id":"https:\/\/stilanddesign.se\/#\/schema\/logo\/image\/","url":"https:\/\/stilanddesign.se\/wp-content\/uploads\/2023\/12\/output-onlinepngtools-e1727784413220.png","contentUrl":"https:\/\/stilanddesign.se\/wp-content\/uploads\/2023\/12\/output-onlinepngtools-e1727784413220.png","width":519,"height":135,"caption":"Stil &amp; Design"},"image":{"@id":"https:\/\/stilanddesign.se\/#\/schema\/logo\/image\/"}}]}},"_links":{"self":[{"href":"https:\/\/stilanddesign.se\/en\/wp-json\/wp\/v2\/product\/1037591","targetHints":{"allow":["GET"]}}],"collection":[{"href":"https:\/\/stilanddesign.se\/en\/wp-json\/wp\/v2\/product"}],"about":[{"href":"https:\/\/stilanddesign.se\/en\/wp-json\/wp\/v2\/types\/product"}],"replies":[{"embeddable":true,"href":"https:\/\/stilanddesign.se\/en\/wp-json\/wp\/v2\/comments?post=1037591"}],"wp:featuredmedia":[{"embeddable":true,"href":"https:\/\/stilanddesign.se\/en\/wp-json\/wp\/v2\/media\/1037573"}],"wp:attachment":[{"href":"https:\/\/stilanddesign.se\/en\/wp-json\/wp\/v2\/media?parent=1037591"}],"wp:term":[{"taxonomy":"product_brand","embeddable":true,"href":"https:\/\/stilanddesign.se\/en\/wp-json\/wp\/v2\/product_brand?post=1037591"},{"taxonomy":"product_cat","embeddable":true,"href":"https:\/\/stilanddesign.se\/en\/wp-json\/wp\/v2\/product_cat?post=1037591"},{"taxonomy":"product_tag","embeddable":true,"href":"https:\/\/stilanddesign.se\/en\/wp-json\/wp\/v2\/product_tag?post=1037591"}],"curies":[{"name":"wp","href":"https:\/\/api.w.org\/{rel}","templated":true}]}}