{"id":1036569,"date":"2025-05-21T11:26:30","date_gmt":"2025-05-21T09:26:30","guid":{"rendered":"https:\/\/stilanddesign.se\/?post_type=product&#038;p=1036569"},"modified":"2025-05-31T10:43:50","modified_gmt":"2025-05-31T08:43:50","slug":"harlig-koftjacka-i-genombruten-spets","status":"publish","type":"product","link":"https:\/\/stilanddesign.se\/en\/product\/harlig-koftjacka-i-genombruten-spets\/","title":{"rendered":"Lovely cardigan jacket in openwork lace"},"content":{"rendered":"<h1 class=\"alt-font\"><strong>Nice cream-colored cardigan jacket in openwork lace<\/strong><\/h1>\n<div id=\"material\">It has a shirt collar and fastens with decorative buttons all the way down the front.<\/div>\n<div>Has an open pocket on the front left chest<\/div>\n<div>Long sleeve<\/div>\n<div>The jacket is completely straight at the bottom.<\/div>\n<div>Normal in size<\/div>\n<div>Material: 65% polyester 35% cotton<\/div>\n<div>Washing instructions: 30 degrees<\/div>","protected":false},"excerpt":{"rendered":"<h1 class=\"alt-font\"><strong>Nice cream-colored cardigan jacket in openwork lace<\/strong><\/h1>\n<div id=\"material\">It has a shirt collar and fastens with decorative buttons all the way down the front.<\/div>\n<div>Has an open pocket on the front left chest<\/div>\n<div>Long sleeve<\/div>\n<div>The jacket is completely straight at the bottom.<\/div>\n<div>Normal in size<\/div>\n<div>Material: 65% polyester 35% cotton<\/div>\n<div>Washing instructions: 30 degrees<\/div>","protected":false},"featured_media":1036659,"comment_status":"closed","ping_status":"closed","template":"","meta":[],"product_brand":[],"product_cat":[211,216],"product_tag":[],"class_list":{"0":"post-1036569","1":"product","2":"type-product","3":"status-publish","4":"has-post-thumbnail","6":"product_cat-blusar","7":"product_cat-jackor","9":"first","10":"outofstock","11":"taxable","12":"shipping-taxable","13":"product-type-variable"},"yoast_head":"<!-- This site is optimized with the Yoast SEO Premium plugin v27.1 (Yoast SEO v27.4) - https:\/\/yoast.com\/product\/yoast-seo-premium-wordpress\/ -->\n<title>H\u00e4rlig koftjacka i genombruten spets - Stil &amp; Design<\/title>\n<meta name=\"robots\" content=\"index, follow, max-snippet:-1, max-image-preview:large, max-video-preview:-1\" \/>\n<link rel=\"canonical\" href=\"https:\/\/stilanddesign.se\/en\/product\/harlig-koftjacka-i-genombruten-spets\/\" \/>\n<meta property=\"og:locale\" content=\"en_US\" \/>\n<meta property=\"og:type\" content=\"article\" \/>\n<meta property=\"og:title\" content=\"H\u00e4rlig koftjacka i genombruten spets\" \/>\n<meta property=\"og:description\" content=\"Fin creamf\u00e4rgad koftjacka i genombruten spets Den har skjortkrage och kn\u00e4pps med dekorativa knappar hela v\u00e4gen framtill Har en \u00f6ppen ficka fram p\u00e5 v\u00e4nster br\u00f6st L\u00e5ng \u00e4rm Jackan \u00e4r helt rak nertill Normal i storlek Material: 65% polyester 35% bomull Tv\u00e4ttr\u00e5d: 30 grader\" \/>\n<meta property=\"og:url\" content=\"https:\/\/stilanddesign.se\/en\/product\/harlig-koftjacka-i-genombruten-spets\/\" \/>\n<meta property=\"og:site_name\" content=\"Stil &amp; Design\" \/>\n<meta property=\"article:modified_time\" content=\"2025-05-31T08:43:50+00:00\" \/>\n<meta property=\"og:image\" content=\"https:\/\/stilanddesign.se\/wp-content\/uploads\/2025\/05\/88.jpg\" \/>\n\t<meta property=\"og:image:width\" content=\"480\" \/>\n\t<meta property=\"og:image:height\" content=\"640\" \/>\n\t<meta property=\"og:image:type\" content=\"image\/jpeg\" \/>\n<meta name=\"twitter:card\" content=\"summary_large_image\" \/>\n<meta name=\"twitter:label1\" content=\"Est. reading time\" \/>\n\t<meta name=\"twitter:data1\" content=\"1 minute\" \/>\n<script type=\"application\/ld+json\" class=\"yoast-schema-graph\">{\"@context\":\"https:\\\/\\\/schema.org\",\"@graph\":[{\"@type\":\"WebPage\",\"@id\":\"https:\\\/\\\/stilanddesign.se\\\/produkt\\\/harlig-koftjacka-i-genombruten-spets\\\/\",\"url\":\"https:\\\/\\\/stilanddesign.se\\\/produkt\\\/harlig-koftjacka-i-genombruten-spets\\\/\",\"name\":\"H\u00e4rlig koftjacka i genombruten spets - Stil &amp; Design\",\"isPartOf\":{\"@id\":\"https:\\\/\\\/stilanddesign.se\\\/#website\"},\"primaryImageOfPage\":{\"@id\":\"https:\\\/\\\/stilanddesign.se\\\/produkt\\\/harlig-koftjacka-i-genombruten-spets\\\/#primaryimage\"},\"image\":{\"@id\":\"https:\\\/\\\/stilanddesign.se\\\/produkt\\\/harlig-koftjacka-i-genombruten-spets\\\/#primaryimage\"},\"thumbnailUrl\":\"https:\\\/\\\/stilanddesign.se\\\/wp-content\\\/uploads\\\/2025\\\/05\\\/88.jpg\",\"datePublished\":\"2025-05-21T09:26:30+00:00\",\"dateModified\":\"2025-05-31T08:43:50+00:00\",\"breadcrumb\":{\"@id\":\"https:\\\/\\\/stilanddesign.se\\\/produkt\\\/harlig-koftjacka-i-genombruten-spets\\\/#breadcrumb\"},\"inLanguage\":\"en-US\",\"potentialAction\":[{\"@type\":\"ReadAction\",\"target\":[\"https:\\\/\\\/stilanddesign.se\\\/produkt\\\/harlig-koftjacka-i-genombruten-spets\\\/\"]}]},{\"@type\":\"ImageObject\",\"inLanguage\":\"en-US\",\"@id\":\"https:\\\/\\\/stilanddesign.se\\\/produkt\\\/harlig-koftjacka-i-genombruten-spets\\\/#primaryimage\",\"url\":\"https:\\\/\\\/stilanddesign.se\\\/wp-content\\\/uploads\\\/2025\\\/05\\\/88.jpg\",\"contentUrl\":\"https:\\\/\\\/stilanddesign.se\\\/wp-content\\\/uploads\\\/2025\\\/05\\\/88.jpg\",\"width\":480,\"height\":640,\"caption\":\"Cremef\u00e4rgad jacka i genombruten spets\"},{\"@type\":\"BreadcrumbList\",\"@id\":\"https:\\\/\\\/stilanddesign.se\\\/produkt\\\/harlig-koftjacka-i-genombruten-spets\\\/#breadcrumb\",\"itemListElement\":[{\"@type\":\"ListItem\",\"position\":1,\"name\":\"Hem\",\"item\":\"https:\\\/\\\/stilanddesign.se\\\/\"},{\"@type\":\"ListItem\",\"position\":2,\"name\":\"Butiken\",\"item\":\"https:\\\/\\\/stilanddesign.se\\\/butiken\\\/\"},{\"@type\":\"ListItem\",\"position\":3,\"name\":\"H\u00e4rlig koftjacka i genombruten spets\"}]},{\"@type\":\"WebSite\",\"@id\":\"https:\\\/\\\/stilanddesign.se\\\/#website\",\"url\":\"https:\\\/\\\/stilanddesign.se\\\/\",\"name\":\"Stil &amp; Design\",\"description\":\"F\u00f6r oss som \u00e4lskar mode!\",\"publisher\":{\"@id\":\"https:\\\/\\\/stilanddesign.se\\\/#organization\"},\"potentialAction\":[{\"@type\":\"SearchAction\",\"target\":{\"@type\":\"EntryPoint\",\"urlTemplate\":\"https:\\\/\\\/stilanddesign.se\\\/?s={search_term_string}\"},\"query-input\":{\"@type\":\"PropertyValueSpecification\",\"valueRequired\":true,\"valueName\":\"search_term_string\"}}],\"inLanguage\":\"en-US\"},{\"@type\":\"Organization\",\"@id\":\"https:\\\/\\\/stilanddesign.se\\\/#organization\",\"name\":\"Stil &amp; Design\",\"url\":\"https:\\\/\\\/stilanddesign.se\\\/\",\"logo\":{\"@type\":\"ImageObject\",\"inLanguage\":\"en-US\",\"@id\":\"https:\\\/\\\/stilanddesign.se\\\/#\\\/schema\\\/logo\\\/image\\\/\",\"url\":\"https:\\\/\\\/stilanddesign.se\\\/wp-content\\\/uploads\\\/2023\\\/12\\\/output-onlinepngtools-e1727784413220.png\",\"contentUrl\":\"https:\\\/\\\/stilanddesign.se\\\/wp-content\\\/uploads\\\/2023\\\/12\\\/output-onlinepngtools-e1727784413220.png\",\"width\":519,\"height\":135,\"caption\":\"Stil &amp; Design\"},\"image\":{\"@id\":\"https:\\\/\\\/stilanddesign.se\\\/#\\\/schema\\\/logo\\\/image\\\/\"}}]}<\/script>\n<!-- \/ Yoast SEO Premium plugin. -->","yoast_head_json":{"title":"H\u00e4rlig koftjacka i genombruten spets - Stil &amp; Design","robots":{"index":"index","follow":"follow","max-snippet":"max-snippet:-1","max-image-preview":"max-image-preview:large","max-video-preview":"max-video-preview:-1"},"canonical":"https:\/\/stilanddesign.se\/en\/product\/harlig-koftjacka-i-genombruten-spets\/","og_locale":"en_US","og_type":"article","og_title":"H\u00e4rlig koftjacka i genombruten spets","og_description":"Fin creamf\u00e4rgad koftjacka i genombruten spets Den har skjortkrage och kn\u00e4pps med dekorativa knappar hela v\u00e4gen framtill Har en \u00f6ppen ficka fram p\u00e5 v\u00e4nster br\u00f6st L\u00e5ng \u00e4rm Jackan \u00e4r helt rak nertill Normal i storlek Material: 65% polyester 35% bomull Tv\u00e4ttr\u00e5d: 30 grader","og_url":"https:\/\/stilanddesign.se\/en\/product\/harlig-koftjacka-i-genombruten-spets\/","og_site_name":"Stil &amp; Design","article_modified_time":"2025-05-31T08:43:50+00:00","og_image":[{"width":480,"height":640,"url":"https:\/\/stilanddesign.se\/wp-content\/uploads\/2025\/05\/88.jpg","type":"image\/jpeg"}],"twitter_card":"summary_large_image","twitter_misc":{"Est. reading time":"1 minute"},"schema":{"@context":"https:\/\/schema.org","@graph":[{"@type":"WebPage","@id":"https:\/\/stilanddesign.se\/produkt\/harlig-koftjacka-i-genombruten-spets\/","url":"https:\/\/stilanddesign.se\/produkt\/harlig-koftjacka-i-genombruten-spets\/","name":"H\u00e4rlig koftjacka i genombruten spets - Stil &amp; Design","isPartOf":{"@id":"https:\/\/stilanddesign.se\/#website"},"primaryImageOfPage":{"@id":"https:\/\/stilanddesign.se\/produkt\/harlig-koftjacka-i-genombruten-spets\/#primaryimage"},"image":{"@id":"https:\/\/stilanddesign.se\/produkt\/harlig-koftjacka-i-genombruten-spets\/#primaryimage"},"thumbnailUrl":"https:\/\/stilanddesign.se\/wp-content\/uploads\/2025\/05\/88.jpg","datePublished":"2025-05-21T09:26:30+00:00","dateModified":"2025-05-31T08:43:50+00:00","breadcrumb":{"@id":"https:\/\/stilanddesign.se\/produkt\/harlig-koftjacka-i-genombruten-spets\/#breadcrumb"},"inLanguage":"en-US","potentialAction":[{"@type":"ReadAction","target":["https:\/\/stilanddesign.se\/produkt\/harlig-koftjacka-i-genombruten-spets\/"]}]},{"@type":"ImageObject","inLanguage":"en-US","@id":"https:\/\/stilanddesign.se\/produkt\/harlig-koftjacka-i-genombruten-spets\/#primaryimage","url":"https:\/\/stilanddesign.se\/wp-content\/uploads\/2025\/05\/88.jpg","contentUrl":"https:\/\/stilanddesign.se\/wp-content\/uploads\/2025\/05\/88.jpg","width":480,"height":640,"caption":"Cremef\u00e4rgad jacka i genombruten spets"},{"@type":"BreadcrumbList","@id":"https:\/\/stilanddesign.se\/produkt\/harlig-koftjacka-i-genombruten-spets\/#breadcrumb","itemListElement":[{"@type":"ListItem","position":1,"name":"Hem","item":"https:\/\/stilanddesign.se\/"},{"@type":"ListItem","position":2,"name":"Butiken","item":"https:\/\/stilanddesign.se\/butiken\/"},{"@type":"ListItem","position":3,"name":"H\u00e4rlig koftjacka i genombruten spets"}]},{"@type":"WebSite","@id":"https:\/\/stilanddesign.se\/#website","url":"https:\/\/stilanddesign.se\/","name":"Style &amp; Design","description":"For those of us who love fashion!","publisher":{"@id":"https:\/\/stilanddesign.se\/#organization"},"potentialAction":[{"@type":"SearchAction","target":{"@type":"EntryPoint","urlTemplate":"https:\/\/stilanddesign.se\/?s={search_term_string}"},"query-input":{"@type":"PropertyValueSpecification","valueRequired":true,"valueName":"search_term_string"}}],"inLanguage":"en-US"},{"@type":"Organization","@id":"https:\/\/stilanddesign.se\/#organization","name":"Style &amp; Design","url":"https:\/\/stilanddesign.se\/","logo":{"@type":"ImageObject","inLanguage":"en-US","@id":"https:\/\/stilanddesign.se\/#\/schema\/logo\/image\/","url":"https:\/\/stilanddesign.se\/wp-content\/uploads\/2023\/12\/output-onlinepngtools-e1727784413220.png","contentUrl":"https:\/\/stilanddesign.se\/wp-content\/uploads\/2023\/12\/output-onlinepngtools-e1727784413220.png","width":519,"height":135,"caption":"Stil &amp; Design"},"image":{"@id":"https:\/\/stilanddesign.se\/#\/schema\/logo\/image\/"}}]}},"_links":{"self":[{"href":"https:\/\/stilanddesign.se\/en\/wp-json\/wp\/v2\/product\/1036569","targetHints":{"allow":["GET"]}}],"collection":[{"href":"https:\/\/stilanddesign.se\/en\/wp-json\/wp\/v2\/product"}],"about":[{"href":"https:\/\/stilanddesign.se\/en\/wp-json\/wp\/v2\/types\/product"}],"replies":[{"embeddable":true,"href":"https:\/\/stilanddesign.se\/en\/wp-json\/wp\/v2\/comments?post=1036569"}],"wp:featuredmedia":[{"embeddable":true,"href":"https:\/\/stilanddesign.se\/en\/wp-json\/wp\/v2\/media\/1036659"}],"wp:attachment":[{"href":"https:\/\/stilanddesign.se\/en\/wp-json\/wp\/v2\/media?parent=1036569"}],"wp:term":[{"taxonomy":"product_brand","embeddable":true,"href":"https:\/\/stilanddesign.se\/en\/wp-json\/wp\/v2\/product_brand?post=1036569"},{"taxonomy":"product_cat","embeddable":true,"href":"https:\/\/stilanddesign.se\/en\/wp-json\/wp\/v2\/product_cat?post=1036569"},{"taxonomy":"product_tag","embeddable":true,"href":"https:\/\/stilanddesign.se\/en\/wp-json\/wp\/v2\/product_tag?post=1036569"}],"curies":[{"name":"wp","href":"https:\/\/api.w.org\/{rel}","templated":true}]}}