{"id":1034871,"date":"2026-03-31T12:47:32","date_gmt":"2026-03-31T10:47:32","guid":{"rendered":"https:\/\/stilanddesign.se\/?post_type=product&#038;p=1034871"},"modified":"2026-04-10T10:33:25","modified_gmt":"2026-04-10T08:33:25","slug":"%f0%9f%92%99-blus-med-v-hals-och-volangarm-ljusbla-%f0%9f%92%99","status":"publish","type":"product","link":"https:\/\/stilanddesign.se\/en\/product\/%f0%9f%92%99-blus-med-v-hals-och-volangarm-ljusbla-%f0%9f%92%99\/","title":{"rendered":"\ud83d\udc99 Blouse with V-neck and ruffle sleeves \u2013 Light blue \ud83d\udc99"},"content":{"rendered":"<p data-start=\"0\" data-end=\"51\">\ud83d\udc99 <strong data-start=\"3\" data-end=\"46\">Blouse with V-neck and ruffle sleeves \u2013 Light blue<\/strong> \ud83d\udc99<\/p>\n<p data-start=\"53\" data-end=\"245\">A <strong data-start=\"56\" data-end=\"80\">nice and feminine blouse<\/strong> with a flattering V-neckline and decorative ruffles on the sleeves that give a soft and elegant look. The airy model makes the blouse both comfortable and easy to wear.<\/p>\n<p data-start=\"247\" data-end=\"365\">Perfect to match with <strong data-start=\"270\" data-end=\"303\">jeans, skirt or suit pants<\/strong> \u2013 just as stylish for everyday wear as for more dressed-up occasions.<\/p>\n<p data-start=\"367\" data-end=\"490\">\u2728 <strong data-start=\"369\" data-end=\"382\">Details:<\/strong><br data-start=\"382\" data-end=\"385\" \/>\u2022 V-neck<br data-start=\"400\" data-end=\"403\" \/>\u2022 Short sleeves with a nice ruffle<br data-start=\"428\" data-end=\"431\" \/>\u2022 Light and airy fit<br data-start=\"457\" data-end=\"460\" \/>\u2022 Stylish and feminine design<\/p>\n<p data-start=\"492\" data-end=\"516\">\ud83c\udfa8 <strong data-start=\"495\" data-end=\"504\">Paint:<\/strong><br data-start=\"504\" data-end=\"507\" \/>Light blue<\/p>\n<p data-start=\"518\" data-end=\"550\">\ud83d\udccf <strong data-start=\"521\" data-end=\"535\">Sizes:<\/strong><br data-start=\"535\" data-end=\"538\" \/>S\/M<br data-start=\"541\" data-end=\"544\" \/>L\/XL<\/p>\n<p data-start=\"552\" data-end=\"595\">\ud83e\uddf5 <strong data-start=\"555\" data-end=\"568\">Material:<\/strong><br data-start=\"568\" data-end=\"571\" \/>90% viscose<br data-start=\"581\" data-end=\"584\" \/>10% nylon<\/p>\n<p data-start=\"597\" data-end=\"686\" data-is-last-node=\"\" data-is-only-node=\"\">A <strong data-start=\"600\" data-end=\"630\">elegant and easy-to-wear blouse<\/strong> which gives a fresh and summery feel to your outfit. \ud83d\udcab<\/p>","protected":false},"excerpt":{"rendered":"<p data-start=\"0\" data-end=\"51\">\ud83d\udc99 <strong data-start=\"3\" data-end=\"46\">Blouse with V-neck and ruffle sleeves \u2013 Light blue<\/strong> \ud83d\udc99<\/p>\n<p data-start=\"53\" data-end=\"245\">A <strong data-start=\"56\" data-end=\"80\">nice and feminine blouse<\/strong> with a flattering V-neckline and decorative ruffles on the sleeves that give a soft and elegant look. The airy model makes the blouse both comfortable and easy to wear.<\/p>\n<p data-start=\"247\" data-end=\"365\">Perfect to match with <strong data-start=\"270\" data-end=\"303\">jeans, skirt or suit pants<\/strong> \u2013 just as stylish for everyday wear as for more dressed-up occasions.<\/p>\n<p data-start=\"367\" data-end=\"490\">\u2728 <strong data-start=\"369\" data-end=\"382\">Details:<\/strong><br data-start=\"382\" data-end=\"385\" \/>\u2022 V-neck<br data-start=\"400\" data-end=\"403\" \/>\u2022 Short sleeves with a nice ruffle<br data-start=\"428\" data-end=\"431\" \/>\u2022 Light and airy fit<br data-start=\"457\" data-end=\"460\" \/>\u2022 Stylish and feminine design<\/p>\n<p data-start=\"492\" data-end=\"516\">\ud83c\udfa8 <strong data-start=\"495\" data-end=\"504\">Paint:<\/strong><br data-start=\"504\" data-end=\"507\" \/>Light blue<\/p>\n<p data-start=\"518\" data-end=\"550\">\ud83d\udccf <strong data-start=\"521\" data-end=\"535\">Sizes:<\/strong><br data-start=\"535\" data-end=\"538\" \/>S\/M<br data-start=\"541\" data-end=\"544\" \/>L\/XL<\/p>\n<p data-start=\"552\" data-end=\"595\">\ud83e\uddf5 <strong data-start=\"555\" data-end=\"568\">Material:<\/strong><br data-start=\"568\" data-end=\"571\" \/>90% viscose<br data-start=\"581\" data-end=\"584\" \/>10% nylon<\/p>\n<p data-start=\"597\" data-end=\"686\" data-is-last-node=\"\" data-is-only-node=\"\">A <strong data-start=\"600\" data-end=\"630\">elegant and easy-to-wear blouse<\/strong> which gives a fresh and summery feel to your outfit. \ud83d\udcab<\/p>\n<p>&nbsp;<\/p>","protected":false},"featured_media":1034869,"comment_status":"closed","ping_status":"closed","template":"","meta":[],"product_brand":[],"product_cat":[209],"product_tag":[],"class_list":{"0":"post-1034871","1":"product","2":"type-product","3":"status-publish","4":"has-post-thumbnail","6":"product_cat-reaprodukter","8":"first","9":"outofstock","10":"taxable","11":"shipping-taxable","12":"product-type-variable"},"yoast_head":"<!-- This site is optimized with the Yoast SEO Premium plugin v27.1 (Yoast SEO v27.4) - https:\/\/yoast.com\/product\/yoast-seo-premium-wordpress\/ -->\n<title>\ud83d\udc99 Blus med V-hals och Volang\u00e4rm \u2013 Ljusbl\u00e5 \ud83d\udc99 - Stil &amp; Design<\/title>\n<meta name=\"robots\" content=\"index, follow, max-snippet:-1, max-image-preview:large, max-video-preview:-1\" \/>\n<link rel=\"canonical\" href=\"https:\/\/stilanddesign.se\/en\/product\/\ud83d\udc99-blus-med-v-hals-och-volangarm-ljusbla-\ud83d\udc99\/\" \/>\n<meta property=\"og:locale\" content=\"en_US\" \/>\n<meta property=\"og:type\" content=\"article\" \/>\n<meta property=\"og:title\" content=\"\ud83d\udc99 Blus med V-hals och Volang\u00e4rm \u2013 Ljusbl\u00e5 \ud83d\udc99\" \/>\n<meta property=\"og:description\" content=\"\ud83d\udc99 Blus med V-hals och Volang\u00e4rm \u2013 Ljusbl\u00e5 \ud83d\udc99 En fin och feminin blus med smickrande V-ringning och dekorativa volanger p\u00e5 \u00e4rmarna som ger ett mjukt och elegant uttryck. Den luftiga modellen g\u00f6r blusen b\u00e5de bekv\u00e4m och l\u00e4tt att b\u00e4ra. Perfekt att matcha med jeans, kjol eller kostymbyxor \u2013 lika snygg till vardag som till mer uppkl\u00e4dda tillf\u00e4llen. \u2728 Detaljer:\u2022 V-ringad hals\u2022 Kort \u00e4rm med fin volang\u2022 L\u00e4tt och luftig passform\u2022 Stilren och feminin design \ud83c\udfa8 F\u00e4rg:Ljusbl\u00e5 \ud83d\udccf Storlekar:S\/ML\/XL \ud83e\uddf5 Material:90% viskos10% nylon En elegant och l\u00e4ttburen blus som ger en fr\u00e4sch och somrig k\u00e4nsla till din outfit. \ud83d\udcab &nbsp;\" \/>\n<meta property=\"og:url\" content=\"https:\/\/stilanddesign.se\/en\/product\/\ud83d\udc99-blus-med-v-hals-och-volangarm-ljusbla-\ud83d\udc99\/\" \/>\n<meta property=\"og:site_name\" content=\"Stil &amp; Design\" \/>\n<meta property=\"article:modified_time\" content=\"2026-04-10T08:33:25+00:00\" \/>\n<meta property=\"og:image\" content=\"https:\/\/stilanddesign.se\/wp-content\/uploads\/2025\/05\/7878766666666.jpg\" \/>\n\t<meta property=\"og:image:width\" content=\"1536\" \/>\n\t<meta property=\"og:image:height\" content=\"2048\" \/>\n\t<meta property=\"og:image:type\" content=\"image\/jpeg\" \/>\n<meta name=\"twitter:card\" content=\"summary_large_image\" \/>\n<meta name=\"twitter:label1\" content=\"Est. reading time\" \/>\n\t<meta name=\"twitter:data1\" content=\"1 minute\" \/>\n<script type=\"application\/ld+json\" class=\"yoast-schema-graph\">{\"@context\":\"https:\\\/\\\/schema.org\",\"@graph\":[{\"@type\":\"WebPage\",\"@id\":\"https:\\\/\\\/stilanddesign.se\\\/produkt\\\/%f0%9f%92%99-blus-med-v-hals-och-volangarm-ljusbla-%f0%9f%92%99\\\/\",\"url\":\"https:\\\/\\\/stilanddesign.se\\\/produkt\\\/%f0%9f%92%99-blus-med-v-hals-och-volangarm-ljusbla-%f0%9f%92%99\\\/\",\"name\":\"\ud83d\udc99 Blus med V-hals och Volang\u00e4rm \u2013 Ljusbl\u00e5 \ud83d\udc99 - Stil &amp; Design\",\"isPartOf\":{\"@id\":\"https:\\\/\\\/stilanddesign.se\\\/#website\"},\"primaryImageOfPage\":{\"@id\":\"https:\\\/\\\/stilanddesign.se\\\/produkt\\\/%f0%9f%92%99-blus-med-v-hals-och-volangarm-ljusbla-%f0%9f%92%99\\\/#primaryimage\"},\"image\":{\"@id\":\"https:\\\/\\\/stilanddesign.se\\\/produkt\\\/%f0%9f%92%99-blus-med-v-hals-och-volangarm-ljusbla-%f0%9f%92%99\\\/#primaryimage\"},\"thumbnailUrl\":\"https:\\\/\\\/stilanddesign.se\\\/wp-content\\\/uploads\\\/2025\\\/05\\\/7878766666666.jpg\",\"datePublished\":\"2026-03-31T10:47:32+00:00\",\"dateModified\":\"2026-04-10T08:33:25+00:00\",\"breadcrumb\":{\"@id\":\"https:\\\/\\\/stilanddesign.se\\\/produkt\\\/%f0%9f%92%99-blus-med-v-hals-och-volangarm-ljusbla-%f0%9f%92%99\\\/#breadcrumb\"},\"inLanguage\":\"en-US\",\"potentialAction\":[{\"@type\":\"ReadAction\",\"target\":[\"https:\\\/\\\/stilanddesign.se\\\/produkt\\\/%f0%9f%92%99-blus-med-v-hals-och-volangarm-ljusbla-%f0%9f%92%99\\\/\"]}]},{\"@type\":\"ImageObject\",\"inLanguage\":\"en-US\",\"@id\":\"https:\\\/\\\/stilanddesign.se\\\/produkt\\\/%f0%9f%92%99-blus-med-v-hals-och-volangarm-ljusbla-%f0%9f%92%99\\\/#primaryimage\",\"url\":\"https:\\\/\\\/stilanddesign.se\\\/wp-content\\\/uploads\\\/2025\\\/05\\\/7878766666666.jpg\",\"contentUrl\":\"https:\\\/\\\/stilanddesign.se\\\/wp-content\\\/uploads\\\/2025\\\/05\\\/7878766666666.jpg\",\"width\":1536,\"height\":2048,\"caption\":\"Ljusbl\u00e5 viskosblus med volang p\u00e5 \u00e4rmen\"},{\"@type\":\"BreadcrumbList\",\"@id\":\"https:\\\/\\\/stilanddesign.se\\\/produkt\\\/%f0%9f%92%99-blus-med-v-hals-och-volangarm-ljusbla-%f0%9f%92%99\\\/#breadcrumb\",\"itemListElement\":[{\"@type\":\"ListItem\",\"position\":1,\"name\":\"Hem\",\"item\":\"https:\\\/\\\/stilanddesign.se\\\/\"},{\"@type\":\"ListItem\",\"position\":2,\"name\":\"Butiken\",\"item\":\"https:\\\/\\\/stilanddesign.se\\\/butiken\\\/\"},{\"@type\":\"ListItem\",\"position\":3,\"name\":\"\ud83d\udc99 Blus med V-hals och Volang\u00e4rm \u2013 Ljusbl\u00e5 \ud83d\udc99\"}]},{\"@type\":\"WebSite\",\"@id\":\"https:\\\/\\\/stilanddesign.se\\\/#website\",\"url\":\"https:\\\/\\\/stilanddesign.se\\\/\",\"name\":\"Stil &amp; Design\",\"description\":\"F\u00f6r oss som \u00e4lskar mode!\",\"publisher\":{\"@id\":\"https:\\\/\\\/stilanddesign.se\\\/#organization\"},\"potentialAction\":[{\"@type\":\"SearchAction\",\"target\":{\"@type\":\"EntryPoint\",\"urlTemplate\":\"https:\\\/\\\/stilanddesign.se\\\/?s={search_term_string}\"},\"query-input\":{\"@type\":\"PropertyValueSpecification\",\"valueRequired\":true,\"valueName\":\"search_term_string\"}}],\"inLanguage\":\"en-US\"},{\"@type\":\"Organization\",\"@id\":\"https:\\\/\\\/stilanddesign.se\\\/#organization\",\"name\":\"Stil &amp; Design\",\"url\":\"https:\\\/\\\/stilanddesign.se\\\/\",\"logo\":{\"@type\":\"ImageObject\",\"inLanguage\":\"en-US\",\"@id\":\"https:\\\/\\\/stilanddesign.se\\\/#\\\/schema\\\/logo\\\/image\\\/\",\"url\":\"https:\\\/\\\/stilanddesign.se\\\/wp-content\\\/uploads\\\/2023\\\/12\\\/output-onlinepngtools-e1727784413220.png\",\"contentUrl\":\"https:\\\/\\\/stilanddesign.se\\\/wp-content\\\/uploads\\\/2023\\\/12\\\/output-onlinepngtools-e1727784413220.png\",\"width\":519,\"height\":135,\"caption\":\"Stil &amp; Design\"},\"image\":{\"@id\":\"https:\\\/\\\/stilanddesign.se\\\/#\\\/schema\\\/logo\\\/image\\\/\"}}]}<\/script>\n<!-- \/ Yoast SEO Premium plugin. -->","yoast_head_json":{"title":"\ud83d\udc99 Blus med V-hals och Volang\u00e4rm \u2013 Ljusbl\u00e5 \ud83d\udc99 - Stil &amp; Design","robots":{"index":"index","follow":"follow","max-snippet":"max-snippet:-1","max-image-preview":"max-image-preview:large","max-video-preview":"max-video-preview:-1"},"canonical":"https:\/\/stilanddesign.se\/en\/product\/\ud83d\udc99-blus-med-v-hals-och-volangarm-ljusbla-\ud83d\udc99\/","og_locale":"en_US","og_type":"article","og_title":"\ud83d\udc99 Blus med V-hals och Volang\u00e4rm \u2013 Ljusbl\u00e5 \ud83d\udc99","og_description":"\ud83d\udc99 Blus med V-hals och Volang\u00e4rm \u2013 Ljusbl\u00e5 \ud83d\udc99 En fin och feminin blus med smickrande V-ringning och dekorativa volanger p\u00e5 \u00e4rmarna som ger ett mjukt och elegant uttryck. Den luftiga modellen g\u00f6r blusen b\u00e5de bekv\u00e4m och l\u00e4tt att b\u00e4ra. Perfekt att matcha med jeans, kjol eller kostymbyxor \u2013 lika snygg till vardag som till mer uppkl\u00e4dda tillf\u00e4llen. \u2728 Detaljer:\u2022 V-ringad hals\u2022 Kort \u00e4rm med fin volang\u2022 L\u00e4tt och luftig passform\u2022 Stilren och feminin design \ud83c\udfa8 F\u00e4rg:Ljusbl\u00e5 \ud83d\udccf Storlekar:S\/ML\/XL \ud83e\uddf5 Material:90% viskos10% nylon En elegant och l\u00e4ttburen blus som ger en fr\u00e4sch och somrig k\u00e4nsla till din outfit. \ud83d\udcab &nbsp;","og_url":"https:\/\/stilanddesign.se\/en\/product\/\ud83d\udc99-blus-med-v-hals-och-volangarm-ljusbla-\ud83d\udc99\/","og_site_name":"Stil &amp; Design","article_modified_time":"2026-04-10T08:33:25+00:00","og_image":[{"width":1536,"height":2048,"url":"https:\/\/stilanddesign.se\/wp-content\/uploads\/2025\/05\/7878766666666.jpg","type":"image\/jpeg"}],"twitter_card":"summary_large_image","twitter_misc":{"Est. reading time":"1 minute"},"schema":{"@context":"https:\/\/schema.org","@graph":[{"@type":"WebPage","@id":"https:\/\/stilanddesign.se\/produkt\/%f0%9f%92%99-blus-med-v-hals-och-volangarm-ljusbla-%f0%9f%92%99\/","url":"https:\/\/stilanddesign.se\/produkt\/%f0%9f%92%99-blus-med-v-hals-och-volangarm-ljusbla-%f0%9f%92%99\/","name":"\ud83d\udc99 Blus med V-hals och Volang\u00e4rm \u2013 Ljusbl\u00e5 \ud83d\udc99 - Stil &amp; Design","isPartOf":{"@id":"https:\/\/stilanddesign.se\/#website"},"primaryImageOfPage":{"@id":"https:\/\/stilanddesign.se\/produkt\/%f0%9f%92%99-blus-med-v-hals-och-volangarm-ljusbla-%f0%9f%92%99\/#primaryimage"},"image":{"@id":"https:\/\/stilanddesign.se\/produkt\/%f0%9f%92%99-blus-med-v-hals-och-volangarm-ljusbla-%f0%9f%92%99\/#primaryimage"},"thumbnailUrl":"https:\/\/stilanddesign.se\/wp-content\/uploads\/2025\/05\/7878766666666.jpg","datePublished":"2026-03-31T10:47:32+00:00","dateModified":"2026-04-10T08:33:25+00:00","breadcrumb":{"@id":"https:\/\/stilanddesign.se\/produkt\/%f0%9f%92%99-blus-med-v-hals-och-volangarm-ljusbla-%f0%9f%92%99\/#breadcrumb"},"inLanguage":"en-US","potentialAction":[{"@type":"ReadAction","target":["https:\/\/stilanddesign.se\/produkt\/%f0%9f%92%99-blus-med-v-hals-och-volangarm-ljusbla-%f0%9f%92%99\/"]}]},{"@type":"ImageObject","inLanguage":"en-US","@id":"https:\/\/stilanddesign.se\/produkt\/%f0%9f%92%99-blus-med-v-hals-och-volangarm-ljusbla-%f0%9f%92%99\/#primaryimage","url":"https:\/\/stilanddesign.se\/wp-content\/uploads\/2025\/05\/7878766666666.jpg","contentUrl":"https:\/\/stilanddesign.se\/wp-content\/uploads\/2025\/05\/7878766666666.jpg","width":1536,"height":2048,"caption":"Ljusbl\u00e5 viskosblus med volang p\u00e5 \u00e4rmen"},{"@type":"BreadcrumbList","@id":"https:\/\/stilanddesign.se\/produkt\/%f0%9f%92%99-blus-med-v-hals-och-volangarm-ljusbla-%f0%9f%92%99\/#breadcrumb","itemListElement":[{"@type":"ListItem","position":1,"name":"Hem","item":"https:\/\/stilanddesign.se\/"},{"@type":"ListItem","position":2,"name":"Butiken","item":"https:\/\/stilanddesign.se\/butiken\/"},{"@type":"ListItem","position":3,"name":"\ud83d\udc99 Blus med V-hals och Volang\u00e4rm \u2013 Ljusbl\u00e5 \ud83d\udc99"}]},{"@type":"WebSite","@id":"https:\/\/stilanddesign.se\/#website","url":"https:\/\/stilanddesign.se\/","name":"Style &amp; Design","description":"For those of us who love fashion!","publisher":{"@id":"https:\/\/stilanddesign.se\/#organization"},"potentialAction":[{"@type":"SearchAction","target":{"@type":"EntryPoint","urlTemplate":"https:\/\/stilanddesign.se\/?s={search_term_string}"},"query-input":{"@type":"PropertyValueSpecification","valueRequired":true,"valueName":"search_term_string"}}],"inLanguage":"en-US"},{"@type":"Organization","@id":"https:\/\/stilanddesign.se\/#organization","name":"Style &amp; Design","url":"https:\/\/stilanddesign.se\/","logo":{"@type":"ImageObject","inLanguage":"en-US","@id":"https:\/\/stilanddesign.se\/#\/schema\/logo\/image\/","url":"https:\/\/stilanddesign.se\/wp-content\/uploads\/2023\/12\/output-onlinepngtools-e1727784413220.png","contentUrl":"https:\/\/stilanddesign.se\/wp-content\/uploads\/2023\/12\/output-onlinepngtools-e1727784413220.png","width":519,"height":135,"caption":"Stil &amp; Design"},"image":{"@id":"https:\/\/stilanddesign.se\/#\/schema\/logo\/image\/"}}]}},"_links":{"self":[{"href":"https:\/\/stilanddesign.se\/en\/wp-json\/wp\/v2\/product\/1034871","targetHints":{"allow":["GET"]}}],"collection":[{"href":"https:\/\/stilanddesign.se\/en\/wp-json\/wp\/v2\/product"}],"about":[{"href":"https:\/\/stilanddesign.se\/en\/wp-json\/wp\/v2\/types\/product"}],"replies":[{"embeddable":true,"href":"https:\/\/stilanddesign.se\/en\/wp-json\/wp\/v2\/comments?post=1034871"}],"wp:featuredmedia":[{"embeddable":true,"href":"https:\/\/stilanddesign.se\/en\/wp-json\/wp\/v2\/media\/1034869"}],"wp:attachment":[{"href":"https:\/\/stilanddesign.se\/en\/wp-json\/wp\/v2\/media?parent=1034871"}],"wp:term":[{"taxonomy":"product_brand","embeddable":true,"href":"https:\/\/stilanddesign.se\/en\/wp-json\/wp\/v2\/product_brand?post=1034871"},{"taxonomy":"product_cat","embeddable":true,"href":"https:\/\/stilanddesign.se\/en\/wp-json\/wp\/v2\/product_cat?post=1034871"},{"taxonomy":"product_tag","embeddable":true,"href":"https:\/\/stilanddesign.se\/en\/wp-json\/wp\/v2\/product_tag?post=1034871"}],"curies":[{"name":"wp","href":"https:\/\/api.w.org\/{rel}","templated":true}]}}