{"id":1033063,"date":"2026-02-11T10:25:07","date_gmt":"2026-02-11T09:25:07","guid":{"rendered":"https:\/\/stilanddesign.se\/?post_type=product&#038;p=1033063"},"modified":"2026-04-09T13:06:48","modified_gmt":"2026-04-09T11:06:48","slug":"omlottblusjacka-i-sand-black-gold","status":"publish","type":"product","link":"https:\/\/stilanddesign.se\/en\/product\/omlottblusjacka-i-sand-black-gold\/","title":{"rendered":"Wrap blouse jacket in sand\/black\/gold"},"content":{"rendered":"<p>Lotus Blouse Jacket is a must in your wardrobe this season, and preferably together with Lotus Pants for a really updated look! Wrap model with endless possibilities. Tie the straps either on the side, at the back or wear it open as a lighter jacket. Wide sleeves with a slanted finish. And last but not least, the incredible pattern that just oozes trend this season!<\/p>\n<ul>\n<li>Quality \u2013 100% viscose crinkle.<\/li>\n<li>Measures \u2013 52 cm from the shoulder in size M.<\/li>\n<li>The model is 170 cm and wears size S.<\/li>\n<\/ul>","protected":false},"excerpt":{"rendered":"<p>Lotus Blouse Jacket is a must in your wardrobe this season, and preferably together with Lotus Pants for a really updated look! Wrap model with endless possibilities. Tie the straps either on the side, at the back or wear it open as a lighter jacket. Wide sleeves with a slanted finish. And last but not least, the incredible pattern that just oozes trend this season!<\/p>\n<ul>\n<li>Quality \u2013 100% viscose crinkle.<\/li>\n<li>Measures \u2013 52 cm from the shoulder in size M.<\/li>\n<li>The model is 170 cm and wears size S.<\/li>\n<\/ul>","protected":false},"featured_media":1033057,"comment_status":"closed","ping_status":"closed","template":"","meta":[],"product_brand":[],"product_cat":[211,216,209],"product_tag":[],"class_list":{"0":"post-1033063","1":"product","2":"type-product","3":"status-publish","4":"has-post-thumbnail","6":"product_cat-blusar","7":"product_cat-jackor","8":"product_cat-reaprodukter","10":"first","11":"instock","12":"sale","13":"taxable","14":"shipping-taxable","15":"purchasable","16":"product-type-variable"},"yoast_head":"<!-- This site is optimized with the Yoast SEO Premium plugin v27.4 (Yoast SEO v27.4) - https:\/\/yoast.com\/product\/yoast-seo-premium-wordpress\/ -->\n<title>Omlottblusjacka i sand\/black\/gold - Stil &amp; Design<\/title>\n<meta name=\"robots\" content=\"index, follow, max-snippet:-1, max-image-preview:large, max-video-preview:-1\" \/>\n<link rel=\"canonical\" href=\"https:\/\/stilanddesign.se\/en\/product\/omlottblusjacka-i-sand-black-gold\/\" \/>\n<meta property=\"og:locale\" content=\"en_US\" \/>\n<meta property=\"og:type\" content=\"article\" \/>\n<meta property=\"og:title\" content=\"Omlottblusjacka i sand\/black\/gold\" \/>\n<meta property=\"og:description\" content=\"Lotus Blus Jacka \u00e4r ett m\u00e5ste i din garderob den h\u00e4r s\u00e4songen, och g\u00e4rna tillsammans med Lotus Byxa f\u00f6r en riktigt uppdaterad look! Omlottmodell med o\u00e4ndliga m\u00f6jligheter. Knyt banden antingen i sidan, baktill eller s\u00e5 b\u00e4r du den \u00f6ppen som en l\u00e4ttare jacka. Vida \u00e4rmar med snedskuret avslut. Och sist men inte minst, det otroliga m\u00f6nstret som bara osar trend den h\u00e4r s\u00e4songen!   Kvalit\u00e9 \u2013 100% viskos crinkel.  M\u00e4ter \u2013 52 cm fr\u00e5n axeln i storlek M.  Modellen \u00e4r 170 cm och b\u00e4r storlek S.\" \/>\n<meta property=\"og:url\" content=\"https:\/\/stilanddesign.se\/en\/product\/omlottblusjacka-i-sand-black-gold\/\" \/>\n<meta property=\"og:site_name\" content=\"Stil &amp; Design\" \/>\n<meta property=\"article:modified_time\" content=\"2026-04-09T11:06:48+00:00\" \/>\n<meta property=\"og:image\" content=\"https:\/\/stilanddesign.se\/wp-content\/uploads\/2025\/04\/878787666666.jpg\" \/>\n\t<meta property=\"og:image:width\" content=\"900\" \/>\n\t<meta property=\"og:image:height\" content=\"1350\" \/>\n\t<meta property=\"og:image:type\" content=\"image\/jpeg\" \/>\n<meta name=\"twitter:card\" content=\"summary_large_image\" \/>\n<meta name=\"twitter:label1\" content=\"Est. reading time\" \/>\n\t<meta name=\"twitter:data1\" content=\"1 minute\" \/>\n<script type=\"application\/ld+json\" class=\"yoast-schema-graph\">{\"@context\":\"https:\\\/\\\/schema.org\",\"@graph\":[{\"@type\":\"WebPage\",\"@id\":\"https:\\\/\\\/stilanddesign.se\\\/produkt\\\/omlottblusjacka-i-sand-black-gold\\\/\",\"url\":\"https:\\\/\\\/stilanddesign.se\\\/produkt\\\/omlottblusjacka-i-sand-black-gold\\\/\",\"name\":\"Omlottblusjacka i sand\\\/black\\\/gold - Stil &amp; Design\",\"isPartOf\":{\"@id\":\"https:\\\/\\\/stilanddesign.se\\\/#website\"},\"primaryImageOfPage\":{\"@id\":\"https:\\\/\\\/stilanddesign.se\\\/produkt\\\/omlottblusjacka-i-sand-black-gold\\\/#primaryimage\"},\"image\":{\"@id\":\"https:\\\/\\\/stilanddesign.se\\\/produkt\\\/omlottblusjacka-i-sand-black-gold\\\/#primaryimage\"},\"thumbnailUrl\":\"https:\\\/\\\/stilanddesign.se\\\/wp-content\\\/uploads\\\/2025\\\/04\\\/878787666666.jpg\",\"datePublished\":\"2026-02-11T09:25:07+00:00\",\"dateModified\":\"2026-04-09T11:06:48+00:00\",\"breadcrumb\":{\"@id\":\"https:\\\/\\\/stilanddesign.se\\\/produkt\\\/omlottblusjacka-i-sand-black-gold\\\/#breadcrumb\"},\"inLanguage\":\"en-US\",\"potentialAction\":[{\"@type\":\"ReadAction\",\"target\":[\"https:\\\/\\\/stilanddesign.se\\\/produkt\\\/omlottblusjacka-i-sand-black-gold\\\/\"]}]},{\"@type\":\"ImageObject\",\"inLanguage\":\"en-US\",\"@id\":\"https:\\\/\\\/stilanddesign.se\\\/produkt\\\/omlottblusjacka-i-sand-black-gold\\\/#primaryimage\",\"url\":\"https:\\\/\\\/stilanddesign.se\\\/wp-content\\\/uploads\\\/2025\\\/04\\\/878787666666.jpg\",\"contentUrl\":\"https:\\\/\\\/stilanddesign.se\\\/wp-content\\\/uploads\\\/2025\\\/04\\\/878787666666.jpg\",\"width\":900,\"height\":1350,\"caption\":\"Omlottblusjacka i sand\\\/black\\\/gold\"},{\"@type\":\"BreadcrumbList\",\"@id\":\"https:\\\/\\\/stilanddesign.se\\\/produkt\\\/omlottblusjacka-i-sand-black-gold\\\/#breadcrumb\",\"itemListElement\":[{\"@type\":\"ListItem\",\"position\":1,\"name\":\"Hem\",\"item\":\"https:\\\/\\\/stilanddesign.se\\\/\"},{\"@type\":\"ListItem\",\"position\":2,\"name\":\"Butiken\",\"item\":\"https:\\\/\\\/stilanddesign.se\\\/butiken\\\/\"},{\"@type\":\"ListItem\",\"position\":3,\"name\":\"Omlottblusjacka i sand\\\/black\\\/gold\"}]},{\"@type\":\"WebSite\",\"@id\":\"https:\\\/\\\/stilanddesign.se\\\/#website\",\"url\":\"https:\\\/\\\/stilanddesign.se\\\/\",\"name\":\"Stil &amp; Design\",\"description\":\"F\u00f6r oss som \u00e4lskar mode!\",\"publisher\":{\"@id\":\"https:\\\/\\\/stilanddesign.se\\\/#organization\"},\"potentialAction\":[{\"@type\":\"SearchAction\",\"target\":{\"@type\":\"EntryPoint\",\"urlTemplate\":\"https:\\\/\\\/stilanddesign.se\\\/?s={search_term_string}\"},\"query-input\":{\"@type\":\"PropertyValueSpecification\",\"valueRequired\":true,\"valueName\":\"search_term_string\"}}],\"inLanguage\":\"en-US\"},{\"@type\":\"Organization\",\"@id\":\"https:\\\/\\\/stilanddesign.se\\\/#organization\",\"name\":\"Stil &amp; Design\",\"url\":\"https:\\\/\\\/stilanddesign.se\\\/\",\"logo\":{\"@type\":\"ImageObject\",\"inLanguage\":\"en-US\",\"@id\":\"https:\\\/\\\/stilanddesign.se\\\/#\\\/schema\\\/logo\\\/image\\\/\",\"url\":\"https:\\\/\\\/stilanddesign.se\\\/wp-content\\\/uploads\\\/2023\\\/12\\\/output-onlinepngtools-e1727784413220.png\",\"contentUrl\":\"https:\\\/\\\/stilanddesign.se\\\/wp-content\\\/uploads\\\/2023\\\/12\\\/output-onlinepngtools-e1727784413220.png\",\"width\":519,\"height\":135,\"caption\":\"Stil &amp; Design\"},\"image\":{\"@id\":\"https:\\\/\\\/stilanddesign.se\\\/#\\\/schema\\\/logo\\\/image\\\/\"}}]}<\/script>\n<!-- \/ Yoast SEO Premium plugin. -->","yoast_head_json":{"title":"Omlottblusjacka i sand\/black\/gold - Stil &amp; Design","robots":{"index":"index","follow":"follow","max-snippet":"max-snippet:-1","max-image-preview":"max-image-preview:large","max-video-preview":"max-video-preview:-1"},"canonical":"https:\/\/stilanddesign.se\/en\/product\/omlottblusjacka-i-sand-black-gold\/","og_locale":"en_US","og_type":"article","og_title":"Omlottblusjacka i sand\/black\/gold","og_description":"Lotus Blus Jacka \u00e4r ett m\u00e5ste i din garderob den h\u00e4r s\u00e4songen, och g\u00e4rna tillsammans med Lotus Byxa f\u00f6r en riktigt uppdaterad look! Omlottmodell med o\u00e4ndliga m\u00f6jligheter. Knyt banden antingen i sidan, baktill eller s\u00e5 b\u00e4r du den \u00f6ppen som en l\u00e4ttare jacka. Vida \u00e4rmar med snedskuret avslut. Och sist men inte minst, det otroliga m\u00f6nstret som bara osar trend den h\u00e4r s\u00e4songen!   Kvalit\u00e9 \u2013 100% viskos crinkel.  M\u00e4ter \u2013 52 cm fr\u00e5n axeln i storlek M.  Modellen \u00e4r 170 cm och b\u00e4r storlek S.","og_url":"https:\/\/stilanddesign.se\/en\/product\/omlottblusjacka-i-sand-black-gold\/","og_site_name":"Stil &amp; Design","article_modified_time":"2026-04-09T11:06:48+00:00","og_image":[{"width":900,"height":1350,"url":"https:\/\/stilanddesign.se\/wp-content\/uploads\/2025\/04\/878787666666.jpg","type":"image\/jpeg"}],"twitter_card":"summary_large_image","twitter_misc":{"Est. reading time":"1 minute"},"schema":{"@context":"https:\/\/schema.org","@graph":[{"@type":"WebPage","@id":"https:\/\/stilanddesign.se\/produkt\/omlottblusjacka-i-sand-black-gold\/","url":"https:\/\/stilanddesign.se\/produkt\/omlottblusjacka-i-sand-black-gold\/","name":"Omlottblusjacka i sand\/black\/gold - Stil &amp; Design","isPartOf":{"@id":"https:\/\/stilanddesign.se\/#website"},"primaryImageOfPage":{"@id":"https:\/\/stilanddesign.se\/produkt\/omlottblusjacka-i-sand-black-gold\/#primaryimage"},"image":{"@id":"https:\/\/stilanddesign.se\/produkt\/omlottblusjacka-i-sand-black-gold\/#primaryimage"},"thumbnailUrl":"https:\/\/stilanddesign.se\/wp-content\/uploads\/2025\/04\/878787666666.jpg","datePublished":"2026-02-11T09:25:07+00:00","dateModified":"2026-04-09T11:06:48+00:00","breadcrumb":{"@id":"https:\/\/stilanddesign.se\/produkt\/omlottblusjacka-i-sand-black-gold\/#breadcrumb"},"inLanguage":"en-US","potentialAction":[{"@type":"ReadAction","target":["https:\/\/stilanddesign.se\/produkt\/omlottblusjacka-i-sand-black-gold\/"]}]},{"@type":"ImageObject","inLanguage":"en-US","@id":"https:\/\/stilanddesign.se\/produkt\/omlottblusjacka-i-sand-black-gold\/#primaryimage","url":"https:\/\/stilanddesign.se\/wp-content\/uploads\/2025\/04\/878787666666.jpg","contentUrl":"https:\/\/stilanddesign.se\/wp-content\/uploads\/2025\/04\/878787666666.jpg","width":900,"height":1350,"caption":"Omlottblusjacka i sand\/black\/gold"},{"@type":"BreadcrumbList","@id":"https:\/\/stilanddesign.se\/produkt\/omlottblusjacka-i-sand-black-gold\/#breadcrumb","itemListElement":[{"@type":"ListItem","position":1,"name":"Hem","item":"https:\/\/stilanddesign.se\/"},{"@type":"ListItem","position":2,"name":"Butiken","item":"https:\/\/stilanddesign.se\/butiken\/"},{"@type":"ListItem","position":3,"name":"Omlottblusjacka i sand\/black\/gold"}]},{"@type":"WebSite","@id":"https:\/\/stilanddesign.se\/#website","url":"https:\/\/stilanddesign.se\/","name":"Style &amp; Design","description":"For those of us who love fashion!","publisher":{"@id":"https:\/\/stilanddesign.se\/#organization"},"potentialAction":[{"@type":"SearchAction","target":{"@type":"EntryPoint","urlTemplate":"https:\/\/stilanddesign.se\/?s={search_term_string}"},"query-input":{"@type":"PropertyValueSpecification","valueRequired":true,"valueName":"search_term_string"}}],"inLanguage":"en-US"},{"@type":"Organization","@id":"https:\/\/stilanddesign.se\/#organization","name":"Style &amp; Design","url":"https:\/\/stilanddesign.se\/","logo":{"@type":"ImageObject","inLanguage":"en-US","@id":"https:\/\/stilanddesign.se\/#\/schema\/logo\/image\/","url":"https:\/\/stilanddesign.se\/wp-content\/uploads\/2023\/12\/output-onlinepngtools-e1727784413220.png","contentUrl":"https:\/\/stilanddesign.se\/wp-content\/uploads\/2023\/12\/output-onlinepngtools-e1727784413220.png","width":519,"height":135,"caption":"Stil &amp; Design"},"image":{"@id":"https:\/\/stilanddesign.se\/#\/schema\/logo\/image\/"}}]}},"_links":{"self":[{"href":"https:\/\/stilanddesign.se\/en\/wp-json\/wp\/v2\/product\/1033063","targetHints":{"allow":["GET"]}}],"collection":[{"href":"https:\/\/stilanddesign.se\/en\/wp-json\/wp\/v2\/product"}],"about":[{"href":"https:\/\/stilanddesign.se\/en\/wp-json\/wp\/v2\/types\/product"}],"replies":[{"embeddable":true,"href":"https:\/\/stilanddesign.se\/en\/wp-json\/wp\/v2\/comments?post=1033063"}],"wp:featuredmedia":[{"embeddable":true,"href":"https:\/\/stilanddesign.se\/en\/wp-json\/wp\/v2\/media\/1033057"}],"wp:attachment":[{"href":"https:\/\/stilanddesign.se\/en\/wp-json\/wp\/v2\/media?parent=1033063"}],"wp:term":[{"taxonomy":"product_brand","embeddable":true,"href":"https:\/\/stilanddesign.se\/en\/wp-json\/wp\/v2\/product_brand?post=1033063"},{"taxonomy":"product_cat","embeddable":true,"href":"https:\/\/stilanddesign.se\/en\/wp-json\/wp\/v2\/product_cat?post=1033063"},{"taxonomy":"product_tag","embeddable":true,"href":"https:\/\/stilanddesign.se\/en\/wp-json\/wp\/v2\/product_tag?post=1033063"}],"curies":[{"name":"wp","href":"https:\/\/api.w.org\/{rel}","templated":true}]}}