{"id":1032828,"date":"2025-04-15T12:52:23","date_gmt":"2025-04-15T10:52:23","guid":{"rendered":"https:\/\/stilanddesign.se\/?post_type=product&#038;p=1032828"},"modified":"2025-04-25T13:43:44","modified_gmt":"2025-04-25T11:43:44","slug":"mjuk-finstickad-kofta-i-corall-med-blingknapp","status":"publish","type":"product","link":"https:\/\/stilanddesign.se\/en\/product\/mjuk-finstickad-kofta-i-corall-med-blingknapp\/","title":{"rendered":"Soft, fine-knit cardigan in coral with bling button"},"content":{"rendered":"<h5><strong>Lovely fine knitted cardigan with 1 bling button<\/strong><\/h5>\n<p>V-ringad fram och kn\u00e4pps med 1 blingknapp<\/p>\n<p>Kort \u00e4rm med en finstickad mudd runtom<\/p>\n<p>Finstickad mudd runtom nertill<\/p>\n<p>One size,rymlig istorlek<\/p>\n<p>Material: 51% viscose 24% Nylon 25% Polyester<\/p>\n<p>&nbsp;<\/p>","protected":false},"excerpt":{"rendered":"<h5><strong>Lovely fine knitted cardigan with 1 bling button<\/strong><\/h5>\n<p>V-ringad fram och kn\u00e4pps med 1 blingknapp<\/p>\n<p>Kort \u00e4rm med en finstickad mudd runtom<\/p>\n<p>Finstickad mudd runtom nertill<\/p>\n<p>One size,rymlig istorlek<\/p>\n<p>Material: 51% viscose 24% Nylon 25% Polyester<\/p>","protected":false},"featured_media":1032817,"comment_status":"closed","ping_status":"closed","template":"","meta":[],"product_brand":[],"product_cat":[226],"product_tag":[],"class_list":{"0":"post-1032828","1":"product","2":"type-product","3":"status-publish","4":"has-post-thumbnail","6":"product_cat-koftor-stickade-koftor","8":"first","9":"outofstock","10":"taxable","11":"shipping-taxable","12":"product-type-variable"},"yoast_head":"<!-- This site is optimized with the Yoast SEO Premium plugin v27.4 (Yoast SEO v27.5) - https:\/\/yoast.com\/product\/yoast-seo-premium-wordpress\/ -->\n<title>Mjuk finstickad kofta i corall med blingknapp - Stil &amp; Design<\/title>\n<meta name=\"robots\" content=\"index, follow, max-snippet:-1, max-image-preview:large, max-video-preview:-1\" \/>\n<link rel=\"canonical\" href=\"https:\/\/stilanddesign.se\/en\/product\/mjuk-finstickad-kofta-i-corall-med-blingknapp\/\" \/>\n<meta property=\"og:locale\" content=\"en_US\" \/>\n<meta property=\"og:type\" content=\"article\" \/>\n<meta property=\"og:title\" content=\"Mjuk finstickad kofta i corall med blingknapp\" \/>\n<meta property=\"og:description\" content=\"H\u00e4rlig finstickad kofta med 1 blingknapp V-ringad fram och kn\u00e4pps med 1 blingknapp  Kort \u00e4rm med en finstickad mudd runtom  Finstickad mudd runtom nertill  One size,rymlig istorlek  Material: 51% viscose 24% Nylon 25% Polyester\" \/>\n<meta property=\"og:url\" content=\"https:\/\/stilanddesign.se\/en\/product\/mjuk-finstickad-kofta-i-corall-med-blingknapp\/\" \/>\n<meta property=\"og:site_name\" content=\"Stil &amp; Design\" \/>\n<meta property=\"article:modified_time\" content=\"2025-04-25T11:43:44+00:00\" \/>\n<meta property=\"og:image\" content=\"https:\/\/stilanddesign.se\/wp-content\/uploads\/2025\/04\/6767655555555555.jpeg\" \/>\n\t<meta property=\"og:image:width\" content=\"480\" \/>\n\t<meta property=\"og:image:height\" content=\"640\" \/>\n\t<meta property=\"og:image:type\" content=\"image\/jpeg\" \/>\n<meta name=\"twitter:card\" content=\"summary_large_image\" \/>\n<meta name=\"twitter:label1\" content=\"Est. reading time\" \/>\n\t<meta name=\"twitter:data1\" content=\"1 minute\" \/>\n<script type=\"application\/ld+json\" class=\"yoast-schema-graph\">{\"@context\":\"https:\\\/\\\/schema.org\",\"@graph\":[{\"@type\":\"WebPage\",\"@id\":\"https:\\\/\\\/stilanddesign.se\\\/produkt\\\/mjuk-finstickad-kofta-i-corall-med-blingknapp\\\/\",\"url\":\"https:\\\/\\\/stilanddesign.se\\\/produkt\\\/mjuk-finstickad-kofta-i-corall-med-blingknapp\\\/\",\"name\":\"Mjuk finstickad kofta i corall med blingknapp - Stil &amp; Design\",\"isPartOf\":{\"@id\":\"https:\\\/\\\/stilanddesign.se\\\/#website\"},\"primaryImageOfPage\":{\"@id\":\"https:\\\/\\\/stilanddesign.se\\\/produkt\\\/mjuk-finstickad-kofta-i-corall-med-blingknapp\\\/#primaryimage\"},\"image\":{\"@id\":\"https:\\\/\\\/stilanddesign.se\\\/produkt\\\/mjuk-finstickad-kofta-i-corall-med-blingknapp\\\/#primaryimage\"},\"thumbnailUrl\":\"https:\\\/\\\/stilanddesign.se\\\/wp-content\\\/uploads\\\/2025\\\/04\\\/6767655555555555.jpeg\",\"datePublished\":\"2025-04-15T10:52:23+00:00\",\"dateModified\":\"2025-04-25T11:43:44+00:00\",\"breadcrumb\":{\"@id\":\"https:\\\/\\\/stilanddesign.se\\\/produkt\\\/mjuk-finstickad-kofta-i-corall-med-blingknapp\\\/#breadcrumb\"},\"inLanguage\":\"en-US\",\"potentialAction\":[{\"@type\":\"ReadAction\",\"target\":[\"https:\\\/\\\/stilanddesign.se\\\/produkt\\\/mjuk-finstickad-kofta-i-corall-med-blingknapp\\\/\"]}]},{\"@type\":\"ImageObject\",\"inLanguage\":\"en-US\",\"@id\":\"https:\\\/\\\/stilanddesign.se\\\/produkt\\\/mjuk-finstickad-kofta-i-corall-med-blingknapp\\\/#primaryimage\",\"url\":\"https:\\\/\\\/stilanddesign.se\\\/wp-content\\\/uploads\\\/2025\\\/04\\\/6767655555555555.jpeg\",\"contentUrl\":\"https:\\\/\\\/stilanddesign.se\\\/wp-content\\\/uploads\\\/2025\\\/04\\\/6767655555555555.jpeg\",\"width\":480,\"height\":640,\"caption\":\"Mjuk finstickad kofta i corall\"},{\"@type\":\"BreadcrumbList\",\"@id\":\"https:\\\/\\\/stilanddesign.se\\\/produkt\\\/mjuk-finstickad-kofta-i-corall-med-blingknapp\\\/#breadcrumb\",\"itemListElement\":[{\"@type\":\"ListItem\",\"position\":1,\"name\":\"Hem\",\"item\":\"https:\\\/\\\/stilanddesign.se\\\/\"},{\"@type\":\"ListItem\",\"position\":2,\"name\":\"Butiken\",\"item\":\"https:\\\/\\\/stilanddesign.se\\\/butiken\\\/\"},{\"@type\":\"ListItem\",\"position\":3,\"name\":\"Mjuk finstickad kofta i corall med blingknapp\"}]},{\"@type\":\"WebSite\",\"@id\":\"https:\\\/\\\/stilanddesign.se\\\/#website\",\"url\":\"https:\\\/\\\/stilanddesign.se\\\/\",\"name\":\"Stil &amp; Design\",\"description\":\"F\u00f6r oss som \u00e4lskar mode!\",\"publisher\":{\"@id\":\"https:\\\/\\\/stilanddesign.se\\\/#organization\"},\"potentialAction\":[{\"@type\":\"SearchAction\",\"target\":{\"@type\":\"EntryPoint\",\"urlTemplate\":\"https:\\\/\\\/stilanddesign.se\\\/?s={search_term_string}\"},\"query-input\":{\"@type\":\"PropertyValueSpecification\",\"valueRequired\":true,\"valueName\":\"search_term_string\"}}],\"inLanguage\":\"en-US\"},{\"@type\":\"Organization\",\"@id\":\"https:\\\/\\\/stilanddesign.se\\\/#organization\",\"name\":\"Stil &amp; Design\",\"url\":\"https:\\\/\\\/stilanddesign.se\\\/\",\"logo\":{\"@type\":\"ImageObject\",\"inLanguage\":\"en-US\",\"@id\":\"https:\\\/\\\/stilanddesign.se\\\/#\\\/schema\\\/logo\\\/image\\\/\",\"url\":\"https:\\\/\\\/stilanddesign.se\\\/wp-content\\\/uploads\\\/2023\\\/12\\\/output-onlinepngtools-e1727784413220.png\",\"contentUrl\":\"https:\\\/\\\/stilanddesign.se\\\/wp-content\\\/uploads\\\/2023\\\/12\\\/output-onlinepngtools-e1727784413220.png\",\"width\":519,\"height\":135,\"caption\":\"Stil &amp; Design\"},\"image\":{\"@id\":\"https:\\\/\\\/stilanddesign.se\\\/#\\\/schema\\\/logo\\\/image\\\/\"}}]}<\/script>\n<!-- \/ Yoast SEO Premium plugin. -->","yoast_head_json":{"title":"Mjuk finstickad kofta i corall med blingknapp - Stil &amp; Design","robots":{"index":"index","follow":"follow","max-snippet":"max-snippet:-1","max-image-preview":"max-image-preview:large","max-video-preview":"max-video-preview:-1"},"canonical":"https:\/\/stilanddesign.se\/en\/product\/mjuk-finstickad-kofta-i-corall-med-blingknapp\/","og_locale":"en_US","og_type":"article","og_title":"Mjuk finstickad kofta i corall med blingknapp","og_description":"H\u00e4rlig finstickad kofta med 1 blingknapp V-ringad fram och kn\u00e4pps med 1 blingknapp  Kort \u00e4rm med en finstickad mudd runtom  Finstickad mudd runtom nertill  One size,rymlig istorlek  Material: 51% viscose 24% Nylon 25% Polyester","og_url":"https:\/\/stilanddesign.se\/en\/product\/mjuk-finstickad-kofta-i-corall-med-blingknapp\/","og_site_name":"Stil &amp; Design","article_modified_time":"2025-04-25T11:43:44+00:00","og_image":[{"width":480,"height":640,"url":"https:\/\/stilanddesign.se\/wp-content\/uploads\/2025\/04\/6767655555555555.jpeg","type":"image\/jpeg"}],"twitter_card":"summary_large_image","twitter_misc":{"Est. reading time":"1 minute"},"schema":{"@context":"https:\/\/schema.org","@graph":[{"@type":"WebPage","@id":"https:\/\/stilanddesign.se\/produkt\/mjuk-finstickad-kofta-i-corall-med-blingknapp\/","url":"https:\/\/stilanddesign.se\/produkt\/mjuk-finstickad-kofta-i-corall-med-blingknapp\/","name":"Mjuk finstickad kofta i corall med blingknapp - Stil &amp; Design","isPartOf":{"@id":"https:\/\/stilanddesign.se\/#website"},"primaryImageOfPage":{"@id":"https:\/\/stilanddesign.se\/produkt\/mjuk-finstickad-kofta-i-corall-med-blingknapp\/#primaryimage"},"image":{"@id":"https:\/\/stilanddesign.se\/produkt\/mjuk-finstickad-kofta-i-corall-med-blingknapp\/#primaryimage"},"thumbnailUrl":"https:\/\/stilanddesign.se\/wp-content\/uploads\/2025\/04\/6767655555555555.jpeg","datePublished":"2025-04-15T10:52:23+00:00","dateModified":"2025-04-25T11:43:44+00:00","breadcrumb":{"@id":"https:\/\/stilanddesign.se\/produkt\/mjuk-finstickad-kofta-i-corall-med-blingknapp\/#breadcrumb"},"inLanguage":"en-US","potentialAction":[{"@type":"ReadAction","target":["https:\/\/stilanddesign.se\/produkt\/mjuk-finstickad-kofta-i-corall-med-blingknapp\/"]}]},{"@type":"ImageObject","inLanguage":"en-US","@id":"https:\/\/stilanddesign.se\/produkt\/mjuk-finstickad-kofta-i-corall-med-blingknapp\/#primaryimage","url":"https:\/\/stilanddesign.se\/wp-content\/uploads\/2025\/04\/6767655555555555.jpeg","contentUrl":"https:\/\/stilanddesign.se\/wp-content\/uploads\/2025\/04\/6767655555555555.jpeg","width":480,"height":640,"caption":"Mjuk finstickad kofta i corall"},{"@type":"BreadcrumbList","@id":"https:\/\/stilanddesign.se\/produkt\/mjuk-finstickad-kofta-i-corall-med-blingknapp\/#breadcrumb","itemListElement":[{"@type":"ListItem","position":1,"name":"Hem","item":"https:\/\/stilanddesign.se\/"},{"@type":"ListItem","position":2,"name":"Butiken","item":"https:\/\/stilanddesign.se\/butiken\/"},{"@type":"ListItem","position":3,"name":"Mjuk finstickad kofta i corall med blingknapp"}]},{"@type":"WebSite","@id":"https:\/\/stilanddesign.se\/#website","url":"https:\/\/stilanddesign.se\/","name":"Style &amp; Design","description":"For those of us who love fashion!","publisher":{"@id":"https:\/\/stilanddesign.se\/#organization"},"potentialAction":[{"@type":"SearchAction","target":{"@type":"EntryPoint","urlTemplate":"https:\/\/stilanddesign.se\/?s={search_term_string}"},"query-input":{"@type":"PropertyValueSpecification","valueRequired":true,"valueName":"search_term_string"}}],"inLanguage":"en-US"},{"@type":"Organization","@id":"https:\/\/stilanddesign.se\/#organization","name":"Style &amp; Design","url":"https:\/\/stilanddesign.se\/","logo":{"@type":"ImageObject","inLanguage":"en-US","@id":"https:\/\/stilanddesign.se\/#\/schema\/logo\/image\/","url":"https:\/\/stilanddesign.se\/wp-content\/uploads\/2023\/12\/output-onlinepngtools-e1727784413220.png","contentUrl":"https:\/\/stilanddesign.se\/wp-content\/uploads\/2023\/12\/output-onlinepngtools-e1727784413220.png","width":519,"height":135,"caption":"Stil &amp; Design"},"image":{"@id":"https:\/\/stilanddesign.se\/#\/schema\/logo\/image\/"}}]}},"_links":{"self":[{"href":"https:\/\/stilanddesign.se\/en\/wp-json\/wp\/v2\/product\/1032828","targetHints":{"allow":["GET"]}}],"collection":[{"href":"https:\/\/stilanddesign.se\/en\/wp-json\/wp\/v2\/product"}],"about":[{"href":"https:\/\/stilanddesign.se\/en\/wp-json\/wp\/v2\/types\/product"}],"replies":[{"embeddable":true,"href":"https:\/\/stilanddesign.se\/en\/wp-json\/wp\/v2\/comments?post=1032828"}],"wp:featuredmedia":[{"embeddable":true,"href":"https:\/\/stilanddesign.se\/en\/wp-json\/wp\/v2\/media\/1032817"}],"wp:attachment":[{"href":"https:\/\/stilanddesign.se\/en\/wp-json\/wp\/v2\/media?parent=1032828"}],"wp:term":[{"taxonomy":"product_brand","embeddable":true,"href":"https:\/\/stilanddesign.se\/en\/wp-json\/wp\/v2\/product_brand?post=1032828"},{"taxonomy":"product_cat","embeddable":true,"href":"https:\/\/stilanddesign.se\/en\/wp-json\/wp\/v2\/product_cat?post=1032828"},{"taxonomy":"product_tag","embeddable":true,"href":"https:\/\/stilanddesign.se\/en\/wp-json\/wp\/v2\/product_tag?post=1032828"}],"curies":[{"name":"wp","href":"https:\/\/api.w.org\/{rel}","templated":true}]}}