{"id":1031854,"date":"2026-03-05T16:08:57","date_gmt":"2026-03-05T15:08:57","guid":{"rendered":"https:\/\/stilanddesign.se\/?post_type=product&#038;p=1031854"},"modified":"2026-04-21T14:13:05","modified_gmt":"2026-04-21T12:13:05","slug":"sommarens-mastebyxa-i-viskos-%f0%9f%a4%8d%e2%9c%a8","status":"publish","type":"product","link":"https:\/\/stilanddesign.se\/en\/product\/sommarens-mastebyxa-i-viskos-%f0%9f%a4%8d%e2%9c%a8\/","title":{"rendered":"Summer&#039;s must-have trousers in viscose \ud83e\udd0d\u2728"},"content":{"rendered":"<p data-start=\"0\" data-end=\"318\"><strong data-start=\"0\" data-end=\"32\">Summer&#039;s must-have trousers in viscose<\/strong> \ud83e\udd0d\u2728<br data-start=\"36\" data-end=\"39\" \/>A cool and super comfortable viscose pants that are perfect for warm days \u2600\ufe0f\ud83d\ude0d The pants have <strong data-start=\"118\" data-end=\"130\">straight legs<\/strong>, <strong data-start=\"132\" data-end=\"157\">pockets on the front sides<\/strong> and a comfortable <strong data-start=\"172\" data-end=\"190\">elastic at the waist<\/strong> with <strong data-start=\"195\" data-end=\"207\">tie<\/strong> for the best fit \ud83d\udc4c\ud83d\udcab<br data-start=\"231\" data-end=\"234\" \/>Easy to style \u2013 just as nice with a t-shirt and sneakers as with a tank top and sandals \ud83d\udc5f\ud83e\ude74<\/p>\n<p data-start=\"320\" data-end=\"400\">\u2705 Cool viscose<br data-start=\"333\" data-end=\"336\" \/>\u2705 Straight legs<br data-start=\"346\" data-end=\"349\" data-is-only-node=\"\" \/>\u2705 Pockets on the front sides<br data-start=\"372\" data-end=\"375\" \/>\u2705 Elastic waist + tie<\/p>\n<p data-start=\"402\" data-end=\"443\" data-is-last-node=\"\" data-is-only-node=\"\"><strong data-start=\"402\" data-end=\"415\">Material:<\/strong> 85% viscose | 15% elastane \ud83e\uddf5<\/p>","protected":false},"excerpt":{"rendered":"<p data-start=\"0\" data-end=\"318\"><strong data-start=\"0\" data-end=\"32\">Summer&#039;s must-have trousers in viscose<\/strong> \ud83e\udd0d\u2728<br data-start=\"36\" data-end=\"39\" \/>A cool and super comfortable viscose pants that are perfect for warm days \u2600\ufe0f\ud83d\ude0d The pants have <strong data-start=\"118\" data-end=\"130\">straight legs<\/strong>, <strong data-start=\"132\" data-end=\"157\">pockets on the front sides<\/strong> and a comfortable <strong data-start=\"172\" data-end=\"190\">elastic at the waist<\/strong> with <strong data-start=\"195\" data-end=\"207\">tie<\/strong> for the best fit \ud83d\udc4c\ud83d\udcab<br data-start=\"231\" data-end=\"234\" \/>Easy to style \u2013 just as nice with a t-shirt and sneakers as with a tank top and sandals \ud83d\udc5f\ud83e\ude74<\/p>\n<p data-start=\"320\" data-end=\"400\">\u2705 Cool viscose<br data-start=\"333\" data-end=\"336\" \/>\u2705 Straight legs<br data-start=\"346\" data-end=\"349\" data-is-only-node=\"\" \/>\u2705 Pockets on the front sides<br data-start=\"372\" data-end=\"375\" \/>\u2705 Elastic waist + tie<\/p>\n<p data-start=\"402\" data-end=\"443\" data-is-last-node=\"\" data-is-only-node=\"\"><strong data-start=\"402\" data-end=\"415\">Material:<\/strong> 85% viscose | 15% elastane \ud83e\uddf5<\/p>","protected":false},"featured_media":1031845,"comment_status":"closed","ping_status":"closed","template":"","meta":[],"product_brand":[],"product_cat":[203],"product_tag":[],"class_list":{"0":"post-1031854","1":"product","2":"type-product","3":"status-publish","4":"has-post-thumbnail","6":"product_cat-byxor","8":"first","9":"instock","10":"taxable","11":"shipping-taxable","12":"purchasable","13":"product-type-variable"},"yoast_head":"<!-- This site is optimized with the Yoast SEO Premium plugin v27.4 (Yoast SEO v27.4) - https:\/\/yoast.com\/product\/yoast-seo-premium-wordpress\/ -->\n<title>Sommarens m\u00e5stebyxa i viskos \ud83e\udd0d\u2728 - Stil &amp; Design<\/title>\n<meta name=\"robots\" content=\"index, follow, max-snippet:-1, max-image-preview:large, max-video-preview:-1\" \/>\n<link rel=\"canonical\" href=\"https:\/\/stilanddesign.se\/en\/product\/sommarens-mastebyxa-i-viskos-\ud83e\udd0d\u2728\/\" \/>\n<meta property=\"og:locale\" content=\"en_US\" \/>\n<meta property=\"og:type\" content=\"article\" \/>\n<meta property=\"og:title\" content=\"Sommarens m\u00e5stebyxa i viskos \ud83e\udd0d\u2728\" \/>\n<meta property=\"og:description\" content=\"Sommarens m\u00e5stebyxa i viskos \ud83e\udd0d\u2728En sval och supersk\u00f6n viskosbyxa som \u00e4r perfekt f\u00f6r varma dagar \u2600\ufe0f\ud83d\ude0d Byxan har raka ben, fickor fram i sidorna och en bekv\u00e4m res\u00e5r i midjan med knytband f\u00f6r b\u00e4sta passform \ud83d\udc4c\ud83d\udcabL\u00e4tt att styla \u2013 lika fin till t-shirt och sneakers som till linne och sandaler \ud83d\udc5f\ud83e\ude74 \u2705 Sval viskos\u2705 Raka ben\u2705 Fickor i sidorna fram\u2705 Res\u00e5rmidja + knytband Material: 85% viskos | 15% elastan \ud83e\uddf5\" \/>\n<meta property=\"og:url\" content=\"https:\/\/stilanddesign.se\/en\/product\/sommarens-mastebyxa-i-viskos-\ud83e\udd0d\u2728\/\" \/>\n<meta property=\"og:site_name\" content=\"Stil &amp; Design\" \/>\n<meta property=\"article:modified_time\" content=\"2026-04-21T12:13:05+00:00\" \/>\n<meta property=\"og:image\" content=\"https:\/\/stilanddesign.se\/wp-content\/uploads\/2025\/04\/IMG_0238-scaled.jpg\" \/>\n\t<meta property=\"og:image:width\" content=\"1920\" \/>\n\t<meta property=\"og:image:height\" content=\"2560\" \/>\n\t<meta property=\"og:image:type\" content=\"image\/jpeg\" \/>\n<meta name=\"twitter:card\" content=\"summary_large_image\" \/>\n<meta name=\"twitter:label1\" content=\"Est. reading time\" \/>\n\t<meta name=\"twitter:data1\" content=\"1 minute\" \/>\n<script type=\"application\/ld+json\" class=\"yoast-schema-graph\">{\"@context\":\"https:\\\/\\\/schema.org\",\"@graph\":[{\"@type\":\"WebPage\",\"@id\":\"https:\\\/\\\/stilanddesign.se\\\/produkt\\\/sommarens-mastebyxa-i-viskos-%f0%9f%a4%8d%e2%9c%a8\\\/\",\"url\":\"https:\\\/\\\/stilanddesign.se\\\/produkt\\\/sommarens-mastebyxa-i-viskos-%f0%9f%a4%8d%e2%9c%a8\\\/\",\"name\":\"Sommarens m\u00e5stebyxa i viskos \ud83e\udd0d\u2728 - Stil &amp; Design\",\"isPartOf\":{\"@id\":\"https:\\\/\\\/stilanddesign.se\\\/#website\"},\"primaryImageOfPage\":{\"@id\":\"https:\\\/\\\/stilanddesign.se\\\/produkt\\\/sommarens-mastebyxa-i-viskos-%f0%9f%a4%8d%e2%9c%a8\\\/#primaryimage\"},\"image\":{\"@id\":\"https:\\\/\\\/stilanddesign.se\\\/produkt\\\/sommarens-mastebyxa-i-viskos-%f0%9f%a4%8d%e2%9c%a8\\\/#primaryimage\"},\"thumbnailUrl\":\"https:\\\/\\\/stilanddesign.se\\\/wp-content\\\/uploads\\\/2025\\\/04\\\/IMG_0238-scaled.jpg\",\"datePublished\":\"2026-03-05T15:08:57+00:00\",\"dateModified\":\"2026-04-21T12:13:05+00:00\",\"breadcrumb\":{\"@id\":\"https:\\\/\\\/stilanddesign.se\\\/produkt\\\/sommarens-mastebyxa-i-viskos-%f0%9f%a4%8d%e2%9c%a8\\\/#breadcrumb\"},\"inLanguage\":\"en-US\",\"potentialAction\":[{\"@type\":\"ReadAction\",\"target\":[\"https:\\\/\\\/stilanddesign.se\\\/produkt\\\/sommarens-mastebyxa-i-viskos-%f0%9f%a4%8d%e2%9c%a8\\\/\"]}]},{\"@type\":\"ImageObject\",\"inLanguage\":\"en-US\",\"@id\":\"https:\\\/\\\/stilanddesign.se\\\/produkt\\\/sommarens-mastebyxa-i-viskos-%f0%9f%a4%8d%e2%9c%a8\\\/#primaryimage\",\"url\":\"https:\\\/\\\/stilanddesign.se\\\/wp-content\\\/uploads\\\/2025\\\/04\\\/IMG_0238-scaled.jpg\",\"contentUrl\":\"https:\\\/\\\/stilanddesign.se\\\/wp-content\\\/uploads\\\/2025\\\/04\\\/IMG_0238-scaled.jpg\",\"width\":1920,\"height\":2560},{\"@type\":\"BreadcrumbList\",\"@id\":\"https:\\\/\\\/stilanddesign.se\\\/produkt\\\/sommarens-mastebyxa-i-viskos-%f0%9f%a4%8d%e2%9c%a8\\\/#breadcrumb\",\"itemListElement\":[{\"@type\":\"ListItem\",\"position\":1,\"name\":\"Hem\",\"item\":\"https:\\\/\\\/stilanddesign.se\\\/\"},{\"@type\":\"ListItem\",\"position\":2,\"name\":\"Butiken\",\"item\":\"https:\\\/\\\/stilanddesign.se\\\/butiken\\\/\"},{\"@type\":\"ListItem\",\"position\":3,\"name\":\"Sommarens m\u00e5stebyxa i viskos \ud83e\udd0d\u2728\"}]},{\"@type\":\"WebSite\",\"@id\":\"https:\\\/\\\/stilanddesign.se\\\/#website\",\"url\":\"https:\\\/\\\/stilanddesign.se\\\/\",\"name\":\"Stil &amp; Design\",\"description\":\"F\u00f6r oss som \u00e4lskar mode!\",\"publisher\":{\"@id\":\"https:\\\/\\\/stilanddesign.se\\\/#organization\"},\"potentialAction\":[{\"@type\":\"SearchAction\",\"target\":{\"@type\":\"EntryPoint\",\"urlTemplate\":\"https:\\\/\\\/stilanddesign.se\\\/?s={search_term_string}\"},\"query-input\":{\"@type\":\"PropertyValueSpecification\",\"valueRequired\":true,\"valueName\":\"search_term_string\"}}],\"inLanguage\":\"en-US\"},{\"@type\":\"Organization\",\"@id\":\"https:\\\/\\\/stilanddesign.se\\\/#organization\",\"name\":\"Stil &amp; Design\",\"url\":\"https:\\\/\\\/stilanddesign.se\\\/\",\"logo\":{\"@type\":\"ImageObject\",\"inLanguage\":\"en-US\",\"@id\":\"https:\\\/\\\/stilanddesign.se\\\/#\\\/schema\\\/logo\\\/image\\\/\",\"url\":\"https:\\\/\\\/stilanddesign.se\\\/wp-content\\\/uploads\\\/2023\\\/12\\\/output-onlinepngtools-e1727784413220.png\",\"contentUrl\":\"https:\\\/\\\/stilanddesign.se\\\/wp-content\\\/uploads\\\/2023\\\/12\\\/output-onlinepngtools-e1727784413220.png\",\"width\":519,\"height\":135,\"caption\":\"Stil &amp; Design\"},\"image\":{\"@id\":\"https:\\\/\\\/stilanddesign.se\\\/#\\\/schema\\\/logo\\\/image\\\/\"}}]}<\/script>\n<!-- \/ Yoast SEO Premium plugin. -->","yoast_head_json":{"title":"Sommarens m\u00e5stebyxa i viskos \ud83e\udd0d\u2728 - Stil &amp; Design","robots":{"index":"index","follow":"follow","max-snippet":"max-snippet:-1","max-image-preview":"max-image-preview:large","max-video-preview":"max-video-preview:-1"},"canonical":"https:\/\/stilanddesign.se\/en\/product\/sommarens-mastebyxa-i-viskos-\ud83e\udd0d\u2728\/","og_locale":"en_US","og_type":"article","og_title":"Sommarens m\u00e5stebyxa i viskos \ud83e\udd0d\u2728","og_description":"Sommarens m\u00e5stebyxa i viskos \ud83e\udd0d\u2728En sval och supersk\u00f6n viskosbyxa som \u00e4r perfekt f\u00f6r varma dagar \u2600\ufe0f\ud83d\ude0d Byxan har raka ben, fickor fram i sidorna och en bekv\u00e4m res\u00e5r i midjan med knytband f\u00f6r b\u00e4sta passform \ud83d\udc4c\ud83d\udcabL\u00e4tt att styla \u2013 lika fin till t-shirt och sneakers som till linne och sandaler \ud83d\udc5f\ud83e\ude74 \u2705 Sval viskos\u2705 Raka ben\u2705 Fickor i sidorna fram\u2705 Res\u00e5rmidja + knytband Material: 85% viskos | 15% elastan \ud83e\uddf5","og_url":"https:\/\/stilanddesign.se\/en\/product\/sommarens-mastebyxa-i-viskos-\ud83e\udd0d\u2728\/","og_site_name":"Stil &amp; Design","article_modified_time":"2026-04-21T12:13:05+00:00","og_image":[{"width":1920,"height":2560,"url":"https:\/\/stilanddesign.se\/wp-content\/uploads\/2025\/04\/IMG_0238-scaled.jpg","type":"image\/jpeg"}],"twitter_card":"summary_large_image","twitter_misc":{"Est. reading time":"1 minute"},"schema":{"@context":"https:\/\/schema.org","@graph":[{"@type":"WebPage","@id":"https:\/\/stilanddesign.se\/produkt\/sommarens-mastebyxa-i-viskos-%f0%9f%a4%8d%e2%9c%a8\/","url":"https:\/\/stilanddesign.se\/produkt\/sommarens-mastebyxa-i-viskos-%f0%9f%a4%8d%e2%9c%a8\/","name":"Sommarens m\u00e5stebyxa i viskos \ud83e\udd0d\u2728 - Stil &amp; Design","isPartOf":{"@id":"https:\/\/stilanddesign.se\/#website"},"primaryImageOfPage":{"@id":"https:\/\/stilanddesign.se\/produkt\/sommarens-mastebyxa-i-viskos-%f0%9f%a4%8d%e2%9c%a8\/#primaryimage"},"image":{"@id":"https:\/\/stilanddesign.se\/produkt\/sommarens-mastebyxa-i-viskos-%f0%9f%a4%8d%e2%9c%a8\/#primaryimage"},"thumbnailUrl":"https:\/\/stilanddesign.se\/wp-content\/uploads\/2025\/04\/IMG_0238-scaled.jpg","datePublished":"2026-03-05T15:08:57+00:00","dateModified":"2026-04-21T12:13:05+00:00","breadcrumb":{"@id":"https:\/\/stilanddesign.se\/produkt\/sommarens-mastebyxa-i-viskos-%f0%9f%a4%8d%e2%9c%a8\/#breadcrumb"},"inLanguage":"en-US","potentialAction":[{"@type":"ReadAction","target":["https:\/\/stilanddesign.se\/produkt\/sommarens-mastebyxa-i-viskos-%f0%9f%a4%8d%e2%9c%a8\/"]}]},{"@type":"ImageObject","inLanguage":"en-US","@id":"https:\/\/stilanddesign.se\/produkt\/sommarens-mastebyxa-i-viskos-%f0%9f%a4%8d%e2%9c%a8\/#primaryimage","url":"https:\/\/stilanddesign.se\/wp-content\/uploads\/2025\/04\/IMG_0238-scaled.jpg","contentUrl":"https:\/\/stilanddesign.se\/wp-content\/uploads\/2025\/04\/IMG_0238-scaled.jpg","width":1920,"height":2560},{"@type":"BreadcrumbList","@id":"https:\/\/stilanddesign.se\/produkt\/sommarens-mastebyxa-i-viskos-%f0%9f%a4%8d%e2%9c%a8\/#breadcrumb","itemListElement":[{"@type":"ListItem","position":1,"name":"Hem","item":"https:\/\/stilanddesign.se\/"},{"@type":"ListItem","position":2,"name":"Butiken","item":"https:\/\/stilanddesign.se\/butiken\/"},{"@type":"ListItem","position":3,"name":"Sommarens m\u00e5stebyxa i viskos \ud83e\udd0d\u2728"}]},{"@type":"WebSite","@id":"https:\/\/stilanddesign.se\/#website","url":"https:\/\/stilanddesign.se\/","name":"Style &amp; Design","description":"For those of us who love fashion!","publisher":{"@id":"https:\/\/stilanddesign.se\/#organization"},"potentialAction":[{"@type":"SearchAction","target":{"@type":"EntryPoint","urlTemplate":"https:\/\/stilanddesign.se\/?s={search_term_string}"},"query-input":{"@type":"PropertyValueSpecification","valueRequired":true,"valueName":"search_term_string"}}],"inLanguage":"en-US"},{"@type":"Organization","@id":"https:\/\/stilanddesign.se\/#organization","name":"Style &amp; Design","url":"https:\/\/stilanddesign.se\/","logo":{"@type":"ImageObject","inLanguage":"en-US","@id":"https:\/\/stilanddesign.se\/#\/schema\/logo\/image\/","url":"https:\/\/stilanddesign.se\/wp-content\/uploads\/2023\/12\/output-onlinepngtools-e1727784413220.png","contentUrl":"https:\/\/stilanddesign.se\/wp-content\/uploads\/2023\/12\/output-onlinepngtools-e1727784413220.png","width":519,"height":135,"caption":"Stil &amp; Design"},"image":{"@id":"https:\/\/stilanddesign.se\/#\/schema\/logo\/image\/"}}]}},"_links":{"self":[{"href":"https:\/\/stilanddesign.se\/en\/wp-json\/wp\/v2\/product\/1031854","targetHints":{"allow":["GET"]}}],"collection":[{"href":"https:\/\/stilanddesign.se\/en\/wp-json\/wp\/v2\/product"}],"about":[{"href":"https:\/\/stilanddesign.se\/en\/wp-json\/wp\/v2\/types\/product"}],"replies":[{"embeddable":true,"href":"https:\/\/stilanddesign.se\/en\/wp-json\/wp\/v2\/comments?post=1031854"}],"wp:featuredmedia":[{"embeddable":true,"href":"https:\/\/stilanddesign.se\/en\/wp-json\/wp\/v2\/media\/1031845"}],"wp:attachment":[{"href":"https:\/\/stilanddesign.se\/en\/wp-json\/wp\/v2\/media?parent=1031854"}],"wp:term":[{"taxonomy":"product_brand","embeddable":true,"href":"https:\/\/stilanddesign.se\/en\/wp-json\/wp\/v2\/product_brand?post=1031854"},{"taxonomy":"product_cat","embeddable":true,"href":"https:\/\/stilanddesign.se\/en\/wp-json\/wp\/v2\/product_cat?post=1031854"},{"taxonomy":"product_tag","embeddable":true,"href":"https:\/\/stilanddesign.se\/en\/wp-json\/wp\/v2\/product_tag?post=1031854"}],"curies":[{"name":"wp","href":"https:\/\/api.w.org\/{rel}","templated":true}]}}