{"id":1030853,"date":"2026-04-17T13:07:38","date_gmt":"2026-04-17T11:07:38","guid":{"rendered":"https:\/\/stilanddesign.se\/?post_type=product&#038;p=1030853"},"modified":"2026-04-17T13:07:32","modified_gmt":"2026-04-17T11:07:32","slug":"harlig-glesstickad-troja-i-gult","status":"publish","type":"product","link":"https:\/\/stilanddesign.se\/en\/product\/harlig-glesstickad-troja-i-gult\/","title":{"rendered":"Lovely loose-knit sweater in yellow"},"content":{"rendered":"<p>Glesstickad\u00a0 tr\u00f6ja i gul<br \/>\nSlightly V-neckline<br \/>\n3\/4 length sleeve that is a penguin sleeve<br \/>\nHas a coarser knitted cuff around the bottom<br \/>\nThe shirt is a little shorter in the front<br \/>\nNormal in size<br \/>\nMaterial: 100% acrylic<\/p>","protected":false},"excerpt":{"rendered":"<p>Glesstickad tr\u00f6ja i gul<br \/>\nSlightly V-neckline<br \/>\n3\/4 length sleeve that is a penguin sleeve<br \/>\nHas a coarser knitted cuff around the bottom<br \/>\nThe shirt is a little shorter in the front<br \/>\nNormal in size<br \/>\nMaterial: 100% acrylic<\/p>","protected":false},"featured_media":1030841,"comment_status":"closed","ping_status":"closed","template":"","meta":[],"product_brand":[],"product_cat":[217,223],"product_tag":[],"class_list":{"0":"post-1030853","1":"product","2":"type-product","3":"status-publish","4":"has-post-thumbnail","6":"product_cat-produktnyheter","7":"product_cat-stickade-trojor","9":"first","10":"instock","11":"taxable","12":"shipping-taxable","13":"purchasable","14":"product-type-variable"},"yoast_head":"<!-- This site is optimized with the Yoast SEO Premium plugin v27.4 (Yoast SEO v27.4) - https:\/\/yoast.com\/product\/yoast-seo-premium-wordpress\/ -->\n<title>H\u00e4rlig glesstickad tr\u00f6ja i gult - Stil &amp; Design<\/title>\n<meta name=\"description\" content=\"H\u00e4rliga bl\u00e5jeans med ljusa slitningar\" \/>\n<meta name=\"robots\" content=\"index, follow, max-snippet:-1, max-image-preview:large, max-video-preview:-1\" \/>\n<link rel=\"canonical\" href=\"https:\/\/stilanddesign.se\/en\/product\/harlig-glesstickad-troja-i-gult\/\" \/>\n<meta property=\"og:locale\" content=\"en_US\" \/>\n<meta property=\"og:type\" content=\"article\" \/>\n<meta property=\"og:title\" content=\"H\u00e4rlig glesstickad tr\u00f6ja i gult\" \/>\n<meta property=\"og:description\" content=\"H\u00e4rliga bl\u00e5jeans med ljusa slitningar\" \/>\n<meta property=\"og:url\" content=\"https:\/\/stilanddesign.se\/en\/product\/harlig-glesstickad-troja-i-gult\/\" \/>\n<meta property=\"og:site_name\" content=\"Stil &amp; Design\" \/>\n<meta property=\"og:image\" content=\"https:\/\/stilanddesign.se\/wp-content\/uploads\/2025\/03\/787876666666666.jpg\" \/>\n\t<meta property=\"og:image:width\" content=\"1000\" \/>\n\t<meta property=\"og:image:height\" content=\"1000\" \/>\n\t<meta property=\"og:image:type\" content=\"image\/jpeg\" \/>\n<meta name=\"twitter:card\" content=\"summary_large_image\" \/>\n<meta name=\"twitter:label1\" content=\"Est. reading time\" \/>\n\t<meta name=\"twitter:data1\" content=\"1 minute\" \/>\n<script type=\"application\/ld+json\" class=\"yoast-schema-graph\">{\"@context\":\"https:\\\/\\\/schema.org\",\"@graph\":[{\"@type\":\"WebPage\",\"@id\":\"https:\\\/\\\/stilanddesign.se\\\/produkt\\\/harlig-glesstickad-troja-i-gult\\\/\",\"url\":\"https:\\\/\\\/stilanddesign.se\\\/produkt\\\/harlig-glesstickad-troja-i-gult\\\/\",\"name\":\"H\u00e4rlig glesstickad tr\u00f6ja i gult - Stil &amp; Design\",\"isPartOf\":{\"@id\":\"https:\\\/\\\/stilanddesign.se\\\/#website\"},\"primaryImageOfPage\":{\"@id\":\"https:\\\/\\\/stilanddesign.se\\\/produkt\\\/harlig-glesstickad-troja-i-gult\\\/#primaryimage\"},\"image\":{\"@id\":\"https:\\\/\\\/stilanddesign.se\\\/produkt\\\/harlig-glesstickad-troja-i-gult\\\/#primaryimage\"},\"thumbnailUrl\":\"https:\\\/\\\/stilanddesign.se\\\/wp-content\\\/uploads\\\/2025\\\/03\\\/787876666666666.jpg\",\"datePublished\":\"2026-04-17T11:07:38+00:00\",\"description\":\"H\u00e4rliga bl\u00e5jeans med ljusa slitningar\",\"breadcrumb\":{\"@id\":\"https:\\\/\\\/stilanddesign.se\\\/produkt\\\/harlig-glesstickad-troja-i-gult\\\/#breadcrumb\"},\"inLanguage\":\"en-US\",\"potentialAction\":[{\"@type\":\"ReadAction\",\"target\":[\"https:\\\/\\\/stilanddesign.se\\\/produkt\\\/harlig-glesstickad-troja-i-gult\\\/\"]}]},{\"@type\":\"ImageObject\",\"inLanguage\":\"en-US\",\"@id\":\"https:\\\/\\\/stilanddesign.se\\\/produkt\\\/harlig-glesstickad-troja-i-gult\\\/#primaryimage\",\"url\":\"https:\\\/\\\/stilanddesign.se\\\/wp-content\\\/uploads\\\/2025\\\/03\\\/787876666666666.jpg\",\"contentUrl\":\"https:\\\/\\\/stilanddesign.se\\\/wp-content\\\/uploads\\\/2025\\\/03\\\/787876666666666.jpg\",\"width\":1000,\"height\":1000,\"caption\":\"Glesstickad tr\u00f6ja i gult\"},{\"@type\":\"BreadcrumbList\",\"@id\":\"https:\\\/\\\/stilanddesign.se\\\/produkt\\\/harlig-glesstickad-troja-i-gult\\\/#breadcrumb\",\"itemListElement\":[{\"@type\":\"ListItem\",\"position\":1,\"name\":\"Hem\",\"item\":\"https:\\\/\\\/stilanddesign.se\\\/\"},{\"@type\":\"ListItem\",\"position\":2,\"name\":\"Butiken\",\"item\":\"https:\\\/\\\/stilanddesign.se\\\/butiken\\\/\"},{\"@type\":\"ListItem\",\"position\":3,\"name\":\"H\u00e4rlig glesstickad tr\u00f6ja i gult\"}]},{\"@type\":\"WebSite\",\"@id\":\"https:\\\/\\\/stilanddesign.se\\\/#website\",\"url\":\"https:\\\/\\\/stilanddesign.se\\\/\",\"name\":\"Stil &amp; Design\",\"description\":\"F\u00f6r oss som \u00e4lskar mode!\",\"publisher\":{\"@id\":\"https:\\\/\\\/stilanddesign.se\\\/#organization\"},\"potentialAction\":[{\"@type\":\"SearchAction\",\"target\":{\"@type\":\"EntryPoint\",\"urlTemplate\":\"https:\\\/\\\/stilanddesign.se\\\/?s={search_term_string}\"},\"query-input\":{\"@type\":\"PropertyValueSpecification\",\"valueRequired\":true,\"valueName\":\"search_term_string\"}}],\"inLanguage\":\"en-US\"},{\"@type\":\"Organization\",\"@id\":\"https:\\\/\\\/stilanddesign.se\\\/#organization\",\"name\":\"Stil &amp; Design\",\"url\":\"https:\\\/\\\/stilanddesign.se\\\/\",\"logo\":{\"@type\":\"ImageObject\",\"inLanguage\":\"en-US\",\"@id\":\"https:\\\/\\\/stilanddesign.se\\\/#\\\/schema\\\/logo\\\/image\\\/\",\"url\":\"https:\\\/\\\/stilanddesign.se\\\/wp-content\\\/uploads\\\/2023\\\/12\\\/output-onlinepngtools-e1727784413220.png\",\"contentUrl\":\"https:\\\/\\\/stilanddesign.se\\\/wp-content\\\/uploads\\\/2023\\\/12\\\/output-onlinepngtools-e1727784413220.png\",\"width\":519,\"height\":135,\"caption\":\"Stil &amp; Design\"},\"image\":{\"@id\":\"https:\\\/\\\/stilanddesign.se\\\/#\\\/schema\\\/logo\\\/image\\\/\"}}]}<\/script>\n<!-- \/ Yoast SEO Premium plugin. -->","yoast_head_json":{"title":"H\u00e4rlig glesstickad tr\u00f6ja i gult - Stil &amp; Design","description":"H\u00e4rliga bl\u00e5jeans med ljusa slitningar","robots":{"index":"index","follow":"follow","max-snippet":"max-snippet:-1","max-image-preview":"max-image-preview:large","max-video-preview":"max-video-preview:-1"},"canonical":"https:\/\/stilanddesign.se\/en\/product\/harlig-glesstickad-troja-i-gult\/","og_locale":"en_US","og_type":"article","og_title":"H\u00e4rlig glesstickad tr\u00f6ja i gult","og_description":"H\u00e4rliga bl\u00e5jeans med ljusa slitningar","og_url":"https:\/\/stilanddesign.se\/en\/product\/harlig-glesstickad-troja-i-gult\/","og_site_name":"Stil &amp; Design","og_image":[{"width":1000,"height":1000,"url":"https:\/\/stilanddesign.se\/wp-content\/uploads\/2025\/03\/787876666666666.jpg","type":"image\/jpeg"}],"twitter_card":"summary_large_image","twitter_misc":{"Est. reading time":"1 minute"},"schema":{"@context":"https:\/\/schema.org","@graph":[{"@type":"WebPage","@id":"https:\/\/stilanddesign.se\/produkt\/harlig-glesstickad-troja-i-gult\/","url":"https:\/\/stilanddesign.se\/produkt\/harlig-glesstickad-troja-i-gult\/","name":"H\u00e4rlig glesstickad tr\u00f6ja i gult - Stil &amp; Design","isPartOf":{"@id":"https:\/\/stilanddesign.se\/#website"},"primaryImageOfPage":{"@id":"https:\/\/stilanddesign.se\/produkt\/harlig-glesstickad-troja-i-gult\/#primaryimage"},"image":{"@id":"https:\/\/stilanddesign.se\/produkt\/harlig-glesstickad-troja-i-gult\/#primaryimage"},"thumbnailUrl":"https:\/\/stilanddesign.se\/wp-content\/uploads\/2025\/03\/787876666666666.jpg","datePublished":"2026-04-17T11:07:38+00:00","description":"H\u00e4rliga bl\u00e5jeans med ljusa slitningar","breadcrumb":{"@id":"https:\/\/stilanddesign.se\/produkt\/harlig-glesstickad-troja-i-gult\/#breadcrumb"},"inLanguage":"en-US","potentialAction":[{"@type":"ReadAction","target":["https:\/\/stilanddesign.se\/produkt\/harlig-glesstickad-troja-i-gult\/"]}]},{"@type":"ImageObject","inLanguage":"en-US","@id":"https:\/\/stilanddesign.se\/produkt\/harlig-glesstickad-troja-i-gult\/#primaryimage","url":"https:\/\/stilanddesign.se\/wp-content\/uploads\/2025\/03\/787876666666666.jpg","contentUrl":"https:\/\/stilanddesign.se\/wp-content\/uploads\/2025\/03\/787876666666666.jpg","width":1000,"height":1000,"caption":"Glesstickad tr\u00f6ja i gult"},{"@type":"BreadcrumbList","@id":"https:\/\/stilanddesign.se\/produkt\/harlig-glesstickad-troja-i-gult\/#breadcrumb","itemListElement":[{"@type":"ListItem","position":1,"name":"Hem","item":"https:\/\/stilanddesign.se\/"},{"@type":"ListItem","position":2,"name":"Butiken","item":"https:\/\/stilanddesign.se\/butiken\/"},{"@type":"ListItem","position":3,"name":"H\u00e4rlig glesstickad tr\u00f6ja i gult"}]},{"@type":"WebSite","@id":"https:\/\/stilanddesign.se\/#website","url":"https:\/\/stilanddesign.se\/","name":"Style &amp; Design","description":"For those of us who love fashion!","publisher":{"@id":"https:\/\/stilanddesign.se\/#organization"},"potentialAction":[{"@type":"SearchAction","target":{"@type":"EntryPoint","urlTemplate":"https:\/\/stilanddesign.se\/?s={search_term_string}"},"query-input":{"@type":"PropertyValueSpecification","valueRequired":true,"valueName":"search_term_string"}}],"inLanguage":"en-US"},{"@type":"Organization","@id":"https:\/\/stilanddesign.se\/#organization","name":"Style &amp; Design","url":"https:\/\/stilanddesign.se\/","logo":{"@type":"ImageObject","inLanguage":"en-US","@id":"https:\/\/stilanddesign.se\/#\/schema\/logo\/image\/","url":"https:\/\/stilanddesign.se\/wp-content\/uploads\/2023\/12\/output-onlinepngtools-e1727784413220.png","contentUrl":"https:\/\/stilanddesign.se\/wp-content\/uploads\/2023\/12\/output-onlinepngtools-e1727784413220.png","width":519,"height":135,"caption":"Stil &amp; Design"},"image":{"@id":"https:\/\/stilanddesign.se\/#\/schema\/logo\/image\/"}}]}},"_links":{"self":[{"href":"https:\/\/stilanddesign.se\/en\/wp-json\/wp\/v2\/product\/1030853","targetHints":{"allow":["GET"]}}],"collection":[{"href":"https:\/\/stilanddesign.se\/en\/wp-json\/wp\/v2\/product"}],"about":[{"href":"https:\/\/stilanddesign.se\/en\/wp-json\/wp\/v2\/types\/product"}],"replies":[{"embeddable":true,"href":"https:\/\/stilanddesign.se\/en\/wp-json\/wp\/v2\/comments?post=1030853"}],"wp:featuredmedia":[{"embeddable":true,"href":"https:\/\/stilanddesign.se\/en\/wp-json\/wp\/v2\/media\/1030841"}],"wp:attachment":[{"href":"https:\/\/stilanddesign.se\/en\/wp-json\/wp\/v2\/media?parent=1030853"}],"wp:term":[{"taxonomy":"product_brand","embeddable":true,"href":"https:\/\/stilanddesign.se\/en\/wp-json\/wp\/v2\/product_brand?post=1030853"},{"taxonomy":"product_cat","embeddable":true,"href":"https:\/\/stilanddesign.se\/en\/wp-json\/wp\/v2\/product_cat?post=1030853"},{"taxonomy":"product_tag","embeddable":true,"href":"https:\/\/stilanddesign.se\/en\/wp-json\/wp\/v2\/product_tag?post=1030853"}],"curies":[{"name":"wp","href":"https:\/\/api.w.org\/{rel}","templated":true}]}}