{"id":1030552,"date":"2026-04-20T14:13:33","date_gmt":"2026-04-20T12:13:33","guid":{"rendered":"https:\/\/stilanddesign.se\/?post_type=product&#038;p=1030552"},"modified":"2026-04-20T14:34:03","modified_gmt":"2026-04-20T12:34:03","slug":"%f0%9f%8c%bf-virkad-topp-stilren-somrig-favorit-%e2%9c%a8","status":"publish","type":"product","link":"https:\/\/stilanddesign.se\/en\/product\/%f0%9f%8c%bf-virkad-topp-stilren-somrig-favorit-%e2%9c%a8\/","title":{"rendered":"\ud83c\udf3f Crochet top \u2013 stylish &amp; summery favorite \u2728"},"content":{"rendered":"<section class=\"text-token-text-primary w-full focus:outline-none [--shadow-height:45px] has-data-writing-block:pointer-events-none has-data-writing-block:-mt-(--shadow-height) has-data-writing-block:pt-(--shadow-height) [&amp;:has([data-writing-block])&gt;*]:pointer-events-auto scroll-mt-(--header-height)\" dir=\"auto\" data-turn-id=\"b806d029-003d-4714-8a78-76a9a729a426\" data-testid=\"conversation-turn-333\" data-scroll-anchor=\"false\" data-turn=\"user\"><\/section>\n<section class=\"text-token-text-primary w-full focus:outline-none [--shadow-height:45px] has-data-writing-block:pointer-events-none has-data-writing-block:-mt-(--shadow-height) has-data-writing-block:pt-(--shadow-height) [&amp;:has([data-writing-block])&gt;*]:pointer-events-auto scroll-mt-[calc(var(--header-height)+min(200px,max(70px,20svh)))]\" dir=\"auto\" data-turn-id=\"request-69c67431-7e34-8333-9a36-98c4a980f78b-17\" data-testid=\"conversation-turn-334\" data-scroll-anchor=\"true\" data-turn=\"assistant\">\n<div class=\"text-base my-auto mx-auto pb-10 [--thread-content-margin:var(--thread-content-margin-xs,calc(var(--spacing)*4))] @w-sm\/main:[--thread-content-margin:var(--thread-content-margin-sm,calc(var(--spacing)*6))] @w-lg\/main:[--thread-content-margin:var(--thread-content-margin-lg,calc(var(--spacing)*16))] px-(--thread-content-margin)\">\n<div class=\"[--thread-content-max-width:40rem] @w-lg\/main:[--thread-content-max-width:48rem] mx-auto max-w-(--thread-content-max-width) flex-1 group\/turn-messages focus-visible:outline-hidden relative flex w-full min-w-0 flex-col agent-turn\">\n<div class=\"flex max-w-full flex-col gap-4 grow\">\n<div class=\"min-h-8 text-message relative flex w-full flex-col items-end gap-2 text-start break-words whitespace-normal outline-none keyboard-focused:focus-ring [.text-message+&amp;]:mt-1\" dir=\"auto\" tabindex=\"0\" data-message-author-role=\"assistant\" data-message-id=\"be688272-6c60-41eb-9e61-c4336cb5a458\" data-message-model-slug=\"gpt-5-3\" data-turn-start-message=\"true\">\n<div class=\"flex w-full flex-col gap-1 empty:hidden\">\n<div class=\"markdown prose dark:prose-invert w-full wrap-break-word light markdown-new-styling\">\n<p data-start=\"0\" data-end=\"49\">\ud83c\udf3f <strong data-start=\"3\" data-end=\"45\">Virkad topp \u2013 stilren &amp; somrig favorit<\/strong> \u2728<\/p>\n<p data-start=\"51\" data-end=\"206\">\ud83d\udcab Vackert virkad design med fina detaljer<br data-start=\"93\" data-end=\"96\" \/>\ud83d\udc5a Halvl\u00e5ng \u00e4rm f\u00f6r en avslappnad look<br data-start=\"134\" data-end=\"137\" \/>\ud83c\udf38 Perfekt att b\u00e4ra till b\u00e5de kjol &amp; jeans<br data-start=\"179\" data-end=\"182\" \/>\u2728 Finns i flera f\u00e4rger<\/p>\n<p data-start=\"208\" data-end=\"261\">\ud83e\uddf5 Material: 50% bomull, 50% akryl<br data-start=\"242\" data-end=\"245\" \/>\ud83e\udee7 Tv\u00e4tt: 30\u00b0C<\/p>\n<p data-start=\"263\" data-end=\"341\" data-is-last-node=\"\" data-is-only-node=\"\">\ud83d\udc96 En topp som ger en luftig och trendig k\u00e4nsla \u2013 perfekt f\u00f6r v\u00e5r &amp; sommar \ud83c\udf1e\u2728<\/p>\n<\/div>\n<\/div>\n<\/div>\n<\/div>\n<\/div>\n<\/div>\n<\/section>\n","protected":false},"excerpt":{"rendered":"<section class=\"text-token-text-primary w-full focus:outline-none [--shadow-height:45px] has-data-writing-block:pointer-events-none has-data-writing-block:-mt-(--shadow-height) has-data-writing-block:pt-(--shadow-height) [&amp;:has([data-writing-block])&gt;*]:pointer-events-auto scroll-mt-(--header-height)\" dir=\"auto\" data-turn-id=\"b806d029-003d-4714-8a78-76a9a729a426\" data-testid=\"conversation-turn-333\" data-scroll-anchor=\"false\" data-turn=\"user\"><\/section>\n<section class=\"text-token-text-primary w-full focus:outline-none [--shadow-height:45px] has-data-writing-block:pointer-events-none has-data-writing-block:-mt-(--shadow-height) has-data-writing-block:pt-(--shadow-height) [&amp;:has([data-writing-block])&gt;*]:pointer-events-auto scroll-mt-[calc(var(--header-height)+min(200px,max(70px,20svh)))]\" dir=\"auto\" data-turn-id=\"request-69c67431-7e34-8333-9a36-98c4a980f78b-17\" data-testid=\"conversation-turn-334\" data-scroll-anchor=\"true\" data-turn=\"assistant\">\n<div class=\"text-base my-auto mx-auto pb-10 [--thread-content-margin:var(--thread-content-margin-xs,calc(var(--spacing)*4))] @w-sm\/main:[--thread-content-margin:var(--thread-content-margin-sm,calc(var(--spacing)*6))] @w-lg\/main:[--thread-content-margin:var(--thread-content-margin-lg,calc(var(--spacing)*16))] px-(--thread-content-margin)\">\n<div class=\"[--thread-content-max-width:40rem] @w-lg\/main:[--thread-content-max-width:48rem] mx-auto max-w-(--thread-content-max-width) flex-1 group\/turn-messages focus-visible:outline-hidden relative flex w-full min-w-0 flex-col agent-turn\">\n<div class=\"flex max-w-full flex-col gap-4 grow\">\n<div class=\"min-h-8 text-message relative flex w-full flex-col items-end gap-2 text-start break-words whitespace-normal outline-none keyboard-focused:focus-ring [.text-message+&amp;]:mt-1\" dir=\"auto\" tabindex=\"0\" data-message-author-role=\"assistant\" data-message-id=\"be688272-6c60-41eb-9e61-c4336cb5a458\" data-message-model-slug=\"gpt-5-3\" data-turn-start-message=\"true\">\n<div class=\"flex w-full flex-col gap-1 empty:hidden\">\n<div class=\"markdown prose dark:prose-invert w-full wrap-break-word light markdown-new-styling\">\n<p data-start=\"0\" data-end=\"49\">\ud83c\udf3f <strong data-start=\"3\" data-end=\"45\">Virkad topp \u2013 stilren &amp; somrig favorit<\/strong> \u2728<\/p>\n<p data-start=\"51\" data-end=\"206\">\ud83d\udcab Vackert virkad design med fina detaljer<br data-start=\"93\" data-end=\"96\" \/>\ud83d\udc5a Halvl\u00e5ng \u00e4rm f\u00f6r en avslappnad look<br data-start=\"134\" data-end=\"137\" \/>\ud83c\udf38 Perfekt att b\u00e4ra till b\u00e5de kjol &amp; jeans<br data-start=\"179\" data-end=\"182\" \/>\u2728 Finns i flera f\u00e4rger<\/p>\n<p data-start=\"208\" data-end=\"261\">\ud83e\uddf5 Material: 50% bomull, 50% akryl<br data-start=\"242\" data-end=\"245\" \/>\ud83e\udee7 Tv\u00e4tt: 30\u00b0C<\/p>\n<p data-start=\"263\" data-end=\"341\" data-is-last-node=\"\" data-is-only-node=\"\">\ud83d\udc96 En topp som ger en luftig och trendig k\u00e4nsla \u2013 perfekt f\u00f6r v\u00e5r &amp; sommar \ud83c\udf1e\u2728<\/p>\n<\/div>\n<\/div>\n<\/div>\n<\/div>\n<\/div>\n<\/div>\n<\/section>\n","protected":false},"featured_media":1030547,"comment_status":"closed","ping_status":"closed","template":"","meta":[],"product_brand":[],"product_cat":[217,223],"product_tag":[],"class_list":{"0":"post-1030552","1":"product","2":"type-product","3":"status-publish","4":"has-post-thumbnail","6":"product_cat-produktnyheter","7":"product_cat-stickade-trojor","9":"first","10":"instock","11":"taxable","12":"shipping-taxable","13":"purchasable","14":"product-type-variable"},"yoast_head":"<!-- This site is optimized with the Yoast SEO Premium plugin v27.4 (Yoast SEO v27.4) - https:\/\/yoast.com\/product\/yoast-seo-premium-wordpress\/ -->\n<title>\ud83c\udf3f Virkad topp \u2013 stilren &amp; somrig favorit \u2728 - Stil &amp; Design<\/title>\n<meta name=\"robots\" content=\"index, follow, max-snippet:-1, max-image-preview:large, max-video-preview:-1\" \/>\n<link rel=\"canonical\" href=\"https:\/\/stilanddesign.se\/en\/product\/\ud83c\udf3f-virkad-topp-stilren-somrig-favorit-\u2728\/\" \/>\n<meta property=\"og:locale\" content=\"en_US\" \/>\n<meta property=\"og:type\" content=\"article\" \/>\n<meta property=\"og:title\" content=\"\ud83c\udf3f Virkad topp \u2013 stilren &amp; somrig favorit \u2728\" \/>\n<meta property=\"og:description\" content=\"\ud83c\udf3f Virkad topp \u2013 stilren &amp; somrig favorit \u2728 \ud83d\udcab Vackert virkad design med fina detaljer\ud83d\udc5a Halvl\u00e5ng \u00e4rm f\u00f6r en avslappnad look\ud83c\udf38 Perfekt att b\u00e4ra till b\u00e5de kjol &amp; jeans\u2728 Finns i flera f\u00e4rger \ud83e\uddf5 Material: 50% bomull, 50% akryl\ud83e\udee7 Tv\u00e4tt: 30\u00b0C \ud83d\udc96 En topp som ger en luftig och trendig k\u00e4nsla \u2013 perfekt f\u00f6r v\u00e5r &amp; sommar \ud83c\udf1e\u2728\" \/>\n<meta property=\"og:url\" content=\"https:\/\/stilanddesign.se\/en\/product\/\ud83c\udf3f-virkad-topp-stilren-somrig-favorit-\u2728\/\" \/>\n<meta property=\"og:site_name\" content=\"Stil &amp; Design\" \/>\n<meta property=\"article:modified_time\" content=\"2026-04-20T12:34:03+00:00\" \/>\n<meta property=\"og:image\" content=\"https:\/\/stilanddesign.se\/wp-content\/uploads\/2025\/03\/2-2.jpg\" \/>\n\t<meta property=\"og:image:width\" content=\"564\" \/>\n\t<meta property=\"og:image:height\" content=\"1024\" \/>\n\t<meta property=\"og:image:type\" content=\"image\/jpeg\" \/>\n<meta name=\"twitter:card\" content=\"summary_large_image\" \/>\n<meta name=\"twitter:label1\" content=\"Est. reading time\" \/>\n\t<meta name=\"twitter:data1\" content=\"1 minute\" \/>\n<script type=\"application\/ld+json\" class=\"yoast-schema-graph\">{\"@context\":\"https:\\\/\\\/schema.org\",\"@graph\":[{\"@type\":\"WebPage\",\"@id\":\"https:\\\/\\\/stilanddesign.se\\\/produkt\\\/%f0%9f%8c%bf-virkad-topp-stilren-somrig-favorit-%e2%9c%a8\\\/\",\"url\":\"https:\\\/\\\/stilanddesign.se\\\/produkt\\\/%f0%9f%8c%bf-virkad-topp-stilren-somrig-favorit-%e2%9c%a8\\\/\",\"name\":\"\ud83c\udf3f Virkad topp \u2013 stilren & somrig favorit \u2728 - Stil &amp; Design\",\"isPartOf\":{\"@id\":\"https:\\\/\\\/stilanddesign.se\\\/#website\"},\"primaryImageOfPage\":{\"@id\":\"https:\\\/\\\/stilanddesign.se\\\/produkt\\\/%f0%9f%8c%bf-virkad-topp-stilren-somrig-favorit-%e2%9c%a8\\\/#primaryimage\"},\"image\":{\"@id\":\"https:\\\/\\\/stilanddesign.se\\\/produkt\\\/%f0%9f%8c%bf-virkad-topp-stilren-somrig-favorit-%e2%9c%a8\\\/#primaryimage\"},\"thumbnailUrl\":\"https:\\\/\\\/stilanddesign.se\\\/wp-content\\\/uploads\\\/2025\\\/03\\\/2-2.jpg\",\"datePublished\":\"2026-04-20T12:13:33+00:00\",\"dateModified\":\"2026-04-20T12:34:03+00:00\",\"breadcrumb\":{\"@id\":\"https:\\\/\\\/stilanddesign.se\\\/produkt\\\/%f0%9f%8c%bf-virkad-topp-stilren-somrig-favorit-%e2%9c%a8\\\/#breadcrumb\"},\"inLanguage\":\"en-US\",\"potentialAction\":[{\"@type\":\"ReadAction\",\"target\":[\"https:\\\/\\\/stilanddesign.se\\\/produkt\\\/%f0%9f%8c%bf-virkad-topp-stilren-somrig-favorit-%e2%9c%a8\\\/\"]}]},{\"@type\":\"ImageObject\",\"inLanguage\":\"en-US\",\"@id\":\"https:\\\/\\\/stilanddesign.se\\\/produkt\\\/%f0%9f%8c%bf-virkad-topp-stilren-somrig-favorit-%e2%9c%a8\\\/#primaryimage\",\"url\":\"https:\\\/\\\/stilanddesign.se\\\/wp-content\\\/uploads\\\/2025\\\/03\\\/2-2.jpg\",\"contentUrl\":\"https:\\\/\\\/stilanddesign.se\\\/wp-content\\\/uploads\\\/2025\\\/03\\\/2-2.jpg\",\"width\":564,\"height\":1024},{\"@type\":\"BreadcrumbList\",\"@id\":\"https:\\\/\\\/stilanddesign.se\\\/produkt\\\/%f0%9f%8c%bf-virkad-topp-stilren-somrig-favorit-%e2%9c%a8\\\/#breadcrumb\",\"itemListElement\":[{\"@type\":\"ListItem\",\"position\":1,\"name\":\"Hem\",\"item\":\"https:\\\/\\\/stilanddesign.se\\\/\"},{\"@type\":\"ListItem\",\"position\":2,\"name\":\"Butiken\",\"item\":\"https:\\\/\\\/stilanddesign.se\\\/butiken\\\/\"},{\"@type\":\"ListItem\",\"position\":3,\"name\":\"\ud83c\udf3f Virkad topp \u2013 stilren &#038; somrig favorit \u2728\"}]},{\"@type\":\"WebSite\",\"@id\":\"https:\\\/\\\/stilanddesign.se\\\/#website\",\"url\":\"https:\\\/\\\/stilanddesign.se\\\/\",\"name\":\"Stil &amp; Design\",\"description\":\"F\u00f6r oss som \u00e4lskar mode!\",\"publisher\":{\"@id\":\"https:\\\/\\\/stilanddesign.se\\\/#organization\"},\"potentialAction\":[{\"@type\":\"SearchAction\",\"target\":{\"@type\":\"EntryPoint\",\"urlTemplate\":\"https:\\\/\\\/stilanddesign.se\\\/?s={search_term_string}\"},\"query-input\":{\"@type\":\"PropertyValueSpecification\",\"valueRequired\":true,\"valueName\":\"search_term_string\"}}],\"inLanguage\":\"en-US\"},{\"@type\":\"Organization\",\"@id\":\"https:\\\/\\\/stilanddesign.se\\\/#organization\",\"name\":\"Stil &amp; Design\",\"url\":\"https:\\\/\\\/stilanddesign.se\\\/\",\"logo\":{\"@type\":\"ImageObject\",\"inLanguage\":\"en-US\",\"@id\":\"https:\\\/\\\/stilanddesign.se\\\/#\\\/schema\\\/logo\\\/image\\\/\",\"url\":\"https:\\\/\\\/stilanddesign.se\\\/wp-content\\\/uploads\\\/2023\\\/12\\\/output-onlinepngtools-e1727784413220.png\",\"contentUrl\":\"https:\\\/\\\/stilanddesign.se\\\/wp-content\\\/uploads\\\/2023\\\/12\\\/output-onlinepngtools-e1727784413220.png\",\"width\":519,\"height\":135,\"caption\":\"Stil &amp; Design\"},\"image\":{\"@id\":\"https:\\\/\\\/stilanddesign.se\\\/#\\\/schema\\\/logo\\\/image\\\/\"}}]}<\/script>\n<!-- \/ Yoast SEO Premium plugin. -->","yoast_head_json":{"title":"\ud83c\udf3f Virkad topp \u2013 stilren & somrig favorit \u2728 - Stil &amp; Design","robots":{"index":"index","follow":"follow","max-snippet":"max-snippet:-1","max-image-preview":"max-image-preview:large","max-video-preview":"max-video-preview:-1"},"canonical":"https:\/\/stilanddesign.se\/en\/product\/\ud83c\udf3f-virkad-topp-stilren-somrig-favorit-\u2728\/","og_locale":"en_US","og_type":"article","og_title":"\ud83c\udf3f Virkad topp \u2013 stilren & somrig favorit \u2728","og_description":"\ud83c\udf3f Virkad topp \u2013 stilren &amp; somrig favorit \u2728 \ud83d\udcab Vackert virkad design med fina detaljer\ud83d\udc5a Halvl\u00e5ng \u00e4rm f\u00f6r en avslappnad look\ud83c\udf38 Perfekt att b\u00e4ra till b\u00e5de kjol &amp; jeans\u2728 Finns i flera f\u00e4rger \ud83e\uddf5 Material: 50% bomull, 50% akryl\ud83e\udee7 Tv\u00e4tt: 30\u00b0C \ud83d\udc96 En topp som ger en luftig och trendig k\u00e4nsla \u2013 perfekt f\u00f6r v\u00e5r &amp; sommar \ud83c\udf1e\u2728","og_url":"https:\/\/stilanddesign.se\/en\/product\/\ud83c\udf3f-virkad-topp-stilren-somrig-favorit-\u2728\/","og_site_name":"Stil &amp; Design","article_modified_time":"2026-04-20T12:34:03+00:00","og_image":[{"width":564,"height":1024,"url":"https:\/\/stilanddesign.se\/wp-content\/uploads\/2025\/03\/2-2.jpg","type":"image\/jpeg"}],"twitter_card":"summary_large_image","twitter_misc":{"Est. reading time":"1 minute"},"schema":{"@context":"https:\/\/schema.org","@graph":[{"@type":"WebPage","@id":"https:\/\/stilanddesign.se\/produkt\/%f0%9f%8c%bf-virkad-topp-stilren-somrig-favorit-%e2%9c%a8\/","url":"https:\/\/stilanddesign.se\/produkt\/%f0%9f%8c%bf-virkad-topp-stilren-somrig-favorit-%e2%9c%a8\/","name":"\ud83c\udf3f Virkad topp \u2013 stilren & somrig favorit \u2728 - Stil &amp; Design","isPartOf":{"@id":"https:\/\/stilanddesign.se\/#website"},"primaryImageOfPage":{"@id":"https:\/\/stilanddesign.se\/produkt\/%f0%9f%8c%bf-virkad-topp-stilren-somrig-favorit-%e2%9c%a8\/#primaryimage"},"image":{"@id":"https:\/\/stilanddesign.se\/produkt\/%f0%9f%8c%bf-virkad-topp-stilren-somrig-favorit-%e2%9c%a8\/#primaryimage"},"thumbnailUrl":"https:\/\/stilanddesign.se\/wp-content\/uploads\/2025\/03\/2-2.jpg","datePublished":"2026-04-20T12:13:33+00:00","dateModified":"2026-04-20T12:34:03+00:00","breadcrumb":{"@id":"https:\/\/stilanddesign.se\/produkt\/%f0%9f%8c%bf-virkad-topp-stilren-somrig-favorit-%e2%9c%a8\/#breadcrumb"},"inLanguage":"en-US","potentialAction":[{"@type":"ReadAction","target":["https:\/\/stilanddesign.se\/produkt\/%f0%9f%8c%bf-virkad-topp-stilren-somrig-favorit-%e2%9c%a8\/"]}]},{"@type":"ImageObject","inLanguage":"en-US","@id":"https:\/\/stilanddesign.se\/produkt\/%f0%9f%8c%bf-virkad-topp-stilren-somrig-favorit-%e2%9c%a8\/#primaryimage","url":"https:\/\/stilanddesign.se\/wp-content\/uploads\/2025\/03\/2-2.jpg","contentUrl":"https:\/\/stilanddesign.se\/wp-content\/uploads\/2025\/03\/2-2.jpg","width":564,"height":1024},{"@type":"BreadcrumbList","@id":"https:\/\/stilanddesign.se\/produkt\/%f0%9f%8c%bf-virkad-topp-stilren-somrig-favorit-%e2%9c%a8\/#breadcrumb","itemListElement":[{"@type":"ListItem","position":1,"name":"Hem","item":"https:\/\/stilanddesign.se\/"},{"@type":"ListItem","position":2,"name":"Butiken","item":"https:\/\/stilanddesign.se\/butiken\/"},{"@type":"ListItem","position":3,"name":"\ud83c\udf3f Virkad topp \u2013 stilren &#038; somrig favorit \u2728"}]},{"@type":"WebSite","@id":"https:\/\/stilanddesign.se\/#website","url":"https:\/\/stilanddesign.se\/","name":"Style &amp; Design","description":"For those of us who love fashion!","publisher":{"@id":"https:\/\/stilanddesign.se\/#organization"},"potentialAction":[{"@type":"SearchAction","target":{"@type":"EntryPoint","urlTemplate":"https:\/\/stilanddesign.se\/?s={search_term_string}"},"query-input":{"@type":"PropertyValueSpecification","valueRequired":true,"valueName":"search_term_string"}}],"inLanguage":"en-US"},{"@type":"Organization","@id":"https:\/\/stilanddesign.se\/#organization","name":"Style &amp; Design","url":"https:\/\/stilanddesign.se\/","logo":{"@type":"ImageObject","inLanguage":"en-US","@id":"https:\/\/stilanddesign.se\/#\/schema\/logo\/image\/","url":"https:\/\/stilanddesign.se\/wp-content\/uploads\/2023\/12\/output-onlinepngtools-e1727784413220.png","contentUrl":"https:\/\/stilanddesign.se\/wp-content\/uploads\/2023\/12\/output-onlinepngtools-e1727784413220.png","width":519,"height":135,"caption":"Stil &amp; Design"},"image":{"@id":"https:\/\/stilanddesign.se\/#\/schema\/logo\/image\/"}}]}},"_links":{"self":[{"href":"https:\/\/stilanddesign.se\/en\/wp-json\/wp\/v2\/product\/1030552","targetHints":{"allow":["GET"]}}],"collection":[{"href":"https:\/\/stilanddesign.se\/en\/wp-json\/wp\/v2\/product"}],"about":[{"href":"https:\/\/stilanddesign.se\/en\/wp-json\/wp\/v2\/types\/product"}],"replies":[{"embeddable":true,"href":"https:\/\/stilanddesign.se\/en\/wp-json\/wp\/v2\/comments?post=1030552"}],"wp:featuredmedia":[{"embeddable":true,"href":"https:\/\/stilanddesign.se\/en\/wp-json\/wp\/v2\/media\/1030547"}],"wp:attachment":[{"href":"https:\/\/stilanddesign.se\/en\/wp-json\/wp\/v2\/media?parent=1030552"}],"wp:term":[{"taxonomy":"product_brand","embeddable":true,"href":"https:\/\/stilanddesign.se\/en\/wp-json\/wp\/v2\/product_brand?post=1030552"},{"taxonomy":"product_cat","embeddable":true,"href":"https:\/\/stilanddesign.se\/en\/wp-json\/wp\/v2\/product_cat?post=1030552"},{"taxonomy":"product_tag","embeddable":true,"href":"https:\/\/stilanddesign.se\/en\/wp-json\/wp\/v2\/product_tag?post=1030552"}],"curies":[{"name":"wp","href":"https:\/\/api.w.org\/{rel}","templated":true}]}}