{"id":1030041,"date":"2026-04-23T14:22:26","date_gmt":"2026-04-23T12:22:26","guid":{"rendered":"https:\/\/stilanddesign.se\/?post_type=product&#038;p=1030041"},"modified":"2026-04-24T09:04:04","modified_gmt":"2026-04-24T07:04:04","slug":"%f0%9f%92%96-armlos-volangtopp-fran-chica-london-feminin-wow-%e2%9c%a8","status":"publish","type":"product","link":"https:\/\/stilanddesign.se\/en\/product\/%f0%9f%92%96-armlos-volangtopp-fran-chica-london-feminin-wow-%e2%9c%a8\/","title":{"rendered":"\ud83d\udc96 Sleeveless ruffle top from Chica London \u2013 feminine &amp; wow \u2728"},"content":{"rendered":"<section class=\"text-token-text-primary w-full focus:outline-none [--shadow-height:45px] has-data-writing-block:pointer-events-none has-data-writing-block:-mt-(--shadow-height) has-data-writing-block:pt-(--shadow-height) [&amp;:has([data-writing-block])&gt;*]:pointer-events-auto [content-visibility:auto] supports-[content-visibility:auto]:[contain-intrinsic-size:auto_100lvh] R6Vx5W_threadScrollVars scroll-mb-[calc(var(--scroll-root-safe-area-inset-bottom,0px)+var(--thread-response-height))] scroll-mt-[calc(var(--header-height)+min(200px,max(70px,20svh)))]\" dir=\"auto\" data-turn-id=\"request-69c67431-7e34-8333-9a36-98c4a980f78b-13\" data-testid=\"conversation-turn-380\" data-scroll-anchor=\"false\" data-turn=\"assistant\">\n<div class=\"text-base my-auto mx-auto pb-10 [--thread-content-margin:var(--thread-content-margin-xs,calc(var(--spacing)*4))] @w-sm\/main:[--thread-content-margin:var(--thread-content-margin-sm,calc(var(--spacing)*6))] @w-lg\/main:[--thread-content-margin:var(--thread-content-margin-lg,calc(var(--spacing)*16))] px-(--thread-content-margin)\">\n<div class=\"[--thread-content-max-width:40rem] @w-lg\/main:[--thread-content-max-width:48rem] mx-auto max-w-(--thread-content-max-width) flex-1 group\/turn-messages focus-visible:outline-hidden relative flex w-full min-w-0 flex-col agent-turn\">\n<div class=\"flex max-w-full flex-col gap-4 grow\">\n<div class=\"min-h-8 text-message relative flex w-full flex-col items-end gap-2 text-start break-words whitespace-normal outline-none keyboard-focused:focus-ring [.text-message+&amp;]:mt-1\" dir=\"auto\" tabindex=\"0\" data-message-author-role=\"assistant\" data-message-id=\"5f36cf19-cd1c-43c5-a4ef-7937f5fa82c5\" data-message-model-slug=\"gpt-5-3\" data-turn-start-message=\"true\">\n<div class=\"flex w-full flex-col gap-1 empty:hidden\">\n<div class=\"markdown prose dark:prose-invert w-full wrap-break-word light markdown-new-styling\">\n<p data-start=\"0\" data-end=\"62\">\ud83d\udc96 <strong data-start=\"3\" data-end=\"58\">\u00c4rml\u00f6s volangtopp fr\u00e5n Chica London \u2013 feminin &amp; wow<\/strong> \u2728<\/p>\n<p data-start=\"64\" data-end=\"263\">\ud83c\udf38 Cerise f\u00e4rg som verkligen sticker ut<br data-start=\"103\" data-end=\"106\" \/>\ud83d\udcab Vackra volanger\/kr\u00e5s framtill<br data-start=\"138\" data-end=\"141\" \/>\ud83c\udf80 Knytdetalj som ger en mjuk och elegant look<br data-start=\"187\" data-end=\"190\" \/>\ud83d\udc5a \u00c4rml\u00f6s modell \u2013 perfekt f\u00f6r varma dagar<br data-start=\"232\" data-end=\"235\" \/>\u2728 L\u00e4tt och luftig kvalitet<\/p>\n<p data-start=\"265\" data-end=\"371\">\ud83d\udccf <strong data-start=\"268\" data-end=\"282\">Storlekar:<\/strong><br data-start=\"282\" data-end=\"285\" \/>S\/M \u2013 Omkrets ca 112 cm | L\u00e4ngd ca 63 cm<br data-start=\"325\" data-end=\"328\" \/>L\/XL \u2013 Omkrets ca 122 cm | L\u00e4ngd ca 64 cm<\/p>\n<p data-start=\"373\" data-end=\"394\">\ud83d\udccf Normal i storlek<\/p>\n<p data-start=\"396\" data-end=\"460\">\ud83e\uddf5 Material: 100% polyester<br data-start=\"423\" data-end=\"426\" \/>\ud83e\udee7 Tv\u00e4tt: 30\u00b0C<br data-start=\"440\" data-end=\"443\" \/>\ud83d\udc4c Stretch: Nej<\/p>\n<p data-start=\"462\" data-end=\"546\">\ud83d\udc56 <strong data-start=\"465\" data-end=\"481\">Stylingtips:<\/strong> Matcha med jeans eller kjol f\u00f6r en feminin och festlig look \ud83d\udc95<\/p>\n<p data-start=\"548\" data-end=\"599\" data-is-last-node=\"\" data-is-only-node=\"\">\ud83d\udc96 En topp som garanterat drar blickarna till sig \u2728<\/p>\n<\/div>\n<\/div>\n<\/div>\n<\/div>\n<div class=\"z-0 flex min-h-[46px] justify-start\"><\/div>\n<div class=\"mt-3 w-full empty:hidden\">\n<div class=\"text-center\"><\/div>\n<\/div>\n<\/div>\n<\/div>\n<\/section>\n<div class=\"pointer-events-none -mt-px h-px translate-y-[calc(var(--scroll-root-safe-area-inset-bottom)-14*var(--spacing))]\" aria-hidden=\"true\"><\/div>\n<h1 class=\"alt-font\"><\/h1>\n","protected":false},"excerpt":{"rendered":"<section class=\"text-token-text-primary w-full focus:outline-none [--shadow-height:45px] has-data-writing-block:pointer-events-none has-data-writing-block:-mt-(--shadow-height) has-data-writing-block:pt-(--shadow-height) [&amp;:has([data-writing-block])&gt;*]:pointer-events-auto [content-visibility:auto] supports-[content-visibility:auto]:[contain-intrinsic-size:auto_100lvh] R6Vx5W_threadScrollVars scroll-mb-[calc(var(--scroll-root-safe-area-inset-bottom,0px)+var(--thread-response-height))] scroll-mt-[calc(var(--header-height)+min(200px,max(70px,20svh)))]\" dir=\"auto\" data-turn-id=\"request-69c67431-7e34-8333-9a36-98c4a980f78b-13\" data-testid=\"conversation-turn-380\" data-scroll-anchor=\"false\" data-turn=\"assistant\">\n<div class=\"text-base my-auto mx-auto pb-10 [--thread-content-margin:var(--thread-content-margin-xs,calc(var(--spacing)*4))] @w-sm\/main:[--thread-content-margin:var(--thread-content-margin-sm,calc(var(--spacing)*6))] @w-lg\/main:[--thread-content-margin:var(--thread-content-margin-lg,calc(var(--spacing)*16))] px-(--thread-content-margin)\">\n<div class=\"[--thread-content-max-width:40rem] @w-lg\/main:[--thread-content-max-width:48rem] mx-auto max-w-(--thread-content-max-width) flex-1 group\/turn-messages focus-visible:outline-hidden relative flex w-full min-w-0 flex-col agent-turn\">\n<div class=\"flex max-w-full flex-col gap-4 grow\">\n<div class=\"min-h-8 text-message relative flex w-full flex-col items-end gap-2 text-start break-words whitespace-normal outline-none keyboard-focused:focus-ring [.text-message+&amp;]:mt-1\" dir=\"auto\" tabindex=\"0\" data-message-author-role=\"assistant\" data-message-id=\"5f36cf19-cd1c-43c5-a4ef-7937f5fa82c5\" data-message-model-slug=\"gpt-5-3\" data-turn-start-message=\"true\">\n<div class=\"flex w-full flex-col gap-1 empty:hidden\">\n<div class=\"markdown prose dark:prose-invert w-full wrap-break-word light markdown-new-styling\">\n<p data-start=\"0\" data-end=\"62\">\ud83d\udc96 <strong data-start=\"3\" data-end=\"58\">\u00c4rml\u00f6s volangtopp fr\u00e5n Chica London \u2013 feminin &amp; wow<\/strong> \u2728<\/p>\n<p data-start=\"64\" data-end=\"263\">\ud83c\udf38 Cerise f\u00e4rg som verkligen sticker ut<br data-start=\"103\" data-end=\"106\" \/>\ud83d\udcab Vackra volanger\/kr\u00e5s framtill<br data-start=\"138\" data-end=\"141\" \/>\ud83c\udf80 Knytdetalj som ger en mjuk och elegant look<br data-start=\"187\" data-end=\"190\" \/>\ud83d\udc5a \u00c4rml\u00f6s modell \u2013 perfekt f\u00f6r varma dagar<br data-start=\"232\" data-end=\"235\" \/>\u2728 L\u00e4tt och luftig kvalitet<\/p>\n<p data-start=\"265\" data-end=\"371\">\ud83d\udccf <strong data-start=\"268\" data-end=\"282\">Storlekar:<\/strong><br data-start=\"282\" data-end=\"285\" \/>S\/M \u2013 Omkrets ca 112 cm | L\u00e4ngd ca 63 cm<br data-start=\"325\" data-end=\"328\" \/>L\/XL \u2013 Omkrets ca 122 cm | L\u00e4ngd ca 64 cm<\/p>\n<p data-start=\"373\" data-end=\"394\">\ud83d\udccf Normal i storlek<\/p>\n<p data-start=\"396\" data-end=\"460\">\ud83e\uddf5 Material: 100% polyester<br data-start=\"423\" data-end=\"426\" \/>\ud83e\udee7 Tv\u00e4tt: 30\u00b0C<br data-start=\"440\" data-end=\"443\" \/>\ud83d\udc4c Stretch: Nej<\/p>\n<p data-start=\"462\" data-end=\"546\">\ud83d\udc56 <strong data-start=\"465\" data-end=\"481\">Stylingtips:<\/strong> Matcha med jeans eller kjol f\u00f6r en feminin och festlig look \ud83d\udc95<\/p>\n<p data-start=\"548\" data-end=\"599\" data-is-last-node=\"\" data-is-only-node=\"\">\ud83d\udc96 En topp som garanterat drar blickarna till sig \u2728<\/p>\n<\/div>\n<\/div>\n<\/div>\n<\/div>\n<div class=\"z-0 flex min-h-[46px] justify-start\"><\/div>\n<div class=\"mt-3 w-full empty:hidden\">\n<div class=\"text-center\"><\/div>\n<\/div>\n<\/div>\n<\/div>\n<\/section>\n<div class=\"pointer-events-none -mt-px h-px translate-y-[calc(var(--scroll-root-safe-area-inset-bottom)-14*var(--spacing))]\" aria-hidden=\"true\"><\/div>\n<h1 class=\"alt-font\"><\/h1>\n","protected":false},"featured_media":1030027,"comment_status":"closed","ping_status":"closed","template":"","meta":[],"product_brand":[],"product_cat":[211,217,222],"product_tag":[],"class_list":{"0":"post-1030041","1":"product","2":"type-product","3":"status-publish","4":"has-post-thumbnail","6":"product_cat-blusar","7":"product_cat-produktnyheter","8":"product_cat-toppar-tischor","10":"first","11":"instock","12":"taxable","13":"shipping-taxable","14":"purchasable","15":"product-type-variable"},"yoast_head":"<!-- This site is optimized with the Yoast SEO Premium plugin v27.4 (Yoast SEO v27.4) - https:\/\/yoast.com\/product\/yoast-seo-premium-wordpress\/ -->\n<title>\ud83d\udc96 \u00c4rml\u00f6s volangtopp fr\u00e5n Chica London \u2013 feminin &amp; wow \u2728 - Stil &amp; Design<\/title>\n<meta name=\"robots\" content=\"index, follow, max-snippet:-1, max-image-preview:large, max-video-preview:-1\" \/>\n<link rel=\"canonical\" href=\"https:\/\/stilanddesign.se\/en\/product\/\ud83d\udc96-armlos-volangtopp-fran-chica-london-feminin-wow-\u2728\/\" \/>\n<meta property=\"og:locale\" content=\"en_US\" \/>\n<meta property=\"og:type\" content=\"article\" \/>\n<meta property=\"og:title\" content=\"\ud83d\udc96 \u00c4rml\u00f6s volangtopp fr\u00e5n Chica London \u2013 feminin &amp; wow \u2728\" \/>\n<meta property=\"og:description\" content=\"\ud83d\udc96 \u00c4rml\u00f6s volangtopp fr\u00e5n Chica London \u2013 feminin &amp; wow \u2728 \ud83c\udf38 Cerise f\u00e4rg som verkligen sticker ut\ud83d\udcab Vackra volanger\/kr\u00e5s framtill\ud83c\udf80 Knytdetalj som ger en mjuk och elegant look\ud83d\udc5a \u00c4rml\u00f6s modell \u2013 perfekt f\u00f6r varma dagar\u2728 L\u00e4tt och luftig kvalitet \ud83d\udccf Storlekar:S\/M \u2013 Omkrets ca 112 cm | L\u00e4ngd ca 63 cmL\/XL \u2013 Omkrets ca 122 cm | L\u00e4ngd ca 64 cm \ud83d\udccf Normal i storlek \ud83e\uddf5 Material: 100% polyester\ud83e\udee7 Tv\u00e4tt: 30\u00b0C\ud83d\udc4c Stretch: Nej \ud83d\udc56 Stylingtips: Matcha med jeans eller kjol f\u00f6r en feminin och festlig look \ud83d\udc95 \ud83d\udc96 En topp som garanterat drar blickarna till sig \u2728\" \/>\n<meta property=\"og:url\" content=\"https:\/\/stilanddesign.se\/en\/product\/\ud83d\udc96-armlos-volangtopp-fran-chica-london-feminin-wow-\u2728\/\" \/>\n<meta property=\"og:site_name\" content=\"Stil &amp; Design\" \/>\n<meta property=\"article:modified_time\" content=\"2026-04-24T07:04:04+00:00\" \/>\n<meta property=\"og:image\" content=\"https:\/\/stilanddesign.se\/wp-content\/uploads\/2025\/03\/543211111111111111.jpg\" \/>\n\t<meta property=\"og:image:width\" content=\"402\" \/>\n\t<meta property=\"og:image:height\" content=\"640\" \/>\n\t<meta property=\"og:image:type\" content=\"image\/jpeg\" \/>\n<meta name=\"twitter:card\" content=\"summary_large_image\" \/>\n<meta name=\"twitter:label1\" content=\"Est. reading time\" \/>\n\t<meta name=\"twitter:data1\" content=\"1 minute\" \/>\n<script type=\"application\/ld+json\" class=\"yoast-schema-graph\">{\"@context\":\"https:\\\/\\\/schema.org\",\"@graph\":[{\"@type\":\"WebPage\",\"@id\":\"https:\\\/\\\/stilanddesign.se\\\/produkt\\\/%f0%9f%92%96-armlos-volangtopp-fran-chica-london-feminin-wow-%e2%9c%a8\\\/\",\"url\":\"https:\\\/\\\/stilanddesign.se\\\/produkt\\\/%f0%9f%92%96-armlos-volangtopp-fran-chica-london-feminin-wow-%e2%9c%a8\\\/\",\"name\":\"\ud83d\udc96 \u00c4rml\u00f6s volangtopp fr\u00e5n Chica London \u2013 feminin & wow \u2728 - Stil &amp; Design\",\"isPartOf\":{\"@id\":\"https:\\\/\\\/stilanddesign.se\\\/#website\"},\"primaryImageOfPage\":{\"@id\":\"https:\\\/\\\/stilanddesign.se\\\/produkt\\\/%f0%9f%92%96-armlos-volangtopp-fran-chica-london-feminin-wow-%e2%9c%a8\\\/#primaryimage\"},\"image\":{\"@id\":\"https:\\\/\\\/stilanddesign.se\\\/produkt\\\/%f0%9f%92%96-armlos-volangtopp-fran-chica-london-feminin-wow-%e2%9c%a8\\\/#primaryimage\"},\"thumbnailUrl\":\"https:\\\/\\\/stilanddesign.se\\\/wp-content\\\/uploads\\\/2025\\\/03\\\/543211111111111111.jpg\",\"datePublished\":\"2026-04-23T12:22:26+00:00\",\"dateModified\":\"2026-04-24T07:04:04+00:00\",\"breadcrumb\":{\"@id\":\"https:\\\/\\\/stilanddesign.se\\\/produkt\\\/%f0%9f%92%96-armlos-volangtopp-fran-chica-london-feminin-wow-%e2%9c%a8\\\/#breadcrumb\"},\"inLanguage\":\"en-US\",\"potentialAction\":[{\"@type\":\"ReadAction\",\"target\":[\"https:\\\/\\\/stilanddesign.se\\\/produkt\\\/%f0%9f%92%96-armlos-volangtopp-fran-chica-london-feminin-wow-%e2%9c%a8\\\/\"]}]},{\"@type\":\"ImageObject\",\"inLanguage\":\"en-US\",\"@id\":\"https:\\\/\\\/stilanddesign.se\\\/produkt\\\/%f0%9f%92%96-armlos-volangtopp-fran-chica-london-feminin-wow-%e2%9c%a8\\\/#primaryimage\",\"url\":\"https:\\\/\\\/stilanddesign.se\\\/wp-content\\\/uploads\\\/2025\\\/03\\\/543211111111111111.jpg\",\"contentUrl\":\"https:\\\/\\\/stilanddesign.se\\\/wp-content\\\/uploads\\\/2025\\\/03\\\/543211111111111111.jpg\",\"width\":402,\"height\":640,\"caption\":\"Cerise \u00e4rml\u00f6s volangtopp\"},{\"@type\":\"BreadcrumbList\",\"@id\":\"https:\\\/\\\/stilanddesign.se\\\/produkt\\\/%f0%9f%92%96-armlos-volangtopp-fran-chica-london-feminin-wow-%e2%9c%a8\\\/#breadcrumb\",\"itemListElement\":[{\"@type\":\"ListItem\",\"position\":1,\"name\":\"Hem\",\"item\":\"https:\\\/\\\/stilanddesign.se\\\/\"},{\"@type\":\"ListItem\",\"position\":2,\"name\":\"Butiken\",\"item\":\"https:\\\/\\\/stilanddesign.se\\\/butiken\\\/\"},{\"@type\":\"ListItem\",\"position\":3,\"name\":\"\ud83d\udc96 \u00c4rml\u00f6s volangtopp fr\u00e5n Chica London \u2013 feminin &#038; wow \u2728\"}]},{\"@type\":\"WebSite\",\"@id\":\"https:\\\/\\\/stilanddesign.se\\\/#website\",\"url\":\"https:\\\/\\\/stilanddesign.se\\\/\",\"name\":\"Stil &amp; Design\",\"description\":\"F\u00f6r oss som \u00e4lskar mode!\",\"publisher\":{\"@id\":\"https:\\\/\\\/stilanddesign.se\\\/#organization\"},\"potentialAction\":[{\"@type\":\"SearchAction\",\"target\":{\"@type\":\"EntryPoint\",\"urlTemplate\":\"https:\\\/\\\/stilanddesign.se\\\/?s={search_term_string}\"},\"query-input\":{\"@type\":\"PropertyValueSpecification\",\"valueRequired\":true,\"valueName\":\"search_term_string\"}}],\"inLanguage\":\"en-US\"},{\"@type\":\"Organization\",\"@id\":\"https:\\\/\\\/stilanddesign.se\\\/#organization\",\"name\":\"Stil &amp; Design\",\"url\":\"https:\\\/\\\/stilanddesign.se\\\/\",\"logo\":{\"@type\":\"ImageObject\",\"inLanguage\":\"en-US\",\"@id\":\"https:\\\/\\\/stilanddesign.se\\\/#\\\/schema\\\/logo\\\/image\\\/\",\"url\":\"https:\\\/\\\/stilanddesign.se\\\/wp-content\\\/uploads\\\/2023\\\/12\\\/output-onlinepngtools-e1727784413220.png\",\"contentUrl\":\"https:\\\/\\\/stilanddesign.se\\\/wp-content\\\/uploads\\\/2023\\\/12\\\/output-onlinepngtools-e1727784413220.png\",\"width\":519,\"height\":135,\"caption\":\"Stil &amp; Design\"},\"image\":{\"@id\":\"https:\\\/\\\/stilanddesign.se\\\/#\\\/schema\\\/logo\\\/image\\\/\"}}]}<\/script>\n<!-- \/ Yoast SEO Premium plugin. -->","yoast_head_json":{"title":"\ud83d\udc96 \u00c4rml\u00f6s volangtopp fr\u00e5n Chica London \u2013 feminin & wow \u2728 - Stil &amp; Design","robots":{"index":"index","follow":"follow","max-snippet":"max-snippet:-1","max-image-preview":"max-image-preview:large","max-video-preview":"max-video-preview:-1"},"canonical":"https:\/\/stilanddesign.se\/en\/product\/\ud83d\udc96-armlos-volangtopp-fran-chica-london-feminin-wow-\u2728\/","og_locale":"en_US","og_type":"article","og_title":"\ud83d\udc96 \u00c4rml\u00f6s volangtopp fr\u00e5n Chica London \u2013 feminin & wow \u2728","og_description":"\ud83d\udc96 \u00c4rml\u00f6s volangtopp fr\u00e5n Chica London \u2013 feminin &amp; wow \u2728 \ud83c\udf38 Cerise f\u00e4rg som verkligen sticker ut\ud83d\udcab Vackra volanger\/kr\u00e5s framtill\ud83c\udf80 Knytdetalj som ger en mjuk och elegant look\ud83d\udc5a \u00c4rml\u00f6s modell \u2013 perfekt f\u00f6r varma dagar\u2728 L\u00e4tt och luftig kvalitet \ud83d\udccf Storlekar:S\/M \u2013 Omkrets ca 112 cm | L\u00e4ngd ca 63 cmL\/XL \u2013 Omkrets ca 122 cm | L\u00e4ngd ca 64 cm \ud83d\udccf Normal i storlek \ud83e\uddf5 Material: 100% polyester\ud83e\udee7 Tv\u00e4tt: 30\u00b0C\ud83d\udc4c Stretch: Nej \ud83d\udc56 Stylingtips: Matcha med jeans eller kjol f\u00f6r en feminin och festlig look \ud83d\udc95 \ud83d\udc96 En topp som garanterat drar blickarna till sig \u2728","og_url":"https:\/\/stilanddesign.se\/en\/product\/\ud83d\udc96-armlos-volangtopp-fran-chica-london-feminin-wow-\u2728\/","og_site_name":"Stil &amp; Design","article_modified_time":"2026-04-24T07:04:04+00:00","og_image":[{"width":402,"height":640,"url":"https:\/\/stilanddesign.se\/wp-content\/uploads\/2025\/03\/543211111111111111.jpg","type":"image\/jpeg"}],"twitter_card":"summary_large_image","twitter_misc":{"Est. reading time":"1 minute"},"schema":{"@context":"https:\/\/schema.org","@graph":[{"@type":"WebPage","@id":"https:\/\/stilanddesign.se\/produkt\/%f0%9f%92%96-armlos-volangtopp-fran-chica-london-feminin-wow-%e2%9c%a8\/","url":"https:\/\/stilanddesign.se\/produkt\/%f0%9f%92%96-armlos-volangtopp-fran-chica-london-feminin-wow-%e2%9c%a8\/","name":"\ud83d\udc96 \u00c4rml\u00f6s volangtopp fr\u00e5n Chica London \u2013 feminin & wow \u2728 - Stil &amp; Design","isPartOf":{"@id":"https:\/\/stilanddesign.se\/#website"},"primaryImageOfPage":{"@id":"https:\/\/stilanddesign.se\/produkt\/%f0%9f%92%96-armlos-volangtopp-fran-chica-london-feminin-wow-%e2%9c%a8\/#primaryimage"},"image":{"@id":"https:\/\/stilanddesign.se\/produkt\/%f0%9f%92%96-armlos-volangtopp-fran-chica-london-feminin-wow-%e2%9c%a8\/#primaryimage"},"thumbnailUrl":"https:\/\/stilanddesign.se\/wp-content\/uploads\/2025\/03\/543211111111111111.jpg","datePublished":"2026-04-23T12:22:26+00:00","dateModified":"2026-04-24T07:04:04+00:00","breadcrumb":{"@id":"https:\/\/stilanddesign.se\/produkt\/%f0%9f%92%96-armlos-volangtopp-fran-chica-london-feminin-wow-%e2%9c%a8\/#breadcrumb"},"inLanguage":"en-US","potentialAction":[{"@type":"ReadAction","target":["https:\/\/stilanddesign.se\/produkt\/%f0%9f%92%96-armlos-volangtopp-fran-chica-london-feminin-wow-%e2%9c%a8\/"]}]},{"@type":"ImageObject","inLanguage":"en-US","@id":"https:\/\/stilanddesign.se\/produkt\/%f0%9f%92%96-armlos-volangtopp-fran-chica-london-feminin-wow-%e2%9c%a8\/#primaryimage","url":"https:\/\/stilanddesign.se\/wp-content\/uploads\/2025\/03\/543211111111111111.jpg","contentUrl":"https:\/\/stilanddesign.se\/wp-content\/uploads\/2025\/03\/543211111111111111.jpg","width":402,"height":640,"caption":"Cerise \u00e4rml\u00f6s volangtopp"},{"@type":"BreadcrumbList","@id":"https:\/\/stilanddesign.se\/produkt\/%f0%9f%92%96-armlos-volangtopp-fran-chica-london-feminin-wow-%e2%9c%a8\/#breadcrumb","itemListElement":[{"@type":"ListItem","position":1,"name":"Hem","item":"https:\/\/stilanddesign.se\/"},{"@type":"ListItem","position":2,"name":"Butiken","item":"https:\/\/stilanddesign.se\/butiken\/"},{"@type":"ListItem","position":3,"name":"\ud83d\udc96 \u00c4rml\u00f6s volangtopp fr\u00e5n Chica London \u2013 feminin &#038; wow \u2728"}]},{"@type":"WebSite","@id":"https:\/\/stilanddesign.se\/#website","url":"https:\/\/stilanddesign.se\/","name":"Style &amp; Design","description":"For those of us who love fashion!","publisher":{"@id":"https:\/\/stilanddesign.se\/#organization"},"potentialAction":[{"@type":"SearchAction","target":{"@type":"EntryPoint","urlTemplate":"https:\/\/stilanddesign.se\/?s={search_term_string}"},"query-input":{"@type":"PropertyValueSpecification","valueRequired":true,"valueName":"search_term_string"}}],"inLanguage":"en-US"},{"@type":"Organization","@id":"https:\/\/stilanddesign.se\/#organization","name":"Style &amp; Design","url":"https:\/\/stilanddesign.se\/","logo":{"@type":"ImageObject","inLanguage":"en-US","@id":"https:\/\/stilanddesign.se\/#\/schema\/logo\/image\/","url":"https:\/\/stilanddesign.se\/wp-content\/uploads\/2023\/12\/output-onlinepngtools-e1727784413220.png","contentUrl":"https:\/\/stilanddesign.se\/wp-content\/uploads\/2023\/12\/output-onlinepngtools-e1727784413220.png","width":519,"height":135,"caption":"Stil &amp; Design"},"image":{"@id":"https:\/\/stilanddesign.se\/#\/schema\/logo\/image\/"}}]}},"_links":{"self":[{"href":"https:\/\/stilanddesign.se\/en\/wp-json\/wp\/v2\/product\/1030041","targetHints":{"allow":["GET"]}}],"collection":[{"href":"https:\/\/stilanddesign.se\/en\/wp-json\/wp\/v2\/product"}],"about":[{"href":"https:\/\/stilanddesign.se\/en\/wp-json\/wp\/v2\/types\/product"}],"replies":[{"embeddable":true,"href":"https:\/\/stilanddesign.se\/en\/wp-json\/wp\/v2\/comments?post=1030041"}],"wp:featuredmedia":[{"embeddable":true,"href":"https:\/\/stilanddesign.se\/en\/wp-json\/wp\/v2\/media\/1030027"}],"wp:attachment":[{"href":"https:\/\/stilanddesign.se\/en\/wp-json\/wp\/v2\/media?parent=1030041"}],"wp:term":[{"taxonomy":"product_brand","embeddable":true,"href":"https:\/\/stilanddesign.se\/en\/wp-json\/wp\/v2\/product_brand?post=1030041"},{"taxonomy":"product_cat","embeddable":true,"href":"https:\/\/stilanddesign.se\/en\/wp-json\/wp\/v2\/product_cat?post=1030041"},{"taxonomy":"product_tag","embeddable":true,"href":"https:\/\/stilanddesign.se\/en\/wp-json\/wp\/v2\/product_tag?post=1030041"}],"curies":[{"name":"wp","href":"https:\/\/api.w.org\/{rel}","templated":true}]}}