{"id":1030036,"date":"2026-04-23T14:18:21","date_gmt":"2026-04-23T12:18:21","guid":{"rendered":"https:\/\/stilanddesign.se\/?post_type=product&#038;p=1030036"},"modified":"2026-04-24T09:08:04","modified_gmt":"2026-04-24T07:08:04","slug":"%f0%9f%92%9a-armlos-volangtopp-fran-chica-london-mjuk-trendig-%e2%9c%a8","status":"publish","type":"product","link":"https:\/\/stilanddesign.se\/en\/product\/%f0%9f%92%9a-armlos-volangtopp-fran-chica-london-mjuk-trendig-%e2%9c%a8\/","title":{"rendered":"\ud83d\udc9a Sleeveless ruffle top from Chica London \u2013 soft &amp; trendy \u2728"},"content":{"rendered":"<p data-start=\"0\" data-end=\"63\">\ud83d\udc9a <strong data-start=\"3\" data-end=\"59\">Sleeveless ruffle top from Chica London \u2013 soft &amp; trendy<\/strong> \u2728<\/p>\n<p data-start=\"65\" data-end=\"257\">\ud83c\udf3f Misty green shade that feels calm and elegant<br data-start=\"108\" data-end=\"111\" \/>\ud83d\udcab Beautiful ruffles\/frills at the front<br data-start=\"143\" data-end=\"146\" \/>\ud83c\udf80 Tie detail that gives a nice fit<br data-start=\"181\" data-end=\"184\" \/>\ud83d\udc5a Sleeveless model \u2013 perfect for warm days<br data-start=\"226\" data-end=\"229\" \/>\u2728 Light and airy quality<\/p>\n<p data-start=\"259\" data-end=\"365\">\ud83d\udccf <strong data-start=\"262\" data-end=\"276\">Sizes:<\/strong><br data-start=\"276\" data-end=\"279\" \/>S\/M \u2013 Circumference approx. 112 cm | Length approx. 63 cm<br data-start=\"319\" data-end=\"322\" \/>L\/XL \u2013 Circumference approx. 122 cm | Length approx. 64 cm<\/p>\n<p data-start=\"367\" data-end=\"388\">\ud83d\udccf Normal in size<\/p>\n<p data-start=\"390\" data-end=\"454\">\ud83e\uddf5 Material: 100% polyester<br data-start=\"417\" data-end=\"420\" \/>\ud83e\udee7 Washing: 30\u00b0C<br data-start=\"434\" data-end=\"437\" \/>\ud83d\udc4c Stretch: No<\/p>\n<p data-start=\"456\" data-end=\"552\">\ud83d\udc56 <strong data-start=\"459\" data-end=\"475\">Styling tips:<\/strong> Match with jeans, skirt or linen pants for a casual but chic look \ud83d\udc95<\/p>\n<h1 class=\"alt-font\"><\/h1>","protected":false},"excerpt":{"rendered":"<p data-start=\"0\" data-end=\"63\">\ud83d\udc9a <strong data-start=\"3\" data-end=\"59\">Sleeveless ruffle top from Chica London \u2013 soft &amp; trendy<\/strong> \u2728<\/p>\n<p data-start=\"65\" data-end=\"257\">\ud83c\udf3f Misty green shade that feels calm and elegant<br data-start=\"108\" data-end=\"111\" \/>\ud83d\udcab Beautiful ruffles\/frills at the front<br data-start=\"143\" data-end=\"146\" \/>\ud83c\udf80 Tie detail that gives a nice fit<br data-start=\"181\" data-end=\"184\" \/>\ud83d\udc5a Sleeveless model \u2013 perfect for warm days<br data-start=\"226\" data-end=\"229\" \/>\u2728 Light and airy quality<\/p>\n<p data-start=\"259\" data-end=\"365\">\ud83d\udccf <strong data-start=\"262\" data-end=\"276\">Sizes:<\/strong><br data-start=\"276\" data-end=\"279\" \/>S\/M \u2013 Circumference approx. 112 cm | Length approx. 63 cm<br data-start=\"319\" data-end=\"322\" \/>L\/XL \u2013 Circumference approx. 122 cm | Length approx. 64 cm<\/p>\n<p data-start=\"367\" data-end=\"388\">\ud83d\udccf Normal in size<\/p>\n<p data-start=\"390\" data-end=\"454\">\ud83e\uddf5 Material: 100% polyester<br data-start=\"417\" data-end=\"420\" \/>\ud83e\udee7 Washing: 30\u00b0C<br data-start=\"434\" data-end=\"437\" \/>\ud83d\udc4c Stretch: No<\/p>\n<p data-start=\"456\" data-end=\"552\">\ud83d\udc56 <strong data-start=\"459\" data-end=\"475\">Styling tips:<\/strong> Match with jeans, skirt or linen pants for a casual but chic look \ud83d\udc95<\/p>\n<h1 class=\"alt-font\"><\/h1>","protected":false},"featured_media":1030026,"comment_status":"closed","ping_status":"closed","template":"","meta":[],"product_brand":[],"product_cat":[211,205,217,222],"product_tag":[],"class_list":{"0":"post-1030036","1":"product","2":"type-product","3":"status-publish","4":"has-post-thumbnail","6":"product_cat-blusar","7":"product_cat-linne","8":"product_cat-produktnyheter","9":"product_cat-toppar-tischor","11":"first","12":"instock","13":"taxable","14":"shipping-taxable","15":"purchasable","16":"product-type-variable"},"yoast_head":"<!-- This site is optimized with the Yoast SEO Premium plugin v27.4 (Yoast SEO v27.4) - https:\/\/yoast.com\/product\/yoast-seo-premium-wordpress\/ -->\n<title>\ud83d\udc9a \u00c4rml\u00f6s volangtopp fr\u00e5n Chica London \u2013 mjuk &amp; trendig \u2728 - Stil &amp; Design<\/title>\n<meta name=\"robots\" content=\"index, follow, max-snippet:-1, max-image-preview:large, max-video-preview:-1\" \/>\n<link rel=\"canonical\" href=\"https:\/\/stilanddesign.se\/en\/product\/\ud83d\udc9a-armlos-volangtopp-fran-chica-london-mjuk-trendig-\u2728\/\" \/>\n<meta property=\"og:locale\" content=\"en_US\" \/>\n<meta property=\"og:type\" content=\"article\" \/>\n<meta property=\"og:title\" content=\"\ud83d\udc9a \u00c4rml\u00f6s volangtopp fr\u00e5n Chica London \u2013 mjuk &amp; trendig \u2728\" \/>\n<meta property=\"og:description\" content=\"\ud83d\udc9a \u00c4rml\u00f6s volangtopp fr\u00e5n Chica London \u2013 mjuk &amp; trendig \u2728 \ud83c\udf3f Dimgr\u00f6n nyans som k\u00e4nns lugn och elegant\ud83d\udcab Vackra volanger\/kr\u00e5s framtill\ud83c\udf80 Knytdetalj som ger ett fint fall\ud83d\udc5a \u00c4rml\u00f6s modell \u2013 perfekt f\u00f6r varma dagar\u2728 L\u00e4tt och luftig kvalitet \ud83d\udccf Storlekar:S\/M \u2013 Omkrets ca 112 cm | L\u00e4ngd ca 63 cmL\/XL \u2013 Omkrets ca 122 cm | L\u00e4ngd ca 64 cm \ud83d\udccf Normal i storlek \ud83e\uddf5 Material: 100% polyester\ud83e\udee7 Tv\u00e4tt: 30\u00b0C\ud83d\udc4c Stretch: Nej \ud83d\udc56 Stylingtips: Matcha med jeans, kjol eller linnebyxor f\u00f6r en avslappnad men chic look \ud83d\udc95\" \/>\n<meta property=\"og:url\" content=\"https:\/\/stilanddesign.se\/en\/product\/\ud83d\udc9a-armlos-volangtopp-fran-chica-london-mjuk-trendig-\u2728\/\" \/>\n<meta property=\"og:site_name\" content=\"Stil &amp; Design\" \/>\n<meta property=\"article:modified_time\" content=\"2026-04-24T07:08:04+00:00\" \/>\n<meta property=\"og:image\" content=\"https:\/\/stilanddesign.se\/wp-content\/uploads\/2025\/03\/6543222222222222-1.jpg\" \/>\n\t<meta property=\"og:image:width\" content=\"402\" \/>\n\t<meta property=\"og:image:height\" content=\"640\" \/>\n\t<meta property=\"og:image:type\" content=\"image\/jpeg\" \/>\n<meta name=\"twitter:card\" content=\"summary_large_image\" \/>\n<meta name=\"twitter:label1\" content=\"Est. reading time\" \/>\n\t<meta name=\"twitter:data1\" content=\"1 minute\" \/>\n<script type=\"application\/ld+json\" class=\"yoast-schema-graph\">{\"@context\":\"https:\\\/\\\/schema.org\",\"@graph\":[{\"@type\":\"WebPage\",\"@id\":\"https:\\\/\\\/stilanddesign.se\\\/produkt\\\/%f0%9f%92%9a-armlos-volangtopp-fran-chica-london-mjuk-trendig-%e2%9c%a8\\\/\",\"url\":\"https:\\\/\\\/stilanddesign.se\\\/produkt\\\/%f0%9f%92%9a-armlos-volangtopp-fran-chica-london-mjuk-trendig-%e2%9c%a8\\\/\",\"name\":\"\ud83d\udc9a \u00c4rml\u00f6s volangtopp fr\u00e5n Chica London \u2013 mjuk & trendig \u2728 - Stil &amp; Design\",\"isPartOf\":{\"@id\":\"https:\\\/\\\/stilanddesign.se\\\/#website\"},\"primaryImageOfPage\":{\"@id\":\"https:\\\/\\\/stilanddesign.se\\\/produkt\\\/%f0%9f%92%9a-armlos-volangtopp-fran-chica-london-mjuk-trendig-%e2%9c%a8\\\/#primaryimage\"},\"image\":{\"@id\":\"https:\\\/\\\/stilanddesign.se\\\/produkt\\\/%f0%9f%92%9a-armlos-volangtopp-fran-chica-london-mjuk-trendig-%e2%9c%a8\\\/#primaryimage\"},\"thumbnailUrl\":\"https:\\\/\\\/stilanddesign.se\\\/wp-content\\\/uploads\\\/2025\\\/03\\\/6543222222222222-1.jpg\",\"datePublished\":\"2026-04-23T12:18:21+00:00\",\"dateModified\":\"2026-04-24T07:08:04+00:00\",\"breadcrumb\":{\"@id\":\"https:\\\/\\\/stilanddesign.se\\\/produkt\\\/%f0%9f%92%9a-armlos-volangtopp-fran-chica-london-mjuk-trendig-%e2%9c%a8\\\/#breadcrumb\"},\"inLanguage\":\"en-US\",\"potentialAction\":[{\"@type\":\"ReadAction\",\"target\":[\"https:\\\/\\\/stilanddesign.se\\\/produkt\\\/%f0%9f%92%9a-armlos-volangtopp-fran-chica-london-mjuk-trendig-%e2%9c%a8\\\/\"]}]},{\"@type\":\"ImageObject\",\"inLanguage\":\"en-US\",\"@id\":\"https:\\\/\\\/stilanddesign.se\\\/produkt\\\/%f0%9f%92%9a-armlos-volangtopp-fran-chica-london-mjuk-trendig-%e2%9c%a8\\\/#primaryimage\",\"url\":\"https:\\\/\\\/stilanddesign.se\\\/wp-content\\\/uploads\\\/2025\\\/03\\\/6543222222222222-1.jpg\",\"contentUrl\":\"https:\\\/\\\/stilanddesign.se\\\/wp-content\\\/uploads\\\/2025\\\/03\\\/6543222222222222-1.jpg\",\"width\":402,\"height\":640,\"caption\":\"Dimgr\u00f6n \u00e4rml\u00f6s topp\"},{\"@type\":\"BreadcrumbList\",\"@id\":\"https:\\\/\\\/stilanddesign.se\\\/produkt\\\/%f0%9f%92%9a-armlos-volangtopp-fran-chica-london-mjuk-trendig-%e2%9c%a8\\\/#breadcrumb\",\"itemListElement\":[{\"@type\":\"ListItem\",\"position\":1,\"name\":\"Hem\",\"item\":\"https:\\\/\\\/stilanddesign.se\\\/\"},{\"@type\":\"ListItem\",\"position\":2,\"name\":\"Butiken\",\"item\":\"https:\\\/\\\/stilanddesign.se\\\/butiken\\\/\"},{\"@type\":\"ListItem\",\"position\":3,\"name\":\"\ud83d\udc9a \u00c4rml\u00f6s volangtopp fr\u00e5n Chica London \u2013 mjuk &#038; trendig \u2728\"}]},{\"@type\":\"WebSite\",\"@id\":\"https:\\\/\\\/stilanddesign.se\\\/#website\",\"url\":\"https:\\\/\\\/stilanddesign.se\\\/\",\"name\":\"Stil &amp; Design\",\"description\":\"F\u00f6r oss som \u00e4lskar mode!\",\"publisher\":{\"@id\":\"https:\\\/\\\/stilanddesign.se\\\/#organization\"},\"potentialAction\":[{\"@type\":\"SearchAction\",\"target\":{\"@type\":\"EntryPoint\",\"urlTemplate\":\"https:\\\/\\\/stilanddesign.se\\\/?s={search_term_string}\"},\"query-input\":{\"@type\":\"PropertyValueSpecification\",\"valueRequired\":true,\"valueName\":\"search_term_string\"}}],\"inLanguage\":\"en-US\"},{\"@type\":\"Organization\",\"@id\":\"https:\\\/\\\/stilanddesign.se\\\/#organization\",\"name\":\"Stil &amp; Design\",\"url\":\"https:\\\/\\\/stilanddesign.se\\\/\",\"logo\":{\"@type\":\"ImageObject\",\"inLanguage\":\"en-US\",\"@id\":\"https:\\\/\\\/stilanddesign.se\\\/#\\\/schema\\\/logo\\\/image\\\/\",\"url\":\"https:\\\/\\\/stilanddesign.se\\\/wp-content\\\/uploads\\\/2023\\\/12\\\/output-onlinepngtools-e1727784413220.png\",\"contentUrl\":\"https:\\\/\\\/stilanddesign.se\\\/wp-content\\\/uploads\\\/2023\\\/12\\\/output-onlinepngtools-e1727784413220.png\",\"width\":519,\"height\":135,\"caption\":\"Stil &amp; Design\"},\"image\":{\"@id\":\"https:\\\/\\\/stilanddesign.se\\\/#\\\/schema\\\/logo\\\/image\\\/\"}}]}<\/script>\n<!-- \/ Yoast SEO Premium plugin. -->","yoast_head_json":{"title":"\ud83d\udc9a \u00c4rml\u00f6s volangtopp fr\u00e5n Chica London \u2013 mjuk & trendig \u2728 - Stil &amp; Design","robots":{"index":"index","follow":"follow","max-snippet":"max-snippet:-1","max-image-preview":"max-image-preview:large","max-video-preview":"max-video-preview:-1"},"canonical":"https:\/\/stilanddesign.se\/en\/product\/\ud83d\udc9a-armlos-volangtopp-fran-chica-london-mjuk-trendig-\u2728\/","og_locale":"en_US","og_type":"article","og_title":"\ud83d\udc9a \u00c4rml\u00f6s volangtopp fr\u00e5n Chica London \u2013 mjuk & trendig \u2728","og_description":"\ud83d\udc9a \u00c4rml\u00f6s volangtopp fr\u00e5n Chica London \u2013 mjuk &amp; trendig \u2728 \ud83c\udf3f Dimgr\u00f6n nyans som k\u00e4nns lugn och elegant\ud83d\udcab Vackra volanger\/kr\u00e5s framtill\ud83c\udf80 Knytdetalj som ger ett fint fall\ud83d\udc5a \u00c4rml\u00f6s modell \u2013 perfekt f\u00f6r varma dagar\u2728 L\u00e4tt och luftig kvalitet \ud83d\udccf Storlekar:S\/M \u2013 Omkrets ca 112 cm | L\u00e4ngd ca 63 cmL\/XL \u2013 Omkrets ca 122 cm | L\u00e4ngd ca 64 cm \ud83d\udccf Normal i storlek \ud83e\uddf5 Material: 100% polyester\ud83e\udee7 Tv\u00e4tt: 30\u00b0C\ud83d\udc4c Stretch: Nej \ud83d\udc56 Stylingtips: Matcha med jeans, kjol eller linnebyxor f\u00f6r en avslappnad men chic look \ud83d\udc95","og_url":"https:\/\/stilanddesign.se\/en\/product\/\ud83d\udc9a-armlos-volangtopp-fran-chica-london-mjuk-trendig-\u2728\/","og_site_name":"Stil &amp; Design","article_modified_time":"2026-04-24T07:08:04+00:00","og_image":[{"width":402,"height":640,"url":"https:\/\/stilanddesign.se\/wp-content\/uploads\/2025\/03\/6543222222222222-1.jpg","type":"image\/jpeg"}],"twitter_card":"summary_large_image","twitter_misc":{"Est. reading time":"1 minute"},"schema":{"@context":"https:\/\/schema.org","@graph":[{"@type":"WebPage","@id":"https:\/\/stilanddesign.se\/produkt\/%f0%9f%92%9a-armlos-volangtopp-fran-chica-london-mjuk-trendig-%e2%9c%a8\/","url":"https:\/\/stilanddesign.se\/produkt\/%f0%9f%92%9a-armlos-volangtopp-fran-chica-london-mjuk-trendig-%e2%9c%a8\/","name":"\ud83d\udc9a \u00c4rml\u00f6s volangtopp fr\u00e5n Chica London \u2013 mjuk & trendig \u2728 - Stil &amp; Design","isPartOf":{"@id":"https:\/\/stilanddesign.se\/#website"},"primaryImageOfPage":{"@id":"https:\/\/stilanddesign.se\/produkt\/%f0%9f%92%9a-armlos-volangtopp-fran-chica-london-mjuk-trendig-%e2%9c%a8\/#primaryimage"},"image":{"@id":"https:\/\/stilanddesign.se\/produkt\/%f0%9f%92%9a-armlos-volangtopp-fran-chica-london-mjuk-trendig-%e2%9c%a8\/#primaryimage"},"thumbnailUrl":"https:\/\/stilanddesign.se\/wp-content\/uploads\/2025\/03\/6543222222222222-1.jpg","datePublished":"2026-04-23T12:18:21+00:00","dateModified":"2026-04-24T07:08:04+00:00","breadcrumb":{"@id":"https:\/\/stilanddesign.se\/produkt\/%f0%9f%92%9a-armlos-volangtopp-fran-chica-london-mjuk-trendig-%e2%9c%a8\/#breadcrumb"},"inLanguage":"en-US","potentialAction":[{"@type":"ReadAction","target":["https:\/\/stilanddesign.se\/produkt\/%f0%9f%92%9a-armlos-volangtopp-fran-chica-london-mjuk-trendig-%e2%9c%a8\/"]}]},{"@type":"ImageObject","inLanguage":"en-US","@id":"https:\/\/stilanddesign.se\/produkt\/%f0%9f%92%9a-armlos-volangtopp-fran-chica-london-mjuk-trendig-%e2%9c%a8\/#primaryimage","url":"https:\/\/stilanddesign.se\/wp-content\/uploads\/2025\/03\/6543222222222222-1.jpg","contentUrl":"https:\/\/stilanddesign.se\/wp-content\/uploads\/2025\/03\/6543222222222222-1.jpg","width":402,"height":640,"caption":"Dimgr\u00f6n \u00e4rml\u00f6s topp"},{"@type":"BreadcrumbList","@id":"https:\/\/stilanddesign.se\/produkt\/%f0%9f%92%9a-armlos-volangtopp-fran-chica-london-mjuk-trendig-%e2%9c%a8\/#breadcrumb","itemListElement":[{"@type":"ListItem","position":1,"name":"Hem","item":"https:\/\/stilanddesign.se\/"},{"@type":"ListItem","position":2,"name":"Butiken","item":"https:\/\/stilanddesign.se\/butiken\/"},{"@type":"ListItem","position":3,"name":"\ud83d\udc9a \u00c4rml\u00f6s volangtopp fr\u00e5n Chica London \u2013 mjuk &#038; trendig \u2728"}]},{"@type":"WebSite","@id":"https:\/\/stilanddesign.se\/#website","url":"https:\/\/stilanddesign.se\/","name":"Style &amp; Design","description":"For those of us who love fashion!","publisher":{"@id":"https:\/\/stilanddesign.se\/#organization"},"potentialAction":[{"@type":"SearchAction","target":{"@type":"EntryPoint","urlTemplate":"https:\/\/stilanddesign.se\/?s={search_term_string}"},"query-input":{"@type":"PropertyValueSpecification","valueRequired":true,"valueName":"search_term_string"}}],"inLanguage":"en-US"},{"@type":"Organization","@id":"https:\/\/stilanddesign.se\/#organization","name":"Style &amp; Design","url":"https:\/\/stilanddesign.se\/","logo":{"@type":"ImageObject","inLanguage":"en-US","@id":"https:\/\/stilanddesign.se\/#\/schema\/logo\/image\/","url":"https:\/\/stilanddesign.se\/wp-content\/uploads\/2023\/12\/output-onlinepngtools-e1727784413220.png","contentUrl":"https:\/\/stilanddesign.se\/wp-content\/uploads\/2023\/12\/output-onlinepngtools-e1727784413220.png","width":519,"height":135,"caption":"Stil &amp; Design"},"image":{"@id":"https:\/\/stilanddesign.se\/#\/schema\/logo\/image\/"}}]}},"_links":{"self":[{"href":"https:\/\/stilanddesign.se\/en\/wp-json\/wp\/v2\/product\/1030036","targetHints":{"allow":["GET"]}}],"collection":[{"href":"https:\/\/stilanddesign.se\/en\/wp-json\/wp\/v2\/product"}],"about":[{"href":"https:\/\/stilanddesign.se\/en\/wp-json\/wp\/v2\/types\/product"}],"replies":[{"embeddable":true,"href":"https:\/\/stilanddesign.se\/en\/wp-json\/wp\/v2\/comments?post=1030036"}],"wp:featuredmedia":[{"embeddable":true,"href":"https:\/\/stilanddesign.se\/en\/wp-json\/wp\/v2\/media\/1030026"}],"wp:attachment":[{"href":"https:\/\/stilanddesign.se\/en\/wp-json\/wp\/v2\/media?parent=1030036"}],"wp:term":[{"taxonomy":"product_brand","embeddable":true,"href":"https:\/\/stilanddesign.se\/en\/wp-json\/wp\/v2\/product_brand?post=1030036"},{"taxonomy":"product_cat","embeddable":true,"href":"https:\/\/stilanddesign.se\/en\/wp-json\/wp\/v2\/product_cat?post=1030036"},{"taxonomy":"product_tag","embeddable":true,"href":"https:\/\/stilanddesign.se\/en\/wp-json\/wp\/v2\/product_tag?post=1030036"}],"curies":[{"name":"wp","href":"https:\/\/api.w.org\/{rel}","templated":true}]}}