{"id":1030028,"date":"2026-03-05T14:34:22","date_gmt":"2026-03-05T13:34:22","guid":{"rendered":"https:\/\/stilanddesign.se\/?post_type=product&#038;p=1030028"},"modified":"2026-04-08T14:19:57","modified_gmt":"2026-04-08T12:19:57","slug":"harlig-armlos-volangtopp-fr-chicca-london","status":"publish","type":"product","link":"https:\/\/stilanddesign.se\/en\/product\/harlig-armlos-volangtopp-fr-chicca-london\/","title":{"rendered":"Lovely sleeveless ruffle top from Chicca London"},"content":{"rendered":"<h1 class=\"alt-font\"><strong>Lovely sleeveless ruffle top from Chica London!<\/strong><\/h1>\n<p>Gorgeous tie-dye top with ruffles\/fluff at the front!<\/p>\n<p><strong>Dimensions of the sizes:<\/strong><\/p>\n<p><strong>S\/M<\/strong><\/p>\n<p>Armpit to armpit circumference: approx. 112 cm.<\/p>\n<p>Length, shoulder to bottom front: approx. 63 cm<\/p>\n<p><strong>L\/XL<\/strong><\/p>\n<p>Armpit to armpit circumference: approx. 122 cm.<\/p>\n<p>Length, shoulder to bottom front: approx. 64 cm<\/p>\n<p>S\/M &amp; L\/XL, normal size.<\/p>\n<table class=\"t1054qxn\">\n<tbody>\n<tr>\n<th>Paint<\/th>\n<td>Coral<\/td>\n<\/tr>\n<tr>\n<th>Washing instructions<\/th>\n<td>30 degrees<\/td>\n<\/tr>\n<tr>\n<th>Stretchy<\/th>\n<td>\n<div>No<\/div>\n<\/td>\n<\/tr>\n<tr>\n<th>Material<\/th>\n<td>100% Polyester<\/td>\n<\/tr>\n<tr>\n<th>Size<\/th>\n<td>S\/M &amp; L\/XL, normal in size<\/td>\n<\/tr>\n<\/tbody>\n<\/table>","protected":false},"excerpt":{"rendered":"<h1 class=\"alt-font\"><strong>Lovely sleeveless ruffle top from Chica London!<\/strong><\/h1>\n<p>Gorgeous tie-dye top with ruffles\/fluff at the front!<\/p>\n<p><strong>Dimensions of the sizes:<\/strong><\/p>\n<p><strong>S\/M<\/strong><\/p>\n<p>Armpit to armpit circumference: approx. 112 cm.<\/p>\n<p>Length, shoulder to bottom front: approx. 63 cm<\/p>\n<p><strong>L\/XL<\/strong><\/p>\n<p>Armpit to armpit circumference: approx. 122 cm.<\/p>\n<p>Length, shoulder to bottom front: approx. 64 cm<\/p>\n<p>S\/M &amp; L\/XL, normal size.<\/p>\n<table class=\"t1054qxn\">\n<tbody>\n<tr>\n<th>Paint<\/th>\n<td>Coral<\/td>\n<\/tr>\n<tr>\n<th>Washing instructions<\/th>\n<td>30 degrees<\/td>\n<\/tr>\n<tr>\n<th>Stretchy<\/th>\n<td>\n<div>No<\/div>\n<\/td>\n<\/tr>\n<tr>\n<th>Material<\/th>\n<td>100% Polyester<\/td>\n<\/tr>\n<tr>\n<th>Size<\/th>\n<td>S\/M &amp; L\/XL, normal in size<\/td>\n<\/tr>\n<\/tbody>\n<\/table>","protected":false},"featured_media":1030025,"comment_status":"closed","ping_status":"closed","template":"","meta":[],"product_brand":[],"product_cat":[205,222],"product_tag":[],"class_list":{"0":"post-1030028","1":"product","2":"type-product","3":"status-publish","4":"has-post-thumbnail","6":"product_cat-linne","7":"product_cat-toppar-tischor","9":"first","10":"instock","11":"taxable","12":"shipping-taxable","13":"purchasable","14":"product-type-variable"},"yoast_head":"<!-- This site is optimized with the Yoast SEO Premium plugin v27.1 (Yoast SEO v27.4) - https:\/\/yoast.com\/product\/yoast-seo-premium-wordpress\/ -->\n<title>H\u00e4rlig \u00e4rml\u00f6s volangtopp fr.Chicca London - Stil &amp; Design<\/title>\n<meta name=\"robots\" content=\"index, follow, max-snippet:-1, max-image-preview:large, max-video-preview:-1\" \/>\n<link rel=\"canonical\" href=\"https:\/\/stilanddesign.se\/en\/product\/harlig-armlos-volangtopp-fr-chicca-london\/\" \/>\n<meta property=\"og:locale\" content=\"en_US\" \/>\n<meta property=\"og:type\" content=\"article\" \/>\n<meta property=\"og:title\" content=\"H\u00e4rlig \u00e4rml\u00f6s volangtopp fr.Chicca London\" \/>\n<meta property=\"og:description\" content=\"H\u00e4rlig \u00e4rml\u00f6s volangtopp f Chica London! Underbar knyttopp med kr\u00e5s\/volanger framtill!  M\u00e5tt p\u00e5 storlekarna:  S\/M  Armh\u00e5la till armh\u00e5la omkrets: ca 112 cm.  L\u00e4ngd, axel och ner framtill: ca 63 cm  L\/XL  Armh\u00e5la till armh\u00e5la omkrets: ca 122 cm.  L\u00e4ngd, axel och ner framtill: ca 64 cm  S\/M &amp; L\/XL, normal i storleken.    F\u00e4rg Corall   Tv\u00e4ttr\u00e5d 30 grader   Stretchig  Nej   Material 100% Polyester   Storlek S\/M &amp; L\/XL, normal i storleken\" \/>\n<meta property=\"og:url\" content=\"https:\/\/stilanddesign.se\/en\/product\/harlig-armlos-volangtopp-fr-chicca-london\/\" \/>\n<meta property=\"og:site_name\" content=\"Stil &amp; Design\" \/>\n<meta property=\"article:modified_time\" content=\"2026-04-08T12:19:57+00:00\" \/>\n<meta property=\"og:image\" content=\"https:\/\/stilanddesign.se\/wp-content\/uploads\/2025\/03\/787875444444444444444.jpg\" \/>\n\t<meta property=\"og:image:width\" content=\"480\" \/>\n\t<meta property=\"og:image:height\" content=\"640\" \/>\n\t<meta property=\"og:image:type\" content=\"image\/jpeg\" \/>\n<meta name=\"twitter:card\" content=\"summary_large_image\" \/>\n<meta name=\"twitter:label1\" content=\"Est. reading time\" \/>\n\t<meta name=\"twitter:data1\" content=\"1 minute\" \/>\n<script type=\"application\/ld+json\" class=\"yoast-schema-graph\">{\"@context\":\"https:\\\/\\\/schema.org\",\"@graph\":[{\"@type\":\"WebPage\",\"@id\":\"https:\\\/\\\/stilanddesign.se\\\/produkt\\\/harlig-armlos-volangtopp-fr-chicca-london\\\/\",\"url\":\"https:\\\/\\\/stilanddesign.se\\\/produkt\\\/harlig-armlos-volangtopp-fr-chicca-london\\\/\",\"name\":\"H\u00e4rlig \u00e4rml\u00f6s volangtopp fr.Chicca London - Stil &amp; Design\",\"isPartOf\":{\"@id\":\"https:\\\/\\\/stilanddesign.se\\\/#website\"},\"primaryImageOfPage\":{\"@id\":\"https:\\\/\\\/stilanddesign.se\\\/produkt\\\/harlig-armlos-volangtopp-fr-chicca-london\\\/#primaryimage\"},\"image\":{\"@id\":\"https:\\\/\\\/stilanddesign.se\\\/produkt\\\/harlig-armlos-volangtopp-fr-chicca-london\\\/#primaryimage\"},\"thumbnailUrl\":\"https:\\\/\\\/stilanddesign.se\\\/wp-content\\\/uploads\\\/2025\\\/03\\\/787875444444444444444.jpg\",\"datePublished\":\"2026-03-05T13:34:22+00:00\",\"dateModified\":\"2026-04-08T12:19:57+00:00\",\"breadcrumb\":{\"@id\":\"https:\\\/\\\/stilanddesign.se\\\/produkt\\\/harlig-armlos-volangtopp-fr-chicca-london\\\/#breadcrumb\"},\"inLanguage\":\"en-US\",\"potentialAction\":[{\"@type\":\"ReadAction\",\"target\":[\"https:\\\/\\\/stilanddesign.se\\\/produkt\\\/harlig-armlos-volangtopp-fr-chicca-london\\\/\"]}]},{\"@type\":\"ImageObject\",\"inLanguage\":\"en-US\",\"@id\":\"https:\\\/\\\/stilanddesign.se\\\/produkt\\\/harlig-armlos-volangtopp-fr-chicca-london\\\/#primaryimage\",\"url\":\"https:\\\/\\\/stilanddesign.se\\\/wp-content\\\/uploads\\\/2025\\\/03\\\/787875444444444444444.jpg\",\"contentUrl\":\"https:\\\/\\\/stilanddesign.se\\\/wp-content\\\/uploads\\\/2025\\\/03\\\/787875444444444444444.jpg\",\"width\":480,\"height\":640,\"caption\":\"corall \u00e4rml\u00f6s topp\"},{\"@type\":\"BreadcrumbList\",\"@id\":\"https:\\\/\\\/stilanddesign.se\\\/produkt\\\/harlig-armlos-volangtopp-fr-chicca-london\\\/#breadcrumb\",\"itemListElement\":[{\"@type\":\"ListItem\",\"position\":1,\"name\":\"Hem\",\"item\":\"https:\\\/\\\/stilanddesign.se\\\/\"},{\"@type\":\"ListItem\",\"position\":2,\"name\":\"Butiken\",\"item\":\"https:\\\/\\\/stilanddesign.se\\\/butiken\\\/\"},{\"@type\":\"ListItem\",\"position\":3,\"name\":\"H\u00e4rlig \u00e4rml\u00f6s volangtopp fr.Chicca London\"}]},{\"@type\":\"WebSite\",\"@id\":\"https:\\\/\\\/stilanddesign.se\\\/#website\",\"url\":\"https:\\\/\\\/stilanddesign.se\\\/\",\"name\":\"Stil &amp; Design\",\"description\":\"F\u00f6r oss som \u00e4lskar mode!\",\"publisher\":{\"@id\":\"https:\\\/\\\/stilanddesign.se\\\/#organization\"},\"potentialAction\":[{\"@type\":\"SearchAction\",\"target\":{\"@type\":\"EntryPoint\",\"urlTemplate\":\"https:\\\/\\\/stilanddesign.se\\\/?s={search_term_string}\"},\"query-input\":{\"@type\":\"PropertyValueSpecification\",\"valueRequired\":true,\"valueName\":\"search_term_string\"}}],\"inLanguage\":\"en-US\"},{\"@type\":\"Organization\",\"@id\":\"https:\\\/\\\/stilanddesign.se\\\/#organization\",\"name\":\"Stil &amp; Design\",\"url\":\"https:\\\/\\\/stilanddesign.se\\\/\",\"logo\":{\"@type\":\"ImageObject\",\"inLanguage\":\"en-US\",\"@id\":\"https:\\\/\\\/stilanddesign.se\\\/#\\\/schema\\\/logo\\\/image\\\/\",\"url\":\"https:\\\/\\\/stilanddesign.se\\\/wp-content\\\/uploads\\\/2023\\\/12\\\/output-onlinepngtools-e1727784413220.png\",\"contentUrl\":\"https:\\\/\\\/stilanddesign.se\\\/wp-content\\\/uploads\\\/2023\\\/12\\\/output-onlinepngtools-e1727784413220.png\",\"width\":519,\"height\":135,\"caption\":\"Stil &amp; Design\"},\"image\":{\"@id\":\"https:\\\/\\\/stilanddesign.se\\\/#\\\/schema\\\/logo\\\/image\\\/\"}}]}<\/script>\n<!-- \/ Yoast SEO Premium plugin. -->","yoast_head_json":{"title":"H\u00e4rlig \u00e4rml\u00f6s volangtopp fr.Chicca London - Stil &amp; Design","robots":{"index":"index","follow":"follow","max-snippet":"max-snippet:-1","max-image-preview":"max-image-preview:large","max-video-preview":"max-video-preview:-1"},"canonical":"https:\/\/stilanddesign.se\/en\/product\/harlig-armlos-volangtopp-fr-chicca-london\/","og_locale":"en_US","og_type":"article","og_title":"H\u00e4rlig \u00e4rml\u00f6s volangtopp fr.Chicca London","og_description":"H\u00e4rlig \u00e4rml\u00f6s volangtopp f Chica London! Underbar knyttopp med kr\u00e5s\/volanger framtill!  M\u00e5tt p\u00e5 storlekarna:  S\/M  Armh\u00e5la till armh\u00e5la omkrets: ca 112 cm.  L\u00e4ngd, axel och ner framtill: ca 63 cm  L\/XL  Armh\u00e5la till armh\u00e5la omkrets: ca 122 cm.  L\u00e4ngd, axel och ner framtill: ca 64 cm  S\/M &amp; L\/XL, normal i storleken.    F\u00e4rg Corall   Tv\u00e4ttr\u00e5d 30 grader   Stretchig  Nej   Material 100% Polyester   Storlek S\/M &amp; L\/XL, normal i storleken","og_url":"https:\/\/stilanddesign.se\/en\/product\/harlig-armlos-volangtopp-fr-chicca-london\/","og_site_name":"Stil &amp; Design","article_modified_time":"2026-04-08T12:19:57+00:00","og_image":[{"width":480,"height":640,"url":"https:\/\/stilanddesign.se\/wp-content\/uploads\/2025\/03\/787875444444444444444.jpg","type":"image\/jpeg"}],"twitter_card":"summary_large_image","twitter_misc":{"Est. reading time":"1 minute"},"schema":{"@context":"https:\/\/schema.org","@graph":[{"@type":"WebPage","@id":"https:\/\/stilanddesign.se\/produkt\/harlig-armlos-volangtopp-fr-chicca-london\/","url":"https:\/\/stilanddesign.se\/produkt\/harlig-armlos-volangtopp-fr-chicca-london\/","name":"H\u00e4rlig \u00e4rml\u00f6s volangtopp fr.Chicca London - Stil &amp; Design","isPartOf":{"@id":"https:\/\/stilanddesign.se\/#website"},"primaryImageOfPage":{"@id":"https:\/\/stilanddesign.se\/produkt\/harlig-armlos-volangtopp-fr-chicca-london\/#primaryimage"},"image":{"@id":"https:\/\/stilanddesign.se\/produkt\/harlig-armlos-volangtopp-fr-chicca-london\/#primaryimage"},"thumbnailUrl":"https:\/\/stilanddesign.se\/wp-content\/uploads\/2025\/03\/787875444444444444444.jpg","datePublished":"2026-03-05T13:34:22+00:00","dateModified":"2026-04-08T12:19:57+00:00","breadcrumb":{"@id":"https:\/\/stilanddesign.se\/produkt\/harlig-armlos-volangtopp-fr-chicca-london\/#breadcrumb"},"inLanguage":"en-US","potentialAction":[{"@type":"ReadAction","target":["https:\/\/stilanddesign.se\/produkt\/harlig-armlos-volangtopp-fr-chicca-london\/"]}]},{"@type":"ImageObject","inLanguage":"en-US","@id":"https:\/\/stilanddesign.se\/produkt\/harlig-armlos-volangtopp-fr-chicca-london\/#primaryimage","url":"https:\/\/stilanddesign.se\/wp-content\/uploads\/2025\/03\/787875444444444444444.jpg","contentUrl":"https:\/\/stilanddesign.se\/wp-content\/uploads\/2025\/03\/787875444444444444444.jpg","width":480,"height":640,"caption":"corall \u00e4rml\u00f6s topp"},{"@type":"BreadcrumbList","@id":"https:\/\/stilanddesign.se\/produkt\/harlig-armlos-volangtopp-fr-chicca-london\/#breadcrumb","itemListElement":[{"@type":"ListItem","position":1,"name":"Hem","item":"https:\/\/stilanddesign.se\/"},{"@type":"ListItem","position":2,"name":"Butiken","item":"https:\/\/stilanddesign.se\/butiken\/"},{"@type":"ListItem","position":3,"name":"H\u00e4rlig \u00e4rml\u00f6s volangtopp fr.Chicca London"}]},{"@type":"WebSite","@id":"https:\/\/stilanddesign.se\/#website","url":"https:\/\/stilanddesign.se\/","name":"Style &amp; Design","description":"For those of us who love fashion!","publisher":{"@id":"https:\/\/stilanddesign.se\/#organization"},"potentialAction":[{"@type":"SearchAction","target":{"@type":"EntryPoint","urlTemplate":"https:\/\/stilanddesign.se\/?s={search_term_string}"},"query-input":{"@type":"PropertyValueSpecification","valueRequired":true,"valueName":"search_term_string"}}],"inLanguage":"en-US"},{"@type":"Organization","@id":"https:\/\/stilanddesign.se\/#organization","name":"Style &amp; Design","url":"https:\/\/stilanddesign.se\/","logo":{"@type":"ImageObject","inLanguage":"en-US","@id":"https:\/\/stilanddesign.se\/#\/schema\/logo\/image\/","url":"https:\/\/stilanddesign.se\/wp-content\/uploads\/2023\/12\/output-onlinepngtools-e1727784413220.png","contentUrl":"https:\/\/stilanddesign.se\/wp-content\/uploads\/2023\/12\/output-onlinepngtools-e1727784413220.png","width":519,"height":135,"caption":"Stil &amp; Design"},"image":{"@id":"https:\/\/stilanddesign.se\/#\/schema\/logo\/image\/"}}]}},"_links":{"self":[{"href":"https:\/\/stilanddesign.se\/en\/wp-json\/wp\/v2\/product\/1030028","targetHints":{"allow":["GET"]}}],"collection":[{"href":"https:\/\/stilanddesign.se\/en\/wp-json\/wp\/v2\/product"}],"about":[{"href":"https:\/\/stilanddesign.se\/en\/wp-json\/wp\/v2\/types\/product"}],"replies":[{"embeddable":true,"href":"https:\/\/stilanddesign.se\/en\/wp-json\/wp\/v2\/comments?post=1030028"}],"wp:featuredmedia":[{"embeddable":true,"href":"https:\/\/stilanddesign.se\/en\/wp-json\/wp\/v2\/media\/1030025"}],"wp:attachment":[{"href":"https:\/\/stilanddesign.se\/en\/wp-json\/wp\/v2\/media?parent=1030028"}],"wp:term":[{"taxonomy":"product_brand","embeddable":true,"href":"https:\/\/stilanddesign.se\/en\/wp-json\/wp\/v2\/product_brand?post=1030028"},{"taxonomy":"product_cat","embeddable":true,"href":"https:\/\/stilanddesign.se\/en\/wp-json\/wp\/v2\/product_cat?post=1030028"},{"taxonomy":"product_tag","embeddable":true,"href":"https:\/\/stilanddesign.se\/en\/wp-json\/wp\/v2\/product_tag?post=1030028"}],"curies":[{"name":"wp","href":"https:\/\/api.w.org\/{rel}","templated":true}]}}