{"id":1027312,"date":"2025-06-28T09:00:36","date_gmt":"2025-06-28T07:00:36","guid":{"rendered":"https:\/\/stilanddesign.se\/?post_type=product&#038;p=1027312"},"modified":"2025-06-28T12:52:15","modified_gmt":"2025-06-28T10:52:15","slug":"randig-linne-bomull-skjorta-i-watermelon-vit","status":"publish","type":"product","link":"https:\/\/stilanddesign.se\/en\/product\/randig-linne-bomull-skjorta-i-watermelon-vit\/","title":{"rendered":"Striped linen\/cotton shirt in watermelon\/white"},"content":{"rendered":"<h1 class=\"alt-font\"><em><strong>Striped linen\/cotton shirt in watermelon\/white<\/strong><\/em><\/h1>\n<p>Has a shirt collar and fastens with buttons all the way down the front<\/p>\n<p>Skjortan har 2 \u00f6ppna fickor fram p\u00e5 br\u00f6stet<\/p>\n<p>L\u00e5ng \u00e4rm med en slejf som kan vikas upp och kn\u00e4ppas en bit upp<\/p>\n<p>Normal in size<\/p>\n<p>Material; 55%linne\u00a0 45% bomull<\/p>\n<p>Tv\u00e4tr\u00e5d: 30 grader<\/p>","protected":false},"excerpt":{"rendered":"<h1 class=\"alt-font\"><em><strong>Striped linen\/cotton shirt in watermelon\/white<\/strong><\/em><\/h1>\n<p>Has a shirt collar and fastens with buttons all the way down the front<\/p>\n<p>Skjortan har 2 \u00f6ppna fickor fram p\u00e5 br\u00f6stet<\/p>\n<p>L\u00e5ng \u00e4rm med en slejf som kan vikas upp och kn\u00e4ppas en bit upp<\/p>\n<p>Normal in size<\/p>\n<p>Material; 55% linne 45% bomull<\/p>\n<p>Tv\u00e4tr\u00e5d: 30 grader<\/p>","protected":false},"featured_media":1030888,"comment_status":"closed","ping_status":"closed","template":"","meta":[],"product_brand":[],"product_cat":[209],"product_tag":[],"class_list":{"0":"post-1027312","1":"product","2":"type-product","3":"status-publish","4":"has-post-thumbnail","6":"product_cat-reaprodukter","8":"first","9":"outofstock","10":"taxable","11":"shipping-taxable","12":"product-type-variable"},"yoast_head":"<!-- This site is optimized with the Yoast SEO Premium plugin v27.1 (Yoast SEO v27.4) - https:\/\/yoast.com\/product\/yoast-seo-premium-wordpress\/ -->\n<title>Randig linne\/bomull skjorta i watermelon\/vit - Stil &amp; Design<\/title>\n<meta name=\"robots\" content=\"index, follow, max-snippet:-1, max-image-preview:large, max-video-preview:-1\" \/>\n<link rel=\"canonical\" href=\"https:\/\/stilanddesign.se\/en\/product\/randig-linne-bomull-skjorta-i-watermelon-vit\/\" \/>\n<meta property=\"og:locale\" content=\"en_US\" \/>\n<meta property=\"og:type\" content=\"article\" \/>\n<meta property=\"og:title\" content=\"Randig linne\/bomull skjorta i watermelon\/vit\" \/>\n<meta property=\"og:description\" content=\"Randig linne\/bomull skjorta i watermelon\/vit Har skjortkrage och kn\u00e4pps med knappar hela v\u00e4gen framtill  Skjortan har 2 \u00f6ppna fickor fram p\u00e5 br\u00f6stet  L\u00e5ng \u00e4rm med en slejf som kan vikas upp och kn\u00e4ppas en bit upp  Normal i storlek  Material; 55% linne 45% bomull  Tv\u00e4tr\u00e5d: 30 grader\" \/>\n<meta property=\"og:url\" content=\"https:\/\/stilanddesign.se\/en\/product\/randig-linne-bomull-skjorta-i-watermelon-vit\/\" \/>\n<meta property=\"og:site_name\" content=\"Stil &amp; Design\" \/>\n<meta property=\"article:modified_time\" content=\"2025-06-28T10:52:15+00:00\" \/>\n<meta property=\"og:image\" content=\"https:\/\/stilanddesign.se\/wp-content\/uploads\/2025\/03\/78787666666666.jpg\" \/>\n\t<meta property=\"og:image:width\" content=\"480\" \/>\n\t<meta property=\"og:image:height\" content=\"640\" \/>\n\t<meta property=\"og:image:type\" content=\"image\/jpeg\" \/>\n<meta name=\"twitter:card\" content=\"summary_large_image\" \/>\n<meta name=\"twitter:label1\" content=\"Est. reading time\" \/>\n\t<meta name=\"twitter:data1\" content=\"1 minute\" \/>\n<script type=\"application\/ld+json\" class=\"yoast-schema-graph\">{\"@context\":\"https:\\\/\\\/schema.org\",\"@graph\":[{\"@type\":\"WebPage\",\"@id\":\"https:\\\/\\\/stilanddesign.se\\\/produkt\\\/randig-linne-bomull-skjorta-i-watermelon-vit\\\/\",\"url\":\"https:\\\/\\\/stilanddesign.se\\\/produkt\\\/randig-linne-bomull-skjorta-i-watermelon-vit\\\/\",\"name\":\"Randig linne\\\/bomull skjorta i watermelon\\\/vit - Stil &amp; Design\",\"isPartOf\":{\"@id\":\"https:\\\/\\\/stilanddesign.se\\\/#website\"},\"primaryImageOfPage\":{\"@id\":\"https:\\\/\\\/stilanddesign.se\\\/produkt\\\/randig-linne-bomull-skjorta-i-watermelon-vit\\\/#primaryimage\"},\"image\":{\"@id\":\"https:\\\/\\\/stilanddesign.se\\\/produkt\\\/randig-linne-bomull-skjorta-i-watermelon-vit\\\/#primaryimage\"},\"thumbnailUrl\":\"https:\\\/\\\/stilanddesign.se\\\/wp-content\\\/uploads\\\/2025\\\/03\\\/78787666666666.jpg\",\"datePublished\":\"2025-06-28T07:00:36+00:00\",\"dateModified\":\"2025-06-28T10:52:15+00:00\",\"breadcrumb\":{\"@id\":\"https:\\\/\\\/stilanddesign.se\\\/produkt\\\/randig-linne-bomull-skjorta-i-watermelon-vit\\\/#breadcrumb\"},\"inLanguage\":\"en-US\",\"potentialAction\":[{\"@type\":\"ReadAction\",\"target\":[\"https:\\\/\\\/stilanddesign.se\\\/produkt\\\/randig-linne-bomull-skjorta-i-watermelon-vit\\\/\"]}]},{\"@type\":\"ImageObject\",\"inLanguage\":\"en-US\",\"@id\":\"https:\\\/\\\/stilanddesign.se\\\/produkt\\\/randig-linne-bomull-skjorta-i-watermelon-vit\\\/#primaryimage\",\"url\":\"https:\\\/\\\/stilanddesign.se\\\/wp-content\\\/uploads\\\/2025\\\/03\\\/78787666666666.jpg\",\"contentUrl\":\"https:\\\/\\\/stilanddesign.se\\\/wp-content\\\/uploads\\\/2025\\\/03\\\/78787666666666.jpg\",\"width\":480,\"height\":640,\"caption\":\"Randig linne\\\/bomullsskjorta i watermelon\\\/vit\"},{\"@type\":\"BreadcrumbList\",\"@id\":\"https:\\\/\\\/stilanddesign.se\\\/produkt\\\/randig-linne-bomull-skjorta-i-watermelon-vit\\\/#breadcrumb\",\"itemListElement\":[{\"@type\":\"ListItem\",\"position\":1,\"name\":\"Hem\",\"item\":\"https:\\\/\\\/stilanddesign.se\\\/\"},{\"@type\":\"ListItem\",\"position\":2,\"name\":\"Butiken\",\"item\":\"https:\\\/\\\/stilanddesign.se\\\/butiken\\\/\"},{\"@type\":\"ListItem\",\"position\":3,\"name\":\"Randig linne\\\/bomull skjorta i watermelon\\\/vit\"}]},{\"@type\":\"WebSite\",\"@id\":\"https:\\\/\\\/stilanddesign.se\\\/#website\",\"url\":\"https:\\\/\\\/stilanddesign.se\\\/\",\"name\":\"Stil &amp; Design\",\"description\":\"F\u00f6r oss som \u00e4lskar mode!\",\"publisher\":{\"@id\":\"https:\\\/\\\/stilanddesign.se\\\/#organization\"},\"potentialAction\":[{\"@type\":\"SearchAction\",\"target\":{\"@type\":\"EntryPoint\",\"urlTemplate\":\"https:\\\/\\\/stilanddesign.se\\\/?s={search_term_string}\"},\"query-input\":{\"@type\":\"PropertyValueSpecification\",\"valueRequired\":true,\"valueName\":\"search_term_string\"}}],\"inLanguage\":\"en-US\"},{\"@type\":\"Organization\",\"@id\":\"https:\\\/\\\/stilanddesign.se\\\/#organization\",\"name\":\"Stil &amp; Design\",\"url\":\"https:\\\/\\\/stilanddesign.se\\\/\",\"logo\":{\"@type\":\"ImageObject\",\"inLanguage\":\"en-US\",\"@id\":\"https:\\\/\\\/stilanddesign.se\\\/#\\\/schema\\\/logo\\\/image\\\/\",\"url\":\"https:\\\/\\\/stilanddesign.se\\\/wp-content\\\/uploads\\\/2023\\\/12\\\/output-onlinepngtools-e1727784413220.png\",\"contentUrl\":\"https:\\\/\\\/stilanddesign.se\\\/wp-content\\\/uploads\\\/2023\\\/12\\\/output-onlinepngtools-e1727784413220.png\",\"width\":519,\"height\":135,\"caption\":\"Stil &amp; Design\"},\"image\":{\"@id\":\"https:\\\/\\\/stilanddesign.se\\\/#\\\/schema\\\/logo\\\/image\\\/\"}}]}<\/script>\n<!-- \/ Yoast SEO Premium plugin. -->","yoast_head_json":{"title":"Randig linne\/bomull skjorta i watermelon\/vit - Stil &amp; Design","robots":{"index":"index","follow":"follow","max-snippet":"max-snippet:-1","max-image-preview":"max-image-preview:large","max-video-preview":"max-video-preview:-1"},"canonical":"https:\/\/stilanddesign.se\/en\/product\/randig-linne-bomull-skjorta-i-watermelon-vit\/","og_locale":"en_US","og_type":"article","og_title":"Randig linne\/bomull skjorta i watermelon\/vit","og_description":"Randig linne\/bomull skjorta i watermelon\/vit Har skjortkrage och kn\u00e4pps med knappar hela v\u00e4gen framtill  Skjortan har 2 \u00f6ppna fickor fram p\u00e5 br\u00f6stet  L\u00e5ng \u00e4rm med en slejf som kan vikas upp och kn\u00e4ppas en bit upp  Normal i storlek  Material; 55% linne 45% bomull  Tv\u00e4tr\u00e5d: 30 grader","og_url":"https:\/\/stilanddesign.se\/en\/product\/randig-linne-bomull-skjorta-i-watermelon-vit\/","og_site_name":"Stil &amp; Design","article_modified_time":"2025-06-28T10:52:15+00:00","og_image":[{"width":480,"height":640,"url":"https:\/\/stilanddesign.se\/wp-content\/uploads\/2025\/03\/78787666666666.jpg","type":"image\/jpeg"}],"twitter_card":"summary_large_image","twitter_misc":{"Est. reading time":"1 minute"},"schema":{"@context":"https:\/\/schema.org","@graph":[{"@type":"WebPage","@id":"https:\/\/stilanddesign.se\/produkt\/randig-linne-bomull-skjorta-i-watermelon-vit\/","url":"https:\/\/stilanddesign.se\/produkt\/randig-linne-bomull-skjorta-i-watermelon-vit\/","name":"Randig linne\/bomull skjorta i watermelon\/vit - Stil &amp; Design","isPartOf":{"@id":"https:\/\/stilanddesign.se\/#website"},"primaryImageOfPage":{"@id":"https:\/\/stilanddesign.se\/produkt\/randig-linne-bomull-skjorta-i-watermelon-vit\/#primaryimage"},"image":{"@id":"https:\/\/stilanddesign.se\/produkt\/randig-linne-bomull-skjorta-i-watermelon-vit\/#primaryimage"},"thumbnailUrl":"https:\/\/stilanddesign.se\/wp-content\/uploads\/2025\/03\/78787666666666.jpg","datePublished":"2025-06-28T07:00:36+00:00","dateModified":"2025-06-28T10:52:15+00:00","breadcrumb":{"@id":"https:\/\/stilanddesign.se\/produkt\/randig-linne-bomull-skjorta-i-watermelon-vit\/#breadcrumb"},"inLanguage":"en-US","potentialAction":[{"@type":"ReadAction","target":["https:\/\/stilanddesign.se\/produkt\/randig-linne-bomull-skjorta-i-watermelon-vit\/"]}]},{"@type":"ImageObject","inLanguage":"en-US","@id":"https:\/\/stilanddesign.se\/produkt\/randig-linne-bomull-skjorta-i-watermelon-vit\/#primaryimage","url":"https:\/\/stilanddesign.se\/wp-content\/uploads\/2025\/03\/78787666666666.jpg","contentUrl":"https:\/\/stilanddesign.se\/wp-content\/uploads\/2025\/03\/78787666666666.jpg","width":480,"height":640,"caption":"Randig linne\/bomullsskjorta i watermelon\/vit"},{"@type":"BreadcrumbList","@id":"https:\/\/stilanddesign.se\/produkt\/randig-linne-bomull-skjorta-i-watermelon-vit\/#breadcrumb","itemListElement":[{"@type":"ListItem","position":1,"name":"Hem","item":"https:\/\/stilanddesign.se\/"},{"@type":"ListItem","position":2,"name":"Butiken","item":"https:\/\/stilanddesign.se\/butiken\/"},{"@type":"ListItem","position":3,"name":"Randig linne\/bomull skjorta i watermelon\/vit"}]},{"@type":"WebSite","@id":"https:\/\/stilanddesign.se\/#website","url":"https:\/\/stilanddesign.se\/","name":"Style &amp; Design","description":"For those of us who love fashion!","publisher":{"@id":"https:\/\/stilanddesign.se\/#organization"},"potentialAction":[{"@type":"SearchAction","target":{"@type":"EntryPoint","urlTemplate":"https:\/\/stilanddesign.se\/?s={search_term_string}"},"query-input":{"@type":"PropertyValueSpecification","valueRequired":true,"valueName":"search_term_string"}}],"inLanguage":"en-US"},{"@type":"Organization","@id":"https:\/\/stilanddesign.se\/#organization","name":"Style &amp; Design","url":"https:\/\/stilanddesign.se\/","logo":{"@type":"ImageObject","inLanguage":"en-US","@id":"https:\/\/stilanddesign.se\/#\/schema\/logo\/image\/","url":"https:\/\/stilanddesign.se\/wp-content\/uploads\/2023\/12\/output-onlinepngtools-e1727784413220.png","contentUrl":"https:\/\/stilanddesign.se\/wp-content\/uploads\/2023\/12\/output-onlinepngtools-e1727784413220.png","width":519,"height":135,"caption":"Stil &amp; Design"},"image":{"@id":"https:\/\/stilanddesign.se\/#\/schema\/logo\/image\/"}}]}},"_links":{"self":[{"href":"https:\/\/stilanddesign.se\/en\/wp-json\/wp\/v2\/product\/1027312","targetHints":{"allow":["GET"]}}],"collection":[{"href":"https:\/\/stilanddesign.se\/en\/wp-json\/wp\/v2\/product"}],"about":[{"href":"https:\/\/stilanddesign.se\/en\/wp-json\/wp\/v2\/types\/product"}],"replies":[{"embeddable":true,"href":"https:\/\/stilanddesign.se\/en\/wp-json\/wp\/v2\/comments?post=1027312"}],"wp:featuredmedia":[{"embeddable":true,"href":"https:\/\/stilanddesign.se\/en\/wp-json\/wp\/v2\/media\/1030888"}],"wp:attachment":[{"href":"https:\/\/stilanddesign.se\/en\/wp-json\/wp\/v2\/media?parent=1027312"}],"wp:term":[{"taxonomy":"product_brand","embeddable":true,"href":"https:\/\/stilanddesign.se\/en\/wp-json\/wp\/v2\/product_brand?post=1027312"},{"taxonomy":"product_cat","embeddable":true,"href":"https:\/\/stilanddesign.se\/en\/wp-json\/wp\/v2\/product_cat?post=1027312"},{"taxonomy":"product_tag","embeddable":true,"href":"https:\/\/stilanddesign.se\/en\/wp-json\/wp\/v2\/product_tag?post=1027312"}],"curies":[{"name":"wp","href":"https:\/\/api.w.org\/{rel}","templated":true}]}}