{"id":1027087,"date":"2025-03-05T15:54:46","date_gmt":"2025-03-05T14:54:46","guid":{"rendered":"https:\/\/stilanddesign.se\/?post_type=product&#038;p=1027087"},"modified":"2025-04-22T21:42:21","modified_gmt":"2025-04-22T19:42:21","slug":"mysig-kofta-med-guldknappar-2","status":"publish","type":"product","link":"https:\/\/stilanddesign.se\/en\/product\/mysig-kofta-med-guldknappar-2\/","title":{"rendered":"Cozy Cardigan with Gold Buttons"},"content":{"rendered":"<h5><strong>Cozy Cardigan with Gold Buttons<\/strong><\/h5>\n<p>Koftan som verkligen har det lilla X-tra Mjuk och gosig med res\u00e5r i \u00e4rmslut<\/p>\n<p>Koftan \u00e4r trendigt glesstickad och finns i flera fina f\u00e4rger<\/p>\n<p>Length from shoulder to bottom approx. 60cm<\/p>\n<p>Material; 70% acryl 30% polyamid<\/p>\n<p>Washing instructions: 30 degrees<\/p>\n<p>&nbsp;<\/p>\n<p>&nbsp;<\/p>","protected":false},"excerpt":{"rendered":"<h5><strong>Cozy Cardigan with Gold Buttons<\/strong><\/h5>\n<p>Koftan som verkligen har det lilla X-tra Mjuk och gosig med res\u00e5r i \u00e4rmslut<\/p>\n<p>Koftan \u00e4r trendigt glesstickad och finns i flera fina f\u00e4rger<\/p>\n<p>Length from shoulder to bottom approx. 60cm<\/p>\n<p>Material; 70% acryl 30% polyamid<\/p>\n<p>Washing instructions: 30 degrees<\/p>","protected":false},"featured_media":1027080,"comment_status":"closed","ping_status":"closed","template":"","meta":[],"product_brand":[],"product_cat":[226],"product_tag":[],"class_list":{"0":"post-1027087","1":"product","2":"type-product","3":"status-publish","4":"has-post-thumbnail","6":"product_cat-koftor-stickade-koftor","8":"first","9":"outofstock","10":"taxable","11":"shipping-taxable","12":"product-type-variable"},"yoast_head":"<!-- This site is optimized with the Yoast SEO Premium plugin v27.4 (Yoast SEO v27.4) - https:\/\/yoast.com\/product\/yoast-seo-premium-wordpress\/ -->\n<title>Mysig Kofta med Guldknappar - Stil &amp; Design<\/title>\n<meta name=\"robots\" content=\"index, follow, max-snippet:-1, max-image-preview:large, max-video-preview:-1\" \/>\n<link rel=\"canonical\" href=\"https:\/\/stilanddesign.se\/en\/product\/mysig-kofta-med-guldknappar-2\/\" \/>\n<meta property=\"og:locale\" content=\"en_US\" \/>\n<meta property=\"og:type\" content=\"article\" \/>\n<meta property=\"og:title\" content=\"Mysig Kofta med Guldknappar\" \/>\n<meta property=\"og:description\" content=\"Mysig Kofta med Guldknappar Koftan som verkligen har det lilla X-tra Mjuk och gosig med res\u00e5r i \u00e4rmslut  Koftan \u00e4r trendigt glesstickad och finns i flera fina f\u00e4rger  L\u00e4ngd fr\u00e5n axel och ner ca 60cm  Material; 70% acryl 30% polyamid  Tv\u00e4ttr\u00e5d; 30 grader\" \/>\n<meta property=\"og:url\" content=\"https:\/\/stilanddesign.se\/en\/product\/mysig-kofta-med-guldknappar-2\/\" \/>\n<meta property=\"og:site_name\" content=\"Stil &amp; Design\" \/>\n<meta property=\"article:modified_time\" content=\"2025-04-22T19:42:21+00:00\" \/>\n<meta property=\"og:image\" content=\"https:\/\/stilanddesign.se\/wp-content\/uploads\/2025\/02\/IMG_7772-1.jpeg\" \/>\n\t<meta property=\"og:image:width\" content=\"1536\" \/>\n\t<meta property=\"og:image:height\" content=\"2048\" \/>\n\t<meta property=\"og:image:type\" content=\"image\/jpeg\" \/>\n<meta name=\"twitter:card\" content=\"summary_large_image\" \/>\n<meta name=\"twitter:label1\" content=\"Est. reading time\" \/>\n\t<meta name=\"twitter:data1\" content=\"1 minute\" \/>\n<script type=\"application\/ld+json\" class=\"yoast-schema-graph\">{\"@context\":\"https:\\\/\\\/schema.org\",\"@graph\":[{\"@type\":\"WebPage\",\"@id\":\"https:\\\/\\\/stilanddesign.se\\\/produkt\\\/mysig-kofta-med-guldknappar-2\\\/\",\"url\":\"https:\\\/\\\/stilanddesign.se\\\/produkt\\\/mysig-kofta-med-guldknappar-2\\\/\",\"name\":\"Mysig Kofta med Guldknappar - Stil &amp; Design\",\"isPartOf\":{\"@id\":\"https:\\\/\\\/stilanddesign.se\\\/#website\"},\"primaryImageOfPage\":{\"@id\":\"https:\\\/\\\/stilanddesign.se\\\/produkt\\\/mysig-kofta-med-guldknappar-2\\\/#primaryimage\"},\"image\":{\"@id\":\"https:\\\/\\\/stilanddesign.se\\\/produkt\\\/mysig-kofta-med-guldknappar-2\\\/#primaryimage\"},\"thumbnailUrl\":\"https:\\\/\\\/stilanddesign.se\\\/wp-content\\\/uploads\\\/2025\\\/02\\\/IMG_7772-1.jpeg\",\"datePublished\":\"2025-03-05T14:54:46+00:00\",\"dateModified\":\"2025-04-22T19:42:21+00:00\",\"breadcrumb\":{\"@id\":\"https:\\\/\\\/stilanddesign.se\\\/produkt\\\/mysig-kofta-med-guldknappar-2\\\/#breadcrumb\"},\"inLanguage\":\"en-US\",\"potentialAction\":[{\"@type\":\"ReadAction\",\"target\":[\"https:\\\/\\\/stilanddesign.se\\\/produkt\\\/mysig-kofta-med-guldknappar-2\\\/\"]}]},{\"@type\":\"ImageObject\",\"inLanguage\":\"en-US\",\"@id\":\"https:\\\/\\\/stilanddesign.se\\\/produkt\\\/mysig-kofta-med-guldknappar-2\\\/#primaryimage\",\"url\":\"https:\\\/\\\/stilanddesign.se\\\/wp-content\\\/uploads\\\/2025\\\/02\\\/IMG_7772-1.jpeg\",\"contentUrl\":\"https:\\\/\\\/stilanddesign.se\\\/wp-content\\\/uploads\\\/2025\\\/02\\\/IMG_7772-1.jpeg\",\"width\":1536,\"height\":2048,\"caption\":\"mysig kofta med guldknappar\"},{\"@type\":\"BreadcrumbList\",\"@id\":\"https:\\\/\\\/stilanddesign.se\\\/produkt\\\/mysig-kofta-med-guldknappar-2\\\/#breadcrumb\",\"itemListElement\":[{\"@type\":\"ListItem\",\"position\":1,\"name\":\"Hem\",\"item\":\"https:\\\/\\\/stilanddesign.se\\\/\"},{\"@type\":\"ListItem\",\"position\":2,\"name\":\"Butiken\",\"item\":\"https:\\\/\\\/stilanddesign.se\\\/butiken\\\/\"},{\"@type\":\"ListItem\",\"position\":3,\"name\":\"Mysig Kofta med Guldknappar\"}]},{\"@type\":\"WebSite\",\"@id\":\"https:\\\/\\\/stilanddesign.se\\\/#website\",\"url\":\"https:\\\/\\\/stilanddesign.se\\\/\",\"name\":\"Stil &amp; Design\",\"description\":\"F\u00f6r oss som \u00e4lskar mode!\",\"publisher\":{\"@id\":\"https:\\\/\\\/stilanddesign.se\\\/#organization\"},\"potentialAction\":[{\"@type\":\"SearchAction\",\"target\":{\"@type\":\"EntryPoint\",\"urlTemplate\":\"https:\\\/\\\/stilanddesign.se\\\/?s={search_term_string}\"},\"query-input\":{\"@type\":\"PropertyValueSpecification\",\"valueRequired\":true,\"valueName\":\"search_term_string\"}}],\"inLanguage\":\"en-US\"},{\"@type\":\"Organization\",\"@id\":\"https:\\\/\\\/stilanddesign.se\\\/#organization\",\"name\":\"Stil &amp; Design\",\"url\":\"https:\\\/\\\/stilanddesign.se\\\/\",\"logo\":{\"@type\":\"ImageObject\",\"inLanguage\":\"en-US\",\"@id\":\"https:\\\/\\\/stilanddesign.se\\\/#\\\/schema\\\/logo\\\/image\\\/\",\"url\":\"https:\\\/\\\/stilanddesign.se\\\/wp-content\\\/uploads\\\/2023\\\/12\\\/output-onlinepngtools-e1727784413220.png\",\"contentUrl\":\"https:\\\/\\\/stilanddesign.se\\\/wp-content\\\/uploads\\\/2023\\\/12\\\/output-onlinepngtools-e1727784413220.png\",\"width\":519,\"height\":135,\"caption\":\"Stil &amp; Design\"},\"image\":{\"@id\":\"https:\\\/\\\/stilanddesign.se\\\/#\\\/schema\\\/logo\\\/image\\\/\"}}]}<\/script>\n<!-- \/ Yoast SEO Premium plugin. -->","yoast_head_json":{"title":"Mysig Kofta med Guldknappar - Stil &amp; Design","robots":{"index":"index","follow":"follow","max-snippet":"max-snippet:-1","max-image-preview":"max-image-preview:large","max-video-preview":"max-video-preview:-1"},"canonical":"https:\/\/stilanddesign.se\/en\/product\/mysig-kofta-med-guldknappar-2\/","og_locale":"en_US","og_type":"article","og_title":"Mysig Kofta med Guldknappar","og_description":"Mysig Kofta med Guldknappar Koftan som verkligen har det lilla X-tra Mjuk och gosig med res\u00e5r i \u00e4rmslut  Koftan \u00e4r trendigt glesstickad och finns i flera fina f\u00e4rger  L\u00e4ngd fr\u00e5n axel och ner ca 60cm  Material; 70% acryl 30% polyamid  Tv\u00e4ttr\u00e5d; 30 grader","og_url":"https:\/\/stilanddesign.se\/en\/product\/mysig-kofta-med-guldknappar-2\/","og_site_name":"Stil &amp; Design","article_modified_time":"2025-04-22T19:42:21+00:00","og_image":[{"width":1536,"height":2048,"url":"https:\/\/stilanddesign.se\/wp-content\/uploads\/2025\/02\/IMG_7772-1.jpeg","type":"image\/jpeg"}],"twitter_card":"summary_large_image","twitter_misc":{"Est. reading time":"1 minute"},"schema":{"@context":"https:\/\/schema.org","@graph":[{"@type":"WebPage","@id":"https:\/\/stilanddesign.se\/produkt\/mysig-kofta-med-guldknappar-2\/","url":"https:\/\/stilanddesign.se\/produkt\/mysig-kofta-med-guldknappar-2\/","name":"Mysig Kofta med Guldknappar - Stil &amp; Design","isPartOf":{"@id":"https:\/\/stilanddesign.se\/#website"},"primaryImageOfPage":{"@id":"https:\/\/stilanddesign.se\/produkt\/mysig-kofta-med-guldknappar-2\/#primaryimage"},"image":{"@id":"https:\/\/stilanddesign.se\/produkt\/mysig-kofta-med-guldknappar-2\/#primaryimage"},"thumbnailUrl":"https:\/\/stilanddesign.se\/wp-content\/uploads\/2025\/02\/IMG_7772-1.jpeg","datePublished":"2025-03-05T14:54:46+00:00","dateModified":"2025-04-22T19:42:21+00:00","breadcrumb":{"@id":"https:\/\/stilanddesign.se\/produkt\/mysig-kofta-med-guldknappar-2\/#breadcrumb"},"inLanguage":"en-US","potentialAction":[{"@type":"ReadAction","target":["https:\/\/stilanddesign.se\/produkt\/mysig-kofta-med-guldknappar-2\/"]}]},{"@type":"ImageObject","inLanguage":"en-US","@id":"https:\/\/stilanddesign.se\/produkt\/mysig-kofta-med-guldknappar-2\/#primaryimage","url":"https:\/\/stilanddesign.se\/wp-content\/uploads\/2025\/02\/IMG_7772-1.jpeg","contentUrl":"https:\/\/stilanddesign.se\/wp-content\/uploads\/2025\/02\/IMG_7772-1.jpeg","width":1536,"height":2048,"caption":"mysig kofta med guldknappar"},{"@type":"BreadcrumbList","@id":"https:\/\/stilanddesign.se\/produkt\/mysig-kofta-med-guldknappar-2\/#breadcrumb","itemListElement":[{"@type":"ListItem","position":1,"name":"Hem","item":"https:\/\/stilanddesign.se\/"},{"@type":"ListItem","position":2,"name":"Butiken","item":"https:\/\/stilanddesign.se\/butiken\/"},{"@type":"ListItem","position":3,"name":"Mysig Kofta med Guldknappar"}]},{"@type":"WebSite","@id":"https:\/\/stilanddesign.se\/#website","url":"https:\/\/stilanddesign.se\/","name":"Style &amp; Design","description":"For those of us who love fashion!","publisher":{"@id":"https:\/\/stilanddesign.se\/#organization"},"potentialAction":[{"@type":"SearchAction","target":{"@type":"EntryPoint","urlTemplate":"https:\/\/stilanddesign.se\/?s={search_term_string}"},"query-input":{"@type":"PropertyValueSpecification","valueRequired":true,"valueName":"search_term_string"}}],"inLanguage":"en-US"},{"@type":"Organization","@id":"https:\/\/stilanddesign.se\/#organization","name":"Style &amp; Design","url":"https:\/\/stilanddesign.se\/","logo":{"@type":"ImageObject","inLanguage":"en-US","@id":"https:\/\/stilanddesign.se\/#\/schema\/logo\/image\/","url":"https:\/\/stilanddesign.se\/wp-content\/uploads\/2023\/12\/output-onlinepngtools-e1727784413220.png","contentUrl":"https:\/\/stilanddesign.se\/wp-content\/uploads\/2023\/12\/output-onlinepngtools-e1727784413220.png","width":519,"height":135,"caption":"Stil &amp; Design"},"image":{"@id":"https:\/\/stilanddesign.se\/#\/schema\/logo\/image\/"}}]}},"_links":{"self":[{"href":"https:\/\/stilanddesign.se\/en\/wp-json\/wp\/v2\/product\/1027087","targetHints":{"allow":["GET"]}}],"collection":[{"href":"https:\/\/stilanddesign.se\/en\/wp-json\/wp\/v2\/product"}],"about":[{"href":"https:\/\/stilanddesign.se\/en\/wp-json\/wp\/v2\/types\/product"}],"replies":[{"embeddable":true,"href":"https:\/\/stilanddesign.se\/en\/wp-json\/wp\/v2\/comments?post=1027087"}],"wp:featuredmedia":[{"embeddable":true,"href":"https:\/\/stilanddesign.se\/en\/wp-json\/wp\/v2\/media\/1027080"}],"wp:attachment":[{"href":"https:\/\/stilanddesign.se\/en\/wp-json\/wp\/v2\/media?parent=1027087"}],"wp:term":[{"taxonomy":"product_brand","embeddable":true,"href":"https:\/\/stilanddesign.se\/en\/wp-json\/wp\/v2\/product_brand?post=1027087"},{"taxonomy":"product_cat","embeddable":true,"href":"https:\/\/stilanddesign.se\/en\/wp-json\/wp\/v2\/product_cat?post=1027087"},{"taxonomy":"product_tag","embeddable":true,"href":"https:\/\/stilanddesign.se\/en\/wp-json\/wp\/v2\/product_tag?post=1027087"}],"curies":[{"name":"wp","href":"https:\/\/api.w.org\/{rel}","templated":true}]}}