{"id":1025968,"date":"2025-02-07T09:59:43","date_gmt":"2025-02-07T08:59:43","guid":{"rendered":"https:\/\/stilanddesign.se\/?post_type=product&#038;p=1025968"},"modified":"2025-04-22T22:22:00","modified_gmt":"2025-04-22T20:22:00","slug":"fin-blus-med-rosor-pa-i-champagne","status":"publish","type":"product","link":"https:\/\/stilanddesign.se\/en\/product\/fin-blus-med-rosor-pa-i-champagne\/","title":{"rendered":"Nice blouse with roses in champagne"},"content":{"rendered":"<p>The top seller we all want! A unique blouse made in a fantastic fabric filled with voluminous roses that give an eye-catching blouse perfect for a party or a glam everyday look. Rounded neck and 3-quarter sleeves with puff. The sleeve ends with a soft elastic. Slightly rounded at the bottom.<\/p>\n<ul>\n<li>Also available in Black and Raspberry Red.<\/li>\n<li>Quality \u2013 100% polyester.<\/li>\n<li>Measures \u2013 56 cm from the shoulder in size M.<\/li>\n<li>The model is 170 cm and wears size S.<\/li>\n<\/ul>\n<h5><strong>\u00a0<\/strong><\/h5>\n<p>&nbsp;<\/p>\n<p>&nbsp;<\/p>\n<p>&nbsp;<\/p>\n<p>&nbsp;<\/p>","protected":false},"excerpt":{"rendered":"<p>&nbsp;<\/p>\n<p>The top seller we all want! A unique blouse made in a fantastic fabric filled with voluminous roses that give an eye-catching blouse perfect for a party or a glam everyday look. Rounded neck and 3-quarter sleeves with puff. The sleeve ends with a soft elastic. Slightly rounded at the bottom.<\/p>\n<ul>\n<li>Also available in Black and Raspberry Red.<\/li>\n<li>Quality \u2013 100% polyester.<\/li>\n<li>Measures \u2013 56 cm from the shoulder in size M.<\/li>\n<li>The model is 170 cm and wears size S.<\/li>\n<\/ul>\n<h5><strong>\u00a0<\/strong><\/h5>","protected":false},"featured_media":1025951,"comment_status":"closed","ping_status":"closed","template":"","meta":[],"product_brand":[],"product_cat":[211,222],"product_tag":[],"class_list":{"0":"post-1025968","1":"product","2":"type-product","3":"status-publish","4":"has-post-thumbnail","6":"product_cat-blusar","7":"product_cat-toppar-tischor","9":"first","10":"outofstock","11":"taxable","12":"shipping-taxable","13":"product-type-variable"},"yoast_head":"<!-- This site is optimized with the Yoast SEO Premium plugin v27.4 (Yoast SEO v27.5) - https:\/\/yoast.com\/product\/yoast-seo-premium-wordpress\/ -->\n<title>Fin blus med rosor p\u00e5 i champagne - Stil &amp; Design<\/title>\n<meta name=\"robots\" content=\"index, follow, max-snippet:-1, max-image-preview:large, max-video-preview:-1\" \/>\n<link rel=\"canonical\" href=\"https:\/\/stilanddesign.se\/en\/product\/fin-blus-med-rosor-pa-i-champagne\/\" \/>\n<meta property=\"og:locale\" content=\"en_US\" \/>\n<meta property=\"og:type\" content=\"article\" \/>\n<meta property=\"og:title\" content=\"Fin blus med rosor p\u00e5 i champagne\" \/>\n<meta property=\"og:description\" content=\"&nbsp;  Topps\u00e4ljaren vi alla vill ha! En unik blus gjord i ett fantastiskt tyg fyllt med volymi\u00f6sa rosor som ger en i \u00f6gonfallande blus perfekt till fest eller en glammig vardags-look. Rundad hals och 3-kvarts\u00e4rm med puff. \u00c4rmen avslutas med en mjukres\u00e5r. L\u00e4tt rundad i nederkant.   Finns \u00e4ven i f\u00e4rg Svart och Raspberry Red.  Kvalit\u00e9 \u2013 100% polyester.  M\u00e4ter \u2013 56 cm fr\u00e5n axeln i storlek M.  Modellen \u00e4r 170 cm och b\u00e4r storlek S.  \u00a0\" \/>\n<meta property=\"og:url\" content=\"https:\/\/stilanddesign.se\/en\/product\/fin-blus-med-rosor-pa-i-champagne\/\" \/>\n<meta property=\"og:site_name\" content=\"Stil &amp; Design\" \/>\n<meta property=\"article:modified_time\" content=\"2025-04-22T20:22:00+00:00\" \/>\n<meta property=\"og:image\" content=\"https:\/\/stilanddesign.se\/wp-content\/uploads\/2025\/01\/89876555555-1.jpg\" \/>\n\t<meta property=\"og:image:width\" content=\"900\" \/>\n\t<meta property=\"og:image:height\" content=\"1350\" \/>\n\t<meta property=\"og:image:type\" content=\"image\/jpeg\" \/>\n<meta name=\"twitter:card\" content=\"summary_large_image\" \/>\n<meta name=\"twitter:label1\" content=\"Est. reading time\" \/>\n\t<meta name=\"twitter:data1\" content=\"1 minute\" \/>\n<script type=\"application\/ld+json\" class=\"yoast-schema-graph\">{\"@context\":\"https:\\\/\\\/schema.org\",\"@graph\":[{\"@type\":\"WebPage\",\"@id\":\"https:\\\/\\\/stilanddesign.se\\\/produkt\\\/fin-blus-med-rosor-pa-i-champagne\\\/\",\"url\":\"https:\\\/\\\/stilanddesign.se\\\/produkt\\\/fin-blus-med-rosor-pa-i-champagne\\\/\",\"name\":\"Fin blus med rosor p\u00e5 i champagne - Stil &amp; Design\",\"isPartOf\":{\"@id\":\"https:\\\/\\\/stilanddesign.se\\\/#website\"},\"primaryImageOfPage\":{\"@id\":\"https:\\\/\\\/stilanddesign.se\\\/produkt\\\/fin-blus-med-rosor-pa-i-champagne\\\/#primaryimage\"},\"image\":{\"@id\":\"https:\\\/\\\/stilanddesign.se\\\/produkt\\\/fin-blus-med-rosor-pa-i-champagne\\\/#primaryimage\"},\"thumbnailUrl\":\"https:\\\/\\\/stilanddesign.se\\\/wp-content\\\/uploads\\\/2025\\\/01\\\/89876555555-1.jpg\",\"datePublished\":\"2025-02-07T08:59:43+00:00\",\"dateModified\":\"2025-04-22T20:22:00+00:00\",\"breadcrumb\":{\"@id\":\"https:\\\/\\\/stilanddesign.se\\\/produkt\\\/fin-blus-med-rosor-pa-i-champagne\\\/#breadcrumb\"},\"inLanguage\":\"en-US\",\"potentialAction\":[{\"@type\":\"ReadAction\",\"target\":[\"https:\\\/\\\/stilanddesign.se\\\/produkt\\\/fin-blus-med-rosor-pa-i-champagne\\\/\"]}]},{\"@type\":\"ImageObject\",\"inLanguage\":\"en-US\",\"@id\":\"https:\\\/\\\/stilanddesign.se\\\/produkt\\\/fin-blus-med-rosor-pa-i-champagne\\\/#primaryimage\",\"url\":\"https:\\\/\\\/stilanddesign.se\\\/wp-content\\\/uploads\\\/2025\\\/01\\\/89876555555-1.jpg\",\"contentUrl\":\"https:\\\/\\\/stilanddesign.se\\\/wp-content\\\/uploads\\\/2025\\\/01\\\/89876555555-1.jpg\",\"width\":900,\"height\":1350,\"caption\":\"Fin blus med rosor p\u00e5 i chamapgne\"},{\"@type\":\"BreadcrumbList\",\"@id\":\"https:\\\/\\\/stilanddesign.se\\\/produkt\\\/fin-blus-med-rosor-pa-i-champagne\\\/#breadcrumb\",\"itemListElement\":[{\"@type\":\"ListItem\",\"position\":1,\"name\":\"Hem\",\"item\":\"https:\\\/\\\/stilanddesign.se\\\/\"},{\"@type\":\"ListItem\",\"position\":2,\"name\":\"Butiken\",\"item\":\"https:\\\/\\\/stilanddesign.se\\\/butiken\\\/\"},{\"@type\":\"ListItem\",\"position\":3,\"name\":\"Fin blus med rosor p\u00e5 i champagne\"}]},{\"@type\":\"WebSite\",\"@id\":\"https:\\\/\\\/stilanddesign.se\\\/#website\",\"url\":\"https:\\\/\\\/stilanddesign.se\\\/\",\"name\":\"Stil &amp; Design\",\"description\":\"F\u00f6r oss som \u00e4lskar mode!\",\"publisher\":{\"@id\":\"https:\\\/\\\/stilanddesign.se\\\/#organization\"},\"potentialAction\":[{\"@type\":\"SearchAction\",\"target\":{\"@type\":\"EntryPoint\",\"urlTemplate\":\"https:\\\/\\\/stilanddesign.se\\\/?s={search_term_string}\"},\"query-input\":{\"@type\":\"PropertyValueSpecification\",\"valueRequired\":true,\"valueName\":\"search_term_string\"}}],\"inLanguage\":\"en-US\"},{\"@type\":\"Organization\",\"@id\":\"https:\\\/\\\/stilanddesign.se\\\/#organization\",\"name\":\"Stil &amp; Design\",\"url\":\"https:\\\/\\\/stilanddesign.se\\\/\",\"logo\":{\"@type\":\"ImageObject\",\"inLanguage\":\"en-US\",\"@id\":\"https:\\\/\\\/stilanddesign.se\\\/#\\\/schema\\\/logo\\\/image\\\/\",\"url\":\"https:\\\/\\\/stilanddesign.se\\\/wp-content\\\/uploads\\\/2023\\\/12\\\/output-onlinepngtools-e1727784413220.png\",\"contentUrl\":\"https:\\\/\\\/stilanddesign.se\\\/wp-content\\\/uploads\\\/2023\\\/12\\\/output-onlinepngtools-e1727784413220.png\",\"width\":519,\"height\":135,\"caption\":\"Stil &amp; Design\"},\"image\":{\"@id\":\"https:\\\/\\\/stilanddesign.se\\\/#\\\/schema\\\/logo\\\/image\\\/\"}}]}<\/script>\n<!-- \/ Yoast SEO Premium plugin. -->","yoast_head_json":{"title":"Fin blus med rosor p\u00e5 i champagne - Stil &amp; Design","robots":{"index":"index","follow":"follow","max-snippet":"max-snippet:-1","max-image-preview":"max-image-preview:large","max-video-preview":"max-video-preview:-1"},"canonical":"https:\/\/stilanddesign.se\/en\/product\/fin-blus-med-rosor-pa-i-champagne\/","og_locale":"en_US","og_type":"article","og_title":"Fin blus med rosor p\u00e5 i champagne","og_description":"&nbsp;  Topps\u00e4ljaren vi alla vill ha! En unik blus gjord i ett fantastiskt tyg fyllt med volymi\u00f6sa rosor som ger en i \u00f6gonfallande blus perfekt till fest eller en glammig vardags-look. Rundad hals och 3-kvarts\u00e4rm med puff. \u00c4rmen avslutas med en mjukres\u00e5r. L\u00e4tt rundad i nederkant.   Finns \u00e4ven i f\u00e4rg Svart och Raspberry Red.  Kvalit\u00e9 \u2013 100% polyester.  M\u00e4ter \u2013 56 cm fr\u00e5n axeln i storlek M.  Modellen \u00e4r 170 cm och b\u00e4r storlek S.  \u00a0","og_url":"https:\/\/stilanddesign.se\/en\/product\/fin-blus-med-rosor-pa-i-champagne\/","og_site_name":"Stil &amp; Design","article_modified_time":"2025-04-22T20:22:00+00:00","og_image":[{"width":900,"height":1350,"url":"https:\/\/stilanddesign.se\/wp-content\/uploads\/2025\/01\/89876555555-1.jpg","type":"image\/jpeg"}],"twitter_card":"summary_large_image","twitter_misc":{"Est. reading time":"1 minute"},"schema":{"@context":"https:\/\/schema.org","@graph":[{"@type":"WebPage","@id":"https:\/\/stilanddesign.se\/produkt\/fin-blus-med-rosor-pa-i-champagne\/","url":"https:\/\/stilanddesign.se\/produkt\/fin-blus-med-rosor-pa-i-champagne\/","name":"Fin blus med rosor p\u00e5 i champagne - Stil &amp; Design","isPartOf":{"@id":"https:\/\/stilanddesign.se\/#website"},"primaryImageOfPage":{"@id":"https:\/\/stilanddesign.se\/produkt\/fin-blus-med-rosor-pa-i-champagne\/#primaryimage"},"image":{"@id":"https:\/\/stilanddesign.se\/produkt\/fin-blus-med-rosor-pa-i-champagne\/#primaryimage"},"thumbnailUrl":"https:\/\/stilanddesign.se\/wp-content\/uploads\/2025\/01\/89876555555-1.jpg","datePublished":"2025-02-07T08:59:43+00:00","dateModified":"2025-04-22T20:22:00+00:00","breadcrumb":{"@id":"https:\/\/stilanddesign.se\/produkt\/fin-blus-med-rosor-pa-i-champagne\/#breadcrumb"},"inLanguage":"en-US","potentialAction":[{"@type":"ReadAction","target":["https:\/\/stilanddesign.se\/produkt\/fin-blus-med-rosor-pa-i-champagne\/"]}]},{"@type":"ImageObject","inLanguage":"en-US","@id":"https:\/\/stilanddesign.se\/produkt\/fin-blus-med-rosor-pa-i-champagne\/#primaryimage","url":"https:\/\/stilanddesign.se\/wp-content\/uploads\/2025\/01\/89876555555-1.jpg","contentUrl":"https:\/\/stilanddesign.se\/wp-content\/uploads\/2025\/01\/89876555555-1.jpg","width":900,"height":1350,"caption":"Fin blus med rosor p\u00e5 i chamapgne"},{"@type":"BreadcrumbList","@id":"https:\/\/stilanddesign.se\/produkt\/fin-blus-med-rosor-pa-i-champagne\/#breadcrumb","itemListElement":[{"@type":"ListItem","position":1,"name":"Hem","item":"https:\/\/stilanddesign.se\/"},{"@type":"ListItem","position":2,"name":"Butiken","item":"https:\/\/stilanddesign.se\/butiken\/"},{"@type":"ListItem","position":3,"name":"Fin blus med rosor p\u00e5 i champagne"}]},{"@type":"WebSite","@id":"https:\/\/stilanddesign.se\/#website","url":"https:\/\/stilanddesign.se\/","name":"Style &amp; Design","description":"For those of us who love fashion!","publisher":{"@id":"https:\/\/stilanddesign.se\/#organization"},"potentialAction":[{"@type":"SearchAction","target":{"@type":"EntryPoint","urlTemplate":"https:\/\/stilanddesign.se\/?s={search_term_string}"},"query-input":{"@type":"PropertyValueSpecification","valueRequired":true,"valueName":"search_term_string"}}],"inLanguage":"en-US"},{"@type":"Organization","@id":"https:\/\/stilanddesign.se\/#organization","name":"Style &amp; Design","url":"https:\/\/stilanddesign.se\/","logo":{"@type":"ImageObject","inLanguage":"en-US","@id":"https:\/\/stilanddesign.se\/#\/schema\/logo\/image\/","url":"https:\/\/stilanddesign.se\/wp-content\/uploads\/2023\/12\/output-onlinepngtools-e1727784413220.png","contentUrl":"https:\/\/stilanddesign.se\/wp-content\/uploads\/2023\/12\/output-onlinepngtools-e1727784413220.png","width":519,"height":135,"caption":"Stil &amp; Design"},"image":{"@id":"https:\/\/stilanddesign.se\/#\/schema\/logo\/image\/"}}]}},"_links":{"self":[{"href":"https:\/\/stilanddesign.se\/en\/wp-json\/wp\/v2\/product\/1025968","targetHints":{"allow":["GET"]}}],"collection":[{"href":"https:\/\/stilanddesign.se\/en\/wp-json\/wp\/v2\/product"}],"about":[{"href":"https:\/\/stilanddesign.se\/en\/wp-json\/wp\/v2\/types\/product"}],"replies":[{"embeddable":true,"href":"https:\/\/stilanddesign.se\/en\/wp-json\/wp\/v2\/comments?post=1025968"}],"wp:featuredmedia":[{"embeddable":true,"href":"https:\/\/stilanddesign.se\/en\/wp-json\/wp\/v2\/media\/1025951"}],"wp:attachment":[{"href":"https:\/\/stilanddesign.se\/en\/wp-json\/wp\/v2\/media?parent=1025968"}],"wp:term":[{"taxonomy":"product_brand","embeddable":true,"href":"https:\/\/stilanddesign.se\/en\/wp-json\/wp\/v2\/product_brand?post=1025968"},{"taxonomy":"product_cat","embeddable":true,"href":"https:\/\/stilanddesign.se\/en\/wp-json\/wp\/v2\/product_cat?post=1025968"},{"taxonomy":"product_tag","embeddable":true,"href":"https:\/\/stilanddesign.se\/en\/wp-json\/wp\/v2\/product_tag?post=1025968"}],"curies":[{"name":"wp","href":"https:\/\/api.w.org\/{rel}","templated":true}]}}