{"id":1025653,"date":"2026-01-22T09:30:12","date_gmt":"2026-01-22T08:30:12","guid":{"rendered":"https:\/\/stilanddesign.se\/?post_type=product&#038;p=1025653"},"modified":"2026-03-31T13:12:03","modified_gmt":"2026-03-31T11:12:03","slug":"harlig-blus-i-maroccoinspirerat-monster","status":"publish","type":"product","link":"https:\/\/stilanddesign.se\/en\/product\/harlig-blus-i-maroccoinspirerat-monster\/","title":{"rendered":"Lovely blouse in a Moroccan-inspired pattern"},"content":{"rendered":"<p>Voluminous blouse in trendy dobby with a striped effect, with a morocco-inspired pattern. Pretty neckline that opens down to the bust with buttons. Balloon sleeves with raglan shoulders and a narrow cuff with lots of gathers for volume as a finish. Loose fit that is slightly rounded at the bottom.<\/p>\n<ul>\n<li>Quality \u2013 100% polyester satin with striped dobby effect.<\/li>\n<li>Measures \u2013 67 cm front and 71 cm back from shoulder in size M.<\/li>\n<li>The model is 170 cm and wears size S.<\/li>\n<\/ul>\n<p>&nbsp;<\/p>","protected":false},"excerpt":{"rendered":"<p>Voluminous blouse in trendy dobby with a striped effect, with a morocco-inspired pattern. Pretty neckline that opens down to the bust with buttons. Balloon sleeves with raglan shoulders and a narrow cuff with lots of gathers for volume as a finish. Loose fit that is slightly rounded at the bottom.<\/p>\n<ul>\n<li>Quality \u2013 100% polyester satin with striped dobby effect.<\/li>\n<li>Measures \u2013 67 cm front and 71 cm back from shoulder in size M.<\/li>\n<li>The model is 170 cm and wears size S.<\/li>\n<\/ul>","protected":false},"featured_media":1025535,"comment_status":"closed","ping_status":"closed","template":"","meta":[],"product_brand":[],"product_cat":[211],"product_tag":[],"class_list":{"0":"post-1025653","1":"product","2":"type-product","3":"status-publish","4":"has-post-thumbnail","6":"product_cat-blusar","8":"first","9":"instock","10":"taxable","11":"shipping-taxable","12":"purchasable","13":"product-type-variable"},"yoast_head":"<!-- This site is optimized with the Yoast SEO Premium plugin v27.4 (Yoast SEO v27.4) - https:\/\/yoast.com\/product\/yoast-seo-premium-wordpress\/ -->\n<title>H\u00e4rlig blus i maroccoinspirerat m\u00f6nster - Stil &amp; Design<\/title>\n<meta name=\"robots\" content=\"index, follow, max-snippet:-1, max-image-preview:large, max-video-preview:-1\" \/>\n<link rel=\"canonical\" href=\"https:\/\/stilanddesign.se\/en\/product\/harlig-blus-i-maroccoinspirerat-monster\/\" \/>\n<meta property=\"og:locale\" content=\"en_US\" \/>\n<meta property=\"og:type\" content=\"article\" \/>\n<meta property=\"og:title\" content=\"H\u00e4rlig blus i maroccoinspirerat m\u00f6nster\" \/>\n<meta property=\"og:description\" content=\"Volymi\u00f6s blus i trendig dobby med randig effekt, med ett marocco-inspirerat m\u00f6nster. N\u00e4tt halsringning som \u00f6ppnar sig ned till bysten med knappar. Ballong\u00e4rm med raglanaxel och en smal manschett med mycket rynk f\u00f6r volym som avslut. Ledig passform som \u00e4r n\u00e5got rundad nertill.   Kvalit\u00e9 \u2013 100% polyester satin med randigt dobbyeffekt.  M\u00e4ter \u2013 67 cm fram och 71 cm bak fr\u00e5n axeln i storlek M.  Modellen \u00e4r 170 cm och b\u00e4r storlek S.\" \/>\n<meta property=\"og:url\" content=\"https:\/\/stilanddesign.se\/en\/product\/harlig-blus-i-maroccoinspirerat-monster\/\" \/>\n<meta property=\"og:site_name\" content=\"Stil &amp; Design\" \/>\n<meta property=\"article:modified_time\" content=\"2026-03-31T11:12:03+00:00\" \/>\n<meta property=\"og:image\" content=\"https:\/\/stilanddesign.se\/wp-content\/uploads\/2025\/01\/898788888.jpg\" \/>\n\t<meta property=\"og:image:width\" content=\"900\" \/>\n\t<meta property=\"og:image:height\" content=\"1350\" \/>\n\t<meta property=\"og:image:type\" content=\"image\/jpeg\" \/>\n<meta name=\"twitter:card\" content=\"summary_large_image\" \/>\n<meta name=\"twitter:label1\" content=\"Est. reading time\" \/>\n\t<meta name=\"twitter:data1\" content=\"1 minute\" \/>\n<script type=\"application\/ld+json\" class=\"yoast-schema-graph\">{\"@context\":\"https:\\\/\\\/schema.org\",\"@graph\":[{\"@type\":\"WebPage\",\"@id\":\"https:\\\/\\\/stilanddesign.se\\\/produkt\\\/harlig-blus-i-maroccoinspirerat-monster\\\/\",\"url\":\"https:\\\/\\\/stilanddesign.se\\\/produkt\\\/harlig-blus-i-maroccoinspirerat-monster\\\/\",\"name\":\"H\u00e4rlig blus i maroccoinspirerat m\u00f6nster - Stil &amp; Design\",\"isPartOf\":{\"@id\":\"https:\\\/\\\/stilanddesign.se\\\/#website\"},\"primaryImageOfPage\":{\"@id\":\"https:\\\/\\\/stilanddesign.se\\\/produkt\\\/harlig-blus-i-maroccoinspirerat-monster\\\/#primaryimage\"},\"image\":{\"@id\":\"https:\\\/\\\/stilanddesign.se\\\/produkt\\\/harlig-blus-i-maroccoinspirerat-monster\\\/#primaryimage\"},\"thumbnailUrl\":\"https:\\\/\\\/stilanddesign.se\\\/wp-content\\\/uploads\\\/2025\\\/01\\\/898788888.jpg\",\"datePublished\":\"2026-01-22T08:30:12+00:00\",\"dateModified\":\"2026-03-31T11:12:03+00:00\",\"breadcrumb\":{\"@id\":\"https:\\\/\\\/stilanddesign.se\\\/produkt\\\/harlig-blus-i-maroccoinspirerat-monster\\\/#breadcrumb\"},\"inLanguage\":\"en-US\",\"potentialAction\":[{\"@type\":\"ReadAction\",\"target\":[\"https:\\\/\\\/stilanddesign.se\\\/produkt\\\/harlig-blus-i-maroccoinspirerat-monster\\\/\"]}]},{\"@type\":\"ImageObject\",\"inLanguage\":\"en-US\",\"@id\":\"https:\\\/\\\/stilanddesign.se\\\/produkt\\\/harlig-blus-i-maroccoinspirerat-monster\\\/#primaryimage\",\"url\":\"https:\\\/\\\/stilanddesign.se\\\/wp-content\\\/uploads\\\/2025\\\/01\\\/898788888.jpg\",\"contentUrl\":\"https:\\\/\\\/stilanddesign.se\\\/wp-content\\\/uploads\\\/2025\\\/01\\\/898788888.jpg\",\"width\":900,\"height\":1350,\"caption\":\"Blus i maroccoinspirerat m\u00f6nster\"},{\"@type\":\"BreadcrumbList\",\"@id\":\"https:\\\/\\\/stilanddesign.se\\\/produkt\\\/harlig-blus-i-maroccoinspirerat-monster\\\/#breadcrumb\",\"itemListElement\":[{\"@type\":\"ListItem\",\"position\":1,\"name\":\"Hem\",\"item\":\"https:\\\/\\\/stilanddesign.se\\\/\"},{\"@type\":\"ListItem\",\"position\":2,\"name\":\"Butiken\",\"item\":\"https:\\\/\\\/stilanddesign.se\\\/butiken\\\/\"},{\"@type\":\"ListItem\",\"position\":3,\"name\":\"H\u00e4rlig blus i maroccoinspirerat m\u00f6nster\"}]},{\"@type\":\"WebSite\",\"@id\":\"https:\\\/\\\/stilanddesign.se\\\/#website\",\"url\":\"https:\\\/\\\/stilanddesign.se\\\/\",\"name\":\"Stil &amp; Design\",\"description\":\"F\u00f6r oss som \u00e4lskar mode!\",\"publisher\":{\"@id\":\"https:\\\/\\\/stilanddesign.se\\\/#organization\"},\"potentialAction\":[{\"@type\":\"SearchAction\",\"target\":{\"@type\":\"EntryPoint\",\"urlTemplate\":\"https:\\\/\\\/stilanddesign.se\\\/?s={search_term_string}\"},\"query-input\":{\"@type\":\"PropertyValueSpecification\",\"valueRequired\":true,\"valueName\":\"search_term_string\"}}],\"inLanguage\":\"en-US\"},{\"@type\":\"Organization\",\"@id\":\"https:\\\/\\\/stilanddesign.se\\\/#organization\",\"name\":\"Stil &amp; Design\",\"url\":\"https:\\\/\\\/stilanddesign.se\\\/\",\"logo\":{\"@type\":\"ImageObject\",\"inLanguage\":\"en-US\",\"@id\":\"https:\\\/\\\/stilanddesign.se\\\/#\\\/schema\\\/logo\\\/image\\\/\",\"url\":\"https:\\\/\\\/stilanddesign.se\\\/wp-content\\\/uploads\\\/2023\\\/12\\\/output-onlinepngtools-e1727784413220.png\",\"contentUrl\":\"https:\\\/\\\/stilanddesign.se\\\/wp-content\\\/uploads\\\/2023\\\/12\\\/output-onlinepngtools-e1727784413220.png\",\"width\":519,\"height\":135,\"caption\":\"Stil &amp; Design\"},\"image\":{\"@id\":\"https:\\\/\\\/stilanddesign.se\\\/#\\\/schema\\\/logo\\\/image\\\/\"}}]}<\/script>\n<!-- \/ Yoast SEO Premium plugin. -->","yoast_head_json":{"title":"H\u00e4rlig blus i maroccoinspirerat m\u00f6nster - Stil &amp; Design","robots":{"index":"index","follow":"follow","max-snippet":"max-snippet:-1","max-image-preview":"max-image-preview:large","max-video-preview":"max-video-preview:-1"},"canonical":"https:\/\/stilanddesign.se\/en\/product\/harlig-blus-i-maroccoinspirerat-monster\/","og_locale":"en_US","og_type":"article","og_title":"H\u00e4rlig blus i maroccoinspirerat m\u00f6nster","og_description":"Volymi\u00f6s blus i trendig dobby med randig effekt, med ett marocco-inspirerat m\u00f6nster. N\u00e4tt halsringning som \u00f6ppnar sig ned till bysten med knappar. Ballong\u00e4rm med raglanaxel och en smal manschett med mycket rynk f\u00f6r volym som avslut. Ledig passform som \u00e4r n\u00e5got rundad nertill.   Kvalit\u00e9 \u2013 100% polyester satin med randigt dobbyeffekt.  M\u00e4ter \u2013 67 cm fram och 71 cm bak fr\u00e5n axeln i storlek M.  Modellen \u00e4r 170 cm och b\u00e4r storlek S.","og_url":"https:\/\/stilanddesign.se\/en\/product\/harlig-blus-i-maroccoinspirerat-monster\/","og_site_name":"Stil &amp; Design","article_modified_time":"2026-03-31T11:12:03+00:00","og_image":[{"width":900,"height":1350,"url":"https:\/\/stilanddesign.se\/wp-content\/uploads\/2025\/01\/898788888.jpg","type":"image\/jpeg"}],"twitter_card":"summary_large_image","twitter_misc":{"Est. reading time":"1 minute"},"schema":{"@context":"https:\/\/schema.org","@graph":[{"@type":"WebPage","@id":"https:\/\/stilanddesign.se\/produkt\/harlig-blus-i-maroccoinspirerat-monster\/","url":"https:\/\/stilanddesign.se\/produkt\/harlig-blus-i-maroccoinspirerat-monster\/","name":"H\u00e4rlig blus i maroccoinspirerat m\u00f6nster - Stil &amp; Design","isPartOf":{"@id":"https:\/\/stilanddesign.se\/#website"},"primaryImageOfPage":{"@id":"https:\/\/stilanddesign.se\/produkt\/harlig-blus-i-maroccoinspirerat-monster\/#primaryimage"},"image":{"@id":"https:\/\/stilanddesign.se\/produkt\/harlig-blus-i-maroccoinspirerat-monster\/#primaryimage"},"thumbnailUrl":"https:\/\/stilanddesign.se\/wp-content\/uploads\/2025\/01\/898788888.jpg","datePublished":"2026-01-22T08:30:12+00:00","dateModified":"2026-03-31T11:12:03+00:00","breadcrumb":{"@id":"https:\/\/stilanddesign.se\/produkt\/harlig-blus-i-maroccoinspirerat-monster\/#breadcrumb"},"inLanguage":"en-US","potentialAction":[{"@type":"ReadAction","target":["https:\/\/stilanddesign.se\/produkt\/harlig-blus-i-maroccoinspirerat-monster\/"]}]},{"@type":"ImageObject","inLanguage":"en-US","@id":"https:\/\/stilanddesign.se\/produkt\/harlig-blus-i-maroccoinspirerat-monster\/#primaryimage","url":"https:\/\/stilanddesign.se\/wp-content\/uploads\/2025\/01\/898788888.jpg","contentUrl":"https:\/\/stilanddesign.se\/wp-content\/uploads\/2025\/01\/898788888.jpg","width":900,"height":1350,"caption":"Blus i maroccoinspirerat m\u00f6nster"},{"@type":"BreadcrumbList","@id":"https:\/\/stilanddesign.se\/produkt\/harlig-blus-i-maroccoinspirerat-monster\/#breadcrumb","itemListElement":[{"@type":"ListItem","position":1,"name":"Hem","item":"https:\/\/stilanddesign.se\/"},{"@type":"ListItem","position":2,"name":"Butiken","item":"https:\/\/stilanddesign.se\/butiken\/"},{"@type":"ListItem","position":3,"name":"H\u00e4rlig blus i maroccoinspirerat m\u00f6nster"}]},{"@type":"WebSite","@id":"https:\/\/stilanddesign.se\/#website","url":"https:\/\/stilanddesign.se\/","name":"Style &amp; Design","description":"For those of us who love fashion!","publisher":{"@id":"https:\/\/stilanddesign.se\/#organization"},"potentialAction":[{"@type":"SearchAction","target":{"@type":"EntryPoint","urlTemplate":"https:\/\/stilanddesign.se\/?s={search_term_string}"},"query-input":{"@type":"PropertyValueSpecification","valueRequired":true,"valueName":"search_term_string"}}],"inLanguage":"en-US"},{"@type":"Organization","@id":"https:\/\/stilanddesign.se\/#organization","name":"Style &amp; Design","url":"https:\/\/stilanddesign.se\/","logo":{"@type":"ImageObject","inLanguage":"en-US","@id":"https:\/\/stilanddesign.se\/#\/schema\/logo\/image\/","url":"https:\/\/stilanddesign.se\/wp-content\/uploads\/2023\/12\/output-onlinepngtools-e1727784413220.png","contentUrl":"https:\/\/stilanddesign.se\/wp-content\/uploads\/2023\/12\/output-onlinepngtools-e1727784413220.png","width":519,"height":135,"caption":"Stil &amp; Design"},"image":{"@id":"https:\/\/stilanddesign.se\/#\/schema\/logo\/image\/"}}]}},"_links":{"self":[{"href":"https:\/\/stilanddesign.se\/en\/wp-json\/wp\/v2\/product\/1025653","targetHints":{"allow":["GET"]}}],"collection":[{"href":"https:\/\/stilanddesign.se\/en\/wp-json\/wp\/v2\/product"}],"about":[{"href":"https:\/\/stilanddesign.se\/en\/wp-json\/wp\/v2\/types\/product"}],"replies":[{"embeddable":true,"href":"https:\/\/stilanddesign.se\/en\/wp-json\/wp\/v2\/comments?post=1025653"}],"wp:featuredmedia":[{"embeddable":true,"href":"https:\/\/stilanddesign.se\/en\/wp-json\/wp\/v2\/media\/1025535"}],"wp:attachment":[{"href":"https:\/\/stilanddesign.se\/en\/wp-json\/wp\/v2\/media?parent=1025653"}],"wp:term":[{"taxonomy":"product_brand","embeddable":true,"href":"https:\/\/stilanddesign.se\/en\/wp-json\/wp\/v2\/product_brand?post=1025653"},{"taxonomy":"product_cat","embeddable":true,"href":"https:\/\/stilanddesign.se\/en\/wp-json\/wp\/v2\/product_cat?post=1025653"},{"taxonomy":"product_tag","embeddable":true,"href":"https:\/\/stilanddesign.se\/en\/wp-json\/wp\/v2\/product_tag?post=1025653"}],"curies":[{"name":"wp","href":"https:\/\/api.w.org\/{rel}","templated":true}]}}